{"id":27330,"date":"2022-06-14T16:15:47","date_gmt":"2022-06-14T09:15:47","guid":{"rendered":"https:\/\/havamall.vn\/?post_type=product&#038;p=27330"},"modified":"2022-07-19T16:51:48","modified_gmt":"2022-07-19T09:51:48","slug":"muong-xoi-com-de-cung-sendai-inochi","status":"publish","type":"product","link":"https:\/\/havamall.vn\/en\/shop\/muong-xoi-com-de-cung-sendai-inochi\/","title":{"rendered":"Mu\u1ed7ng X\u1edbi C\u01a1m \u0110\u1ebf \u0110\u1ee9ng Sendai Inochi"},"content":{"rendered":"<p>Inochi l\u00e0 th\u01b0\u01a1ng hi\u1ec7u gia d\u1ee5ng cao c\u1ea5p Vi\u1ec7t Nam, \u0111\u01b0\u1ee3c thi\u1ebft k\u1ebf v\u00e0 s\u1ea3n xu\u1ea5t theo phong c\u00e1ch v\u00e0 ti\u00eau chu\u1ea9n Nh\u1eadt B\u1ea3n. 100% s\u1ea3n ph\u1ea9m c\u1ee7a Inochi \u0111\u01b0\u1ee3c l\u00e0m t\u1eeb ch\u1ea5t li\u1ec7u nh\u1ef1a nguy\u00ean sinh cao c\u1ea5p theo quy tr\u00ecnh chu\u1ea9n ISO 9001, kh\u00f4ng ch\u1ee9a BPA, \u0111\u1ea1t ch\u1ee9ng nh\u1eadn an to\u00e0n c\u1ee7a b\u1ed9 y t\u1ebf, \u0111\u1ea3m b\u1ea3o \u0111i\u1ec1u ki\u1ec7n xu\u1ea5t kh\u1ea9u sang nh\u1eefng th\u1ecb tr\u01b0\u1eddng kh\u00f3 t\u00ednh nh\u1ea5t nh\u01b0 M\u1ef9, EU, Nh\u1eadt B\u1ea3n\u2026<\/p>\n<p>Th\u01b0\u01a1ng hi\u1ec7u Inochi \u0111\u01b0\u1ee3c ph\u00e1t tri\u1ec3n b\u1edfi C\u00f4ng Ty C\u1ed5 Ph\u1ea7n T\u00e2n Ph\u00fa Vi\u1ec7t Nam v\u1edbi h\u01a1n 40 n\u0103m kinh nghi\u1ec7m trong ng\u00e0nh s\u1ea3n xu\u1ea5t.<\/p>\n<p>C\u00e1c s\u1ea3n ph\u1ea9m c\u1ee7a Inochi r\u1ea5t \u0111a d\u1ea1ng, ph\u1ee5c v\u1ee5 t\u1ed1i \u0111a m\u1ecdi nhu c\u1ea7u trong cu\u1ed9c s\u1ed1ng h\u00e0ng ng\u00e0y nh\u01b0: k\u1ec7 nh\u1ef1a \u2013 gi\u1ecf nh\u1ef1a, th\u00f9ng r\u00e1c, c\u00e1c lo\u1ea1i thau r\u1ed5 \u2013 \u0111\u1ed3 ti\u1ec7n \u00edch, h\u1ed9p \u0111\u1ef1ng th\u1ef1c ph\u1ea9m, m\u00f3c \u00e1o, m\u00e0ng \u2013 t\u00fai, c\u00e1c s\u1ea3n ph\u1ea9m cho m\u1eb9 v\u00e0 b\u00e9, d\u1ee5ng c\u1ee5 v\u1ec7 sinh v\u00e0 c\u00e1c lo\u1ea1i h\u1ed9p c\u01a1m, c\u1ed1c gi\u1eef nhi\u1ec7t nh\u1eadp kh\u1ea9u tr\u1ef1c ti\u1ebfp t\u1eeb th\u01b0\u01a1ng hi\u1ec7u Asvel \u2013 Nh\u1eadt B\u1ea3n.<\/p>\n<p><img fetchpriority=\"high\" decoding=\"async\" class=\"wp-image-27299 aligncenter\" src=\"https:\/\/havamall.vn\/wp-content\/uploads\/2022\/06\/278505147-300x300.png\" alt=\"\" width=\"607\" height=\"607\" srcset=\"https:\/\/havamall.vn\/wp-content\/uploads\/2022\/06\/278505147-300x300.png 300w, https:\/\/havamall.vn\/wp-content\/uploads\/2022\/06\/278505147-430x430.png 430w, https:\/\/havamall.vn\/wp-content\/uploads\/2022\/06\/278505147-150x150.png 150w, https:\/\/havamall.vn\/wp-content\/uploads\/2022\/06\/278505147-700x700.png 700w, https:\/\/havamall.vn\/wp-content\/uploads\/2022\/06\/278505147-768x768.png 768w, https:\/\/havamall.vn\/wp-content\/uploads\/2022\/06\/278505147-1024x1024.png 1024w, https:\/\/havamall.vn\/wp-content\/uploads\/2022\/06\/278505147.png 1200w, https:\/\/havamall.vn\/wp-content\/uploads\/2022\/06\/278505147-600x600.png 600w, https:\/\/havamall.vn\/wp-content\/uploads\/2022\/06\/278505147-100x100.png 100w\" sizes=\"(max-width: 607px) 100vw, 607px\" \/><\/p>\n<p>Mu\u1ed7ng x\u1edbi c\u01a1m \u0111\u1ebf c\u1ee9ng Sendai phong c\u00e1ch t\u1ed1i gi\u1ea3n s\u1ebd mang t\u1edbi cho kh\u00f4ng gian s\u1ed1ng c\u1ee7a nh\u00e0 b\u1ea1n v\u1ebb \u0111\u1eb9p tinh t\u1ebf, g\u1ecdn g\u00e0ng h\u01a1n. Sendai \u2013 T\u00ean th\u00e0nh ph\u1ed1 n\u1eb1m trong v\u1ef1a g\u1ea1o n\u1ed5i ti\u1ebfng c\u1ee7a Nh\u1eadt B\u1ea3n. \u0110\u00f3 c\u0169ng l\u00e0 c\u1ea3m h\u1ee9ng \u0111\u1ec3 Inochi \u0111\u1eb7t t\u00ean cho s\u1ea3n ph\u1ea9m mu\u1ed7ng x\u1edbi c\u01a1m \u0111\u1ebf \u0111\u1ee9ng.<\/p>\n<p>Mu\u1ed7ng x\u1edbi c\u01a1m Inochi\u00a0v\u1edbi ch\u1ea5t li\u1ec7u cao c\u1ea5p, mang t\u00ednh th\u1ea9m m\u1ef9 cao.\u00a0Mu\u1ed7ng x\u1edbi c\u01a1m\u00a0v\u1edbi th\u00e0nh ph\u1ea7n nh\u1ef1a PP nguy\u00ean sinh, h\u1ea1t m\u00e0u, ph\u1ee5 gia kh\u00e1ng khu\u1ea9n Ag+, d\u00f9ng \u0111\u1ec3 x\u1edbi c\u01a1m d\u1ec5 d\u00e0ng.\u00a0Mu\u1ed7ng x\u1edbi c\u01a1m \u0111\u1ebf \u0111\u1ee9ng Inochi Sendai\u00a0ch\u1ecbu nhi\u1ec7t t\u1ed1t, kh\u00f4ng b\u1ecb cong v\u00eanh, bi\u1ebfn d\u1ea1ng<\/p>\n<p><img decoding=\"async\" class=\"wp-image-27332 aligncenter\" src=\"https:\/\/havamall.vn\/wp-content\/uploads\/2022\/06\/175707145_3109296865957189_763104730853302590_n-300x200.jpg\" alt=\"\" width=\"612\" height=\"408\" srcset=\"https:\/\/havamall.vn\/wp-content\/uploads\/2022\/06\/175707145_3109296865957189_763104730853302590_n-300x200.jpg 300w, https:\/\/havamall.vn\/wp-content\/uploads\/2022\/06\/175707145_3109296865957189_763104730853302590_n-430x287.jpg 430w, https:\/\/havamall.vn\/wp-content\/uploads\/2022\/06\/175707145_3109296865957189_763104730853302590_n-150x100.jpg 150w, https:\/\/havamall.vn\/wp-content\/uploads\/2022\/06\/175707145_3109296865957189_763104730853302590_n-700x467.jpg 700w, https:\/\/havamall.vn\/wp-content\/uploads\/2022\/06\/175707145_3109296865957189_763104730853302590_n-768x512.jpg 768w, https:\/\/havamall.vn\/wp-content\/uploads\/2022\/06\/175707145_3109296865957189_763104730853302590_n-1024x683.jpg 1024w, https:\/\/havamall.vn\/wp-content\/uploads\/2022\/06\/175707145_3109296865957189_763104730853302590_n-1200x800.jpg 1200w, https:\/\/havamall.vn\/wp-content\/uploads\/2022\/06\/175707145_3109296865957189_763104730853302590_n-600x400.jpg 600w, https:\/\/havamall.vn\/wp-content\/uploads\/2022\/06\/175707145_3109296865957189_763104730853302590_n.jpg 2048w\" sizes=\"(max-width: 612px) 100vw, 612px\" \/><\/p>\n<h3><strong>\u01afU \u0110I\u1ec2M S\u1ea2N PH\u1ea8M:<\/strong><\/h3>\n<ul>\n<li>Ch\u1ea5t li\u1ec7u nh\u1ef1a nguy\u00ean sinh cao c\u1ea5p, kh\u00f4ng ch\u1ee9a BPA, an to\u00e0n cho s\u1ee9c kho\u1ebb.<\/li>\n<li>Ch\u1ecbu nhi\u1ec7t t\u1ed1t kh\u00f4ng b\u1ecb cong v\u00eanh bi\u1ebfn d\u1ea1ng.<\/li>\n<li>Thi\u1ebft k\u1ebf sang tr\u1ecdng, b\u1ec1 r\u1ed9ng c\u1ee7a mu\u1ed7ng h\u1ee3p l\u00ed, thi\u1ebft k\u1ebf nh\u1ecf g\u1ecdn ti\u1ec7n l\u1ee3i, d\u1ec5 s\u1eed d\u1ee5ng.<\/li>\n<li>Gi\u00fap ch\u1ed1ng b\u00e1m b\u1ea9n, gi\u1eef v\u1ec7 sinh.<\/li>\n<li>C\u00f3 kh\u1ea3 n\u0103ng ch\u1ed1ng d\u00ednh \u0111\u1ec9nh cao, kh\u00f4ng h\u1ec1 d\u00ednh d\u00f9 ch\u1ec9 m\u1ed9t h\u1ea1t c\u01a1m l\u00ean mu\u1ed7ng.<\/li>\n<\/ul>\n<p>S\u1ea3n ph\u1ea9m hi\u1ec7n \u0111\u00e3 c\u00f3 m\u1eb7t t\u1ea1i Havamall.<\/p>\n<p><img decoding=\"async\" class=\"wp-image-27333 aligncenter\" src=\"https:\/\/havamall.vn\/wp-content\/uploads\/2022\/06\/3-300x200.png\" alt=\"\" width=\"636\" height=\"424\" srcset=\"https:\/\/havamall.vn\/wp-content\/uploads\/2022\/06\/3-300x200.png 300w, https:\/\/havamall.vn\/wp-content\/uploads\/2022\/06\/3-430x287.png 430w, https:\/\/havamall.vn\/wp-content\/uploads\/2022\/06\/3-150x100.png 150w, https:\/\/havamall.vn\/wp-content\/uploads\/2022\/06\/3-700x467.png 700w, https:\/\/havamall.vn\/wp-content\/uploads\/2022\/06\/3-768x512.png 768w, https:\/\/havamall.vn\/wp-content\/uploads\/2022\/06\/3-1024x683.png 1024w, https:\/\/havamall.vn\/wp-content\/uploads\/2022\/06\/3-1200x800.png 1200w, https:\/\/havamall.vn\/wp-content\/uploads\/2022\/06\/3-600x400.png 600w\" sizes=\"(max-width: 636px) 100vw, 636px\" \/><\/p>","protected":false},"excerpt":{"rendered":"<p>Inochi l\u00e0 th\u01b0\u01a1ng hi\u1ec7u gia d\u1ee5ng cao c\u1ea5p Vi\u1ec7t Nam, \u0111\u01b0\u1ee3c thi\u1ebft k\u1ebf v\u00e0 s\u1ea3n xu\u1ea5t theo phong c\u00e1ch v\u00e0<\/p>","protected":false},"featured_media":27334,"comment_status":"open","ping_status":"closed","template":"","meta":[],"product_brand":[],"product_cat":[393,35],"product_tag":[],"class_list":{"0":"post-27330","1":"product","2":"type-product","3":"status-publish","4":"has-post-thumbnail","6":"product_cat-bep-phong-an","7":"product_cat-nha-cua-doi-song","8":"pa_brand-inochi","10":"first","11":"instock","12":"sale","13":"shipping-taxable","14":"purchasable","15":"product-type-simple"},"_links":{"self":[{"href":"https:\/\/havamall.vn\/en\/wp-json\/wp\/v2\/product\/27330"}],"collection":[{"href":"https:\/\/havamall.vn\/en\/wp-json\/wp\/v2\/product"}],"about":[{"href":"https:\/\/havamall.vn\/en\/wp-json\/wp\/v2\/types\/product"}],"replies":[{"embeddable":true,"href":"https:\/\/havamall.vn\/en\/wp-json\/wp\/v2\/comments?post=27330"}],"version-history":[{"count":0,"href":"https:\/\/havamall.vn\/en\/wp-json\/wp\/v2\/product\/27330\/revisions"}],"wp:featuredmedia":[{"embeddable":true,"href":"https:\/\/havamall.vn\/en\/wp-json\/wp\/v2\/media\/27334"}],"wp:attachment":[{"href":"https:\/\/havamall.vn\/en\/wp-json\/wp\/v2\/media?parent=27330"}],"wp:term":[{"taxonomy":"product_brand","embeddable":true,"href":"https:\/\/havamall.vn\/en\/wp-json\/wp\/v2\/product_brand?post=27330"},{"taxonomy":"product_cat","embeddable":true,"href":"https:\/\/havamall.vn\/en\/wp-json\/wp\/v2\/product_cat?post=27330"},{"taxonomy":"product_tag","embeddable":true,"href":"https:\/\/havamall.vn\/en\/wp-json\/wp\/v2\/product_tag?post=27330"}],"curies":[{"name":"wp","href":"https:\/\/api.w.org\/{rel}","templated":true}]}}