{"id":27324,"date":"2022-06-14T15:40:07","date_gmt":"2022-06-14T08:40:07","guid":{"rendered":"https:\/\/havamall.vn\/?post_type=product&#038;p=27324"},"modified":"2022-06-16T16:27:15","modified_gmt":"2022-06-16T09:27:15","slug":"dung-cu-cao-luoi-okina-dau-tam-giac-inochi-bo-3-cai","status":"publish","type":"product","link":"https:\/\/havamall.vn\/en\/shop\/dung-cu-cao-luoi-okina-dau-tam-giac-inochi-bo-3-cai\/","title":{"rendered":"D\u1ee5ng C\u1ee5 C\u1ea1o L\u01b0\u1ee1i Okina \u0110\u1ea7u Tam Gi\u00e1c Inochi B\u1ed9 3 C\u00e1i"},"content":{"rendered":"<p>Inochi l\u00e0 th\u01b0\u01a1ng hi\u1ec7u gia d\u1ee5ng cao c\u1ea5p Vi\u1ec7t Nam, \u0111\u01b0\u1ee3c thi\u1ebft k\u1ebf v\u00e0 s\u1ea3n xu\u1ea5t theo phong c\u00e1ch v\u00e0 ti\u00eau chu\u1ea9n Nh\u1eadt B\u1ea3n. 100% s\u1ea3n ph\u1ea9m c\u1ee7a Inochi \u0111\u01b0\u1ee3c l\u00e0m t\u1eeb ch\u1ea5t li\u1ec7u nh\u1ef1a nguy\u00ean sinh cao c\u1ea5p theo quy tr\u00ecnh chu\u1ea9n ISO 9001, kh\u00f4ng ch\u1ee9a BPA, \u0111\u1ea1t ch\u1ee9ng nh\u1eadn an to\u00e0n c\u1ee7a b\u1ed9 y t\u1ebf, \u0111\u1ea3m b\u1ea3o \u0111i\u1ec1u ki\u1ec7n xu\u1ea5t kh\u1ea9u sang nh\u1eefng th\u1ecb tr\u01b0\u1eddng kh\u00f3 t\u00ednh nh\u1ea5t nh\u01b0 M\u1ef9, EU, Nh\u1eadt B\u1ea3n\u2026<\/p>\n<p>Th\u01b0\u01a1ng hi\u1ec7u Inochi \u0111\u01b0\u1ee3c ph\u00e1t tri\u1ec3n b\u1edfi C\u00f4ng Ty C\u1ed5 Ph\u1ea7n T\u00e2n Ph\u00fa Vi\u1ec7t Nam v\u1edbi h\u01a1n 40 n\u0103m kinh nghi\u1ec7m trong ng\u00e0nh s\u1ea3n xu\u1ea5t.<\/p>\n<p>C\u00e1c s\u1ea3n ph\u1ea9m c\u1ee7a Inochi r\u1ea5t \u0111a d\u1ea1ng, ph\u1ee5c v\u1ee5 t\u1ed1i \u0111a m\u1ecdi nhu c\u1ea7u trong cu\u1ed9c s\u1ed1ng h\u00e0ng ng\u00e0y nh\u01b0: k\u1ec7 nh\u1ef1a \u2013 gi\u1ecf nh\u1ef1a, th\u00f9ng r\u00e1c, c\u00e1c lo\u1ea1i thau r\u1ed5 \u2013 \u0111\u1ed3 ti\u1ec7n \u00edch, h\u1ed9p \u0111\u1ef1ng th\u1ef1c ph\u1ea9m, m\u00f3c \u00e1o, m\u00e0ng \u2013 t\u00fai, c\u00e1c s\u1ea3n ph\u1ea9m cho m\u1eb9 v\u00e0 b\u00e9, d\u1ee5ng c\u1ee5 v\u1ec7 sinh v\u00e0 c\u00e1c lo\u1ea1i h\u1ed9p c\u01a1m, c\u1ed1c gi\u1eef nhi\u1ec7t nh\u1eadp kh\u1ea9u tr\u1ef1c ti\u1ebfp t\u1eeb th\u01b0\u01a1ng hi\u1ec7u Asvel \u2013 Nh\u1eadt B\u1ea3n.<\/p>\n<p><img fetchpriority=\"high\" decoding=\"async\" class=\"wp-image-27299 aligncenter\" src=\"https:\/\/havamall.vn\/wp-content\/uploads\/2022\/06\/278505147-300x300.png\" alt=\"\" width=\"607\" height=\"607\" srcset=\"https:\/\/havamall.vn\/wp-content\/uploads\/2022\/06\/278505147-300x300.png 300w, https:\/\/havamall.vn\/wp-content\/uploads\/2022\/06\/278505147-430x430.png 430w, https:\/\/havamall.vn\/wp-content\/uploads\/2022\/06\/278505147-150x150.png 150w, https:\/\/havamall.vn\/wp-content\/uploads\/2022\/06\/278505147-700x700.png 700w, https:\/\/havamall.vn\/wp-content\/uploads\/2022\/06\/278505147-768x768.png 768w, https:\/\/havamall.vn\/wp-content\/uploads\/2022\/06\/278505147-1024x1024.png 1024w, https:\/\/havamall.vn\/wp-content\/uploads\/2022\/06\/278505147.png 1200w, https:\/\/havamall.vn\/wp-content\/uploads\/2022\/06\/278505147-600x600.png 600w, https:\/\/havamall.vn\/wp-content\/uploads\/2022\/06\/278505147-100x100.png 100w\" sizes=\"(max-width: 607px) 100vw, 607px\" \/><\/p>\n<p>Ch\u0103m s\u00f3c s\u1ee9c kh\u1ecfe r\u0103ng mi\u1ec7ng l\u00e0 m\u1ed9t ph\u1ea7n t\u1ea5t y\u1ebfu trong cu\u1ed9c s\u1ed1ng h\u00e0ng ng\u00e0y c\u1ee7a t\u1ea5t c\u1ea3 ch\u00fang ta. C\u00e1c nha s\u0129 \u0111\u00e3 ch\u1ec9 ra r\u1eb1ng c\u1ea1o l\u01b0\u1ee1i ch\u00ednh l\u00e0 m\u1ed9t trong nh\u1eefng vi\u1ec7c l\u00e0m c\u1ea7n thi\u1ebft \u0111\u1ec3 b\u1ea3o v\u1ec7 b\u1ea1n kh\u1ecfi vi khu\u1ea9n v\u00e0 c\u00e1c b\u1ec7nh r\u0103ng mi\u1ec7ng.<\/p>\n<p>D\u1ee5ng c\u1ee5 c\u1ea1o l\u01b0\u1ee1i Okina \u0111\u01b0\u1ee3c thi\u1ebft k\u1ebf chuy\u00ean bi\u1ec7t, ph\u00f9 h\u1ee3p v\u1edbi khoang mi\u1ec7ng c\u1ee7a ng\u01b0\u1eddi ch\u00e2u \u00c1. C\u00e1c s\u1ea3n ph\u1ea9m \u0111\u01b0\u1ee3c l\u00e0m t\u1eeb nh\u1ef1a nguy\u00ean sinh cao c\u1ea5p, v\u1edbi \u0111a d\u1ea1ng ki\u1ec3u d\u00e1ng, k\u00edch th\u01b0\u1edbc, mang \u0111\u1ebfn s\u1ef1 an to\u00e0n, tho\u1ea3i m\u00e1i nh\u1ea5t cho ng\u01b0\u1eddi s\u1eed d\u1ee5ng.<\/p>\n<p><img decoding=\"async\" class=\"wp-image-27325 aligncenter\" src=\"https:\/\/havamall.vn\/wp-content\/uploads\/2022\/06\/279624009-300x300.png\" alt=\"\" width=\"618\" height=\"618\" srcset=\"https:\/\/havamall.vn\/wp-content\/uploads\/2022\/06\/279624009-300x300.png 300w, https:\/\/havamall.vn\/wp-content\/uploads\/2022\/06\/279624009-430x430.png 430w, https:\/\/havamall.vn\/wp-content\/uploads\/2022\/06\/279624009-150x150.png 150w, https:\/\/havamall.vn\/wp-content\/uploads\/2022\/06\/279624009-700x700.png 700w, https:\/\/havamall.vn\/wp-content\/uploads\/2022\/06\/279624009-768x768.png 768w, https:\/\/havamall.vn\/wp-content\/uploads\/2022\/06\/279624009-1024x1024.png 1024w, https:\/\/havamall.vn\/wp-content\/uploads\/2022\/06\/279624009-600x600.png 600w, https:\/\/havamall.vn\/wp-content\/uploads\/2022\/06\/279624009-100x100.png 100w, https:\/\/havamall.vn\/wp-content\/uploads\/2022\/06\/279624009.png 1081w\" sizes=\"(max-width: 618px) 100vw, 618px\" \/><\/p>\n<p>D\u1ee5ng c\u1ee5 c\u1ea1o l\u01b0\u1ee1i Okina\u00a0\u0111\u01b0\u1ee3c thi\u1ebft k\u1ebf th\u00f4ng minh v\u00e0 d\u1ec5 d\u00e0ng s\u1eed d\u1ee5ng, gi\u00fap nhanh ch\u00f3ng lo\u1ea1i b\u1ecf c\u00e1c ph\u1ea7n t\u1eed th\u1eeba, bao g\u1ed3m c\u1ea3 nh\u1eefng ph\u1ea7n t\u1eed g\u00e2y h\u00f4i mi\u1ec7ng kh\u1ecfi b\u1ec1 m\u1eb7t l\u01b0\u1ee1i c\u1ee7a b\u1ea1n.<\/p>\n<p>D\u1ee5ng c\u1ee5 c\u1ea1o l\u01b0\u1ee1i Okina\u00a0l\u00e0 m\u1ed9t trong s\u1ea3n ph\u1ea9m ch\u0103m s\u00f3c r\u0103ng mi\u1ec7ng r\u1ea5t c\u01a1 b\u1ea3n \u0111\u1ec3 lo\u1ea1i b\u1ecf vi khu\u1ea9n v\u00e0 nh\u1eefng m\u1ea3nh th\u1ee9c \u0103n th\u1eeba c\u00f2n b\u00e1m tr\u00ean l\u01b0\u1ee1i, gi\u00fap b\u1ea3o v\u1ec7 s\u1ee9c kh\u1ecfe r\u0103ng mi\u1ec7ng cho b\u1ea1n.<\/p>\n<p><img decoding=\"async\" class=\"wp-image-27326 aligncenter\" src=\"https:\/\/havamall.vn\/wp-content\/uploads\/2022\/06\/dce3bb865f-300x300.jpg\" alt=\"\" width=\"618\" height=\"618\" srcset=\"https:\/\/havamall.vn\/wp-content\/uploads\/2022\/06\/dce3bb865f-300x300.jpg 300w, https:\/\/havamall.vn\/wp-content\/uploads\/2022\/06\/dce3bb865f-430x430.jpg 430w, https:\/\/havamall.vn\/wp-content\/uploads\/2022\/06\/dce3bb865f-150x150.jpg 150w, https:\/\/havamall.vn\/wp-content\/uploads\/2022\/06\/dce3bb865f-700x700.jpg 700w, https:\/\/havamall.vn\/wp-content\/uploads\/2022\/06\/dce3bb865f-768x768.jpg 768w, https:\/\/havamall.vn\/wp-content\/uploads\/2022\/06\/dce3bb865f-600x600.jpg 600w, https:\/\/havamall.vn\/wp-content\/uploads\/2022\/06\/dce3bb865f-100x100.jpg 100w, https:\/\/havamall.vn\/wp-content\/uploads\/2022\/06\/dce3bb865f.jpg 1024w\" sizes=\"(max-width: 618px) 100vw, 618px\" \/><\/p>\n<h3><strong>\u0110\u1eb6C \u0110I\u1ec2M N\u1ed4I B\u1eacT: <\/strong><\/h3>\n<p>&#8211; Thi\u1ebft k\u1ebf th\u00f4ng minh d\u1ec5 d\u00e0ng cho vi\u1ec7c s\u1eed d\u1ee5ng.<\/p>\n<p>&#8211; Ki\u1ec3u d\u00e1ng hi\u1ec7n \u0111\u1ea1i v\u00e0 s\u1eed d\u1ee5ng h\u00e0ng ng\u00e0y.<\/p>\n<p>&#8211; S\u1eed d\u1ee5ng d\u1ee5ng c\u1ee5 c\u1ea1o l\u01b0\u1ee1i c\u00f3 th\u1ec3 gi\u00fap lo\u1ea1i b\u1ecf s\u1ef1 t\u00edch t\u1ee5 vi khu\u1ea9n v\u00e0 m\u1ea3nh v\u1ee5n th\u1ee9c \u0103n n\u00e0y.<\/p>\n<p>&#8211; Gi\u00fap c\u1ea3i thi\u1ec7n v\u1ecb gi\u00e1c, s\u1ee9c kh\u1ecfe c\u1ee7a l\u01b0\u1ee1i, lo\u1ea1i b\u1ecf vi khu\u1ea9n, c\u1ea3i thi\u1ec7n s\u1ee9c kh\u1ecfe t\u1ed5ng th\u1ec3 v\u00e0 gi\u1ea3m h\u00f4i mi\u1ec7ng gi\u00fap b\u1ea1n t\u1ef1 tin h\u01a1n trong giao ti\u1ebfp. C\u1ea1o l\u01b0\u1ee1i D\u1ee5ng c\u1ee5 v\u1ec7 sinh l\u01b0\u1ee1i Okina lo\u1ea1i vu\u00f4ng cao c\u1ea5p C\u00e2y c\u1ea1o l\u01b0\u1ee1i l\u00e0m s\u1ea1ch lo\u1ea1i b\u1ecf h\u00f4i mi\u1ec7ng<\/p>\n<p><img loading=\"lazy\" decoding=\"async\" class=\"wp-image-27327 aligncenter\" src=\"https:\/\/havamall.vn\/wp-content\/uploads\/2022\/06\/3431aaf9898707-300x300.png\" alt=\"\" width=\"615\" height=\"615\" srcset=\"https:\/\/havamall.vn\/wp-content\/uploads\/2022\/06\/3431aaf9898707-300x300.png 300w, https:\/\/havamall.vn\/wp-content\/uploads\/2022\/06\/3431aaf9898707-430x430.png 430w, https:\/\/havamall.vn\/wp-content\/uploads\/2022\/06\/3431aaf9898707-150x150.png 150w, https:\/\/havamall.vn\/wp-content\/uploads\/2022\/06\/3431aaf9898707-700x700.png 700w, https:\/\/havamall.vn\/wp-content\/uploads\/2022\/06\/3431aaf9898707-768x768.png 768w, https:\/\/havamall.vn\/wp-content\/uploads\/2022\/06\/3431aaf9898707-600x600.png 600w, https:\/\/havamall.vn\/wp-content\/uploads\/2022\/06\/3431aaf9898707-100x100.png 100w, https:\/\/havamall.vn\/wp-content\/uploads\/2022\/06\/3431aaf9898707.png 900w\" sizes=\"(max-width: 615px) 100vw, 615px\" \/><\/p>\n<h3><strong>H\u01af\u1edaNG D\u1eaaN S\u1eec D\u1ee4NG: <\/strong><\/h3>\n<p>&#8211; \u0110\u01b0a l\u01b0\u1ee1i ra tr\u01b0\u1edbc, \u0111\u1eb7t \u0111\u1ea7u d\u1ee5ng c\u1ee5 v\u00e0o gi\u1eefa l\u01b0\u1ee1i v\u00e0 nh\u1eb9 nh\u00e0ng ch\u1ea3i d\u1ecdc theo l\u01b0\u1ee1i \u0111\u1ebfn khi s\u1ea1ch.<\/p>\n<p>&#8211; Ch\u1ed1ng ch\u1ec9 \u0111\u1ecbnh: Kh\u00f4ng d\u00f9ng cho ng\u01b0\u1eddi \u0111ang b\u1ecb c\u00e1c b\u1ec7nh l\u00fd \u1edf l\u01b0\u1ee1i.<\/p>\n<p>S\u1ea3n ph\u1ea9m hi\u1ec7n \u0111\u00e3 c\u00f3 m\u1eb7t t\u1ea1i Havamall.<\/p>","protected":false},"excerpt":{"rendered":"<p>Inochi l\u00e0 th\u01b0\u01a1ng hi\u1ec7u gia d\u1ee5ng cao c\u1ea5p Vi\u1ec7t Nam, \u0111\u01b0\u1ee3c thi\u1ebft k\u1ebf v\u00e0 s\u1ea3n xu\u1ea5t theo phong c\u00e1ch v\u00e0<\/p>","protected":false},"featured_media":27328,"comment_status":"open","ping_status":"closed","template":"","meta":[],"product_brand":[],"product_cat":[396,35],"product_tag":[],"class_list":{"0":"post-27324","1":"product","2":"type-product","3":"status-publish","4":"has-post-thumbnail","6":"product_cat-suc-khoe-lam-dep","7":"product_cat-nha-cua-doi-song","8":"pa_brand-inochi","10":"first","11":"instock","12":"sale","13":"shipping-taxable","14":"purchasable","15":"product-type-simple"},"_links":{"self":[{"href":"https:\/\/havamall.vn\/en\/wp-json\/wp\/v2\/product\/27324"}],"collection":[{"href":"https:\/\/havamall.vn\/en\/wp-json\/wp\/v2\/product"}],"about":[{"href":"https:\/\/havamall.vn\/en\/wp-json\/wp\/v2\/types\/product"}],"replies":[{"embeddable":true,"href":"https:\/\/havamall.vn\/en\/wp-json\/wp\/v2\/comments?post=27324"}],"version-history":[{"count":0,"href":"https:\/\/havamall.vn\/en\/wp-json\/wp\/v2\/product\/27324\/revisions"}],"wp:featuredmedia":[{"embeddable":true,"href":"https:\/\/havamall.vn\/en\/wp-json\/wp\/v2\/media\/27328"}],"wp:attachment":[{"href":"https:\/\/havamall.vn\/en\/wp-json\/wp\/v2\/media?parent=27324"}],"wp:term":[{"taxonomy":"product_brand","embeddable":true,"href":"https:\/\/havamall.vn\/en\/wp-json\/wp\/v2\/product_brand?post=27324"},{"taxonomy":"product_cat","embeddable":true,"href":"https:\/\/havamall.vn\/en\/wp-json\/wp\/v2\/product_cat?post=27324"},{"taxonomy":"product_tag","embeddable":true,"href":"https:\/\/havamall.vn\/en\/wp-json\/wp\/v2\/product_tag?post=27324"}],"curies":[{"name":"wp","href":"https:\/\/api.w.org\/{rel}","templated":true}]}}