{"id":27316,"date":"2022-06-14T15:10:33","date_gmt":"2022-06-14T08:10:33","guid":{"rendered":"https:\/\/havamall.vn\/?post_type=product&#038;p=27316"},"modified":"2022-06-16T16:26:48","modified_gmt":"2022-06-16T09:26:48","slug":"bo-2-thia-tap-an-amori-inochi-amori-2-training-spoons-set","status":"publish","type":"product","link":"https:\/\/havamall.vn\/en\/shop\/bo-2-thia-tap-an-amori-inochi-amori-2-training-spoons-set\/","title":{"rendered":"B\u1ed9 2 Th\u00eca T\u1eadp \u0102n Amori Inochi &#8211; Amori 2 Training Spoons Set"},"content":{"rendered":"<p>Inochi l\u00e0 th\u01b0\u01a1ng hi\u1ec7u gia d\u1ee5ng cao c\u1ea5p Vi\u1ec7t Nam, \u0111\u01b0\u1ee3c thi\u1ebft k\u1ebf v\u00e0 s\u1ea3n xu\u1ea5t theo phong c\u00e1ch v\u00e0 ti\u00eau chu\u1ea9n Nh\u1eadt B\u1ea3n. 100% s\u1ea3n ph\u1ea9m c\u1ee7a Inochi \u0111\u01b0\u1ee3c l\u00e0m t\u1eeb ch\u1ea5t li\u1ec7u nh\u1ef1a nguy\u00ean sinh cao c\u1ea5p theo quy tr\u00ecnh chu\u1ea9n ISO 9001, kh\u00f4ng ch\u1ee9a BPA, \u0111\u1ea1t ch\u1ee9ng nh\u1eadn an to\u00e0n c\u1ee7a b\u1ed9 y t\u1ebf, \u0111\u1ea3m b\u1ea3o \u0111i\u1ec1u ki\u1ec7n xu\u1ea5t kh\u1ea9u sang nh\u1eefng th\u1ecb tr\u01b0\u1eddng kh\u00f3 t\u00ednh nh\u1ea5t nh\u01b0 M\u1ef9, EU, Nh\u1eadt B\u1ea3n\u2026<\/p>\n<p>Th\u01b0\u01a1ng hi\u1ec7u Inochi \u0111\u01b0\u1ee3c ph\u00e1t tri\u1ec3n b\u1edfi C\u00f4ng Ty C\u1ed5 Ph\u1ea7n T\u00e2n Ph\u00fa Vi\u1ec7t Nam v\u1edbi h\u01a1n 40 n\u0103m kinh nghi\u1ec7m trong ng\u00e0nh s\u1ea3n xu\u1ea5t.<\/p>\n<p>C\u00e1c s\u1ea3n ph\u1ea9m c\u1ee7a Inochi r\u1ea5t \u0111a d\u1ea1ng, ph\u1ee5c v\u1ee5 t\u1ed1i \u0111a m\u1ecdi nhu c\u1ea7u trong cu\u1ed9c s\u1ed1ng h\u00e0ng ng\u00e0y nh\u01b0: k\u1ec7 nh\u1ef1a \u2013 gi\u1ecf nh\u1ef1a, th\u00f9ng r\u00e1c, c\u00e1c lo\u1ea1i thau r\u1ed5 \u2013 \u0111\u1ed3 ti\u1ec7n \u00edch, h\u1ed9p \u0111\u1ef1ng th\u1ef1c ph\u1ea9m, m\u00f3c \u00e1o, m\u00e0ng \u2013 t\u00fai, c\u00e1c s\u1ea3n ph\u1ea9m cho m\u1eb9 v\u00e0 b\u00e9, d\u1ee5ng c\u1ee5 v\u1ec7 sinh v\u00e0 c\u00e1c lo\u1ea1i h\u1ed9p c\u01a1m, c\u1ed1c gi\u1eef nhi\u1ec7t nh\u1eadp kh\u1ea9u tr\u1ef1c ti\u1ebfp t\u1eeb th\u01b0\u01a1ng hi\u1ec7u Asvel \u2013 Nh\u1eadt B\u1ea3n.<\/p>\n<p><img fetchpriority=\"high\" decoding=\"async\" class=\"wp-image-27299 aligncenter\" src=\"https:\/\/havamall.vn\/wp-content\/uploads\/2022\/06\/278505147-300x300.png\" alt=\"\" width=\"607\" height=\"607\" srcset=\"https:\/\/havamall.vn\/wp-content\/uploads\/2022\/06\/278505147-300x300.png 300w, https:\/\/havamall.vn\/wp-content\/uploads\/2022\/06\/278505147-430x430.png 430w, https:\/\/havamall.vn\/wp-content\/uploads\/2022\/06\/278505147-150x150.png 150w, https:\/\/havamall.vn\/wp-content\/uploads\/2022\/06\/278505147-700x700.png 700w, https:\/\/havamall.vn\/wp-content\/uploads\/2022\/06\/278505147-768x768.png 768w, https:\/\/havamall.vn\/wp-content\/uploads\/2022\/06\/278505147-1024x1024.png 1024w, https:\/\/havamall.vn\/wp-content\/uploads\/2022\/06\/278505147.png 1200w, https:\/\/havamall.vn\/wp-content\/uploads\/2022\/06\/278505147-600x600.png 600w, https:\/\/havamall.vn\/wp-content\/uploads\/2022\/06\/278505147-100x100.png 100w\" sizes=\"(max-width: 607px) 100vw, 607px\" \/><\/p>\n<p>C\u00e1c nh\u00e0 nghi\u00ean c\u1ee9u \u0111\u00e3 ch\u1ec9 ra m\u1ed9t \u0111i\u1ec1u t\u01b0\u1edfng ch\u1eebng v\u00f4 l\u00fd nh\u01b0ng ho\u00e0n to\u00e0n \u0111\u00fang, \u0111\u00f3 l\u00e0 l\u1ef1c tay c\u1ee7a b\u00e9 kh\u1ecfe h\u01a1n r\u1ea5t nhi\u1ec1u l\u1ea7n ch\u00fang ta suy ngh\u0129. Th\u00eca t\u1eadp \u0103n Amori c\u00f3 thi\u1ebft k\u1ebf tay c\u1ea7m to r\u1ed9ng \u1edf ph\u00eda d\u01b0\u1edbi v\u00e0 h\u01a1i cong v\u1ed3ng, \u0111\u00fang theo t\u01b0 th\u1ebf tay.gi\u00fap b\u00e9 c\u00f3 th\u1ec3 t\u1eadp \u0103n, ho\u1eb7c x\u00fac th\u1eadt d\u1ec5 d\u00e0ng.<\/p>\n<p><img decoding=\"async\" class=\"wp-image-27318 aligncenter\" src=\"https:\/\/havamall.vn\/wp-content\/uploads\/2022\/06\/01dc8ce3a60cec1-300x300.png\" alt=\"\" width=\"614\" height=\"614\" srcset=\"https:\/\/havamall.vn\/wp-content\/uploads\/2022\/06\/01dc8ce3a60cec1-300x300.png 300w, https:\/\/havamall.vn\/wp-content\/uploads\/2022\/06\/01dc8ce3a60cec1-430x430.png 430w, https:\/\/havamall.vn\/wp-content\/uploads\/2022\/06\/01dc8ce3a60cec1-150x150.png 150w, https:\/\/havamall.vn\/wp-content\/uploads\/2022\/06\/01dc8ce3a60cec1-700x700.png 700w, https:\/\/havamall.vn\/wp-content\/uploads\/2022\/06\/01dc8ce3a60cec1-768x768.png 768w, https:\/\/havamall.vn\/wp-content\/uploads\/2022\/06\/01dc8ce3a60cec1-600x600.png 600w, https:\/\/havamall.vn\/wp-content\/uploads\/2022\/06\/01dc8ce3a60cec1-100x100.png 100w, https:\/\/havamall.vn\/wp-content\/uploads\/2022\/06\/01dc8ce3a60cec1.png 1000w\" sizes=\"(max-width: 614px) 100vw, 614px\" \/><\/p>\n<p>Th\u00eca t\u1eadp \u0103n Amori l\u00e0 s\u1ea3n ph\u1ea9m\u00a0mu\u1ed7ng\u00a0\u0111\u1ea1t ti\u00eau chu\u1ea9n Nh\u1eadt B\u1ea3n, \u0111\u01b0\u1ee3c r\u1ea5t nhi\u1ec1u b\u00e0 m\u1eb9 tin d\u00f9ng.\u00a0Th\u00eca t\u1eadp \u0103n Amori\u00a0v\u1edbi nhi\u1ec1u \u0111\u1eb7c \u0111i\u1ec3m d\u00e0nh ri\u00eang cho b\u00e9, gi\u00fap b\u00e9 d\u1ec5 d\u00e0ng \u0111\u01b0a th\u1ee9c \u0103n v\u00e0o trong kh\u00f4ng c\u1ea7n s\u1ef1 h\u1ed7 tr\u1ee3 c\u1ee7a m\u1eb9.\u00a0Th\u00eca t\u1eadp \u0103n d\u1eb7m cho b\u00e9 nh\u1ef1a pp Inochi amori\u00a0d\u00e0nh cho b\u00e9 9+ th\u00e1ng tr\u1edf l\u00ean.<\/p>\n<div>Th\u00eca c\u00f3 \u0111\u1ed9 s\u00e2u l\u00f2ng v\u1eeba ph\u1ea3i gi\u00fap tr\u1ebb d\u1ec5 \u0103n v\u00e0 khuy\u1ebfn kh\u00edch c\u1eed \u0111\u1ed9ng c\u1ee7a m\u00f4i. Thi\u1ebft k\u1ebf l\u00f5m \u1edf v\u1ecb tr\u00ed ng\u00f3n c\u00e1i k\u00edch th\u00edch ph\u1ea3n x\u1ea1 c\u1ea7m n\u1eafm kh\u00f4ng tr\u01a1n tr\u01b0\u1ee3t. D\u00e1ng th\u00eca cong \u0111\u1eb7c bi\u1ec7t gi\u00fap tr\u1ebb d\u1ec5 d\u00e0ng \u0111\u01b0a \u0111\u1ed3 \u0103n v\u00e0o \u0111\u00fang v\u1ecb tr\u00ed mong mu\u1ed1n.<\/div>\n<div><img decoding=\"async\" class=\"wp-image-27320 aligncenter\" src=\"https:\/\/havamall.vn\/wp-content\/uploads\/2022\/06\/4a35ebfc6a4cc2d-300x300.png\" alt=\"\" width=\"611\" height=\"611\" srcset=\"https:\/\/havamall.vn\/wp-content\/uploads\/2022\/06\/4a35ebfc6a4cc2d-300x300.png 300w, https:\/\/havamall.vn\/wp-content\/uploads\/2022\/06\/4a35ebfc6a4cc2d-430x430.png 430w, https:\/\/havamall.vn\/wp-content\/uploads\/2022\/06\/4a35ebfc6a4cc2d-150x150.png 150w, https:\/\/havamall.vn\/wp-content\/uploads\/2022\/06\/4a35ebfc6a4cc2d-700x700.png 700w, https:\/\/havamall.vn\/wp-content\/uploads\/2022\/06\/4a35ebfc6a4cc2d-768x768.png 768w, https:\/\/havamall.vn\/wp-content\/uploads\/2022\/06\/4a35ebfc6a4cc2d-600x600.png 600w, https:\/\/havamall.vn\/wp-content\/uploads\/2022\/06\/4a35ebfc6a4cc2d-100x100.png 100w, https:\/\/havamall.vn\/wp-content\/uploads\/2022\/06\/4a35ebfc6a4cc2d.png 1000w\" sizes=\"(max-width: 611px) 100vw, 611px\" \/><\/div>\n<h3><strong>\u0110\u1eb7c \u0111i\u1ec3m n\u1ed5i b\u1eadt<\/strong><\/h3>\n<ul>\n<li>Ch\u1ea5t li\u1ec7u nh\u1ef1a PP v\u00e0 l\u1edbp m\u00e0ng kh\u00e1ng khu\u1ea9n, kh\u00f4ng BPA \u0111\u1ea3m b\u1ea3o v\u1ec7 sinh an to\u00e0n cho s\u1ee9c kh\u1ecfe v\u00e0 c\u00e1c m\u1eb9 c\u00f3 th\u1ec3 d\u00f9ng n\u01b0\u1edbc s\u00f4i \u0111\u1ec3 kh\u1eed tr\u00f9ng s\u1ea3n ph\u1ea9m m\u00e0 kh\u00f4ng l\u00e0m th\u00eca b\u1ecb h\u1ecfng.<\/li>\n<li>D\u00f9ng cho b\u00e9 trong giai \u0111o\u1ea1n t\u1ef1 t\u1eadp \u0103n.<\/li>\n<li>\u0110\u1ea7u\u00a0th\u00eca inochi\u00a0c\u00f3 \u0111\u1ed9 s\u00e2u v\u1eeba ph\u1ea3i gi\u00fap b\u00e9 d\u1ec5 \u0103n.<\/li>\n<li>Mu\u1ed7ng \u0103n d\u1eb7m cho b\u00e9\u00a0c\u00f3 \u0111\u1ed9 cong \u0111\u1eb7c bi\u1ec7t gi\u00fap b\u00e9 d\u1ec5 c\u1ea7m v\u00e0 \u0111\u01b0a th\u1ee9c \u0103n v\u00e0o mi\u1ec7ng.<\/li>\n<li>Th\u00eca thi\u1ebft k\u1ebf bo tr\u00f2n, m\u1ec1m m\u1ea1i v\u1edbi r\u0103ng v\u00e0 n\u01b0\u1edbu c\u1ee7a tr\u1ebb.<\/li>\n<li>D\u00e0nh cho b\u00e9 t\u1eeb 1 th\u00e1ng tu\u1ed5i tr\u1edf l\u00ean khi b\u00e9 t\u1eadp \u0103n d\u1eb7m d\u1ec5 m\u00fac th\u1ee9c \u0103n.<\/li>\n<\/ul>\n<h3><img loading=\"lazy\" decoding=\"async\" class=\"wp-image-27321 aligncenter\" src=\"https:\/\/havamall.vn\/wp-content\/uploads\/2022\/06\/a7d238938b4-300x300.png\" alt=\"\" width=\"606\" height=\"606\" srcset=\"https:\/\/havamall.vn\/wp-content\/uploads\/2022\/06\/a7d238938b4-300x300.png 300w, https:\/\/havamall.vn\/wp-content\/uploads\/2022\/06\/a7d238938b4-430x430.png 430w, https:\/\/havamall.vn\/wp-content\/uploads\/2022\/06\/a7d238938b4-150x150.png 150w, https:\/\/havamall.vn\/wp-content\/uploads\/2022\/06\/a7d238938b4-700x700.png 700w, https:\/\/havamall.vn\/wp-content\/uploads\/2022\/06\/a7d238938b4-768x768.png 768w, https:\/\/havamall.vn\/wp-content\/uploads\/2022\/06\/a7d238938b4-600x600.png 600w, https:\/\/havamall.vn\/wp-content\/uploads\/2022\/06\/a7d238938b4-100x100.png 100w, https:\/\/havamall.vn\/wp-content\/uploads\/2022\/06\/a7d238938b4.png 1000w\" sizes=\"(max-width: 606px) 100vw, 606px\" \/><\/h3>\n<h3><strong>H\u01b0\u1edbng d\u1eabn s\u1eed d\u1ee5ng<\/strong><\/h3>\n<ul>\n<li>C\u00f3 th\u1ec3 d\u00f9ng n\u01b0\u1edbc s\u00f4i \u0111\u1ec3 kh\u1eed tr\u00f9ng s\u1ea3n ph\u1ea9m.<\/li>\n<li>V\u1ec7 sinh k\u1ef9 s\u1ea3n ph\u1ea9m tr\u01b0\u1edbc v\u00e0 sau khi s\u1eed d\u1ee5ng.<\/li>\n<\/ul>\n<p>S\u1ea3n ph\u1ea9m hi\u1ec7n \u0111\u00e3 c\u00f3 m\u1eb7t t\u1ea1i Havamall.<\/p>","protected":false},"excerpt":{"rendered":"<p>Inochi l\u00e0 th\u01b0\u01a1ng hi\u1ec7u gia d\u1ee5ng cao c\u1ea5p Vi\u1ec7t Nam, \u0111\u01b0\u1ee3c thi\u1ebft k\u1ebf v\u00e0 s\u1ea3n xu\u1ea5t theo phong c\u00e1ch v\u00e0<\/p>","protected":false},"featured_media":27322,"comment_status":"open","ping_status":"closed","template":"","meta":[],"product_brand":[],"product_cat":[393,35],"product_tag":[],"class_list":{"0":"post-27316","1":"product","2":"type-product","3":"status-publish","4":"has-post-thumbnail","6":"product_cat-bep-phong-an","7":"product_cat-nha-cua-doi-song","8":"pa_brand-inochi","10":"first","11":"instock","12":"sale","13":"shipping-taxable","14":"purchasable","15":"product-type-simple"},"_links":{"self":[{"href":"https:\/\/havamall.vn\/en\/wp-json\/wp\/v2\/product\/27316"}],"collection":[{"href":"https:\/\/havamall.vn\/en\/wp-json\/wp\/v2\/product"}],"about":[{"href":"https:\/\/havamall.vn\/en\/wp-json\/wp\/v2\/types\/product"}],"replies":[{"embeddable":true,"href":"https:\/\/havamall.vn\/en\/wp-json\/wp\/v2\/comments?post=27316"}],"version-history":[{"count":0,"href":"https:\/\/havamall.vn\/en\/wp-json\/wp\/v2\/product\/27316\/revisions"}],"wp:featuredmedia":[{"embeddable":true,"href":"https:\/\/havamall.vn\/en\/wp-json\/wp\/v2\/media\/27322"}],"wp:attachment":[{"href":"https:\/\/havamall.vn\/en\/wp-json\/wp\/v2\/media?parent=27316"}],"wp:term":[{"taxonomy":"product_brand","embeddable":true,"href":"https:\/\/havamall.vn\/en\/wp-json\/wp\/v2\/product_brand?post=27316"},{"taxonomy":"product_cat","embeddable":true,"href":"https:\/\/havamall.vn\/en\/wp-json\/wp\/v2\/product_cat?post=27316"},{"taxonomy":"product_tag","embeddable":true,"href":"https:\/\/havamall.vn\/en\/wp-json\/wp\/v2\/product_tag?post=27316"}],"curies":[{"name":"wp","href":"https:\/\/api.w.org\/{rel}","templated":true}]}}