{"id":27294,"date":"2022-06-14T11:45:53","date_gmt":"2022-06-14T04:45:53","guid":{"rendered":"https:\/\/havamall.vn\/?post_type=product&#038;p=27294"},"modified":"2022-06-16T16:37:24","modified_gmt":"2022-06-16T09:37:24","slug":"khay-da-tron-kari-4-vien-inochi-kari-ice-sphere-tray","status":"publish","type":"product","link":"https:\/\/havamall.vn\/en\/shop\/khay-da-tron-kari-4-vien-inochi-kari-ice-sphere-tray\/","title":{"rendered":"Khay \u0110\u00e1 Tr\u00f2n Kari 4 Vi\u00ean Inochi &#8211; Kari Ice Sphere Tray"},"content":{"rendered":"<div>Inochi l\u00e0 th\u01b0\u01a1ng hi\u1ec7u gia d\u1ee5ng cao c\u1ea5p Vi\u1ec7t Nam, \u0111\u01b0\u1ee3c thi\u1ebft k\u1ebf v\u00e0 s\u1ea3n xu\u1ea5t theo phong c\u00e1ch v\u00e0 ti\u00eau chu\u1ea9n Nh\u1eadt B\u1ea3n. 100% s\u1ea3n ph\u1ea9m c\u1ee7a Inochi \u0111\u01b0\u1ee3c l\u00e0m t\u1eeb ch\u1ea5t li\u1ec7u nh\u1ef1a nguy\u00ean sinh cao c\u1ea5p theo quy tr\u00ecnh chu\u1ea9n ISO 9001, kh\u00f4ng ch\u1ee9a BPA, \u0111\u1ea1t ch\u1ee9ng nh\u1eadn an to\u00e0n c\u1ee7a b\u1ed9 y t\u1ebf, \u0111\u1ea3m b\u1ea3o \u0111i\u1ec1u ki\u1ec7n xu\u1ea5t kh\u1ea9u sang nh\u1eefng th\u1ecb tr\u01b0\u1eddng kh\u00f3 t\u00ednh nh\u1ea5t nh\u01b0 M\u1ef9, EU, Nh\u1eadt B\u1ea3n\u2026<\/div>\n<div><\/div>\n<div>Th\u01b0\u01a1ng hi\u1ec7u Inochi \u0111\u01b0\u1ee3c ph\u00e1t tri\u1ec3n b\u1edfi C\u00f4ng Ty C\u1ed5 Ph\u1ea7n T\u00e2n Ph\u00fa Vi\u1ec7t Nam v\u1edbi h\u01a1n 40 n\u0103m kinh nghi\u1ec7m trong ng\u00e0nh s\u1ea3n xu\u1ea5t.<\/div>\n<div><\/div>\n<div>C\u00e1c s\u1ea3n ph\u1ea9m c\u1ee7a Inochi r\u1ea5t \u0111a d\u1ea1ng, ph\u1ee5c v\u1ee5 t\u1ed1i \u0111a m\u1ecdi nhu c\u1ea7u trong cu\u1ed9c s\u1ed1ng h\u00e0ng ng\u00e0y nh\u01b0: k\u1ec7 nh\u1ef1a \u2013 gi\u1ecf nh\u1ef1a, th\u00f9ng r\u00e1c, c\u00e1c lo\u1ea1i thau r\u1ed5 \u2013 \u0111\u1ed3 ti\u1ec7n \u00edch, h\u1ed9p \u0111\u1ef1ng th\u1ef1c ph\u1ea9m, m\u00f3c \u00e1o, m\u00e0ng \u2013 t\u00fai, c\u00e1c s\u1ea3n ph\u1ea9m cho m\u1eb9 v\u00e0 b\u00e9, d\u1ee5ng c\u1ee5 v\u1ec7 sinh v\u00e0 c\u00e1c lo\u1ea1i h\u1ed9p c\u01a1m, c\u1ed1c gi\u1eef nhi\u1ec7t nh\u1eadp kh\u1ea9u tr\u1ef1c ti\u1ebfp t\u1eeb th\u01b0\u01a1ng hi\u1ec7u Asvel \u2013 Nh\u1eadt B\u1ea3n.<\/div>\n<div><img fetchpriority=\"high\" decoding=\"async\" class=\"wp-image-27299 aligncenter\" src=\"https:\/\/havamall.vn\/wp-content\/uploads\/2022\/06\/278505147-300x300.png\" alt=\"\" width=\"701\" height=\"701\" srcset=\"https:\/\/havamall.vn\/wp-content\/uploads\/2022\/06\/278505147-300x300.png 300w, https:\/\/havamall.vn\/wp-content\/uploads\/2022\/06\/278505147-430x430.png 430w, https:\/\/havamall.vn\/wp-content\/uploads\/2022\/06\/278505147-150x150.png 150w, https:\/\/havamall.vn\/wp-content\/uploads\/2022\/06\/278505147-700x700.png 700w, https:\/\/havamall.vn\/wp-content\/uploads\/2022\/06\/278505147-768x768.png 768w, https:\/\/havamall.vn\/wp-content\/uploads\/2022\/06\/278505147-1024x1024.png 1024w, https:\/\/havamall.vn\/wp-content\/uploads\/2022\/06\/278505147.png 1200w, https:\/\/havamall.vn\/wp-content\/uploads\/2022\/06\/278505147-600x600.png 600w, https:\/\/havamall.vn\/wp-content\/uploads\/2022\/06\/278505147-100x100.png 100w\" sizes=\"(max-width: 701px) 100vw, 701px\" \/><\/div>\n<div><\/div>\n<div>M\u1ed7i s\u1ea3n ph\u1ea9m Inochi \u0111\u1ec1u \u0111\u01b0\u1ee3c thi\u1ebft k\u1ebf t\u1ec9 m\u1ec9 tr\u00ean c\u00e1c nguy\u00ean t\u1eafc th\u1ea9m m\u1ef9 v\u00e0 c\u00f4ng n\u0103ng s\u1eed d\u1ee5ng c\u1ee7a ng\u01b0\u1eddi Nh\u1eadt, \u0111\u1ea3m b\u1ea3o s\u1ef1 th\u00f4ng minh, ti\u1ec7n \u00edch, th\u00e2n thi\u1ec7n v\u1edbi m\u00f4i tr\u01b0\u1eddng v\u00e0 an to\u00e0n cho c\u1ea3 gia \u0111\u00ecnh.<\/div>\n<div><img decoding=\"async\" class=\"wp-image-27300 aligncenter\" src=\"https:\/\/havamall.vn\/wp-content\/uploads\/2022\/06\/145069235-300x200.png\" alt=\"\" width=\"701\" height=\"467\" srcset=\"https:\/\/havamall.vn\/wp-content\/uploads\/2022\/06\/145069235-300x200.png 300w, https:\/\/havamall.vn\/wp-content\/uploads\/2022\/06\/145069235-430x287.png 430w, https:\/\/havamall.vn\/wp-content\/uploads\/2022\/06\/145069235-150x100.png 150w, https:\/\/havamall.vn\/wp-content\/uploads\/2022\/06\/145069235-700x467.png 700w, https:\/\/havamall.vn\/wp-content\/uploads\/2022\/06\/145069235-768x512.png 768w, https:\/\/havamall.vn\/wp-content\/uploads\/2022\/06\/145069235-1024x683.png 1024w, https:\/\/havamall.vn\/wp-content\/uploads\/2022\/06\/145069235-1200x800.png 1200w, https:\/\/havamall.vn\/wp-content\/uploads\/2022\/06\/145069235-600x400.png 600w, https:\/\/havamall.vn\/wp-content\/uploads\/2022\/06\/145069235.png 2048w\" sizes=\"(max-width: 701px) 100vw, 701px\" \/><\/div>\n<div>\n<p>\u00a0S\u1ea3n ph\u1ea9m\u00a0khay l\u00e0m \u0111\u00e1 Inochi 4 \u00f4\u00a0v\u1edbi 2 khu\u00f4n \u00e9p v\u00e0o nhau t\u1ea1o th\u00e0nh \u0111\u00e1 vi\u00ean tr\u00f2n \u0111\u01b0\u1eddng k\u00ednh 6 cm, gi\u00fap cho vi\u1ec7c ph\u1ee5c v\u1ee5 \u01b0\u1edbp c\u00e1c lo\u1ea1i r\u01b0\u1ee3u whisky on the rock \u0111\u01b0\u1ee3c nhanh ch\u00f3ng ti\u1ec7n d\u1ee5ng ,s\u1ea3n ph\u1ea9m nh\u1eadp kh\u1ea9u t\u1eeb Japan .\u0110\u00e2y l\u00e0 m\u1ed9t s\u1ea3n ph\u1ea9m kh\u00f4ng th\u1ec3 thi\u1ebfu trong b\u1ea5t k\u1ef3 m\u1ed9t ng\u01b0\u1eddi s\u00e0nh r\u01b0\u1ee3u n\u00e0o,v\u1ec7 sinh d\u1ec5 d\u00e0ng.<\/p>\n<p><img decoding=\"async\" class=\"wp-image-27296 aligncenter\" src=\"https:\/\/havamall.vn\/wp-content\/uploads\/2022\/06\/MG_142-300x200.png\" alt=\"\" width=\"688\" height=\"458\" srcset=\"https:\/\/havamall.vn\/wp-content\/uploads\/2022\/06\/MG_142-300x200.png 300w, https:\/\/havamall.vn\/wp-content\/uploads\/2022\/06\/MG_142-430x287.png 430w, https:\/\/havamall.vn\/wp-content\/uploads\/2022\/06\/MG_142-150x100.png 150w, https:\/\/havamall.vn\/wp-content\/uploads\/2022\/06\/MG_142-700x467.png 700w, https:\/\/havamall.vn\/wp-content\/uploads\/2022\/06\/MG_142-768x512.png 768w, https:\/\/havamall.vn\/wp-content\/uploads\/2022\/06\/MG_142-1024x683.png 1024w, https:\/\/havamall.vn\/wp-content\/uploads\/2022\/06\/MG_142-1200x800.png 1200w, https:\/\/havamall.vn\/wp-content\/uploads\/2022\/06\/MG_142-600x400.png 600w\" sizes=\"(max-width: 688px) 100vw, 688px\" \/><\/p>\n<p>L\u00e0m nh\u1eefng vi\u00ean \u0111\u00e1 h\u00ecnh b\u00f3ng tr\u00f2n cho \u0111\u1ed3 u\u1ed1ng c\u1ee7a b\u1ea1n v\u1edbi chi\u1ebfc khu\u00f4n n\u00e0y. Nh\u1eefng vi\u00ean \u0111\u00e1 h\u00ecnh b\u00f2ng tr\u00f2n s\u1ebd nhanh ch\u00f3ng l\u00e0m l\u1ea1nh \u0111\u1ed3 u\u1ed1ng c\u1ee7a b\u1ea1n m\u00e0 kh\u00f4ng c\u1ea7n ph\u1ea3i tan ch\u1ea3y qu\u00e1 nhi\u1ec1u. H\u00ecnh d\u1ea1ng c\u1ea7u gi\u00fap h\u1ea1n ch\u1ebf t\u1ed1i \u0111a b\u1ec1 m\u1eb7t ti\u1ebfp x\u00fac vi\u00ean \u0111\u00e1 v\u1edbi \u0111\u1ed3 u\u1ed1ng, cho b\u1ea1n c\u00f3 \u0111\u01b0\u1ee3c m\u1ed9t ly \u0111\u1ed3 u\u1ed1ng l\u1ea1nh v\u00e0 nguy\u00ean ch\u1ea5t nh\u1ea5t.<\/p>\n<p><img loading=\"lazy\" decoding=\"async\" class=\"wp-image-27297 aligncenter\" src=\"https:\/\/havamall.vn\/wp-content\/uploads\/2022\/06\/1-300x200.png\" alt=\"\" width=\"700\" height=\"466\" srcset=\"https:\/\/havamall.vn\/wp-content\/uploads\/2022\/06\/1-300x200.png 300w, https:\/\/havamall.vn\/wp-content\/uploads\/2022\/06\/1-430x287.png 430w, https:\/\/havamall.vn\/wp-content\/uploads\/2022\/06\/1-150x100.png 150w, https:\/\/havamall.vn\/wp-content\/uploads\/2022\/06\/1-700x467.png 700w, https:\/\/havamall.vn\/wp-content\/uploads\/2022\/06\/1-768x512.png 768w, https:\/\/havamall.vn\/wp-content\/uploads\/2022\/06\/1-1024x683.png 1024w, https:\/\/havamall.vn\/wp-content\/uploads\/2022\/06\/1-1200x800.png 1200w, https:\/\/havamall.vn\/wp-content\/uploads\/2022\/06\/1-600x400.png 600w\" sizes=\"(max-width: 700px) 100vw, 700px\" \/><\/p>\n<\/div>\n<div>\n<h3><strong>\u01afU \u0110I\u1ec2M S\u1ea2N PH\u1ea8M:<\/strong><\/h3>\n<p>&gt; Tuy\u1ec7t \u0111\u1ed1i an to\u00e0n cho s\u1ee9c kh\u1ecfe khi s\u1eed d\u1ee5ng ch\u1ea5t li\u1ec7u t\u1eeb nh\u1ef1a nguy\u00ean sinh cao c\u1ea5p.<\/p>\n<p>&gt; Khay \u0111\u00e1 duy nh\u1ea5t hi\u1ec7n nay \u1ee9ng d\u1ee5ng c\u00f4ng ngh\u1ec7 Ag+ kh\u00e1ng khu\u1ea9n, ch\u1ed1ng n\u1ea5m m\u1ed1c.<\/p>\n<p>&gt; S\u1ea3n ph\u1ea9m c\u00f3 n\u1eafp \u0111\u1eady ch\u1ed1ng b\u1ee5i, b\u1ea9n, ch\u1ed1ng \u00e1m m\u00f9i th\u1ee9c \u0103n, \u0111\u1ea3m b\u1ea3o \u0111\u00e1 lu\u00f4n s\u1ea1ch v\u00e0 an to\u00e0n.<\/p>\n<p>&gt; C\u00f3 k\u00e8m th\u00eam khay nh\u1ef1a ti\u1ec7n l\u1ee3i, d\u00f9ng \u0111\u1ec3 l\u01b0u tr\u1eef \u0111\u00e1 \u0111\u00e3 l\u00e0m hay khi s\u1eed d\u1ee5ng.<\/p>\n<p>&gt; Ch\u1ea5t li\u1ec7u nh\u1ef1a b\u1ec1n d\u1ebbo linh ho\u1ea1t, kh\u00f4ng n\u1ee9t, t\u00e1ch, g\u00e3y v\u1ee1 khi l\u00e0m \u0111\u00e1 hay khi l\u1ea5y \u0111\u00e1.<\/p>\n<p>S\u1ea3n ph\u1ea9m hi\u1ec7n \u0111\u00e3 c\u00f3 m\u1eb7t t\u1ea1i Havamall.<\/p>\n<p><img loading=\"lazy\" decoding=\"async\" class=\"wp-image-27298 aligncenter\" src=\"https:\/\/havamall.vn\/wp-content\/uploads\/2022\/06\/MG-300x200.png\" alt=\"\" width=\"704\" height=\"469\" srcset=\"https:\/\/havamall.vn\/wp-content\/uploads\/2022\/06\/MG-300x200.png 300w, https:\/\/havamall.vn\/wp-content\/uploads\/2022\/06\/MG-430x287.png 430w, https:\/\/havamall.vn\/wp-content\/uploads\/2022\/06\/MG-150x100.png 150w, https:\/\/havamall.vn\/wp-content\/uploads\/2022\/06\/MG-700x467.png 700w, https:\/\/havamall.vn\/wp-content\/uploads\/2022\/06\/MG-768x512.png 768w, https:\/\/havamall.vn\/wp-content\/uploads\/2022\/06\/MG-1024x683.png 1024w, https:\/\/havamall.vn\/wp-content\/uploads\/2022\/06\/MG-1200x800.png 1200w, https:\/\/havamall.vn\/wp-content\/uploads\/2022\/06\/MG-600x400.png 600w\" sizes=\"(max-width: 704px) 100vw, 704px\" \/><\/p>\n<\/div>","protected":false},"excerpt":{"rendered":"<p>Inochi l\u00e0 th\u01b0\u01a1ng hi\u1ec7u gia d\u1ee5ng cao c\u1ea5p Vi\u1ec7t Nam, \u0111\u01b0\u1ee3c thi\u1ebft k\u1ebf v\u00e0 s\u1ea3n xu\u1ea5t theo phong c\u00e1ch v\u00e0<\/p>","protected":false},"featured_media":27295,"comment_status":"open","ping_status":"closed","template":"","meta":[],"product_brand":[],"product_cat":[393,35],"product_tag":[],"class_list":{"0":"post-27294","1":"product","2":"type-product","3":"status-publish","4":"has-post-thumbnail","6":"product_cat-bep-phong-an","7":"product_cat-nha-cua-doi-song","8":"pa_brand-inochi","10":"first","11":"instock","12":"sale","13":"shipping-taxable","14":"purchasable","15":"product-type-simple"},"_links":{"self":[{"href":"https:\/\/havamall.vn\/en\/wp-json\/wp\/v2\/product\/27294"}],"collection":[{"href":"https:\/\/havamall.vn\/en\/wp-json\/wp\/v2\/product"}],"about":[{"href":"https:\/\/havamall.vn\/en\/wp-json\/wp\/v2\/types\/product"}],"replies":[{"embeddable":true,"href":"https:\/\/havamall.vn\/en\/wp-json\/wp\/v2\/comments?post=27294"}],"version-history":[{"count":0,"href":"https:\/\/havamall.vn\/en\/wp-json\/wp\/v2\/product\/27294\/revisions"}],"wp:featuredmedia":[{"embeddable":true,"href":"https:\/\/havamall.vn\/en\/wp-json\/wp\/v2\/media\/27295"}],"wp:attachment":[{"href":"https:\/\/havamall.vn\/en\/wp-json\/wp\/v2\/media?parent=27294"}],"wp:term":[{"taxonomy":"product_brand","embeddable":true,"href":"https:\/\/havamall.vn\/en\/wp-json\/wp\/v2\/product_brand?post=27294"},{"taxonomy":"product_cat","embeddable":true,"href":"https:\/\/havamall.vn\/en\/wp-json\/wp\/v2\/product_cat?post=27294"},{"taxonomy":"product_tag","embeddable":true,"href":"https:\/\/havamall.vn\/en\/wp-json\/wp\/v2\/product_tag?post=27294"}],"curies":[{"name":"wp","href":"https:\/\/api.w.org\/{rel}","templated":true}]}}