{"id":27209,"date":"2022-06-09T15:28:27","date_gmt":"2022-06-09T08:28:27","guid":{"rendered":"https:\/\/havamall.vn\/?post_type=product&#038;p=27209"},"modified":"2022-06-13T09:15:50","modified_gmt":"2022-06-13T02:15:50","slug":"thach-pudding-hinh-trung-op-la-kem-keo-no-poached-egg-shape-pudding-jelly","status":"publish","type":"product","link":"https:\/\/havamall.vn\/en\/shop\/thach-pudding-hinh-trung-op-la-kem-keo-no-poached-egg-shape-pudding-jelly\/","title":{"rendered":"Th\u1ea1ch Pudding H\u00ecnh Tr\u1ee9ng \u1ed0p La K\u00e8m K\u1eb9o N\u1ed5 &#8211; Poached Egg Shape Pudding Jelly"},"content":{"rendered":"<p>M\u00f4\u0323t h\u00f4\u0323p co\u0301 1 go\u0301i gia vi\u0323 \u0111\u00ea\u0309 ta\u0323o ti\u00ea\u0301ng n\u00f4\u0309 be\u0301p be\u0301p vui tai sau khi cho mi\u00ea\u0301ng tha\u0323ch tr\u01b0\u0301ng va\u0300o, nghe nh\u01b0 ki\u00ea\u0309u chu\u0301ng ta \u0111ang chi\u00ean tr\u01b0\u0301ng th\u00e2\u0323t. C\u0103\u0301n mi\u00ea\u0301ng nu\u0301ng na nu\u0301ng ni\u0301nh bo\u0309 v\u00f4 mi\u00ea\u0323ng \u0103n ma\u0301t ma\u0300 bo\u0309 v\u00f4 tu\u0309 la\u0323nh \u0103n ca\u0300ng ngon h\u01a1n.<\/p>\n<p>Pudding th\u1ea1ch tr\u1ee9ng th\u01a1m m\u1ec1m, c\u00f9ng ph\u1ea7n s\u1ed1t socola \u0111\u1eafng nh\u1eb9, ti\u1ebfng x\u00e8o x\u00e8o t\u1eeb h\u1ea1t n\u1ed5 t\u1ea1o n\u00ean ch\u1ea3o tr\u1ee9ng chi\u00ean siu m\u00ea.<\/p>\n<p><img fetchpriority=\"high\" decoding=\"async\" class=\"wp-image-27210 aligncenter\" src=\"https:\/\/havamall.vn\/wp-content\/uploads\/2022\/06\/200469882-196x300.png\" alt=\"\" width=\"573\" height=\"877\" srcset=\"https:\/\/havamall.vn\/wp-content\/uploads\/2022\/06\/200469882-196x300.png 196w, https:\/\/havamall.vn\/wp-content\/uploads\/2022\/06\/200469882-430x657.png 430w, https:\/\/havamall.vn\/wp-content\/uploads\/2022\/06\/200469882-150x229.png 150w, https:\/\/havamall.vn\/wp-content\/uploads\/2022\/06\/200469882-700x1070.png 700w, https:\/\/havamall.vn\/wp-content\/uploads\/2022\/06\/200469882-670x1024.png 670w, https:\/\/havamall.vn\/wp-content\/uploads\/2022\/06\/200469882-600x917.png 600w, https:\/\/havamall.vn\/wp-content\/uploads\/2022\/06\/200469882.png 750w\" sizes=\"(max-width: 573px) 100vw, 573px\" \/><\/p>\n<p>B\u00ean trong h\u1ed9p c\u00f3 m\u1ed9t chi\u1ebfc ch\u1ea3o xinh x\u1eafn. B\u00e9 \u0103n xong th\u1ea1ch c\u00f3 th\u1ec3 mang ch\u1ea3o ra l\u00e0m \u0111\u1ed3 ch\u01a1i. Th\u1ea1ch c\u00f3 h\u00ecnh qu\u1ea3 tr\u1ee9ng r\u00e1n , th\u1ea1ch th\u01a1m ngon. Ngo\u00e0i ra c\u00f2n c\u00f3 g\u00f3i k\u1eb9o n\u1ed5 b\u00e9 c\u00f3 th\u1ec3 v\u1eeba \u0103n th\u1ea1ch m\u00e0 v\u1eeba \u0103n k\u1eb9o n\u1ed5, m\u1ed9t g\u00f3i s\u1ed1t socola b\u1eaft m\u1eaft nh\u00ecn th\u00f4i \u0111\u00e3 mu\u1ed1n th\u01b0\u1edfng th\u1ee9c ngay.<\/p>\n<p><img decoding=\"async\" class=\"wp-image-27211 aligncenter\" src=\"https:\/\/havamall.vn\/wp-content\/uploads\/2022\/06\/1c6890714158a8f-300x300.png\" alt=\"\" width=\"569\" height=\"569\" srcset=\"https:\/\/havamall.vn\/wp-content\/uploads\/2022\/06\/1c6890714158a8f-300x300.png 300w, https:\/\/havamall.vn\/wp-content\/uploads\/2022\/06\/1c6890714158a8f-430x430.png 430w, https:\/\/havamall.vn\/wp-content\/uploads\/2022\/06\/1c6890714158a8f-150x150.png 150w, https:\/\/havamall.vn\/wp-content\/uploads\/2022\/06\/1c6890714158a8f-700x700.png 700w, https:\/\/havamall.vn\/wp-content\/uploads\/2022\/06\/1c6890714158a8f-768x768.png 768w, https:\/\/havamall.vn\/wp-content\/uploads\/2022\/06\/1c6890714158a8f-600x600.png 600w, https:\/\/havamall.vn\/wp-content\/uploads\/2022\/06\/1c6890714158a8f-100x100.png 100w, https:\/\/havamall.vn\/wp-content\/uploads\/2022\/06\/1c6890714158a8f.png 1024w\" sizes=\"(max-width: 569px) 100vw, 569px\" \/><\/p>\n<h3><strong>\u0110\u1eb7c t\u00ednh n\u1ed5i b\u1eadt c\u1ee7a s\u1ea3n ph\u1ea9m:<\/strong><\/h3>\n<p>&#8211; Pudding th\u1ea1ch \u0111\u1ed3 ch\u01a1i cho tr\u1ebb em v\u1edbi h\u00ecnh \u1ea3nh qu\u1ea3 tr\u1ee9ng \u1ed1p la xinh x\u1eafn, b\u1eaft m\u1eaft.<\/p>\n<p>&#8211; Pudding th\u1ea1ch l\u1ea5y c\u1ea3m h\u1ee9ng t\u1eeb m\u00f3n \u0103n \u0111\u01a1n gi\u1ea3n \u0111i\u1ec3n h\u00ecnh c\u1ee7a b\u1eefa s\u00e1ng l\u00e0 m\u00f3n tr\u1ee9ng chi\u00ean \u1ed1p la, n\u00f3 c\u00f3 m\u00e0u tr\u1eafng c\u1ee7a l\u00f2ng tr\u1eafng k\u1ebft h\u1ee3p v\u1edbi l\u00f2ng \u0111\u1ecf h\u1ed3ng \u0111\u00e0o t\u1ea1o n\u00ean m\u00f3n \u0103n \u0111\u1eb9p m\u1eaft m\u00e0 b\u00e9 v\u1eeba t\u01b0\u1edfng t\u01b0\u1edfng \u0111\u01b0\u1ee3c v\u1eeba h\u1ecdc \u0111\u01b0\u1ee3c nhi\u1ec1u \u0111i\u1ec1u th\u00fa v\u1ecb.<\/p>\n<p>&#8211; Ph\u00f9 h\u1ee3p v\u1edbi nhi\u1ec1u \u0111\u1ed9 tu\u1ed5i t\u1eeb 3 tu\u1ed5i \u0111\u1ebfn 15 tu\u1ed5i.<\/p>\n<p>&#8211; Pudding th\u1ea1ch \u0111\u01b0\u1ee3c s\u1ea3n xu\u1ea5t t\u1eebng chi ti\u1ebft c\u00f4ng phu theo c\u00f4ng ngh\u1ec7 3D \u0111\u1ed9c \u0111\u00e1o nhi\u1ec1u m\u00e0u s\u1eafc chuy\u1ec3n \u0111\u1ed9ng l\u00e0m n\u00ean h\u00ecnh d\u00e1ng m\u00f3n \u0103n m\u1ed9t c\u00e1ch ch\u00e2n th\u1ef1c g\u00e2y \u0111\u01b0\u1ee3c s\u1ef1 t\u00f2 m\u00f2, th\u00edch th\u00fa vui v\u1ebb.<\/p>\n<p><img decoding=\"async\" class=\"wp-image-27212 aligncenter\" src=\"https:\/\/havamall.vn\/wp-content\/uploads\/2022\/06\/93174560e230-300x242.png\" alt=\"\" width=\"572\" height=\"461\" srcset=\"https:\/\/havamall.vn\/wp-content\/uploads\/2022\/06\/93174560e230-300x242.png 300w, https:\/\/havamall.vn\/wp-content\/uploads\/2022\/06\/93174560e230-430x347.png 430w, https:\/\/havamall.vn\/wp-content\/uploads\/2022\/06\/93174560e230-150x121.png 150w, https:\/\/havamall.vn\/wp-content\/uploads\/2022\/06\/93174560e230-700x565.png 700w, https:\/\/havamall.vn\/wp-content\/uploads\/2022\/06\/93174560e230-768x620.png 768w, https:\/\/havamall.vn\/wp-content\/uploads\/2022\/06\/93174560e230-600x485.png 600w, https:\/\/havamall.vn\/wp-content\/uploads\/2022\/06\/93174560e230.png 800w\" sizes=\"(max-width: 572px) 100vw, 572px\" \/><\/p>\n<h3><strong>H\u01b0\u1edbng d\u1eabn s\u1eed d\u1ee5ng:<\/strong><\/h3>\n<p>&#8211; Cho g\u00f3i k\u1eb9o n\u1ed5 v\u00e0o ch\u1ea3o c\u00f9ng m\u1ed9t ch\u00fat n\u01b0\u1edbc th\u1ea1ch \u0111\u1ebfn khi c\u00f3 ti\u1ebfng x\u00e8o x\u00e8o nghe vui tai.<\/p>\n<p>&#8211; \u0110\u1ed5 ph\u1ea7n pudding l\u00ean tr\u00ean, r\u01b0\u1edbi th\u00eam ch\u00fat s\u1ed1t socola l\u00e0 c\u00f3 th\u1ec3 th\u01b0\u1edfng th\u1ee9c.<\/p>\n<p>S\u1ea3n ph\u1ea9m hi\u1ec7n \u0111\u00e3 c\u00f3 m\u1eb7t t\u1ea1i Havamall.<\/p>\n<p><img loading=\"lazy\" decoding=\"async\" class=\"wp-image-27213 aligncenter\" src=\"https:\/\/havamall.vn\/wp-content\/uploads\/2022\/06\/O1CN01pVkZEG1s5ydQE8qEs_2865785716-300x275.jpg\" alt=\"\" width=\"579\" height=\"531\" srcset=\"https:\/\/havamall.vn\/wp-content\/uploads\/2022\/06\/O1CN01pVkZEG1s5ydQE8qEs_2865785716-300x275.jpg 300w, https:\/\/havamall.vn\/wp-content\/uploads\/2022\/06\/O1CN01pVkZEG1s5ydQE8qEs_2865785716-430x393.jpg 430w, https:\/\/havamall.vn\/wp-content\/uploads\/2022\/06\/O1CN01pVkZEG1s5ydQE8qEs_2865785716-150x137.jpg 150w, https:\/\/havamall.vn\/wp-content\/uploads\/2022\/06\/O1CN01pVkZEG1s5ydQE8qEs_2865785716-700x641.jpg 700w, https:\/\/havamall.vn\/wp-content\/uploads\/2022\/06\/O1CN01pVkZEG1s5ydQE8qEs_2865785716-768x703.jpg 768w, https:\/\/havamall.vn\/wp-content\/uploads\/2022\/06\/O1CN01pVkZEG1s5ydQE8qEs_2865785716-600x549.jpg 600w, https:\/\/havamall.vn\/wp-content\/uploads\/2022\/06\/O1CN01pVkZEG1s5ydQE8qEs_2865785716.jpg 800w\" sizes=\"(max-width: 579px) 100vw, 579px\" \/><\/p>","protected":false},"excerpt":{"rendered":"<p>M\u00f4\u0323t h\u00f4\u0323p co\u0301 1 go\u0301i gia vi\u0323 \u0111\u00ea\u0309 ta\u0323o ti\u00ea\u0301ng n\u00f4\u0309 be\u0301p be\u0301p vui tai sau khi cho mi\u00ea\u0301ng tha\u0323ch<\/p>","protected":false},"featured_media":27214,"comment_status":"open","ping_status":"closed","template":"","meta":[],"product_brand":[],"product_cat":[36,133],"product_tag":[],"class_list":{"0":"post-27209","1":"product","2":"type-product","3":"status-publish","4":"has-post-thumbnail","6":"product_cat-thuc-pham-tieu-dung","7":"product_cat-banh-keo-chocolate","9":"first","10":"instock","11":"sale","12":"shipping-taxable","13":"purchasable","14":"product-type-simple"},"_links":{"self":[{"href":"https:\/\/havamall.vn\/en\/wp-json\/wp\/v2\/product\/27209"}],"collection":[{"href":"https:\/\/havamall.vn\/en\/wp-json\/wp\/v2\/product"}],"about":[{"href":"https:\/\/havamall.vn\/en\/wp-json\/wp\/v2\/types\/product"}],"replies":[{"embeddable":true,"href":"https:\/\/havamall.vn\/en\/wp-json\/wp\/v2\/comments?post=27209"}],"version-history":[{"count":0,"href":"https:\/\/havamall.vn\/en\/wp-json\/wp\/v2\/product\/27209\/revisions"}],"wp:featuredmedia":[{"embeddable":true,"href":"https:\/\/havamall.vn\/en\/wp-json\/wp\/v2\/media\/27214"}],"wp:attachment":[{"href":"https:\/\/havamall.vn\/en\/wp-json\/wp\/v2\/media?parent=27209"}],"wp:term":[{"taxonomy":"product_brand","embeddable":true,"href":"https:\/\/havamall.vn\/en\/wp-json\/wp\/v2\/product_brand?post=27209"},{"taxonomy":"product_cat","embeddable":true,"href":"https:\/\/havamall.vn\/en\/wp-json\/wp\/v2\/product_cat?post=27209"},{"taxonomy":"product_tag","embeddable":true,"href":"https:\/\/havamall.vn\/en\/wp-json\/wp\/v2\/product_tag?post=27209"}],"curies":[{"name":"wp","href":"https:\/\/api.w.org\/{rel}","templated":true}]}}