{"id":27201,"date":"2022-06-09T13:48:29","date_gmt":"2022-06-09T06:48:29","guid":{"rendered":"https:\/\/havamall.vn\/?post_type=product&#038;p=27201"},"modified":"2023-06-01T09:24:11","modified_gmt":"2023-06-01T02:24:11","slug":"keo-deo-xep-hinh-amos-gummy-mini-blox-goi-24g","status":"publish","type":"product","link":"https:\/\/havamall.vn\/en\/shop\/keo-deo-xep-hinh-amos-gummy-mini-blox-goi-24g\/","title":{"rendered":"K\u1eb9o D\u1ebbo X\u1ebfp H\u00ecnh Amos Gummy Mini Blox G\u00f3i 24g"},"content":{"rendered":"<div>\n<p>K\u1eb9o d\u1ebbo x\u1ebfp h\u00ecnh Amos \u00e0 s\u1ea3n ph\u1ea9m k\u1eb9o n\u1ed5i ti\u1ebfng c\u1ee7a \u0110\u00e0i Loan Thi\u1ebft k\u1ebf h\u00ecnh nh\u1eefng mi\u1ebfng gh\u00e9p h\u00ecnh nh\u1ecf x\u00edu xinh x\u1eafn v\u00e0 \u0111\u1ed9c \u0111\u00e1o s\u1ea3n xu\u1ea5t theo c\u00f4ng ngh\u1ec7 hi\u1ec7n \u0111\u1ea1i &#8211; Kh\u00f4ng ch\u1ee9a h\u00f3a ch\u1ea5t, ch\u1ea5t b\u1ea3o qu\u1ea3n \u0111\u1ed9c h\u1ea1iK\u1eb9o d\u1ebbo x\u1ebfp h\u00ecnh Amos v\u1edbi h\u00ecnh nh\u1eefng mi\u1ebfng gh\u00e9p h\u00ecnh nh\u1ecf x\u00edu xinh x\u1eafn v\u00e0 \u0111\u1ed9c \u0111\u00e1o. \u0110\u1eb7c bi\u1ec7t, k\u1eb9o x\u1ebfp h\u00ecnh c\u00f3 th\u1ec3 l\u1eafp gh\u00e9p v\u1edbi nhau t\u1ea1o ta nh\u1eefng m\u00f4 h\u00ecnh th\u00fa v\u1ecb theo s\u1ef1 s\u00e1ng t\u1ea1o c\u1ee7a b\u1ea1n.<\/p>\n<p><img fetchpriority=\"high\" decoding=\"async\" class=\"wp-image-27203 aligncenter\" src=\"https:\/\/havamall.vn\/wp-content\/uploads\/2022\/06\/240458824_10-300x300.png\" alt=\"\" width=\"649\" height=\"649\" srcset=\"https:\/\/havamall.vn\/wp-content\/uploads\/2022\/06\/240458824_10-300x300.png 300w, https:\/\/havamall.vn\/wp-content\/uploads\/2022\/06\/240458824_10-430x430.png 430w, https:\/\/havamall.vn\/wp-content\/uploads\/2022\/06\/240458824_10-150x150.png 150w, https:\/\/havamall.vn\/wp-content\/uploads\/2022\/06\/240458824_10-700x700.png 700w, https:\/\/havamall.vn\/wp-content\/uploads\/2022\/06\/240458824_10-768x768.png 768w, https:\/\/havamall.vn\/wp-content\/uploads\/2022\/06\/240458824_10-1024x1024.png 1024w, https:\/\/havamall.vn\/wp-content\/uploads\/2022\/06\/240458824_10-600x600.png 600w, https:\/\/havamall.vn\/wp-content\/uploads\/2022\/06\/240458824_10-100x100.png 100w, https:\/\/havamall.vn\/wp-content\/uploads\/2022\/06\/240458824_10.png 1080w\" sizes=\"(max-width: 649px) 100vw, 649px\" \/><\/p>\n<p>K\u1eb9o d\u1ebbo x\u1ebfp h\u00ecnh Amos ra \u0111\u1eddi mong mu\u1ed1n mang \u0111\u1ebfn nh\u1eefng tr\u1ea3i nghi\u1ec7m s\u00e1ng t\u1ea1o gi\u00fap b\u00e9 ph\u00e1t huy tr\u00ed t\u01b0\u1edfng t\u01b0\u1ee3ng c\u1ee7a b\u1ea3n th\u00e2n, kh\u01a1i g\u1ee3i t\u01b0 duy c\u1ea3m nh\u1eadn cu\u1ed9c s\u1ed1ng. Mang l\u1ea1i cho tr\u1ebb em nhi\u1ec1u s\u00e1ng t\u1ea1o m\u1edbi l\u1ea1, b\u00e9 v\u1eeba \u0103n v\u1eeba ng\u1eabu h\u1eefng t\u1ea1o ra nh\u1eefng h\u00ecnh \u1ea3nh ng\u1ed9 ngh\u0129nh \u0111\u00e1ng y\u00eau.<\/p>\n<p><img decoding=\"async\" class=\"wp-image-27204 aligncenter\" src=\"https:\/\/havamall.vn\/wp-content\/uploads\/2022\/06\/187214455_9667670241283-300x300.png\" alt=\"\" width=\"640\" height=\"640\" srcset=\"https:\/\/havamall.vn\/wp-content\/uploads\/2022\/06\/187214455_9667670241283-300x300.png 300w, https:\/\/havamall.vn\/wp-content\/uploads\/2022\/06\/187214455_9667670241283-430x430.png 430w, https:\/\/havamall.vn\/wp-content\/uploads\/2022\/06\/187214455_9667670241283-150x150.png 150w, https:\/\/havamall.vn\/wp-content\/uploads\/2022\/06\/187214455_9667670241283-700x700.png 700w, https:\/\/havamall.vn\/wp-content\/uploads\/2022\/06\/187214455_9667670241283-768x768.png 768w, https:\/\/havamall.vn\/wp-content\/uploads\/2022\/06\/187214455_9667670241283-1024x1024.png 1024w, https:\/\/havamall.vn\/wp-content\/uploads\/2022\/06\/187214455_9667670241283-600x600.png 600w, https:\/\/havamall.vn\/wp-content\/uploads\/2022\/06\/187214455_9667670241283-100x100.png 100w, https:\/\/havamall.vn\/wp-content\/uploads\/2022\/06\/187214455_9667670241283.png 1080w\" sizes=\"(max-width: 640px) 100vw, 640px\" \/><\/p>\n<p>S\u1ea3n ph\u1ea9m \u0111\u01b0\u1ee3c thi\u1ebft k\u1ebf bao b\u00ec nh\u1ecf xinh, d\u1ec5 d\u00e0ng mang theo \u0111\u1ec3 th\u01b0\u1edfng th\u1ee9c v\u00e0 chia s\u1ebb v\u1edbi ng\u01b0\u1eddi th\u00e2n, b\u1ea1n b\u00e8 m\u1ecdi l\u00fac, m\u1ecdi n\u01a1i.<\/p>\n<p>K\u1eb9o d\u1ebbo x\u1ebfp h\u00ecnh Amos \u0111\u01b0\u1ee3c s\u1ea3n xu\u1ea5t theo c\u00f4ng ngh\u1ec7 hi\u1ec7n \u0111\u1ea1i, m\u1ecdi kh\u00e2u t\u1eeb tuy\u1ec3n ch\u1ecdn nguy\u00ean li\u1ec7u t\u1edbi ch\u1ebf bi\u1ebfn, \u0111\u00f3ng bao b\u00ec \u0111\u1ec1u di\u1ec5n ra kh\u00e9p k\u00edn d\u01b0\u1edbi s\u1ef1 gi\u00e1m s\u00e1t v\u00e0 ki\u1ec3m tra nghi\u00eam ng\u1eb7t.<\/p>\n<p><img decoding=\"async\" class=\"wp-image-27205 aligncenter\" src=\"https:\/\/havamall.vn\/wp-content\/uploads\/2022\/06\/240670297-300x278.png\" alt=\"\" width=\"641\" height=\"594\" srcset=\"https:\/\/havamall.vn\/wp-content\/uploads\/2022\/06\/240670297-300x278.png 300w, https:\/\/havamall.vn\/wp-content\/uploads\/2022\/06\/240670297-430x399.png 430w, https:\/\/havamall.vn\/wp-content\/uploads\/2022\/06\/240670297-150x139.png 150w, https:\/\/havamall.vn\/wp-content\/uploads\/2022\/06\/240670297-700x649.png 700w, https:\/\/havamall.vn\/wp-content\/uploads\/2022\/06\/240670297-768x712.png 768w, https:\/\/havamall.vn\/wp-content\/uploads\/2022\/06\/240670297-1024x949.png 1024w, https:\/\/havamall.vn\/wp-content\/uploads\/2022\/06\/240670297-1200x1112.png 1200w, https:\/\/havamall.vn\/wp-content\/uploads\/2022\/06\/240670297-600x556.png 600w, https:\/\/havamall.vn\/wp-content\/uploads\/2022\/06\/240670297.png 1366w\" sizes=\"(max-width: 641px) 100vw, 641px\" \/><\/p>\n<p>S\u1ea3n ph\u1ea9m kh\u00f4ng ch\u1ee9a h\u00f3a ch\u1ea5t, ch\u1ea5t b\u1ea3o qu\u1ea3n \u0111\u1ed9c h\u1ea1i, \u0111\u1ea3m b\u1ea3o an to\u00e0n cho s\u1ee9c kh\u1ecfe ng\u01b0\u1eddi ti\u00eau d\u00f9ng.<\/p>\n<\/div>\n<div class=\"short-description\">K\u1eb9o m\u1ec1m Amos\u00a0c\u00f3 r\u1ea5t nhi\u1ec1u h\u01b0\u01a1ng v\u1ecb th\u01a1m ngon,\u00a0k\u1eb9o d\u1ebbo x\u1ebfp h\u00ecnh mini blox 4d Amos g\u00f3i 24g\u00a0c\u00f3 thi\u1ebft k\u1ebf bao b\u00ec b\u1eaft m\u1eaft, nhi\u1ec1u m\u00e0u s\u1eafc h\u1ea5p d\u1eabn tr\u1ebb em.\u00a0K\u1eb9o d\u1ebbo, k\u1eb9o marshmallow\u00a0\u0111\u01b0\u1ee3c c\u00e1c em nh\u1ecf r\u1ea5t \u01b0a th\u00edch b\u1edfi h\u01b0\u01a1ng v\u1ecb \u0111a d\u1ea1ng, th\u01a1m ngon. S\u1ea3n ph\u1ea9m kh\u00f4ng ch\u1ee9a c\u00e1c ch\u1ea5t g\u00e2y h\u1ea1i cho s\u1ee9c kh\u1ecfe.<\/div>\n<div><img loading=\"lazy\" decoding=\"async\" class=\"wp-image-27206 aligncenter\" src=\"https:\/\/havamall.vn\/wp-content\/uploads\/2022\/06\/280987100_119914345-300x300.png\" alt=\"\" width=\"645\" height=\"645\" srcset=\"https:\/\/havamall.vn\/wp-content\/uploads\/2022\/06\/280987100_119914345-300x300.png 300w, https:\/\/havamall.vn\/wp-content\/uploads\/2022\/06\/280987100_119914345-430x430.png 430w, https:\/\/havamall.vn\/wp-content\/uploads\/2022\/06\/280987100_119914345-150x150.png 150w, https:\/\/havamall.vn\/wp-content\/uploads\/2022\/06\/280987100_119914345-700x700.png 700w, https:\/\/havamall.vn\/wp-content\/uploads\/2022\/06\/280987100_119914345-768x768.png 768w, https:\/\/havamall.vn\/wp-content\/uploads\/2022\/06\/280987100_119914345-1024x1024.png 1024w, https:\/\/havamall.vn\/wp-content\/uploads\/2022\/06\/280987100_119914345-1200x1199.png 1200w, https:\/\/havamall.vn\/wp-content\/uploads\/2022\/06\/280987100_119914345-600x600.png 600w, https:\/\/havamall.vn\/wp-content\/uploads\/2022\/06\/280987100_119914345-100x100.png 100w, https:\/\/havamall.vn\/wp-content\/uploads\/2022\/06\/280987100_119914345.png 2048w\" sizes=\"(max-width: 645px) 100vw, 645px\" \/><\/div>\n<div>\n<h3><strong>\u0110\u1eb7c t\u00ednh n\u1ed5i b\u1eadt c\u1ee7a s\u1ea3n ph\u1ea9m:<\/strong><\/h3>\n<p>&gt; K\u1eb9o d\u1ebbo l\u1ea5y c\u1ea3m h\u1ee9ng t\u1eeb nh\u1eefng kh\u1ed1i x\u1ebfp h\u00ecnh gh\u00e9p l\u1ea1i v\u1edbi nhau \u0111\u1ec3 t\u1ea1o nh\u1eefng h\u00ecnh d\u00e1ng nh\u00e2n v\u1eadt hay \u0111\u1ed3 ch\u01a1i\u00a0m\u00e0 b\u00e9 y\u00eau th\u00edch,\u00a0ph\u00f9 h\u1ee3p cho b\u00e9\u00a0v\u1edbi\u00a0m\u00e0u s\u1eafc ph\u1ed1i h\u1ee3p c\u00e0ng t\u0103ng n\u00e9t s\u1ed1ng \u0111\u1ed9ng y nh\u01b0 th\u1eadt, nh\u1edd \u0111\u00f3 t\u1ea1o cho\u00a0b\u00e9 tr\u00ed\u00a0t\u01b0\u1edfng t\u01b0\u1edfng v\u00e0\u00a0\u0111\u01b0\u1ee3c kh\u00e1m ph\u00e1 nh\u1eefng c\u00e1ch s\u00e1ng t\u1ea1o m\u1edbi, v\u1eeba \u0103n\u00a0\u0111\u01b0\u1ee3c l\u1ea1i c\u00f2n h\u1ecdc \u0111\u01b0\u1ee3c nhi\u1ec1u \u0111i\u1ec1u th\u00fa v\u1ecb.<\/p>\n<p>&gt; Ph\u00f9 h\u1ee3p v\u1edbi nhi\u1ec1u \u0111\u1ed9 tu\u1ed5i t\u1eeb 3 tu\u1ed5i \u0111\u1ebfn 15\u00a0tu\u1ed5i.<\/p>\n<p>&gt; K\u1eb9o d\u1ebbo \u0111\u01b0\u1ee3c s\u1ea3n xu\u1ea5t t\u1eebng chi ti\u1ebft c\u00f4ng phu\u00a0theo c\u00f4ng ngh\u1ec7 3D \u0111\u1ed9c \u0111\u00e1o nhi\u1ec1u m\u00e0u s\u1eafc chuy\u1ec3n \u0111\u1ed9ng l\u00e0m n\u00ean h\u00ecnh d\u00e1ng m\u00f3n \u0103n m\u1ed9t c\u00e1ch ch\u00e2n th\u1ef1c g\u00e2y \u0111\u01b0\u1ee3c s\u1ef1 t\u00f2 m\u00f2, th\u00edch th\u00fa vui v\u1ebb cho b\u00e9.<\/p>\n<p><img loading=\"lazy\" decoding=\"async\" class=\"wp-image-27207 aligncenter\" src=\"https:\/\/havamall.vn\/wp-content\/uploads\/2022\/06\/245405585-300x256.png\" alt=\"\" width=\"638\" height=\"544\" srcset=\"https:\/\/havamall.vn\/wp-content\/uploads\/2022\/06\/245405585-300x256.png 300w, https:\/\/havamall.vn\/wp-content\/uploads\/2022\/06\/245405585-430x367.png 430w, https:\/\/havamall.vn\/wp-content\/uploads\/2022\/06\/245405585-150x128.png 150w, https:\/\/havamall.vn\/wp-content\/uploads\/2022\/06\/245405585-700x597.png 700w, https:\/\/havamall.vn\/wp-content\/uploads\/2022\/06\/245405585-768x655.png 768w, https:\/\/havamall.vn\/wp-content\/uploads\/2022\/06\/245405585-1024x873.png 1024w, https:\/\/havamall.vn\/wp-content\/uploads\/2022\/06\/245405585-600x512.png 600w, https:\/\/havamall.vn\/wp-content\/uploads\/2022\/06\/245405585.png 1080w\" sizes=\"(max-width: 638px) 100vw, 638px\" \/><\/p>\n<\/div>","protected":false},"excerpt":{"rendered":"<p>K\u1eb9o d\u1ebbo x\u1ebfp h\u00ecnh Amos \u00e0 s\u1ea3n ph\u1ea9m k\u1eb9o n\u1ed5i ti\u1ebfng c\u1ee7a \u0110\u00e0i Loan Thi\u1ebft k\u1ebf h\u00ecnh nh\u1eefng mi\u1ebfng gh\u00e9p<\/p>","protected":false},"featured_media":27208,"comment_status":"open","ping_status":"closed","template":"","meta":[],"product_brand":[],"product_cat":[36,133],"product_tag":[],"class_list":{"0":"post-27201","1":"product","2":"type-product","3":"status-publish","4":"has-post-thumbnail","6":"product_cat-thuc-pham-tieu-dung","7":"product_cat-banh-keo-chocolate","9":"first","10":"outofstock","11":"sale","12":"shipping-taxable","13":"purchasable","14":"product-type-simple"},"_links":{"self":[{"href":"https:\/\/havamall.vn\/en\/wp-json\/wp\/v2\/product\/27201"}],"collection":[{"href":"https:\/\/havamall.vn\/en\/wp-json\/wp\/v2\/product"}],"about":[{"href":"https:\/\/havamall.vn\/en\/wp-json\/wp\/v2\/types\/product"}],"replies":[{"embeddable":true,"href":"https:\/\/havamall.vn\/en\/wp-json\/wp\/v2\/comments?post=27201"}],"version-history":[{"count":0,"href":"https:\/\/havamall.vn\/en\/wp-json\/wp\/v2\/product\/27201\/revisions"}],"wp:featuredmedia":[{"embeddable":true,"href":"https:\/\/havamall.vn\/en\/wp-json\/wp\/v2\/media\/27208"}],"wp:attachment":[{"href":"https:\/\/havamall.vn\/en\/wp-json\/wp\/v2\/media?parent=27201"}],"wp:term":[{"taxonomy":"product_brand","embeddable":true,"href":"https:\/\/havamall.vn\/en\/wp-json\/wp\/v2\/product_brand?post=27201"},{"taxonomy":"product_cat","embeddable":true,"href":"https:\/\/havamall.vn\/en\/wp-json\/wp\/v2\/product_cat?post=27201"},{"taxonomy":"product_tag","embeddable":true,"href":"https:\/\/havamall.vn\/en\/wp-json\/wp\/v2\/product_tag?post=27201"}],"curies":[{"name":"wp","href":"https:\/\/api.w.org\/{rel}","templated":true}]}}