{"id":27192,"date":"2022-06-09T11:38:41","date_gmt":"2022-06-09T04:38:41","guid":{"rendered":"https:\/\/havamall.vn\/?post_type=product&#038;p=27192"},"modified":"2023-06-14T09:56:29","modified_gmt":"2023-06-14T02:56:29","slug":"keo-do-choi-vovo-kem-sua-va-kem-cacao-hat-phi","status":"publish","type":"product","link":"https:\/\/havamall.vn\/en\/shop\/keo-do-choi-vovo-kem-sua-va-kem-cacao-hat-phi\/","title":{"rendered":"K\u1eb9o \u0110\u1ed3 Ch\u01a1i Vovo Kem S\u1eefa V\u00e0 Kem Cacao H\u1ea1t Ph\u1ec9"},"content":{"rendered":"<p>M\u1ed7i h\u1ed9p k\u1eb9o c\u00f3 m\u1ed9t m\u00f3n \u0111\u1ed3 ch\u01a1i, b\u00e9 c\u00f3 th\u1ec3 v\u1eeba \u0103n v\u1eeba ch\u01a1i v\u00e0 v\u1eeba h\u1ecdc n\u1eefa.\u00a0K\u1eb9o \u0111\u1ed3 ch\u01a1i Vovo kem s\u1eefa v\u00e0 kem cacao h\u1ea1t ph\u1ec9\u00a0cao c\u1ea5p, th\u01a1m ngon v\u00e0 ti\u1ec7n l\u1ee3i, ng\u1ed9 ngh\u0129nh, \u0111\u00e1ng y\u00eau v\u00e0 d\u1ec5 b\u1ecf t\u00fai mang theo ng\u01b0\u1eddi ra ngo\u00e0i ch\u01a1i.<\/p>\n<p>V\u1edbi nhi\u1ec1u lo\u1ea1i \u0111\u1ed3 ch\u01a1i \u0111a d\u1ea1ng b\u00ean trong, s\u1ebd khi\u1ebfn c\u00e1c b\u00e9 th\u00edch th\u00fa khi m\u1edf , c\u00f9ng socola ch\u1ea5t l\u01b0\u1ee3ng , c\u00e1c m\u1eb9 c\u00f3 th\u1ec3 l\u00e0m qu\u00e0 th\u01b0\u1edfng nho nh\u1ecf cho c\u00e1c b\u00e9. D\u00f2ng k\u1eb9o Socola nh\u1eadp kh\u1ea9u, c\u00f3 k\u00e8m \u0111\u1ed3 ch\u01a1i v\u00e0o, c\u00e1c b\u1ea1n nh\u1ecf v\u1eeba \u0111\u01b0\u1ee3c \u0103n v\u1eeba \u0111\u01b0\u1ee3c \u201ct\u00f2 m\u00f2\u201d \u0111o\u00e1n v\u00e0 l\u1eafp gh\u00e9p \u0111\u1ed3 ch\u01a1i, r\u1ea5t th\u00fa v\u1ecb.<\/p>\n<p><img fetchpriority=\"high\" decoding=\"async\" class=\"wp-image-27193 aligncenter\" src=\"https:\/\/havamall.vn\/wp-content\/uploads\/2022\/06\/278845842_-300x251.png\" alt=\"\" width=\"670\" height=\"560\" srcset=\"https:\/\/havamall.vn\/wp-content\/uploads\/2022\/06\/278845842_-300x251.png 300w, https:\/\/havamall.vn\/wp-content\/uploads\/2022\/06\/278845842_-430x360.png 430w, https:\/\/havamall.vn\/wp-content\/uploads\/2022\/06\/278845842_-150x126.png 150w, https:\/\/havamall.vn\/wp-content\/uploads\/2022\/06\/278845842_.png 1000w\" sizes=\"(max-width: 670px) 100vw, 670px\" \/><\/p>\n<p>K\u1eb9o \u0111\u1ed3 ch\u01a1i Vovo kem s\u1eefa v\u00e0 kem cacao h\u1ea1t ph\u1ec9 l\u00e0 m\u00f3n y\u00eau th\u00edch c\u1ee7a nhi\u1ec1u b\u00e9 tr\u00ean th\u1ebf gi\u1edbi, k\u00edch th\u00edch tr\u00ed t\u00f2 m\u00f2 v\u00e0 mong mu\u1ed1n kh\u00e1m ph\u00e1 th\u1ebf gi\u1edbi c\u1ee7a b\u00e9, th\u00edch h\u1ee3p cho b\u00e9 t\u1eeb 3 &#8211; 12 tu\u1ed5i.<\/p>\n<p>K\u1eb9o \u0111\u1ed3 ch\u01a1i Vovo kem s\u1eefa v\u00e0 kem cacao h\u1ea1t ph\u1ec9 \u0111\u01b0\u1ee3c thi\u1ebft k\u1ebf m\u1ed7i h\u1ed9p v\u1edbi h\u00ecnh m\u1ed9t lo\u00e0i \u0111\u1ed9ng v\u1eadt ng\u1ed9 ngh\u0129nh v\u1edbi hai ph\u1ea7n ri\u00eang bi\u1ec7t khi t\u00e1ch ra, m\u00e0u s\u1eafc t\u01b0\u01a1i s\u00e1ng, b\u1eaft m\u1eaft. M\u1ed9t n\u1eeda h\u1ed9p ch\u1ee9a socola kem s\u1eefa k\u1ebft h\u1ee3p v\u1edbi nh\u00e2n kem s\u1eefa cacao h\u1ea1t ph\u1ec9, b\u00e9o ng\u1eady, b\u1ed5 sung d\u01b0\u1ee1ng ch\u1ea5t v\u00e0 cung c\u1ea5p n\u0103ng l\u01b0\u1ee3ng cho c\u01a1 th\u1ec3.<\/p>\n<p><img decoding=\"async\" class=\"wp-image-27195 aligncenter\" src=\"https:\/\/havamall.vn\/wp-content\/uploads\/2022\/06\/281443189-300x300.png\" alt=\"\" width=\"672\" height=\"672\" srcset=\"https:\/\/havamall.vn\/wp-content\/uploads\/2022\/06\/281443189-300x300.png 300w, https:\/\/havamall.vn\/wp-content\/uploads\/2022\/06\/281443189-430x430.png 430w, https:\/\/havamall.vn\/wp-content\/uploads\/2022\/06\/281443189-150x150.png 150w, https:\/\/havamall.vn\/wp-content\/uploads\/2022\/06\/281443189-700x700.png 700w, https:\/\/havamall.vn\/wp-content\/uploads\/2022\/06\/281443189-768x768.png 768w, https:\/\/havamall.vn\/wp-content\/uploads\/2022\/06\/281443189-1024x1024.png 1024w, https:\/\/havamall.vn\/wp-content\/uploads\/2022\/06\/281443189-600x600.png 600w, https:\/\/havamall.vn\/wp-content\/uploads\/2022\/06\/281443189-100x100.png 100w, https:\/\/havamall.vn\/wp-content\/uploads\/2022\/06\/281443189.png 1080w\" sizes=\"(max-width: 672px) 100vw, 672px\" \/><\/p>\n<p>N\u1eeda c\u00f2n l\u1ea1i ch\u1ee9a m\u1ed9t m\u00f3n \u0111\u1ed3 ch\u01a1i nh\u1ecf nh\u01b0 xe h\u01a1i, m\u00e1y bay, t\u00e0u v\u0169 tr\u1ee5 hay c\u00e1c con v\u1eadt \u0111\u00e1ng y\u00eau, g\u00e2y ng\u1ea1c nhi\u00ean v\u00e0 g\u1ee3i s\u1ef1 kh\u00e1m ph\u00e1 cho b\u00e9. \u0110\u00e2y l\u00e0 ph\u1ea7n \u0111\u01b0\u1ee3c nhi\u1ec1u b\u00e9 mong ch\u1edd nh\u1ea5t khi th\u01b0\u1edfng th\u1ee9c k\u1eb9o Vovo.<\/p>\n<p style=\"font-weight: 400\">N\u00f3 h\u1ea5p d\u1eabn c\u1ea3 ng\u01b0\u1eddi l\u1edbn v\u00e0 tr\u1ebb em b\u1edfi h\u01b0\u01a1ng v\u1ecb socola s\u1eefa \u0111\u01b0\u1ee3c l\u00e0m t\u1eeb kem s\u1eefa v\u00e0 kem cacao h\u1ea1t ph\u1ec9. \u1ea8n ch\u1ee9a b\u00ean trong m\u1ed7i h\u1ed9p k\u1eb9o l\u00e0 m\u1ed9t m\u00f3n \u0111\u1ed3 ch\u01a1i nh\u1ecf xinh. C\u00e1c b\u00e9 bi\u1ebft \u0111\u01b0\u1ee3c m\u00f3n \u0111\u1ed3 b\u00ean trong l\u00e0 g\u00ec ch\u1ec9 khi b\u00f3c h\u1ed9p. V\u00ec th\u1ebf \u0111\u00e2y kh\u00f4ng ch\u1ec9 l\u00e0 m\u00f3n \u0103n b\u1ed5 d\u01b0\u1ee1ng m\u00e0 c\u00f2n l\u00e0 nh\u1eefng kh\u00e1m ph\u00e1 th\u00fa v\u1ecb c\u1ee7a b\u00e9 v\u1ec1 th\u1ebf gi\u1edbi xung quanh ho\u1eb7c nh\u00e2n v\u1eadt y\u00eau th\u00edch.<\/p>\n<p><img decoding=\"async\" class=\"wp-image-27197 aligncenter\" src=\"https:\/\/havamall.vn\/wp-content\/uploads\/2022\/06\/282285132-300x251.png\" alt=\"\" width=\"654\" height=\"547\" srcset=\"https:\/\/havamall.vn\/wp-content\/uploads\/2022\/06\/282285132-300x251.png 300w, https:\/\/havamall.vn\/wp-content\/uploads\/2022\/06\/282285132-430x360.png 430w, https:\/\/havamall.vn\/wp-content\/uploads\/2022\/06\/282285132-150x126.png 150w, https:\/\/havamall.vn\/wp-content\/uploads\/2022\/06\/282285132-700x587.png 700w, https:\/\/havamall.vn\/wp-content\/uploads\/2022\/06\/282285132-768x644.png 768w, https:\/\/havamall.vn\/wp-content\/uploads\/2022\/06\/282285132-600x503.png 600w, https:\/\/havamall.vn\/wp-content\/uploads\/2022\/06\/282285132.png 1000w\" sizes=\"(max-width: 654px) 100vw, 654px\" \/><\/p>\n<h3><strong>\u0110\u1eb7c \u0111i\u1ec3m c\u1ee7a s\u1ea3n ph\u1ea9m:<\/strong><\/h3>\n<p>&#8211; K\u1eb9o \u0111\u1ed3 ch\u01a1i Vovo \u0111\u01b0\u1ee3c thi\u1ebft k\u1ebf h\u00ecnh qu\u1ea3 tr\u1ee9ng d\u00e1ng ng\u1ed9 ngh\u0129nh v\u1edbi hai ph\u1ea7n ri\u00eang bi\u1ec7t khi t\u00e1ch ra, m\u00e0u s\u1eafc t\u01b0\u01a1i s\u00e1ng, b\u1eaft m\u1eaft.<\/p>\n<p>&#8211; K\u1eb9o ch\u1ee9a kem s\u1eefa k\u1ebft h\u1ee3p v\u1edbi nh\u00e2n kem cacao h\u1ea1t ph\u1ec9 th\u01a1m ngon, b\u00e9o ng\u1eady, b\u1ed5 sung d\u01b0\u1ee1ng ch\u1ea5t v\u00e0 cung c\u1ea5p n\u0103ng l\u01b0\u1ee3ng cho c\u01a1 th\u1ec3.<\/p>\n<p>&#8211; S\u1ea3n ph\u1ea9m c\u00f3 \u0111i k\u00e8m th\u00eca nh\u1ef1a an to\u00e0n, nh\u1ecf nh\u1eafn, thu\u1eadn ti\u1ec7n cho b\u00e9 x\u00fac \u0103n.<\/p>\n<p><img loading=\"lazy\" decoding=\"async\" class=\"wp-image-27194 aligncenter\" src=\"https:\/\/havamall.vn\/wp-content\/uploads\/2022\/06\/Untitled-300x215.png\" alt=\"\" width=\"668\" height=\"479\" srcset=\"https:\/\/havamall.vn\/wp-content\/uploads\/2022\/06\/Untitled-300x215.png 300w, https:\/\/havamall.vn\/wp-content\/uploads\/2022\/06\/Untitled-430x308.png 430w, https:\/\/havamall.vn\/wp-content\/uploads\/2022\/06\/Untitled-150x107.png 150w, https:\/\/havamall.vn\/wp-content\/uploads\/2022\/06\/Untitled-700x501.png 700w, https:\/\/havamall.vn\/wp-content\/uploads\/2022\/06\/Untitled-768x549.png 768w, https:\/\/havamall.vn\/wp-content\/uploads\/2022\/06\/Untitled-600x429.png 600w, https:\/\/havamall.vn\/wp-content\/uploads\/2022\/06\/Untitled.png 948w\" sizes=\"(max-width: 668px) 100vw, 668px\" \/><\/p>","protected":false},"excerpt":{"rendered":"<p>M\u1ed7i h\u1ed9p k\u1eb9o c\u00f3 m\u1ed9t m\u00f3n \u0111\u1ed3 ch\u01a1i, b\u00e9 c\u00f3 th\u1ec3 v\u1eeba \u0103n v\u1eeba ch\u01a1i v\u00e0 v\u1eeba h\u1ecdc n\u1eefa.\u00a0K\u1eb9o \u0111\u1ed3<\/p>","protected":false},"featured_media":27198,"comment_status":"open","ping_status":"closed","template":"","meta":[],"product_brand":[],"product_cat":[130,36,133],"product_tag":[],"class_list":{"0":"post-27192","1":"product","2":"type-product","3":"status-publish","4":"has-post-thumbnail","6":"product_cat-khuyen-mai","7":"product_cat-thuc-pham-tieu-dung","8":"product_cat-banh-keo-chocolate","10":"first","11":"outofstock","12":"sale","13":"shipping-taxable","14":"purchasable","15":"product-type-simple"},"_links":{"self":[{"href":"https:\/\/havamall.vn\/en\/wp-json\/wp\/v2\/product\/27192"}],"collection":[{"href":"https:\/\/havamall.vn\/en\/wp-json\/wp\/v2\/product"}],"about":[{"href":"https:\/\/havamall.vn\/en\/wp-json\/wp\/v2\/types\/product"}],"replies":[{"embeddable":true,"href":"https:\/\/havamall.vn\/en\/wp-json\/wp\/v2\/comments?post=27192"}],"version-history":[{"count":0,"href":"https:\/\/havamall.vn\/en\/wp-json\/wp\/v2\/product\/27192\/revisions"}],"wp:featuredmedia":[{"embeddable":true,"href":"https:\/\/havamall.vn\/en\/wp-json\/wp\/v2\/media\/27198"}],"wp:attachment":[{"href":"https:\/\/havamall.vn\/en\/wp-json\/wp\/v2\/media?parent=27192"}],"wp:term":[{"taxonomy":"product_brand","embeddable":true,"href":"https:\/\/havamall.vn\/en\/wp-json\/wp\/v2\/product_brand?post=27192"},{"taxonomy":"product_cat","embeddable":true,"href":"https:\/\/havamall.vn\/en\/wp-json\/wp\/v2\/product_cat?post=27192"},{"taxonomy":"product_tag","embeddable":true,"href":"https:\/\/havamall.vn\/en\/wp-json\/wp\/v2\/product_tag?post=27192"}],"curies":[{"name":"wp","href":"https:\/\/api.w.org\/{rel}","templated":true}]}}