{"id":27039,"date":"2022-06-02T16:06:34","date_gmt":"2022-06-02T09:06:34","guid":{"rendered":"https:\/\/havamall.vn\/?post_type=product&#038;p=27039"},"modified":"2022-06-02T16:11:15","modified_gmt":"2022-06-02T09:11:15","slug":"sandwich-ca-eb-malaysia-500g-fish-sandwich","status":"publish","type":"product","link":"https:\/\/havamall.vn\/en\/shop\/sandwich-ca-eb-malaysia-500g-fish-sandwich\/","title":{"rendered":"Sandwich C\u00e1 EB Malaysia 500g &#8211; Fish Sandwich"},"content":{"rendered":"<h3><strong>TH\u00d4NG TIN S\u1ea2N PH\u1ea8M<\/strong><\/h3>\n<table>\n<tbody>\n<tr>\n<td>Th\u01b0\u01a1ng hi\u1ec7u<\/td>\n<td>EB<\/td>\n<\/tr>\n<tr>\n<td>Xu\u1ea5t x\u1ee9<\/td>\n<td>Malaysia<\/td>\n<\/tr>\n<tr>\n<td>Th\u00e0nh ph\u1ea7n<\/td>\n<td>Th\u1ecbt c\u00e1, d\u1ea7u c\u1ecd, protein \u0111\u1eadu n\u00e0nh, tinh b\u1ed9t s\u1eafn, b\u1ed9t l\u00f2ng tr\u1eafng tr\u1ee9ng, h\u00e0nh l\u00e1, c\u00e0 r\u1ed1t,&#8230;<\/td>\n<\/tr>\n<tr>\n<td>H\u1ea1n s\u1eed d\u1ee5ng<\/td>\n<td>24 th\u00e1ng k\u1ec3 t\u1eeb ng\u00e0y s\u1ea3n xu\u1ea5t.<\/td>\n<\/tr>\n<tr>\n<td>B\u1ea3o qu\u1ea3n<\/td>\n<td>B\u1ea3o qu\u1ea3n \u1edf nhi\u1ec7t \u0111\u1ed9 -18 \u0111\u1ed9 C<\/td>\n<\/tr>\n<tr>\n<td>Kh\u1ed1i l\u01b0\u1ee3ng<\/td>\n<td>500g<\/td>\n<\/tr>\n<\/tbody>\n<\/table>\n<p>Sau khi th\u00e0nh l\u1eadp \u0111\u01b0\u1ee3c v\u00e0i n\u0103m (k\u1ec3 t\u1eeb 2015), EB Food \u0111\u00e3 ng\u00e0y c\u00e0ng tr\u1edf n\u00ean l\u1edbn m\u1ea1nh v\u00e0 \u0111\u01b0\u1ee3c nhi\u1ec1u ng\u01b0\u1eddi d\u00e2n tin d\u00f9ng v\u1edbi nh\u1eefng th\u1ef1c ph\u1ea9m protein n\u1ed5i b\u1eadt nh\u01b0\u00a0\u0111\u1eadu h\u1ee7 ph\u00f4 mai,\u00a0\u0111\u1eadu h\u1ee7 c\u00e1, t\u00f4m h\u00f9m \u0111\u1ea5t vi\u00ean,\u00a0sandwich c\u00e1,h\u1ee7 tr\u00fac cu\u1ed9n\u2026<\/p>\n<p><img fetchpriority=\"high\" decoding=\"async\" class=\"wp-image-27040 aligncenter\" src=\"https:\/\/havamall.vn\/wp-content\/uploads\/2022\/06\/71911932_232-300x281.png\" alt=\"\" width=\"686\" height=\"643\" srcset=\"https:\/\/havamall.vn\/wp-content\/uploads\/2022\/06\/71911932_232-300x281.png 300w, https:\/\/havamall.vn\/wp-content\/uploads\/2022\/06\/71911932_232-430x403.png 430w, https:\/\/havamall.vn\/wp-content\/uploads\/2022\/06\/71911932_232-150x141.png 150w, https:\/\/havamall.vn\/wp-content\/uploads\/2022\/06\/71911932_232-700x656.png 700w, https:\/\/havamall.vn\/wp-content\/uploads\/2022\/06\/71911932_232-768x720.png 768w, https:\/\/havamall.vn\/wp-content\/uploads\/2022\/06\/71911932_232-1024x960.png 1024w, https:\/\/havamall.vn\/wp-content\/uploads\/2022\/06\/71911932_232-1200x1125.png 1200w, https:\/\/havamall.vn\/wp-content\/uploads\/2022\/06\/71911932_232-600x563.png 600w, https:\/\/havamall.vn\/wp-content\/uploads\/2022\/06\/71911932_232.png 1667w\" sizes=\"(max-width: 686px) 100vw, 686px\" \/><\/p>\n<p>Sandwich C\u00e1 EB Malaysia 500g c\u00f3 h\u00ecnh d\u00e1ng nh\u01b0 m\u1ed9t chi\u1ebfc b\u00e1nh k\u1eb9p mini nh\u1ecf xinh, \u0111\u01b0\u1ee3c l\u00e0m t\u1eeb th\u1ecbt c\u00e1 t\u01b0\u01a1i xay nhuy\u1ec5n, c\u00f3 \u0111\u1ed9 m\u1ec1m dai v\u1eeba ph\u1ea3i, \u0111\u00e2y c\u00f3 th\u1ec3 n\u00f3i l\u00e0 m\u1ed9t s\u1ef1 k\u1ebfp h\u1ee3p ho\u00e0n h\u1ea3o h\u1ee9a h\u1eb9n mang l\u1ea1i cho b\u1ea1n n\u1ed3i l\u1ea9u v\u1edbi nh\u1eefng vi\u00ean topping \u0111\u1eb9p m\u1eaft v\u00e0 h\u1ea5p d\u1eabn.<\/p>\n<p>Sandwich c\u00e1 h\u1ed3i, th\u01a1m ngon, b\u1ed5 d\u01b0\u1ee1ng l\u1ea1i v\u00f4 c\u00f9ng ti\u1ec7n l\u1ee3i cho vi\u1ec7c ch\u1ebf bi\u1ebfn, s\u1ea3n ph\u1ea9m sau khi chi\u00ean hay l\u1ea9u c\u00f3 \u0111\u1ed9 gi\u00f2n, dai, v\u1ecb ng\u1ecdt t\u1ef1 nhi\u00ean; v\u1eeba th\u01a1m ngon v\u1eeba an to\u00e0n, \u0111\u1ea3m b\u1ea3o s\u1ee9c kh\u1ecfe cho ng\u01b0\u1eddi ti\u00eau d\u00f9ng.<\/p>\n<p><img decoding=\"async\" class=\"wp-image-27041 aligncenter\" src=\"https:\/\/havamall.vn\/wp-content\/uploads\/2022\/06\/60930445_-300x300.png\" alt=\"\" width=\"687\" height=\"687\" srcset=\"https:\/\/havamall.vn\/wp-content\/uploads\/2022\/06\/60930445_-300x300.png 300w, https:\/\/havamall.vn\/wp-content\/uploads\/2022\/06\/60930445_-430x430.png 430w, https:\/\/havamall.vn\/wp-content\/uploads\/2022\/06\/60930445_-150x150.png 150w, https:\/\/havamall.vn\/wp-content\/uploads\/2022\/06\/60930445_-700x700.png 700w, https:\/\/havamall.vn\/wp-content\/uploads\/2022\/06\/60930445_-768x768.png 768w, https:\/\/havamall.vn\/wp-content\/uploads\/2022\/06\/60930445_-600x600.png 600w, https:\/\/havamall.vn\/wp-content\/uploads\/2022\/06\/60930445_-100x100.png 100w, https:\/\/havamall.vn\/wp-content\/uploads\/2022\/06\/60930445_.png 800w\" sizes=\"(max-width: 687px) 100vw, 687px\" \/><\/p>\n<p>Th\u00e0nh ph\u1ea7n ch\u1ee7 y\u1ebfu c\u1ee7a sandwich C\u00e1 EB Malaysia 500g l\u00e0 th\u1ecbt c\u00e1 h\u1ed3i\u00a0surimi, th\u1ecbt c\u00e1 m\u1ec1m dai c\u00f3 v\u1ecb r\u1ea5t ngon, khi chi\u00ean ho\u1eb7c n\u1ea5u l\u1ea9u th\u00ec mi\u1ebfng c\u00e1 h\u1ed3i sandwich tr\u1edf n\u00ean b\u00f3ng b\u1ea9y r\u1ea5t \u0111\u1eb9p m\u1eaft.<\/p>\n<p>Sandwich C\u00e1 EB Malaysia 500g \u0103n k\u00e8m v\u1edbi s\u1ed1t t\u01b0\u01a1ng \u1edbt, t\u01b0\u01a1ng c\u00e0, s\u1ed1t kewpie, d\u00f9ng l\u00e0m vi\u00ean th\u1ea3 l\u1ea9u ho\u1eb7c ch\u1ebf bi\u1ebfn k\u00e8m b\u00e1nh g\u1ea1o cay tokbokki. \u0110\u00e2y l\u00e0 m\u00f3n \u0103n cung c\u1ea5p \u0111\u1ea7y \u0111\u1ee7 ch\u1ea5t dinh d\u01b0\u1ee1ng, d\u1ec5 \u0103n v\u00e0 d\u1ec5 d\u00e0ng ch\u1ebf bi\u1ebfn. Ph\u00f9 h\u1ee3p cho c\u00e1 ng\u01b0\u1eddi l\u1edbn v\u00e0 tr\u1ebb em.<\/p>\n<p><img decoding=\"async\" class=\"wp-image-27042 aligncenter\" src=\"https:\/\/havamall.vn\/wp-content\/uploads\/2022\/06\/27268205-300x188.png\" alt=\"\" width=\"694\" height=\"435\" srcset=\"https:\/\/havamall.vn\/wp-content\/uploads\/2022\/06\/27268205-300x188.png 300w, https:\/\/havamall.vn\/wp-content\/uploads\/2022\/06\/27268205-430x269.png 430w, https:\/\/havamall.vn\/wp-content\/uploads\/2022\/06\/27268205-150x94.png 150w, https:\/\/havamall.vn\/wp-content\/uploads\/2022\/06\/27268205-700x438.png 700w, https:\/\/havamall.vn\/wp-content\/uploads\/2022\/06\/27268205-768x481.png 768w, https:\/\/havamall.vn\/wp-content\/uploads\/2022\/06\/27268205-1024x641.png 1024w, https:\/\/havamall.vn\/wp-content\/uploads\/2022\/06\/27268205-1200x751.png 1200w, https:\/\/havamall.vn\/wp-content\/uploads\/2022\/06\/27268205-600x376.png 600w, https:\/\/havamall.vn\/wp-content\/uploads\/2022\/06\/27268205.png 1920w\" sizes=\"(max-width: 694px) 100vw, 694px\" \/><\/p>\n<p>\u0110\u01b0\u1ee3c s\u1ea3n xu\u1ea5t tr\u00ean d\u00e2y chuy\u1ec1n hi\u1ec7n \u0111\u1ea1i c\u00f9ng v\u1edbi nh\u1eefng nguy\u00ean li\u1ec7u \u0111\u01b0\u1ee3c ch\u1ecdn l\u1ecdc \u0111\u1ea3m b\u1ea3o an to\u00e0n tuy\u1ec7t \u0111\u1ed1i cho ng\u01b0\u1eddi d\u00f9ng. S\u1ea3n ph\u1ea9m \u0111\u01b0\u1ee3c thi\u1ebft k\u1ebf \u0111\u1ec3 gi\u00fap ch\u1ecb em ph\u1ee5 n\u1eef d\u1ec5 d\u00e0ng c\u0169ng nh\u01b0 ti\u1ebft ki\u1ec7m \u0111\u01b0\u1ee3c th\u1eddi gian khi n\u1ea5u \u0103n.<\/p>\n<h3><strong>H\u01b0\u1edbng d\u1eabn s\u1eed d\u1ee5ng:<\/strong><\/h3>\n<p>&#8211; S\u1ea3n ph\u1ea9m \u0111\u01b0\u1ee3c r\u00e3 \u0111\u00f4ng tr\u01b0\u1edbc khi n\u1ea5u t\u1eeb 30-60 ph\u00fat<\/p>\n<p>&#8211; Chi\u00ean gi\u00f2n: Chi\u00ean \u1edf nhi\u1ec7t \u0111\u1ed9 170-180 \u0111\u1ed9 C cho \u0111\u1ebfn khi c\u00f3 m\u00e0u v\u00e0ng n\u00e2u.<\/p>\n<p>&#8211; N\u1ea5u l\u1ea9u: \u0110un s\u00f4i trong s\u00fap n\u00f3ng \u1edf 100 \u0111\u1ed9 C trong 1-2 ph\u00fat.<\/p>\n<p>&#8211; H\u1ea5p ho\u1eb7c x\u00e0o: C\u00f9ng v\u1edbi kh\u00e1c nguy\u00ean li\u1ec7u kh\u00e1c ( rau, h\u1ea3i s\u1ea3n, m\u00ec, c\u01a1m,..).<\/p>\n<p><img loading=\"lazy\" decoding=\"async\" class=\"wp-image-27043 aligncenter\" src=\"https:\/\/havamall.vn\/wp-content\/uploads\/2022\/06\/118916572-300x148.png\" alt=\"\" width=\"707\" height=\"349\" srcset=\"https:\/\/havamall.vn\/wp-content\/uploads\/2022\/06\/118916572-300x148.png 300w, https:\/\/havamall.vn\/wp-content\/uploads\/2022\/06\/118916572-430x212.png 430w, https:\/\/havamall.vn\/wp-content\/uploads\/2022\/06\/118916572-150x74.png 150w, https:\/\/havamall.vn\/wp-content\/uploads\/2022\/06\/118916572-700x345.png 700w, https:\/\/havamall.vn\/wp-content\/uploads\/2022\/06\/118916572-768x378.png 768w, https:\/\/havamall.vn\/wp-content\/uploads\/2022\/06\/118916572-1024x504.png 1024w, https:\/\/havamall.vn\/wp-content\/uploads\/2022\/06\/118916572-1200x591.png 1200w, https:\/\/havamall.vn\/wp-content\/uploads\/2022\/06\/118916572-600x295.png 600w, https:\/\/havamall.vn\/wp-content\/uploads\/2022\/06\/118916572.png 2048w\" sizes=\"(max-width: 707px) 100vw, 707px\" \/><\/p>","protected":false},"excerpt":{"rendered":"<p>TH\u00d4NG TIN S\u1ea2N PH\u1ea8M Th\u01b0\u01a1ng hi\u1ec7u EB Xu\u1ea5t x\u1ee9 Malaysia Th\u00e0nh ph\u1ea7n Th\u1ecbt c\u00e1, d\u1ea7u c\u1ecd, protein \u0111\u1eadu n\u00e0nh, tinh<\/p>","protected":false},"featured_media":27044,"comment_status":"open","ping_status":"closed","template":"","meta":[],"product_brand":[],"product_cat":[275,36],"product_tag":[],"class_list":{"0":"post-27039","1":"product","2":"type-product","3":"status-publish","4":"has-post-thumbnail","6":"product_cat-thuc-pham-dong-lanh","7":"product_cat-thuc-pham-tieu-dung","8":"pa_brand-eb","10":"first","11":"instock","12":"sale","13":"shipping-taxable","14":"purchasable","15":"product-type-simple"},"_links":{"self":[{"href":"https:\/\/havamall.vn\/en\/wp-json\/wp\/v2\/product\/27039"}],"collection":[{"href":"https:\/\/havamall.vn\/en\/wp-json\/wp\/v2\/product"}],"about":[{"href":"https:\/\/havamall.vn\/en\/wp-json\/wp\/v2\/types\/product"}],"replies":[{"embeddable":true,"href":"https:\/\/havamall.vn\/en\/wp-json\/wp\/v2\/comments?post=27039"}],"version-history":[{"count":0,"href":"https:\/\/havamall.vn\/en\/wp-json\/wp\/v2\/product\/27039\/revisions"}],"wp:featuredmedia":[{"embeddable":true,"href":"https:\/\/havamall.vn\/en\/wp-json\/wp\/v2\/media\/27044"}],"wp:attachment":[{"href":"https:\/\/havamall.vn\/en\/wp-json\/wp\/v2\/media?parent=27039"}],"wp:term":[{"taxonomy":"product_brand","embeddable":true,"href":"https:\/\/havamall.vn\/en\/wp-json\/wp\/v2\/product_brand?post=27039"},{"taxonomy":"product_cat","embeddable":true,"href":"https:\/\/havamall.vn\/en\/wp-json\/wp\/v2\/product_cat?post=27039"},{"taxonomy":"product_tag","embeddable":true,"href":"https:\/\/havamall.vn\/en\/wp-json\/wp\/v2\/product_tag?post=27039"}],"curies":[{"name":"wp","href":"https:\/\/api.w.org\/{rel}","templated":true}]}}