{"id":27033,"date":"2022-06-02T14:50:17","date_gmt":"2022-06-02T07:50:17","guid":{"rendered":"https:\/\/havamall.vn\/?post_type=product&#038;p=27033"},"modified":"2025-10-10T16:52:25","modified_gmt":"2025-10-10T09:52:25","slug":"hu-truc-cuon-eb-malaysia-168g-ring-roll","status":"publish","type":"product","link":"https:\/\/havamall.vn\/en\/shop\/hu-truc-cuon-eb-malaysia-168g-ring-roll\/","title":{"rendered":"H\u1ee7 Tr\u00fac Cu\u1ed9n EB Malaysia 168g &#8211; Ring Roll (\u0102n Chay \u0110\u01b0\u1ee3c)"},"content":{"rendered":"<h3><strong>TH\u00d4NG TIN S\u1ea2N PH\u1ea8M<\/strong><\/h3>\n<table>\n<tbody>\n<tr>\n<td>Th\u01b0\u01a1ng hi\u1ec7u<\/td>\n<td>EB<\/td>\n<\/tr>\n<tr>\n<td>Xu\u1ea5t x\u1ee9<\/td>\n<td>Malaysia<\/td>\n<\/tr>\n<tr>\n<td>Th\u00e0nh ph\u1ea7n<\/td>\n<td>\u0110\u1eadu n\u00e0nh (kh\u00f4ng bi\u1ebfn \u0111\u1ed5ii gen), d\u1ea7u c\u1ecd,&#8230;<\/td>\n<\/tr>\n<tr>\n<td>H\u1ea1n s\u1eed d\u1ee5ng<\/td>\n<td>12 th\u00e1ng k\u1ec3 t\u1eeb ng\u00e0y s\u1ea3n xu\u1ea5t.<\/td>\n<\/tr>\n<tr>\n<td>B\u1ea3o qu\u1ea3n<\/td>\n<td>B\u1ea3o qu\u1ea3n \u1edf nhi\u1ec7t \u0111\u1ed9 -18 \u0111\u1ed9 C<\/td>\n<\/tr>\n<tr>\n<td>Kh\u1ed1i l\u01b0\u1ee3ng<\/td>\n<td>168g<\/td>\n<\/tr>\n<\/tbody>\n<\/table>\n<p>Sau khi th\u00e0nh l\u1eadp \u0111\u01b0\u1ee3c v\u00e0i n\u0103m (k\u1ec3 t\u1eeb 2015), EB Food \u0111\u00e3 ng\u00e0y c\u00e0ng tr\u1edf n\u00ean l\u1edbn m\u1ea1nh v\u00e0 \u0111\u01b0\u1ee3c nhi\u1ec1u ng\u01b0\u1eddi d\u00e2n tin d\u00f9ng v\u1edbi nh\u1eefng th\u1ef1c ph\u1ea9m protein n\u1ed5i b\u1eadt nh\u01b0\u00a0\u0111\u1eadu h\u1ee7 ph\u00f4 mai,\u00a0\u0111\u1eadu h\u1ee7 c\u00e1, t\u00f4m h\u00f9m \u0111\u1ea5t vi\u00ean,\u00a0sandwich c\u00e1,h\u1ee7 tr\u00fac cu\u1ed9n\u2026<\/p>\n<p><img fetchpriority=\"high\" decoding=\"async\" class=\"wp-image-27035 aligncenter\" src=\"https:\/\/havamall.com\/wp-content\/uploads\/2025\/10\/61139425-300x300.png\" alt=\"\" width=\"678\" height=\"678\" \/><\/p>\n<p>H\u1ee7 tr\u00fac (hay c\u00f2n g\u1ecdi l\u00e0 t\u00e0u h\u1ee7 ky) l\u00e0 l\u1edbp v\u00e1ng \u0111\u1eadu n\u00e0nh m\u1ecfng c\u00f3 ch\u1ee9a ch\u1ea5t b\u00e9o v\u00e0 \u0111\u1ea1m \u0111\u01b0\u1ee3c h\u00ecnh th\u00e0nh trong qu\u00e1 tr\u00ecnh n\u1ea5u \u0111\u1eadu, sau \u0111\u00f3 ng\u01b0\u1eddi ta s\u1ebd v\u1edbt l\u1edbp v\u00e1ng n\u00e0y l\u00ean \u0111em \u0111i ph\u01a1i kh\u00f4 th\u00e0nh h\u1ee7 tr\u00fac.<\/p>\n<p>S\u1ea3n ph\u1ea9m l\u00e0 l\u1edbp t\u00e0u h\u0169 ki t\u01b0\u01a1i \u0111\u01b0\u1ee3c cu\u1ed9n l\u1ea1i kh\u00f4ng ch\u1ec9 \u0111\u1eb9p m\u1eaft m\u00e0 c\u00f2n c\u1ef1c ngon mi\u1ec7ng. \u0110\u00e3 t\u1eebng \u0111\u1ebfn nh\u00e0 h\u00e0ng Kichi Kichi, Hai Di Lao, Hutong, Nguy\u1ec7t H\u1ef7, L\u1ea9u H\u1ed3ng K\u00f4ng T\u00e2n S\u01a1n Nh\u1ea5t\u2026 th\u00ec s\u1ebd kh\u00f4ng xa l\u1ea1 g\u00ec v\u1edbi m\u00f3n ph\u00f9 tr\u00fac cu\u1ed9n<\/p>\n<p><img decoding=\"async\" class=\"wp-image-27036 aligncenter\" src=\"https:\/\/havamall.com\/wp-content\/uploads\/2025\/10\/248956196-300x218.png\" alt=\"\" width=\"684\" height=\"497\" \/><\/p>\n<p>H\u1ee7 tr\u00fac khi s\u1ea5y s\u1ebd tr\u1edf n\u00ean m\u1ecfng nh\u01b0ng v\u1eabn c\u00f3 \u0111\u1ed9 b\u00e9o nh\u1eb9, \u0111\u1ed3ng th\u1eddi \u0111\u1ed9 gi\u00f2n gi\u00f2n r\u1ed9p r\u1ed9p c\u1ee7a m\u00f3n \u0103n n\u00e0y \u0111\u00e3 th\u00e0nh c\u00f4ng thu h\u00fat \u0111\u01b0\u1ee3c nhi\u1ec1u b\u1ea1n tr\u1ebb v\u00e0 tr\u1edf th\u00e0nh m\u1ed9t trong nh\u1eefng topping l\u1ea9u hot nh\u1ea5t trong c\u00e1c Nh\u00e0 H\u00e0ng L\u1ea9u Trung Hoa, L\u1ea9u H\u1ed3ng K\u00f4ng, L\u1ea9u Nh\u00fang, L\u1ea9u Th\u00e1i\u2026.<\/p>\n<p>H\u1ee7 tr\u00fac cu\u1ed9n EB l\u00e0m t\u1eeb \u0111\u1eadu n\u00e0nh th\u00f4ng qua ch\u1ecdn l\u1ecdc k\u0129, c\u00f3 chi\u1ec1u d\u00e0i g\u1ea7n 10cm, \u0111\u01b0\u1ee3c cu\u1ed9n th\u00e0nh nhi\u1ec1u l\u1edbp, th\u00edch h\u1ee3p \u0111\u1ec3 \u0103n k\u00e8m v\u1edbi l\u1ea9u, soup ho\u1eb7c m\u00ec g\u00f3i \u0111\u1ec1u \u0111\u01b0\u1ee3c.<\/p>\n<p><img decoding=\"async\" class=\"wp-image-27037 aligncenter\" src=\"https:\/\/havamall.com\/wp-content\/uploads\/2025\/10\/6218657-300x300.png\" alt=\"\" width=\"684\" height=\"684\" \/><\/p>\n<h3><strong>H\u01b0\u1edbng d\u1eabn s\u1eed d\u1ee5ng:<\/strong><\/h3>\n<p>&#8211; Chay m\u1eb7n \u0111\u1ec1u d\u00f9ng \u0111\u01b0\u1ee3c.<\/p>\n<p>&#8211; \u0102n c\u00f9ng v\u1edbi l\u1ea9u th\u00e1i l\u1ea9u, l\u1ea9u n\u1ea5m chay, l\u1ea9u ng\u1ecdt, t\u1ee9 xuy\u00ean, hay l\u1ea9u b\u1ea5t k\u1ef3 \u0111\u1ec1u ngon.<\/p>\n<p>&#8211; Ch\u1ec9 c\u1ea7n nh\u00fang 3 gi\u00e2y trong n\u01b0\u1edbc l\u1ea9u l\u00e0 c\u00f3 th\u1ec3 th\u01b0\u1edfng th\u1ee9c ngay r\u1ed3i<\/p>\n<p>&#8211; Ngo\u00e0i nh\u00fang l\u1ea9u, b\u1ea1n c\u00f3 th\u1ec3 chi\u00ean gi\u00f2n \u0111\u1ec3 c\u1ea3m nh\u1eadn v\u1ecb gi\u00f2n tan, beo b\u00e9o \u0111\u1ecdng l\u1ea1i trong mi\u1ec7ng (c\u00e1ch ch\u1ebf bi\u1ebfn n\u00e0y kh\u00e1 h\u00fat d\u1ea7u n\u00ean c\u00e1c b\u1ea1n c\u00e2n nh\u1eafc nh\u00e9).<\/p>\n<p><img loading=\"lazy\" decoding=\"async\" class=\"wp-image-27038 aligncenter\" src=\"https:\/\/havamall.com\/wp-content\/uploads\/2025\/10\/7561911-300x277.png\" alt=\"\" width=\"682\" height=\"630\" \/><\/p>","protected":false},"excerpt":{"rendered":"<p>TH\u00d4NG TIN S\u1ea2N PH\u1ea8M Th\u01b0\u01a1ng hi\u1ec7u EB Xu\u1ea5t x\u1ee9 Malaysia Th\u00e0nh ph\u1ea7n \u0110\u1eadu n\u00e0nh (kh\u00f4ng bi\u1ebfn \u0111\u1ed5ii gen), d\u1ea7u c\u1ecd,&#8230;<\/p>","protected":false},"featured_media":27034,"comment_status":"open","ping_status":"closed","template":"","meta":[],"product_brand":[],"product_cat":[275,36],"product_tag":[],"class_list":{"0":"post-27033","1":"product","2":"type-product","3":"status-publish","4":"has-post-thumbnail","6":"product_cat-thuc-pham-dong-lanh","7":"product_cat-thuc-pham-tieu-dung","8":"pa_brand-eb","10":"first","11":"outofstock","12":"sale","13":"shipping-taxable","14":"purchasable","15":"product-type-simple"},"_links":{"self":[{"href":"https:\/\/havamall.vn\/en\/wp-json\/wp\/v2\/product\/27033"}],"collection":[{"href":"https:\/\/havamall.vn\/en\/wp-json\/wp\/v2\/product"}],"about":[{"href":"https:\/\/havamall.vn\/en\/wp-json\/wp\/v2\/types\/product"}],"replies":[{"embeddable":true,"href":"https:\/\/havamall.vn\/en\/wp-json\/wp\/v2\/comments?post=27033"}],"version-history":[{"count":0,"href":"https:\/\/havamall.vn\/en\/wp-json\/wp\/v2\/product\/27033\/revisions"}],"wp:featuredmedia":[{"embeddable":true,"href":"https:\/\/havamall.vn\/en\/wp-json\/wp\/v2\/media\/27034"}],"wp:attachment":[{"href":"https:\/\/havamall.vn\/en\/wp-json\/wp\/v2\/media?parent=27033"}],"wp:term":[{"taxonomy":"product_brand","embeddable":true,"href":"https:\/\/havamall.vn\/en\/wp-json\/wp\/v2\/product_brand?post=27033"},{"taxonomy":"product_cat","embeddable":true,"href":"https:\/\/havamall.vn\/en\/wp-json\/wp\/v2\/product_cat?post=27033"},{"taxonomy":"product_tag","embeddable":true,"href":"https:\/\/havamall.vn\/en\/wp-json\/wp\/v2\/product_tag?post=27033"}],"curies":[{"name":"wp","href":"https:\/\/api.w.org\/{rel}","templated":true}]}}