{"id":26996,"date":"2022-05-31T15:28:45","date_gmt":"2022-05-31T08:28:45","guid":{"rendered":"https:\/\/havamall.vn\/?post_type=product&#038;p=26996"},"modified":"2022-05-31T15:54:04","modified_gmt":"2022-05-31T08:54:04","slug":"hop-tron-bo-gia-vi-sot-cham-lam-banh-taco-tortilla-stand-n-stuff-hard-and-soft-kit-havafoodies","status":"publish","type":"product","link":"https:\/\/havamall.vn\/en\/shop\/hop-tron-bo-gia-vi-sot-cham-lam-banh-taco-tortilla-stand-n-stuff-hard-and-soft-kit-havafoodies\/","title":{"rendered":"H\u1ed9p Tr\u1ecdn B\u1ed9 Gia V\u1ecb &#8211; S\u1ed1t Ch\u1ea5m L\u00e0m B\u00e1nh Taco &amp; Tortilla &#8211; Stand &#8216;N Stuff Hard and Soft Kit Havafoodies"},"content":{"rendered":"<p>Nh\u1eafc \u0111\u1ebfn Mexico, m\u1ecdi ng\u01b0\u1eddi kh\u00f4ng c\u00f2n xa l\u1ea1 v\u1edbi c\u00e1c m\u00f3n \u0103n v\u1eb7t th\u00fa v\u1ecb nh\u01b0 Street Taco, Quesadilla, Tamale, Nachos, Burrito &#8230;etc. V\u1ecf b\u00e1nh Taco th\u01b0\u1eddng \u0111\u01b0\u1ee3c l\u00e0m b\u1eb1ng b\u1ed9t v\u00e0 s\u1ebd \u0111\u01b0\u1ee3c chi\u00ean gi\u00f2n b\u00ean ngo\u00e0i. Nh\u00e2n b\u00e1nh \u0111\u01b0\u1ee3c l\u00e0m t\u1eeb th\u1ecbt g\u00e0, b\u00f2 ho\u0103c heo. Ngo\u00e0i ra, ng\u01b0\u1eddi b\u00e1n s\u1ebd cho th\u00eam topping nh\u01b0 guacamole ( b\u01a1 d\u1ea7m), h\u00e0nh t\u00e2y, c\u00e0 chua, s\u1ed1t \u1edbt.<\/p>\n<p>B\u00e1nh tortilla v\u00e0 tacos l\u00e0 hai lo\u1ea1i b\u00e1nh truy\u1ec1n th\u1ed1ng t\u1ea1i Mexico, v\u1edbi m\u00f9i v\u1ecb th\u01a1m ngon \u0111\u1eb7c tr\u01b0ng\u00a0m\u00f3n b\u00e1nh\u00a0n\u00e0y d\u1ea7n \u0111\u01b0\u1ee3c nhi\u1ec1u ng\u01b0\u1eddi bi\u1ebft \u0111\u1ebfn.<\/p>\n<p><img fetchpriority=\"high\" decoding=\"async\" class=\"wp-image-26998 aligncenter\" src=\"https:\/\/havamall.vn\/wp-content\/uploads\/2022\/05\/3135b14b3c631d547d5edc41aa44939c-300x300.jpg\" alt=\"\" width=\"695\" height=\"695\" srcset=\"https:\/\/havamall.vn\/wp-content\/uploads\/2022\/05\/3135b14b3c631d547d5edc41aa44939c-300x300.jpg 300w, https:\/\/havamall.vn\/wp-content\/uploads\/2022\/05\/3135b14b3c631d547d5edc41aa44939c-430x430.jpg 430w, https:\/\/havamall.vn\/wp-content\/uploads\/2022\/05\/3135b14b3c631d547d5edc41aa44939c-150x150.jpg 150w, https:\/\/havamall.vn\/wp-content\/uploads\/2022\/05\/3135b14b3c631d547d5edc41aa44939c-700x700.jpg 700w, https:\/\/havamall.vn\/wp-content\/uploads\/2022\/05\/3135b14b3c631d547d5edc41aa44939c-768x768.jpg 768w, https:\/\/havamall.vn\/wp-content\/uploads\/2022\/05\/3135b14b3c631d547d5edc41aa44939c-1024x1024.jpg 1024w, https:\/\/havamall.vn\/wp-content\/uploads\/2022\/05\/3135b14b3c631d547d5edc41aa44939c.jpg 1200w, https:\/\/havamall.vn\/wp-content\/uploads\/2022\/05\/3135b14b3c631d547d5edc41aa44939c-600x600.jpg 600w, https:\/\/havamall.vn\/wp-content\/uploads\/2022\/05\/3135b14b3c631d547d5edc41aa44939c-100x100.jpg 100w\" sizes=\"(max-width: 695px) 100vw, 695px\" \/><\/p>\n<p>Tortilla l\u00e0 m\u00f3n \u0103n truy\u1ec1n th\u1ed1ng c\u1ee7a ng\u01b0\u1eddi Mexico, b\u00e1nh \u0111\u01b0\u1ee3c l\u00e0m t\u1eeb\u00a0b\u1ed9t m\u00ec\u00a0ho\u1eb7c b\u1ed9t b\u1eafp \u0111\u01b0\u1ee3c h\u00f2a v\u1edbi n\u01b0\u1edbc th\u00eam m\u1ed9t s\u1ed1 gia v\u1ecb r\u1ed3i \u0111\u01b0\u1ee3c \u0111em r\u00e1n tr\u00ean ch\u1ea3o n\u00f3ng, c\u00f3 h\u00ecnh d\u1ea1ng nh\u01b0 b\u00e1nh tr\u00e1ng d\u1eb9t, m\u1ecfng.\u00a0<span class=\"caption\">Tortilla l\u00e0 m\u00f3n \u0103n truy\u1ec1n th\u1ed1ng c\u1ee7a ng\u01b0\u1eddi Mexico<\/span><\/p>\n<p>Tortilla c\u00f3 th\u1ec3 xem nh\u01b0 m\u1ed9t lo\u1ea1i v\u1ecf b\u00e1nh, \u0111\u01b0\u1ee3c \u0103n k\u00e8m trong c\u00e1c m\u00f3n Taco, Burrito v\u00e0 Enchilada, ph\u1ea7n nh\u00e2n c\u00f3 th\u1ec3 l\u00e0 salad tr\u1ed9n \u0111\u1eb7c bi\u1ec7t k\u1ebft h\u1ee3p\u00a0rau,\u00a0tr\u1ee9ng, th\u1ecbt,..<\/p>\n<p><img decoding=\"async\" class=\"wp-image-26999 aligncenter\" src=\"https:\/\/havamall.vn\/wp-content\/uploads\/2022\/05\/e11-300x188.png\" alt=\"\" width=\"687\" height=\"430\" srcset=\"https:\/\/havamall.vn\/wp-content\/uploads\/2022\/05\/e11-300x188.png 300w, https:\/\/havamall.vn\/wp-content\/uploads\/2022\/05\/e11-430x269.png 430w, https:\/\/havamall.vn\/wp-content\/uploads\/2022\/05\/e11-150x94.png 150w, https:\/\/havamall.vn\/wp-content\/uploads\/2022\/05\/e11-700x438.png 700w, https:\/\/havamall.vn\/wp-content\/uploads\/2022\/05\/e11-768x480.png 768w, https:\/\/havamall.vn\/wp-content\/uploads\/2022\/05\/e11-600x375.png 600w, https:\/\/havamall.vn\/wp-content\/uploads\/2022\/05\/e11.png 800w\" sizes=\"(max-width: 687px) 100vw, 687px\" \/><\/p>\n<p>Tacos l\u00e0 m\u00f3n b\u00e1nh m\u00f3n khai v\u1ecb ho\u1eb7c b\u1eefa \u0103n nh\u1eb9 sau b\u1eefa t\u1ed1i.truy\u1ec1n th\u1ed1ng c\u1ee7a ng\u01b0\u1eddi Mexico. M\u00f3n b\u00e1nh c\u00f3 l\u1edbp \u0111\u01b0\u1ee3c l\u00e0m t\u1eeb b\u1ed9t ng\u00f4 ho\u1eb7c b\u1ed9t m\u00ec t\u01b0\u01a1ng t\u1ef1, \u0111\u01b0\u1ee3c k\u1eb9p th\u1ecbt xay nh\u1ecf, l\u00ea t\u00e0u,\u00a0rau di\u1ebfp,\u00a0c\u00e0 chua,\u00a0d\u01b0a chu\u1ed9t,\u00a0x\u00e0 l\u00e1ch,&#8230; v\u00e0 n\u01b0\u1edbc\u00a0t\u01b0\u01a1ng c\u00e0 chua\u00a0cay c\u1ee7a Mexico.<\/p>\n<p>Havamall \u0111\u00e3 cho ra \u0111\u1eddi combo to\u00e0n b\u1ed9\u00a0gia v\u1ecb &#8211; s\u1ed1t ch\u1ea5m l\u00e0m b\u00e1nh Taco &amp; Tortilla \u0111\u1ec3 m\u1ecdi ng\u01b0\u1eddi c\u00f3 th\u1ec3 th\u1ef1c hi\u1ec7n m\u00f3n b\u00e1nh Taco ngay t\u1ea1i nh\u00e0, \u0111\u1ec3 gi\u00fap b\u1ea1n ch\u1ebf bi\u1ebfn nhanh g\u1ecdn b\u1eefa \u0103n gia \u0111\u00ecnh theo phong c\u00e1ch \u0111\u01b0\u1eddng ph\u1ed1.<\/p>\n<p><img decoding=\"async\" class=\"wp-image-27000 aligncenter\" src=\"https:\/\/havamall.vn\/wp-content\/uploads\/2022\/05\/65747d111da25-300x240.png\" alt=\"\" width=\"683\" height=\"546\" srcset=\"https:\/\/havamall.vn\/wp-content\/uploads\/2022\/05\/65747d111da25-300x240.png 300w, https:\/\/havamall.vn\/wp-content\/uploads\/2022\/05\/65747d111da25-430x344.png 430w, https:\/\/havamall.vn\/wp-content\/uploads\/2022\/05\/65747d111da25-150x120.png 150w, https:\/\/havamall.vn\/wp-content\/uploads\/2022\/05\/65747d111da25-700x560.png 700w, https:\/\/havamall.vn\/wp-content\/uploads\/2022\/05\/65747d111da25-768x614.png 768w, https:\/\/havamall.vn\/wp-content\/uploads\/2022\/05\/65747d111da25-1024x819.png 1024w, https:\/\/havamall.vn\/wp-content\/uploads\/2022\/05\/65747d111da25.png 1200w, https:\/\/havamall.vn\/wp-content\/uploads\/2022\/05\/65747d111da25-600x480.png 600w\" sizes=\"(max-width: 683px) 100vw, 683px\" \/><\/p>\n<h3><strong>H\u1ed9p tr\u1ecdn b\u1ed9 ti\u1ec7n l\u1ee3i g\u1ed3m <\/strong><\/h3>\n<p>&#8211; 2 chai d\u1ea7u \u1edbt Tabasco<\/p>\n<p>&#8211; 1 \u0111\u1ebf b\u1eb1ng nh\u1ef1a (c\u00f3 th\u1ec3 t\u1ef1 \u0111\u1ee9ng \u0111\u01b0\u1ee3c khi ch\u1ebf bi\u1ebfn v\u00e0 b\u00e0y tr\u00ed)<\/p>\n<p>&#8211; 1 b\u1ecbch b\u1ed9t l\u00e0m b\u00e1nh tortilla m\u1ec1m ho\u1eb7c taco c\u1ee9ng<\/p>\n<p>&#8211; 1 h\u1ee7 gia v\u1ecb taco n\u00eam n\u1ebfm v\u00e0o th\u00e0nh ph\u1ea7n ch\u00ednh (seasoning)<\/p>\n<p>&#8211; 1 h\u1ee7 s\u1ed1t ch\u1ea5m salsa (mild taco sauce)<\/p>\n<p>B\u1ea1n ch\u1ec9 c\u1ea7n 20 ph\u00fat ho\u1eb7c \u00edt h\u01a1n, set nguy\u00ean li\u1ec7u n\u00e0y l\u00e0 l\u1ef1a ch\u1ecdn ho\u00e0n h\u1ea3o cho b\u1ea5t k\u1ef3 bu\u1ed5i t\u1ed1i b\u1eadn r\u1ed9n n\u00e0o.\u00a0\u0110\u01a1n gi\u1ea3n ch\u1ec9 c\u1ea7n th\u00eam c\u00e1c nguy\u00ean li\u1ec7u y\u00eau th\u00edch c\u1ee7a b\u1ea1n \u0111\u1ec3 t\u1ea1o ra m\u00f3n b\u00e1nh taco th\u01a1m ngon trong v\u00e0i ph\u00fat.<\/p>\n<p><img loading=\"lazy\" decoding=\"async\" class=\"wp-image-27001 aligncenter\" src=\"https:\/\/havamall.vn\/wp-content\/uploads\/2022\/05\/Spicy-Korean-245x300.jpg\" alt=\"\" width=\"682\" height=\"835\" srcset=\"https:\/\/havamall.vn\/wp-content\/uploads\/2022\/05\/Spicy-Korean-245x300.jpg 245w, https:\/\/havamall.vn\/wp-content\/uploads\/2022\/05\/Spicy-Korean-430x527.jpg 430w, https:\/\/havamall.vn\/wp-content\/uploads\/2022\/05\/Spicy-Korean-150x184.jpg 150w, https:\/\/havamall.vn\/wp-content\/uploads\/2022\/05\/Spicy-Korean-700x858.jpg 700w, https:\/\/havamall.vn\/wp-content\/uploads\/2022\/05\/Spicy-Korean-768x941.jpg 768w, https:\/\/havamall.vn\/wp-content\/uploads\/2022\/05\/Spicy-Korean-836x1024.jpg 836w, https:\/\/havamall.vn\/wp-content\/uploads\/2022\/05\/Spicy-Korean-1200x1470.jpg 1200w, https:\/\/havamall.vn\/wp-content\/uploads\/2022\/05\/Spicy-Korean-600x735.jpg 600w, https:\/\/havamall.vn\/wp-content\/uploads\/2022\/05\/Spicy-Korean.jpg 1440w\" sizes=\"(max-width: 682px) 100vw, 682px\" \/><\/p>","protected":false},"excerpt":{"rendered":"<p>Nh\u1eafc \u0111\u1ebfn Mexico, m\u1ecdi ng\u01b0\u1eddi kh\u00f4ng c\u00f2n xa l\u1ea1 v\u1edbi c\u00e1c m\u00f3n \u0103n v\u1eb7t th\u00fa v\u1ecb nh\u01b0 Street Taco, Quesadilla,<\/p>","protected":false},"featured_media":27002,"comment_status":"open","ping_status":"closed","template":"","meta":[],"product_brand":[],"product_cat":[255,40,36],"product_tag":[],"class_list":{"0":"post-26996","1":"product","2":"type-product","3":"status-publish","4":"has-post-thumbnail","6":"product_cat-nguyen-lieu-lam-banh","7":"product_cat-sieuthi-giasi","8":"product_cat-thuc-pham-tieu-dung","10":"first","11":"instock","12":"sale","13":"shipping-taxable","14":"purchasable","15":"product-type-simple"},"_links":{"self":[{"href":"https:\/\/havamall.vn\/en\/wp-json\/wp\/v2\/product\/26996"}],"collection":[{"href":"https:\/\/havamall.vn\/en\/wp-json\/wp\/v2\/product"}],"about":[{"href":"https:\/\/havamall.vn\/en\/wp-json\/wp\/v2\/types\/product"}],"replies":[{"embeddable":true,"href":"https:\/\/havamall.vn\/en\/wp-json\/wp\/v2\/comments?post=26996"}],"version-history":[{"count":0,"href":"https:\/\/havamall.vn\/en\/wp-json\/wp\/v2\/product\/26996\/revisions"}],"wp:featuredmedia":[{"embeddable":true,"href":"https:\/\/havamall.vn\/en\/wp-json\/wp\/v2\/media\/27002"}],"wp:attachment":[{"href":"https:\/\/havamall.vn\/en\/wp-json\/wp\/v2\/media?parent=26996"}],"wp:term":[{"taxonomy":"product_brand","embeddable":true,"href":"https:\/\/havamall.vn\/en\/wp-json\/wp\/v2\/product_brand?post=26996"},{"taxonomy":"product_cat","embeddable":true,"href":"https:\/\/havamall.vn\/en\/wp-json\/wp\/v2\/product_cat?post=26996"},{"taxonomy":"product_tag","embeddable":true,"href":"https:\/\/havamall.vn\/en\/wp-json\/wp\/v2\/product_tag?post=26996"}],"curies":[{"name":"wp","href":"https:\/\/api.w.org\/{rel}","templated":true}]}}