{"id":26953,"date":"2022-05-27T13:32:49","date_gmt":"2022-05-27T06:32:49","guid":{"rendered":"https:\/\/havamall.vn\/?post_type=product&#038;p=26953"},"modified":"2025-06-14T10:55:48","modified_gmt":"2025-06-14T03:55:48","slug":"hon-hop-gia-vi-trung-dong-zaatar-havafoodies-goi-100g","status":"publish","type":"product","link":"https:\/\/havamall.vn\/en\/shop\/hon-hop-gia-vi-trung-dong-zaatar-havafoodies-goi-100g\/","title":{"rendered":"H\u1ed7n H\u1ee3p Gia V\u1ecb Trung \u0110\u00f4ng Za&#8217;atar G\u00f3i 100g &#8211; Zaatar Havafoodies"},"content":{"rendered":"<p>Zaatar Spice Blend\u00a0l\u00e0 s\u1ef1 pha tr\u1ed9n c\u1ee7a c\u00e1c lo\u1ea1i th\u1ea3o m\u1ed9c, gia v\u1ecb v\u00e0 h\u1ea1t kh\u00f4. \u0110\u01b0\u1ee3c l\u00e0m t\u1eeb c\u00e2y kinh gi\u1edbi, l\u00e1 oregano, mu\u1ed1i, c\u1ecf x\u1ea1 h\u01b0\u01a1ng v\u00e0 h\u1ea1t m\u00e8. C\u00e1c bi\u1ebfn th\u1ec3 th\u00e0nh ph\u1ea7n c\u0169ng c\u00f3 th\u1ec3 bao g\u1ed3m allspice, h\u1ea1t caraway, qu\u1ebf, \u0111inh h\u01b0\u01a1ng, rau m\u00f9i, cumin v\u00e0 m\u1ed9t s\u1ed1 th\u00e0nh ph\u1ea7n kh\u00e1c.\u00a0\u0110\u1eebng nh\u1ea7m l\u1eabn \u0111i\u1ec1u n\u00e0y v\u1edbi Za&#8217;atar &#8211; t\u1eeb ti\u1ebfng \u1ea2 R\u1eadp c\u00f3 ngh\u0129a l\u00e0 c\u1ecf x\u1ea1 h\u01b0\u01a1ng.\u00a0C\u00f3 nhi\u1ec1u s\u1ef1 pha tr\u1ed9n kh\u00e1c nhau \u0111\u01b0\u1ee3c g\u1ecdi l\u00e0 Zahtar, nh\u01b0ng s\u1ef1 pha tr\u1ed9n n\u00e0y r\u1ea5t ph\u1ed5 bi\u1ebfn \u1edf Trung \u0110\u00f4ng, Th\u1ed5 Nh\u0129 K\u1ef3 v\u00e0 B\u1eafc Phi.<\/p>\n<p><img fetchpriority=\"high\" decoding=\"async\" class=\"wp-image-26946 aligncenter\" src=\"https:\/\/havamall.com\/wp-content\/uploads\/2025\/06\/stock_zaatar_spice-1-300x169.png\" alt=\"\" width=\"602\" height=\"339\" \/><\/p>\n<p>Zaatar l\u00e0 m\u1ed9t gia v\u1ecb ph\u1ed5 bi\u1ebfn nh\u1ea5t \u1edf Trung \u0110\u00f4ng\u00a0l\u00e0 m\u1ed9t h\u1ed7n h\u1ee3p gia v\u1ecb th\u1ef1c s\u1ef1 \u0111\u1ed9c \u0111\u00e1o v\u00e0 ngon mi\u1ec7ng. \u0110\u01b0\u1ee3c m\u1ec7nh danh l\u00e0 \u201cb\u1ed9t th\u1ea7n th\u00e1nh\u2019 \u2013 th\u1ee9 b\u1ed9t m\u00e0 b\u1ea1n mu\u1ed1n r\u1eafc l\u00ean m\u1ecdi m\u00f3n \u0103n v\u00e0 \u0111\u1ec1u l\u00e0m cho m\u00f3n \u0111\u00f3 th\u01a1m n\u1ee9c, ngon mi\u1ec7ng c\u1ef1c k\u00ec.<\/p>\n<p>Gia v\u1ecb zaatar c\u00f3 th\u1ec3 \u0111\u01b0\u1ee3c s\u1eed d\u1ee5ng theo nhi\u1ec1u c\u00e1ch.\u00a0D\u00f9ng h\u1ed7n h\u1ee3p n\u00e0y l\u00e0m h\u1ed7n h\u1ee3p ch\u00e0 x\u00e1t cho th\u1ecbt g\u00e0, th\u1ecbt b\u00f2, th\u1ecbt c\u1eebu ho\u1eb7c c\u00e1, r\u1eafc l\u00ean\u00a0hummus\u00a0,\u00a0Labneh,\u00a0\u00a0baba ganoush.\u00a0Ho\u1eb7c tr\u1ed9n v\u1edbi d\u1ea7u \u00f4 liu \u0111\u1ec3 c\u00f3 m\u1ed9t lo\u1ea1i n\u01b0\u1edbc x\u1ed1t c\u00f3 h\u01b0\u01a1ng v\u1ecb.<\/p>\n<p><img decoding=\"async\" class=\"wp-image-26935 aligncenter\" src=\"https:\/\/havamall.com\/wp-content\/uploads\/2025\/06\/IMG_5780-300x200.jpg\" alt=\"\" width=\"607\" height=\"405\" \/><\/p>\n<p>H\u1ed7n h\u1ee3p gia v\u1ecb \u0111a n\u0103ng n\u00e0y th\u01b0\u1eddng \u0111\u01b0\u1ee3c s\u1eed d\u1ee5ng l\u00e0 b\u00e1nh m\u00ec nh\u01b0ng c\u00f3 t\u00e1c d\u1ee5ng t\u1ed1t v\u1edbi g\u00e0, th\u1ecbt v\u00e0 c\u00e1.\u00a0C\u00e1ch y\u00eau th\u00edch c\u1ee7a ch\u00fang t\u00f4i \u0111\u1ec3 s\u1eed d\u1ee5ng Zahtar l\u00e0 tr\u1ed9n n\u00f3 v\u1edbi D\u1ea7u \u00f4 liu \u0111\u1ec3 t\u1ea1o n\u01b0\u1edbc ng\u00e2m cho m\u1ed9t chi\u1ebfc b\u00e1nh m\u00ec baguette t\u01b0\u01a1i, \u1ea5m.\u00a0Th\u00eam n\u00f3 v\u00e0o hummus c\u1ee7a b\u1ea1n \u0111\u1ec3 c\u00f3 th\u00eam zing.<\/p>\n<p>N\u00f3 tuy\u1ec7t v\u1eddi \u0111\u01b0\u1ee3c r\u1eafc l\u00ean g\u00e0 ho\u1eb7c c\u00e1 tr\u01b0\u1edbc khi n\u01b0\u1edbng ho\u1eb7c n\u01b0\u1edbng.\u00a0N\u00f3 tuy\u1ec7t v\u1eddi nh\u01b0 m\u1ed9t ch\u1ea5t thay th\u1ebf mu\u1ed1i v\u00e0 th\u00eam m\u1ed9t ch\u00fat h\u01b0\u01a1ng v\u1ecb h\u01a1n m\u1ed9t ch\u00fat n\u01b0\u1edbc chanh \u0111\u01a1n gi\u1ea3n.<\/p>\n<p><img decoding=\"async\" class=\"wp-image-26949 aligncenter\" src=\"https:\/\/havamall.com\/wp-content\/uploads\/2025\/06\/image-asset-1-1-300x199.jpg\" alt=\"\" width=\"614\" height=\"407\" \/><\/p>\n<h3><strong>G\u1ee3i \u00fd m\u1ed9t s\u1ed1 m\u00f3n \u0103n v\u1edbi gia v\u1ecb zaatar:<\/strong><\/h3>\n<p>&#8211; R\u1eafc l\u00ean tr\u00ean c\u00e1c lo\u1ea1i rau n\u01b0\u1edbng ho\u1eb7c n\u01b0\u1edbng nh\u01b0 khoai t\u00e2y, c\u00e0 t\u00edm v\u00e0 s\u00fap l\u01a1<\/p>\n<p>&#8211; Za&#8217;atar tr\u1ed9n v\u1edbi d\u1ea7u \u00f4 liu v\u00e0 b\u00e1nh m\u00ec gi\u00f2n \u0111\u1ec3 ch\u1ea5m.<\/p>\n<p>&#8211; Tr\u1ed9n n\u00f3 v\u1edbi d\u1ea7u \u00f4 liu v\u00e0 nh\u1ecf n\u00f3 l\u00ean labneh, s\u1eefa chua \u0111\u1eb7c (Hy L\u1ea1p \u0111\u01a1n gi\u1ea3n ho\u1eb7c Siggi&#8217;s),\u00a0hummus\u00a0ho\u1eb7c\u00a0baba ganoush\u00a0.\u00a0\u0102n k\u00e8m v\u1edbi h\u1ea1t n\u00eam pita ho\u1eb7c rau s\u1ed1ng.<\/p>\n<p>&#8211; Th\u00eam v\u00e0o pho m\u00e1t kem, pho m\u00e1t d\u00ea ho\u1eb7c s\u1eefa chua Hy L\u1ea1p \u0111\u1ec3 ph\u1ebft ho\u1eb7c nh\u00fang b\u00e1nh quy gi\u00f2n<\/p>\n<p>&#8211; S\u1eed d\u1ee5ng h\u1ed7n h\u1ee3p d\u1ea7u \u00f4 liu l\u00e0m n\u01b0\u1edbc x\u1ed1t ho\u1eb7c h\u1ed7n h\u1ee3p gia v\u1ecb th\u00f4ng th\u01b0\u1eddng l\u00e0m h\u1ed7n h\u1ee3p ch\u00e0 x\u00e1t kh\u00f4.\u00a0Za&#8217;atar s\u1ebd r\u1ea5t tuy\u1ec7t v\u1edbi m\u00f3n rau n\u01b0\u1edbng v\u00e0 th\u1ecbt n\u01b0\u1edbng.<\/p>\n<p>&#8211; K\u1ebft h\u1ee3p za&#8217;atar trong m\u00f3n salad, gi\u1ed1ng nh\u01b0 Bon Appetit l\u00e0m v\u1edbi\u00a0m\u00f3n salad c\u00e0 chua v\u00e0 pita gi\u00f2n.<\/p>\n<p>&#8211; R\u1eafc khoai t\u00e2y n\u01b0\u1edbng, khoai t\u00e2y chi\u00ean ho\u1eb7c khoai t\u00e2y chi\u00ean<\/p>\n<p><img loading=\"lazy\" decoding=\"async\" class=\"wp-image-26944 aligncenter\" src=\"https:\/\/havamall.com\/wp-content\/uploads\/2025\/06\/zaatar-spice-1-262x300.png\" alt=\"\" width=\"624\" height=\"714\" \/><\/p>","protected":false},"excerpt":{"rendered":"<p>Zaatar Spice Blend\u00a0l\u00e0 s\u1ef1 pha tr\u1ed9n c\u1ee7a c\u00e1c lo\u1ea1i th\u1ea3o m\u1ed9c, gia v\u1ecb v\u00e0 h\u1ea1t kh\u00f4. \u0110\u01b0\u1ee3c l\u00e0m t\u1eeb c\u00e2y<\/p>","protected":false},"featured_media":39563,"comment_status":"open","ping_status":"closed","template":"","meta":[],"product_brand":[],"product_cat":[595,36,134],"product_tag":[],"class_list":{"0":"post-26953","1":"product","2":"type-product","3":"status-publish","4":"has-post-thumbnail","6":"product_cat-gia-vi-va-che-bien","7":"product_cat-thuc-pham-tieu-dung","8":"product_cat-thucpham-saykho","10":"first","11":"instock","12":"sale","13":"shipping-taxable","14":"purchasable","15":"product-type-simple"},"_links":{"self":[{"href":"https:\/\/havamall.vn\/en\/wp-json\/wp\/v2\/product\/26953"}],"collection":[{"href":"https:\/\/havamall.vn\/en\/wp-json\/wp\/v2\/product"}],"about":[{"href":"https:\/\/havamall.vn\/en\/wp-json\/wp\/v2\/types\/product"}],"replies":[{"embeddable":true,"href":"https:\/\/havamall.vn\/en\/wp-json\/wp\/v2\/comments?post=26953"}],"version-history":[{"count":0,"href":"https:\/\/havamall.vn\/en\/wp-json\/wp\/v2\/product\/26953\/revisions"}],"wp:featuredmedia":[{"embeddable":true,"href":"https:\/\/havamall.vn\/en\/wp-json\/wp\/v2\/media\/39563"}],"wp:attachment":[{"href":"https:\/\/havamall.vn\/en\/wp-json\/wp\/v2\/media?parent=26953"}],"wp:term":[{"taxonomy":"product_brand","embeddable":true,"href":"https:\/\/havamall.vn\/en\/wp-json\/wp\/v2\/product_brand?post=26953"},{"taxonomy":"product_cat","embeddable":true,"href":"https:\/\/havamall.vn\/en\/wp-json\/wp\/v2\/product_cat?post=26953"},{"taxonomy":"product_tag","embeddable":true,"href":"https:\/\/havamall.vn\/en\/wp-json\/wp\/v2\/product_tag?post=26953"}],"curies":[{"name":"wp","href":"https:\/\/api.w.org\/{rel}","templated":true}]}}