{"id":26882,"date":"2022-05-25T15:48:42","date_gmt":"2022-05-25T08:48:42","guid":{"rendered":"https:\/\/havamall.vn\/?post_type=product&#038;p=26882"},"modified":"2025-03-20T17:09:14","modified_gmt":"2025-03-20T10:09:14","slug":"sot-ot-tabasco-chai-thuy-tinh-60ml-tabasco-pepper-sauce","status":"publish","type":"product","link":"https:\/\/havamall.vn\/en\/shop\/sot-ot-tabasco-chai-thuy-tinh-60ml-tabasco-pepper-sauce\/","title":{"rendered":"S\u1ed1t \u1edat \u0110\u1ecf Tabasco Chai Th\u1ee7y Tinh 60ml &#8211; Tabasco Pepper Sauce"},"content":{"rendered":"<p>S\u1ed1t \u1edbt \u0111\u1ecf Tabasco\u00a0(Tabasco Red Sauce) l\u00e0 s\u1ea3n ph\u1ea9m c\u00f3 h\u01b0\u01a1ng v\u1ecb cay n\u1ed3ng \u0111\u1ed9c \u0111\u00e1o mang l\u1ea1i m\u00f3n \u0103n k\u00edch th\u00edch v\u1ecb gi\u00e1c tuy\u1ec7t v\u1eddi cho ng\u01b0\u1eddi th\u01b0\u1edfng th\u1ee9c. Tabasco\u00ae Brand Pepper Sauce l\u00e0 th\u01b0\u01a1ng hi\u1ec7u s\u1ed1t \u1edbt l\u00e2u \u0111\u1eddi nh\u1ea5t c\u1ee7a c\u00f4ng ty Mcllhenny, tr\u1ea3i qua h\u01a1n 147 n\u0103m, ng\u00e0y nay s\u1ed1t \u1edbt Tabasco\u00ae \u0111\u00e3 c\u00f3 m\u1eb7t t\u1ea1i h\u01a1n 100 qu\u1ed1c gia v\u00e0 v\u00f9ng l\u00e3nh th\u1ed5, \u0111\u01b0\u1ee3c kh\u1eafp th\u1ebf gi\u1edbi \u01b0a chu\u1ed9ng.<\/p>\n<p>V\u1edbi h\u01b0\u01a1ng v\u1ecb tuy\u1ec7t v\u1eddi,\u00a0lo\u1ea1i gia v\u1ecb c\u00f3 c\u00f4ng th\u1ee9c \u201cb\u00ed truy\u1ec1n\u201d\u00a0l\u00e0 s\u1ef1 ch\u1ecdn l\u1ef1a h\u00e0ng \u0111\u1ea7u c\u1ee7a c\u00e1c \u0111\u1ea7u b\u1ebfp chuy\u00ean nghi\u1ec7p trong vi\u1ec7c ch\u1ebf bi\u1ebfn c\u0169ng nh\u01b0 s\u00e1ng t\u1ea1o m\u00f3n m\u1edbi.<\/p>\n<p><img fetchpriority=\"high\" decoding=\"async\" class=\"wp-image-26883 aligncenter\" src=\"https:\/\/havamall.vn\/wp-content\/uploads\/2025\/03\/18973n-300x132.png\" alt=\"\" width=\"711\" height=\"313\" \/><\/p>\n<p>T\u1ea1i qu\u00ea nh\u00e0, Tabasco r\u1ea5t \u0111\u01b0\u1ee3c \u01b0a chu\u1ed9ng, trung b\u00ecnh m\u1ed7i ng\u01b0\u1eddi d\u00e2n \u1edf \u0111\u00e2y ti\u00eau th\u1ee5 kho\u1ea3ng 2 chai Tabasco (60ml) m\u1ed7i n\u0103m. C\u00f3 th\u1ec3 th\u1ea5y r\u1eb1ng, s\u1ee9c h\u00fat t\u1eeb lo\u1ea1i s\u1ed1t \u1edbt n\u00e0y v\u1eabn kh\u00f4ng h\u1ec1 gi\u1ea3m, m\u1eb7c d\u00f9 \u0111\u00e3 r\u1ea5t l\u00e2u \u0111\u1eddi.<\/p>\n<p>S\u1ed1t \u1edbt Tabasco\u00a0c\u00f3 th\u00e0nh ph\u1ea7n t\u1ef1 nhi\u00ean, v\u1edbi nhi\u1ec1u d\u00f2ng s\u1ea3n ph\u1ea9m. V\u00ec th\u1ebf, b\u1ea1n c\u00f3 th\u1ec3\u00a0d\u00f9ng tr\u1ef1c ti\u1ebfp s\u1ed1t \u1edbt v\u1edbi pizza,\u00a0c\u00e1c m\u00f3n n\u01b0\u1edbng,\u00a0m\u1ef3 \u00fd, v\u00e0\u00a0c\u00e1c m\u00f3n chi\u00ean, x\u00e0o,\u2026 H\u01a1n th\u1ebf n\u1eefa, s\u1ed1t \u1edbt c\u00f3 th\u1ec3 d\u00f9ng \u0111\u01b0\u1ee3c nh\u01b0 1 lo\u1ea1i gia v\u1ecb t\u1ea9m \u01b0\u1edbp, s\u01a1 ch\u1ebf,\u2026 t\u1ea1o n\u00ean h\u01b0\u01a1ng v\u1ecb m\u1edbi m\u1ebb cho m\u00f3n \u0103n.<\/p>\n<p><img decoding=\"async\" class=\"wp-image-26884 aligncenter\" src=\"https:\/\/havamall.vn\/wp-content\/uploads\/2025\/03\/TABASCO-150-Anniversarze-1-300x169.png\" alt=\"\" width=\"732\" height=\"412\" \/><\/p>\n<p>Theo truy\u1ec1n th\u1ed1ng c\u1ee7a Tabasco, t\u1ea5t c\u1ea3 \u1edbt c\u1ee7a ch\u00fang t\u00f4i \u0111\u01b0\u1ee3c ch\u1ecdn b\u1eb1ng tay.\u00a0Ng\u01b0\u1eddi h\u00e1i \u0111\u1ea3m b\u1ea3o \u0111\u1ed9 ch\u00edn b\u1eb1ng c\u00e1ch so s\u00e1nh m\u00e0u s\u1eafc c\u1ee7a \u1edbt v\u1edbi rouge &#8211; m\u1ed9t m\u00e0u s\u01a1n\u00a0\u0111\u1ecf\u00a0\u01b0a th\u00edch c\u1ee7a \u0111\u1eb7c tr\u01b0ng c\u1ee7a th\u01b0\u01a1ng hi\u1ec7u Tabasco. \u0110\u1eb7c bi\u1ec7t m\u1ed9t th\u00e0nh vi\u00ean c\u1ee7a gia \u0111\u00ecnh McIlhenny \u0111\u00edch th\u00e2n ch\u1ecdn nh\u1eefng c\u00e2y t\u1ed1t nh\u1ea5t tr\u00ean c\u00e1nh \u0111\u1ed3ng trong v\u1ee5 thu ho\u1ea1ch.\u00a0H\u1ea1t ti\u00eau t\u1eeb nh\u1eefng c\u00e2y n\u00e0y \u0111\u01b0\u1ee3c x\u1eed l\u00fd v\u00e0 s\u1ea5y kh\u00f4 \u0111\u1ec3 s\u1eed d\u1ee5ng cho v\u1ee5 m\u00f9a n\u0103m sau.<\/p>\n<p><img decoding=\"async\" class=\"wp-image-26885 aligncenter\" src=\"https:\/\/havamall.vn\/wp-content\/uploads\/2025\/03\/2850a1d4f325-300x225.png\" alt=\"\" width=\"744\" height=\"558\" \/><\/p>\n<p>N\u01b0\u1edbc s\u1ed1t \u1edbt \u0111\u1ecf nguy\u00ean b\u1ea3n TABASCO \u0111\u01b0\u1ee3c s\u1ea3n xu\u1ea5t v\u1edbi ba th\u00e0nh ph\u1ea7n \u0111\u01a1n gi\u1ea3n l\u00e0 \u1edbt, gi\u1ea5m v\u00e0 mu\u1ed1i \u0111\u01b0\u1ee3c \u1ee7 trong th\u00f9ng g\u1ed7 s\u1ed3i \u0111\u1ebfn ba n\u0103m tr\u00ean \u0111\u1ea3o Avery, Louisiana, tr\u01b0\u1edbc khi \u0111\u00f3ng chai.\u00a0C\u00f4ng th\u1ee9c c\u00f3 ngu\u1ed3n g\u1ed1c t\u1eeb Edmund McIlhenny v\u00e0o n\u0103m 1868 \u0111\u00e3 \u0111\u01b0\u1ee3c gia \u0111\u00ecnh McIlhenny s\u1eed d\u1ee5ng trong g\u1ea7n 150 n\u0103m.<\/p>\n<p>\u1edat \u0111\u1ecf, mu\u1ed1i t\u1eeb \u0111\u1ea3o Avery, Louisiana v\u00e0 gi\u1ea5m \u0111\u01b0\u1ee3c \u1ee7 v\u00e0 ho\u00e0n thi\u1ec7n trong th\u00f9ng g\u1ed7 s\u1ed3i tr\u1eafng cho \u0111\u1ebfn ba n\u0103m.\u00a0Qu\u00e1 tr\u00ecnh n\u00e0y t\u1ea1o ra c\u00e1c h\u01b0\u01a1ng v\u1ecb tinh t\u1ebf duy nh\u1ea5t cho TABASCO\u00a0Sauce.\u00a0M\u1ed7i m\u1ebb s\u1ed1t t\u1ea1o ra \u0111\u1ec1u \u0111\u01b0\u1ee3c ki\u1ec3m tra nghi\u00eam ng\u1eb7t b\u1edfi m\u1ed9t th\u00e0nh vi\u00ean gia \u0111\u00ecnh McIlhenny \u0111\u1ec3 \u0111\u1ea3m b\u1ea3o ch\u1ea5t l\u01b0\u1ee3ng cao nh\u1ea5t t\u1edbi tay ng\u01b0\u1eddi ti\u00eau d\u00f9ng.<\/p>\n<p><img loading=\"lazy\" decoding=\"async\" class=\"wp-image-26886 aligncenter\" src=\"https:\/\/havamall.vn\/wp-content\/uploads\/2025\/03\/67772915-300x300.png\" alt=\"\" width=\"732\" height=\"732\" \/><\/p>\n<h3><strong>H\u01b0\u1edbng d\u1eabn s\u1eed d\u1ee5ng:<\/strong><\/h3>\n<p>&#8211; D\u00f9ng v\u1edbi b\u00f2 beefsteak, pizza, m\u00ec \u00dd, c\u00e1c lo\u1ea1i m\u00ec x\u00e0o, tr\u1ee9ng \u1ed1p la, c\u01a1m chi\u00ean,\u2026<\/p>\n<p>&#8211; D\u00f9ng \u0111\u1ec3 \u01b0\u1edbp c\u00e1c m\u00f3n n\u01b0\u1edbng cay nh\u01b0: c\u00e1nh g\u00e0 n\u01b0\u1edbng cay, s\u01b0\u1eddn s\u1ed1t Tabasco ho\u1eb7c l\u00e0m n\u01b0\u1edbc s\u1ed1t cho c\u00e1c m\u00f3n n\u01b0\u1edbng.<\/p>\n<p>&#8211; C\u00f3 th\u1ec3 l\u00e0m m\u00f3n mu\u1ed1i ti\u00eau TABASCO ch\u1ea5m v\u1edbi c\u00e1c m\u00f3n n\u01b0\u1edbng.<\/p>\n<p><img loading=\"lazy\" decoding=\"async\" class=\"wp-image-26887 aligncenter\" src=\"https:\/\/havamall.vn\/wp-content\/uploads\/2025\/03\/54435127_2042345359202816_5908485066274635776_n-300x300.jpg\" alt=\"\" width=\"735\" height=\"735\" \/><\/p>","protected":false},"excerpt":{"rendered":"<p>S\u1ed1t \u1edbt \u0111\u1ecf Tabasco\u00a0(Tabasco Red Sauce) l\u00e0 s\u1ea3n ph\u1ea9m c\u00f3 h\u01b0\u01a1ng v\u1ecb cay n\u1ed3ng \u0111\u1ed9c \u0111\u00e1o mang l\u1ea1i m\u00f3n \u0103n<\/p>","protected":false},"featured_media":26888,"comment_status":"open","ping_status":"closed","template":"","meta":[],"product_brand":[],"product_cat":[683,130,36],"product_tag":[],"class_list":{"0":"post-26882","1":"product","2":"type-product","3":"status-publish","4":"has-post-thumbnail","6":"product_cat-nhap-khau-tay-ban-nha","7":"product_cat-khuyen-mai","8":"product_cat-thuc-pham-tieu-dung","10":"first","11":"instock","12":"sale","13":"shipping-taxable","14":"purchasable","15":"product-type-simple"},"_links":{"self":[{"href":"https:\/\/havamall.vn\/en\/wp-json\/wp\/v2\/product\/26882"}],"collection":[{"href":"https:\/\/havamall.vn\/en\/wp-json\/wp\/v2\/product"}],"about":[{"href":"https:\/\/havamall.vn\/en\/wp-json\/wp\/v2\/types\/product"}],"replies":[{"embeddable":true,"href":"https:\/\/havamall.vn\/en\/wp-json\/wp\/v2\/comments?post=26882"}],"version-history":[{"count":0,"href":"https:\/\/havamall.vn\/en\/wp-json\/wp\/v2\/product\/26882\/revisions"}],"wp:featuredmedia":[{"embeddable":true,"href":"https:\/\/havamall.vn\/en\/wp-json\/wp\/v2\/media\/26888"}],"wp:attachment":[{"href":"https:\/\/havamall.vn\/en\/wp-json\/wp\/v2\/media?parent=26882"}],"wp:term":[{"taxonomy":"product_brand","embeddable":true,"href":"https:\/\/havamall.vn\/en\/wp-json\/wp\/v2\/product_brand?post=26882"},{"taxonomy":"product_cat","embeddable":true,"href":"https:\/\/havamall.vn\/en\/wp-json\/wp\/v2\/product_cat?post=26882"},{"taxonomy":"product_tag","embeddable":true,"href":"https:\/\/havamall.vn\/en\/wp-json\/wp\/v2\/product_tag?post=26882"}],"curies":[{"name":"wp","href":"https:\/\/api.w.org\/{rel}","templated":true}]}}