{"id":26872,"date":"2022-05-24T16:44:53","date_gmt":"2022-05-24T09:44:53","guid":{"rendered":"https:\/\/havamall.vn\/?post_type=product&#038;p=26872"},"modified":"2022-05-24T16:52:27","modified_gmt":"2022-05-24T09:52:27","slug":"bo-5-dung-cu-lam-banh-bang-silicon-can-go","status":"publish","type":"product","link":"https:\/\/havamall.vn\/en\/shop\/bo-5-dung-cu-lam-banh-bang-silicon-can-go\/","title":{"rendered":"B\u1ed9 5 D\u1ee5ng C\u1ee5 L\u00e0m B\u00e1nh B\u1eb1ng Silicon C\u00e1n G\u1ed7"},"content":{"rendered":"<p>\u0110\u1ec3 l\u00e0m \u0111\u01b0\u1ee3c nh\u1eefng chi\u1ebfc b\u00e1nh n\u01b0\u1edbng v\u1eeba ngon v\u1eeba \u0111\u1eb9p m\u1eaft\u00a0 m\u1ed9t c\u00e1ch nhanh ch\u00f3ng, th\u00ec b\u1ea1n c\u1ea7n c\u00f3 \u0111\u1ea7y \u0111\u1ee7 d\u1ee5ng c\u1ee5 \u0111\u1ec3 l\u00e0m b\u00e1nh. Ch\u00fang t\u00f4i xin gi\u1edbi thi\u1ec7u t\u1edbi b\u1ea1n b\u1ed9 th\u00eca tr\u1ed9n b\u1ed9t l\u00e0m b\u00e1nh \u0111a n\u0103ng. B\u1ed9 g\u1ed3m c\u1ecd, dao, th\u00eca v\u00e9t b\u1ed9t c\u00f3 th\u1ec3 s\u1eed d\u1ee5ng \u0111\u1ec3 v\u00e9t b\u1ed9t, c\u1eaft b\u1ed9t ho\u1eb7c c\u1eaft b\u00e1nh khi ch\u00edn. V\u1edbi nhi\u1ec1u k\u00edch c\u1ee1 kh\u00e1c nhau. B\u1ed9 5 s\u1ea3n ph\u1ea9m l\u00e0m b\u00e1nh \u0111a n\u0103ng l\u00e0 s\u1ef1 l\u1ef1a ch\u1ecdn th\u00f4ng minh c\u1ee7a ng\u01b0\u1eddi n\u1ed9i tr\u1ee3. Ho\u1eb7c d\u00f9ng \u0111\u1ec3 tr\u1ed9n v\u00e0 khu\u1ea5y th\u1ee9c \u0103n khi n\u1ea5u n\u01b0\u1edbng.Ch\u1ea5t li\u1ec7u an to\u00e0n, m\u00e0u s\u1eafc b\u1eaft m\u1eaft.<\/p>\n<p><img fetchpriority=\"high\" decoding=\"async\" class=\"wp-image-26873 aligncenter\" src=\"https:\/\/havamall.vn\/wp-content\/uploads\/2022\/05\/5-PCS-High-temperature-ft.png_-300x230.png\" alt=\"\" width=\"640\" height=\"491\" srcset=\"https:\/\/havamall.vn\/wp-content\/uploads\/2022\/05\/5-PCS-High-temperature-ft.png_-300x230.png 300w, https:\/\/havamall.vn\/wp-content\/uploads\/2022\/05\/5-PCS-High-temperature-ft.png_-430x329.png 430w, https:\/\/havamall.vn\/wp-content\/uploads\/2022\/05\/5-PCS-High-temperature-ft.png_-150x115.png 150w, https:\/\/havamall.vn\/wp-content\/uploads\/2022\/05\/5-PCS-High-temperature-ft.png_-700x536.png 700w, https:\/\/havamall.vn\/wp-content\/uploads\/2022\/05\/5-PCS-High-temperature-ft.png_-768x588.png 768w, https:\/\/havamall.vn\/wp-content\/uploads\/2022\/05\/5-PCS-High-temperature-ft.png_-600x460.png 600w, https:\/\/havamall.vn\/wp-content\/uploads\/2022\/05\/5-PCS-High-temperature-ft.png_.png 1000w\" sizes=\"(max-width: 640px) 100vw, 640px\" \/><\/p>\n<p>\u0110\u1ec3 l\u00e0m \u0111\u01b0\u1ee3c nh\u1eefng chi\u1ebfc b\u00e1nh n\u01b0\u1edbng v\u1eeba ngon v\u1eeba \u0111\u1eb9p m\u1eaft nhanh ch\u00f3ng, b\u1ea1n c\u1ea7n c\u00f3 \u0111\u1ea7y \u0111\u1ee7 d\u1ee5ng c\u1ee5 \u0111\u1ec3 l\u00e0m b\u00e1nh.\u00a0B\u1ed9 5 s\u1ea3n ph\u1ea9m s\u1ebd gi\u00fap c\u00f4ng vi\u1ec7c l\u00e0m b\u00e1nh c\u1ee7a b\u1ea1n tr\u1edf n\u00ean th\u00fa v\u1ecb v\u00e0 nhanh ch\u00f3ng h\u01a1n.<\/p>\n<p>B\u1ed9 g\u1ed3m 5 s\u1ea3n ph\u1ea9m c\u00f3 th\u1ec3 s\u1eed d\u1ee5ng \u0111\u1ec3 qu\u00e9t d\u1ea7u, qu\u00e9t tr\u1ee9ng, v\u00e9t b\u1ed9t, c\u1eaft b\u1ed9t ho\u1eb7c c\u1eaft b\u00e1nh khi ch\u00edn. V\u1edbi nhi\u1ec1u k\u00edch c\u1ee1 kh\u00e1c nhau. B\u1ed9 s\u1ea3n ph\u1ea9m l\u00e0m b\u00e1nh \u0111a n\u0103ng l\u00e0 s\u1ef1 l\u1ef1a ch\u1ecdn th\u00f4ng minh c\u1ee7a ng\u01b0\u1eddi n\u1ed9i tr\u1ee3. V\u1edbi ch\u1ea5t li\u1ec7u an to\u00e0n, mang \u0111\u1ebfn s\u1ef1 an t\u00e2m cho ng\u01b0\u1eddi s\u1eed d\u1ee5ng.<\/p>\n<p><img decoding=\"async\" class=\"wp-image-26874 aligncenter\" src=\"https:\/\/havamall.vn\/wp-content\/uploads\/2022\/05\/H5134dc30c6e04-300x288.png\" alt=\"\" width=\"644\" height=\"618\" srcset=\"https:\/\/havamall.vn\/wp-content\/uploads\/2022\/05\/H5134dc30c6e04-300x288.png 300w, https:\/\/havamall.vn\/wp-content\/uploads\/2022\/05\/H5134dc30c6e04-430x412.png 430w, https:\/\/havamall.vn\/wp-content\/uploads\/2022\/05\/H5134dc30c6e04-150x144.png 150w, https:\/\/havamall.vn\/wp-content\/uploads\/2022\/05\/H5134dc30c6e04-700x671.png 700w, https:\/\/havamall.vn\/wp-content\/uploads\/2022\/05\/H5134dc30c6e04-768x736.png 768w, https:\/\/havamall.vn\/wp-content\/uploads\/2022\/05\/H5134dc30c6e04-600x575.png 600w, https:\/\/havamall.vn\/wp-content\/uploads\/2022\/05\/H5134dc30c6e04.png 772w\" sizes=\"(max-width: 644px) 100vw, 644px\" \/><\/p>\n<p>D\u1ee5ng c\u1ee5 \u0111\u01b0\u1ee3c l\u00e0m ho\u00e0n to\u00e0n t\u1eeb silicon cao c\u1ea5p, tuy\u1ec7t \u0111\u1ed1i an to\u00e0n cho s\u1ee9c kh\u1ecfe ng\u01b0\u1eddi s\u1eed d\u1ee5ng. \u0110\u1eb7c bi\u1ec7t ch\u1ea5t li\u1ec7u silicon b\u1ec1n \u0111\u1eb9p v\u1edbi th\u1eddi gian, ch\u1ecbu \u0111\u01b0\u1ee3c nhi\u1ec7t \u0111\u1ed9 t\u1ed1t. S\u1ea3n ph\u1ea9m c\u00f2n c\u00f3 t\u00ednh n\u0103ng ch\u1ecbu d\u1ea7u v\u00e0 n\u01b0\u1edbc r\u1ea5t t\u1ed1t, d\u1ec5 d\u00e0ng v\u1ec7 sinh, ch\u1ec9 c\u1ea7n r\u1eeda s\u1ea1ch l\u00e0 c\u00f3 th\u1ec3 s\u1eed d\u1ee5ng l\u1ea1i.<\/p>\n<p>Thi\u1ebft k\u1ebf v\u1eeba tay c\u1ea7m kh\u00f4ng g\u00e2y m\u1ecfi tay khi s\u1eed d\u1ee5ng. Ch\u1ea5t li\u1ec7u silicon v\u00f4 c\u00f9ng d\u1ec5 lau r\u1eeda, b\u1ec1 m\u1eb7t kh\u00f4ng c\u00f3 c\u00e1c \u0111\u01b0\u1eddng v\u00e2n, kh\u1edbp n\u1ed1i n\u00ean ch\u1ec9 c\u1ea7n x\u1ed1i n\u01b0\u1edbc b\u1ed9t s\u1ebd tr\u00f4i m\u1ea5t kh\u00f4ng m\u1ea5t c\u00f4ng c\u1ecd r\u1eeda. C\u1ea3 chi\u1ebfc ph\u1edbi l\u00e0 m\u1ed9t kh\u1ed1i li\u1ec1n nguy\u00ean kh\u1ed1i r\u1ea5t d\u1ebbo dai, c\u1ee9ng ch\u1eafc v\u00e0 c\u1ea7m ch\u1eafc tay n\u00ean c\u00f3 th\u1ec3 tr\u1ed9n \u0111\u01b0\u1ee3c c\u00e1c lo\u1ea1i b\u1ed9t c\u1ee9ng nh\u01b0 b\u1ed9t b\u00e1nh n\u01b0\u1edbng, dai nh\u01b0 b\u1ed9t b\u00e1nh d\u1ebbo, b\u1ed9t ng\u00e0n l\u1edbp\u2026 m\u00e0 kh\u00f4ng lo b\u1ecb \u0111\u1ee9t g\u00e3y.<\/p>\n<p><img decoding=\"async\" class=\"wp-image-26875 aligncenter\" src=\"https:\/\/havamall.vn\/wp-content\/uploads\/2022\/05\/1a1437dd-300x300.png\" alt=\"\" width=\"644\" height=\"644\" srcset=\"https:\/\/havamall.vn\/wp-content\/uploads\/2022\/05\/1a1437dd-300x300.png 300w, https:\/\/havamall.vn\/wp-content\/uploads\/2022\/05\/1a1437dd-430x430.png 430w, https:\/\/havamall.vn\/wp-content\/uploads\/2022\/05\/1a1437dd-150x150.png 150w, https:\/\/havamall.vn\/wp-content\/uploads\/2022\/05\/1a1437dd-700x700.png 700w, https:\/\/havamall.vn\/wp-content\/uploads\/2022\/05\/1a1437dd-768x768.png 768w, https:\/\/havamall.vn\/wp-content\/uploads\/2022\/05\/1a1437dd-600x600.png 600w, https:\/\/havamall.vn\/wp-content\/uploads\/2022\/05\/1a1437dd-100x100.png 100w, https:\/\/havamall.vn\/wp-content\/uploads\/2022\/05\/1a1437dd.png 800w\" sizes=\"(max-width: 644px) 100vw, 644px\" \/><\/p>\n<h3><strong>\u0110\u1eb7c \u0111i\u1ec3m c\u1ee7a s\u1ea3n ph\u1ea9m:<\/strong><\/h3>\n<p>&#8211; Ch\u1ea5t li\u1ec7u silicon ch\u1ecbu nhi\u1ec7t \u0111\u1ed9 cao<\/p>\n<p>&#8211; Thi\u1ebft k\u1ebf l\u1ed7 treo d\u1ec5 kh\u00f4 v\u00e0 d\u1ec5 b\u1ea3o qu\u1ea3n, thi\u1ebft k\u1ebf c\u00f4ng th\u00e1i h\u1ecdc, tay c\u1ea7m cong \u0111\u1eb9p<\/p>\n<p>&#8211; Kh\u00f4ng bi\u1ebfn d\u1ea1ng, kh\u00f4ng l\u00e0m h\u1ecfng n\u1ed3i, d\u1ec5 lau ch\u00f9i, kh\u00f4ng n\u1ee9t, kh\u00f4ng d\u00ednh.<\/p>\n<p>\u2013 Ch\u1ea5t li\u1ec7u silicon an to\u00e0n. Ch\u1ecbu \u0111\u01b0\u1ee3c nhi\u1ec7t \u0111\u1ed9 cao r\u1ea5t t\u1ed1t.Thi\u1ebft k\u1ebf \u0111\u1eb9p, m\u00e0u s\u1eafc b\u1eaft m\u1eaft, s\u1eed d\u1ee5ng b\u1ec1n.<\/p>\n<p>\u2013 C\u00f3 m\u00f3c treo, d\u1ec5 d\u00e0ng v\u1ec7 sinh.<\/p>\n<p>\u2013 Thi\u1ebft k\u1ebf nh\u1ecf g\u1ecdn, d\u1ec5 s\u1eed d\u1ee5ng<\/p>\n<p>\u2013 Thi\u1ebft k\u1ebf nh\u1ecf g\u1ecdn, ti\u1ec7n d\u1ee5ng, kh\u00f4ng chi\u1ebfm nhi\u1ec1u kh\u00f4ng gian trong b\u1ebfp.<\/p>\n<p>S\u1ea3n ph\u1ea9m hi\u1ec7n \u0111\u00e3 c\u00f3 m\u1eb7t t\u1ea1i Havamall.<\/p>","protected":false},"excerpt":{"rendered":"<p>\u0110\u1ec3 l\u00e0m \u0111\u01b0\u1ee3c nh\u1eefng chi\u1ebfc b\u00e1nh n\u01b0\u1edbng v\u1eeba ngon v\u1eeba \u0111\u1eb9p m\u1eaft\u00a0 m\u1ed9t c\u00e1ch nhanh ch\u00f3ng, th\u00ec b\u1ea1n c\u1ea7n c\u00f3<\/p>","protected":false},"featured_media":26877,"comment_status":"open","ping_status":"closed","template":"","meta":[],"product_brand":[],"product_cat":[393,35],"product_tag":[],"class_list":{"0":"post-26872","1":"product","2":"type-product","3":"status-publish","4":"has-post-thumbnail","6":"product_cat-bep-phong-an","7":"product_cat-nha-cua-doi-song","9":"first","10":"instock","11":"sale","12":"shipping-taxable","13":"purchasable","14":"product-type-simple"},"_links":{"self":[{"href":"https:\/\/havamall.vn\/en\/wp-json\/wp\/v2\/product\/26872"}],"collection":[{"href":"https:\/\/havamall.vn\/en\/wp-json\/wp\/v2\/product"}],"about":[{"href":"https:\/\/havamall.vn\/en\/wp-json\/wp\/v2\/types\/product"}],"replies":[{"embeddable":true,"href":"https:\/\/havamall.vn\/en\/wp-json\/wp\/v2\/comments?post=26872"}],"version-history":[{"count":0,"href":"https:\/\/havamall.vn\/en\/wp-json\/wp\/v2\/product\/26872\/revisions"}],"wp:featuredmedia":[{"embeddable":true,"href":"https:\/\/havamall.vn\/en\/wp-json\/wp\/v2\/media\/26877"}],"wp:attachment":[{"href":"https:\/\/havamall.vn\/en\/wp-json\/wp\/v2\/media?parent=26872"}],"wp:term":[{"taxonomy":"product_brand","embeddable":true,"href":"https:\/\/havamall.vn\/en\/wp-json\/wp\/v2\/product_brand?post=26872"},{"taxonomy":"product_cat","embeddable":true,"href":"https:\/\/havamall.vn\/en\/wp-json\/wp\/v2\/product_cat?post=26872"},{"taxonomy":"product_tag","embeddable":true,"href":"https:\/\/havamall.vn\/en\/wp-json\/wp\/v2\/product_tag?post=26872"}],"curies":[{"name":"wp","href":"https:\/\/api.w.org\/{rel}","templated":true}]}}