{"id":26864,"date":"2022-05-24T15:49:07","date_gmt":"2022-05-24T08:49:07","guid":{"rendered":"https:\/\/havamall.vn\/?post_type=product&#038;p=26864"},"modified":"2025-10-10T16:45:45","modified_gmt":"2025-10-10T09:45:45","slug":"khuon-lam-banh-trung-thu-co-lo-xo-bo-6-cai-moon-cake-mold","status":"publish","type":"product","link":"https:\/\/havamall.vn\/en\/shop\/khuon-lam-banh-trung-thu-co-lo-xo-bo-6-cai-moon-cake-mold\/","title":{"rendered":"Khu\u00f4n L\u00e0m B\u00e1nh Trung Thu C\u00f3 L\u00f2 Xo B\u1ed9 6 C\u00e1i &#8211; Moon Cake Mold"},"content":{"rendered":"<p>Khu\u00f4n b\u00e1nh trung thu ch\u00ednh l\u00e0 nh\u00e0 t\u1ea1o h\u00ecnh mang l\u1ea1i linh h\u1ed3n v\u00e0 n\u00e9t \u0111\u1ed9c \u0111\u00e1o cho t\u1eebng chi\u1ebfc b\u00e1nh kh\u00e1c nhau. T\u1eeb nh\u1eefng c\u1ee5c b\u1ed9t b\u00e1nh gi\u1ed1ng y chang nhau, trong t\u00edch t\u1eafc \u0111\u00e3 \u0111\u01b0\u1ee3c bi\u1ebfn h\u00f3a ra th\u00e0nh \u0111\u1ee7 lo\u1ea1i h\u00ecnh h\u00e0i.<\/p>\n<p>B\u1ea1n mu\u1ed1n t\u1ef1 tay l\u00e0m nh\u1eefng chi\u1ebfc b\u00e1nh trung thu th\u01a1m ngon , \u0111\u1eb9p m\u1eaft cho c\u1ea3 gia \u0111\u00ecnh nh\u01b0ng l\u1ea1i kh\u00f4ng kh\u00e9o tay cho l\u1eafm, th\u00ec khu\u00f4n l\u00f2 xo l\u00e0m b\u00e1nh trung thu\u00a0s\u1ebd gi\u00fap b\u1ea1n d\u1ec5 d\u00e0ng t\u1ea1o h\u00ecnh cho chi\u1ebfc b\u00e1nh trung thu \u0111\u1eb9p m\u1eaft.<\/p>\n<p><img fetchpriority=\"high\" decoding=\"async\" class=\"wp-image-26865 aligncenter\" src=\"https:\/\/havamall.com\/wp-content\/uploads\/2025\/10\/331690d5-thuong-300x200.png\" alt=\"\" width=\"640\" height=\"426\" \/><\/p>\n<p>B\u1ed9 khu\u00f4n l\u00e0m b\u00e1nh trung thu l\u00f2 xo\u00a0\u0111\u01b0\u1ee3c l\u00e0m t\u1eeb ch\u1ea5t li\u1ec7u nh\u1ef1a t\u1ed1t an to\u00e0n v\u1edbi s\u1ee9c kh\u1ecfe c\u1ee7a b\u1ea1n. Khu\u00f4n kh\u00f4ng ch\u1ec9 d\u00f9ng \u0111\u1ec3 l\u00e0m b\u00e1nh n\u01b0\u1edbng, b\u00e1nh d\u1ebbo m\u00e0 c\u00f2n l\u00e0m c\u00e1c lo\u1ea1i b\u00e1nh mochi v\u00e0 b\u00e1nh g\u1ea1o d\u1ebbo nh\u1eadt, b\u00e1nh quy, b\u00e1nh m\u1ee9t hoa qu\u1ea3,\u2026v\u1edbi hoa v\u0103n phong ph\u00fa v\u00e0 \u0111\u1eb9p m\u1eaft.<\/p>\n<p>Khu\u00f4n l\u00e0m b\u00e1nh trung thu gi\u00fap b\u1ea1n s\u00e1ng t\u1ea1o ra nh\u1eefng m\u00f3n b\u00e1nh n\u01b0\u1edbng, b\u00e1nh d\u1ebbo v\u1edbi h\u00ecnh d\u00e1ng b\u1eaft m\u1eaft, m\u00e0u s\u1eafc h\u1ea5p d\u1eabn m\u00e0 v\u1eabn gi\u1eef \u0111\u01b0\u1ee3c s\u1ef1 t\u01b0\u01a1i ngon cho<\/p>\n<p><img decoding=\"async\" class=\"wp-image-26866 aligncenter\" src=\"https:\/\/havamall.com\/wp-content\/uploads\/2025\/10\/b98fcb06-300x300.png\" alt=\"\" width=\"636\" height=\"636\" \/><\/p>\n<p>B\u1ed9 khu\u00f4n l\u00e0m b\u00e1nh trung thu\u00a0bao g\u1ed3m 6 m\u1eabu hoa v\u0103n truy\u1ec1n th\u1ed1ng cho b\u1ea1n th\u1ecfa s\u1ee9c s\u00e1ng t\u1ea1o ra nh\u1eefng m\u1ebb b\u00e1nh mang phong c\u00e1ch ri\u00eang c\u1ee7a m\u00ecnh.<u><\/u><\/p>\n<p>s\u1ea3n ph\u1ea9m. Khu\u00f4n l\u00e0m b\u00e1nh trung thu g\u1ed3m 1 khung v\u00e0 6 mi\u1ebfng khu\u00f4n ch\u1eef kh\u00e1c nhau, ph\u00f9 h\u1ee3p \u0111\u1ec3 l\u00e0m b\u00e1nh trung thu (n\u01b0\u1edbng &#8211; d\u1ebbo) ho\u1eb7c \u0111\u1ec3 \u0111\u00f3ng x\u00f4i &#8211; o\u1ea3n c\u1ee1 nh\u1ecf.<\/p>\n<p><img decoding=\"async\" class=\"wp-image-26867 aligncenter\" src=\"https:\/\/havamall.com\/wp-content\/uploads\/2025\/10\/cach-lam-banh-trung-300x180.png\" alt=\"\" width=\"648\" height=\"389\" \/><\/p>\n<p>Khu\u00f4n l\u00f2 xo r\u1ea5t ti\u1ec7n l\u1ee3i trong s\u1eed d\u1ee5ng m\u00e0 gi\u00e1 th\u00e0nh l\u1ea1i ph\u00f9 h\u1ee3p.\u00a0D\u00f9ng khu\u00f4n l\u00f2 xo, khi l\u1ea5y b\u00e1nh ra r\u1ea5t nh\u1eb9 nh\u00e0ng v\u00e0 d\u1ec5 d\u00e0ng, h\u1ea7u nh\u01b0 kh\u00f4ng lo b\u00e1nh b\u1ecb d\u00ednh. C\u00f3 l\u1ebd th\u00edch nh\u1ea5t l\u00e0 khu\u00f4n l\u00f2 xo th\u01b0\u1eddng c\u00f3 r\u1ea5t nhi\u1ec1u m\u1eb7t hoa v\u0103n cho 1 khu\u00f4n, n\u00ean c\u00e1c ch\u1ecb em tha h\u1ed3 thay \u0111\u1ed5i h\u00ecnh th\u1ee9c b\u00ean ngo\u00e0i c\u1ee7a b\u00e1nh.<\/p>\n<p><img loading=\"lazy\" decoding=\"async\" class=\"wp-image-26868 aligncenter\" src=\"https:\/\/havamall.com\/wp-content\/uploads\/2025\/10\/H2960e4c8b0be4-300x251.png\" alt=\"\" width=\"657\" height=\"549\" \/><\/p>\n<h3><strong>\u0110\u1eb7c \u0111i\u1ec3m n\u1ed5i b\u1eadt c\u1ee7a b\u1ed9 khu\u00f4n l\u00e0m b\u00e1nh trung thu:<\/strong><\/h3>\n<p>\u2013 Khu\u00f4n l\u00e0m b\u00e1nh trung thu ti\u1ec7n d\u1ee5ng \u0111\u01b0\u1ee3c l\u00e0m t\u1eeb ch\u1ea5t li\u1ec7u nh\u1ef1a cao c\u1ea5p an to\u00e0n v\u1edbi s\u1ee9c kh\u1ecfe c\u1ee7a b\u1ea1n.<\/p>\n<p>\u2013 Khu\u00f4n l\u00e0m b\u00e1nh n\u01b0\u1edbng, b\u00e1nh d\u1ebbo v\u1edbi hoa v\u0103n phong ph\u00fa v\u00e0 \u0111\u1eb9p m\u1eaft.<\/p>\n<p>\u2013 V\u1edbi khu\u00f4n l\u00e0m b\u00e1nh b\u1ea1n ch\u1ec9 c\u1ea7n nh\u00e9t b\u00e1nh v\u00e1o c\u00e1c m\u1eabu khu\u00f4n kh\u00e1c nhau r\u1ed3i d\u00f9ng tay \u1ea5n ch\u1eb7t xu\u1ed1ng. Ph\u1ea7n n\u00e9n l\u00f2 xo kim lo\u1ea1i s\u1ebd gi\u00fap cho b\u00e1nh v\u1eeba khu\u00f4n r\u1ea5t \u0111\u1eb9p m\u1eaft \u0111\u1ed3ng th\u1eddi b\u1ea1n kh\u00f4ng m\u1ea5t qu\u00e1 nhi\u1ec1u s\u1ee9c.<\/p>\n<p>\u2013 S\u1ea3n ph\u1ea9m g\u1ed3m: 6 khu\u00f4n v\u00e0 1 d\u1eadp.<\/p>\n<p>\u2013 K\u00edch th\u01b0\u1edbc 14 x 5 x 5 cm<\/p>\n<p>\u2013 H\u00ecnh d\u00e1ng: Tr\u00f2n<\/p>\n<p><img loading=\"lazy\" decoding=\"async\" class=\"wp-image-26869 aligncenter\" src=\"https:\/\/havamall.com\/wp-content\/uploads\/2025\/10\/8a7cedbd08c-300x300.png\" alt=\"\" width=\"666\" height=\"666\" \/><\/p>\n<h3><strong>H\u01b0\u1edbng d\u1eabn s\u1eed d\u1ee5ng :\u00a0<\/strong><\/h3>\n<p>&gt; B\u1ea1n ch\u1ec9 c\u1ea7n ch\u1ecdn m\u1eabu in \u0111\u1eb7t v\u00e0o d\u1ee5ng c\u1ee5 d\u1eadp, ph\u1ee7 b\u1ed9t \u00e1o r\u1ed3i d\u00f9ng tay \u1ea5n t\u1eeb t\u1eeb xu\u1ed1ng vi\u00ean b\u00e1nh \u0111\u1eb7t tr\u00ean m\u1eb7t ph\u1eb3ng.<\/p>\n<p>&gt; Ph\u1ea7n n\u00e9n l\u00f2 xo s\u1ebd gi\u00fap cho b\u00e1nh v\u1eeba khu\u00f4n r\u1ea5t \u0111\u1eb9p m\u1eaft \u0111\u1ed3ng th\u1eddi b\u1ea1n kh\u00f4ng m\u1ea5t qu\u00e1 nhi\u1ec1u s\u1ee9c.<\/p>\n<p>S\u1ea3n ph\u1ea9m hi\u1ec7n \u0111\u00e3 c\u00f3 m\u1eb7t t\u1ea1i Havamall.<\/p>","protected":false},"excerpt":{"rendered":"<p>Khu\u00f4n b\u00e1nh trung thu ch\u00ednh l\u00e0 nh\u00e0 t\u1ea1o h\u00ecnh mang l\u1ea1i linh h\u1ed3n v\u00e0 n\u00e9t \u0111\u1ed9c \u0111\u00e1o cho t\u1eebng chi\u1ebfc<\/p>","protected":false},"featured_media":26879,"comment_status":"open","ping_status":"closed","template":"","meta":[],"product_brand":[],"product_cat":[393,35],"product_tag":[],"class_list":{"0":"post-26864","1":"product","2":"type-product","3":"status-publish","4":"has-post-thumbnail","6":"product_cat-bep-phong-an","7":"product_cat-nha-cua-doi-song","9":"first","10":"outofstock","11":"sale","12":"shipping-taxable","13":"purchasable","14":"product-type-simple"},"_links":{"self":[{"href":"https:\/\/havamall.vn\/en\/wp-json\/wp\/v2\/product\/26864"}],"collection":[{"href":"https:\/\/havamall.vn\/en\/wp-json\/wp\/v2\/product"}],"about":[{"href":"https:\/\/havamall.vn\/en\/wp-json\/wp\/v2\/types\/product"}],"replies":[{"embeddable":true,"href":"https:\/\/havamall.vn\/en\/wp-json\/wp\/v2\/comments?post=26864"}],"version-history":[{"count":0,"href":"https:\/\/havamall.vn\/en\/wp-json\/wp\/v2\/product\/26864\/revisions"}],"wp:featuredmedia":[{"embeddable":true,"href":"https:\/\/havamall.vn\/en\/wp-json\/wp\/v2\/media\/26879"}],"wp:attachment":[{"href":"https:\/\/havamall.vn\/en\/wp-json\/wp\/v2\/media?parent=26864"}],"wp:term":[{"taxonomy":"product_brand","embeddable":true,"href":"https:\/\/havamall.vn\/en\/wp-json\/wp\/v2\/product_brand?post=26864"},{"taxonomy":"product_cat","embeddable":true,"href":"https:\/\/havamall.vn\/en\/wp-json\/wp\/v2\/product_cat?post=26864"},{"taxonomy":"product_tag","embeddable":true,"href":"https:\/\/havamall.vn\/en\/wp-json\/wp\/v2\/product_tag?post=26864"}],"curies":[{"name":"wp","href":"https:\/\/api.w.org\/{rel}","templated":true}]}}