{"id":26856,"date":"2022-05-24T14:43:31","date_gmt":"2022-05-24T07:43:31","guid":{"rendered":"https:\/\/havamall.vn\/?post_type=product&#038;p=26856"},"modified":"2025-10-10T16:49:11","modified_gmt":"2025-10-10T09:49:11","slug":"khuon-silicon-hinh-trai-tim-heart-shaped-silicone-mold","status":"publish","type":"product","link":"https:\/\/havamall.vn\/en\/shop\/khuon-silicon-hinh-trai-tim-heart-shaped-silicone-mold\/","title":{"rendered":"Khu\u00f4n Silicon H\u00ecnh Tr\u00e1i Tim &#8211; Heart Shaped Silicone Mold"},"content":{"rendered":"<p>T\u00ecnh y\u00eau c\u00f3 r\u1ea5t nhi\u1ec1u c\u00e1ch th\u1ec3 hi\u1ec7n. V\u00e0 tr\u00e1i tim l\u00e0 trung t\u00e2m c\u1ee7a m\u1ecdi c\u1ea3m x\u00fac, v\u1edbi\u00a0khu\u00f4n silicon h\u00ecnh tr\u00e1i tim\u00a0s\u1ebd gi\u00fap b\u1ea1n t\u1ea1o ra nh\u1eefng m\u00f3n qu\u00e0 \u00fd ngh\u0129a d\u00e0nh cho ng\u01b0\u1eddi m\u00ecnh y\u00eau th\u01b0\u01a1ng.<\/p>\n<p><img fetchpriority=\"high\" decoding=\"async\" class=\"wp-image-26857 aligncenter\" src=\"https:\/\/havamall.com\/wp-content\/uploads\/2025\/10\/819Lex6ItQL._AC_SL1500_-300x300.jpg\" alt=\"\" width=\"643\" height=\"643\" \/><\/p>\n<p>Nh\u1eefng vi\u00ean k\u1eb9o socola hay \u0111\u01a1n gi\u1ea3n l\u00e0 nh\u1eefng chi\u1ebfc k\u1eb9o chip chip h\u00ecnh tr\u00e1i tim nh\u1ecf xinh c\u0169ng c\u00f3 th\u1ec3 l\u00e0m xao \u0111\u1ed9ng \u0111\u01b0\u1ee3c ng\u01b0\u1eddi th\u01b0\u1edfng th\u1ee9c n\u00f3. V\u1edbi nh\u1eefng vi\u00ean k\u1eb9o h\u00ecnh tr\u00e1i tim nh\u1ecf nh\u1eafn n\u00e0y, b\u1ea1n c\u00f3 th\u1ec3 s\u1eed d\u1ee5ng \u0111\u1ec3 \u0103n tr\u1ef1c ti\u1ebfp ho\u1eb7c d\u00f9ng trang tr\u00ed nh\u1eefng chi\u1ebfc b\u00e1nh th\u00eam ph\u1ea7n \u0111\u00e1ng y\u00eau h\u01a1n \u0111\u1ea5y. \u0110\u1ec3 l\u00e0m n\u00ean nh\u1eefng vi\u00ean k\u1eb9o \u0111\u00f3, khu\u00f4n silicon tr\u00e1i tim\u00a0l\u00e0 l\u1ef1a ch\u1ecdn ho\u00e0n h\u1ea3o cho b\u1ea1n. Khu\u00f4n \u0111\u01b0\u1ee3c l\u00e0m t\u1eeb ch\u1ea5t li\u1ec7u silicon cao c\u1ea5p, kh\u00f4ng ch\u1ee9a th\u00e0nh ph\u1ea7n ch\u1ea5t \u0111\u1ed9c h\u1ea1i, r\u1ea5t an to\u00e0n cho ng\u01b0\u1eddi s\u1eed d\u1ee5ng.<\/p>\n<p><img decoding=\"async\" class=\"wp-image-26858 aligncenter\" src=\"https:\/\/havamall.com\/wp-content\/uploads\/2025\/10\/2204d1902-300x300.png\" alt=\"\" width=\"654\" height=\"654\" \/><\/p>\n<p>\u0110\u01b0\u1ee3c d\u00f9ng \u0111\u1ec3 \u0111\u1ed5 socola, \u0111\u1ed5 rau c\u00e2u, th\u1ea1ch \u0111\u00e1, t\u1ea1o ra nh\u1eefng h\u00ecnh \u1ea3nh \u0111\u00e1ng y\u00eau v\u00e0 \u0111\u1eb9p m\u1eaft, \u0111a d\u1ea1ng, \u0111a s\u1eafc. Khu\u00f4n \u0111\u01b0\u1ee3c l\u00e0m t\u1eeb ch\u1ea5t li\u1ec7u silicon cao c\u1ea5p ch\u1ed1ng d\u00ednh. Kh\u00e1c v\u1edbi nh\u1eefng lo\u1ea1i khu\u00f4n nh\u1ef1a th\u00f4ng th\u01b0\u1eddng, khu\u00f4n silicon gi\u00fap b\u1ea1n d\u1ec5 d\u00e0ng l\u1ea5y th\u00e0nh ph\u1ea9m nh\u01b0 th\u1ea1ch, socola ra kh\u1ecfi khu\u00f4n khi l\u00e0m xong, tr\u00e1nh tr\u01b0\u1eddng h\u1ee3p th\u00e0nh ph\u1ea9m c\u1ee7a b\u1ea1n b\u1ecb v\u1ee1 n\u00e1t nh\u01b0 d\u00f9ng khu\u00f4n nh\u1ef1a.<\/p>\n<p>\u0110\u01b0\u1ee3c l\u00e0m t\u1eeb ch\u1ea5t li\u1ec7u Silicon d\u1ebbo, ch\u1ed1ng d\u00ednh, th\u00e2n thi\u1ec7n v\u1edbi m\u00f4i tr\u01b0\u1eddng, kh\u00f4ng \u0111\u1ed9c h\u1ea1i v\u00e0 d\u1ec5 d\u00e0ng v\u1ec7 sinh gi\u00fap t\u00e1ch socola, th\u1ea1ch, k\u1eb9o ch\u00edp ch\u00edp ra d\u1ec5 d\u00e0ng nh\u1ea5t. Kh\u1ea3 n\u0103ng ch\u1ecbu nhi\u1ec7t c\u1ee7a khu\u00f4n silicon h\u00ecnh tim r\u1ea5t cao t\u1eeb \u2013 40 \u0111\u1ed9 C \u0111\u1ebfn 230 \u0111\u1ed9 C n\u00ean c\u00f3 th\u1ec3 b\u1ecf c\u1ea3 v\u00e0o t\u1ee7 \u0111\u00e1.<\/p>\n<p><img decoding=\"async\" class=\"wp-image-26859 aligncenter\" src=\"https:\/\/havamall.com\/wp-content\/uploads\/2025\/10\/71Zar967T-300x300.png\" alt=\"\" width=\"654\" height=\"654\" \/><\/p>\n<h3><strong>\u01afu \u0111i\u1ec3m c\u1ee7a khu\u00f4n silicon<\/strong><\/h3>\n<p>&#8211; B\u1ea1n kh\u00f4ng c\u1ea7n ph\u1ea3i d\u00f9ng d\u1ea7u, m\u1ee1 hay ch\u1ea5t ch\u1ed1ng d\u00ednh v\u00ec khu\u00f4n silicon \u0111\u00e3 \u0111\u01b0\u01a1c thi\u1ebft k\u1ebf ch\u1ed1ng d\u00ednh.<\/p>\n<p>&#8211; B\u1ea1n c\u00f3 th\u1ec3 d\u00f9ng khu\u00f4n \u0111\u1ec3 n\u01b0\u1edbng \u1edf nhi\u1ec7t \u0111\u1ed9 cao m\u00e0 kh\u00f4ng l\u00e0m cho khu\u00f4n b\u1ecb bi\u1ebfn d\u1ea1ng.<\/p>\n<p>&#8211; V\u1edbi khu\u00f4n silicon c\u1ef1c k\u00ec d\u1ec5 d\u00e0ng khi l\u1ea5y s\u1ea3n ph\u1ea9m ra kh\u1ecfi khu\u00f4n.<\/p>\n<p>&#8211; V\u00f4 c\u00f9ng an to\u00e0n khi b\u1ecf v\u00e0o t\u1ee7 l\u1ea1nh, t\u1ee7 \u0111\u00e1, l\u00f2 vi s\u00f3ng v\u00e0 m\u00e1y r\u1eeda b\u00e1t.<\/p>\n<p>&#8211; C\u00f3 th\u1ec3 \u0111\u1ef1ng \u0111\u1ed3 \u0103n sau khi n\u01b0\u1edbng ngay trong khu\u00f4n \u0111\u1ec3 b\u1ea3o qu\u1ea3n, gi\u1eef l\u1ea1nh hay h\u00e2m n\u00f3ng.<\/p>\n<p>&#8211; Khu\u00f4n kh\u00f4ng b\u1ecb \u0111\u1ed5i m\u00e0u hay r\u1ec9, n\u1ebfu b\u1ea3o qu\u1ea3n \u0111\u00fang c\u00e1ch th\u00ec khu\u00f4n s\u1eed d\u1ee5ng \u0111\u01b0\u1ee3c r\u1ea5t l\u00e2u.<\/p>\n<p>&#8211; D\u1ec5 v\u1ec7 sinh, d\u1ec5 mang theo khi \u0111i xa, d\u1ec5 c\u1ea5t v\u00e0 b\u1ea3o qu\u1ea3n.<\/p>\n<p><img loading=\"lazy\" decoding=\"async\" class=\"wp-image-26860 aligncenter\" src=\"https:\/\/havamall.com\/wp-content\/uploads\/2025\/10\/71qcSE8jg9L._AC_SL1500_-300x300.jpg\" alt=\"\" width=\"662\" height=\"662\" \/><\/p>\n<h3><strong>L\u01b0u \u00fd:<\/strong><\/h3>\n<p>&gt; Th\u01b0\u1eddng th\u00ec nhi\u1ec7t \u0111\u1ed9 m\u00e0 khu\u00f4n silicon ch\u1ecbu \u0111\u01b0\u1ee3c l\u00e0 t\u1eeb -40<sup>o<\/sup>C \u0111\u1ebfn 230<sup>o<\/sup>C, nh\u01b0ng b\u1ea1n c\u0169ng c\u1ea7n ph\u1ea3i ki\u1ec3m tra l\u1ea1i nhi\u1ec7t \u0111\u1ed9 m\u00e0 khu\u00f4n c\u1ee7a m\u00ecnh ch\u1ecbu \u0111\u01b0\u1ee3c \u0111\u1ec3 tr\u00e1nh x\u1ea3y h\u01b0 h\u1ecfng khu\u00f4n. \u0110\u1eebng bao gi\u1edd \u0111\u1eb7t khu\u00f4n tr\u1ef1c ti\u1ebfp l\u00ean tr\u00ean thanh l\u00e0m n\u00f3ng c\u1ee7a b\u1ebfp \u0111i\u1ec7n ho\u1eb7c l\u00e0 ng\u1ecdn l\u1eeda.<\/p>\n<p>&gt; Ngo\u00e0i ra, kh\u00f4ng n\u00ean r\u1eeda khu\u00f4n b\u1eb1ng v\u1eadt s\u1eafc nh\u1ecdn, n\u00f3 s\u1ebd l\u00e0m h\u01b0 h\u1ecfng khu\u00f4n. Tr\u00e1nh \u0111\u1ec3 khu\u00f4n chung v\u1edbi nh\u1eefng v\u1eadt b\u00e9n, nh\u1ecdn nh\u01b0 dao ho\u1eb7c k\u00e9o s\u1ebd l\u00e0m r\u00e1ch, l\u1ee7ng khu\u00f4n.<\/p>\n<p>S\u1ea3n ph\u1ea9m hi\u1ec7n \u0111\u00e3 c\u00f3 m\u1eb7t t\u1ea1i Havamall.<\/p>\n<p><img loading=\"lazy\" decoding=\"async\" class=\"wp-image-26861 aligncenter\" src=\"https:\/\/havamall.com\/wp-content\/uploads\/2025\/10\/DIY-valentines-280x300.png\" alt=\"\" width=\"674\" height=\"722\" \/><\/p>","protected":false},"excerpt":{"rendered":"<p>T\u00ecnh y\u00eau c\u00f3 r\u1ea5t nhi\u1ec1u c\u00e1ch th\u1ec3 hi\u1ec7n. V\u00e0 tr\u00e1i tim l\u00e0 trung t\u00e2m c\u1ee7a m\u1ecdi c\u1ea3m x\u00fac, v\u1edbi\u00a0khu\u00f4n silicon<\/p>","protected":false},"featured_media":26862,"comment_status":"open","ping_status":"closed","template":"","meta":[],"product_brand":[],"product_cat":[393,35],"product_tag":[],"class_list":{"0":"post-26856","1":"product","2":"type-product","3":"status-publish","4":"has-post-thumbnail","6":"product_cat-bep-phong-an","7":"product_cat-nha-cua-doi-song","9":"first","10":"outofstock","11":"sale","12":"shipping-taxable","13":"purchasable","14":"product-type-simple"},"_links":{"self":[{"href":"https:\/\/havamall.vn\/en\/wp-json\/wp\/v2\/product\/26856"}],"collection":[{"href":"https:\/\/havamall.vn\/en\/wp-json\/wp\/v2\/product"}],"about":[{"href":"https:\/\/havamall.vn\/en\/wp-json\/wp\/v2\/types\/product"}],"replies":[{"embeddable":true,"href":"https:\/\/havamall.vn\/en\/wp-json\/wp\/v2\/comments?post=26856"}],"version-history":[{"count":0,"href":"https:\/\/havamall.vn\/en\/wp-json\/wp\/v2\/product\/26856\/revisions"}],"wp:featuredmedia":[{"embeddable":true,"href":"https:\/\/havamall.vn\/en\/wp-json\/wp\/v2\/media\/26862"}],"wp:attachment":[{"href":"https:\/\/havamall.vn\/en\/wp-json\/wp\/v2\/media?parent=26856"}],"wp:term":[{"taxonomy":"product_brand","embeddable":true,"href":"https:\/\/havamall.vn\/en\/wp-json\/wp\/v2\/product_brand?post=26856"},{"taxonomy":"product_cat","embeddable":true,"href":"https:\/\/havamall.vn\/en\/wp-json\/wp\/v2\/product_cat?post=26856"},{"taxonomy":"product_tag","embeddable":true,"href":"https:\/\/havamall.vn\/en\/wp-json\/wp\/v2\/product_tag?post=26856"}],"curies":[{"name":"wp","href":"https:\/\/api.w.org\/{rel}","templated":true}]}}