{"id":26841,"date":"2022-05-23T12:00:39","date_gmt":"2022-05-23T05:00:39","guid":{"rendered":"https:\/\/havamall.vn\/?post_type=product&#038;p=26841"},"modified":"2023-04-10T13:59:11","modified_gmt":"2023-04-10T06:59:11","slug":"pho-mai-mozzarella-paysan-breton-lat-160g-phu-hop-voi-nguoi-an-chay-co-dung-sua","status":"publish","type":"product","link":"https:\/\/havamall.vn\/en\/shop\/pho-mai-mozzarella-paysan-breton-lat-160g-phu-hop-voi-nguoi-an-chay-co-dung-sua\/","title":{"rendered":"Ph\u00f4 Mai Mozzarella Paysan Breton L\u00e1t 160g Ph\u00f9 H\u1ee3p V\u1edbi Ng\u01b0\u1eddi \u0102n Chay C\u00f3 D\u00f9ng S\u1eefa"},"content":{"rendered":"<div class=\"panel panel-default\">\n<div id=\"collapseOne\" class=\"panel-collapse collapse in\" role=\"tabpanel\">\n<div class=\"panel-body\">\n<p>Paysan Breton \u2013 L\u00e0 th\u01b0\u01a1ng hi\u1ec7u n\u1ed5i ti\u1ebfng l\u00e2u \u0111\u1eddi c\u1ee7a v\u00f9ng Brittany n\u01b0\u1edbc Ph\u00e1p v\u1edbi s\u1ea3n ph\u1ea9m \u0111a d\u1ea1ng. T\u1ef1 h\u00e0o v\u1ec1 ngu\u1ed3n g\u1ed1c v\u00e0 di s\u1ea3n k\u1ebf th\u1eeba, th\u01b0\u01a1ng hi\u1ec7u cung c\u1ea5p nh\u1eefng s\u1ea3n ph\u1ea9m t\u1eeb s\u1eefa v\u1edbi ch\u1ea5t l\u01b0\u1ee3ng tuy\u1ec7t h\u1ea3o. Gi\u00e1 tr\u1ecb s\u1ea3n ph\u1ea9m c\u00f3 \u0111\u01b0\u1ee3c t\u1eeb nguy\u00ean li\u1ec7u s\u1eefa thu t\u1eeb c\u00e1c n\u00f4ng tr\u1ea1i trong h\u1ec7 th\u1ed1ng. K\u1ebf \u0111\u1ebfn l\u00e0 c\u00f4ng th\u1ee9c ch\u1ebf bi\u1ebfn v\u00e0 s\u1ef1 tu\u00e2n th\u1ee7 ch\u1eb7t ch\u1ebd quy tr\u00ecnh s\u1ea3n xu\u1ea5t. S\u1ea3n ph\u1ea9m c\u1ee7a Paysan Breton l\u00e0 s\u1ef1 k\u1ebft h\u1ee3p gi\u1eefa s\u1ef1 m\u1ed9c m\u1ea1c v\u00e0 h\u01b0\u01a1ng v\u1ecb thu\u1ea7n khi\u1ebft c\u1ee7a v\u00f9ng Brittany; bao g\u1ed3m s\u1eefa t\u01b0\u01a1i, b\u01a1, c\u00e1c lo\u1ea1i ph\u00f4 mai v\u00e0 b\u00e1nh crepe. V\u1edbi h\u01b0\u01a1ng v\u1ecb th\u01a1m ngon, \u0111\u1ed9 \u0111\u1ea1m cao v\u00e0 b\u1ed5 sung ch\u1ea5t x\u01a1, s\u1eefa t\u01b0\u01a1i Paysan Breton l\u00e0 s\u1ea3n ph\u1ea9m b\u00e1n ch\u1ea1y v\u00e0 \u0111\u01b0\u1ee3c nhi\u1ec1u ng\u01b0\u1eddi ti\u00eau d\u00f9ng t\u00ecm mua.<\/p>\n<p><img fetchpriority=\"high\" decoding=\"async\" class=\"wp-image-26040 aligncenter\" src=\"https:\/\/havamall.vn\/wp-content\/uploads\/2022\/03\/Brunch-Paysan-Breton_Cr\u00e9dits-Photo-Virginie-Fouquet_Droits-LAITA_PAYSAN-BRETON_BD_2019_nouveauxpacks_1240x780-300x151.png\" alt=\"\" width=\"762\" height=\"384\" srcset=\"https:\/\/havamall.vn\/wp-content\/uploads\/2022\/03\/Brunch-Paysan-Breton_Cr\u00e9dits-Photo-Virginie-Fouquet_Droits-LAITA_PAYSAN-BRETON_BD_2019_nouveauxpacks_1240x780-300x151.png 300w, https:\/\/havamall.vn\/wp-content\/uploads\/2022\/03\/Brunch-Paysan-Breton_Cr\u00e9dits-Photo-Virginie-Fouquet_Droits-LAITA_PAYSAN-BRETON_BD_2019_nouveauxpacks_1240x780-430x216.png 430w, https:\/\/havamall.vn\/wp-content\/uploads\/2022\/03\/Brunch-Paysan-Breton_Cr\u00e9dits-Photo-Virginie-Fouquet_Droits-LAITA_PAYSAN-BRETON_BD_2019_nouveauxpacks_1240x780-150x76.png 150w, https:\/\/havamall.vn\/wp-content\/uploads\/2022\/03\/Brunch-Paysan-Breton_Cr\u00e9dits-Photo-Virginie-Fouquet_Droits-LAITA_PAYSAN-BRETON_BD_2019_nouveauxpacks_1240x780-700x352.png 700w, https:\/\/havamall.vn\/wp-content\/uploads\/2022\/03\/Brunch-Paysan-Breton_Cr\u00e9dits-Photo-Virginie-Fouquet_Droits-LAITA_PAYSAN-BRETON_BD_2019_nouveauxpacks_1240x780-768x387.png 768w, https:\/\/havamall.vn\/wp-content\/uploads\/2022\/03\/Brunch-Paysan-Breton_Cr\u00e9dits-Photo-Virginie-Fouquet_Droits-LAITA_PAYSAN-BRETON_BD_2019_nouveauxpacks_1240x780-1024x516.png 1024w, https:\/\/havamall.vn\/wp-content\/uploads\/2022\/03\/Brunch-Paysan-Breton_Cr\u00e9dits-Photo-Virginie-Fouquet_Droits-LAITA_PAYSAN-BRETON_BD_2019_nouveauxpacks_1240x780-1200x604.png 1200w, https:\/\/havamall.vn\/wp-content\/uploads\/2022\/03\/Brunch-Paysan-Breton_Cr\u00e9dits-Photo-Virginie-Fouquet_Droits-LAITA_PAYSAN-BRETON_BD_2019_nouveauxpacks_1240x780-600x302.png 600w, https:\/\/havamall.vn\/wp-content\/uploads\/2022\/03\/Brunch-Paysan-Breton_Cr\u00e9dits-Photo-Virginie-Fouquet_Droits-LAITA_PAYSAN-BRETON_BD_2019_nouveauxpacks_1240x780.png 1450w\" sizes=\"(max-width: 762px) 100vw, 762px\" \/><\/p>\n<p>Ph\u00f4 Mai Mozzarella Paysan Breton l\u00e1t \u0111\u01b0\u1ee3c l\u00e0m ho\u00e0n to\u00e0n t\u1eeb s\u1eefa b\u00f2 t\u00e1ch b\u00e9o, kh\u00f4ng th\u00eam ph\u1ee5 gia, kh\u00f4ng h\u00f3a ch\u1ea5t b\u1ea3o qu\u1ea3n v\u00e0 \u0111\u01b0\u1ee3c \u0111\u00f3ng g\u00f3i v\u1edbi c\u00f4ng ngh\u1ec7 ch\u00e2n kh\u00f4ng \u0111\u1ec3 \u0111\u1ea3m b\u1ea3o \u0111\u1ed9 t\u01b0\u01a1i ngon c\u1ee7a ph\u00f4 mai. \u0110\u00e2y l\u00e0 th\u00e0nh ph\u1ea7n tuy\u1ec7t h\u1ea3o cho c\u00e1c m\u00f3n k\u00e9o s\u1ee3i nh\u01b0 pizza, burger, ph\u00f4 mai que, b\u00e1nh g\u1ea1o cay H\u00e0n Qu\u1ed1c,\u2026 Kh\u00f4ng ch\u1ec9 m\u1ec1m ngon, ph\u00f4 mai c\u00f2n t\u1ed1t cho s\u1ee9c kh\u1ecfe c\u1ee7a tr\u1ebb nh\u1ecf v\u00e0 ng\u01b0\u1eddi l\u1edbn, g\u00f3p ph\u1ea7n b\u1ed5 sung canxi v\u00e0 c\u00e1c d\u01b0\u1ee1ng ch\u1ea5t kh\u00e1c cho c\u01a1 th\u1ec3.<\/p>\n<p><img decoding=\"async\" class=\"wp-image-26847 aligncenter\" src=\"https:\/\/havamall.vn\/wp-content\/uploads\/2022\/05\/27192239-300x287.png\" alt=\"\" width=\"768\" height=\"735\" srcset=\"https:\/\/havamall.vn\/wp-content\/uploads\/2022\/05\/27192239-300x287.png 300w, https:\/\/havamall.vn\/wp-content\/uploads\/2022\/05\/27192239-430x411.png 430w, https:\/\/havamall.vn\/wp-content\/uploads\/2022\/05\/27192239-150x143.png 150w, https:\/\/havamall.vn\/wp-content\/uploads\/2022\/05\/27192239-700x669.png 700w, https:\/\/havamall.vn\/wp-content\/uploads\/2022\/05\/27192239-768x734.png 768w, https:\/\/havamall.vn\/wp-content\/uploads\/2022\/05\/27192239-1024x979.png 1024w, https:\/\/havamall.vn\/wp-content\/uploads\/2022\/05\/27192239-1200x1147.png 1200w, https:\/\/havamall.vn\/wp-content\/uploads\/2022\/05\/27192239-600x573.png 600w, https:\/\/havamall.vn\/wp-content\/uploads\/2022\/05\/27192239.png 2048w\" sizes=\"(max-width: 768px) 100vw, 768px\" \/><\/p>\n<p>Trong khi h\u1ea7u h\u1ebft c\u00e1c lo\u1ea1i ph\u00f4 mai kh\u00e1c \u0111\u01b0\u1ee3c l\u00e0m t\u1eeb s\u1eefa \u0111\u00f4ng t\u1ee5 \u0111\u1ec3 s\u1ea3n xu\u1ea5t s\u1eefa \u0111\u00f4ng (ch\u1ea5t r\u1eafn) v\u00e0 s\u1eefa (ch\u1ea5t l\u1ecfng). S\u1ef1 \u0111\u00f4ng t\u1ee5 c\u1ee7a s\u1eefa \u0111\u1ea1t \u0111\u01b0\u1ee3c b\u1eb1ng c\u00e1ch b\u1ed5 sung rennet, th\u00e0nh ph\u1ea7n ho\u1ea1t ch\u1ea5t trong \u0111\u00f3 l\u00e0 chymosin enzyme (c\u00f2n \u0111\u01b0\u1ee3c g\u1ecdi l\u00e0 rennin). Ngu\u1ed3n g\u1ed1c c\u1ee7a rennet l\u00e0 d\u1ea1 d\u00e0y c\u1ee7a b\u00ea m\u1edbi sinh. Th\u00ec ph\u00f4 mai la\u0301t Paysan Breton Mozzarella ho\u00e0n to\u00e0n \u0111\u01b0\u1ee3c l\u00ean men t\u1ef1 nhi\u00ean l\u00e0 kh\u00f4ng d\u00f9ng \u0111\u1ebfn d\u1ea1 d\u00e0y c\u1ee7a b\u00ea con, n\u00ean n\u1ebfu b\u1ea1n \u0103n chay theo ch\u1ebf \u0111\u1ed9 c\u00f3 d\u00f9ng s\u1eefa th\u00ec ho\u00e0n to\u00e0n c\u00f3 th\u1ec3 s\u1eed d\u1ee5ng lo\u1ea1i ph\u00f4 mai n\u00e0y.<\/p>\n<p>Ph\u00f4 mai\u00a0l\u00e0 m\u00f3n \u0103n h\u1ea5p d\u1eabn \u0111\u01b0\u1ee3c nhi\u1ec1u ng\u01b0\u1eddi y\u00eau th\u00edch.\u00a0Ph\u00f4 mai la\u0301t Paysan Breton Mozzarella go\u0301i 160g\u00a0th\u01a1m b\u00e9o t\u1ef1 nhi\u00ean, cung c\u1ea5p nhi\u1ec1u d\u01b0\u1ee1ng ch\u1ea5t c\u1ea7n thi\u1ebft cho c\u01a1 th\u1ec3. B\u1ea1n c\u00f3 th\u1ec3 d\u00f9ng\u00a0ph\u00f4 mai\u00a0Paysan Breton\u00a0tr\u1ef1c ti\u1ebfp ho\u1eb7c c\u00f3 th\u1ec3 ch\u1ebf bi\u1ebfn th\u00e0nh nhi\u1ec1u m\u00f3n \u0103n kh\u00e1c tu\u1ef3 theo s\u1edf th\u00edch.<\/p>\n<p><img decoding=\"async\" class=\"wp-image-26848 aligncenter\" src=\"https:\/\/havamall.vn\/wp-content\/uploads\/2022\/05\/B\u00d2--300x279.png\" alt=\"\" width=\"789\" height=\"734\" srcset=\"https:\/\/havamall.vn\/wp-content\/uploads\/2022\/05\/B\u00d2--300x279.png 300w, https:\/\/havamall.vn\/wp-content\/uploads\/2022\/05\/B\u00d2--430x400.png 430w, https:\/\/havamall.vn\/wp-content\/uploads\/2022\/05\/B\u00d2--150x139.png 150w, https:\/\/havamall.vn\/wp-content\/uploads\/2022\/05\/B\u00d2--700x651.png 700w, https:\/\/havamall.vn\/wp-content\/uploads\/2022\/05\/B\u00d2--768x714.png 768w, https:\/\/havamall.vn\/wp-content\/uploads\/2022\/05\/B\u00d2-.png 1024w, https:\/\/havamall.vn\/wp-content\/uploads\/2022\/05\/B\u00d2--600x558.png 600w\" sizes=\"(max-width: 789px) 100vw, 789px\" \/><\/p>\n<\/div>\n<\/div>\n<\/div>\n<div class=\"panel panel-default\">\n<div id=\"collapseTwo\" class=\"panel-collapse collapse in\" role=\"tabpanel\">\n<div class=\"panel-body\">\n<p>S\u1ea3n ph\u1ea9m \u0111\u01b0\u1ee3c \u0111\u00f3ng g\u00f3i nh\u1ecf g\u1ecdn, ti\u1ec7n l\u1ee3i trong vi\u1ec7c s\u1eed d\u1ee5ng v\u00e0 b\u1ea3o qu\u1ea3n.\u00a0Ph\u00f4 mai Emmental Paysan Breton\u00a0\u0111\u01b0\u1ee3c d\u00f9ng k\u1ebft h\u1ee3p trong nhi\u1ec1u m\u00f3n \u0103n, nh\u01b0 trong m\u00f3n b\u00e1nh pizza c\u1ee7a ng\u01b0\u1eddi \u00dd, v\u1edbi b\u00e1nh m\u00ec n\u01b0\u1edbng gi\u00f2n v\u00e0 r\u01b0\u1ee3u vang \u0111\u1ecf ki\u1ec3u Ph\u00e1p, tr\u1ed9n salad v\u1edbi d\u1ea7u \u00f4 liu ki\u1ec3u Hy L\u1ea1p r\u1ea5t h\u1ea5p d\u1eabn v\u00e0 ngon mi\u1ec7ng. S\u1ea3n ph\u1ea9m do VinMart ph\u00e2n ph\u1ed1i lu\u00f4n mang \u0111\u1ebfn ch\u1ea5t l\u01b0\u1ee3ng t\u1ed1t nh\u1ea5t cho ng\u01b0\u1eddi ti\u00eau d\u00f9ng.<\/p>\n<p><img loading=\"lazy\" decoding=\"async\" class=\"wp-image-26849 aligncenter\" src=\"https:\/\/havamall.vn\/wp-content\/uploads\/2022\/05\/280538062-300x193.png\" alt=\"\" width=\"793\" height=\"510\" srcset=\"https:\/\/havamall.vn\/wp-content\/uploads\/2022\/05\/280538062-300x193.png 300w, https:\/\/havamall.vn\/wp-content\/uploads\/2022\/05\/280538062-430x276.png 430w, https:\/\/havamall.vn\/wp-content\/uploads\/2022\/05\/280538062-150x96.png 150w, https:\/\/havamall.vn\/wp-content\/uploads\/2022\/05\/280538062-700x450.png 700w, https:\/\/havamall.vn\/wp-content\/uploads\/2022\/05\/280538062-768x494.png 768w, https:\/\/havamall.vn\/wp-content\/uploads\/2022\/05\/280538062-1024x658.png 1024w, https:\/\/havamall.vn\/wp-content\/uploads\/2022\/05\/280538062-1200x771.png 1200w, https:\/\/havamall.vn\/wp-content\/uploads\/2022\/05\/280538062-600x386.png 600w, https:\/\/havamall.vn\/wp-content\/uploads\/2022\/05\/280538062.png 2048w\" sizes=\"(max-width: 793px) 100vw, 793px\" \/><\/p>\n<h4><strong>C\u00e1ch s\u1eed d\u1ee5ng:<\/strong><\/h4>\n<p>\u2013 D\u00f9ng tr\u1ef1c ti\u1ebfp, \u0103n k\u00e8m v\u1edbi b\u00e1nh m\u00ec, ch\u1ebf bi\u1ebfn c\u00e1c m\u00f3n \u0103n, l\u00e0m b\u00e1nh.<\/p>\n<p>\u2013 L\u00e0m pizza<\/p>\n<p>\u2013 Ch\u1ebf bi\u1ebfn b\u00e1nh, c\u00e1c m\u00f3n \u0103n<\/p>\n<h4><strong>B\u1ea3o qu\u1ea3n:<\/strong><\/h4>\n<p>B\u1ecdc k\u00edn sau khi s\u1eed d\u1ee5ng, b\u1ea3o qu\u1ea3n \u1edf nhi\u1ec7t \u0111\u1ed9 m\u00e1t t\u1eeb 2 \u0111\u1ed9 C \u0111\u1ebfn 4 \u0111\u1ed9 C<\/p>\n<p>S\u1ea3n ph\u1ea9m hi\u1ec7n \u0111\u00e3 c\u00f3 m\u1eb7t t\u1ea1i Havamall.<\/p>\n<p><img loading=\"lazy\" decoding=\"async\" class=\"wp-image-26850 aligncenter\" src=\"https:\/\/havamall.vn\/wp-content\/uploads\/2022\/05\/278059166_-300x198.png\" alt=\"\" width=\"792\" height=\"523\" srcset=\"https:\/\/havamall.vn\/wp-content\/uploads\/2022\/05\/278059166_-300x198.png 300w, https:\/\/havamall.vn\/wp-content\/uploads\/2022\/05\/278059166_-430x284.png 430w, https:\/\/havamall.vn\/wp-content\/uploads\/2022\/05\/278059166_-150x99.png 150w, https:\/\/havamall.vn\/wp-content\/uploads\/2022\/05\/278059166_-700x462.png 700w, https:\/\/havamall.vn\/wp-content\/uploads\/2022\/05\/278059166_-768x507.png 768w, https:\/\/havamall.vn\/wp-content\/uploads\/2022\/05\/278059166_-1024x676.png 1024w, https:\/\/havamall.vn\/wp-content\/uploads\/2022\/05\/278059166_-1200x792.png 1200w, https:\/\/havamall.vn\/wp-content\/uploads\/2022\/05\/278059166_-600x396.png 600w, https:\/\/havamall.vn\/wp-content\/uploads\/2022\/05\/278059166_.png 2048w\" sizes=\"(max-width: 792px) 100vw, 792px\" \/><\/p>\n<\/div>\n<\/div>\n<\/div>","protected":false},"excerpt":{"rendered":"<p>Paysan Breton \u2013 L\u00e0 th\u01b0\u01a1ng hi\u1ec7u n\u1ed5i ti\u1ebfng l\u00e2u \u0111\u1eddi c\u1ee7a v\u00f9ng Brittany n\u01b0\u1edbc Ph\u00e1p v\u1edbi s\u1ea3n ph\u1ea9m \u0111a d\u1ea1ng.<\/p>","protected":false},"featured_media":26851,"comment_status":"open","ping_status":"closed","template":"","meta":[],"product_brand":[],"product_cat":[275,36],"product_tag":[],"class_list":{"0":"post-26841","1":"product","2":"type-product","3":"status-publish","4":"has-post-thumbnail","6":"product_cat-thuc-pham-dong-lanh","7":"product_cat-thuc-pham-tieu-dung","9":"first","10":"outofstock","11":"sale","12":"shipping-taxable","13":"purchasable","14":"product-type-simple"},"_links":{"self":[{"href":"https:\/\/havamall.vn\/en\/wp-json\/wp\/v2\/product\/26841"}],"collection":[{"href":"https:\/\/havamall.vn\/en\/wp-json\/wp\/v2\/product"}],"about":[{"href":"https:\/\/havamall.vn\/en\/wp-json\/wp\/v2\/types\/product"}],"replies":[{"embeddable":true,"href":"https:\/\/havamall.vn\/en\/wp-json\/wp\/v2\/comments?post=26841"}],"version-history":[{"count":0,"href":"https:\/\/havamall.vn\/en\/wp-json\/wp\/v2\/product\/26841\/revisions"}],"wp:featuredmedia":[{"embeddable":true,"href":"https:\/\/havamall.vn\/en\/wp-json\/wp\/v2\/media\/26851"}],"wp:attachment":[{"href":"https:\/\/havamall.vn\/en\/wp-json\/wp\/v2\/media?parent=26841"}],"wp:term":[{"taxonomy":"product_brand","embeddable":true,"href":"https:\/\/havamall.vn\/en\/wp-json\/wp\/v2\/product_brand?post=26841"},{"taxonomy":"product_cat","embeddable":true,"href":"https:\/\/havamall.vn\/en\/wp-json\/wp\/v2\/product_cat?post=26841"},{"taxonomy":"product_tag","embeddable":true,"href":"https:\/\/havamall.vn\/en\/wp-json\/wp\/v2\/product_tag?post=26841"}],"curies":[{"name":"wp","href":"https:\/\/api.w.org\/{rel}","templated":true}]}}