{"id":26825,"date":"2022-05-19T14:10:22","date_gmt":"2022-05-19T07:10:22","guid":{"rendered":"https:\/\/havamall.vn\/?post_type=product&#038;p=26825"},"modified":"2023-06-05T17:31:06","modified_gmt":"2023-06-05T10:31:06","slug":"mi-spaghetti-dau-dinh-duong-san-remo-phu-hop-voi-nguoi-an-thuan-chay-hop-250g-san-remo-pulse-pasta-spaghetti","status":"publish","type":"product","link":"https:\/\/havamall.vn\/en\/shop\/mi-spaghetti-dau-dinh-duong-san-remo-phu-hop-voi-nguoi-an-thuan-chay-hop-250g-san-remo-pulse-pasta-spaghetti\/","title":{"rendered":"M\u00ec Spaghetti \u0110\u1eadu Dinh D\u01b0\u1ee1ng San Remo Ph\u00f9 H\u1ee3p V\u1edbi Ng\u01b0\u1eddi \u0102n Thu\u1ea7n Chay H\u1ed9p 250g &#8211; San Remo Pulse Pasta Spaghetti"},"content":{"rendered":"<p>San Remo l\u00e0 th\u01b0\u01a1ng hi\u1ec7u n\u1ed5i ti\u1ebfng t\u1ea1i \u00dac. S\u1ea3n xu\u1ea5t v\u00e0 ph\u00e2n ph\u1ed1i s\u1ea3n ph\u1ea9m r\u1ed9ng r\u00e3i trong v\u00e0 ngo\u00e0i n\u01b0\u1edbc. San Remo kh\u00f4ng ng\u1eebng kh\u1eb3ng \u0111\u1ecbnh th\u01b0\u01a1ng hi\u1ec7u c\u1ee7a m\u00ecnh \u0111\u1ebfn v\u1edbi ng\u01b0\u1eddi ti\u00eau d\u00f9ng, lu\u00f4n mang \u0111\u1ebfn cho ng\u01b0\u1eddi ti\u00eau d\u00f9ng nh\u1eefng s\u1ea3n ph\u1ea9m uy t\u00edn ch\u1ea5t l\u01b0\u1ee3ng cao, s\u1ea1ch, Kh\u00f4ng ch\u1ee9a ch\u1ea5t b\u1ea3o qu\u1ea3n c\u0169ng nh\u01b0 nh\u1eefng h\u00f3a ch\u1ea5t \u0111\u1ed9c h\u1ea1i g\u00e2y h\u1ea1i \u0111\u1ebfn s\u1ee9c kh\u1ecfe ng\u01b0\u1eddi ti\u00eau d\u00f9ng. \u0110a d\u1ea1ng h\u00f3a nhi\u1ec1u lo\u1ea1i s\u1ea3n ph\u1ea9m mang \u0111\u1ebfn nhi\u1ec1u s\u1ef1 l\u1ef1a ch\u1ecdn cho ng\u01b0\u1eddi ti\u00eau d\u00f9ng, lu\u00f4n \u0111\u01b0\u1ee3c ng\u01b0\u1eddi ti\u00eau d\u00f9ng l\u1ef1a ch\u1ecdn v\u00e0 tin d\u00f9ng h\u00e0ng \u0111\u1ea7u.<\/p>\n<p><img fetchpriority=\"high\" decoding=\"async\" class=\"wp-image-26832 aligncenter\" src=\"https:\/\/havamall.vn\/wp-content\/uploads\/2022\/05\/28516800_195181188818-1-300x300.png\" alt=\"\" width=\"789\" height=\"789\" srcset=\"https:\/\/havamall.vn\/wp-content\/uploads\/2022\/05\/28516800_195181188818-1-300x300.png 300w, https:\/\/havamall.vn\/wp-content\/uploads\/2022\/05\/28516800_195181188818-1-430x430.png 430w, https:\/\/havamall.vn\/wp-content\/uploads\/2022\/05\/28516800_195181188818-1-150x150.png 150w, https:\/\/havamall.vn\/wp-content\/uploads\/2022\/05\/28516800_195181188818-1-700x700.png 700w, https:\/\/havamall.vn\/wp-content\/uploads\/2022\/05\/28516800_195181188818-1-768x768.png 768w, https:\/\/havamall.vn\/wp-content\/uploads\/2022\/05\/28516800_195181188818-1-1024x1024.png 1024w, https:\/\/havamall.vn\/wp-content\/uploads\/2022\/05\/28516800_195181188818-1-1200x1200.png 1200w, https:\/\/havamall.vn\/wp-content\/uploads\/2022\/05\/28516800_195181188818-1-600x600.png 600w, https:\/\/havamall.vn\/wp-content\/uploads\/2022\/05\/28516800_195181188818-1-100x100.png 100w, https:\/\/havamall.vn\/wp-content\/uploads\/2022\/05\/28516800_195181188818-1.png 2048w\" sizes=\"(max-width: 789px) 100vw, 789px\" \/><\/p>\n<p id=\"tw-target-text\" class=\"tw-data-text tw-text-large tw-ta\" dir=\"ltr\"><span class=\"Y2IQFc\" lang=\"vi\">D\u00f2ng s\u1ea3n ph\u1ea9m Pulse Pasta c\u1ee7a San Remo s\u1eed d\u1ee5ng c\u00e1c lo\u1ea1i \u0111\u1eadu nh\u01b0 \u0110\u1eadu H\u00e0 Lan, \u0110\u1eadu l\u0103ng, \u0110\u1eadu g\u00e0 v\u00e0 \u0110\u1eadu Borlotti \u0111\u1ec3 s\u1ea3n xu\u1ea5t m\u1ed9t lo\u1ea1i m\u00ec thay th\u1ebf cho m\u00ec \u1ed1ng truy\u1ec1n th\u1ed1ng. M\u00ec \u1ed1ng c\u00f3 nhi\u1ec1u protein h\u01a1n, nhi\u1ec1u ch\u1ea5t x\u01a1 h\u01a1n v\u00e0 gi\u1ea3m l\u01b0\u1ee3ng carbs so v\u1edbi m\u00ec \u1ed1ng truy\u1ec1n th\u1ed1ng v\u00e0 kh\u00f4ng c\u00f3 gluten. <\/span><\/p>\n<p class=\"tw-data-text tw-text-large tw-ta\" dir=\"ltr\"><span class=\"Y2IQFc\" lang=\"vi\">M\u00ec spaghetti \u0111\u1eadu dinh d\u01b0\u1ee1ng San Remo \u0111\u01b0\u1ee3c Celiac Australia x\u00e1c nh\u1eadn l\u00e0 Kh\u00f4ng ch\u1ee9a Gluten, v\u00ec v\u1eady \u0111\u00e2y l\u00e0 \u00fd t\u01b0\u1edfng cho nh\u1eefng ai theo l\u1ed1i s\u1ed1ng kh\u00f4ng ch\u1ee9a gluten. San Remo t\u1ef1 h\u00e0o l\u00e0 doanh nghi\u1ec7p 100% v\u1ed1n c\u1ee7a gia \u0111\u00ecnh \u00dac v\u00e0 \u0111\u00e3 chia s\u1ebb truy\u1ec1n th\u1ed1ng v\u00e0 v\u0103n h\u00f3a l\u00e0m m\u00ec \u1ed1ng v\u1edbi ng\u01b0\u1eddi d\u00e2n \u00dac t\u1eeb n\u0103m 1936.<\/span><\/p>\n<p dir=\"ltr\"><img decoding=\"async\" class=\"wp-image-26833 aligncenter\" src=\"https:\/\/havamall.vn\/wp-content\/uploads\/2022\/05\/9b36fe7af2519-1-300x300.png\" alt=\"\" width=\"790\" height=\"790\" srcset=\"https:\/\/havamall.vn\/wp-content\/uploads\/2022\/05\/9b36fe7af2519-1-300x300.png 300w, https:\/\/havamall.vn\/wp-content\/uploads\/2022\/05\/9b36fe7af2519-1-430x430.png 430w, https:\/\/havamall.vn\/wp-content\/uploads\/2022\/05\/9b36fe7af2519-1-150x150.png 150w, https:\/\/havamall.vn\/wp-content\/uploads\/2022\/05\/9b36fe7af2519-1-700x700.png 700w, https:\/\/havamall.vn\/wp-content\/uploads\/2022\/05\/9b36fe7af2519-1-768x768.png 768w, https:\/\/havamall.vn\/wp-content\/uploads\/2022\/05\/9b36fe7af2519-1-600x600.png 600w, https:\/\/havamall.vn\/wp-content\/uploads\/2022\/05\/9b36fe7af2519-1-100x100.png 100w, https:\/\/havamall.vn\/wp-content\/uploads\/2022\/05\/9b36fe7af2519-1.png 1024w\" sizes=\"(max-width: 790px) 100vw, 790px\" \/><\/p>\n<p class=\"tw-data-text tw-text-large tw-ta\" dir=\"ltr\"><span class=\"Y2IQFc\" lang=\"vi\">San Remo t\u1ef1 h\u00e0o v\u1ec1 ch\u1ea5t l\u01b0\u1ee3ng cao, m\u00ec \u1ed1ng h\u1ea3o h\u1ea1ng c\u1ee7a m\u00ecnh. M\u00ec spaghetti \u0111\u1eadu dinh d\u01b0\u1ee1ng San Remo\u00a0h\u01a1i d\u00e0y h\u01a1n so v\u1edbi m\u00ec spaghetti ti\u00eau chu\u1ea9n, \u0111\u01b0\u1ee3c m\u00f4 t\u1ea3 l\u00e0 m\u00ec \u1ed1ng d\u00e0i, m\u1ecfng, h\u00ecnh tr\u1ee5.\u00a0N\u00f3 \u0111\u01b0\u1ee3c k\u1ebft h\u1ee3p v\u1edbi m\u1ed9t m\u00f3n \u0103n n\u1ed5i ti\u1ebfng. S\u1ea3n ph\u1ea9m n\u00e0y ho\u00e0n h\u1ea3o cho b\u1ea5t k\u1ef3 ai theo ch\u1ebf \u0111\u1ed9 \u0103n ki\u00eang kh\u00f4ng ch\u1ee9a gluten, n\u00f3 c\u0169ng kh\u00f4ng c\u00f3 s\u1eefa v\u00e0 kh\u00f4ng c\u00f3 tr\u1ee9ng.<\/span><\/p>\n<p dir=\"ltr\">N\u00f3 c\u0169ng l\u00e0 m\u1ed9t ngu\u1ed3n cung c\u1ea5p ch\u1ea5t x\u01a1 tuy\u1ec7t v\u1eddi v\u1edbi g\u1ea5p 4 l\u1ea7n so v\u1edbi m\u00ec \u1ed1ng San Remo th\u00f4ng th\u01b0\u1eddng. V\u1edbi h\u01b0\u01a1ng v\u1ecb tuy\u1ec7t v\u1eddi, San Remo Pulse Pasta l\u00e0 l\u1ef1a ch\u1ecdn tuy\u1ec7t v\u1eddi \u0111\u1ec3 thay th\u1ebf l\u00e0nh m\u1ea1nh h\u01a1n cho c\u00e1c m\u00f3n \u00dd y\u00eau th\u00edch c\u1ee7a b\u1ea1n.<\/p>\n<p dir=\"ltr\"><img decoding=\"async\" class=\"wp-image-26835 aligncenter\" src=\"https:\/\/havamall.vn\/wp-content\/uploads\/2022\/05\/20689519_17336-1-300x300.png\" alt=\"\" width=\"784\" height=\"784\" srcset=\"https:\/\/havamall.vn\/wp-content\/uploads\/2022\/05\/20689519_17336-1-300x300.png 300w, https:\/\/havamall.vn\/wp-content\/uploads\/2022\/05\/20689519_17336-1-430x430.png 430w, https:\/\/havamall.vn\/wp-content\/uploads\/2022\/05\/20689519_17336-1-150x150.png 150w, https:\/\/havamall.vn\/wp-content\/uploads\/2022\/05\/20689519_17336-1-700x700.png 700w, https:\/\/havamall.vn\/wp-content\/uploads\/2022\/05\/20689519_17336-1-768x768.png 768w, https:\/\/havamall.vn\/wp-content\/uploads\/2022\/05\/20689519_17336-1-1024x1024.png 1024w, https:\/\/havamall.vn\/wp-content\/uploads\/2022\/05\/20689519_17336-1-1200x1200.png 1200w, https:\/\/havamall.vn\/wp-content\/uploads\/2022\/05\/20689519_17336-1-600x600.png 600w, https:\/\/havamall.vn\/wp-content\/uploads\/2022\/05\/20689519_17336-1-100x100.png 100w, https:\/\/havamall.vn\/wp-content\/uploads\/2022\/05\/20689519_17336-1.png 2048w\" sizes=\"(max-width: 784px) 100vw, 784px\" \/><\/p>\n<h3><strong>H\u01b0\u1edbng d\u1eabn ch\u1ebf bi\u1ebfn:<\/strong><\/h3>\n<p>&gt; B\u01b0\u1edbc 1: \u0110un n\u01b0\u1edbc s\u00f4i,<\/p>\n<p>&gt; B\u01b0\u1edbc 2: Khi n\u01b0\u1edbc \u0111\u00e3 x\u00f4i, Cho mu\u1ed1i v\u00e0o v\u00e0 khu\u1ea5y \u0111\u1ec1u \u0111\u1ebfn khi mu\u1ed1i \u0111\u00e3 tan \u0111\u1ec1u trong n\u01b0\u1edbc<\/p>\n<p>&gt; B\u01b0\u1edbc 3: Cho m\u00ec v\u00e0o,v\u00e0 r\u1ea3i \u0111\u1ec1u xung quanh n\u1ed3i (l\u01b0u \u00fd: kh\u00f4ng \u0111\u00e8, n\u00e9n ho\u1eb7c b\u1ebb m\u00ec t\u1eeb khi l\u1ea5y m\u00ec ra \u0111\u1ebfn khi b\u1ecf v\u00e0o n\u01b0\u1edbc s\u00f4i)<\/p>\n<p>&gt; B\u01b0\u1edbc 4: C\u1ee9 3 ph\u00fat khu\u1ea5y nh\u1eb9 \u0111\u1ec1u m\u00ec theo chi\u1ec1u kim \u0111\u1ed3ng h\u1ed3 \u0111\u1ec3 m\u00ec ch\u00edn \u0111\u1ec1u v\u00e0 kh\u00f4ng b\u1ecb d\u00ednh v\u00e0o nhau (l\u01b0u \u00fd: nh\u1edb xem th\u1eddi gian ch\u00edn c\u1ee7a m\u00ec tr\u00ean tem \u0111\u1ec3 m\u00ec ch\u00edn \u0111\u00fang th\u1eddi gian)<\/p>\n<p>&gt; B\u01b0\u1edbc 5: Sau khi m\u00ec ch\u00edn, x\u1ea3 n\u01b0\u1edbc l\u1ea1nh v\u00e0o m\u00ec \u0111\u1ec3 h\u1ea1 nhi\u1ec7t, gi\u00fap m\u00ec s\u0103n l\u1ea1i, t\u1ea1o \u0111\u1ed9 dai gi\u00fap m\u00ec ngon dai h\u01a1n.<\/p>\n<p>&gt; B\u01b0\u1edbc 6: Tr\u1ed9n m\u00ec v\u1edbi 1 \u00edt d\u1ea7u \u0103n \u0111\u1ec3 m\u00ec kh\u00f4ng b\u1ecb d\u00ednh l\u1ea1i<\/p>\n<p>&gt; B\u01b0\u1edbc 7: Ch\u1ebf bi\u1ebfn theo s\u1edf th\u00edch<\/p>\n<p>S\u1ea3n ph\u1ea9m hi\u1ec7n \u0111\u00e3 c\u00f3 m\u1eb7t t\u1ea1i Havamall.<\/p>\n<p><img loading=\"lazy\" decoding=\"async\" class=\"wp-image-26836 aligncenter\" src=\"https:\/\/havamall.vn\/wp-content\/uploads\/2022\/05\/53711516_246739886-1-240x300.png\" alt=\"\" width=\"795\" height=\"994\" srcset=\"https:\/\/havamall.vn\/wp-content\/uploads\/2022\/05\/53711516_246739886-1-240x300.png 240w, https:\/\/havamall.vn\/wp-content\/uploads\/2022\/05\/53711516_246739886-1-430x538.png 430w, https:\/\/havamall.vn\/wp-content\/uploads\/2022\/05\/53711516_246739886-1-150x188.png 150w, https:\/\/havamall.vn\/wp-content\/uploads\/2022\/05\/53711516_246739886-1-700x875.png 700w, https:\/\/havamall.vn\/wp-content\/uploads\/2022\/05\/53711516_246739886-1-768x960.png 768w, https:\/\/havamall.vn\/wp-content\/uploads\/2022\/05\/53711516_246739886-1-819x1024.png 819w, https:\/\/havamall.vn\/wp-content\/uploads\/2022\/05\/53711516_246739886-1-1200x1500.png 1200w, https:\/\/havamall.vn\/wp-content\/uploads\/2022\/05\/53711516_246739886-1-600x750.png 600w, https:\/\/havamall.vn\/wp-content\/uploads\/2022\/05\/53711516_246739886-1.png 1638w\" sizes=\"(max-width: 795px) 100vw, 795px\" \/><\/p>","protected":false},"excerpt":{"rendered":"<p>San Remo l\u00e0 th\u01b0\u01a1ng hi\u1ec7u n\u1ed5i ti\u1ebfng t\u1ea1i \u00dac. S\u1ea3n xu\u1ea5t v\u00e0 ph\u00e2n ph\u1ed1i s\u1ea3n ph\u1ea9m r\u1ed9ng r\u00e3i trong v\u00e0<\/p>","protected":false},"featured_media":26827,"comment_status":"open","ping_status":"closed","template":"","meta":[],"product_brand":[],"product_cat":[496,36],"product_tag":[],"class_list":{"0":"post-26825","1":"product","2":"type-product","3":"status-publish","4":"has-post-thumbnail","6":"product_cat-thuc-pham-thuan-chay","7":"product_cat-thuc-pham-tieu-dung","9":"first","10":"outofstock","11":"sale","12":"shipping-taxable","13":"purchasable","14":"product-type-simple"},"_links":{"self":[{"href":"https:\/\/havamall.vn\/en\/wp-json\/wp\/v2\/product\/26825"}],"collection":[{"href":"https:\/\/havamall.vn\/en\/wp-json\/wp\/v2\/product"}],"about":[{"href":"https:\/\/havamall.vn\/en\/wp-json\/wp\/v2\/types\/product"}],"replies":[{"embeddable":true,"href":"https:\/\/havamall.vn\/en\/wp-json\/wp\/v2\/comments?post=26825"}],"version-history":[{"count":0,"href":"https:\/\/havamall.vn\/en\/wp-json\/wp\/v2\/product\/26825\/revisions"}],"wp:featuredmedia":[{"embeddable":true,"href":"https:\/\/havamall.vn\/en\/wp-json\/wp\/v2\/media\/26827"}],"wp:attachment":[{"href":"https:\/\/havamall.vn\/en\/wp-json\/wp\/v2\/media?parent=26825"}],"wp:term":[{"taxonomy":"product_brand","embeddable":true,"href":"https:\/\/havamall.vn\/en\/wp-json\/wp\/v2\/product_brand?post=26825"},{"taxonomy":"product_cat","embeddable":true,"href":"https:\/\/havamall.vn\/en\/wp-json\/wp\/v2\/product_cat?post=26825"},{"taxonomy":"product_tag","embeddable":true,"href":"https:\/\/havamall.vn\/en\/wp-json\/wp\/v2\/product_tag?post=26825"}],"curies":[{"name":"wp","href":"https:\/\/api.w.org\/{rel}","templated":true}]}}