{"id":26814,"date":"2022-05-18T09:49:06","date_gmt":"2022-05-18T02:49:06","guid":{"rendered":"https:\/\/havamall.vn\/?post_type=product&#038;p=26814"},"modified":"2022-10-04T17:07:23","modified_gmt":"2022-10-04T10:07:23","slug":"sua-dac-champ-hop-giay-129kg-dairy-champ-sweetned-condensed-creamer","status":"publish","type":"product","link":"https:\/\/havamall.vn\/en\/shop\/sua-dac-champ-hop-giay-129kg-dairy-champ-sweetned-condensed-creamer\/","title":{"rendered":"S\u1eefa \u0110\u1eb7c Champ H\u1ed9p Gi\u1ea5y 1,29kg &#8211; Dairy Champ Sweetned Condensed Creamer"},"content":{"rendered":"<p>S\u1eefa \u0111\u1eb7c Diary Champ \u0111\u01b0\u1ee3c s\u1ea3n xu\u1ea5t theo c\u00f4ng ngh\u1ec7 hi\u1ec7n \u0111\u1ea1i v\u1edbi quy tr\u00ecnh ho\u00e0n to\u00e0n kh\u00e9p k\u00edn, \u0111\u1ea3m b\u1ea3o tuy\u1ec7t \u0111\u1ed1i ch\u1ea5t l\u01b0\u1ee3ng s\u1ea3n ph\u1ea9m khi mang \u0111\u1ebfn cho ng\u01b0\u1eddi ti\u00eau d\u00f9ng. S\u1eefa \u0111\u1eb7c Diary Champ gi\u00fap t\u0103ng c\u01b0\u1eddng \u0111\u1ed9 ch\u1eafc kh\u1ecfe c\u1ee7a x\u01b0\u01a1ng v\u00e0 r\u0103ng, cung c\u1ea5p \u0111a d\u1ea1ng c\u00e1c vitamin v\u00e0 kho\u00e1ng ch\u1ea5t. V\u1edbi s\u1eefa \u0111\u1eb7c Diary Champ b\u1ea1n s\u1ebd c\u00f3 m\u1ed9t ng\u00e0y tuy\u1ec7t v\u1eddi v\u1edbi ngu\u1ed3n n\u0103ng l\u01b0\u1ee3ng d\u1ed3i d\u00e0o v\u00e0 b\u1ec1n b\u1ec9.<\/p>\n<p><img fetchpriority=\"high\" decoding=\"async\" class=\"wp-image-21839 aligncenter\" src=\"https:\/\/havamall.vn\/wp-content\/uploads\/2021\/08\/sweetend-c-300x300.png\" alt=\"\" width=\"676\" height=\"676\" srcset=\"https:\/\/havamall.vn\/wp-content\/uploads\/2021\/08\/sweetend-c-300x300.png 300w, https:\/\/havamall.vn\/wp-content\/uploads\/2021\/08\/sweetend-c-430x430.png 430w, https:\/\/havamall.vn\/wp-content\/uploads\/2021\/08\/sweetend-c-150x150.png 150w, https:\/\/havamall.vn\/wp-content\/uploads\/2021\/08\/sweetend-c-700x700.png 700w, https:\/\/havamall.vn\/wp-content\/uploads\/2021\/08\/sweetend-c-768x768.png 768w, https:\/\/havamall.vn\/wp-content\/uploads\/2021\/08\/sweetend-c-600x600.png 600w, https:\/\/havamall.vn\/wp-content\/uploads\/2021\/08\/sweetend-c-100x100.png 100w, https:\/\/havamall.vn\/wp-content\/uploads\/2021\/08\/sweetend-c.png 1000w\" sizes=\"(max-width: 676px) 100vw, 676px\" \/><\/p>\n<p>S\u1eefa \u0111\u01b0\u1ee3c ch\u1ee9ng minh c\u00f3 t\u00e1c d\u1ee5ng t\u0103ng n\u0103ng l\u01b0\u1ee3ng sau m\u1ed9t ng\u00e0y l\u00e0m vi\u1ec7c m\u1ec7t m\u1ecfi. N\u00f3 l\u00e0 m\u1ed9t th\u1ef1c ph\u1ea9m r\u1ea5t t\u1ed1t l\u00e0m th\u01b0 gi\u00e3n c\u01a1 b\u1eafp c\u0169ng nh\u01b0 c\u00e1c ho\u1ea1t \u0111\u1ed9ng tr\u00ean d\u00e2y th\u1ea7n kinh. Ngo\u00e0i ra, m\u1ed9t ly s\u1eefa \u1ea5m v\u00e0o ban \u0111\u00eam c\u00f3 th\u1ec3 mang l\u1ea1i m\u1ed9t gi\u1ea5c ng\u1ee7 ngon.<\/p>\n<p>S\u1eefa \u0111\u1eb7c c\u00f3 \u0111\u01b0\u1eddng Chump 1kg pha v\u1edbi n\u01b0\u1edbc \u1ea5m u\u1ed1ng v\u00e0o bu\u1ed5i s\u00e1ng, ch\u1ec9 c\u1ea7n \u0111\u1ed5 1 l\u01b0\u1ee3ng s\u1eefa \u0111\u1eb7c ra 1 c\u1ed1c v\u00e0 th\u00eam n\u01b0\u1edbc \u1ea5m, sau \u0111\u00f3 khu\u1ea5y \u0111\u1ec1u cho \u0111\u1ebfn khi s\u1eefa d\u01b0\u1edbi \u0111\u00e1y tan to\u00e0n b\u1ed9. \u0102n nh\u1eb9 v\u00e0o bu\u1ed5i s\u00e1ng v\u1edbi b\u00e1nh m\u00ec ch\u1ee9a tinh b\u1ed9t cung c\u1ea5p n\u0103ng l\u01b0\u1ee3ng cho ng\u00e0y m\u1edbi, \u0103n c\u00f9ng s\u1eefa \u0111\u1eb7c v\u1eeba d\u1ec5 \u0103n, v\u1eeba c\u00f3 th\u1ec3 gi\u00fap t\u0103ng c\u00e2n nhanh ch\u00f3ng.<\/p>\n<p><img decoding=\"async\" class=\"wp-image-21840 aligncenter\" src=\"https:\/\/havamall.vn\/wp-content\/uploads\/2021\/08\/vegan-conde-300x200.png\" alt=\"\" width=\"673\" height=\"449\" srcset=\"https:\/\/havamall.vn\/wp-content\/uploads\/2021\/08\/vegan-conde-300x200.png 300w, https:\/\/havamall.vn\/wp-content\/uploads\/2021\/08\/vegan-conde-430x287.png 430w, https:\/\/havamall.vn\/wp-content\/uploads\/2021\/08\/vegan-conde-150x100.png 150w, https:\/\/havamall.vn\/wp-content\/uploads\/2021\/08\/vegan-conde-700x467.png 700w, https:\/\/havamall.vn\/wp-content\/uploads\/2021\/08\/vegan-conde-768x512.png 768w, https:\/\/havamall.vn\/wp-content\/uploads\/2021\/08\/vegan-conde-1024x683.png 1024w, https:\/\/havamall.vn\/wp-content\/uploads\/2021\/08\/vegan-conde-1200x800.png 1200w, https:\/\/havamall.vn\/wp-content\/uploads\/2021\/08\/vegan-conde-600x400.png 600w\" sizes=\"(max-width: 673px) 100vw, 673px\" \/><\/p>\n<p>S\u1ea3n ph\u1ea9m \u0111\u01b0\u1ee3c s\u1ea3n xu\u1ea5t t\u1ea1i Malaysia b\u1edfi Etika Dairies theo quy tr\u00ecnh c\u00f4ng hi\u1ec7n \u0111\u1ea1i, kh\u00f4ng ch\u1ee9a ch\u1ea5t b\u1ea3o qu\u1ea3n \u0111\u1ed9c h\u1ea1i cho ng\u01b0\u1eddi s\u1eed d\u1ee5ng. \u0110\u01b0\u1ee3c s\u1eed d\u1ee5ng trong pha ch\u1ebf th\u1ee9c u\u1ed1ng ho\u1eb7c c\u00e1c m\u00f3n \u0103n nhanh, gi\u00fap b\u1ea1n ti\u1ebft ki\u1ec7m th\u1eddi gian.<\/p>\n<p><img decoding=\"async\" class=\"aligncenter\" src=\"https:\/\/anhungcoffee.com\/wp-content\/uploads\/2019\/09\/Ly-c%C3%A0-ph%C3%AA-%C4%91%E1%BA%B9p-cho-qu%C3%A1n-c%C3%A0-ph%C3%AA-03-1199x800.jpg\" alt=\"C\u00e1ch pha c\u00e0 ph\u00ea s\u1eefa m\u1edbi \u0111\u1eadm \u0111\u00e0 h\u01b0\u01a1ng v\u1ecb | AN H\u01afNG COFFEE\" width=\"668\" height=\"445\" \/><\/p>\n<h3><strong>C\u00f4ng d\u1ee5ng c\u1ee7a s\u1eefa \u0111\u1eb7c:<\/strong><\/h3>\n<p>&#8211; T\u1ed1t cho da: S\u1eefa r\u1ea5t gi\u00e0u c\u00e1c axit amin, gi\u00fap gi\u1eef \u1ea9m da v\u00e0 khi\u1ebfn da tr\u1edf n\u00ean m\u1ec1m m\u1ea1i h\u01a1n.<\/p>\n<p>&#8211; Gi\u1ea3m c\u0103ng th\u1eb3ng: S\u1eefa \u0111\u01b0\u1ee3c ch\u1ee9ng minh c\u00f3 t\u00e1c d\u1ee5ng t\u0103ng n\u0103ng l\u01b0\u1ee3ng sau m\u1ed9t ng\u00e0y l\u00e0m vi\u1ec7c m\u1ec7t m\u1ecfi. N\u00f3 l\u00e0 m\u1ed9t th\u1ef1c ph\u1ea9m r\u1ea5t t\u1ed1t l\u00e0m th\u01b0 gi\u00e3n c\u01a1 b\u1eafp c\u0169ng nh\u01b0 c\u00e1c ho\u1ea1t \u0111\u1ed9ng tr\u00ean c\u00e1c d\u00e2y th\u1ea7n kinh.<\/p>\n<p>&#8211; L\u1ee3i \u00edch ti\u00eau h\u00f3a t\u0103ng c\u00e2n: Th\u00e0nh ph\u1ea7n dinh d\u01b0\u1ee1ng s\u1ea3n ph\u1ea9m ch\u00ednh l\u00e0 s\u1eefa b\u00f2, ch\u1ea5t b\u00e9o, protein, \u0111\u01b0\u1eddng. Nh\u1eefng th\u00e0nh ph\u1ea7n n\u00e0y \u0111\u1ec1u c\u00f3 l\u1ee3i cho qu\u00e1 tr\u00ecnh t\u0103ng c\u00e2n nhanh cho nh\u1eefng ng\u01b0\u1eddi g\u1ea7y. Gi\u00fap ti\u00eau h\u00f3a t\u1ed1t, k\u00edch th\u00edch \u0103n cho nh\u1eefng ng\u01b0\u1eddi k\u00e9n \u0103n, \u0103n kh\u00f4ng ti\u00eau, c\u01a1 th\u1ec3 kh\u00f3 h\u1ea5p th\u1ee5 d\u01b0\u1ee1ng ch\u1ea5t t\u1eeb th\u1ee9c \u0103n.<\/p>\n<p><img loading=\"lazy\" decoding=\"async\" class=\"wp-image-21845 aligncenter\" src=\"https:\/\/havamall.vn\/wp-content\/uploads\/2021\/08\/How-to-Make-Yogurt-in-an-Instant-PotIMG_5455-copy-2-244x300.jpg\" alt=\"\" width=\"670\" height=\"824\" srcset=\"https:\/\/havamall.vn\/wp-content\/uploads\/2021\/08\/How-to-Make-Yogurt-in-an-Instant-PotIMG_5455-copy-2-244x300.jpg 244w, https:\/\/havamall.vn\/wp-content\/uploads\/2021\/08\/How-to-Make-Yogurt-in-an-Instant-PotIMG_5455-copy-2-430x530.jpg 430w, https:\/\/havamall.vn\/wp-content\/uploads\/2021\/08\/How-to-Make-Yogurt-in-an-Instant-PotIMG_5455-copy-2-150x185.jpg 150w, https:\/\/havamall.vn\/wp-content\/uploads\/2021\/08\/How-to-Make-Yogurt-in-an-Instant-PotIMG_5455-copy-2-700x862.jpg 700w, https:\/\/havamall.vn\/wp-content\/uploads\/2021\/08\/How-to-Make-Yogurt-in-an-Instant-PotIMG_5455-copy-2-600x739.jpg 600w, https:\/\/havamall.vn\/wp-content\/uploads\/2021\/08\/How-to-Make-Yogurt-in-an-Instant-PotIMG_5455-copy-2.jpg 760w\" sizes=\"(max-width: 670px) 100vw, 670px\" \/><\/p>\n<p>&#8211; T\u0103ng c\u01b0\u1eddng m\u1eadt \u0111\u1ed9 x\u01b0\u01a1ng v\u00e0 gi\u00fap r\u0103ng ch\u1eafc kh\u1ecfe: S\u1eefa l\u00e0 m\u1ed9t ngu\u1ed3n gi\u00e0u canxi. Kho\u00e1ng ch\u1ea5t n\u00e0y r\u1ea5t c\u1ea7n thi\u1ebft \u0111\u1ec3 gi\u00fap cho x\u01b0\u01a1ng v\u00e0 r\u0103ng kh\u1ecfe m\u1ea1nh.<\/p>\n<p>&#8211; Gi\u00e0u vitamin D: S\u1eefa l\u00e0 m\u1ed9t th\u1ef1c ph\u1ea9m r\u1ea5t gi\u00e0u vitamin D, n\u00f3 c\u00f3 t\u00e1c d\u1ee5ng l\u00e0m gi\u1ea3m vi\u00eam nhi\u1ec5m v\u00e0 t\u0103ng c\u01b0\u1eddng h\u1ec7 mi\u1ec5n d\u1ecbch.<\/p>\n<p>&#8211; Gi\u00fap gi\u1eef n\u01b0\u1edbc: Sau khi t\u1eadp th\u1ec3 d\u1ee5c, m\u1ed9t ly s\u1eefa c\u00f3 th\u1ec3 gi\u00fap kh\u00f4i ph\u1ee5c n\u0103ng l\u01b0\u1ee3ng c\u1ee7a b\u1ea1n v\u00e0 \u0111\u1ed3ng th\u1eddi gi\u1eef \u1ea9m c\u01a1 th\u1ec3.<\/p>\n<p>&#8211; Ph\u00e1t tri\u1ec3n c\u01a1 b\u1eafp: Protein c\u00f3 trong s\u1eefa, l\u00e0 ch\u1ea5t dinh d\u01b0\u1ee1ng c\u1ea7n thi\u1ebft cho s\u1ef1 t\u0103ng tr\u01b0\u1edfng c\u01a1 b\u1eafp.<\/p>\n<p><img loading=\"lazy\" decoding=\"async\" class=\"aligncenter\" src=\"https:\/\/havamall.vn\/wp-content\/uploads\/2020\/12\/cach-pha-ca-phe-sua-ngon_1.jpg\" alt=\"C\u00e1ch Pha C\u00e0 Ph\u00ea S\u1eefa Ngon Ai C\u0169ng L\u00e0m \u0110\u01b0\u1ee3c\" width=\"668\" height=\"445\" \/><\/p>","protected":false},"excerpt":{"rendered":"<p>S\u1eefa \u0111\u1eb7c Diary Champ \u0111\u01b0\u1ee3c s\u1ea3n xu\u1ea5t theo c\u00f4ng ngh\u1ec7 hi\u1ec7n \u0111\u1ea1i v\u1edbi quy tr\u00ecnh ho\u00e0n to\u00e0n kh\u00e9p k\u00edn, \u0111\u1ea3m<\/p>","protected":false},"featured_media":26815,"comment_status":"open","ping_status":"closed","template":"","meta":[],"product_brand":[],"product_cat":[36,135],"product_tag":[],"class_list":{"0":"post-26814","1":"product","2":"type-product","3":"status-publish","4":"has-post-thumbnail","6":"product_cat-thuc-pham-tieu-dung","7":"product_cat-sua-do-uong","9":"first","10":"outofstock","11":"sale","12":"shipping-taxable","13":"purchasable","14":"product-type-variable"},"_links":{"self":[{"href":"https:\/\/havamall.vn\/en\/wp-json\/wp\/v2\/product\/26814"}],"collection":[{"href":"https:\/\/havamall.vn\/en\/wp-json\/wp\/v2\/product"}],"about":[{"href":"https:\/\/havamall.vn\/en\/wp-json\/wp\/v2\/types\/product"}],"replies":[{"embeddable":true,"href":"https:\/\/havamall.vn\/en\/wp-json\/wp\/v2\/comments?post=26814"}],"version-history":[{"count":0,"href":"https:\/\/havamall.vn\/en\/wp-json\/wp\/v2\/product\/26814\/revisions"}],"wp:featuredmedia":[{"embeddable":true,"href":"https:\/\/havamall.vn\/en\/wp-json\/wp\/v2\/media\/26815"}],"wp:attachment":[{"href":"https:\/\/havamall.vn\/en\/wp-json\/wp\/v2\/media?parent=26814"}],"wp:term":[{"taxonomy":"product_brand","embeddable":true,"href":"https:\/\/havamall.vn\/en\/wp-json\/wp\/v2\/product_brand?post=26814"},{"taxonomy":"product_cat","embeddable":true,"href":"https:\/\/havamall.vn\/en\/wp-json\/wp\/v2\/product_cat?post=26814"},{"taxonomy":"product_tag","embeddable":true,"href":"https:\/\/havamall.vn\/en\/wp-json\/wp\/v2\/product_tag?post=26814"}],"curies":[{"name":"wp","href":"https:\/\/api.w.org\/{rel}","templated":true}]}}