{"id":26787,"date":"2022-05-17T14:57:29","date_gmt":"2022-05-17T07:57:29","guid":{"rendered":"https:\/\/havamall.vn\/?post_type=product&#038;p=26787"},"modified":"2025-08-19T16:13:33","modified_gmt":"2025-08-19T09:13:33","slug":"siro-vanilla-goldn-farm-chai-thuy-tinh-520ml-vanilla-syrup","status":"publish","type":"product","link":"https:\/\/havamall.vn\/en\/shop\/siro-vanilla-goldn-farm-chai-thuy-tinh-520ml-vanilla-syrup\/","title":{"rendered":"Siro Vanilla Golden Farm Chai Th\u1ee7y Tinh 520ml &#8211; Vanilla Syrup"},"content":{"rendered":"<p>C\u00f4ng ty Golden Farm chuy\u00ean s\u1ea3n xu\u1ea5t c\u00e1c th\u1ef1c ph\u1ea9m qu\u1ed1c t\u1ebf nh\u01b0: m\u1ee9t tr\u00e1i c\u00e2y, b\u01a1 \u0111\u1eadu ph\u1ed9ng, x\u1ed1t salat, t\u01b0\u01a1ng c\u00e0, th\u1ef1c ph\u1ea9m dinh d\u01b0\u1ee1ng, siro,\u2026<\/p>\n<p>V\u1edbi ti\u00eau ch\u00ed \u201cAn to\u00e0n, b\u1ed5 d\u01b0\u1ee1ng v\u00e0 ti\u1ec7n l\u1ee3i\u201d,\u00a0ch\u1ea5t l\u01b0\u1ee3ng theo ti\u00eau chu\u1ea9n qu\u1ed1c t\u1ebf, m\u1eabu m\u00e3 bao b\u00ec h\u1ea5p d\u1eabn v\u00e0 gi\u00e1 c\u1ea3\u00a0ph\u00f9 h\u1ee3p. S\u1ea3n ph\u1ea9m c\u1ee7a Golden Farm \u0111\u00e3 nhanh ch\u00f3ng \u0111\u01b0\u1ee3c ng\u01b0\u1eddi ti\u00eau d\u00f9ng y\u00eau th\u00edch\u00a0v\u00e0 l\u1ef1a ch\u1ecdn. X\u00e2y d\u1ef1ng chu\u1ed7i cung \u1ee9ng t\u1ea1i c\u00e1c h\u1ec7 th\u1ed1ng si\u00eau th\u1ecb tr\u00ean to\u00e0n qu\u1ed1c, cung c\u1ea5p nguy\u00ean li\u1ec7u pha ch\u1ebf cho nh\u00e0 h\u00e0ng, kh\u00e1ch s\u1ea1n .<\/p>\n<p><img fetchpriority=\"high\" decoding=\"async\" class=\"wp-image-20428 aligncenter\" src=\"https:\/\/havamall.com\/wp-content\/uploads\/2025\/08\/127739184_2740018789571812_5118805347868641476_n-1-300x200.jpg\" alt=\"\" width=\"597\" height=\"398\" \/><\/p>\n<p>T\u1ea5t c\u1ea3 c\u00e1c lo\u1ea1i Siro Golden Farm \u0111\u1ec1u c\u00f3 gi\u1ea5y ch\u1ee9ng nh\u1eadn VSATTP n\u00ean r\u1ea5t an to\u00e0n. C\u00f4ng ty \u0111\u01b0\u1ee3c ch\u1ee9ng nh\u1eadn \u0111\u1ea1t ti\u00eau chu\u1ea9n VSATTP ISO 22000: 2005 v\u1edbi c\u00f4ng ngh\u1ec7 s\u1ea3n xu\u1ea5t hi\u1ec7n \u0111\u1ea1i nh\u1eb1m mang \u0111\u1ebfn ng\u01b0\u1eddi ti\u00eau d\u00f9ng v\u1edbi nh\u1eefng d\u00f2ng s\u1ea3n ph\u1ea9m t\u1ed1t nh\u1ea5t, b\u1ea3o v\u1ec7 s\u1ee9c kh\u1ecfe v\u00e0 g\u00f3p ph\u1ea7n \u0111\u01a1n gi\u1ea3n h\u00f3a cho cu\u1ed9c s\u1ed1ng m\u1ed7i gia \u0111\u00ecnh.<\/p>\n<p>Siro Vani 520ml l\u00e0 m\u1ed9t h\u01b0\u01a1ng v\u1ecb siro tinh khi\u1ebft \u0111\u01b0\u1ee3c chi\u1ebft xu\u1ea5t t\u1eeb qu\u1ea3 vanilla r\u1ea5t t\u1ed1t cho s\u1ee9c kh\u1ecfe c\u1ee7a con ng\u01b0\u1eddi. Siro Vani c\u00f3 v\u1ecb th\u01a1m ng\u1ecdt ng\u00e0o, d\u1ecbu nh\u1eb9 n\u00ean \u0111\u01b0\u1ee3c th\u00eam v\u00e0o c\u00e1c lo\u1ea1i \u0111\u1ed3 u\u1ed1ng. \u0110\u00e2y l\u00e0 lo\u1ea1i siro r\u1ea5t \u0111\u01b0\u1ee3c y\u00eau th\u00edch hi\u1ec7n nay c\u00f3 th\u1ec3 d\u00f9ng \u0111\u1ec3 l\u00e0m b\u00e1nh, kem, n\u01b0\u1edbc gi\u1ea3i kh\u00e1t, \u2026<\/p>\n<p><img decoding=\"async\" class=\"wp-image-26788 aligncenter\" src=\"https:\/\/havamall.com\/wp-content\/uploads\/2025\/08\/a1d446a049-1-300x234.png\" alt=\"\" width=\"615\" height=\"479\" \/><\/p>\n<p>\u0110\u01b0\u1ee3c s\u1ea3n xu\u1ea5t tr\u00ean d\u00e2y chuy\u1ec1n kh\u00e9p k\u00edn v\u1edbi c\u00f4ng ngh\u1ec7 hi\u1ec7n \u0111\u1ea1i t\u1eeb Ch\u00e2u \u00c2u, \u0111\u1ea1t ch\u1ee9ng nh\u1eadn VSATTP Qu\u1ed1c T\u1ebf ISO 22000:2018, \u0111\u1ea3m b\u1ea3o mang \u0111\u1ebfn cho ng\u01b0\u1eddi ti\u00eau d\u00f9ng s\u1ea3n ph\u1ea9m ch\u1ea5t l\u01b0\u1ee3ng t\u1ed1t nh\u1ea5t.<\/p>\n<p>V\u1edbi ch\u1ea5t li\u1ec7u chai b\u1eb1ng th\u1ee7y tinh d\u00e0y gi\u00fap b\u1ea1n d\u1ec5 d\u00e0ng b\u1ea3o qu\u1ea3n s\u1ea3n ph\u1ea9m. \u01afu \u0111i\u1ec3m c\u1ee7a s\u1ea3n ph\u1ea9m l\u00e0 siro r\u1ea5t \u0111\u1eadm \u0111\u00e0, kh\u00f4ng c\u00f3 c\u1eb7n, l\u00e0m cho\u00a0\u0111\u1ed3 u\u1ed1ng c\u1ee7a b\u1ea1n th\u00eam ph\u1ea7n ch\u1ea5t l\u01b0\u1ee3ng v\u00e0 h\u1ea5p d\u1eabn h\u01a1n.\u00a0\u0110\u01b0\u1ee3c chi\u1ebft xu\u1ea5t t\u1eeb nh\u1eefng nguy\u00ean li\u1ec7u t\u1eeb thi\u00ean nhi\u00ean, s\u1ea3n ph\u1ea9m \u0111em \u0111\u1ebfn tay ng\u01b0\u1eddi ti\u00eau d\u00f9ng m\u1ed9t h\u01b0\u01a1ng v\u1ecb t\u1ef1 nhi\u00ean v\u1edbi\u00a0m\u1ed9t gi\u00e1 tr\u1ecb dinh d\u01b0\u1ee1ng ho\u00e0n h\u1ea3o, an to\u00e0n cho ng\u01b0\u1eddi s\u1eed d\u1ee5ng.<\/p>\n<p><img decoding=\"async\" class=\"wp-image-26792 aligncenter\" src=\"https:\/\/havamall.com\/wp-content\/uploads\/2025\/08\/280947675_-1-300x300.png\" alt=\"\" width=\"628\" height=\"628\" \/><\/p>\n<p>Siro Golden Farm vanilla l\u00e0 d\u00f2ng si r\u00f4\u00a0b\u00e1n ch\u1ea1y nh\u1ea5t th\u1ecb tr\u01b0\u1eddng hi\u1ec7n t\u1ea1i. V\u1edbi \u0111\u1ed9 th\u01a1m s\u00e1nh\u00a0ho\u00e0n h\u1ea3o, m\u00f9i h\u01b0\u01a1ng quy\u1ebfn r\u0169, m\u1edbi l\u1ea1\u00a0th\u00edch h\u1ee3p \u0111\u1ec3 l\u00e0m th\u1ea1ch, \u0111\u00e1 xay\u2026<\/p>\n<p>Sir\u00f4 Golden Farm\u00a0l\u00e0 s\u1ea3n ph\u1ea9m \u0111\u01b0\u1ee3c \u01b0u ti\u00ean h\u00e0ng \u0111\u00e2u khi b\u1ea1n c\u00f3 c\u00e1c bu\u1ed5i ti\u1ec7c v\u1edbi gia \u0111\u00ecnh hay nh\u1eefng khi h\u1ecdp m\u1eb7t b\u1ea1n b\u00e8. S\u1ea3n ph\u1ea9m c\u00f3 th\u1ec3 d\u00f9ng \u0111\u1ec3 pha ch\u1ebf t\u1ea1o n\u00ean nh\u1eefng th\u1ee9c u\u1ed1ng th\u01a1m ngon nh\u01b0 cocktail, s\u1eefa t\u01b0\u01a1i tr\u00e1i c\u00e2y, tr\u00e0 s\u1eefa hay rau c\u00e2u, b\u00e1nh\u2026.<\/p>\n<p><img loading=\"lazy\" decoding=\"async\" class=\"wp-image-26790 aligncenter\" src=\"https:\/\/havamall.com\/wp-content\/uploads\/2025\/08\/golden-syrup-vanill-300x169.png\" alt=\"\" width=\"635\" height=\"358\" \/><\/p>\n<h3><strong>C\u00e1ch s\u1eed d\u1ee5ng siro vani Golden Farm:<\/strong><\/h3>\n<p>\u2013 D\u00f9ng \u0111\u1ec3 pha n\u01b0\u1edbc gi\u1ea3i kh\u00e1t: Pha 30ml siro v\u01a1i 120ml n\u01b0\u1edbc, cho \u0111\u00e1 v\u00e0o ly v\u00e0 th\u01b0\u1edfng th\u1ee9c.<\/p>\n<p>\u2013 D\u00f9ng \u0111\u1ec3 pha cocktail: Cho 30ml siro, 30ml r\u01b0\u1ee3u Vodka, 50ml n\u01b0\u1edbc, 2 mu\u1ed7ng nh\u1ecf s\u1eefa chua v\u00e0o b\u00ecnh l\u1eafc. Cho \u0111\u00e1 v\u00e0o v\u00e0 l\u1eafc \u0111\u1ec1u. R\u00f3t ra ly v\u00e0 th\u01b0\u1edfng th\u1ee9c.<\/p>\n<p>\u2013 D\u00f9ng \u0111\u1ec3 pha s\u1eefa t\u01b0\u01a1i tr\u00e1i c\u00e2y: Pha siro v\u1edbi s\u1eefa t\u01b0\u01a1i l\u00e0m s\u1eefa t\u01b0\u01a1i tr\u00e1i c\u00e2y<\/p>\n<p>\u2013 D\u00f9ng \u0111\u1ec3 l\u00e0m th\u1ea1ch rau c\u00e2u: Pha siro v\u00e0o h\u1ed7n h\u1ee3p l\u00e0m rau c\u00e2u \u0111\u1ec3 t\u1ea1o th\u00eam h\u01b0\u01a1ng v\u1ecb v\u00e0 m\u00e0u s\u1eafc h\u1ea5p d\u1eabn.<\/p>\n<p>S\u1ea3n ph\u1ea9m hi\u1ec7n \u0111\u00e3 c\u00f3 m\u1eb7t t\u1ea1i Havamall.<\/p>","protected":false},"excerpt":{"rendered":"<p>C\u00f4ng ty Golden Farm chuy\u00ean s\u1ea3n xu\u1ea5t c\u00e1c th\u1ef1c ph\u1ea9m qu\u1ed1c t\u1ebf nh\u01b0: m\u1ee9t tr\u00e1i c\u00e2y, b\u01a1 \u0111\u1eadu ph\u1ed9ng, x\u1ed1t<\/p>","protected":false},"featured_media":26791,"comment_status":"open","ping_status":"closed","template":"","meta":[],"product_brand":[],"product_cat":[36,135],"product_tag":[],"class_list":{"0":"post-26787","1":"product","2":"type-product","3":"status-publish","4":"has-post-thumbnail","6":"product_cat-thuc-pham-tieu-dung","7":"product_cat-sua-do-uong","8":"pa_brand-golden-farm","10":"first","11":"outofstock","12":"sale","13":"shipping-taxable","14":"purchasable","15":"product-type-simple"},"_links":{"self":[{"href":"https:\/\/havamall.vn\/en\/wp-json\/wp\/v2\/product\/26787"}],"collection":[{"href":"https:\/\/havamall.vn\/en\/wp-json\/wp\/v2\/product"}],"about":[{"href":"https:\/\/havamall.vn\/en\/wp-json\/wp\/v2\/types\/product"}],"replies":[{"embeddable":true,"href":"https:\/\/havamall.vn\/en\/wp-json\/wp\/v2\/comments?post=26787"}],"version-history":[{"count":0,"href":"https:\/\/havamall.vn\/en\/wp-json\/wp\/v2\/product\/26787\/revisions"}],"wp:featuredmedia":[{"embeddable":true,"href":"https:\/\/havamall.vn\/en\/wp-json\/wp\/v2\/media\/26791"}],"wp:attachment":[{"href":"https:\/\/havamall.vn\/en\/wp-json\/wp\/v2\/media?parent=26787"}],"wp:term":[{"taxonomy":"product_brand","embeddable":true,"href":"https:\/\/havamall.vn\/en\/wp-json\/wp\/v2\/product_brand?post=26787"},{"taxonomy":"product_cat","embeddable":true,"href":"https:\/\/havamall.vn\/en\/wp-json\/wp\/v2\/product_cat?post=26787"},{"taxonomy":"product_tag","embeddable":true,"href":"https:\/\/havamall.vn\/en\/wp-json\/wp\/v2\/product_tag?post=26787"}],"curies":[{"name":"wp","href":"https:\/\/api.w.org\/{rel}","templated":true}]}}