{"id":26760,"date":"2022-05-16T16:28:12","date_gmt":"2022-05-16T09:28:12","guid":{"rendered":"https:\/\/havamall.vn\/?post_type=product&#038;p=26760"},"modified":"2022-05-16T17:07:49","modified_gmt":"2022-05-16T10:07:49","slug":"siro-chanh-day-golden-farm-chai-thuy-tinh-520ml-passion-fruit-syrup","status":"publish","type":"product","link":"https:\/\/havamall.vn\/en\/shop\/siro-chanh-day-golden-farm-chai-thuy-tinh-520ml-passion-fruit-syrup\/","title":{"rendered":"Siro Chanh D\u00e2y Golden Farm Chai Th\u1ee7y Tinh 520ml &#8211; Passion Fruit Syrup"},"content":{"rendered":"<p>Golden Farm l\u00e0 th\u01b0\u01a1ng hi\u1ec7u n\u1ed5i ti\u1ebfng trong n\u01b0\u1edbc v\u1ec1 s\u1ea3n xu\u1ea5t siro, n\u01b0\u1edbc tr\u00e1i c\u00e2y. V\u1edbi ti\u00eau ch\u00ed an to\u00e0n, b\u1ed5 d\u01b0\u1ee1ng, ti\u1ec7n l\u1ee3i, ch\u1ea5t l\u01b0\u1ee3ng theo ti\u00eau chu\u1ea9n qu\u1ed1c t\u1ebf, m\u1eabu m\u00e3 bao b\u00ec h\u1ea5p d\u1eabn c\u0169ng nh\u01b0 gi\u00e1 c\u1ea3 ph\u00f9 h\u1ee3p n\u00ean \u0111\u01b0\u1ee3c c\u00e1c ch\u1ee7 qu\u00e1n tin d\u00f9ng. C\u00f4ng ty Golden Farm chuy\u00ean s\u1ea3n xu\u1ea5t c\u00e1c th\u1ef1c ph\u1ea9m qu\u1ed1c t\u1ebf nh\u01b0: m\u1ee9t tr\u00e1i c\u00e2y, b\u01a1 \u0111\u1eadu ph\u1ed9ng, x\u1ed1t salat, t\u01b0\u01a1ng c\u00e0, th\u1ef1c ph\u1ea9m dinh d\u01b0\u1ee1ng, siro,\u2026 ch\u1ea5t l\u01b0\u1ee3ng theo ti\u00eau chu\u1ea9n qu\u1ed1c t\u1ebf, m\u1eabu m\u00e3 bao b\u00ec h\u1ea5p d\u1eabn v\u00e0 gi\u00e1 c\u1ea3 ph\u00f9 h\u1ee3p. Golden Farm ng\u00e0y c\u00e0ng ph\u00e1t tri\u1ec3n cho ra \u0111\u1eddi nhi\u1ec1u s\u1ea3n ph\u1ea9m v\u1edbi c\u00e1c h\u01b0\u01a1ng v\u1ecb kh\u00e1c nhau nh\u01b0ng v\u1eabn gi\u1eef nguy\u00ean n\u00e9t \u0111\u1eb7c tr\u01b0ng c\u1ee7a t\u1eebng lo\u1ea1i nh\u01b0: Siro tr\u00e0 xanh, siro d\u00e2u, Siro cam, Siro b\u1ea1c h\u00e0, m\u1ee9t ph\u00fac b\u1ed3n t\u1eed\u2026<\/p>\n<p><img fetchpriority=\"high\" decoding=\"async\" class=\"wp-image-20428 aligncenter\" src=\"https:\/\/havamall.vn\/wp-content\/uploads\/2021\/06\/127739184_2740018789571812_5118805347868641476_n-1-300x200.jpg\" alt=\"\" width=\"622\" height=\"415\" srcset=\"https:\/\/havamall.vn\/wp-content\/uploads\/2021\/06\/127739184_2740018789571812_5118805347868641476_n-1-300x200.jpg 300w, https:\/\/havamall.vn\/wp-content\/uploads\/2021\/06\/127739184_2740018789571812_5118805347868641476_n-1-430x287.jpg 430w, https:\/\/havamall.vn\/wp-content\/uploads\/2021\/06\/127739184_2740018789571812_5118805347868641476_n-1-150x100.jpg 150w, https:\/\/havamall.vn\/wp-content\/uploads\/2021\/06\/127739184_2740018789571812_5118805347868641476_n-1-700x467.jpg 700w, https:\/\/havamall.vn\/wp-content\/uploads\/2021\/06\/127739184_2740018789571812_5118805347868641476_n-1-768x512.jpg 768w, https:\/\/havamall.vn\/wp-content\/uploads\/2021\/06\/127739184_2740018789571812_5118805347868641476_n-1-1024x683.jpg 1024w, https:\/\/havamall.vn\/wp-content\/uploads\/2021\/06\/127739184_2740018789571812_5118805347868641476_n-1-1200x800.jpg 1200w, https:\/\/havamall.vn\/wp-content\/uploads\/2021\/06\/127739184_2740018789571812_5118805347868641476_n-1-600x400.jpg 600w, https:\/\/havamall.vn\/wp-content\/uploads\/2021\/06\/127739184_2740018789571812_5118805347868641476_n-1.jpg 2048w\" sizes=\"(max-width: 622px) 100vw, 622px\" \/><\/p>\n<p>Siro tr\u00e1i c\u00e2y Golden Farm c\u00f3 v\u1ecb h\u1ea5p d\u1eabn ri\u00eang bi\u1ec7t, c\u00f3 th\u1ec3 d\u00f9ng \u0111\u1ec3 pha ch\u1ebf nhi\u1ec1u lo\u1ea1i \u0111\u1ed3 u\u1ed1ng kh\u00e1c nhau, gi\u00fap m\u00f3n \u0103n th\u00eam th\u01a1m ngon. T\u1ea5t c\u1ea3 c\u00e1c lo\u1ea1i Siro Golden Farm \u0111\u1ec1u c\u00f3 gi\u1ea5y ch\u1ee9ng nh\u1eadn VSATTP n\u00ean r\u1ea5t an to\u00e0n. C\u00f4ng ty \u0111\u01b0\u1ee3c ch\u1ee9ng nh\u1eadn \u0111\u1ea1t ti\u00eau chu\u1ea9n VSATTP ISO 22000: 2005 v\u1edbi c\u00f4ng ngh\u1ec7 s\u1ea3n xu\u1ea5t hi\u1ec7n \u0111\u1ea1i nh\u1eb1m mang \u0111\u1ebfn ng\u01b0\u1eddi ti\u00eau d\u00f9ng v\u1edbi nh\u1eefng d\u00f2ng s\u1ea3n ph\u1ea9m t\u1ed1t nh\u1ea5t, b\u1ea3o v\u1ec7 s\u1ee9c kh\u1ecfe v\u00e0 g\u00f3p ph\u1ea7n \u0111\u01a1n gi\u1ea3n h\u00f3a cho cu\u1ed9c s\u1ed1ng m\u1ed7i gia \u0111\u00ecnh.<\/p>\n<p><img decoding=\"async\" class=\"wp-image-26746 aligncenter\" src=\"https:\/\/havamall.vn\/wp-content\/uploads\/2022\/05\/a1d446a049-300x224.png\" alt=\"\" width=\"625\" height=\"467\" srcset=\"https:\/\/havamall.vn\/wp-content\/uploads\/2022\/05\/a1d446a049-300x224.png 300w, https:\/\/havamall.vn\/wp-content\/uploads\/2022\/05\/a1d446a049-430x322.png 430w, https:\/\/havamall.vn\/wp-content\/uploads\/2022\/05\/a1d446a049-150x112.png 150w, https:\/\/havamall.vn\/wp-content\/uploads\/2022\/05\/a1d446a049-700x524.png 700w, https:\/\/havamall.vn\/wp-content\/uploads\/2022\/05\/a1d446a049-768x575.png 768w, https:\/\/havamall.vn\/wp-content\/uploads\/2022\/05\/a1d446a049.png 1024w, https:\/\/havamall.vn\/wp-content\/uploads\/2022\/05\/a1d446a049-600x449.png 600w\" sizes=\"(max-width: 625px) 100vw, 625px\" \/><\/p>\n<p>Siro tr\u00e1i c\u00e2y Golden Farm mang l\u1ea1i nhi\u1ec1u gi\u00e1 tr\u1ecb s\u1eed d\u1ee5ng cho ng\u01b0\u1eddi d\u00f9ng: v\u1eeba mang l\u1ea1i nhi\u1ec1u m\u00f3n \u0103n, th\u1ee9c u\u1ed1ng th\u01a1m ngon, b\u1ed5 d\u01b0\u1ee1ng l\u1ea1i ti\u1ebft ki\u1ec7m th\u1eddi gian khi b\u1ea1n b\u1eadn r\u1ed9n v\u1edbi c\u00f4ng vi\u1ec7c v\u00e0 cu\u1ed9c s\u1ed1ng. S\u1ea3n ph\u1ea9m \u0111\u01b0\u1ee3c \u0111\u1ef1ng trong chai th\u1ee7y tinh c\u00f3 n\u1eafp n\u00ean r\u1ea5t d\u1ec5 d\u00e0ng s\u1eed d\u1ee5ng v\u00e0 b\u1ea3o qu\u1ea3n.<\/p>\n<p>Siro \u0111\u01b0\u1ee3c \u0111\u00f3ng trong chai th\u1ee7y tinh d\u00e0y, gi\u00fap b\u1ea1n d\u1ec5 d\u00e0ng b\u1ea3o qu\u1ea3n s\u1ea3n ph\u1ea9m. \u01afu \u0111i\u1ec3m c\u1ee7a s\u1ea3n ph\u1ea9m l\u00e0 siro r\u1ea5t \u0111\u1eadm \u0111\u00e0, trong su\u1ed1t v\u00e0 kh\u00f4ng c\u00f3 c\u1eb7n, l\u00e0m cho \u0111\u1ed3 u\u1ed1ng c\u1ee7a b\u1ea1n th\u00eam ph\u1ea7n ch\u1ea5t l\u01b0\u1ee3ng v\u00e0 h\u1ea5p d\u1eabn h\u01a1n.<\/p>\n<p><img decoding=\"async\" class=\"wp-image-26761 aligncenter\" src=\"https:\/\/havamall.vn\/wp-content\/uploads\/2022\/05\/Untitled-design-1-300x169.png\" alt=\"\" width=\"654\" height=\"368\" srcset=\"https:\/\/havamall.vn\/wp-content\/uploads\/2022\/05\/Untitled-design-1-300x169.png 300w, https:\/\/havamall.vn\/wp-content\/uploads\/2022\/05\/Untitled-design-1-430x242.png 430w, https:\/\/havamall.vn\/wp-content\/uploads\/2022\/05\/Untitled-design-1-150x84.png 150w, https:\/\/havamall.vn\/wp-content\/uploads\/2022\/05\/Untitled-design-1-700x394.png 700w, https:\/\/havamall.vn\/wp-content\/uploads\/2022\/05\/Untitled-design-1-768x432.png 768w, https:\/\/havamall.vn\/wp-content\/uploads\/2022\/05\/Untitled-design-1-600x338.png 600w, https:\/\/havamall.vn\/wp-content\/uploads\/2022\/05\/Untitled-design-1.png 800w\" sizes=\"(max-width: 654px) 100vw, 654px\" \/><\/p>\n<p>\u0110\u01b0\u1ee3c ch\u1ecdn l\u1ecdc t\u1eeb nh\u1eefng tr\u00e1i chanh d\u00e2y t\u01b0\u01a1i ngon nh\u1ea5t, s\u1ea3n ph\u1ea9m mang l\u1ea1i h\u01b0\u01a1ng v\u1ecb \u0111\u1eb7c tr\u01b0ng v\u00e0 gi\u00e1 tr\u1ecb dinh d\u01b0\u1ee1ng tuy\u1ec7t v\u1eddi c\u1ee7a lo\u1ea1i tr\u00e1i c\u00e2y n\u00e0y. V\u1edbi th\u1ec3 t\u00edch l\u00ean \u0111\u1ebfn 520ml, s\u1ea3n ph\u1ea9m ph\u00f9 h\u1ee3p v\u1edbi nh\u1eefng ng\u01b0\u1eddi c\u00f3 nhu c\u1ea7u s\u1eed d\u1ee5ng l\u00e2u d\u00e0i.<\/p>\n<p><img loading=\"lazy\" decoding=\"async\" class=\"wp-image-22004 aligncenter\" src=\"https:\/\/havamall.vn\/wp-content\/uploads\/2021\/09\/rau-c\u00e2u-8-300x197.png\" alt=\"\" width=\"645\" height=\"424\" srcset=\"https:\/\/havamall.vn\/wp-content\/uploads\/2021\/09\/rau-c\u00e2u-8-300x197.png 300w, https:\/\/havamall.vn\/wp-content\/uploads\/2021\/09\/rau-c\u00e2u-8-430x282.png 430w, https:\/\/havamall.vn\/wp-content\/uploads\/2021\/09\/rau-c\u00e2u-8-150x98.png 150w, https:\/\/havamall.vn\/wp-content\/uploads\/2021\/09\/rau-c\u00e2u-8-700x460.png 700w, https:\/\/havamall.vn\/wp-content\/uploads\/2021\/09\/rau-c\u00e2u-8-768x504.png 768w, https:\/\/havamall.vn\/wp-content\/uploads\/2021\/09\/rau-c\u00e2u-8-1024x672.png 1024w, https:\/\/havamall.vn\/wp-content\/uploads\/2021\/09\/rau-c\u00e2u-8-1200x788.png 1200w, https:\/\/havamall.vn\/wp-content\/uploads\/2021\/09\/rau-c\u00e2u-8-600x394.png 600w, https:\/\/havamall.vn\/wp-content\/uploads\/2021\/09\/rau-c\u00e2u-8.png 1400w\" sizes=\"(max-width: 645px) 100vw, 645px\" \/><\/p>\n<h3><strong>C\u00e1ch s\u1eed d\u1ee5ng siro chanh d\u00e2y Golden Farm:<\/strong><\/h3>\n<p>\u2013 D\u00f9ng \u0111\u1ec3 pha n\u01b0\u1edbc gi\u1ea3i kh\u00e1t: Pha 30ml siro v\u01a1i 120ml n\u01b0\u1edbc, cho \u0111\u00e1 v\u00e0o ly v\u00e0 th\u01b0\u1edfng th\u1ee9c.<\/p>\n<p>\u2013 D\u00f9ng \u0111\u1ec3 pha cocktail: Cho 30ml siro, 30ml r\u01b0\u1ee3u Vodka, 50ml n\u01b0\u1edbc, 2 mu\u1ed7ng nh\u1ecf s\u1eefa chua v\u00e0o b\u00ecnh l\u1eafc. Cho \u0111\u00e1 v\u00e0o v\u00e0 l\u1eafc \u0111\u1ec1u. R\u00f3t ra ly v\u00e0 th\u01b0\u1edfng th\u1ee9c.<\/p>\n<p>\u2013 D\u00f9ng \u0111\u1ec3 pha s\u1eefa t\u01b0\u01a1i tr\u00e1i c\u00e2y: Pha siro v\u1edbi s\u1eefa t\u01b0\u01a1i l\u00e0m s\u1eefa t\u01b0\u01a1i tr\u00e1i c\u00e2y<\/p>\n<p>\u2013 D\u00f9ng \u0111\u1ec3 l\u00e0m th\u1ea1ch rau c\u00e2u: Pha siro v\u00e0o h\u1ed7n h\u1ee3p l\u00e0m rau c\u00e2u \u0111\u1ec3 t\u1ea1o th\u00eam h\u01b0\u01a1ng v\u1ecb v\u00e0 m\u00e0u s\u1eafc h\u1ea5p d\u1eabn.<\/p>\n<p>S\u1ea3n ph\u1ea9m hi\u1ec7n \u0111\u00e3 c\u00f3 m\u1eb7t t\u1ea1i Havamall.<\/p>\n<p><img loading=\"lazy\" decoding=\"async\" class=\"wp-image-26762 aligncenter\" src=\"https:\/\/havamall.vn\/wp-content\/uploads\/2022\/05\/maxresdefault-14-300x169.jpg\" alt=\"\" width=\"643\" height=\"362\" srcset=\"https:\/\/havamall.vn\/wp-content\/uploads\/2022\/05\/maxresdefault-14-300x169.jpg 300w, https:\/\/havamall.vn\/wp-content\/uploads\/2022\/05\/maxresdefault-14-430x242.jpg 430w, https:\/\/havamall.vn\/wp-content\/uploads\/2022\/05\/maxresdefault-14-150x84.jpg 150w, https:\/\/havamall.vn\/wp-content\/uploads\/2022\/05\/maxresdefault-14-700x394.jpg 700w, https:\/\/havamall.vn\/wp-content\/uploads\/2022\/05\/maxresdefault-14-768x432.jpg 768w, https:\/\/havamall.vn\/wp-content\/uploads\/2022\/05\/maxresdefault-14-1024x576.jpg 1024w, https:\/\/havamall.vn\/wp-content\/uploads\/2022\/05\/maxresdefault-14-1200x675.jpg 1200w, https:\/\/havamall.vn\/wp-content\/uploads\/2022\/05\/maxresdefault-14-600x338.jpg 600w, https:\/\/havamall.vn\/wp-content\/uploads\/2022\/05\/maxresdefault-14.jpg 1280w\" sizes=\"(max-width: 643px) 100vw, 643px\" \/><\/p>","protected":false},"excerpt":{"rendered":"<p>Golden Farm l\u00e0 th\u01b0\u01a1ng hi\u1ec7u n\u1ed5i ti\u1ebfng trong n\u01b0\u1edbc v\u1ec1 s\u1ea3n xu\u1ea5t siro, n\u01b0\u1edbc tr\u00e1i c\u00e2y. V\u1edbi ti\u00eau ch\u00ed an<\/p>","protected":false},"featured_media":26763,"comment_status":"open","ping_status":"closed","template":"","meta":[],"product_brand":[],"product_cat":[36,135],"product_tag":[],"class_list":{"0":"post-26760","1":"product","2":"type-product","3":"status-publish","4":"has-post-thumbnail","6":"product_cat-thuc-pham-tieu-dung","7":"product_cat-sua-do-uong","9":"first","10":"instock","11":"sale","12":"shipping-taxable","13":"purchasable","14":"product-type-simple"},"_links":{"self":[{"href":"https:\/\/havamall.vn\/en\/wp-json\/wp\/v2\/product\/26760"}],"collection":[{"href":"https:\/\/havamall.vn\/en\/wp-json\/wp\/v2\/product"}],"about":[{"href":"https:\/\/havamall.vn\/en\/wp-json\/wp\/v2\/types\/product"}],"replies":[{"embeddable":true,"href":"https:\/\/havamall.vn\/en\/wp-json\/wp\/v2\/comments?post=26760"}],"version-history":[{"count":0,"href":"https:\/\/havamall.vn\/en\/wp-json\/wp\/v2\/product\/26760\/revisions"}],"wp:featuredmedia":[{"embeddable":true,"href":"https:\/\/havamall.vn\/en\/wp-json\/wp\/v2\/media\/26763"}],"wp:attachment":[{"href":"https:\/\/havamall.vn\/en\/wp-json\/wp\/v2\/media?parent=26760"}],"wp:term":[{"taxonomy":"product_brand","embeddable":true,"href":"https:\/\/havamall.vn\/en\/wp-json\/wp\/v2\/product_brand?post=26760"},{"taxonomy":"product_cat","embeddable":true,"href":"https:\/\/havamall.vn\/en\/wp-json\/wp\/v2\/product_cat?post=26760"},{"taxonomy":"product_tag","embeddable":true,"href":"https:\/\/havamall.vn\/en\/wp-json\/wp\/v2\/product_tag?post=26760"}],"curies":[{"name":"wp","href":"https:\/\/api.w.org\/{rel}","templated":true}]}}