{"id":26742,"date":"2022-05-16T14:03:11","date_gmt":"2022-05-16T07:03:11","guid":{"rendered":"https:\/\/havamall.vn\/?post_type=product&#038;p=26742"},"modified":"2022-05-16T14:14:24","modified_gmt":"2022-05-16T07:14:24","slug":"siro-sau-rieng-chai-thuy-tinh-golden-farm-570ml","status":"publish","type":"product","link":"https:\/\/havamall.vn\/en\/shop\/siro-sau-rieng-chai-thuy-tinh-golden-farm-570ml\/","title":{"rendered":"Siro S\u1ea7u Ri\u00eang Chai Th\u1ee7y Tinh Golden Farm 520ml"},"content":{"rendered":"<p>Golden Farm l\u00e0 th\u01b0\u01a1ng hi\u1ec7u n\u1ed5i ti\u1ebfng trong n\u01b0\u1edbc v\u1ec1 s\u1ea3n xu\u1ea5t siro, n\u01b0\u1edbc tr\u00e1i c\u00e2y. V\u1edbi ti\u00eau ch\u00ed an to\u00e0n, b\u1ed5 d\u01b0\u1ee1ng, ti\u1ec7n l\u1ee3i, ch\u1ea5t l\u01b0\u1ee3ng theo ti\u00eau chu\u1ea9n qu\u1ed1c t\u1ebf, m\u1eabu m\u00e3 bao b\u00ec h\u1ea5p d\u1eabn c\u0169ng nh\u01b0 gi\u00e1 c\u1ea3 ph\u00f9 h\u1ee3p n\u00ean \u0111\u01b0\u1ee3c c\u00e1c ch\u1ee7 qu\u00e1n tin d\u00f9ng. C\u00f4ng ty Golden Farm chuy\u00ean s\u1ea3n xu\u1ea5t c\u00e1c th\u1ef1c ph\u1ea9m qu\u1ed1c t\u1ebf nh\u01b0: m\u1ee9t tr\u00e1i c\u00e2y, b\u01a1 \u0111\u1eadu ph\u1ed9ng, x\u1ed1t salat, t\u01b0\u01a1ng c\u00e0, th\u1ef1c ph\u1ea9m dinh d\u01b0\u1ee1ng, siro,\u2026 ch\u1ea5t l\u01b0\u1ee3ng theo ti\u00eau chu\u1ea9n qu\u1ed1c t\u1ebf, m\u1eabu m\u00e3 bao b\u00ec h\u1ea5p d\u1eabn v\u00e0 gi\u00e1 c\u1ea3 ph\u00f9 h\u1ee3p. Golden Farm ng\u00e0y c\u00e0ng ph\u00e1t tri\u1ec3n cho ra \u0111\u1eddi nhi\u1ec1u s\u1ea3n ph\u1ea9m v\u1edbi c\u00e1c h\u01b0\u01a1ng v\u1ecb kh\u00e1c nhau nh\u01b0ng v\u1eabn gi\u1eef nguy\u00ean n\u00e9t \u0111\u1eb7c tr\u01b0ng c\u1ee7a t\u1eebng lo\u1ea1i nh\u01b0: Siro tr\u00e0 xanh, siro d\u00e2u, Siro cam, Siro b\u1ea1c h\u00e0, m\u1ee9t ph\u00fac b\u1ed3n t\u1eed\u2026<\/p>\n<p><img fetchpriority=\"high\" decoding=\"async\" class=\"wp-image-20428 aligncenter\" src=\"https:\/\/havamall.vn\/wp-content\/uploads\/2021\/06\/127739184_2740018789571812_5118805347868641476_n-1-300x200.jpg\" alt=\"\" width=\"622\" height=\"415\" srcset=\"https:\/\/havamall.vn\/wp-content\/uploads\/2021\/06\/127739184_2740018789571812_5118805347868641476_n-1-300x200.jpg 300w, https:\/\/havamall.vn\/wp-content\/uploads\/2021\/06\/127739184_2740018789571812_5118805347868641476_n-1-430x287.jpg 430w, https:\/\/havamall.vn\/wp-content\/uploads\/2021\/06\/127739184_2740018789571812_5118805347868641476_n-1-150x100.jpg 150w, https:\/\/havamall.vn\/wp-content\/uploads\/2021\/06\/127739184_2740018789571812_5118805347868641476_n-1-700x467.jpg 700w, https:\/\/havamall.vn\/wp-content\/uploads\/2021\/06\/127739184_2740018789571812_5118805347868641476_n-1-768x512.jpg 768w, https:\/\/havamall.vn\/wp-content\/uploads\/2021\/06\/127739184_2740018789571812_5118805347868641476_n-1-1024x683.jpg 1024w, https:\/\/havamall.vn\/wp-content\/uploads\/2021\/06\/127739184_2740018789571812_5118805347868641476_n-1-1200x800.jpg 1200w, https:\/\/havamall.vn\/wp-content\/uploads\/2021\/06\/127739184_2740018789571812_5118805347868641476_n-1-600x400.jpg 600w, https:\/\/havamall.vn\/wp-content\/uploads\/2021\/06\/127739184_2740018789571812_5118805347868641476_n-1.jpg 2048w\" sizes=\"(max-width: 622px) 100vw, 622px\" \/><\/p>\n<p>Siro tr\u00e1i c\u00e2y Golden Farm c\u00f3 v\u1ecb h\u1ea5p d\u1eabn ri\u00eang bi\u1ec7t, c\u00f3 th\u1ec3 d\u00f9ng \u0111\u1ec3 pha ch\u1ebf nhi\u1ec1u lo\u1ea1i \u0111\u1ed3 u\u1ed1ng kh\u00e1c nhau, gi\u00fap m\u00f3n \u0103n th\u00eam th\u01a1m ngon. T\u1ea5t c\u1ea3 c\u00e1c lo\u1ea1i Siro Golden Farm \u0111\u1ec1u c\u00f3 gi\u1ea5y ch\u1ee9ng nh\u1eadn VSATTP n\u00ean r\u1ea5t an to\u00e0n. C\u00f4ng ty \u0111\u01b0\u1ee3c ch\u1ee9ng nh\u1eadn \u0111\u1ea1t ti\u00eau chu\u1ea9n VSATTP ISO 22000: 2005 v\u1edbi c\u00f4ng ngh\u1ec7 s\u1ea3n xu\u1ea5t hi\u1ec7n \u0111\u1ea1i nh\u1eb1m mang \u0111\u1ebfn ng\u01b0\u1eddi ti\u00eau d\u00f9ng v\u1edbi nh\u1eefng d\u00f2ng s\u1ea3n ph\u1ea9m t\u1ed1t nh\u1ea5t, b\u1ea3o v\u1ec7 s\u1ee9c kh\u1ecfe v\u00e0 g\u00f3p ph\u1ea7n \u0111\u01a1n gi\u1ea3n h\u00f3a cho cu\u1ed9c s\u1ed1ng m\u1ed7i gia \u0111\u00ecnh.<\/p>\n<p>Siro tr\u00e1i c\u00e2y Golden Farm mang l\u1ea1i nhi\u1ec1u gi\u00e1 tr\u1ecb s\u1eed d\u1ee5ng cho ng\u01b0\u1eddi d\u00f9ng: v\u1eeba mang l\u1ea1i nhi\u1ec1u m\u00f3n \u0103n, th\u1ee9c u\u1ed1ng th\u01a1m ngon, b\u1ed5 d\u01b0\u1ee1ng l\u1ea1i ti\u1ebft ki\u1ec7m th\u1eddi gian khi b\u1ea1n b\u1eadn r\u1ed9n v\u1edbi c\u00f4ng vi\u1ec7c v\u00e0 cu\u1ed9c s\u1ed1ng. S\u1ea3n ph\u1ea9m \u0111\u01b0\u1ee3c \u0111\u1ef1ng trong chai th\u1ee7y tinh c\u00f3 n\u1eafp n\u00ean r\u1ea5t d\u1ec5 d\u00e0ng s\u1eed d\u1ee5ng v\u00e0 b\u1ea3o qu\u1ea3n.<\/p>\n<p><img decoding=\"async\" class=\"wp-image-26745 aligncenter\" src=\"https:\/\/havamall.vn\/wp-content\/uploads\/2022\/05\/b8acb5f54f267d892ec0c3d683f07e9b-300x200.png\" alt=\"\" width=\"616\" height=\"410\" srcset=\"https:\/\/havamall.vn\/wp-content\/uploads\/2022\/05\/b8acb5f54f267d892ec0c3d683f07e9b-300x200.png 300w, https:\/\/havamall.vn\/wp-content\/uploads\/2022\/05\/b8acb5f54f267d892ec0c3d683f07e9b-430x287.png 430w, https:\/\/havamall.vn\/wp-content\/uploads\/2022\/05\/b8acb5f54f267d892ec0c3d683f07e9b-150x100.png 150w, https:\/\/havamall.vn\/wp-content\/uploads\/2022\/05\/b8acb5f54f267d892ec0c3d683f07e9b-700x467.png 700w, https:\/\/havamall.vn\/wp-content\/uploads\/2022\/05\/b8acb5f54f267d892ec0c3d683f07e9b-768x512.png 768w, https:\/\/havamall.vn\/wp-content\/uploads\/2022\/05\/b8acb5f54f267d892ec0c3d683f07e9b-600x400.png 600w, https:\/\/havamall.vn\/wp-content\/uploads\/2022\/05\/b8acb5f54f267d892ec0c3d683f07e9b.png 960w\" sizes=\"(max-width: 616px) 100vw, 616px\" \/><\/p>\n<p>S\u1ea7u ri\u00eang l\u00e0 m\u1ed9t lo\u1ea1i qu\u1ea3 mang h\u01b0\u01a1ng v\u1ecb v\u00f4 c\u00f9ng \u0111\u1eb7c bi\u1ec7t. N\u1ebfu b\u1ea1n l\u00e0 ng\u01b0\u1eddi y\u00eau th\u00edch h\u01b0\u01a1ng v\u1ecb \u0111\u1ed9c \u0111\u00e1o c\u1ee7a s\u1ea7u ri\u00eang v\u00e0 mu\u1ed1n l\u00e0m ra nh\u1eefng m\u00f3n \u0103n c\u00f3 v\u1ecb c\u1ee7a lo\u1ea1i tr\u00e1i c\u00e2y n\u00e0y th\u00ec siro S\u1ea7u Ri\u00eang Golden Farm ch\u00ednh l\u00e0 s\u1ef1 l\u1ef1a ch\u1ecdn h\u00e0ng \u0111\u1ea7u c\u1ee7a b\u1ea1n.<\/p>\n<p>Sir\u00f4 s\u1ea7u ri\u00eang Golden Farm\u00a0l\u00e0 s\u1ea3n ph\u1ea9m \u0111\u01b0\u1ee3c \u01b0u ti\u00ean h\u00e0ng \u0111\u1ea7u khi b\u1ea1n c\u00f3 c\u00e1c bu\u1ed5i ti\u1ec7c v\u1edbi gia \u0111\u00ecnh hay nh\u1eefng khi h\u1ecdp m\u1eb7t b\u1ea1n b\u00e8. S\u1ea3n ph\u1ea9m c\u00f3 th\u1ec3 d\u00f9ng \u0111\u1ec3 pha ch\u1ebf t\u1ea1o n\u00ean nh\u1eefng th\u1ee9c u\u1ed1ng th\u01a1m ngon nh\u01b0 cocktail, s\u1eefa t\u01b0\u01a1i tr\u00e1i c\u00e2y, tr\u00e0 s\u1eefa hay rau c\u00e2u, b\u00e1nh\u2026.<\/p>\n<p><img decoding=\"async\" class=\"wp-image-26746 aligncenter\" src=\"https:\/\/havamall.vn\/wp-content\/uploads\/2022\/05\/a1d446a049-300x224.png\" alt=\"\" width=\"627\" height=\"468\" srcset=\"https:\/\/havamall.vn\/wp-content\/uploads\/2022\/05\/a1d446a049-300x224.png 300w, https:\/\/havamall.vn\/wp-content\/uploads\/2022\/05\/a1d446a049-430x322.png 430w, https:\/\/havamall.vn\/wp-content\/uploads\/2022\/05\/a1d446a049-150x112.png 150w, https:\/\/havamall.vn\/wp-content\/uploads\/2022\/05\/a1d446a049-700x524.png 700w, https:\/\/havamall.vn\/wp-content\/uploads\/2022\/05\/a1d446a049-768x575.png 768w, https:\/\/havamall.vn\/wp-content\/uploads\/2022\/05\/a1d446a049.png 1024w, https:\/\/havamall.vn\/wp-content\/uploads\/2022\/05\/a1d446a049-600x449.png 600w\" sizes=\"(max-width: 627px) 100vw, 627px\" \/><\/p>\n<p>V\u1edbi ch\u1ea5t li\u1ec7u chai b\u1eb1ng th\u1ee7y tinh d\u00e0y gi\u00fap b\u1ea1n d\u1ec5 d\u00e0ng b\u1ea3o qu\u1ea3n s\u1ea3n ph\u1ea9m. \u01afu \u0111i\u1ec3m c\u1ee7a s\u1ea3n ph\u1ea9m l\u00e0 siro r\u1ea5t \u0111\u1eadm \u0111\u00e0, kh\u00f4ng c\u00f3 c\u1eb7n, l\u00e0m cho\u00a0\u0111\u1ed3 u\u1ed1ng c\u1ee7a b\u1ea1n th\u00eam ph\u1ea7n ch\u1ea5t l\u01b0\u1ee3ng v\u00e0 h\u1ea5p d\u1eabn h\u01a1n.\u00a0\u0110\u01b0\u1ee3c chi\u1ebft xu\u1ea5t t\u1eeb nh\u1eefng l\u00e1 tr\u00e0 xanh t\u01b0\u01a1i ngon nh\u1ea5t, s\u1ea3n ph\u1ea9m \u0111em \u0111\u1ebfn tay ng\u01b0\u1eddi ti\u00eau d\u00f9ng m\u1ed9t h\u01b0\u01a1ng v\u1ecb t\u1ef1 nhi\u00ean v\u1edbi\u00a0m\u1ed9t gi\u00e1 tr\u1ecb dinh d\u01b0\u1ee1ng ho\u00e0n h\u1ea3o, an to\u00e0n cho ng\u01b0\u1eddi s\u1eed d\u1ee5ng.<\/p>\n<p><img loading=\"lazy\" decoding=\"async\" class=\"wp-image-26747 aligncenter\" src=\"https:\/\/havamall.vn\/wp-content\/uploads\/2022\/05\/9b7e06e1657080e8f728173d3bee2d84-300x166.jpg\" alt=\"\" width=\"618\" height=\"342\" srcset=\"https:\/\/havamall.vn\/wp-content\/uploads\/2022\/05\/9b7e06e1657080e8f728173d3bee2d84-300x166.jpg 300w, https:\/\/havamall.vn\/wp-content\/uploads\/2022\/05\/9b7e06e1657080e8f728173d3bee2d84-430x237.jpg 430w, https:\/\/havamall.vn\/wp-content\/uploads\/2022\/05\/9b7e06e1657080e8f728173d3bee2d84-150x83.jpg 150w, https:\/\/havamall.vn\/wp-content\/uploads\/2022\/05\/9b7e06e1657080e8f728173d3bee2d84-700x386.jpg 700w, https:\/\/havamall.vn\/wp-content\/uploads\/2022\/05\/9b7e06e1657080e8f728173d3bee2d84-768x424.jpg 768w, https:\/\/havamall.vn\/wp-content\/uploads\/2022\/05\/9b7e06e1657080e8f728173d3bee2d84.jpg 1024w, https:\/\/havamall.vn\/wp-content\/uploads\/2022\/05\/9b7e06e1657080e8f728173d3bee2d84-600x331.jpg 600w\" sizes=\"(max-width: 618px) 100vw, 618px\" \/><\/p>\n<h3><strong>C\u00e1ch s\u1eed d\u1ee5ng siro s\u1ea7u ri\u00eang Golden Farm:<\/strong><\/h3>\n<p>\u2013 D\u00f9ng \u0111\u1ec3 pha n\u01b0\u1edbc gi\u1ea3i kh\u00e1t: Pha 30ml siro v\u01a1i 120ml n\u01b0\u1edbc, cho \u0111\u00e1 v\u00e0o ly v\u00e0 th\u01b0\u1edfng th\u1ee9c.<\/p>\n<p>\u2013 D\u00f9ng \u0111\u1ec3 pha cocktail: Cho 30ml siro, 30ml r\u01b0\u1ee3u Vodka, 50ml n\u01b0\u1edbc, 2 mu\u1ed7ng nh\u1ecf s\u1eefa chua v\u00e0o b\u00ecnh l\u1eafc. Cho \u0111\u00e1 v\u00e0o v\u00e0 l\u1eafc \u0111\u1ec1u. R\u00f3t ra ly v\u00e0 th\u01b0\u1edfng th\u1ee9c.<\/p>\n<p>\u2013 D\u00f9ng \u0111\u1ec3 pha s\u1eefa t\u01b0\u01a1i tr\u00e1i c\u00e2y: Pha siro v\u1edbi s\u1eefa t\u01b0\u01a1i l\u00e0m s\u1eefa t\u01b0\u01a1i tr\u00e1i c\u00e2y<\/p>\n<p>\u2013 D\u00f9ng \u0111\u1ec3 l\u00e0m th\u1ea1ch rau c\u00e2u: Pha siro v\u00e0o h\u1ed7n h\u1ee3p l\u00e0m rau c\u00e2u \u0111\u1ec3 t\u1ea1o th\u00eam h\u01b0\u01a1ng v\u1ecb v\u00e0 m\u00e0u s\u1eafc h\u1ea5p d\u1eabn.<\/p>\n<p>S\u1ea3n ph\u1ea9m hi\u1ec7n \u0111\u00e3 c\u00f3 m\u1eb7t t\u1ea1i Havamall.<\/p>","protected":false},"excerpt":{"rendered":"<p>Golden Farm l\u00e0 th\u01b0\u01a1ng hi\u1ec7u n\u1ed5i ti\u1ebfng trong n\u01b0\u1edbc v\u1ec1 s\u1ea3n xu\u1ea5t siro, n\u01b0\u1edbc tr\u00e1i c\u00e2y. V\u1edbi ti\u00eau ch\u00ed an<\/p>","protected":false},"featured_media":26748,"comment_status":"open","ping_status":"closed","template":"","meta":[],"product_brand":[],"product_cat":[36,135],"product_tag":[],"class_list":{"0":"post-26742","1":"product","2":"type-product","3":"status-publish","4":"has-post-thumbnail","6":"product_cat-thuc-pham-tieu-dung","7":"product_cat-sua-do-uong","8":"pa_brand-golden-farm","10":"first","11":"instock","12":"sale","13":"shipping-taxable","14":"purchasable","15":"product-type-simple"},"_links":{"self":[{"href":"https:\/\/havamall.vn\/en\/wp-json\/wp\/v2\/product\/26742"}],"collection":[{"href":"https:\/\/havamall.vn\/en\/wp-json\/wp\/v2\/product"}],"about":[{"href":"https:\/\/havamall.vn\/en\/wp-json\/wp\/v2\/types\/product"}],"replies":[{"embeddable":true,"href":"https:\/\/havamall.vn\/en\/wp-json\/wp\/v2\/comments?post=26742"}],"version-history":[{"count":0,"href":"https:\/\/havamall.vn\/en\/wp-json\/wp\/v2\/product\/26742\/revisions"}],"wp:featuredmedia":[{"embeddable":true,"href":"https:\/\/havamall.vn\/en\/wp-json\/wp\/v2\/media\/26748"}],"wp:attachment":[{"href":"https:\/\/havamall.vn\/en\/wp-json\/wp\/v2\/media?parent=26742"}],"wp:term":[{"taxonomy":"product_brand","embeddable":true,"href":"https:\/\/havamall.vn\/en\/wp-json\/wp\/v2\/product_brand?post=26742"},{"taxonomy":"product_cat","embeddable":true,"href":"https:\/\/havamall.vn\/en\/wp-json\/wp\/v2\/product_cat?post=26742"},{"taxonomy":"product_tag","embeddable":true,"href":"https:\/\/havamall.vn\/en\/wp-json\/wp\/v2\/product_tag?post=26742"}],"curies":[{"name":"wp","href":"https:\/\/api.w.org\/{rel}","templated":true}]}}