{"id":26737,"date":"2022-05-16T11:15:50","date_gmt":"2022-05-16T04:15:50","guid":{"rendered":"https:\/\/havamall.vn\/?post_type=product&#038;p=26737"},"modified":"2022-07-28T11:02:05","modified_gmt":"2022-07-28T04:02:05","slug":"set-nguyen-lieu-lam-banh-donut-havafoodies-12-cai","status":"publish","type":"product","link":"https:\/\/havamall.vn\/en\/shop\/set-nguyen-lieu-lam-banh-donut-havafoodies-12-cai\/","title":{"rendered":"Set Nguy\u00ean Li\u1ec7u L\u00e0m B\u00e1nh Donut Havafoodies (12 C\u00e1i)"},"content":{"rendered":"<p>Donut l\u00e0 m\u1ed9t lo\u1ea1i b\u00e1nh \u0111\u01b0\u1ee3c nhi\u1ec1u ng\u01b0\u1eddi y\u00eau th\u00edch \u1edf kh\u1eafp n\u01a1i tr\u00ean th\u1ebf gi\u1edbi c\u00f3 ngu\u1ed3n g\u1ed1c t\u1eeb n\u01b0\u1edbc M\u1ef9. B\u00e1nh Donut th\u01b0\u1eddng \u0111\u01b0\u1ee3c r\u00e1n ho\u1eb7c n\u01b0\u1edbng v\u00e0 d\u00f9ng nh\u01b0 m\u00f3n tr\u00e1ng mi\u1ec7ng hay m\u00f3n \u0103n v\u1eb7t th\u01b0\u1eddng ng\u00e0y. B\u00e1nh \u0111\u01b0\u1ee3c t\u1ea1o h\u00ecnh tr\u00f4ng nh\u01b0 chi\u1ebfc nh\u1eabn v\u00ec c\u00f3 h\u00ecnh tr\u00f2n v\u00e0 l\u1ed7 nh\u1ecf \u1edf gi\u1eefa. Nh\u1eefng chi\u1ebfc b\u00e1nh Donut ph\u1ee7 socola \u0111\u1ea7y m\u00e0u s\u1eafc h\u1ea5p d\u1eabn kh\u00f4ng ch\u1ec9 thu h\u00fat c\u00e1c b\u1ea1n nh\u1ecf m\u00e0 ngay c\u1ea3 ng\u01b0\u1eddi l\u1edbn c\u0169ng d\u1ec5 d\u00e0ng b\u1ecb chinh ph\u1ee5c.<\/p>\n<p>Nh\u1eefng chi\u1ebfc b\u00e1nh donut tr\u00f2n tr\u1ecba t\u1ef1a nh\u01b0 chi\u1ebfc v\u00f2ng tr\u00f2n ng\u1ecdt ng\u00e0o ph\u1ee7 \u0111\u1ea7y s\u00f4 c\u00f4 la v\u00e0 nh\u1eefng h\u1ea1t k\u1eb9o m\u00e0u s\u1eafc ch\u1eafc ch\u1eafn c\u00f3 th\u1ec3 m\u00ea ho\u1eb7c b\u1ea5t k\u1ef3 ai.<\/p>\n<p><img fetchpriority=\"high\" decoding=\"async\" class=\"wp-image-26738 aligncenter\" src=\"https:\/\/havamall.vn\/wp-content\/uploads\/2022\/05\/maxres-300x169.png\" alt=\"\" width=\"691\" height=\"389\" srcset=\"https:\/\/havamall.vn\/wp-content\/uploads\/2022\/05\/maxres-300x169.png 300w, https:\/\/havamall.vn\/wp-content\/uploads\/2022\/05\/maxres-430x242.png 430w, https:\/\/havamall.vn\/wp-content\/uploads\/2022\/05\/maxres-150x84.png 150w, https:\/\/havamall.vn\/wp-content\/uploads\/2022\/05\/maxres-700x394.png 700w, https:\/\/havamall.vn\/wp-content\/uploads\/2022\/05\/maxres-768x432.png 768w, https:\/\/havamall.vn\/wp-content\/uploads\/2022\/05\/maxres-1024x576.png 1024w, https:\/\/havamall.vn\/wp-content\/uploads\/2022\/05\/maxres-1200x675.png 1200w, https:\/\/havamall.vn\/wp-content\/uploads\/2022\/05\/maxres-600x338.png 600w, https:\/\/havamall.vn\/wp-content\/uploads\/2022\/05\/maxres.png 1280w\" sizes=\"(max-width: 691px) 100vw, 691px\" \/><\/p>\n<p>Kh\u00f4ng ch\u1ec9 l\u00e0 m\u00f3n \u0103n d\u00e0nh cho ng\u01b0\u1eddi h\u1ea3o ng\u1ecdt m\u00e0 b\u00e1nh donut c\u00f2n r\u1ea5t ti\u1ec7n l\u1ee3i cho b\u1eefa s\u00e1ng c\u1ee7a c\u00e1c b\u1ea1n v\u00ec r\u1ea5t d\u1ec5 t\u00ecm mua, c\u0169ng nh\u01b0 d\u1ec5 l\u00e0m. L\u00e0m Donut t\u01b0\u1edfng kh\u00f3 m\u00e0 d\u1ec5 v\u1edbi set nguy\u00ean li\u1ec7u c\u00f3 s\u1eb5n t\u1ea1i Havamall. H\u00e3y c\u00f9ng Havamall th\u1eed ngay c\u00f4ng th\u1ee9c v\u00e0 c\u00e1ch l\u00e0m \u0111\u01a1n gi\u1ea3n v\u1edbi combo nguy\u00ean li\u1ec7u n\u00e0y nh\u00e9.<\/p>\n<p>Set nguy\u00ean li\u1ec7u b\u00e1nh Donut\u00a0c\u1ee7a Havamall c\u00f3 \u0111\u1ea7y \u0111\u1ee7 nguy\u00eau li\u1ec7u gi\u00fap b\u1ea1n c\u00f3 th\u1ec3 b\u1eaft \u0111\u1ea7u ngay t\u1ea1i nh\u00e0 c\u1ef1c \u0111\u01a1n gi\u1ea3n v\u00e0\u00a0t\u1ed1i \u01b0u th\u1eddi gian m\u1ed9t c\u00e1ch t\u1ed1t nh\u1ea5t. So v\u1edbi vi\u1ec7c mua l\u1ebb t\u1eebng nguy\u00ean li\u1ec7u, kh\u00e2u chu\u1ea9n b\u1ecb l\u00e0m b\u1ea1n loay hoay th\u00ec\u00a0set nguy\u00ean li\u1ec7u b\u00e1nh Donut\u00a0n\u00e0y ch\u00ednh l\u00e0 l\u1ef1a ch\u1ecdn ho\u00e0n h\u1ea3o.<\/p>\n<p><img decoding=\"async\" class=\"wp-image-26739 aligncenter\" src=\"https:\/\/havamall.vn\/wp-content\/uploads\/2022\/05\/24208131568330874333838714-300x200.png\" alt=\"\" width=\"696\" height=\"464\" srcset=\"https:\/\/havamall.vn\/wp-content\/uploads\/2022\/05\/24208131568330874333838714-300x200.png 300w, https:\/\/havamall.vn\/wp-content\/uploads\/2022\/05\/24208131568330874333838714-430x287.png 430w, https:\/\/havamall.vn\/wp-content\/uploads\/2022\/05\/24208131568330874333838714-150x100.png 150w, https:\/\/havamall.vn\/wp-content\/uploads\/2022\/05\/24208131568330874333838714-700x467.png 700w, https:\/\/havamall.vn\/wp-content\/uploads\/2022\/05\/24208131568330874333838714-768x512.png 768w, https:\/\/havamall.vn\/wp-content\/uploads\/2022\/05\/24208131568330874333838714-1024x682.png 1024w, https:\/\/havamall.vn\/wp-content\/uploads\/2022\/05\/24208131568330874333838714-1200x800.png 1200w, https:\/\/havamall.vn\/wp-content\/uploads\/2022\/05\/24208131568330874333838714-600x400.png 600w, https:\/\/havamall.vn\/wp-content\/uploads\/2022\/05\/24208131568330874333838714.png 2000w\" sizes=\"(max-width: 696px) 100vw, 696px\" \/><\/p>\n<h3><strong>Combo l\u00e0m b\u00e1nh donut nh\u00e0 Havamall bao g\u1ed3m:<\/strong><\/h3>\n<p>&#8211; 1 b\u1ed9 mu\u1ed7ng \u0111o l\u01b0\u1eddng<\/p>\n<p>&#8211; 1 g\u00f3i men n\u1edf 20g<\/p>\n<p>&#8211; 1 g\u00f3i b\u1ed9t n\u1edf 20g<\/p>\n<p>&#8211; 1 g\u00f3i c\u1ed1m trang tr\u00ed b\u00e1nh<\/p>\n<p>&#8211; 1 t\u00fai h\u1ea1t h\u1ea1nh nh\u00e2n 30g<\/p>\n<p>&#8211; 1 tu\u00fdp s\u1eefa \u0111\u1eb7c socola<\/p>\n<p>&#8211; 1 t\u00fai b\u1ed9t tr\u1ed9n s\u1eb5n<\/p>\n<p>&#8211; C\u00e1c d\u1ee5ng c\u1ee5 l\u00e0m b\u00e1nh bao g\u1ed3m 1 c\u1ecd qu\u00e9t d\u1ea7u, 1 c\u00e2y v\u00e9t b\u1ed9t,\u00a0 1 c\u00e2y \u0111\u00e1nh tr\u1ee9ng, 1 c\u00e2y l\u0103n b\u1ed9t<\/p>\n<p>&#8211; 1 x\u1ea5p gi\u1ea5y n\u1ebfn<\/p>\n<p><img decoding=\"async\" class=\"wp-image-26740 aligncenter\" src=\"https:\/\/havamall.vn\/wp-content\/uploads\/2022\/05\/ffdc6350fca-300x248.jpg\" alt=\"\" width=\"714\" height=\"590\" srcset=\"https:\/\/havamall.vn\/wp-content\/uploads\/2022\/05\/ffdc6350fca-300x248.jpg 300w, https:\/\/havamall.vn\/wp-content\/uploads\/2022\/05\/ffdc6350fca-430x356.jpg 430w, https:\/\/havamall.vn\/wp-content\/uploads\/2022\/05\/ffdc6350fca-150x124.jpg 150w, https:\/\/havamall.vn\/wp-content\/uploads\/2022\/05\/ffdc6350fca-700x579.jpg 700w, https:\/\/havamall.vn\/wp-content\/uploads\/2022\/05\/ffdc6350fca-768x636.jpg 768w, https:\/\/havamall.vn\/wp-content\/uploads\/2022\/05\/ffdc6350fca-1024x848.jpg 1024w, https:\/\/havamall.vn\/wp-content\/uploads\/2022\/05\/ffdc6350fca-1200x993.jpg 1200w, https:\/\/havamall.vn\/wp-content\/uploads\/2022\/05\/ffdc6350fca-600x497.jpg 600w\" sizes=\"(max-width: 714px) 100vw, 714px\" \/><\/p>","protected":false},"excerpt":{"rendered":"<p>Donut l\u00e0 m\u1ed9t lo\u1ea1i b\u00e1nh \u0111\u01b0\u1ee3c nhi\u1ec1u ng\u01b0\u1eddi y\u00eau th\u00edch \u1edf kh\u1eafp n\u01a1i tr\u00ean th\u1ebf gi\u1edbi c\u00f3 ngu\u1ed3n g\u1ed1c t\u1eeb<\/p>","protected":false},"featured_media":26741,"comment_status":"open","ping_status":"closed","template":"","meta":[],"product_brand":[],"product_cat":[255,40,36],"product_tag":[],"class_list":{"0":"post-26737","1":"product","2":"type-product","3":"status-publish","4":"has-post-thumbnail","6":"product_cat-nguyen-lieu-lam-banh","7":"product_cat-sieuthi-giasi","8":"product_cat-thuc-pham-tieu-dung","10":"first","11":"instock","12":"sale","13":"shipping-taxable","14":"purchasable","15":"product-type-simple"},"_links":{"self":[{"href":"https:\/\/havamall.vn\/en\/wp-json\/wp\/v2\/product\/26737"}],"collection":[{"href":"https:\/\/havamall.vn\/en\/wp-json\/wp\/v2\/product"}],"about":[{"href":"https:\/\/havamall.vn\/en\/wp-json\/wp\/v2\/types\/product"}],"replies":[{"embeddable":true,"href":"https:\/\/havamall.vn\/en\/wp-json\/wp\/v2\/comments?post=26737"}],"version-history":[{"count":0,"href":"https:\/\/havamall.vn\/en\/wp-json\/wp\/v2\/product\/26737\/revisions"}],"wp:featuredmedia":[{"embeddable":true,"href":"https:\/\/havamall.vn\/en\/wp-json\/wp\/v2\/media\/26741"}],"wp:attachment":[{"href":"https:\/\/havamall.vn\/en\/wp-json\/wp\/v2\/media?parent=26737"}],"wp:term":[{"taxonomy":"product_brand","embeddable":true,"href":"https:\/\/havamall.vn\/en\/wp-json\/wp\/v2\/product_brand?post=26737"},{"taxonomy":"product_cat","embeddable":true,"href":"https:\/\/havamall.vn\/en\/wp-json\/wp\/v2\/product_cat?post=26737"},{"taxonomy":"product_tag","embeddable":true,"href":"https:\/\/havamall.vn\/en\/wp-json\/wp\/v2\/product_tag?post=26737"}],"curies":[{"name":"wp","href":"https:\/\/api.w.org\/{rel}","templated":true}]}}