{"id":26732,"date":"2022-05-16T10:48:22","date_gmt":"2022-05-16T03:48:22","guid":{"rendered":"https:\/\/havamall.vn\/?post_type=product&#038;p=26732"},"modified":"2022-07-28T11:03:03","modified_gmt":"2022-07-28T04:03:03","slug":"set-nguyen-lieu-lam-banh-mi-nguyen-cam-havafoodies-dung-cho-3-nguoi","status":"publish","type":"product","link":"https:\/\/havamall.vn\/en\/shop\/set-nguyen-lieu-lam-banh-mi-nguyen-cam-havafoodies-dung-cho-3-nguoi\/","title":{"rendered":"Set Nguy\u00ean Li\u1ec7u L\u00e0m B\u00e1nh M\u00ec Nguy\u00ean C\u00e1m Havafoodies (D\u00f9ng Cho 3 Ng\u01b0\u1eddi)"},"content":{"rendered":"<p style=\"text-align: left\">B\u00e1nh m\u00ec nguy\u00ean c\u00e1m \u0111\u01b0\u1ee3c l\u00e0m t\u1eeb b\u1ed9t m\u00ec nguy\u00ean c\u00e1m, l\u00e0 b\u1ed9t xay t\u1eeb l\u00faa m\u00ec nguy\u00ean h\u1ea1t v\u1edbi l\u1edbp c\u00e1m v\u00e0 m\u1ea7m. Ch\u00fang c\u00f3 m\u00e0u n\u00e2u s\u1eabm v\u00e0 v\u1ecb \u00edt ng\u1ecdt h\u01a1n, nh\u01b0ng th\u01a1m h\u01a1n so v\u1edbi b\u1ed9t m\u00ec tr\u1eafng. B\u1ed9t m\u00ec nguy\u00ean c\u00e1m gi\u1eef l\u1ea1i to\u00e0n b\u1ed9 c\u00e1c ch\u1ea5t dinh d\u01b0\u1ee1ng v\u00e0 h\u01b0\u01a1ng v\u1ecb nguy\u00ean b\u1ea3n c\u1ee7a l\u00faa m\u00ec.<\/p>\n<p style=\"text-align: left\">B\u00e1nh m\u00ec nguy\u00ean c\u00e1m hi\u1ec7n \u0111ang \u0111\u01b0\u1ee3c xem l\u00e0 m\u1ed9t xu h\u01b0\u1edbng th\u1ef1c ph\u1ea9m hi\u1ec7n \u0111\u1ea1i, \u0111\u1eb7c bi\u1ec7t l\u00e0 khi tr\u00e0o l\u01b0u th\u1ef1c \u0111\u01a1n\u00a0low carb\u00a0v\u00e0\u00a0eat clean\u00a0\u0111ang ng\u00e0y c\u00e0ng th\u1ecbnh h\u00e0nh, v\u00ec ch\u00fang\u00a0c\u00f3 th\u00e0nh ph\u1ea7n dinh d\u01b0\u1ee1ng cao v\u00e0 c\u00f3 l\u1ee3i cho s\u1ee9c kh\u1ecfe h\u01a1n so v\u1edbi b\u00e1nh m\u00ec tr\u1eafng.<img fetchpriority=\"high\" decoding=\"async\" class=\"wp-image-26733 aligncenter\" src=\"https:\/\/havamall.vn\/wp-content\/uploads\/2022\/05\/b\u1ed9t-l\u00faa--300x180.png\" alt=\"\" width=\"710\" height=\"426\" srcset=\"https:\/\/havamall.vn\/wp-content\/uploads\/2022\/05\/b\u1ed9t-l\u00faa--300x180.png 300w, https:\/\/havamall.vn\/wp-content\/uploads\/2022\/05\/b\u1ed9t-l\u00faa--430x258.png 430w, https:\/\/havamall.vn\/wp-content\/uploads\/2022\/05\/b\u1ed9t-l\u00faa--150x90.png 150w, https:\/\/havamall.vn\/wp-content\/uploads\/2022\/05\/b\u1ed9t-l\u00faa--700x420.png 700w, https:\/\/havamall.vn\/wp-content\/uploads\/2022\/05\/b\u1ed9t-l\u00faa--768x461.png 768w, https:\/\/havamall.vn\/wp-content\/uploads\/2022\/05\/b\u1ed9t-l\u00faa--1024x614.png 1024w, https:\/\/havamall.vn\/wp-content\/uploads\/2022\/05\/b\u1ed9t-l\u00faa--1200x720.png 1200w, https:\/\/havamall.vn\/wp-content\/uploads\/2022\/05\/b\u1ed9t-l\u00faa--600x360.png 600w, https:\/\/havamall.vn\/wp-content\/uploads\/2022\/05\/b\u1ed9t-l\u00faa-.png 1240w\" sizes=\"(max-width: 710px) 100vw, 710px\" \/><\/p>\n<p style=\"text-align: left\">Mu\u1ed1n l\u00e0m m\u1ed9t chi\u1ebfc b\u00e1nh m\u00ec tuy\u1ec7t h\u1ea3o, ch\u1eafc ch\u1eafn b\u1ea1n kh\u00f4ng th\u1ec3 kh\u00f4ng ch\u00fa \u00fd t\u1edbi nguy\u00ean li\u1ec7u quan tr\u1ecdng &#8211; b\u1ed9t m\u00ec.\u00a0Nh\u01b0ng mu\u1ed1n l\u00e0m ra b\u1ea5t k\u1ec3 lo\u1ea1i b\u00e1nh n\u00e0o m\u00e0 th\u00e0nh ph\u1ea9m th\u01a1m ngon, ho\u00e0n h\u1ea3o th\u00ec \u0111i\u1ec1u \u0111\u1ea7u ti\u00ean l\u00e0 b\u1ea1n ph\u1ea3i hi\u1ec3u r\u00f5 v\u1ec1 c\u00e1c nguy\u00ean li\u1ec7u \u0111\u1ec3 l\u00e0m ra chi\u1ebfc b\u00e1nh \u0111\u00f3. Ch\u1ec9 c\u1ea7n l\u1ef1a ch\u1ecdn sai lo\u1ea1i b\u1ed9t, sai lo\u1ea1i s\u1eefa,\u2026 l\u00e0 c\u00f3 th\u1ec3 \u1ea3nh h\u01b0\u1edfng \u0111\u1ebfn h\u01b0\u01a1ng v\u1ecb, th\u1eadm ch\u00ed l\u00e0 khi\u1ebfn cho chi\u1ebfc b\u00e1nh b\u1ecb th\u1ea5t b\u1ea1i.<\/p>\n<p style=\"text-align: left\">Hi\u1ec3u r\u00f5 \u0111\u01b0\u1ee3c s\u1ef1 quan tr\u1ecdng c\u1ee7a c\u00e1c\u00a0nguy\u00ean li\u1ec7u l\u00e0m b\u00e1nh m\u00ec nguy\u00ean c\u00e1m \u0111\u1ed1i v\u1edbi k\u1ebft qu\u1ea3 c\u1ee7a c\u00f4ng th\u1ee9c,\u00a0Havamall\u00a0s\u1ebd g\u1eedi t\u1edbi c\u00e1c b\u1ea1n m\u1ed9t set\u00a0nguy\u00ean li\u1ec7u l\u00e0m b\u00e1nh cupcake c\u01a1 b\u1ea3n cho ng\u01b0\u1eddi m\u1edbi b\u1eaft \u0111\u1ea7u.<\/p>\n<p><img decoding=\"async\" class=\"wp-image-26734 aligncenter\" src=\"https:\/\/havamall.vn\/wp-content\/uploads\/2022\/05\/b5-10-300x161.png\" alt=\"\" width=\"714\" height=\"383\" srcset=\"https:\/\/havamall.vn\/wp-content\/uploads\/2022\/05\/b5-10-300x161.png 300w, https:\/\/havamall.vn\/wp-content\/uploads\/2022\/05\/b5-10-430x231.png 430w, https:\/\/havamall.vn\/wp-content\/uploads\/2022\/05\/b5-10-150x81.png 150w, https:\/\/havamall.vn\/wp-content\/uploads\/2022\/05\/b5-10-768x413.png 768w, https:\/\/havamall.vn\/wp-content\/uploads\/2022\/05\/b5-10.png 1024w, https:\/\/havamall.vn\/wp-content\/uploads\/2022\/05\/b5-10-600x323.png 600w\" sizes=\"(max-width: 714px) 100vw, 714px\" \/><\/p>\n<h3><strong>Combo l\u00e0m b\u00e1nh m\u00ec nguy\u00ean c\u00e1m nh\u00e0 Havamall bao g\u1ed3m:<\/strong><\/h3>\n<p>&#8211; 1 b\u1ed9 mu\u1ed7ng \u0111o l\u01b0\u1eddng<\/p>\n<p>&#8211; 1 g\u00f3i men n\u1edf 20g<\/p>\n<p>&#8211; 1 g\u00f3i b\u1ed9t n\u1edf 20g<\/p>\n<p>&#8211; 1 l\u1ecd tinh ch\u1ea5t vani<\/p>\n<p>&#8211; 1 t\u00fai h\u1ea1t h\u1ea1nh nh\u00e2n 30g<\/p>\n<p>&#8211; 1 t\u00fai b\u1ed9t tr\u1ed9n s\u1eb5n<\/p>\n<p>&#8211; C\u00e1c d\u1ee5ng c\u1ee5 l\u00e0m b\u00e1nh bao g\u1ed3n 1 c\u1ecd qu\u00e9t d\u1ea7u, 1 c\u00e2y v\u00e9t b\u1ed9t , 1 c\u00e2y \u0111\u00e1nh tr\u1ee9ng, 1 c\u00e2y l\u0103n b\u1ed9t<\/p>\n<p>&#8211; 1 x\u1ea5p gi\u1ea5y n\u1ebfn<\/p>\n<p><img decoding=\"async\" class=\"wp-image-26735 aligncenter\" src=\"https:\/\/havamall.vn\/wp-content\/uploads\/2022\/05\/651d1470a-300x252.jpg\" alt=\"\" width=\"725\" height=\"609\" srcset=\"https:\/\/havamall.vn\/wp-content\/uploads\/2022\/05\/651d1470a-300x252.jpg 300w, https:\/\/havamall.vn\/wp-content\/uploads\/2022\/05\/651d1470a-430x361.jpg 430w, https:\/\/havamall.vn\/wp-content\/uploads\/2022\/05\/651d1470a-150x126.jpg 150w, https:\/\/havamall.vn\/wp-content\/uploads\/2022\/05\/651d1470a-700x587.jpg 700w, https:\/\/havamall.vn\/wp-content\/uploads\/2022\/05\/651d1470a-768x644.jpg 768w, https:\/\/havamall.vn\/wp-content\/uploads\/2022\/05\/651d1470a-1024x859.jpg 1024w, https:\/\/havamall.vn\/wp-content\/uploads\/2022\/05\/651d1470a-1200x1007.jpg 1200w, https:\/\/havamall.vn\/wp-content\/uploads\/2022\/05\/651d1470a-600x503.jpg 600w\" sizes=\"(max-width: 725px) 100vw, 725px\" \/><\/p>","protected":false},"excerpt":{"rendered":"<p>B\u00e1nh m\u00ec nguy\u00ean c\u00e1m \u0111\u01b0\u1ee3c l\u00e0m t\u1eeb b\u1ed9t m\u00ec nguy\u00ean c\u00e1m, l\u00e0 b\u1ed9t xay t\u1eeb l\u00faa m\u00ec nguy\u00ean h\u1ea1t v\u1edbi<\/p>","protected":false},"featured_media":26736,"comment_status":"open","ping_status":"closed","template":"","meta":[],"product_brand":[],"product_cat":[255,40,36],"product_tag":[],"class_list":{"0":"post-26732","1":"product","2":"type-product","3":"status-publish","4":"has-post-thumbnail","6":"product_cat-nguyen-lieu-lam-banh","7":"product_cat-sieuthi-giasi","8":"product_cat-thuc-pham-tieu-dung","10":"first","11":"instock","12":"sale","13":"shipping-taxable","14":"purchasable","15":"product-type-simple"},"_links":{"self":[{"href":"https:\/\/havamall.vn\/en\/wp-json\/wp\/v2\/product\/26732"}],"collection":[{"href":"https:\/\/havamall.vn\/en\/wp-json\/wp\/v2\/product"}],"about":[{"href":"https:\/\/havamall.vn\/en\/wp-json\/wp\/v2\/types\/product"}],"replies":[{"embeddable":true,"href":"https:\/\/havamall.vn\/en\/wp-json\/wp\/v2\/comments?post=26732"}],"version-history":[{"count":0,"href":"https:\/\/havamall.vn\/en\/wp-json\/wp\/v2\/product\/26732\/revisions"}],"wp:featuredmedia":[{"embeddable":true,"href":"https:\/\/havamall.vn\/en\/wp-json\/wp\/v2\/media\/26736"}],"wp:attachment":[{"href":"https:\/\/havamall.vn\/en\/wp-json\/wp\/v2\/media?parent=26732"}],"wp:term":[{"taxonomy":"product_brand","embeddable":true,"href":"https:\/\/havamall.vn\/en\/wp-json\/wp\/v2\/product_brand?post=26732"},{"taxonomy":"product_cat","embeddable":true,"href":"https:\/\/havamall.vn\/en\/wp-json\/wp\/v2\/product_cat?post=26732"},{"taxonomy":"product_tag","embeddable":true,"href":"https:\/\/havamall.vn\/en\/wp-json\/wp\/v2\/product_tag?post=26732"}],"curies":[{"name":"wp","href":"https:\/\/api.w.org\/{rel}","templated":true}]}}