{"id":26727,"date":"2022-05-16T10:08:31","date_gmt":"2022-05-16T03:08:31","guid":{"rendered":"https:\/\/havamall.vn\/?post_type=product&#038;p=26727"},"modified":"2022-07-28T11:04:08","modified_gmt":"2022-07-28T04:04:08","slug":"set-nguyen-lieu-lam-banh-bo-havafoodies-dung-cho-3-4-nguoi","status":"publish","type":"product","link":"https:\/\/havamall.vn\/en\/shop\/set-nguyen-lieu-lam-banh-bo-havafoodies-dung-cho-3-4-nguoi\/","title":{"rendered":"Set Nguy\u00ean Li\u1ec7u L\u00e0m B\u00e1nh B\u00f2 Havafoodies (D\u00f9ng cho 3-4 Ng\u01b0\u1eddi)"},"content":{"rendered":"<p>B\u00e1nh b\u00f2 l\u00e0m t\u1eeb b\u1ed9t g\u1ea1o \u0111\u00e3 khi\u1ebfn cho nhi\u1ec1u ng\u01b0\u1eddi m\u00ea m\u1ea9n. M\u00f3n b\u00e1nh m\u1ec1m dai, th\u01a1m ngon n\u00e0y m\u00e0 d\u00f9ng \u0111\u1ec3 nh\u00e2m nhi nh\u1eefng l\u00fac r\u1ea3nh r\u1ed7i th\u00ec kh\u00f4ng g\u00ec tuy\u1ec7t v\u1eddi b\u1eb1ng.<\/p>\n<p>Nh\u1eafc \u0111\u1ebfn m\u00f3n \u0103n g\u1eafn li\u1ec1n v\u1edbi tu\u1ed5i th\u01a1 c\u1ee7a nhi\u1ec1u ng\u01b0\u1eddi nh\u1ea5t ph\u1ea3i k\u1ec3 \u0111\u1ebfn b\u00e1nh b\u00f2. Kh\u00f4ng qu\u00e1 c\u1ea7u k\u1ef3 trong c\u00e1ch l\u00e0m, c\u0169ng kh\u00f4ng \u0111\u00f2i h\u1ecfi ph\u1ea3i t\u1ed1n nhi\u1ec1u th\u1eddi gian v\u00e0 c\u00f4ng s\u1ee9c,\u00a0m\u00f3n b\u00e1nh b\u00f2\u00a0ngon l\u00e0nh n\u00e0y \u0111\u00e3 tr\u1edf n\u00ean r\u1ea5t th\u00e2n thu\u1ed9c v\u1edbi ng\u01b0\u1eddi Vi\u1ec7t.<\/p>\n<p><img fetchpriority=\"high\" decoding=\"async\" class=\"wp-image-26728 aligncenter\" src=\"https:\/\/havamall.vn\/wp-content\/uploads\/2022\/05\/1-1200x667-300x167.jpg\" alt=\"\" width=\"678\" height=\"377\" srcset=\"https:\/\/havamall.vn\/wp-content\/uploads\/2022\/05\/1-1200x667-300x167.jpg 300w, https:\/\/havamall.vn\/wp-content\/uploads\/2022\/05\/1-1200x667-430x239.jpg 430w, https:\/\/havamall.vn\/wp-content\/uploads\/2022\/05\/1-1200x667-150x83.jpg 150w, https:\/\/havamall.vn\/wp-content\/uploads\/2022\/05\/1-1200x667-700x389.jpg 700w, https:\/\/havamall.vn\/wp-content\/uploads\/2022\/05\/1-1200x667-768x427.jpg 768w, https:\/\/havamall.vn\/wp-content\/uploads\/2022\/05\/1-1200x667-1024x569.jpg 1024w, https:\/\/havamall.vn\/wp-content\/uploads\/2022\/05\/1-1200x667.jpg 1200w, https:\/\/havamall.vn\/wp-content\/uploads\/2022\/05\/1-1200x667-600x334.jpg 600w\" sizes=\"(max-width: 678px) 100vw, 678px\" \/><\/p>\n<p>Ng\u00e0y nay, thay v\u00ec mua b\u00e1nh \u1edf b\u00ean ngo\u00e0i, b\u1ea1n c\u0169ng c\u00f3 th\u1ec3 t\u1ef1 l\u00e0m\u00a0b\u00e1nh b\u00f2 \u1edf nh\u00e0 v\u1edbi set nguy\u00ean li\u1ec7u l\u00e0m b\u00e1nh b\u00f2 nh\u00e0 Havamall. Ch\u1eafc ch\u1eafn b\u1ea1n s\u1ebd c\u00f3 nh\u1eefng chi\u1ebfc b\u00e1nh th\u1eadt th\u01a1m ngon v\u00e0 h\u1ea5p d\u1eabn.<\/p>\n<p>M\u1ed9t combo l\u00e0m b\u00e1nh ho\u00e0n ch\u1ec9nh nh\u00e0 Havamall s\u1ebd cung c\u1ea5p cho b\u1ea1n \u0111\u1ea7y \u0111\u1ee7 c\u00e1c nguy\u00ean li\u1ec7u v\u00e0 d\u1ee5ng c\u1ee5 c\u1ea7n thi\u1ebft b\u00ean c\u1ea1nh c\u00e1c nguy\u00ean li\u1ec7u v\u00e0 d\u1ee5ng c\u1ee5 quen thu\u1ed9c m\u00e0 d\u01b0\u1eddng nh\u01b0 nh\u00e0 n\u00e0o c\u0169ng c\u00f3.<\/p>\n<p><img decoding=\"async\" class=\"wp-image-26729 aligncenter\" src=\"https:\/\/havamall.vn\/wp-content\/uploads\/2022\/05\/315e78f8921cd53b81633a209674cda7-300x300.jpg\" alt=\"\" width=\"678\" height=\"678\" srcset=\"https:\/\/havamall.vn\/wp-content\/uploads\/2022\/05\/315e78f8921cd53b81633a209674cda7-300x300.jpg 300w, https:\/\/havamall.vn\/wp-content\/uploads\/2022\/05\/315e78f8921cd53b81633a209674cda7-430x430.jpg 430w, https:\/\/havamall.vn\/wp-content\/uploads\/2022\/05\/315e78f8921cd53b81633a209674cda7-150x150.jpg 150w, https:\/\/havamall.vn\/wp-content\/uploads\/2022\/05\/315e78f8921cd53b81633a209674cda7-700x700.jpg 700w, https:\/\/havamall.vn\/wp-content\/uploads\/2022\/05\/315e78f8921cd53b81633a209674cda7-768x768.jpg 768w, https:\/\/havamall.vn\/wp-content\/uploads\/2022\/05\/315e78f8921cd53b81633a209674cda7-600x600.jpg 600w, https:\/\/havamall.vn\/wp-content\/uploads\/2022\/05\/315e78f8921cd53b81633a209674cda7-100x100.jpg 100w, https:\/\/havamall.vn\/wp-content\/uploads\/2022\/05\/315e78f8921cd53b81633a209674cda7.jpg 1024w\" sizes=\"(max-width: 678px) 100vw, 678px\" \/><\/p>\n<h3><strong>Combo l\u00e0m b\u00e1nh b\u00f2 bao g\u1ed3m:<\/strong><\/h3>\n<p>&#8211; 1 b\u1ed9 mu\u1ed7ng \u0111o l\u01b0\u1eddng<\/p>\n<p>&#8211; 1 g\u00f3i men n\u1edf 20g<\/p>\n<p>&#8211; 1 l\u1ecd tinh ch\u1ea5t l\u00e1 d\u1ee9a<\/p>\n<p>&#8211; 1 chai tinh ch\u1ea5t vani<\/p>\n<p>&#8211; 1 h\u1ed9p n\u01b0\u1edbc c\u1ed1t d\u1eeba Vico Rich 330ml<\/p>\n<p>&#8211; 1 t\u00fai b\u1ed9t tr\u1ed9n s\u1eb5n<\/p>\n<p>&#8211; 1 t\u00fai \u0111\u01b0\u1eddng \u0111en \u0110\u00e0i Loan 100g<\/p>\n<p>B\u1ea1n ch\u1ec9 c\u1ea7n chu\u1ea9n b\u1ecb th\u00eam 2 c\u00e1i tr\u1ee9ng g\u00e0, n\u01b0\u1edbc v\u00e0 l\u00e0m th\u1eadt ch\u00ednh x\u00e1c theo \u0111\u00fang h\u01b0\u1edbng d\u1eabn s\u1eed d\u1ee5ng \u0111i k\u00e8m l\u00e0 \u0111\u00e3 c\u00f3 th\u1ec3 ch\u1eafc ch\u1eafn r\u1eb1ng m\u00ecnh s\u1ebd n\u01b0\u1edbng \u0111\u01b0\u1ee3c m\u1ed9t chi\u1ebfc b\u00e1nh th\u00e0nh c\u00f4ng.<\/p>\n<p><img decoding=\"async\" class=\"wp-image-26730 aligncenter\" src=\"https:\/\/havamall.vn\/wp-content\/uploads\/2022\/05\/fe7564f9bf037e5d2712-300x232.jpg\" alt=\"\" width=\"701\" height=\"542\" srcset=\"https:\/\/havamall.vn\/wp-content\/uploads\/2022\/05\/fe7564f9bf037e5d2712-300x232.jpg 300w, https:\/\/havamall.vn\/wp-content\/uploads\/2022\/05\/fe7564f9bf037e5d2712-430x333.jpg 430w, https:\/\/havamall.vn\/wp-content\/uploads\/2022\/05\/fe7564f9bf037e5d2712-150x116.jpg 150w, https:\/\/havamall.vn\/wp-content\/uploads\/2022\/05\/fe7564f9bf037e5d2712-700x542.jpg 700w, https:\/\/havamall.vn\/wp-content\/uploads\/2022\/05\/fe7564f9bf037e5d2712-768x595.jpg 768w, https:\/\/havamall.vn\/wp-content\/uploads\/2022\/05\/fe7564f9bf037e5d2712-1024x793.jpg 1024w, https:\/\/havamall.vn\/wp-content\/uploads\/2022\/05\/fe7564f9bf037e5d2712-1200x930.jpg 1200w, https:\/\/havamall.vn\/wp-content\/uploads\/2022\/05\/fe7564f9bf037e5d2712-600x465.jpg 600w\" sizes=\"(max-width: 701px) 100vw, 701px\" \/><\/p>","protected":false},"excerpt":{"rendered":"<p>B\u00e1nh b\u00f2 l\u00e0m t\u1eeb b\u1ed9t g\u1ea1o \u0111\u00e3 khi\u1ebfn cho nhi\u1ec1u ng\u01b0\u1eddi m\u00ea m\u1ea9n. M\u00f3n b\u00e1nh m\u1ec1m dai, th\u01a1m ngon n\u00e0y<\/p>","protected":false},"featured_media":26731,"comment_status":"open","ping_status":"closed","template":"","meta":[],"product_brand":[],"product_cat":[255,40,36],"product_tag":[],"class_list":{"0":"post-26727","1":"product","2":"type-product","3":"status-publish","4":"has-post-thumbnail","6":"product_cat-nguyen-lieu-lam-banh","7":"product_cat-sieuthi-giasi","8":"product_cat-thuc-pham-tieu-dung","10":"first","11":"instock","12":"sale","13":"shipping-taxable","14":"purchasable","15":"product-type-simple"},"_links":{"self":[{"href":"https:\/\/havamall.vn\/en\/wp-json\/wp\/v2\/product\/26727"}],"collection":[{"href":"https:\/\/havamall.vn\/en\/wp-json\/wp\/v2\/product"}],"about":[{"href":"https:\/\/havamall.vn\/en\/wp-json\/wp\/v2\/types\/product"}],"replies":[{"embeddable":true,"href":"https:\/\/havamall.vn\/en\/wp-json\/wp\/v2\/comments?post=26727"}],"version-history":[{"count":0,"href":"https:\/\/havamall.vn\/en\/wp-json\/wp\/v2\/product\/26727\/revisions"}],"wp:featuredmedia":[{"embeddable":true,"href":"https:\/\/havamall.vn\/en\/wp-json\/wp\/v2\/media\/26731"}],"wp:attachment":[{"href":"https:\/\/havamall.vn\/en\/wp-json\/wp\/v2\/media?parent=26727"}],"wp:term":[{"taxonomy":"product_brand","embeddable":true,"href":"https:\/\/havamall.vn\/en\/wp-json\/wp\/v2\/product_brand?post=26727"},{"taxonomy":"product_cat","embeddable":true,"href":"https:\/\/havamall.vn\/en\/wp-json\/wp\/v2\/product_cat?post=26727"},{"taxonomy":"product_tag","embeddable":true,"href":"https:\/\/havamall.vn\/en\/wp-json\/wp\/v2\/product_tag?post=26727"}],"curies":[{"name":"wp","href":"https:\/\/api.w.org\/{rel}","templated":true}]}}