{"id":26718,"date":"2022-05-13T17:29:42","date_gmt":"2022-05-13T10:29:42","guid":{"rendered":"https:\/\/havamall.vn\/?post_type=product&#038;p=26718"},"modified":"2023-10-11T15:41:09","modified_gmt":"2023-10-11T08:41:09","slug":"set-nguyen-lieu-lam-banh-cupcake-havafoodies-12-cai","status":"publish","type":"product","link":"https:\/\/havamall.vn\/en\/shop\/set-nguyen-lieu-lam-banh-cupcake-havafoodies-12-cai\/","title":{"rendered":"Set Nguy\u00ean Li\u1ec7u L\u00e0m B\u00e1nh Cupcake Havafoodies (12 C\u00e1i)"},"content":{"rendered":"<p>B\u00e1nh cupcake v\u1eeba ngon, v\u1eeba \u0111\u1eb9p m\u1eaft, b\u1ea1n c\u00f3 th\u1ec3 d\u00f9ng n\u00f3 t\u1eb7ng b\u1ea1n b\u00e8, ng\u01b0\u1eddi th\u00e2n trong c\u00e1c d\u1ecbp l\u1ec5 ho\u1eb7c trang tr\u00ed c\u00e1c b\u1eefa ti\u1ec7c.N\u1ebfu \u0111ang kinh doanh qu\u00e1n caf\u00e9, b\u1ea1n c\u0169ng c\u00f3 th\u1ec3 xem x\u00e9t v\u00e0 \u0111\u01b0a em n\u00f3 v\u00e0o th\u1ef1c \u0111\u01a1n nh\u00e9. Chu\u1ea9n cost \u00edt, l\u00e3i cao.<\/p>\n<p>\u0110\u1eb7c bi\u1ec7t, b\u00e1nh cupcake c\u00f3 h\u00e0m l\u01b0\u1ee3ng dinh d\u01b0\u1ee1ng cao, l\u00e0m t\u1eeb nh\u1eefng nguy\u00ean li\u1ec7u l\u00e0nh m\u1ea1nh n\u00ean b\u1ea1n c\u00f3 th\u1ec3 \u0103n th\u01b0\u1eddng xuy\u00ean, d\u00f9ng l\u00e0m b\u1eefa s\u00e1ng hay s\u1eefa ph\u1ee5 \u0111\u1ec1u \u0111\u01b0\u1ee3c.<\/p>\n<p><img fetchpriority=\"high\" decoding=\"async\" class=\"wp-image-26722 aligncenter\" src=\"https:\/\/havamall.vn\/wp-content\/uploads\/2022\/05\/banh-cupcake-socola-300x169.jpeg\" alt=\"\" width=\"733\" height=\"413\" srcset=\"https:\/\/havamall.vn\/wp-content\/uploads\/2022\/05\/banh-cupcake-socola-300x169.jpeg 300w, https:\/\/havamall.vn\/wp-content\/uploads\/2022\/05\/banh-cupcake-socola-430x242.jpeg 430w, https:\/\/havamall.vn\/wp-content\/uploads\/2022\/05\/banh-cupcake-socola-150x84.jpeg 150w, https:\/\/havamall.vn\/wp-content\/uploads\/2022\/05\/banh-cupcake-socola-700x394.jpeg 700w, https:\/\/havamall.vn\/wp-content\/uploads\/2022\/05\/banh-cupcake-socola-768x432.jpeg 768w, https:\/\/havamall.vn\/wp-content\/uploads\/2022\/05\/banh-cupcake-socola-1024x576.jpeg 1024w, https:\/\/havamall.vn\/wp-content\/uploads\/2022\/05\/banh-cupcake-socola-1200x675.jpeg 1200w, https:\/\/havamall.vn\/wp-content\/uploads\/2022\/05\/banh-cupcake-socola-600x338.jpeg 600w, https:\/\/havamall.vn\/wp-content\/uploads\/2022\/05\/banh-cupcake-socola.jpeg 1600w\" sizes=\"(max-width: 733px) 100vw, 733px\" \/><\/p>\n<p>M\u1ed9t lo\u1ea1i b\u00e1nh ngon \u2013 \u0111\u1eb9p \u2013 r\u1ebb l\u1ea1i c\u00f2n t\u1ed1t cho s\u1ee9c kh\u1ecfe, v\u1eady b\u1ea1n c\u00f2n ch\u1ea7n ch\u1eeb g\u00ec m\u00e0 kh\u00f4ng th\u1eed tr\u1ed5 t\u00e0i l\u00e0m cho nh\u1eefng ng\u01b0\u1eddi th\u00e2n y\u00eau. Nh\u01b0ng mu\u1ed1n l\u00e0m ra b\u1ea5t k\u1ec3 lo\u1ea1i b\u00e1nh n\u00e0o m\u00e0 th\u00e0nh ph\u1ea9m th\u01a1m ngon, ho\u00e0n h\u1ea3o th\u00ec \u0111i\u1ec1u \u0111\u1ea7u ti\u00ean l\u00e0 b\u1ea1n ph\u1ea3i hi\u1ec3u r\u00f5 v\u1ec1 c\u00e1c nguy\u00ean li\u1ec7u \u0111\u1ec3 l\u00e0m ra chi\u1ebfc b\u00e1nh \u0111\u00f3. Ch\u1ec9 c\u1ea7n l\u1ef1a ch\u1ecdn sai lo\u1ea1i b\u1ed9t, sai lo\u1ea1i s\u1eefa,&#8230; l\u00e0 c\u00f3 th\u1ec3 \u1ea3nh h\u01b0\u1edfng \u0111\u1ebfn h\u01b0\u01a1ng v\u1ecb, th\u1eadm ch\u00ed l\u00e0 khi\u1ebfn cho chi\u1ebfc b\u00e1nh b\u1ecb th\u1ea5t b\u1ea1i.<\/p>\n<p>Hi\u1ec3u r\u00f5 \u0111\u01b0\u1ee3c s\u1ef1 quan tr\u1ecdng c\u1ee7a c\u00e1c\u00a0nguy\u00ean li\u1ec7u l\u00e0m b\u00e1nh cupcake \u0111\u1ed1i v\u1edbi k\u1ebft qu\u1ea3 c\u1ee7a c\u00f4ng th\u1ee9c,\u00a0Havamall\u00a0s\u1ebd g\u1eedi t\u1edbi c\u00e1c b\u1ea1n m\u1ed9t set\u00a0nguy\u00ean li\u1ec7u l\u00e0m b\u00e1nh cupcake c\u01a1 b\u1ea3n cho ng\u01b0\u1eddi m\u1edbi b\u1eaft \u0111\u1ea7u.<\/p>\n<p><img decoding=\"async\" class=\"wp-image-26723 aligncenter\" src=\"https:\/\/havamall.vn\/wp-content\/uploads\/2022\/05\/30ed1da99d97bc05e9fb81024f5507e8-300x300.jpg\" alt=\"\" width=\"725\" height=\"725\" srcset=\"https:\/\/havamall.vn\/wp-content\/uploads\/2022\/05\/30ed1da99d97bc05e9fb81024f5507e8-300x300.jpg 300w, https:\/\/havamall.vn\/wp-content\/uploads\/2022\/05\/30ed1da99d97bc05e9fb81024f5507e8-430x430.jpg 430w, https:\/\/havamall.vn\/wp-content\/uploads\/2022\/05\/30ed1da99d97bc05e9fb81024f5507e8-150x150.jpg 150w, https:\/\/havamall.vn\/wp-content\/uploads\/2022\/05\/30ed1da99d97bc05e9fb81024f5507e8-700x700.jpg 700w, https:\/\/havamall.vn\/wp-content\/uploads\/2022\/05\/30ed1da99d97bc05e9fb81024f5507e8-768x768.jpg 768w, https:\/\/havamall.vn\/wp-content\/uploads\/2022\/05\/30ed1da99d97bc05e9fb81024f5507e8-600x600.jpg 600w, https:\/\/havamall.vn\/wp-content\/uploads\/2022\/05\/30ed1da99d97bc05e9fb81024f5507e8-100x100.jpg 100w, https:\/\/havamall.vn\/wp-content\/uploads\/2022\/05\/30ed1da99d97bc05e9fb81024f5507e8.jpg 1024w\" sizes=\"(max-width: 725px) 100vw, 725px\" \/><\/p>\n<h3><strong>Combo l\u00e0m b\u00e1nh cupcake nh\u00e0 Havamall \u0111\u00e3 bao g\u1ed3m:<\/strong><\/h3>\n<p>&#8211; 1 b\u1ed9 mu\u1ed7ng \u0111o l\u01b0\u1eddng<\/p>\n<p>&#8211; 1 g\u00f3i men n\u1edf 20g<\/p>\n<p>&#8211; 1 g\u00f3i b\u1ed9t n\u1edf 20g<\/p>\n<p>&#8211; 1 g\u00f3i c\u1ed1m socola trang tr\u00ed b\u00e1nh<\/p>\n<p>&#8211; 1 h\u1ee7 m\u1ee9t Golden Farm 30g<\/p>\n<p>&#8211; 1 t\u00fai h\u1ea1t h\u1ea1nh nh\u00e2n 30g<\/p>\n<p>&#8211; 1 g\u00f3i b\u1ed9t socola<\/p>\n<p>&#8211; 1 t\u00fai b\u1ed9t tr\u1ed9n s\u1eb5n<\/p>\n<p>&#8211; 1 b\u1ed9 khu\u00f4n l\u00e0m b\u00e1nh silicone 12 c\u00e1i<\/p>\n<p>&#8211; 1 x\u1ea5p gi\u1ea5y n\u1ebfn<\/p>\n<p><img decoding=\"async\" class=\"wp-image-26720 aligncenter\" src=\"https:\/\/havamall.vn\/wp-content\/uploads\/2022\/05\/a1d2be5221a8e0f6b9b9-300x254.jpg\" alt=\"\" width=\"719\" height=\"609\" srcset=\"https:\/\/havamall.vn\/wp-content\/uploads\/2022\/05\/a1d2be5221a8e0f6b9b9-300x254.jpg 300w, https:\/\/havamall.vn\/wp-content\/uploads\/2022\/05\/a1d2be5221a8e0f6b9b9-430x364.jpg 430w, https:\/\/havamall.vn\/wp-content\/uploads\/2022\/05\/a1d2be5221a8e0f6b9b9-150x127.jpg 150w, https:\/\/havamall.vn\/wp-content\/uploads\/2022\/05\/a1d2be5221a8e0f6b9b9-700x592.jpg 700w, https:\/\/havamall.vn\/wp-content\/uploads\/2022\/05\/a1d2be5221a8e0f6b9b9-768x650.jpg 768w, https:\/\/havamall.vn\/wp-content\/uploads\/2022\/05\/a1d2be5221a8e0f6b9b9-1024x867.jpg 1024w, https:\/\/havamall.vn\/wp-content\/uploads\/2022\/05\/a1d2be5221a8e0f6b9b9-1200x1015.jpg 1200w, https:\/\/havamall.vn\/wp-content\/uploads\/2022\/05\/a1d2be5221a8e0f6b9b9-600x508.jpg 600w\" sizes=\"(max-width: 719px) 100vw, 719px\" \/><\/p>","protected":false},"excerpt":{"rendered":"<p>B\u00e1nh cupcake v\u1eeba ngon, v\u1eeba \u0111\u1eb9p m\u1eaft, b\u1ea1n c\u00f3 th\u1ec3 d\u00f9ng n\u00f3 t\u1eb7ng b\u1ea1n b\u00e8, ng\u01b0\u1eddi th\u00e2n trong c\u00e1c d\u1ecbp<\/p>","protected":false},"featured_media":26719,"comment_status":"open","ping_status":"closed","template":"","meta":[],"product_brand":[],"product_cat":[255,40,36],"product_tag":[],"class_list":{"0":"post-26718","1":"product","2":"type-product","3":"status-publish","4":"has-post-thumbnail","6":"product_cat-nguyen-lieu-lam-banh","7":"product_cat-sieuthi-giasi","8":"product_cat-thuc-pham-tieu-dung","10":"first","11":"instock","12":"sale","13":"shipping-taxable","14":"purchasable","15":"product-type-simple"},"_links":{"self":[{"href":"https:\/\/havamall.vn\/en\/wp-json\/wp\/v2\/product\/26718"}],"collection":[{"href":"https:\/\/havamall.vn\/en\/wp-json\/wp\/v2\/product"}],"about":[{"href":"https:\/\/havamall.vn\/en\/wp-json\/wp\/v2\/types\/product"}],"replies":[{"embeddable":true,"href":"https:\/\/havamall.vn\/en\/wp-json\/wp\/v2\/comments?post=26718"}],"version-history":[{"count":0,"href":"https:\/\/havamall.vn\/en\/wp-json\/wp\/v2\/product\/26718\/revisions"}],"wp:featuredmedia":[{"embeddable":true,"href":"https:\/\/havamall.vn\/en\/wp-json\/wp\/v2\/media\/26719"}],"wp:attachment":[{"href":"https:\/\/havamall.vn\/en\/wp-json\/wp\/v2\/media?parent=26718"}],"wp:term":[{"taxonomy":"product_brand","embeddable":true,"href":"https:\/\/havamall.vn\/en\/wp-json\/wp\/v2\/product_brand?post=26718"},{"taxonomy":"product_cat","embeddable":true,"href":"https:\/\/havamall.vn\/en\/wp-json\/wp\/v2\/product_cat?post=26718"},{"taxonomy":"product_tag","embeddable":true,"href":"https:\/\/havamall.vn\/en\/wp-json\/wp\/v2\/product_tag?post=26718"}],"curies":[{"name":"wp","href":"https:\/\/api.w.org\/{rel}","templated":true}]}}