{"id":26713,"date":"2022-05-13T16:49:21","date_gmt":"2022-05-13T09:49:21","guid":{"rendered":"https:\/\/havamall.vn\/?post_type=product&#038;p=26713"},"modified":"2024-05-08T12:02:18","modified_gmt":"2024-05-08T05:02:18","slug":"set-nguyen-lieu-lam-banh-kem-havafoodies-danh-cho-3-4-nguoi","status":"publish","type":"product","link":"https:\/\/havamall.vn\/en\/shop\/set-nguyen-lieu-lam-banh-kem-havafoodies-danh-cho-3-4-nguoi\/","title":{"rendered":"Set Nguy\u00ean Li\u1ec7u L\u00e0m B\u00e1nh Kem Havafoodies (D\u00e0nh Cho 3-4 Ng\u01b0\u1eddi)"},"content":{"rendered":"<p>Nh\u1eafc \u0111\u1ebfn b\u00e1nh kem ch\u1eafc h\u1eb3n ch\u00fang ta \u0111\u1ec1u ngh\u0129 ngay \u0111\u1ebfn s\u1ef1 l\u00e3ng m\u1ea1n, \u00eam \u00e1i, t\u00ecnh c\u1ea3m. N\u00f3 g\u00f3p ph\u1ea7n t\u1ea1o n\u00ean s\u1ef1 th\u00e0nh c\u00f4ng c\u1ee7a nh\u1eefng bu\u1ed5i ti\u1ec7c, \u0111em l\u1ea1i s\u1ef1 g\u1ea7n g\u0169i, th\u00e2n th\u01b0\u01a1ng, \u1ea5m c\u00fang v\u00e0 h\u1ea1nh ph\u00fac cho t\u1ea5t c\u1ea3 m\u1ecdi ng\u01b0\u1eddi. N\u1ebfu b\u1ea1n c\u00f3 th\u1ec3 t\u1ef1 l\u00e0m m\u1ed9t chi\u1ebfc b\u00e1nh kem \u1edf nh\u00e0 th\u00ec b\u1eefa ti\u1ec7c \u0111\u00f3 s\u1ebd tr\u1edf n\u00ean \u00fd ngh\u0129a h\u01a1n nhi\u1ec1u l\u1ea7n n\u1eefa.<\/p>\n<p><img fetchpriority=\"high\" decoding=\"async\" class=\"wp-image-26714 aligncenter\" src=\"https:\/\/havamall.vn\/wp-content\/uploads\/2022\/05\/24058103717446153657453397637517576476419010n-1630604289332408161731-300x225.png\" alt=\"\" width=\"624\" height=\"468\" srcset=\"https:\/\/havamall.vn\/wp-content\/uploads\/2022\/05\/24058103717446153657453397637517576476419010n-1630604289332408161731-300x225.png 300w, https:\/\/havamall.vn\/wp-content\/uploads\/2022\/05\/24058103717446153657453397637517576476419010n-1630604289332408161731-430x323.png 430w, https:\/\/havamall.vn\/wp-content\/uploads\/2022\/05\/24058103717446153657453397637517576476419010n-1630604289332408161731-150x113.png 150w, https:\/\/havamall.vn\/wp-content\/uploads\/2022\/05\/24058103717446153657453397637517576476419010n-1630604289332408161731-700x525.png 700w, https:\/\/havamall.vn\/wp-content\/uploads\/2022\/05\/24058103717446153657453397637517576476419010n-1630604289332408161731-768x576.png 768w, https:\/\/havamall.vn\/wp-content\/uploads\/2022\/05\/24058103717446153657453397637517576476419010n-1630604289332408161731-1024x768.png 1024w, https:\/\/havamall.vn\/wp-content\/uploads\/2022\/05\/24058103717446153657453397637517576476419010n-1630604289332408161731-1200x900.png 1200w, https:\/\/havamall.vn\/wp-content\/uploads\/2022\/05\/24058103717446153657453397637517576476419010n-1630604289332408161731-600x450.png 600w, https:\/\/havamall.vn\/wp-content\/uploads\/2022\/05\/24058103717446153657453397637517576476419010n-1630604289332408161731.png 2000w\" sizes=\"(max-width: 624px) 100vw, 624px\" \/><\/p>\n<p>Kh\u00f4ng ri\u00eang g\u00ec b\u00e1nh gato, mu\u1ed1n l\u00e0m ra b\u1ea5t k\u1ec3 lo\u1ea1i b\u00e1nh n\u00e0o m\u00e0 th\u00e0nh ph\u1ea9m th\u01a1m ngon, ho\u00e0n h\u1ea3o th\u00ec \u0111i\u1ec1u \u0111\u1ea7u ti\u00ean l\u00e0 b\u1ea1n ph\u1ea3i hi\u1ec3u r\u00f5 v\u1ec1 c\u00e1c nguy\u00ean li\u1ec7u \u0111\u1ec3 l\u00e0m ra chi\u1ebfc b\u00e1nh \u0111\u00f3. Ch\u1ec9 c\u1ea7n l\u1ef1a ch\u1ecdn sai lo\u1ea1i b\u1ed9t, sai lo\u1ea1i s\u1eefa,&#8230; l\u00e0 c\u00f3 th\u1ec3 \u1ea3nh h\u01b0\u1edfng \u0111\u1ebfn h\u01b0\u01a1ng v\u1ecb, th\u1eadm ch\u00ed l\u00e0 khi\u1ebfn cho chi\u1ebfc b\u00e1nh b\u1ecb th\u1ea5t b\u1ea1i.<\/p>\n<p>Hi\u1ec3u r\u00f5 \u0111\u01b0\u1ee3c s\u1ef1 quan tr\u1ecdng c\u1ee7a c\u00e1c\u00a0nguy\u00ean li\u1ec7u l\u00e0m b\u00e1nh kem\u00a0\u0111\u1ed1i v\u1edbi k\u1ebft qu\u1ea3 c\u1ee7a c\u00f4ng th\u1ee9c,\u00a0Havamall\u00a0s\u1ebd g\u1eedi t\u1edbi c\u00e1c b\u1ea1n m\u1ed9t set\u00a0nguy\u00ean li\u1ec7u l\u00e0m b\u00e1nh kem\u00a0c\u01a1 b\u1ea3n cho ng\u01b0\u1eddi m\u1edbi b\u1eaft \u0111\u1ea7u.<\/p>\n<p><img decoding=\"async\" class=\"wp-image-26715 aligncenter\" src=\"https:\/\/havamall.vn\/wp-content\/uploads\/2022\/05\/cn-1200x676-5-300x169.jpg\" alt=\"\" width=\"632\" height=\"356\" srcset=\"https:\/\/havamall.vn\/wp-content\/uploads\/2022\/05\/cn-1200x676-5-300x169.jpg 300w, https:\/\/havamall.vn\/wp-content\/uploads\/2022\/05\/cn-1200x676-5-430x242.jpg 430w, https:\/\/havamall.vn\/wp-content\/uploads\/2022\/05\/cn-1200x676-5-150x85.jpg 150w, https:\/\/havamall.vn\/wp-content\/uploads\/2022\/05\/cn-1200x676-5-700x394.jpg 700w, https:\/\/havamall.vn\/wp-content\/uploads\/2022\/05\/cn-1200x676-5-768x433.jpg 768w, https:\/\/havamall.vn\/wp-content\/uploads\/2022\/05\/cn-1200x676-5-1024x577.jpg 1024w, https:\/\/havamall.vn\/wp-content\/uploads\/2022\/05\/cn-1200x676-5.jpg 1200w, https:\/\/havamall.vn\/wp-content\/uploads\/2022\/05\/cn-1200x676-5-600x338.jpg 600w\" sizes=\"(max-width: 632px) 100vw, 632px\" \/><\/p>\n<h3><strong>Combo l\u00e0m b\u00e1nh kem nh\u00e0 Havamall \u0111\u00e3 bao g\u1ed3m:<\/strong><\/h3>\n<p>&#8211; B\u1ed9t m\u00ec 170g<\/p>\n<p>&#8211; 1 l\u0103n b\u1ed9t<\/p>\n<p>&#8211; 1 t\u00fai b\u1eaft kem<\/p>\n<p>&#8211; 1 t\u00fai c\u1ed1m trang tr\u00ed<\/p>\n<p>&#8211; 1 T\u00fai h\u1ea1t<\/p>\n<p>&#8211; 1 h\u1ee7 m\u1ee9t Golden Farm 30g<\/p>\n<p>&#8211; B\u1ed9t Socola<\/p>\n<p>&#8211; 1 t\u1edd gi\u1ea5y n\u1ebfn<\/p>\n<p>&#8211; 1 c\u00e2y v\u00e9t b\u1ed9t<\/p>\n<p>&#8211; 1 th\u00eca \u0111ong<\/p>\n<p>&#8211; 1 t\u1edd h\u01b0\u1edbng d\u1eabn s\u1eed d\u1ee5ng t\u1ec9 m\u1ec9 v\u00e0 chi ti\u1ebft<\/p>\n<p>B\u1ea1n ch\u1ec9 c\u1ea7n chu\u1ea9n b\u1ecb th\u00eam tr\u1ee9ng, n\u01b0\u1edbc, \u0111\u01b0\u1eddng, d\u1ea7u \u0103n, n\u01b0\u1edbc c\u1ed1t chanh v\u00e0 l\u00e0m theo \u0111\u00fang h\u01b0\u1edbng d\u1eabn s\u1eed d\u1ee5ng \u0111i k\u00e8m l\u00e0 \u0111\u00e3 c\u00f3 th\u1ec3 ch\u1eafc ch\u1eafn r\u1eb1ng m\u00ecnh s\u1ebd l\u00e0m ra \u0111\u01b0\u1ee3c chi\u1ebfc b\u00e1nh sinh nh\u1eadt d\u00e0nh t\u1eb7ng cho ng\u01b0\u1eddi y\u00eau th\u01b0\u01a1ng.<\/p>\n<p><img decoding=\"async\" class=\"wp-image-26716 aligncenter\" src=\"https:\/\/havamall.vn\/wp-content\/uploads\/2022\/05\/becbe2bbf240331e6a51-2-300x259.jpg\" alt=\"\" width=\"712\" height=\"615\" srcset=\"https:\/\/havamall.vn\/wp-content\/uploads\/2022\/05\/becbe2bbf240331e6a51-2-300x259.jpg 300w, https:\/\/havamall.vn\/wp-content\/uploads\/2022\/05\/becbe2bbf240331e6a51-2-430x372.jpg 430w, https:\/\/havamall.vn\/wp-content\/uploads\/2022\/05\/becbe2bbf240331e6a51-2-150x130.jpg 150w, https:\/\/havamall.vn\/wp-content\/uploads\/2022\/05\/becbe2bbf240331e6a51-2-700x605.jpg 700w, https:\/\/havamall.vn\/wp-content\/uploads\/2022\/05\/becbe2bbf240331e6a51-2-768x664.jpg 768w, https:\/\/havamall.vn\/wp-content\/uploads\/2022\/05\/becbe2bbf240331e6a51-2-1024x886.jpg 1024w, https:\/\/havamall.vn\/wp-content\/uploads\/2022\/05\/becbe2bbf240331e6a51-2-1200x1038.jpg 1200w, https:\/\/havamall.vn\/wp-content\/uploads\/2022\/05\/becbe2bbf240331e6a51-2-600x519.jpg 600w\" sizes=\"(max-width: 712px) 100vw, 712px\" \/><\/p>","protected":false},"excerpt":{"rendered":"<p>Nh\u1eafc \u0111\u1ebfn b\u00e1nh kem ch\u1eafc h\u1eb3n ch\u00fang ta \u0111\u1ec1u ngh\u0129 ngay \u0111\u1ebfn s\u1ef1 l\u00e3ng m\u1ea1n, \u00eam \u00e1i, t\u00ecnh c\u1ea3m. N\u00f3<\/p>","protected":false},"featured_media":34456,"comment_status":"open","ping_status":"closed","template":"","meta":[],"product_brand":[],"product_cat":[255,40,36],"product_tag":[],"class_list":{"0":"post-26713","1":"product","2":"type-product","3":"status-publish","4":"has-post-thumbnail","6":"product_cat-nguyen-lieu-lam-banh","7":"product_cat-sieuthi-giasi","8":"product_cat-thuc-pham-tieu-dung","10":"first","11":"instock","12":"sale","13":"shipping-taxable","14":"purchasable","15":"product-type-simple"},"_links":{"self":[{"href":"https:\/\/havamall.vn\/en\/wp-json\/wp\/v2\/product\/26713"}],"collection":[{"href":"https:\/\/havamall.vn\/en\/wp-json\/wp\/v2\/product"}],"about":[{"href":"https:\/\/havamall.vn\/en\/wp-json\/wp\/v2\/types\/product"}],"replies":[{"embeddable":true,"href":"https:\/\/havamall.vn\/en\/wp-json\/wp\/v2\/comments?post=26713"}],"version-history":[{"count":0,"href":"https:\/\/havamall.vn\/en\/wp-json\/wp\/v2\/product\/26713\/revisions"}],"wp:featuredmedia":[{"embeddable":true,"href":"https:\/\/havamall.vn\/en\/wp-json\/wp\/v2\/media\/34456"}],"wp:attachment":[{"href":"https:\/\/havamall.vn\/en\/wp-json\/wp\/v2\/media?parent=26713"}],"wp:term":[{"taxonomy":"product_brand","embeddable":true,"href":"https:\/\/havamall.vn\/en\/wp-json\/wp\/v2\/product_brand?post=26713"},{"taxonomy":"product_cat","embeddable":true,"href":"https:\/\/havamall.vn\/en\/wp-json\/wp\/v2\/product_cat?post=26713"},{"taxonomy":"product_tag","embeddable":true,"href":"https:\/\/havamall.vn\/en\/wp-json\/wp\/v2\/product_tag?post=26713"}],"curies":[{"name":"wp","href":"https:\/\/api.w.org\/{rel}","templated":true}]}}