{"id":26703,"date":"2022-05-13T15:49:09","date_gmt":"2022-05-13T08:49:09","guid":{"rendered":"https:\/\/havamall.vn\/?post_type=product&#038;p=26703"},"modified":"2025-03-19T09:58:21","modified_gmt":"2025-03-19T02:58:21","slug":"socola-compound-den-dang-chip-tui-1kg-van-houten-semi-sweet-baking-chips","status":"publish","type":"product","link":"https:\/\/havamall.vn\/en\/shop\/socola-compound-den-dang-chip-tui-1kg-van-houten-semi-sweet-baking-chips\/","title":{"rendered":"Socola Compound \u0110en D\u1ea1ng Chip T\u00fai 1kg &#8211; Van Houten Semi Sweet Baking Chips"},"content":{"rendered":"<h3><strong>Th\u00f4ng tin s\u1ea3n ph\u1ea9m<\/strong><\/h3>\n<table width=\"497\">\n<tbody>\n<tr>\n<td>Th\u01b0\u01a1ng hi\u1ec7u<\/td>\n<td>Van Houten<\/td>\n<\/tr>\n<tr>\n<td>Xu\u1ea5t x\u1ee9<\/td>\n<td>Malaysia<\/td>\n<\/tr>\n<tr>\n<td>Th\u00e0nh ph\u1ea7n<\/td>\n<td>\u0110\u01b0\u1eddng, b\u1ed9t cacao, h\u01b0\u01a1ng vani t\u1ef1 nhi\u00ean, mu\u1ed1i,\u2026<\/td>\n<\/tr>\n<tr>\n<td>H\u1ea1n s\u1eed d\u1ee5ng<\/td>\n<td>12 th\u00e1ng k\u1ec3 t\u1eeb ng\u00e0y s\u1ea3n xu\u1ea5t.<\/td>\n<\/tr>\n<tr>\n<td>B\u1ea3o qu\u1ea3n<\/td>\n<td>\u0110\u1ec3 n\u01a1i kh\u00f4 r\u00e1o, tho\u00e1ng m\u00e1t, tr\u00e1nh \u00e1nh n\u1eafng tr\u1ef1c ti\u1ebfp<\/td>\n<\/tr>\n<tr>\n<td>Kh\u1ed1i l\u01b0\u1ee3ng t\u1ecbnh<\/td>\n<td>1kg<\/td>\n<\/tr>\n<\/tbody>\n<\/table>\n<p>\u0110\u01b0\u1ee3c s\u1ea3n xu\u1ea5t b\u1edfi Barry Callebaut, nh\u00e0 s\u1ea3n xu\u1ea5t ca cao v\u00e0 s\u00f4 c\u00f4 la l\u1edbn nh\u1ea5t th\u1ebf gi\u1edbi, Van Houten l\u00e0 nh\u00e0 ti\u00ean phong trong l\u0129nh v\u1ef1c ch\u1ebf bi\u1ebfn ca cao v\u1edbi h\u01a1n 190 n\u0103m kinh nghi\u1ec7m. S\u00f4c\u00f4la Compound \u0110en D\u1ea1ng Kh\u1ed1i Van Houten 1Kg\u00a0\u0111\u01b0\u1ee3c s\u1ea3n xu\u1ea5t theo d\u1ea1ng kh\u1ed1i, v\u1edbi \u01b0u \u0111i\u1ec3m k\u1ebft c\u1ea5u m\u1ecbn m\u00e0ng kh\u00f4ng s\u00e1p, d\u1ec5 d\u00e0ng ch\u1ebf bi\u1ebfn sau khi l\u00e0m tan ch\u1ea3y.<\/p>\n<p>V\u1edbi h\u01a1n 190 n\u0103m kinh nghi\u1ec7m, th\u01b0\u01a1ng hi\u1ec7u Van Houten \u0111\u00e3 lu\u00f4n chinh ph\u1ee5c ng\u01b0\u1eddi y\u00eau s\u00f4-c\u00f4-la tr\u00ean kh\u1eafp th\u1ebf gi\u1edbi b\u1edfi ch\u1ea5t l\u01b0\u1ee3ng \u0111\u1ed3ng nh\u1ea5t \u0111\u01b0\u1ee3c pha tr\u1ed9n \u0111\u1ed9c \u0111\u00e1o t\u1eeb nh\u1eefng h\u1ea1t cacao v\u00f9ng T\u00e2y Phi v\u00e0 ngu\u1ed3n ch\u1ea5t b\u00e9o cao c\u1ea5p, t\u1ea1o ra h\u01b0\u01a1ng v\u1ecb \u0111\u1eadm \u0111\u00e0, k\u1ebft c\u1ea5u m\u1ecbn m\u00e0ng kh\u00f4ng s\u00e1p.<\/p>\n<p><img fetchpriority=\"high\" decoding=\"async\" class=\"wp-image-26705 aligncenter\" src=\"https:\/\/havamall.vn\/wp-content\/uploads\/2025\/03\/247988460-267x300.png\" alt=\"\" width=\"715\" height=\"803\" \/><\/p>\n<p>S\u00f4-c\u00f4-la chip Van Houten c\u00f3 th\u1ec3 d\u00f9ng \u0111\u1ec3 ch\u1ebf bi\u1ebfn ngay khi l\u00e0m tan ch\u1ea3y ph\u00f9 h\u1ee3p v\u1edbi nhi\u1ec1u m\u1ee5c \u0111\u00edch s\u1eed d\u1ee5ng kh\u00e1c nhau n\u00ean c\u1ef1c k\u1ef3 thu\u1eadn ti\u1ec7n. S\u1ea3n ph\u1ea9m n\u00e0y ch\u00ednh l\u00e0 \u201cph\u1ee5 ki\u1ec7n\u201d kh\u00f4ng th\u1ec3 thi\u1ebfu cho c\u00e1c m\u00f3n b\u00e1nh nh\u00e0 l\u00e0m, hay nh\u1eefng m\u00f3n dessert sang ch\u1ea3nh trong nh\u00e0 h\u00e0ng, ch\u1ee9a \u0111\u1ef1ng \u0111\u1ea7y \u0111\u1ee7 h\u01b0\u01a1ng v\u1ecb v\u00e0 ch\u1ea5t l\u01b0\u1ee3ng c\u1ee7a m\u1ed9t lo\u1ea1i s\u00f4-c\u00f4-la ngon.<\/p>\n<p>\u0110\u1ed9 d\u1ebbo t\u1ed1t, d\u1ec5 thao t\u00e1c trong vi\u1ec7c c\u1ea1o s\u1ee7i \u0111\u1ec3 trang tr\u00ed b\u00e1nh, t\u1ea1o h\u00ecnh v\u00e0 ph\u1ee7 b\u00e1nh, s\u00f4-c\u00f4-la compound d\u1ec5 d\u00e0ng m\u00ea ho\u1eb7c nh\u1eefng baker\/h\u1ed9i y\u00eau b\u1ebfp y\u00eau b\u00e1nh \u0111\u00edch th\u1ef1c.<\/p>\n<p><img decoding=\"async\" class=\"wp-image-26706 aligncenter\" src=\"https:\/\/havamall.vn\/wp-content\/uploads\/2025\/03\/233333164-300x171.png\" alt=\"\" width=\"725\" height=\"413\" \/><\/p>\n<p>Van Houten socola chip \u0111en l\u00e0 m\u1ed9t trong nh\u1eefng ph\u1ea9m ch\u1ea5t t\u1ed1t nh\u1ea5t cho m\u1ed9t h\u1ee3p ch\u1ea5t s\u00f4 c\u00f4 la. N\u00f3 l\u00e0 s\u1ef1 c\u00e2n b\u1eb1ng ho\u00e0n h\u1ea3o gi\u1eefa v\u1ecb s\u00f4 c\u00f4 la c\u1ee7a cacao v\u00e0 v\u1ecb ng\u1ecdt. N\u00f3 ch\u1eafc ch\u1eafn s\u1ebd l\u00e0m cho c\u00e1c m\u00f3n n\u01b0\u1edbng c\u1ee7a b\u1ea1n n\u1ed5i b\u1eadt v\u1edbi h\u01b0\u01a1ng v\u1ecb s\u00f4 c\u00f4 la th\u01a1m ngon.<\/p>\n<p>Socola chip \u0111\u01b0\u1ee3c s\u1eed d\u1ee5ng r\u1ea5t nhi\u1ec1u trong trang tr\u00ed. V\u1edbi d\u1ea1ng vi\u00ean nh\u1ecf, ch\u00fang s\u1ebd g\u00f3p ph\u1ea7n t\u1ea1o th\u00eam h\u01b0\u01a1ng v\u1ecb cho s\u1ea3n ph\u1ea9m, kh\u00f4ng qu\u00e1 ng\u1ecdt hay qu\u00e1 \u0111\u1eadm v\u1ecb chocolate. \u0110\u1eb7c bi\u1ec7t, s\u1ef1 xu\u1ea5t hi\u1ec7n c\u1ee7a c\u00e1c h\u1ea1t t\u00ed hon n\u00e0y mang l\u1ea1i c\u1ea3m gi\u00e1c gi\u00f2n tan trong mi\u1ec7ng, khi\u1ebfn ng\u01b0\u1eddi \u0103n r\u1ea5t th\u00edch th\u00fa.<\/p>\n<p><img decoding=\"async\" class=\"wp-image-26707 aligncenter\" src=\"https:\/\/havamall.vn\/wp-content\/uploads\/2025\/03\/122946701-300x272.png\" alt=\"\" width=\"724\" height=\"657\" \/><\/p>\n<p>Chocolate chip \u0111\u01b0\u1ee3c s\u1eed d\u1ee5ng r\u1ea5t ph\u1ed5 bi\u1ebfn trong c\u00e1c lo\u1ea1i b\u00e1nh cookie, muffin, donut\u2026 Ngo\u00e0i ra, v\u1edbi h\u00ecnh d\u1ea1ng b\u00e9 b\u00e9 xinh xinh v\u00e0 c\u00f3 nhi\u1ec1u m\u00e0u s\u1eafc b\u1eaft m\u1eaft, n\u00f3 c\u00f2n \u0111\u01b0\u1ee3c d\u00f9ng \u0111\u1ec3 trang tr\u00ed c\u00e1c lo\u1ea1i b\u00e1nh ng\u1ecdt v\u00e0 b\u00e1nh kem, t\u1ea1o th\u00eam h\u01b0\u01a1ng v\u1ecb s\u00f4 c\u00f4 la th\u01a1m ngon v\u00e0 m\u00e0u s\u1eafc. T\u1ea5t nhi\u00ean, th\u1ee9c u\u1ed1ng c\u0169ng s\u1ebd h\u1ea5p d\u1eabn h\u01a1n khi c\u00f3 chocolate chip l\u00e0m topping.<\/p>\n<p>Socola chip th\u01b0\u1eddng l\u00e0 s\u00f4 c\u00f4 la b\u00e1n ng\u1ecdt \u0111\u01b0\u1ee3c l\u00e0m t\u1eeb \u0111\u01b0\u1eddng, socola, b\u01a1 ca cao, ch\u1ea5t b\u00e9o s\u1eefa. Ch\u00fang c\u00f2n \u0111\u01b0\u1ee3c g\u1ecdi l\u00e0 morsels b\u00e1n ng\u1ecdt. Ssocola l\u00e0 m\u1ed9t trong s\u1ed1 \u00edt th\u1ef1c ph\u1ea9m c\u00f3 h\u01b0\u01a1ng v\u1ecb tuy\u1ec7t v\u1eddi \u0111\u1ed3ng th\u1eddi mang l\u1ea1i l\u1ee3i \u00edch s\u1ee9c kh\u1ecfe \u0111\u00e1ng k\u1ec3.<\/p>\n<p><img loading=\"lazy\" decoding=\"async\" class=\"wp-image-26708 aligncenter\" src=\"https:\/\/havamall.vn\/wp-content\/uploads\/2025\/03\/166021571-300x300.png\" alt=\"\" width=\"736\" height=\"736\" \/><\/p>\n<p>V\u1edbi d\u1ea1ng vi\u00ean nh\u1ecf, ch\u00fang s\u1ebd g\u00f3p ph\u1ea7n t\u1ea1o th\u00eam h\u01b0\u01a1ng v\u1ecb cho s\u1ea3n ph\u1ea9m, kh\u00f4ng qu\u00e1 ng\u1ecdt hay qu\u00e1 \u0111\u1eadm v\u1ecb chocolate. \u0110\u1eb7c bi\u1ec7t, s\u1ef1 xu\u1ea5t hi\u1ec7n c\u1ee7a c\u00e1c h\u1ea1t\u00a0socola chip Sottolestelle n\u00e0y mang l\u1ea1i c\u1ea3m gi\u00e1c gi\u00f2n tan trong mi\u1ec7ng, khi\u1ebfn ng\u01b0\u1eddi \u0103n r\u1ea5t th\u00edch th\u00fa.<\/p>\n<p>N\u1ebfu b\u1ea1n mu\u1ed1n g\u1eedi l\u1eddi y\u00eau th\u01b0\u01a1ng, l\u1eddi ch\u00fac m\u1eebng, hay th\u1eadm ch\u00ed l\u00e0 l\u1eddi c\u1ea7u h\u00f4n m\u00e0 kh\u00f4ng d\u00e1m th\u1ed5 l\u1ed9. Th\u00ec vi\u1ec7c t\u1ef1 tay l\u00e0m m\u1ed9t chi\u1ebfc b\u00e1nh cho ng\u01b0\u1eddi m\u00ecnh y\u00eau th\u01b0\u01a1ng l\u00e0 m\u1ed9t c\u00e1ch v\u00f4 c\u00f9ng ho\u00e0n h\u1ea3o. Tr\u00ean m\u1ed9t chi\u1ebfc b\u00e1nh, h\u00e3y s\u1eed d\u1ee5ng chocolate\u00a0chip\u00a0Havafood \u0111\u1ec3 t\u1ea1o th\u00e0nh c\u00e1c ch\u1eef c\u00e1i tu\u1ef3 th\u00edch.<\/p>\n<p><img loading=\"lazy\" decoding=\"async\" class=\"wp-image-26710 aligncenter\" src=\"https:\/\/havamall.vn\/wp-content\/uploads\/2025\/03\/059c89c94-300x244.png\" alt=\"\" width=\"705\" height=\"573\" \/><\/p>\n<h3><strong>C\u00f4ng d\u1ee5ng c\u1ee7a socola:<\/strong><\/h3>\n<p>&#8211; Ngu\u1ed3n ch\u1ea5t ch\u1ed1ng oxy h\u00f3a m\u1ea1nh m\u1ebd<\/p>\n<p>&#8211; C\u00e1c ch\u1ea5t ch\u1ed1ng oxy h\u00f3a trong s\u00f4 c\u00f4 la \u0111\u00e3 \u0111\u01b0\u1ee3c ph\u00e1t hi\u1ec7n l\u00e0 l\u00e0m t\u0103ng m\u1ee9c cholesterol lipoprotein m\u1eadt \u0111\u1ed9 cao \u2013 lo\u1ea1i cholesterol \u201ct\u1ed1t\u201d \u2013 g\u00f3p ph\u1ea7n v\u00e0o t\u00ecnh tr\u1ea1ng s\u1ee9c kh\u1ecfe tim m\u1ea1ch t\u1ed1t h\u01a1n<\/p>\n<p>&#8211; N\u00f3 ch\u1ee9a m\u1ed9t l\u01b0\u1ee3ng ch\u1ea5t x\u01a1 h\u00f2a tan v\u00e0 ch\u1ee9a nhi\u1ec1u kho\u00e1ng ch\u1ea5t.<\/p>\n<p>&#8211; C\u00f3 th\u1ec3 c\u1ea3i thi\u1ec7n l\u01b0u l\u01b0\u1ee3ng m\u00e1u v\u00e0 gi\u1ea3m huy\u1ebft \u00e1p<\/p>\n<p>&#8211; L\u00e0m gi\u1ea3m \u0111\u1ed9 nh\u1ea1y c\u1ea3m c\u1ee7a LDL \u0111\u1ed1i v\u1edbi t\u1ed5n th\u01b0\u01a1ng oxy h\u00f3a trong khi t\u0103ng HDL v\u00e0 c\u1ea3i thi\u1ec7n \u0111\u1ed9 nh\u1ea1y insulin.<\/p>\n<p>&#8211; C\u00f3 th\u1ec3 gi\u1ea3m nguy c\u01a1 b\u1ec7nh tim<\/p>\n<p><img loading=\"lazy\" decoding=\"async\" class=\"wp-image-26711 aligncenter\" src=\"https:\/\/havamall.vn\/wp-content\/uploads\/2025\/03\/22726093-300x300.png\" alt=\"\" width=\"748\" height=\"748\" \/><\/p>\n<h3><strong>H\u01b0\u1edbng d\u1eabn s\u1eed d\u1ee5ng\u00a0:<\/strong><\/h3>\n<p>&#8211; Socola chip th\u01b0\u1eddng \u0111\u01b0\u1ee3c s\u1eed d\u1ee5ng trong l\u00e0m b\u00e1nh<\/p>\n<p>&#8211; Chuy\u00ean d\u00f9ng l\u00e0m nh\u00e2n b\u00e1nh cupcake, muffin, cookies, b\u00e1nh m\u00ec, b\u00e1nh ng\u1ecdt\u2026l\u00e0m chocolate do ti\u1ec7n l\u1ee3i v\u00e0 kh\u00f4ng c\u1ea7n b\u00e0o nh\u1ecf nh\u01b0 socola thanh<\/p>\n<p>&#8211; B\u1ea1n c\u00f3 th\u1ec3 r\u1eafc socola chip tr\u1ef1c ti\u1ebfp tr\u00ean m\u1eb7t b\u00e1nh, k\u1eb9o, kem.<\/p>\n<p>S\u1ea3n ph\u1ea9m hi\u1ec7n \u0111\u00e3 c\u00f3 m\u1eb7t t\u1ea1i Havamall.<\/p>","protected":false},"excerpt":{"rendered":"<p>Th\u00f4ng tin s\u1ea3n ph\u1ea9m Th\u01b0\u01a1ng hi\u1ec7u Van Houten Xu\u1ea5t x\u1ee9 Malaysia Th\u00e0nh ph\u1ea7n \u0110\u01b0\u1eddng, b\u1ed9t cacao, h\u01b0\u01a1ng vani t\u1ef1 nhi\u00ean,<\/p>","protected":false},"featured_media":26709,"comment_status":"open","ping_status":"closed","template":"","meta":[],"product_brand":[],"product_cat":[677,36,133],"product_tag":[],"class_list":{"0":"post-26703","1":"product","2":"type-product","3":"status-publish","4":"has-post-thumbnail","6":"product_cat-cac-nuoc-khac","7":"product_cat-thuc-pham-tieu-dung","8":"product_cat-banh-keo-chocolate","10":"first","11":"instock","12":"sale","13":"shipping-taxable","14":"purchasable","15":"product-type-simple"},"_links":{"self":[{"href":"https:\/\/havamall.vn\/en\/wp-json\/wp\/v2\/product\/26703"}],"collection":[{"href":"https:\/\/havamall.vn\/en\/wp-json\/wp\/v2\/product"}],"about":[{"href":"https:\/\/havamall.vn\/en\/wp-json\/wp\/v2\/types\/product"}],"replies":[{"embeddable":true,"href":"https:\/\/havamall.vn\/en\/wp-json\/wp\/v2\/comments?post=26703"}],"version-history":[{"count":0,"href":"https:\/\/havamall.vn\/en\/wp-json\/wp\/v2\/product\/26703\/revisions"}],"wp:featuredmedia":[{"embeddable":true,"href":"https:\/\/havamall.vn\/en\/wp-json\/wp\/v2\/media\/26709"}],"wp:attachment":[{"href":"https:\/\/havamall.vn\/en\/wp-json\/wp\/v2\/media?parent=26703"}],"wp:term":[{"taxonomy":"product_brand","embeddable":true,"href":"https:\/\/havamall.vn\/en\/wp-json\/wp\/v2\/product_brand?post=26703"},{"taxonomy":"product_cat","embeddable":true,"href":"https:\/\/havamall.vn\/en\/wp-json\/wp\/v2\/product_cat?post=26703"},{"taxonomy":"product_tag","embeddable":true,"href":"https:\/\/havamall.vn\/en\/wp-json\/wp\/v2\/product_tag?post=26703"}],"curies":[{"name":"wp","href":"https:\/\/api.w.org\/{rel}","templated":true}]}}