{"id":26683,"date":"2022-05-12T13:44:36","date_gmt":"2022-05-12T06:44:36","guid":{"rendered":"https:\/\/havamall.vn\/?post_type=product&#038;p=26683"},"modified":"2024-05-21T11:55:30","modified_gmt":"2024-05-21T04:55:30","slug":"pho-mai-bot-fromagio-havafoodies-tui-1kg-fromagio-cheese-grated","status":"publish","type":"product","link":"https:\/\/havamall.vn\/en\/shop\/pho-mai-bot-fromagio-havafoodies-tui-1kg-fromagio-cheese-grated\/","title":{"rendered":"Ph\u00f4 Mai B\u1ed9t Fromagio Havafoodies T\u00fai 1kg \u2013 Fromagio Cheese Grated"},"content":{"rendered":"<p>Fromagio hay c\u00f2n g\u1ecdi l\u00e0 Parmigiano \u0111\u01b0\u1ee3c l\u00e0m t\u1eeb s\u1eefa b\u00f2. Fromagio \u0111\u01b0\u1ee3c b\u00e0o v\u1ee5n ra, c\u00f3 v\u1ecb thanh nh\u1eb9, l\u00e0 lo\u1ea1i ph\u00f4 mai \u0111\u1eb7c tr\u01b0ng nh\u1ea5t \u0111\u1ec3 th\u1ef1c hi\u1ec7n m\u00f3n pasta. \u0110\u01b0\u1ee3c c\u1eaft ra t\u1eeb kh\u1ed1i ph\u00f4 mai l\u1edbn, bao b\u00ec v\u1edbi tr\u1ecdng l\u01b0\u1ee3ng 100g r\u1ea5t th\u00edch h\u1ee3p cho c\u00e1c gia \u0111\u00ecnh mua v\u1ec1 \u0111\u1ec3 d\u00f9ng th\u1eed v\u00e0 k\u1ebft h\u1ee3p v\u1edbi c\u00e1c m\u00f3n \u0103n.<\/p>\n<p>S\u1ea3n ph\u1ea9m c\u00f3 nguy\u00ean li\u1ec7u nh\u1eadp kh\u1ea9u t\u1eeb Ph\u00e1p,\u00a0100% ph\u00f4 mai fromagio.\u00a0\u0110\u1eadm \u0111\u00e0 v\u00e0 b\u00e9o ng\u1eady, b\u1ed9t ph\u00f4 mai khi\u1ebfn b\u1ea5t c\u1ee9 ai c\u0169ng ph\u1ea3i xao xuy\u1ebfn ngay t\u1eeb l\u1ea7n n\u1ebfm th\u1eed \u0111\u1ea7u ti\u00ean<\/p>\n<p><img fetchpriority=\"high\" decoding=\"async\" class=\"wp-image-26679 aligncenter\" src=\"https:\/\/havamall.vn\/wp-content\/uploads\/2022\/05\/grated-par-300x200.png\" alt=\"\" width=\"705\" height=\"470\" srcset=\"https:\/\/havamall.vn\/wp-content\/uploads\/2022\/05\/grated-par-300x200.png 300w, https:\/\/havamall.vn\/wp-content\/uploads\/2022\/05\/grated-par-430x287.png 430w, https:\/\/havamall.vn\/wp-content\/uploads\/2022\/05\/grated-par-150x100.png 150w, https:\/\/havamall.vn\/wp-content\/uploads\/2022\/05\/grated-par-700x467.png 700w, https:\/\/havamall.vn\/wp-content\/uploads\/2022\/05\/grated-par-768x512.png 768w, https:\/\/havamall.vn\/wp-content\/uploads\/2022\/05\/grated-par-1024x683.png 1024w, https:\/\/havamall.vn\/wp-content\/uploads\/2022\/05\/grated-par.png 1200w, https:\/\/havamall.vn\/wp-content\/uploads\/2022\/05\/grated-par-600x400.png 600w\" sizes=\"(max-width: 705px) 100vw, 705px\" \/><\/p>\n<p>Khi k\u1ebft h\u1ee3p v\u1edbi c\u00e1c nguy\u00ean li\u1ec7u kh\u00e1c, b\u1ed9t ph\u00f4 mai \u0111\u00e3 g\u00f3p ph\u1ea7n t\u1ea1o n\u00ean h\u01b0\u01a1ng v\u1ecb b\u00f9ng n\u1ed5 c\u1ee7a nhi\u1ec1u m\u00f3n \u0103n v\u1eb7t \u0111ang r\u1ea5t \u201chot\u201d tr\u00ean th\u1ecb tr\u01b0\u1eddng hi\u1ec7n nay.<\/p>\n<p>Phomai Fromagio b\u1ed9t 1kg kh\u00f4ng ch\u1ec9 t\u1ed1t cho s\u1ef1 ph\u00e1t tri\u1ec3n c\u1ee7a tr\u1ebb em m\u00e0 c\u00f2n l\u00e0 th\u1ef1c ph\u1ea9m b\u1ed5 d\u01b0\u1ee1ng gi\u00fap b\u1ed5 sung dinh d\u01b0\u1ee1ng v\u00e0 canxi cho ng\u01b0\u1eddi l\u1edbn. S\u1ea3n ph\u1ea9m cung c\u1ea5p vitamin A gi\u00fap duy tr\u00ec s\u1ee9c kh\u1ecfe, t\u0103ng c\u01b0\u1eddng h\u1ec7 th\u1ed1ng mi\u1ec5n d\u1ecbch, s\u1ea3n xu\u1ea5t t\u1ebf b\u00e0o m\u00e1u. Canxi v\u00e0 ph\u1ed1t pho trong phomai gi\u00fap h\u1ed7 tr\u1ee3 h\u1ec7 r\u0103ng v\u00e0 x\u01b0\u01a1ng ph\u00e1t tri\u1ec3n, l\u00e0m gi\u1ea3m nguy c\u01a1 m\u1eafc b\u1ec7nh lo\u00e3ng x\u01b0\u01a1ng. Ngo\u00e0i ra, ph\u00f4 mai ch\u1ee9a men vi sinh, r\u1ea5t c\u00f3 l\u1ee3i cho \u0111\u01b0\u1eddng ti\u00eau h\u00f3a, gi\u00fap tr\u1ebb em h\u1ea5p thu th\u1ee9c \u0103n t\u1ed1t h\u01a1n.<\/p>\n<p><img decoding=\"async\" class=\"wp-image-26680 aligncenter\" src=\"https:\/\/havamall.vn\/wp-content\/uploads\/2022\/05\/best-chicago-style-pizza-recipe-5-227x300.png\" alt=\"\" width=\"708\" height=\"936\" srcset=\"https:\/\/havamall.vn\/wp-content\/uploads\/2022\/05\/best-chicago-style-pizza-recipe-5-227x300.png 227w, https:\/\/havamall.vn\/wp-content\/uploads\/2022\/05\/best-chicago-style-pizza-recipe-5-430x568.png 430w, https:\/\/havamall.vn\/wp-content\/uploads\/2022\/05\/best-chicago-style-pizza-recipe-5-150x198.png 150w, https:\/\/havamall.vn\/wp-content\/uploads\/2022\/05\/best-chicago-style-pizza-recipe-5-700x924.png 700w, https:\/\/havamall.vn\/wp-content\/uploads\/2022\/05\/best-chicago-style-pizza-recipe-5-768x1014.png 768w, https:\/\/havamall.vn\/wp-content\/uploads\/2022\/05\/best-chicago-style-pizza-recipe-5.png 1200w, https:\/\/havamall.vn\/wp-content\/uploads\/2022\/05\/best-chicago-style-pizza-recipe-5-600x792.png 600w\" sizes=\"(max-width: 708px) 100vw, 708px\" \/><\/p>\n<p>Ngo\u00e0i b\u1ed5 sung h\u01b0\u01a1ng v\u1ecb th\u01a1m ngon b\u00e9o ng\u1eady cho c\u00e1c m\u00f3n m\u00ec \u00dd, pizza, ph\u00f4 mai b\u1ed9t c\u00f2n c\u00f3 th\u1ec3 d\u00f9ng cho nhi\u1ec1u m\u00f3n \u0103n kh\u00e1c nh\u01b0 ch\u00e2n gi\u00f2 x\u00f4ng kh\u00f3i, m\u00f3n bresaola (m\u00f3n b\u00f2 x\u1eaft l\u00e1t chanh n\u01b0\u1edbc s\u1ed1t ki\u1ec3u \u00dd), khoai t\u00e2y chi\u00ean, s\u00fap ng\u00f4,&#8230;<\/p>\n<p>H\u01b0\u01a1ng v\u1ecb chung c\u1ee7a ph\u00f4 mai l\u00e0 m\u1eb7n ng\u1ecdt v\u00e0 b\u1ea1n c\u00f3 th\u1ec3 thay \u0111\u1ed5i t\u00f9y theo kh\u1ea9u v\u1ecb c\u1ee7a m\u00ecnh. Quy t\u1eafc chung khi s\u1eed d\u1ee5ng b\u1ed9t ph\u00f4 mai l\u00e0 ch\u1ec9 d\u00f9ng m\u1ed9t l\u01b0\u1ee3ng v\u1eeba \u0111\u1ee7 \u0111\u1ec3 m\u00f3n \u0103n kh\u00f4ng b\u1ecb qu\u00e1 nh\u1ea1t c\u0169ng nh\u01b0 qu\u00e1 m\u1eb7n.<\/p>\n<h3><strong>H\u01b0\u1edbng d\u1eabn s\u1eed d\u1ee5ng:<\/strong><\/h3>\n<p>&#8211; B\u1ed9t d\u00f9ng l\u00e0m nguy\u00ean li\u1ec7u l\u00e0m b\u00e1nh<\/p>\n<p>&#8211; Ch\u1ebf bi\u1ebfn m\u00f3n n\u01b0\u1edbng, n\u01b0\u1edbc s\u1ed1t, c\u00e1c m\u00f3n \u00dd, \u0111\u1ed3 \u00c2u, \u00c1<\/p>\n<p>&#8211; T\u0103ng h\u01b0\u01a1ng v\u1ecb khi ch\u1ebf bi\u1ebfn ch\u00e1o, s\u00fap, pasta, salad&#8230;<\/p>\n<p>S\u1ea3n ph\u1ea9m hi\u1ec7n \u0111\u00e3 c\u00f3 m\u1eb7t t\u1ea1i Havamall.<\/p>\n<p><img decoding=\"async\" class=\"wp-image-26681 aligncenter\" src=\"https:\/\/havamall.vn\/wp-content\/uploads\/2022\/05\/HT-Cacio-e-Pepe_027-295x300.png\" alt=\"\" width=\"714\" height=\"726\" srcset=\"https:\/\/havamall.vn\/wp-content\/uploads\/2022\/05\/HT-Cacio-e-Pepe_027-295x300.png 295w, https:\/\/havamall.vn\/wp-content\/uploads\/2022\/05\/HT-Cacio-e-Pepe_027-430x437.png 430w, https:\/\/havamall.vn\/wp-content\/uploads\/2022\/05\/HT-Cacio-e-Pepe_027-150x152.png 150w, https:\/\/havamall.vn\/wp-content\/uploads\/2022\/05\/HT-Cacio-e-Pepe_027-700x711.png 700w, https:\/\/havamall.vn\/wp-content\/uploads\/2022\/05\/HT-Cacio-e-Pepe_027-768x780.png 768w, https:\/\/havamall.vn\/wp-content\/uploads\/2022\/05\/HT-Cacio-e-Pepe_027-1008x1024.png 1008w, https:\/\/havamall.vn\/wp-content\/uploads\/2022\/05\/HT-Cacio-e-Pepe_027-1200x1219.png 1200w, https:\/\/havamall.vn\/wp-content\/uploads\/2022\/05\/HT-Cacio-e-Pepe_027-600x610.png 600w, https:\/\/havamall.vn\/wp-content\/uploads\/2022\/05\/HT-Cacio-e-Pepe_027.png 2000w\" sizes=\"(max-width: 714px) 100vw, 714px\" \/><\/p>","protected":false},"excerpt":{"rendered":"<p>Fromagio hay c\u00f2n g\u1ecdi l\u00e0 Parmigiano \u0111\u01b0\u1ee3c l\u00e0m t\u1eeb s\u1eefa b\u00f2. Fromagio \u0111\u01b0\u1ee3c b\u00e0o v\u1ee5n ra, c\u00f3 v\u1ecb thanh nh\u1eb9,<\/p>","protected":false},"featured_media":26684,"comment_status":"open","ping_status":"closed","template":"","meta":[],"product_brand":[],"product_cat":[36],"product_tag":[],"class_list":{"0":"post-26683","1":"product","2":"type-product","3":"status-publish","4":"has-post-thumbnail","6":"product_cat-thuc-pham-tieu-dung","7":"pa_brand-skx","9":"first","10":"instock","11":"sale","12":"shipping-taxable","13":"purchasable","14":"product-type-simple"},"_links":{"self":[{"href":"https:\/\/havamall.vn\/en\/wp-json\/wp\/v2\/product\/26683"}],"collection":[{"href":"https:\/\/havamall.vn\/en\/wp-json\/wp\/v2\/product"}],"about":[{"href":"https:\/\/havamall.vn\/en\/wp-json\/wp\/v2\/types\/product"}],"replies":[{"embeddable":true,"href":"https:\/\/havamall.vn\/en\/wp-json\/wp\/v2\/comments?post=26683"}],"version-history":[{"count":0,"href":"https:\/\/havamall.vn\/en\/wp-json\/wp\/v2\/product\/26683\/revisions"}],"wp:featuredmedia":[{"embeddable":true,"href":"https:\/\/havamall.vn\/en\/wp-json\/wp\/v2\/media\/26684"}],"wp:attachment":[{"href":"https:\/\/havamall.vn\/en\/wp-json\/wp\/v2\/media?parent=26683"}],"wp:term":[{"taxonomy":"product_brand","embeddable":true,"href":"https:\/\/havamall.vn\/en\/wp-json\/wp\/v2\/product_brand?post=26683"},{"taxonomy":"product_cat","embeddable":true,"href":"https:\/\/havamall.vn\/en\/wp-json\/wp\/v2\/product_cat?post=26683"},{"taxonomy":"product_tag","embeddable":true,"href":"https:\/\/havamall.vn\/en\/wp-json\/wp\/v2\/product_tag?post=26683"}],"curies":[{"name":"wp","href":"https:\/\/api.w.org\/{rel}","templated":true}]}}