{"id":26668,"date":"2022-05-12T10:26:29","date_gmt":"2022-05-12T03:26:29","guid":{"rendered":"https:\/\/havamall.vn\/?post_type=product&#038;p=26668"},"modified":"2022-06-21T17:20:03","modified_gmt":"2022-06-21T10:20:03","slug":"pho-mai-lat-havafoodies-10-mieng-slices-cheese","status":"publish","type":"product","link":"https:\/\/havamall.vn\/en\/shop\/pho-mai-lat-havafoodies-10-mieng-slices-cheese\/","title":{"rendered":"Ph\u00f4 Mai L\u00e1t Havafoodies 8 Mi\u1ebfng &#8211; Slices Cheese"},"content":{"rendered":"<p><span style=\"font-weight: 400\">T\u1eeb ngu\u1ed3n s\u1eefa \u0111\u01b0\u1ee3c tuy\u1ec3n ch\u1ecdn k\u1ef9 c\u00e0ng, k\u1ebft h\u1ee3p v\u1edbi th\u00e0nh ph\u1ea7n v\u00e0 nguy\u00ean li\u1ec7u ho\u00e0n to\u00e0n t\u1ef1 nhi\u00ean, ph\u00f4 mai l\u00e1t<\/span>\u00a0Havafood \u0111em \u0111\u1ebfn cho ng\u01b0\u1eddi d\u00f9ng h\u01b0\u01a1ng v\u1ecb th\u01a1m ngon v\u00e0 \u0111\u1ea7y \u0111\u1ee7 ch\u1ea5t dinh d\u01b0\u1ee1ng, n\u0103ng l\u01b0\u1ee3ng c\u1ea7n thi\u1ebft cho m\u1ed9t ng\u00e0y l\u00e0m vi\u1ec7c, h\u1ecdc t\u1eadp n\u0103ng \u0111\u1ed9ng. Ph\u00f4 mai l\u00e1t c\u00f3 h\u01b0\u01a1ng v\u1ecb m\u1eb7n m\u1eb7n, b\u00e9o b\u00e9o th\u01a1m ngon v\u00e0 \u0111\u1ea7y s\u1ee9c l\u00f4i cu\u1ed1n. B\u1ea1n s\u1ebd c\u1ea3m nh\u1eadn \u0111\u01b0\u1ee3c \u0111\u1ed9 m\u1ec1m, h\u01b0\u01a1ng b\u00e9o th\u01a1m c\u00f9ng v\u1ecb m\u1eb1n m\u1eb7n \u0111\u1eb7c tr\u01b0ng c\u1ee7a ph\u00f4 mai cao c\u1ea5p. Ph\u00f4 mai d\u1ec5 d\u00e0ng \u0103n tr\u1ef1c ti\u1ebfp, d\u00f9ng k\u00e8m v\u1edbi b\u00e1nh m\u00ec ho\u1eb7c ch\u1ebf bi\u1ebfn th\u00e0nh nhi\u1ec1u m\u00f3n \u0103n h\u1ea5p d\u1eabn.<\/p>\n<p><span style=\"font-weight: 400\"><img fetchpriority=\"high\" decoding=\"async\" class=\"aligncenter\" src=\"https:\/\/havamall.vn\/wp-content\/uploads\/2018\/07\/Bacon_and_Smokehouse_Cheddar_Cheese_Burger_with_Savoury_Jam-027_2-1587465652009.jpeg\" alt=\"Ph\u00f4 mai cheddar l\u00e1t Teama 200g (12 l\u00e1t) - Abby - \u0110\u1ed3 l\u00e0m b\u00e1nh, n\u1ea5u \u0103n v\u00e0 pha ch\u1ebf\" width=\"654\" height=\"437\" \/><\/span><\/p>\n<p><span style=\"font-weight: 400\">Ph\u00f4 mai l\u00e1t Havafood \u0111\u01b0\u1ee3c ch\u1ebf bi\u1ebfn v\u00e0 s\u1ea3n xu\u1ea5t b\u1eb1ng c\u00f4ng th\u1ee9c, quy tr\u00ecnh s\u1ea3n xu\u1ea5t hi\u1ec7n \u0111\u1ea1i <\/span><span style=\"font-weight: 400\">c\u00f3 s\u1ef1 gi\u00e1m s\u00e1t nghi\u00eam ng\u1eb7t, kh\u00e9p k\u00edn <\/span><span style=\"font-weight: 400\">n\u00ean lu\u00f4n t\u1ea1o uy t\u00edn v\u1ec1 ch\u1ea5t l\u01b0\u1ee3ng v\u00e0 an to\u00e0n th\u1ef1c ph\u1ea9m. B\u1ea1n ho\u00e0n to\u00e0n y\u00ean t\u00e2m ch\u0103m s\u00f3c b\u1eefa \u0103n cho gia \u0111\u00ecnh khi d\u00f9ng ph\u00f4 mai l\u00e1t.<\/span><\/p>\n<p><span style=\"font-weight: 400\">V\u1edbi th\u00e0nh ph\u1ea7n ho\u00e0n to\u00e0n t\u1eeb t\u1ef1 nhi\u00ean, t\u1eeb ngu\u1ed3n s\u1eefa \u0111\u01b0\u1ee3c tuy\u1ec3n ch\u1ecdn k\u1ef9 c\u00e0ng, ph\u00f4 mai l\u00e1t Havafood<\/span>\u00a0\u0111em \u0111\u1ebfn cho ng\u01b0\u1eddi d\u00f9ng h\u01b0\u01a1ng v\u1ecb th\u01a1m ngon,khi \u0103n s\u1ebd c\u1ea3m nh\u1eadn \u0111\u01b0\u1ee3c \u0111\u1ed9 m\u1ec1m, v\u1ecb b\u00e9o th\u01a1m c\u00f9ng v\u1ecb m\u1eb7n \u0111\u1eb7c tr\u01b0ng c\u1ee7a ph\u00f4 mai cao c\u1ea5p.<\/p>\n<p><span style=\"font-weight: 400\">S\u1ea3n ph\u1ea9m ch\u1ee9a nhi\u1ec1u ch\u1ea5t dinh d\u01b0\u1ee1ng g\u00f3p ph\u1ea7n b\u1ed5 sung dinh d\u01b0\u1ee1ng v\u00e0 n\u0103ng l\u01b0\u1ee3ng c\u1ea7n thi\u1ebft cho m\u1ed9t ng\u00e0y l\u00e0m vi\u1ec7c, h\u1ecdc t\u1eadp n\u0103ng \u0111\u1ed9ng.\u00a0<\/span><\/p>\n<p><img decoding=\"async\" class=\"aligncenter\" src=\"https:\/\/havamall.vn\/wp-content\/uploads\/2018\/07\/C\u00f3mo-hacer-un-s\u00e1ndwich-de-queso-a-la-parrilla.jpg\" width=\"666\" height=\"932\" \/><\/p>\n<h3><span style=\"font-weight: 400\">\u00a0<strong>C\u00f4ng d\u1ee5ng c\u1ee7a ph\u00f4 mai:<\/strong><\/span><\/h3>\n<p>&#8211; Trong ph\u00f4 mai ch\u1ee9a\u00a0protein,\u00a0ch\u1ea5t b\u00e9o,\u00a0canxi\u00a0gi\u00fap cho c\u01a1 th\u1ec3 c\u1ee7a con ng\u01b0\u1eddi t\u0103ng c\u01b0\u1eddng c\u01a1 b\u1eafp v\u00e0 x\u01b0\u01a1ng kh\u1ecfe m\u1ea1nh.<\/p>\n<p>&#8211; Trong ph\u00f4 mai c\u00f3 ch\u1ee9a ch\u1ea5t axit linoleic (CLA) m\u00e0 axit n\u00e0y c\u00f3 th\u1ec3\u00a0gi\u00fap ng\u0103n ng\u1eeba ung th\u01b0.<\/p>\n<p>&#8211; Trong ph\u00f4 mai c\u00f3 ch\u1ee9a\u00a0vitamin A\u00a0gi\u00fap\u00a0duy tr\u00ec s\u1ee9c kh\u1ecfe v\u00e0 tr\u00e1nh c\u00e1c b\u1ec7nh v\u1ec1 m\u1eaft.<\/p>\n<p>&#8211; Ph\u00f4 mai c\u00f3 ch\u1ee9a\u00a0vitamin B, ngo\u00e0i vi\u1ec7c t\u1ed1t cho l\u00e0n da ho\u1eb7c gi\u1ea3m kh\u1ecfi nhi\u1ec1u b\u1ec7nh t\u1eadt m\u1ec7t m\u1ecfi.<img decoding=\"async\" class=\"wp-image-26675 aligncenter\" src=\"https:\/\/havamall.vn\/wp-content\/uploads\/2022\/05\/1-1-300x253.png\" alt=\"\" width=\"683\" height=\"576\" srcset=\"https:\/\/havamall.vn\/wp-content\/uploads\/2022\/05\/1-1-300x253.png 300w, https:\/\/havamall.vn\/wp-content\/uploads\/2022\/05\/1-1-430x362.png 430w, https:\/\/havamall.vn\/wp-content\/uploads\/2022\/05\/1-1-150x126.png 150w, https:\/\/havamall.vn\/wp-content\/uploads\/2022\/05\/1-1-700x589.png 700w, https:\/\/havamall.vn\/wp-content\/uploads\/2022\/05\/1-1-768x646.png 768w, https:\/\/havamall.vn\/wp-content\/uploads\/2022\/05\/1-1-1024x862.png 1024w, https:\/\/havamall.vn\/wp-content\/uploads\/2022\/05\/1-1-600x505.png 600w, https:\/\/havamall.vn\/wp-content\/uploads\/2022\/05\/1-1.png 1080w\" sizes=\"(max-width: 683px) 100vw, 683px\" \/><strong style=\"color: #1b1919;font-family: Karla, Arial, Helvetica, sans-serif;font-size: 18px\">\u0110\u1eb7c \u0111i\u1ec3m n\u1ed5i b\u1eadt:<\/strong><\/p>\n<p><span style=\"font-weight: 400\">&#8211; V\u1ecb ph\u00f4 mai \u0111\u1eb7c tr\u01b0ng, th\u01a1m ngon<\/span><\/p>\n<p><span style=\"font-weight: 400\">&#8211; \u0110\u1ea3m b\u1ea3o an to\u00e0n cho s\u1ee9c kh\u1ecfe<\/span><\/p>\n<p><span style=\"font-weight: 400\">&#8211; S\u1eed d\u1ee5ng cho tr\u1ebb em tr\u00ean 6 th\u00e1ng tu\u1ed5i<\/span><\/p>\n<p><span style=\"font-weight: 400\">&#8211; S\u1ea3n ph\u1ea9m \u0111\u00f3ng g\u00f3i nh\u1ecf g\u1ecdn cho b\u1ea1n d\u1ec5 d\u00e0ng s\u1eed d\u1ee5ng v\u00e0 b\u1ea3o qu\u1ea3n.<\/span><\/p>\n<p><img loading=\"lazy\" decoding=\"async\" class=\"aligncenter\" src=\"https:\/\/havamall.vn\/wp-content\/uploads\/2018\/07\/hamburger-ga-cua.jpg\" alt=\"Hamburger g\u00e0 cua-th\u01a1m v\u1ecb cua, b\u00e9o v\u1ecb g\u00e0- Ch\u00eda N\u00fai\" width=\"676\" height=\"378\" \/><\/p>\n<h4><strong>C\u00e1ch s\u1eed d\u1ee5ng:<\/strong><\/h4>\n<p><span style=\"font-weight: 400\">&#8211; D\u00f9ng tr\u1ef1c ti\u1ebfp, \u0103n k\u00e8m v\u1edbi b\u00e1nh m\u00ec, ch\u1ebf bi\u1ebfn c\u00e1c m\u00f3n \u0103n, l\u00e0m b\u00e1nh.\u00a0\u00a0\u00a0<\/span><\/p>\n<p>&#8211; L\u00e0m pizza<\/p>\n<p>&#8211; Ch\u1ebf bi\u1ebfn b\u00e1nh, c\u00e1c m\u00f3n \u0103n<\/p>\n<h4><span style=\"font-weight: 400\"><strong>B\u1ea3o qu\u1ea3n:<\/strong><\/span><\/h4>\n<p><span style=\"font-weight: 400\">B\u1ecdc k\u00edn sau khi s\u1eed d\u1ee5ng, b\u1ea3o qu\u1ea3n \u1edf nhi\u1ec7t \u0111\u1ed9 m\u00e1t t\u1eeb 2 \u0111\u1ed9 C \u0111\u1ebfn 4 \u0111\u1ed9 C\u00a0\u00a0\u00a0<\/span><\/p>\n<p>S\u1ea3n ph\u1ea9m hi\u1ec7n \u0111\u00e3 c\u00f3 m\u1eb7t t\u1ea1i Havamall.<\/p>\n<p><img loading=\"lazy\" decoding=\"async\" class=\"wp-image-26670 aligncenter\" src=\"https:\/\/havamall.vn\/wp-content\/uploads\/2022\/05\/Homemade-American-Cheese-17022017-300x169.png\" alt=\"\" width=\"704\" height=\"396\" srcset=\"https:\/\/havamall.vn\/wp-content\/uploads\/2022\/05\/Homemade-American-Cheese-17022017-300x169.png 300w, https:\/\/havamall.vn\/wp-content\/uploads\/2022\/05\/Homemade-American-Cheese-17022017-430x242.png 430w, https:\/\/havamall.vn\/wp-content\/uploads\/2022\/05\/Homemade-American-Cheese-17022017-150x84.png 150w, https:\/\/havamall.vn\/wp-content\/uploads\/2022\/05\/Homemade-American-Cheese-17022017-700x394.png 700w, https:\/\/havamall.vn\/wp-content\/uploads\/2022\/05\/Homemade-American-Cheese-17022017-768x432.png 768w, https:\/\/havamall.vn\/wp-content\/uploads\/2022\/05\/Homemade-American-Cheese-17022017-1024x576.png 1024w, https:\/\/havamall.vn\/wp-content\/uploads\/2022\/05\/Homemade-American-Cheese-17022017-1200x675.png 1200w, https:\/\/havamall.vn\/wp-content\/uploads\/2022\/05\/Homemade-American-Cheese-17022017-600x338.png 600w, https:\/\/havamall.vn\/wp-content\/uploads\/2022\/05\/Homemade-American-Cheese-17022017.png 2000w\" sizes=\"(max-width: 704px) 100vw, 704px\" \/><\/p>","protected":false},"excerpt":{"rendered":"<p>T\u1eeb ngu\u1ed3n s\u1eefa \u0111\u01b0\u1ee3c tuy\u1ec3n ch\u1ecdn k\u1ef9 c\u00e0ng, k\u1ebft h\u1ee3p v\u1edbi th\u00e0nh ph\u1ea7n v\u00e0 nguy\u00ean li\u1ec7u ho\u00e0n to\u00e0n t\u1ef1 nhi\u00ean,<\/p>","protected":false},"featured_media":27465,"comment_status":"open","ping_status":"closed","template":"","meta":[],"product_brand":[],"product_cat":[36],"product_tag":[],"class_list":{"0":"post-26668","1":"product","2":"type-product","3":"status-publish","4":"has-post-thumbnail","6":"product_cat-thuc-pham-tieu-dung","8":"first","9":"instock","10":"sale","11":"shipping-taxable","12":"purchasable","13":"product-type-simple"},"_links":{"self":[{"href":"https:\/\/havamall.vn\/en\/wp-json\/wp\/v2\/product\/26668"}],"collection":[{"href":"https:\/\/havamall.vn\/en\/wp-json\/wp\/v2\/product"}],"about":[{"href":"https:\/\/havamall.vn\/en\/wp-json\/wp\/v2\/types\/product"}],"replies":[{"embeddable":true,"href":"https:\/\/havamall.vn\/en\/wp-json\/wp\/v2\/comments?post=26668"}],"version-history":[{"count":0,"href":"https:\/\/havamall.vn\/en\/wp-json\/wp\/v2\/product\/26668\/revisions"}],"wp:featuredmedia":[{"embeddable":true,"href":"https:\/\/havamall.vn\/en\/wp-json\/wp\/v2\/media\/27465"}],"wp:attachment":[{"href":"https:\/\/havamall.vn\/en\/wp-json\/wp\/v2\/media?parent=26668"}],"wp:term":[{"taxonomy":"product_brand","embeddable":true,"href":"https:\/\/havamall.vn\/en\/wp-json\/wp\/v2\/product_brand?post=26668"},{"taxonomy":"product_cat","embeddable":true,"href":"https:\/\/havamall.vn\/en\/wp-json\/wp\/v2\/product_cat?post=26668"},{"taxonomy":"product_tag","embeddable":true,"href":"https:\/\/havamall.vn\/en\/wp-json\/wp\/v2\/product_tag?post=26668"}],"curies":[{"name":"wp","href":"https:\/\/api.w.org\/{rel}","templated":true}]}}