{"id":26657,"date":"2022-05-11T14:51:04","date_gmt":"2022-05-11T07:51:04","guid":{"rendered":"https:\/\/havamall.vn\/?post_type=product&#038;p=26657"},"modified":"2023-02-23T09:17:19","modified_gmt":"2023-02-23T02:17:19","slug":"bia-gung-odk-200ml-malafemmena-ginger-beer","status":"publish","type":"product","link":"https:\/\/havamall.vn\/en\/shop\/bia-gung-odk-200ml-malafemmena-ginger-beer\/","title":{"rendered":"Bia G\u1eebng ODK 200ml &#8211; Malafemmena Ginger Beer"},"content":{"rendered":"<p id=\"tw-target-text\" class=\"tw-data-text tw-text-large tw-ta\" dir=\"ltr\"><span class=\"Y2IQFc\" lang=\"vi\">T\u1ea1i \u00dd lu\u00f4n \u0111\u00e1nh gi\u00e1 cao gi\u00e1 tr\u1ecb c\u1ee7a vi\u1ec7c s\u1eed d\u1ee5ng c\u00e1c nguy\u00ean li\u1ec7u t\u1ed1t nh\u1ea5t. Do \u0111\u00f3, ch\u1ec9 nh\u1eefng nguy\u00ean li\u1ec7u t\u1ef1 nhi\u00ean m\u1edbi \u0111\u01b0\u1ee3c s\u1eed d\u1ee5ng \u0111\u1ec3 t\u1ea1o ra m\u1ed7i chai Malafemmena. Nguy\u00ean li\u1ec7u \u0111\u01b0\u1ee3c pha tr\u1ed9n m\u1ed9t c\u00e1ch kh\u00e9o l\u00e9o v\u1edbi nhau \u0111\u1ec3 t\u1ea1o th\u00e0nh m\u1ed9t lo\u1ea1i n\u01b0\u1edbc soda nh\u1eb9 v\u00e0 t\u01b0\u01a1i, c\u00f3 ngu\u1ed3n g\u1ed1c tr\u1ef1c ti\u1ebfp t\u1eeb nh\u1eefng con su\u1ed1i tr\u00ean n\u00fai cao. Kh\u00f4ng c\u00f3 ch\u1ea5t b\u1ea3o qu\u1ea3n v\u00e0 ph\u1ea9m m\u00e0u, v\u1ecb ng\u1ecdt duy nh\u1ea5t \u0111\u01b0\u1ee3c th\u00eam v\u00e0o Malafemmena l\u00e0 m\u1ed9t ch\u00fat \u0111\u01b0\u1eddng m\u00eda.<\/span><\/p>\n<p>Bia g\u1eebng l\u00e0 m\u1ed9t lo\u1ea1i th\u1ee9c u\u1ed1ng t\u1ef1 nhi\u00ean n\u1ed5i ti\u1ebfng tr\u00ean th\u1ebf gi\u1edbi \u0111\u01b0\u1ee3c ch\u1ebf bi\u1ebfn b\u1eb1ng c\u00e1ch l\u00ean men g\u1eebng \u0111\u1ec3 chi\u1ebft xu\u1ea5t ra nh\u1eefng tinh ch\u1ea5t b\u1ed5 d\u01b0\u1ee1ng nh\u1ea5t c\u00f3 b\u00ean trong. Bia g\u1eebng c\u00f3 r\u1ea5t nhi\u1ec1u c\u00f4ng d\u1ee5ng nh\u01b0ng n\u00f4\u0309i b\u00e2\u0323t nh\u00e2\u0301t la\u0300 co\u0301 ch\u01b0a c\u00e1c men s\u1ed1ng v\u00e0 l\u1ee3i khu\u1ea9n gi\u00fap \u0111i\u1ec1u h\u00f2a c\u01a1 th\u1ec3 v\u00e0 c\u1ea3i thi\u1ec7n h\u1ec7 ti\u00eau h\u00f3a.<\/p>\n<p><img fetchpriority=\"high\" decoding=\"async\" class=\"wp-image-26658 aligncenter\" src=\"https:\/\/havamall.vn\/wp-content\/uploads\/2022\/05\/120221918_3954119507938601_6008243700538672598_n-300x212.jpg\" alt=\"\" width=\"725\" height=\"512\" srcset=\"https:\/\/havamall.vn\/wp-content\/uploads\/2022\/05\/120221918_3954119507938601_6008243700538672598_n-300x212.jpg 300w, https:\/\/havamall.vn\/wp-content\/uploads\/2022\/05\/120221918_3954119507938601_6008243700538672598_n-430x303.jpg 430w, https:\/\/havamall.vn\/wp-content\/uploads\/2022\/05\/120221918_3954119507938601_6008243700538672598_n-150x106.jpg 150w, https:\/\/havamall.vn\/wp-content\/uploads\/2022\/05\/120221918_3954119507938601_6008243700538672598_n-700x494.jpg 700w, https:\/\/havamall.vn\/wp-content\/uploads\/2022\/05\/120221918_3954119507938601_6008243700538672598_n-768x542.jpg 768w, https:\/\/havamall.vn\/wp-content\/uploads\/2022\/05\/120221918_3954119507938601_6008243700538672598_n-1024x722.jpg 1024w, https:\/\/havamall.vn\/wp-content\/uploads\/2022\/05\/120221918_3954119507938601_6008243700538672598_n-220x154.jpg 220w, https:\/\/havamall.vn\/wp-content\/uploads\/2022\/05\/120221918_3954119507938601_6008243700538672598_n-1200x846.jpg 1200w, https:\/\/havamall.vn\/wp-content\/uploads\/2022\/05\/120221918_3954119507938601_6008243700538672598_n-600x423.jpg 600w, https:\/\/havamall.vn\/wp-content\/uploads\/2022\/05\/120221918_3954119507938601_6008243700538672598_n.jpg 2048w\" sizes=\"(max-width: 725px) 100vw, 725px\" \/><\/p>\n<div dir=\"auto\">Bia g\u1eebng l\u00e0 m\u1ed9t lo\u1ea1i th\u1ee9c u\u1ed1ng t\u1ef1 nhi\u00ean kh\u00f4ng c\u1ed3n n\u1ed5i ti\u1ebfng tr\u00ean th\u1ebf gi\u1edbi \u0111\u01b0\u1ee3c ch\u1ebf bi\u1ebfn b\u1eb1ng c\u00e1ch l\u00ean men g\u1eebng \u0111\u1ec3 chi\u1ebft xu\u1ea5t ra nh\u1eefng tinh ch\u1ea5t b\u1ed5 d\u01b0\u1ee1ng nh\u1ea5t c\u00f3 b\u00ean trong. \u0110\u00e2y c\u0169ng d\u00f2ng th\u1ee9c u\u1ed1ng s\u00e0nh \u0111i\u1ec7u thanh l\u1ecbch \u0111\u1ebfn t\u1eeb n\u01b0\u1edbc \u00dd, \u0111\u1eb7c bi\u1ec7t d\u00e0nh cho nh\u1eefng ng\u01b0\u1eddi th\u00edch n\u00e2ng cao h\u01b0\u01a1ng v\u1ecb v\u00e0 phong c\u00e1ch &#8220;made in Italy&#8221;.<\/div>\n<p>V\u1eeba ngon, v\u1eeba ng\u1ecdt l\u1ea1i v\u1eeba th\u01a1m, bia g\u1eebng ODK nh\u1ea5t \u0111\u1ecbnh l\u00e0 m\u00f3n th\u1ee9c u\u1ed1ng kh\u00f4ng th\u1ec3 thi\u1ebfu trong m\u00f9a h\u00e8 n\u00e0y. Bia g\u01b0\u0300ng ODK ch\u1ee9a nhi\u1ec1u l\u1ee3i khu\u1ea9n, gi\u00fap c\u1ea3i thi\u1ec7n h\u1ec7 ti\u00eau h\u00f3a, gi\u1ea3m n\u1ed3ng \u0111\u1ed9 cholesterol, \u0111\u01b0\u1eddng huy\u1ebft\u2026<\/p>\n<p><img decoding=\"async\" class=\"wp-image-26663 aligncenter\" src=\"https:\/\/havamall.vn\/wp-content\/uploads\/2022\/05\/183092565-1-215x300.png\" alt=\"\" width=\"736\" height=\"1027\" srcset=\"https:\/\/havamall.vn\/wp-content\/uploads\/2022\/05\/183092565-1-215x300.png 215w, https:\/\/havamall.vn\/wp-content\/uploads\/2022\/05\/183092565-1-430x601.png 430w, https:\/\/havamall.vn\/wp-content\/uploads\/2022\/05\/183092565-1-150x210.png 150w, https:\/\/havamall.vn\/wp-content\/uploads\/2022\/05\/183092565-1-733x1024.png 733w\" sizes=\"(max-width: 736px) 100vw, 736px\" \/><\/p>\n<p>Bia g\u1eebng ODK s\u1ebd c\u00e0ng ngon h\u01a1n khi \u0111\u01b0\u1ee3c pha ch\u1ebf theo c\u00f4ng th\u1ee9c \u00fap ng\u01b0\u1ee3c \u2013 \u201cc\u01a1n s\u1ed1t\u201d \u0111\u00e3 l\u00e0m \u0111i\u00ean \u0111\u1ea3o gi\u1edbi tr\u1ebb trong m\u1ed9t th\u1eddi gian d\u00e0i v\u00e0 \u0111\u1ebfn nay v\u1eabn ch\u01b0a c\u00f3 d\u1ea5u hi\u1ec7u h\u1ea1 nhi\u1ec7t. H\u01b0\u01a1ng v\u1ecb th\u01a1m ng\u1ecdt c\u1ee7a bia g\u1eebng h\u00f2a quy\u1ec7n v\u1edbi tr\u00e1i c\u00e2y t\u01b0\u01a1i v\u00e0 siro ODK h\u1ee9a h\u1eb9n s\u1ebd mang l\u1ea1i nh\u1eefng tr\u1ea3i nghi\u1ec7m v\u1ecb gi\u00e1c m\u1edbi l\u1ea1.<\/p>\n<p>Trong m\u1ed9t ng\u00e0y oi n\u1ed3ng, khui cho m\u00ecnh m\u1ed9t chai bia g\u1eebng ODK, nh\u1ea5p t\u1eebng ng\u1ee5m m\u00e1t l\u1ea1nh v\u00e0 c\u1ea3m nh\u1eadn d\u00f2ng bia m\u01b0\u1ee3t m\u00e0 c\u00f9ng v\u1ecb g\u1eebng th\u01a1m ngon lan t\u1ecfa n\u01a1i \u0111\u1ea7u l\u01b0\u1ee1i, chi\u1ec1u chu\u1ed9ng v\u1ecb gi\u00e1c v\u00e0 b\u1eadt tung s\u1ea3ng kho\u00e1i, b\u1ea1n s\u1ebd th\u1ea5y c\u00e1i n\u1eafng n\u00f3ng ngo\u00e0i kia d\u01b0\u1eddng nh\u01b0 c\u0169ng d\u1ecbu m\u00e1t h\u01a1n nhi\u1ec1u.<img decoding=\"async\" class=\"wp-image-26660 aligncenter\" src=\"https:\/\/havamall.vn\/wp-content\/uploads\/2022\/05\/132095486_2-300x244.png\" alt=\"\" width=\"754\" height=\"614\" srcset=\"https:\/\/havamall.vn\/wp-content\/uploads\/2022\/05\/132095486_2-300x244.png 300w, https:\/\/havamall.vn\/wp-content\/uploads\/2022\/05\/132095486_2-430x350.png 430w, https:\/\/havamall.vn\/wp-content\/uploads\/2022\/05\/132095486_2-150x122.png 150w, https:\/\/havamall.vn\/wp-content\/uploads\/2022\/05\/132095486_2-700x569.png 700w, https:\/\/havamall.vn\/wp-content\/uploads\/2022\/05\/132095486_2-768x625.png 768w, https:\/\/havamall.vn\/wp-content\/uploads\/2022\/05\/132095486_2-600x488.png 600w, https:\/\/havamall.vn\/wp-content\/uploads\/2022\/05\/132095486_2.png 900w\" sizes=\"(max-width: 754px) 100vw, 754px\" \/><\/p>\n<h3><strong>H\u01b0\u1edbng d\u1eabn s\u1eed d\u1ee5ng:<\/strong><\/h3>\n<p>&#8211; D\u00f9ng tr\u1ef1c ti\u1ebfp, ngon h\u01a1n khi u\u1ed1ng l\u1ea1nh.<\/p>\n<p>&#8211;\u00a0Ho\u00e0n h\u1ea3o \u0111\u1ec3 b\u1ed5 sung cho c\u00e1c lo\u1ea1i cocktail v\u00e0 \u0111\u1ed3 u\u1ed1ng.<\/p>\n<p>S\u1ea3n ph\u1ea9m hi\u1ec7n \u0111\u00e3 c\u00f3 m\u1eb7t t\u1ea1i Havamall.<\/p>\n<p><img loading=\"lazy\" decoding=\"async\" class=\"wp-image-26661 aligncenter\" src=\"https:\/\/havamall.vn\/wp-content\/uploads\/2022\/05\/185830240-233x300.png\" alt=\"\" width=\"762\" height=\"981\" srcset=\"https:\/\/havamall.vn\/wp-content\/uploads\/2022\/05\/185830240-233x300.png 233w, https:\/\/havamall.vn\/wp-content\/uploads\/2022\/05\/185830240-430x553.png 430w, https:\/\/havamall.vn\/wp-content\/uploads\/2022\/05\/185830240-150x193.png 150w, https:\/\/havamall.vn\/wp-content\/uploads\/2022\/05\/185830240-700x900.png 700w, https:\/\/havamall.vn\/wp-content\/uploads\/2022\/05\/185830240-600x771.png 600w\" sizes=\"(max-width: 762px) 100vw, 762px\" \/><\/p>","protected":false},"excerpt":{"rendered":"<p>T\u1ea1i \u00dd lu\u00f4n \u0111\u00e1nh gi\u00e1 cao gi\u00e1 tr\u1ecb c\u1ee7a vi\u1ec7c s\u1eed d\u1ee5ng c\u00e1c nguy\u00ean li\u1ec7u t\u1ed1t nh\u1ea5t. Do \u0111\u00f3, ch\u1ec9<\/p>","protected":false},"featured_media":26662,"comment_status":"open","ping_status":"closed","template":"","meta":[],"product_brand":[],"product_cat":[36,135],"product_tag":[],"class_list":{"0":"post-26657","1":"product","2":"type-product","3":"status-publish","4":"has-post-thumbnail","6":"product_cat-thuc-pham-tieu-dung","7":"product_cat-sua-do-uong","9":"first","10":"outofstock","11":"sale","12":"shipping-taxable","13":"purchasable","14":"product-type-simple"},"_links":{"self":[{"href":"https:\/\/havamall.vn\/en\/wp-json\/wp\/v2\/product\/26657"}],"collection":[{"href":"https:\/\/havamall.vn\/en\/wp-json\/wp\/v2\/product"}],"about":[{"href":"https:\/\/havamall.vn\/en\/wp-json\/wp\/v2\/types\/product"}],"replies":[{"embeddable":true,"href":"https:\/\/havamall.vn\/en\/wp-json\/wp\/v2\/comments?post=26657"}],"version-history":[{"count":0,"href":"https:\/\/havamall.vn\/en\/wp-json\/wp\/v2\/product\/26657\/revisions"}],"wp:featuredmedia":[{"embeddable":true,"href":"https:\/\/havamall.vn\/en\/wp-json\/wp\/v2\/media\/26662"}],"wp:attachment":[{"href":"https:\/\/havamall.vn\/en\/wp-json\/wp\/v2\/media?parent=26657"}],"wp:term":[{"taxonomy":"product_brand","embeddable":true,"href":"https:\/\/havamall.vn\/en\/wp-json\/wp\/v2\/product_brand?post=26657"},{"taxonomy":"product_cat","embeddable":true,"href":"https:\/\/havamall.vn\/en\/wp-json\/wp\/v2\/product_cat?post=26657"},{"taxonomy":"product_tag","embeddable":true,"href":"https:\/\/havamall.vn\/en\/wp-json\/wp\/v2\/product_tag?post=26657"}],"curies":[{"name":"wp","href":"https:\/\/api.w.org\/{rel}","templated":true}]}}