{"id":26515,"date":"2022-04-28T13:39:19","date_gmt":"2022-04-28T06:39:19","guid":{"rendered":"https:\/\/havamall.vn\/?post_type=product&#038;p=26515"},"modified":"2025-11-13T15:10:55","modified_gmt":"2025-11-13T08:10:55","slug":"mam-xoi-den-dong-lanh-andros-600g-frozen-blackberry","status":"publish","type":"product","link":"https:\/\/havamall.vn\/en\/shop\/mam-xoi-den-dong-lanh-andros-600g-frozen-blackberry\/","title":{"rendered":"M\u00e2m X\u00f4i \u0110en \u0110\u00f4ng L\u1ea1nh Andros 600g &#8211; Frozen Blackberry"},"content":{"rendered":"<div class=\"j83agx80\">\n<div>\n<div class=\"dwo3fsh8 g5ia77u1 rt8b4zig n8ej3o3l agehan2d sk4xxmp2 rq0escxv q9uorilb kvgmc6g5 cxmmr5t8 oygrvhab hcukyx3x jb3vyjys rz4wbd8a qt6c0cv9 a8nywdso l9j0dhe7 i1ao9s8h k4urcfbm\">\n<div class=\"j83agx80 cbu4d94t sj5x9vvc cxgpxx05\">\n<div class=\"rq0escxv l9j0dhe7 du4w35lb j83agx80 pfnyh3mw jifvfom9 ll8tlv6m owycx6da btwxx1t3 hv4rvrfc dati1w0a jb3vyjys b5q2rw42 lq239pai mysgfdmx hddg9phg\">\n<div class=\"rq0escxv l9j0dhe7 du4w35lb j83agx80 cbu4d94t d2edcug0 hpfvmrgz rj1gh0hx buofh1pr g5gj957u o8rfisnq p8fzw8mz pcp91wgn iuny7tx3 ipjc6fyt\">\n<div class=\"j83agx80 cbu4d94t ew0dbk1b irj2b8pg\">\n<div class=\"qzhwtbm6 knvmm38d\">\n<div class=\"j83agx80 cbu4d94t ew0dbk1b irj2b8pg\">\n<div class=\"qzhwtbm6 knvmm38d\">\n<div class=\"kvgmc6g5 cxmmr5t8 oygrvhab hcukyx3x c1et5uql\">\n<p dir=\"auto\">Andros Asia l\u00e0 c\u00f4ng ty c\u1ee7a Ph\u00e1p t\u1ea1i Vi\u1ec7t Nam, l\u00e0 chuy\u00ean gia s\u1ea3n xu\u1ea5t ch\u1ebf bi\u1ebfn c\u00e1c lo\u1ea1i tr\u00e1i c\u00e2y, nguy\u00ean li\u1ec7u chuy\u00ean d\u00f9ng trong l\u0129nh v\u1ef1c th\u1ee9c u\u1ed1ng v\u00e0 b\u00e1nh ng\u1ecdt.<\/p>\n<\/div>\n<\/div>\n<\/div>\n<\/div>\n<\/div>\n<\/div>\n<\/div>\n<\/div>\n<\/div>\n<\/div>\n<\/div>\n<div class=\"j83agx80\">\n<div class=\"dwo3fsh8 g5ia77u1 rt8b4zig n8ej3o3l agehan2d sk4xxmp2 rq0escxv q9uorilb kvgmc6g5 cxmmr5t8 oygrvhab hcukyx3x jb3vyjys rz4wbd8a qt6c0cv9 a8nywdso l9j0dhe7 i1ao9s8h k4urcfbm\">\n<div class=\"j83agx80 cbu4d94t sj5x9vvc cxgpxx05\">\n<div class=\"rq0escxv l9j0dhe7 du4w35lb j83agx80 pfnyh3mw jifvfom9 ll8tlv6m owycx6da btwxx1t3 hv4rvrfc dati1w0a jb3vyjys b5q2rw42 lq239pai mysgfdmx hddg9phg\">\n<div class=\"rq0escxv l9j0dhe7 du4w35lb j83agx80 cbu4d94t d2edcug0 hpfvmrgz rj1gh0hx buofh1pr g5gj957u o8rfisnq p8fzw8mz pcp91wgn iuny7tx3 ipjc6fyt\">\n<div class=\"j83agx80 cbu4d94t ew0dbk1b irj2b8pg\">\n<div class=\"qzhwtbm6 knvmm38d\">\n<div class=\"j83agx80 cbu4d94t ew0dbk1b irj2b8pg\">\n<div class=\"qzhwtbm6 knvmm38d\">\n<div class=\"kvgmc6g5 cxmmr5t8 oygrvhab hcukyx3x c1et5uql\">\n<p dir=\"auto\">ANDROS l\u00e0 c\u00f4ng ty gia \u0111\u00ecnh \u1edf v\u00f9ng ngo\u1ea1i \u00f4 Ph\u00e1p v\u1edbi nh\u1eefng gi\u00e1 tr\u1ecb \u0111\u00e1ng t\u1ef1 h\u00e0o trong h\u01a1n 100 n\u0103m v\u00e0 mong mu\u1ed1n ph\u00e1t tri\u1ec3n th\u00e0nh m\u1ed9t t\u1eadp \u0111o\u00e0n c\u00f4ng nghi\u00eap \u0111a qu\u1ed1c gia. M\u1eb7c d\u00f9 t\u1eeb x\u01b0a \u0111\u1ebfn nay tr\u00e1i c\u00e2y lu\u00f4n l\u00e0 d\u00f2ng s\u1ea3n ph\u1ea9m ch\u00ednh c\u1ee7a ANDROS, t\u1eadp \u0111o\u00e0n c\u00f2n m\u1edf r\u1ed9ng s\u1ea3n xu\u1ea5t th\u00eam nhi\u1ec1u s\u1ea3n ph\u1ea9m kh\u00e1c nh\u01b0 b\u00e1nh k\u1eb9o, s\u1ea3n ph\u1ea9m t\u1eeb s\u1eefa v\u00e0 \u0111\u1ed3 tr\u00e1ng mi\u00eang \u0111\u00f4ng l\u1ea1nh.<\/p>\n<p dir=\"auto\">ANDROS Asia l\u00e0 chuy\u00ean gia s\u1ea3n xu\u1ea5t c\u00e1c lo\u1ea1i tr\u00e1i c\u00e2y t\u1eeb ngu\u1ed3n nguy\u00ean li\u00eau \u0111\u1ecba ph\u01b0\u01a1ng. V\u1edbi ni\u1ec1m \u0111am m\u00ea t\u1ea1o ra nh\u1eefng s\u1ea3n ph\u1ea9m tr\u00e1i c\u00e2y ch\u1ea5t l\u01b0\u1ee3ng v\u00e0 kinh nghi\u1ec7m l\u00e0m m\u1ee9t l\u00e2u \u0111\u1eddi, ANDROS \u0111a d\u1ea1ng h\u00f3a s\u1ea3n ph\u1ea9m \u0111\u1ec3 mang t\u1edbi nh\u1eefng d\u00f2ng s\u1ea3n ph\u1ea9m nguy\u00ean li\u1ec7u ch\u1ebf bi\u1ebfn th\u1ee9c u\u1ed1ng v\u00e0 b\u00e1nh ng\u1ecdt. M\u1ecdi s\u1ea3n ph\u1ea9m \u0111\u1ec1u \u0111\u01b0\u1ee3c ch\u1ebf bi\u1ebfn d\u1ef1a tr\u00ean n\u1eefng chuy\u00ean m\u00f4n v\u00e0 b\u00ed quy\u1ebft l\u00e2u \u0111\u1eddi t\u1eeb Ph\u00e1p.<\/p>\n<p dir=\"auto\"><img fetchpriority=\"high\" decoding=\"async\" class=\"wp-image-26462 aligncenter\" src=\"https:\/\/havamall.com\/wp-content\/uploads\/2025\/07\/173779008-300x201.png\" alt=\"\" width=\"713\" height=\"478\" \/><\/p>\n<p dir=\"auto\">M\u00e2m x\u00f4i \u0111en Andros l\u00e0 d\u00f2ng s\u1ea3n ph\u1ea9m tr\u00e1i c\u00e2y \u0111\u00f4ng l\u1ea1nh v\u1edbi d\u00e2y chuy\u1ec1n c\u1ea5p \u0111\u00f4ng si\u00eau t\u1ed1c (IQF) 100% l\u00e0m t\u1eeb tr\u00e1i c\u00e2y t\u1ef1 nhi\u00ean v\u00e0 \u0111\u01b0\u1ee3c l\u1ef1a ch\u1ecdn k\u1ef9 l\u01b0\u1ee1ng, \u0111\u01b0\u1ee3c \u0111\u00f3ng g\u00f3i ti\u1ec7n l\u1ee3i \u0111\u1ec3 ph\u1ee5c v\u1ee5 m\u1ecdi nhu c\u1ea7u s\u1eed d\u1ee5ng su\u1ed1t c\u1ea3 n\u0103m.<\/p>\n<div class=\"kvgmc6g5 cxmmr5t8 oygrvhab hcukyx3x c1et5uql ii04i59q\">\n<p dir=\"auto\">Tr\u00e1i c\u00e2y \u0111\u01b0\u1ee3c ch\u1ecdn t\u1eeb nh\u1eefng ngu\u1ed3n v\u00e0 gi\u1ed1ng t\u1ed1t nh\u1ea5t \u0111\u1ea3m b\u1ea3o kh\u00f4ng \u0111\u01b0\u1eddng, kh\u00f4ng ch\u1ea5t t\u1ea1o m\u00f9i, kh\u00f4ng ch\u1ea5t t\u1ea1o m\u00e0u, kh\u00f4ng ch\u1ea5t b\u1ea3o qu\u1ea3n n\u00ean r\u1ea5t an to\u00e0n cho ng\u01b0\u1eddi s\u1eed d\u1ee5ng. S\u1ea3n ph\u1ea9m \u0111\u01b0\u1ee3c l\u00e0m l\u1ea1nh ngay sau khi thu ho\u1ea1ch n\u00ean gi\u1eef \u0111\u01b0\u1ee3c tr\u1ecdn v\u1eb9n h\u01b0\u01a1ng v\u1ecb, \u0111\u1ed9 t\u01b0\u01a1i ngon c\u00f9ng c\u00e1c vitamin, kho\u00e1ng ch\u1ea5t.<\/p>\n<p dir=\"auto\"><img decoding=\"async\" class=\"wp-image-26516 aligncenter\" src=\"https:\/\/havamall.com\/wp-content\/uploads\/2025\/07\/blackberr-230x300.png\" alt=\"\" width=\"714\" height=\"932\" \/><\/p>\n<p dir=\"auto\">Qu\u1ea3 m\u00e2m x\u00f4i \u0111\u01b0\u1ee3c xem l\u00e0 \u201cch\u00faa t\u1ec3\u201d c\u1ee7a c\u00e1c lo\u1ea1i qu\u1ea3 kh\u00f4ng kh\u00f4ng ch\u1ec9 nh\u1edd ch\u1ee9a nhi\u1ec1u gi\u00e1 tr\u1ecb dinh d\u01b0\u1ee1ng t\u1ed1t cho s\u1ee9c kh\u1ecfe m\u00e0 ch\u00fang c\u00f2n \u0111\u01b0\u1ee3c d\u00f9ng \u0111\u1ec3 l\u00e0m nhi\u1ec1u lo\u1ea1i thu\u1ed1c kh\u00e1c nhau \u0111\u01b0\u1ee3c s\u1eed d\u1ee5ng t\u1eeb th\u00e2n c\u00e2y, l\u00e1 v\u00e0 c\u1ea3 qu\u1ea3 \u0111\u1eb7c bi\u1ec7t h\u1eefu \u00edch trong vi\u1ec7c \u0111i\u1ec1u tr\u1ecb b\u1ec7nh.\u00a0\u0110\u00f4ng y coi qu\u1ea3 m\u00e2m x\u00f4i l\u00e0 m\u1ed9t lo\u1ea1i qu\u1ea3 \u201cth\u1ef1c d\u01b0\u1ee3c l\u01b0\u1ee1ng d\u1ee5ng\u201d c\u00f3 ngh\u0129a l\u00e0 v\u1eeba l\u00e0m th\u1ef1c ph\u1ea9m v\u1eeba l\u00e0m th\u1ea3o d\u01b0\u1ee3c tr\u1ecb b\u1ec7nh.<\/p>\n<p dir=\"auto\"><img decoding=\"async\" class=\"wp-image-26522 aligncenter\" src=\"https:\/\/havamall.com\/wp-content\/uploads\/2025\/07\/29472155-1-300x278.png\" alt=\"\" width=\"718\" height=\"666\" \/><\/p>\n<div class=\"entry-content\">\n<h3><strong>L\u1ee3i \u00edch s\u1ee9c kh\u1ecfe c\u1ee7a Ph\u00fac B\u1ed3n T\u1eed \u0110en<\/strong><\/h3>\n<h5><em><strong>B\u1ea3o v\u1ec7 da<\/strong>:<\/em><\/h5>\n<p>C\u00e1c lo\u1ea1i qu\u1ea3 h\u1ecd d\u00e2u l\u00e0 ngu\u1ed3n d\u1ed3i d\u00e0o axit ellagic gi\u00fap gi\u1ea3m t\u00e1c h\u1ea1i c\u1ee7a \u00e1nh n\u1eafng m\u1eb7t tr\u1eddi \u0111\u1ed1i v\u1edbi da, lo\u1ea1i axit n\u00e0y c\u0169ng ng\u0103n ch\u1eb7n s\u1ef1 ph\u00e1 v\u1ee1 collagen, gi\u00fap cho da s\u0103n ch\u1eafc v\u00e0 ng\u0103n ng\u1eeba s\u01b0ng vi\u00eam.<\/p>\n<h5><em><strong>T\u0103ng c\u01b0\u1eddng s\u1ee9c kh\u1ecfe \u0111\u01b0\u1eddng ru\u1ed9t:<\/strong><\/em><\/h5>\n<p>M\u00e2m x\u00f4i \u0111en ch\u1ee9a c\u1ea3 hai lo\u1ea1i ch\u1ea5t x\u01a1 (h\u00f2a tan v\u00e0 kh\u00f4ng h\u00f2a tan) gi\u00fap \u0111i\u1ec1u h\u00f2a \u0111\u01b0\u1eddng ru\u1ed9t v\u00e0 lo\u1ea1i b\u1ecf c\u00e1c \u0111\u1ed9c t\u1ed1 kh\u1ecfi \u0111\u01b0\u1eddng ru\u1ed9t.<\/p>\n<h5><em><strong>B\u1ea3o v\u1ec7 tim m\u1ea1ch:<\/strong><\/em><\/h5>\n<p>M\u00e2m x\u00f4i \u0111en ch\u1ee9a axit salicylic v\u1edbi \u0111\u1eb7c t\u00ednh t\u01b0\u01a1ng t\u1ef1 nh\u01b0 aspirin (axit acetylsalicylic) gi\u00fap ph\u00f2ng ch\u1ed1ng b\u1ec7nh tim, l\u00e0m gi\u1ea3m huy\u1ebft \u00e1p v\u00e0 gi\u1ea3m \u0111au.<\/p>\n<p><img loading=\"lazy\" decoding=\"async\" class=\"wp-image-26519 aligncenter\" src=\"https:\/\/havamall.com\/wp-content\/uploads\/2025\/07\/520140_n-300x276.png\" alt=\"\" width=\"749\" height=\"689\" \/><\/p>\n<h5><em><strong>Ch\u1ed1ng ung th\u01b0:<\/strong><\/em><\/h5>\n<p>Axit ellagic c\u00f3 t\u00e1c d\u1ee5ng l\u00e0m ng\u1eebng t\u0103ng tr\u01b0\u1edfng c\u00e1c t\u1ebf b\u00e0o ung th\u01b0(\u0111\u00e3 \u0111\u01b0\u1ee3c nghi\u00ean c\u1ee9u t\u1ea1i ph\u00f2ng th\u00ed nghi\u1ec7m).<\/p>\n<\/div>\n<h5 class=\"entry-content\"><em><strong>Ch\u1ed1ng t\u00ecnh tr\u1ea1ng \u0103n nhi\u1ec1u v\u00e0 b\u00e9o ph\u00ec<\/strong><\/em><\/h5>\n<p class=\"entry-content\">Qu\u1ea3 m\u00e2m x\u00f4i \u0111en gi\u00e0u ch\u1ea5t x\u01a1 th\u1ef1c ph\u1ea9m v\u1ed1n \u0111\u00f3ng vai tr\u00f2 quan tr\u1ecdng \u0111\u1ed1i v\u1edbi c\u00e1c ch\u1ee9c n\u0103ng c\u01a1 th\u1ec3.\u00a0\u0110\u1eb7c bi\u1ec7t, ch\u1ea5t x\u01a1 gi\u00fap tr\u00ec ho\u00e3n t\u1ed1c \u0111\u1ed9 ti\u00eau h\u00f3a th\u1ee9c \u0103n, khi\u1ebfn ch\u00fang ta c\u1ea3m th\u1ea5y no l\u00e2u, nh\u1edd \u0111\u00f3 gi\u1ea3m nguy c\u01a1 \u0103n nhi\u1ec1u v\u00e0 ch\u1ed1ng b\u00e9o ph\u00ec.<\/p>\n<h5 class=\"entry-content\"><em><strong>T\u1ed1t cho \u0111\u00f4i m\u1eaft<\/strong><\/em><\/h5>\n<div class=\"entry-content\">\n<p>Qu\u1ea3 m\u00e2m x\u00f4i \u0111en ch\u1ee9a h\u00e0m l\u01b0\u1ee3ng cao vitamin C (m\u1ed9t ph\u1ea7n \u0103n cung c\u1ea5p t\u1edbi 50% vitamin C c\u01a1 th\u1ec3 c\u1ea7n b\u1ed5 sung m\u1ed7i ng\u00e0y) v\u00e0 beta-carotene (ti\u1ec1n ch\u1ea5t vitamin A), n\u00ean r\u1ea5t c\u00f3 l\u1ee3i \u00edch cho s\u1ee9c kh\u1ecfe \u0111\u00f4i m\u1eaft.<\/p>\n<p><img loading=\"lazy\" decoding=\"async\" class=\"wp-image-26518 aligncenter\" src=\"https:\/\/havamall.com\/wp-content\/uploads\/2025\/07\/56622576-300x300.png\" alt=\"\" width=\"744\" height=\"744\" \/><\/p>\n<h3><strong>H\u01b0\u1edbng d\u1eabn s\u1eed d\u1ee5ng:<\/strong><\/h3>\n<p>\u2013 L\u1ea5y l\u01b0\u1ee3ng v\u1eeba \u0111\u1ee7 d\u00f9ng \u0111\u1ec3 ra ngo\u00e0i cho gi\u00e3 \u0111\u00f4ng r\u1ed3i d\u00f9ng ngay. Ho\u1eb7c c\u00f3 th\u1ec3 \u0111\u1ec3 xu\u1ed1ng ng\u0103n m\u00e1t t\u1ee7 l\u1ea1nh (kho\u1ea3ng 1-3 \u0111\u1ed9 C) r\u1ed3i d\u00f9ng d\u1ea7n trong v\u00f2ng 3 ng\u00e0y sau \u0111\u00f3.<\/p>\n<p>\u2013 M\u00e2m x\u00f4i \u0111\u00f4ng l\u1ea1nh \u0111\u01b0\u1ee3c d\u00f9ng nh\u01b0 tr\u00e1i c\u00e2y t\u01b0\u01a1i b\u00ecnh th\u01b0\u1eddng: \u0103n k\u00e8m s\u1eefa chua, xay sinh t\u1ed1, l\u00e0m m\u1ee9t, l\u00e0m b\u00e1nh,\u2026ho\u1eb7c d\u00f9ng l\u00e0m n\u01b0\u1edbc s\u1ed1t cho c\u00e1c m\u00f3n \u0103n T\u00e2y \u0111\u1ec1u r\u1ea5t ngon v\u00e0 b\u1ed5 d\u01b0\u1ee1ng.<\/p>\n<\/div>\n<div class=\"j83agx80\">\n<div class=\"dwo3fsh8 g5ia77u1 rt8b4zig n8ej3o3l agehan2d sk4xxmp2 rq0escxv q9uorilb kvgmc6g5 cxmmr5t8 oygrvhab hcukyx3x jb3vyjys rz4wbd8a qt6c0cv9 a8nywdso l9j0dhe7 i1ao9s8h k4urcfbm\">\n<div class=\"j83agx80 cbu4d94t sj5x9vvc cxgpxx05\">\n<div class=\"rq0escxv l9j0dhe7 du4w35lb j83agx80 pfnyh3mw jifvfom9 ll8tlv6m owycx6da btwxx1t3 hv4rvrfc dati1w0a jb3vyjys b5q2rw42 lq239pai mysgfdmx hddg9phg\">\n<div class=\"rq0escxv l9j0dhe7 du4w35lb j83agx80 cbu4d94t d2edcug0 hpfvmrgz rj1gh0hx buofh1pr g5gj957u o8rfisnq p8fzw8mz pcp91wgn iuny7tx3 ipjc6fyt\">\n<div class=\"j83agx80 cbu4d94t ew0dbk1b irj2b8pg\">\n<div class=\"qzhwtbm6 knvmm38d\">\n<div class=\"j83agx80 cbu4d94t ew0dbk1b irj2b8pg\">\n<div class=\"qzhwtbm6 knvmm38d\">\n<div class=\"kvgmc6g5 cxmmr5t8 oygrvhab hcukyx3x c1et5uql\">\n<div class=\"kvgmc6g5 cxmmr5t8 oygrvhab hcukyx3x c1et5uql ii04i59q\">\n<h3><strong>\u0110\u1eb7c \u0111i\u1ec3m n\u1ed5i b\u1eadt c\u1ee7a s\u1ea3n ph\u1ea9m:<\/strong><\/h3>\n<p>\u2013 C\u00f4ng ngh\u1ec7 l\u00e0m l\u1ea1nh nhanh gi\u00fap gi\u1eef nguy\u00ean v\u1eb9n m\u00f9i v\u1ecb v\u00e0 ch\u1ea5t dinh d\u01b0\u1ee1ng c\u00f3 trong m\u00e2m x\u00f4i<\/p>\n<p>\u2013 S\u1ea3n ph\u1ea9m \u0111\u01b0\u1ee3c \u0111\u00f3n g\u00f3i d\u1ea1ng h\u1ed9p gi\u00fap b\u1ea3o qu\u1ea3n d\u1ec5 d\u00e0ng h\u01a1n<\/p>\n<p>\u2013 C\u00f3 th\u1ec3 s\u1eed d\u1ee5ng v\u00e0 b\u1ea3o qu\u1ea3n trong th\u1eddi gian d\u00e0i<\/p>\n<\/div>\n<\/div>\n<\/div>\n<\/div>\n<\/div>\n<\/div>\n<\/div>\n<\/div>\n<\/div>\n<\/div>\n<\/div>\n<p>\u2013 T\u1eeb tr\u00e1i c\u00e2y ch\u00edn m\u1ecdng \u0111\u01b0\u1ee3c l\u1ef1a ch\u1ecdn k\u0129 l\u01b0\u1ee1ng t\u1eeb h\u1ec7 th\u1ed1ng cung c\u1ea5p c\u1ee7a Andros<\/p>\n<p>\u2013 \u0110\u01b0\u1ee3c ph\u00e2n lo\u1ea1i t\u1eadn tay v\u00e0 ch\u1ecdn l\u1ecdc ch\u1eb7t ch\u1ebd tr\u01b0\u1edbc khi \u0111\u00f3ng g\u00f3i<\/p>\n<p>\u2013 Tr\u00e1i c\u00e2y \u0111\u01b0\u1ee3c ch\u1ecdn t\u1eeb nh\u1eefng ngu\u1ed3n v\u00e0 gi\u1ed1ng t\u1ed1t nh\u1ea5t<\/p>\n<\/div>\n<\/div>\n<\/div>\n<\/div>\n<\/div>\n<\/div>\n<\/div>\n<\/div>\n<\/div>\n<\/div>\n<\/div>","protected":false},"excerpt":{"rendered":"<p>Andros Asia l\u00e0 c\u00f4ng ty c\u1ee7a Ph\u00e1p t\u1ea1i Vi\u1ec7t Nam, l\u00e0 chuy\u00ean gia s\u1ea3n xu\u1ea5t ch\u1ebf bi\u1ebfn c\u00e1c lo\u1ea1i tr\u00e1i<\/p>","protected":false},"featured_media":26520,"comment_status":"open","ping_status":"closed","template":"","meta":[],"product_brand":[],"product_cat":[275,36],"product_tag":[],"class_list":{"0":"post-26515","1":"product","2":"type-product","3":"status-publish","4":"has-post-thumbnail","6":"product_cat-thuc-pham-dong-lanh","7":"product_cat-thuc-pham-tieu-dung","8":"pa_brand-andros","10":"first","11":"instock","12":"sale","13":"shipping-taxable","14":"purchasable","15":"product-type-simple"},"_links":{"self":[{"href":"https:\/\/havamall.vn\/en\/wp-json\/wp\/v2\/product\/26515"}],"collection":[{"href":"https:\/\/havamall.vn\/en\/wp-json\/wp\/v2\/product"}],"about":[{"href":"https:\/\/havamall.vn\/en\/wp-json\/wp\/v2\/types\/product"}],"replies":[{"embeddable":true,"href":"https:\/\/havamall.vn\/en\/wp-json\/wp\/v2\/comments?post=26515"}],"version-history":[{"count":0,"href":"https:\/\/havamall.vn\/en\/wp-json\/wp\/v2\/product\/26515\/revisions"}],"wp:featuredmedia":[{"embeddable":true,"href":"https:\/\/havamall.vn\/en\/wp-json\/wp\/v2\/media\/26520"}],"wp:attachment":[{"href":"https:\/\/havamall.vn\/en\/wp-json\/wp\/v2\/media?parent=26515"}],"wp:term":[{"taxonomy":"product_brand","embeddable":true,"href":"https:\/\/havamall.vn\/en\/wp-json\/wp\/v2\/product_brand?post=26515"},{"taxonomy":"product_cat","embeddable":true,"href":"https:\/\/havamall.vn\/en\/wp-json\/wp\/v2\/product_cat?post=26515"},{"taxonomy":"product_tag","embeddable":true,"href":"https:\/\/havamall.vn\/en\/wp-json\/wp\/v2\/product_tag?post=26515"}],"curies":[{"name":"wp","href":"https:\/\/api.w.org\/{rel}","templated":true}]}}