{"id":26495,"date":"2022-04-28T10:23:44","date_gmt":"2022-04-28T03:23:44","guid":{"rendered":"https:\/\/havamall.vn\/?post_type=product&#038;p=26495"},"modified":"2025-11-13T15:36:21","modified_gmt":"2025-11-13T08:36:21","slug":"nam-viet-quat-dong-lanh-andros-500g-frozen-cranberry","status":"publish","type":"product","link":"https:\/\/havamall.vn\/en\/shop\/nam-viet-quat-dong-lanh-andros-500g-frozen-cranberry\/","title":{"rendered":"Nam Vi\u1ec7t Qu\u1ea5t \u0110\u00f4ng L\u1ea1nh Andros 500g &#8211; Frozen Cranberry"},"content":{"rendered":"<div class=\"j83agx80\">\n<div>\n<div class=\"dwo3fsh8 g5ia77u1 rt8b4zig n8ej3o3l agehan2d sk4xxmp2 rq0escxv q9uorilb kvgmc6g5 cxmmr5t8 oygrvhab hcukyx3x jb3vyjys rz4wbd8a qt6c0cv9 a8nywdso l9j0dhe7 i1ao9s8h k4urcfbm\">\n<div class=\"j83agx80 cbu4d94t sj5x9vvc cxgpxx05\">\n<div class=\"rq0escxv l9j0dhe7 du4w35lb j83agx80 pfnyh3mw jifvfom9 ll8tlv6m owycx6da btwxx1t3 hv4rvrfc dati1w0a jb3vyjys b5q2rw42 lq239pai mysgfdmx hddg9phg\">\n<div class=\"rq0escxv l9j0dhe7 du4w35lb j83agx80 cbu4d94t d2edcug0 hpfvmrgz rj1gh0hx buofh1pr g5gj957u o8rfisnq p8fzw8mz pcp91wgn iuny7tx3 ipjc6fyt\">\n<div class=\"j83agx80 cbu4d94t ew0dbk1b irj2b8pg\">\n<div class=\"qzhwtbm6 knvmm38d\">\n<div class=\"j83agx80 cbu4d94t ew0dbk1b irj2b8pg\">\n<div class=\"qzhwtbm6 knvmm38d\">\n<div class=\"kvgmc6g5 cxmmr5t8 oygrvhab hcukyx3x c1et5uql\">\n<p dir=\"auto\">Andros Asia l\u00e0 c\u00f4ng ty c\u1ee7a Ph\u00e1p t\u1ea1i Vi\u1ec7t Nam, l\u00e0 chuy\u00ean gia s\u1ea3n xu\u1ea5t ch\u1ebf bi\u1ebfn c\u00e1c lo\u1ea1i tr\u00e1i c\u00e2y, nguy\u00ean li\u1ec7u chuy\u00ean d\u00f9ng trong l\u0129nh v\u1ef1c th\u1ee9c u\u1ed1ng v\u00e0 b\u00e1nh ng\u1ecdt.<\/p>\n<\/div>\n<\/div>\n<\/div>\n<\/div>\n<\/div>\n<\/div>\n<\/div>\n<\/div>\n<\/div>\n<\/div>\n<\/div>\n<div class=\"j83agx80\">\n<div class=\"dwo3fsh8 g5ia77u1 rt8b4zig n8ej3o3l agehan2d sk4xxmp2 rq0escxv q9uorilb kvgmc6g5 cxmmr5t8 oygrvhab hcukyx3x jb3vyjys rz4wbd8a qt6c0cv9 a8nywdso l9j0dhe7 i1ao9s8h k4urcfbm\">\n<div class=\"j83agx80 cbu4d94t sj5x9vvc cxgpxx05\">\n<div class=\"rq0escxv l9j0dhe7 du4w35lb j83agx80 pfnyh3mw jifvfom9 ll8tlv6m owycx6da btwxx1t3 hv4rvrfc dati1w0a jb3vyjys b5q2rw42 lq239pai mysgfdmx hddg9phg\">\n<div class=\"rq0escxv l9j0dhe7 du4w35lb j83agx80 cbu4d94t d2edcug0 hpfvmrgz rj1gh0hx buofh1pr g5gj957u o8rfisnq p8fzw8mz pcp91wgn iuny7tx3 ipjc6fyt\">\n<div class=\"j83agx80 cbu4d94t ew0dbk1b irj2b8pg\">\n<div class=\"qzhwtbm6 knvmm38d\">\n<div class=\"j83agx80 cbu4d94t ew0dbk1b irj2b8pg\">\n<div class=\"qzhwtbm6 knvmm38d\">\n<div class=\"kvgmc6g5 cxmmr5t8 oygrvhab hcukyx3x c1et5uql\">\n<p dir=\"auto\">ANDROS l\u00e0 c\u00f4ng ty gia \u0111\u00ecnh \u1edf v\u00f9ng ngo\u1ea1i \u00f4 Ph\u00e1p v\u1edbi nh\u1eefng gi\u00e1 tr\u1ecb \u0111\u00e1ng t\u1ef1 h\u00e0o trong h\u01a1n 100 n\u0103m v\u00e0 mong mu\u1ed1n ph\u00e1t tri\u1ec3n th\u00e0nh m\u1ed9t t\u1eadp \u0111o\u00e0n c\u00f4ng nghi\u00eap \u0111a qu\u1ed1c gia. M\u1eb7c d\u00f9 t\u1eeb x\u01b0a \u0111\u1ebfn nay tr\u00e1i c\u00e2y lu\u00f4n l\u00e0 d\u00f2ng s\u1ea3n ph\u1ea9m ch\u00ednh c\u1ee7a ANDROS, t\u1eadp \u0111o\u00e0n c\u00f2n m\u1edf r\u1ed9ng s\u1ea3n xu\u1ea5t th\u00eam nhi\u1ec1u s\u1ea3n ph\u1ea9m kh\u00e1c nh\u01b0 b\u00e1nh k\u1eb9o, s\u1ea3n ph\u1ea9m t\u1eeb s\u1eefa v\u00e0 \u0111\u1ed3 tr\u00e1ng mi\u00eang \u0111\u00f4ng l\u1ea1nh.<\/p>\n<p dir=\"auto\">ANDROS Asia l\u00e0 chuy\u00ean gia s\u1ea3n xu\u1ea5t c\u00e1c lo\u1ea1i tr\u00e1i c\u00e2y t\u1eeb ngu\u1ed3n nguy\u00ean li\u00eau \u0111\u1ecba ph\u01b0\u01a1ng. V\u1edbi ni\u1ec1m \u0111am m\u00ea t\u1ea1o ra nh\u1eefng s\u1ea3n ph\u1ea9m tr\u00e1i c\u00e2y ch\u1ea5t l\u01b0\u1ee3ng v\u00e0 kinh nghi\u1ec7m l\u00e0m m\u1ee9t l\u00e2u \u0111\u1eddi, ANDROS \u0111a d\u1ea1ng h\u00f3a s\u1ea3n ph\u1ea9m \u0111\u1ec3 mang t\u1edbi nh\u1eefng d\u00f2ng s\u1ea3n ph\u1ea9m nguy\u00ean li\u1ec7u ch\u1ebf bi\u1ebfn th\u1ee9c u\u1ed1ng v\u00e0 b\u00e1nh ng\u1ecdt. M\u1ecdi s\u1ea3n ph\u1ea9m \u0111\u1ec1u \u0111\u01b0\u1ee3c ch\u1ebf bi\u1ebfn d\u1ef1a tr\u00ean n\u1eefng chuy\u00ean m\u00f4n v\u00e0 b\u00ed quy\u1ebft l\u00e2u \u0111\u1eddi t\u1eeb Ph\u00e1p.<\/p>\n<p dir=\"auto\"><img fetchpriority=\"high\" decoding=\"async\" class=\"wp-image-26462 aligncenter\" src=\"https:\/\/havamall.com\/wp-content\/uploads\/2025\/07\/173779008-300x201.png\" alt=\"\" width=\"713\" height=\"478\" \/><\/p>\n<p dir=\"auto\">Nam vi\u1ec7t qu\u1ea5t \u0111\u00f4ng l\u1ea1nh Andros l\u00e0 d\u00f2ng s\u1ea3n ph\u1ea9m tr\u00e1i c\u00e2y \u0111\u00f4ng l\u1ea1nh v\u1edbi d\u00e2y chuy\u1ec1n c\u1ea5p \u0111\u00f4ng si\u00eau t\u1ed1c (IQF) 100% l\u00e0m t\u1eeb tr\u00e1i c\u00e2y t\u1ef1 nhi\u00ean v\u00e0 \u0111\u01b0\u1ee3c l\u1ef1a ch\u1ecdn k\u1ef9 l\u01b0\u1ee1ng, \u0111\u01b0\u1ee3c \u0111\u00f3ng g\u00f3i ti\u1ec7n l\u1ee3i \u0111\u1ec3 ph\u1ee5c v\u1ee5 m\u1ecdi nhu c\u1ea7u s\u1eed d\u1ee5ng su\u1ed1t c\u1ea3 n\u0103m.<\/p>\n<div class=\"kvgmc6g5 cxmmr5t8 oygrvhab hcukyx3x c1et5uql ii04i59q\">\n<p dir=\"auto\">Tr\u00e1i c\u00e2y \u0111\u01b0\u1ee3c ch\u1ecdn t\u1eeb nh\u1eefng ngu\u1ed3n v\u00e0 gi\u1ed1ng t\u1ed1t nh\u1ea5t \u0111\u1ea3m b\u1ea3o kh\u00f4ng \u0111\u01b0\u1eddng, kh\u00f4ng ch\u1ea5t t\u1ea1o m\u00f9i, kh\u00f4ng ch\u1ea5t t\u1ea1o m\u00e0u, kh\u00f4ng ch\u1ea5t b\u1ea3o qu\u1ea3n n\u00ean r\u1ea5t an to\u00e0n cho ng\u01b0\u1eddi s\u1eed d\u1ee5ng. S\u1ea3n ph\u1ea9m \u0111\u01b0\u1ee3c l\u00e0m l\u1ea1nh ngay sau khi thu ho\u1ea1ch n\u00ean gi\u1eef \u0111\u01b0\u1ee3c tr\u1ecdn v\u1eb9n h\u01b0\u01a1ng v\u1ecb, \u0111\u1ed9 t\u01b0\u01a1i ngon c\u00f9ng c\u00e1c vitamin, kho\u00e1ng ch\u1ea5t.<\/p>\n<p dir=\"auto\"><img decoding=\"async\" class=\"wp-image-26499 aligncenter\" src=\"https:\/\/havamall.com\/wp-content\/uploads\/2025\/07\/frozen-1-300x169.png\" alt=\"\" width=\"680\" height=\"383\" \/><\/p>\n<p dir=\"auto\">Qu\u1ea3 nam vi\u1ec7t qu\u1ea5t r\u1ea5t gi\u00e0u vitamin C, mangan, ch\u1ea5t x\u01a1 v\u00e0 l\u00e0 ngu\u1ed3n cung c\u1ea5p vitamin K d\u1ed3i d\u00e0o. Lo\u1ea1i qu\u1ea3 n\u00e0y c\u00f3 th\u1ec3 gi\u00fap b\u1ea3o v\u1ec7 c\u01a1 th\u1ec3 kh\u1ecfi s\u1ef1 nguy h\u1ea1i c\u1ee7a c\u00e1c g\u1ed1c t\u1ef1 do v\u00e0 c\u0169ng c\u00f3 th\u1ec3 n\u00e2ng cao ch\u1ee9c n\u0103ng mi\u1ec5n d\u1ecbch v\u00e0 b\u1ea3o v\u1ec7 c\u01a1 th\u1ec3 ch\u1ed1ng l\u1ea1i nhi\u1ec5m tr\u00f9ng. b\u1ea3o kh\u00f4ng \u0111\u01b0\u1eddng, kh\u00f4ng ch\u1ea5t t\u1ea1o m\u00f9i, kh\u00f4ng ch\u1ea5t t\u1ea1o m\u00e0u, kh\u00f4ng ch\u1ea5t b\u1ea3o qu\u1ea3n n\u00ean r\u1ea5t an to\u00e0n cho ng\u01b0\u1eddi s\u1eed d\u1ee5ng. S\u1ea3n ph\u1ea9m \u0111\u01b0\u1ee3c l\u00e0m l\u1ea1nh ngay sau khi thu ho\u1ea1ch n\u00ean gi\u1eef \u0111\u01b0\u1ee3c tr\u1ecdn v\u1eb9n h\u01b0\u01a1ng v\u1ecb, \u0111\u1ed9 t\u01b0\u01a1i ngon c\u00f9ng c\u00e1c vitamin, kho\u00e1ng ch\u1ea5t.<\/p>\n<h3><strong>H\u01b0\u1edbng d\u1eabn s\u1eed d\u1ee5ng:<\/strong><\/h3>\n<p>\u2013 L\u1ea5y l\u01b0\u1ee3ng v\u1eeba \u0111\u1ee7 d\u00f9ng \u0111\u1ec3 ra ngo\u00e0i cho gi\u00e3 \u0111\u00f4ng r\u1ed3i d\u00f9ng ngay. Ho\u1eb7c c\u00f3 th\u1ec3 \u0111\u1ec3 xu\u1ed1ng ng\u0103n m\u00e1t t\u1ee7 l\u1ea1nh (kho\u1ea3ng 1-3 \u0111\u1ed9 C) r\u1ed3i d\u00f9ng d\u1ea7n trong v\u00f2ng 3 ng\u00e0y sau \u0111\u00f3.<\/p>\n<p>\u2013 Nam vi\u1ec7t qu\u1ea5t \u0111\u00f4ng l\u1ea1nh \u0111\u01b0\u1ee3c d\u00f9ng nh\u01b0 tr\u00e1i c\u00e2y t\u01b0\u01a1i b\u00ecnh th\u01b0\u1eddng: \u0103n k\u00e8m s\u1eefa chua, xay sinh t\u1ed1, l\u00e0m m\u1ee9t, l\u00e0m b\u00e1nh,\u2026ho\u1eb7c d\u00f9ng l\u00e0m n\u01b0\u1edbc s\u1ed1t cho c\u00e1c m\u00f3n \u0103n T\u00e2y \u0111\u1ec1u r\u1ea5t ngon v\u00e0 b\u1ed5 d\u01b0\u1ee1ng.<\/p>\n<p><img decoding=\"async\" class=\"wp-image-26500 aligncenter\" src=\"https:\/\/havamall.com\/wp-content\/uploads\/2025\/07\/Cranberry-263x300.png\" alt=\"\" width=\"709\" height=\"808\" \/><\/p>\n<h3><strong>L\u1ee3i \u00edch s\u1ee9c kh\u1ecfe c\u1ee7a Nam Vi\u1ec7t Qu\u1ea5t<\/strong><\/h3>\n<h5><em><strong>B\u1ea3o v\u1ec7 ch\u1ed1ng l\u1ea1i ung th\u01b0<\/strong><\/em><\/h5>\n<p>M\u1ed9t nghi\u00ean c\u1ee9u t\u1eeb \u0110\u1ea1i h\u1ecdc Athens \u0111\u00e3 cho r\u1eb1ng, ch\u1ebf \u0111\u1ed9 \u0103n gi\u00e0u flavonoids \u0111\u00f3ng vai tr\u00f2 quan tr\u1ecdng trong vi\u1ec7c l\u00e0m gi\u1ea3m nguy c\u01a1 ung th\u01b0 v\u00e0 t\u1eed vong do ung th\u01b0. Qu\u1ea3 nam vi\u1ec7t qu\u1ea5t ch\u1ee9a proanthocyanidins, g\u00e2y \u1ee9c ch\u1ebf s\u1ef1 t\u0103ng tr\u01b0\u1edfng c\u1ee7a m\u1ed9t lo\u1ea1t c\u00e1c t\u1ebf b\u00e0o ung th\u01b0.<\/p>\n<h5><em><strong>Ng\u0103n ng\u1eeba b\u1ec7nh nhi\u1ec5m tr\u00f9ng \u0111\u01b0\u1eddng ti\u1ebft ni\u1ec7u (UTI)<\/strong><\/em><\/h5>\n<p>Qu\u1ea3 nam vi\u1ec7t qu\u1ea5t ch\u1ee9a proanthocyanidins, m\u1ed9t h\u1ee3p ch\u1ea5t th\u01b0\u1eddng th\u1ea5y \u1edf c\u00e1c lo\u00e0i th\u1ef1c v\u1eadt. Ng\u01b0\u1eddi ta cho r\u1eb1ng h\u1ee3p ch\u1ea5t n\u00e0y c\u00f3 th\u1ec3 gi\u00fap ng\u0103n ng\u1eeba UTI b\u1eb1ng c\u00e1ch ng\u0103n vi khu\u1ea9n t\u1ef1 t\u1ea5n c\u00f4ng v\u00e0o ni\u00eam m\u1ea1c c\u1ee7a \u0111\u01b0\u1eddng ti\u1ebft ni\u1ec7u. N\u1ebfu vi khu\u1ea9n kh\u00f4ng th\u1ec3 ph\u00e1t tri\u1ec3n v\u00e0 l\u00e2y lan, n\u00f3 s\u1ebd kh\u00f4ng th\u1ec3 g\u00e2y nhi\u1ec5m tr\u00f9ng.<\/p>\n<p><img loading=\"lazy\" decoding=\"async\" class=\"wp-image-26506 aligncenter\" src=\"https:\/\/havamall.com\/wp-content\/uploads\/2025\/07\/59761599-1-300x204.png\" alt=\"\" width=\"705\" height=\"480\" \/><\/p>\n<h5><em><strong>Tr\u00e1nh nhi\u1ec5m tr\u00f9ng \u0111\u01b0\u1eddng h\u00f4 h\u1ea5p<\/strong><\/em><\/h5>\n<p>Theo c\u00e1c nghi\u00ean c\u1ee9u, n\u01b0\u1edbc \u00e9p nam vi\u1ec7t qu\u1ea5t gi\u00fap ng\u0103n ng\u1eeba m\u1ed9t s\u1ed1 ch\u1ee7ng c\u00fam Haemophilus, l\u00e0 nguy\u00ean nh\u00e2n ph\u1ed5 bi\u1ebfn g\u00e2y nhi\u1ec5m tr\u00f9ng tai v\u00e0 \u0111\u01b0\u1eddng h\u00f4 h\u1ea5p \u1edf tr\u1ebb em. Lo\u1ea1i n\u01b0\u1edbc \u00e9p n\u00e0y \u1ee9c ch\u1ebf l\u00f4ng c\u1ee7a vi khu\u1ea9n gi\u1ed1ng nh\u01b0 c\u00e1c c\u1ea5u tr\u00fac ng\u0103n kh\u00f4ng cho ch\u00fang b\u00e1m v\u00e0o b\u1ec1 m\u1eb7t c\u1ee7a da.<\/p>\n<h5><em><strong>Kh\u00e1ng vi\u00eam<\/strong><\/em><\/h5>\n<p>Qu\u1ea3 nam vi\u1ec7t qu\u1ea5t \u0111\u00e3 \u0111\u01b0\u1ee3c ch\u1ee9ng minh l\u00e0 c\u00f3 t\u00e1c d\u1ee5ng kh\u00e1ng vi\u00eam, c\u00f3 t\u00e1c d\u1ee5ng \u0111\u1ed1i v\u1edbi m\u1ed9t s\u1ed1 b\u1ec7nh nh\u01b0 b\u1ec7nh th\u1ea5p kh\u1edbp, vi\u00eam d\u1ea1 d\u00e0y, r\u1ed1i lo\u1ea1n ti\u00eau h\u00f3a, h\u1ec7 tim m\u1ea1ch v\u00e0 \u0111\u1eb7c bi\u1ec7t l\u00e0 l\u1edbp ni\u00eam m\u1ea1c \u1edf th\u00e0nh m\u1ea1ch.<\/p>\n<h5><em><strong>L\u00e0m cho x\u01b0\u01a1ng ch\u1eafc kh\u1ecfe<\/strong><\/em><\/h5>\n<p>Qu\u1ea3 nam vi\u1ec7t qu\u1ea5t l\u00e0 ngu\u1ed3n cung c\u1ea5p canxi d\u1ed3i d\u00e0o gi\u00fap cho x\u01b0\u01a1ng, r\u0103ng v\u00e0 m\u00f3ng ch\u1eafc kh\u1ecfe. N\u00f3 c\u0169ng l\u00e0m gi\u1ea3m nguy c\u01a1 ph\u00e1t tri\u1ec3n b\u1ec7nh lo\u00e3ng x\u01b0\u01a1ng. M\u1ed9t ch\u00e9n vi\u1ec7t qu\u1ea5t t\u01b0\u01a1i ho\u1eb7c m\u1ed9t ly n\u01b0\u1edbc \u00e9p nam vi\u1ec7t qu\u1ea5t m\u1ed7i ng\u00e0y c\u00f3 vai tr\u00f2 quan tr\u1ecdng trong vi\u1ec7c gi\u1eef cho x\u01b0\u01a1ng c\u1ee7a b\u1ea1n ch\u1eafc kh\u1ecfe.<\/p>\n<p><img loading=\"lazy\" decoding=\"async\" class=\"wp-image-26502 aligncenter\" src=\"https:\/\/havamall.com\/wp-content\/uploads\/2025\/07\/vegan-cranberry-300x200.png\" alt=\"\" width=\"687\" height=\"458\" \/><\/p>\n<h5><em><strong>C\u1ea3i thi\u1ec7n s\u1ee9c kh\u1ecfe tim m\u1ea1ch<\/strong><\/em><\/h5>\n<p>Nam vi\u1ec7t qu\u1ea5t c\u0169ng ch\u1ee9a c\u00e1c d\u01b0\u1ee1ng ch\u1ea5t th\u1ef1c v\u1eadt. \u0110i\u1ec1u n\u00e0y l\u00e0m cho ch\u00fang c\u00f3 \u0111\u1eb7c t\u00ednh ch\u1ed1ng vi\u00eam. Vi\u00eam nhi\u1ec5m l\u00e0 t\u00e1c nh\u00e2n g\u00e2y t\u1ed5n h\u1ea1i c\u00e1c m\u1ea1ch m\u00e1u theo th\u1eddi gian. C\u00e1c m\u1ea1ch m\u00e1u b\u1ecb h\u01b0 h\u1ea1i s\u1ebd thu h\u00fat m\u1ea3ng b\u00e1m, g\u00e2y x\u01a1 v\u1eefa \u0111\u1ed9ng m\u1ea1ch.<\/p>\n<h5><em><strong>Ch\u1ea5t ch\u1ed1ng oxy h\u00f3a m\u1ea1nh<\/strong><\/em><\/h5>\n<p>Qu\u1ea3 nam vi\u1ec7t qu\u1ea5t ch\u1ee9a proanthocyanidins flavonoid (PAC). C\u1ea5u tr\u00fac b\u1ea5t th\u01b0\u1eddng c\u1ee7a ch\u00fang l\u00e0m cho ch\u00fang c\u00f3 \u0111\u1eb7c t\u00ednh ch\u1ed1ng d\u00ednh vi khu\u1ea9n m\u00e0 c\u00f3 th\u1ec3 gi\u00fap ng\u0103n s\u1ef1 k\u1ebft d\u00ednh c\u1ee7a m\u1ed9t s\u1ed1 vi khu\u1ea9n c\u00f3 h\u1ea1i.<\/p>\n<h5><em><strong>T\u0103ng mi\u1ec5n d\u1ecbch<\/strong><\/em><\/h5>\n<p>L\u1ee3i \u00edch h\u1ed7 tr\u1ee3 mi\u1ec5n d\u1ecbch c\u1ee7a nam vi\u1ec7t qu\u1ea5t th\u1eadt th\u00fa v\u1ecb. Ch\u00fang c\u00f3 h\u00e0m l\u01b0\u1ee3ng vitamin C cao, l\u00e0 ch\u1ea5t ch\u1ed1ng oxy h\u00f3a t\u1ed1t nh\u1ea5t n\u00e2ng cao kh\u1ea3 n\u0103ng mi\u1ec5n d\u1ecbch. Ngo\u00e0i ra, c\u00e1c h\u00f3a ch\u1ea5t th\u1ef1c v\u1eadt trong qu\u1ea3 nam vi\u1ec7t qu\u1ea5t l\u00e0m t\u0103ng h\u1ec7 mi\u1ec5n d\u1ecbch kh\u1ecfe m\u1ea1nh.<\/p>\n<p><img loading=\"lazy\" decoding=\"async\" class=\"wp-image-26503 aligncenter\" src=\"https:\/\/havamall.com\/wp-content\/uploads\/2025\/07\/142339515-300x300.png\" alt=\"\" width=\"702\" height=\"702\" \/><\/p>\n<\/div>\n<\/div>\n<\/div>\n<\/div>\n<\/div>\n<\/div>\n<\/div>\n<\/div>\n<\/div>\n<\/div>\n<\/div>","protected":false},"excerpt":{"rendered":"<p>Andros Asia l\u00e0 c\u00f4ng ty c\u1ee7a Ph\u00e1p t\u1ea1i Vi\u1ec7t Nam, l\u00e0 chuy\u00ean gia s\u1ea3n xu\u1ea5t ch\u1ebf bi\u1ebfn c\u00e1c lo\u1ea1i tr\u00e1i<\/p>","protected":false},"featured_media":26505,"comment_status":"open","ping_status":"closed","template":"","meta":[],"product_brand":[],"product_cat":[671,678,36],"product_tag":[],"class_list":{"0":"post-26495","1":"product","2":"type-product","3":"status-publish","4":"has-post-thumbnail","6":"product_cat-nhap-khau-phap","7":"product_cat-trai-cay-dong-lanh","8":"product_cat-thuc-pham-tieu-dung","9":"pa_brand-andros","11":"first","12":"instock","13":"sale","14":"shipping-taxable","15":"purchasable","16":"product-type-simple"},"_links":{"self":[{"href":"https:\/\/havamall.vn\/en\/wp-json\/wp\/v2\/product\/26495"}],"collection":[{"href":"https:\/\/havamall.vn\/en\/wp-json\/wp\/v2\/product"}],"about":[{"href":"https:\/\/havamall.vn\/en\/wp-json\/wp\/v2\/types\/product"}],"replies":[{"embeddable":true,"href":"https:\/\/havamall.vn\/en\/wp-json\/wp\/v2\/comments?post=26495"}],"version-history":[{"count":0,"href":"https:\/\/havamall.vn\/en\/wp-json\/wp\/v2\/product\/26495\/revisions"}],"wp:featuredmedia":[{"embeddable":true,"href":"https:\/\/havamall.vn\/en\/wp-json\/wp\/v2\/media\/26505"}],"wp:attachment":[{"href":"https:\/\/havamall.vn\/en\/wp-json\/wp\/v2\/media?parent=26495"}],"wp:term":[{"taxonomy":"product_brand","embeddable":true,"href":"https:\/\/havamall.vn\/en\/wp-json\/wp\/v2\/product_brand?post=26495"},{"taxonomy":"product_cat","embeddable":true,"href":"https:\/\/havamall.vn\/en\/wp-json\/wp\/v2\/product_cat?post=26495"},{"taxonomy":"product_tag","embeddable":true,"href":"https:\/\/havamall.vn\/en\/wp-json\/wp\/v2\/product_tag?post=26495"}],"curies":[{"name":"wp","href":"https:\/\/api.w.org\/{rel}","templated":true}]}}