{"id":26480,"date":"2022-04-27T16:51:50","date_gmt":"2022-04-27T09:51:50","guid":{"rendered":"https:\/\/havamall.vn\/?post_type=product&#038;p=26480"},"modified":"2025-11-13T15:56:43","modified_gmt":"2025-11-13T08:56:43","slug":"trai-anh-dao-dong-lanh-andros-550g-frozen-morello-cherry","status":"publish","type":"product","link":"https:\/\/havamall.vn\/en\/shop\/trai-anh-dao-dong-lanh-andros-550g-frozen-morello-cherry\/","title":{"rendered":"Tr\u00e1i Anh \u0110\u00e0o \u0110\u00f4ng L\u1ea1nh Andros 550g &#8211; Frozen Morello Cherry"},"content":{"rendered":"<div class=\"j83agx80\">\n<div>\n<div class=\"dwo3fsh8 g5ia77u1 rt8b4zig n8ej3o3l agehan2d sk4xxmp2 rq0escxv q9uorilb kvgmc6g5 cxmmr5t8 oygrvhab hcukyx3x jb3vyjys rz4wbd8a qt6c0cv9 a8nywdso l9j0dhe7 i1ao9s8h k4urcfbm\">\n<div class=\"j83agx80 cbu4d94t sj5x9vvc cxgpxx05\">\n<div class=\"rq0escxv l9j0dhe7 du4w35lb j83agx80 pfnyh3mw jifvfom9 ll8tlv6m owycx6da btwxx1t3 hv4rvrfc dati1w0a jb3vyjys b5q2rw42 lq239pai mysgfdmx hddg9phg\">\n<div class=\"rq0escxv l9j0dhe7 du4w35lb j83agx80 cbu4d94t d2edcug0 hpfvmrgz rj1gh0hx buofh1pr g5gj957u o8rfisnq p8fzw8mz pcp91wgn iuny7tx3 ipjc6fyt\">\n<div class=\"j83agx80 cbu4d94t ew0dbk1b irj2b8pg\">\n<div class=\"qzhwtbm6 knvmm38d\">\n<div class=\"j83agx80 cbu4d94t ew0dbk1b irj2b8pg\">\n<div class=\"qzhwtbm6 knvmm38d\">\n<div class=\"kvgmc6g5 cxmmr5t8 oygrvhab hcukyx3x c1et5uql\">\n<div dir=\"auto\">Andros Asia l\u00e0 c\u00f4ng ty c\u1ee7a Ph\u00e1p t\u1ea1i Vi\u1ec7t Nam, l\u00e0 chuy\u00ean gia s\u1ea3n xu\u1ea5t ch\u1ebf bi\u1ebfn c\u00e1c lo\u1ea1i tr\u00e1i c\u00e2y, nguy\u00ean li\u1ec7u chuy\u00ean d\u00f9ng trong l\u0129nh v\u1ef1c th\u1ee9c u\u1ed1ng v\u00e0 b\u00e1nh ng\u1ecdt.<\/div>\n<p dir=\"auto\">ANDROS l\u00e0 c\u00f4ng ty gia \u0111\u00ecnh \u1edf v\u00f9ng ngo\u1ea1i \u00f4 Ph\u00e1p v\u1edbi nh\u1eefng gi\u00e1 tr\u1ecb \u0111\u00e1ng t\u1ef1 h\u00e0o trong h\u01a1n 100 n\u0103m v\u00e0 mong mu\u1ed1n ph\u00e1t tri\u1ec3n th\u00e0nh m\u1ed9t t\u1eadp \u0111o\u00e0n c\u00f4ng nghi\u00eap \u0111a qu\u1ed1c gia. M\u1eb7c d\u00f9 t\u1eeb x\u01b0a \u0111\u1ebfn nay tr\u00e1i c\u00e2y lu\u00f4n l\u00e0 d\u00f2ng s\u1ea3n ph\u1ea9m ch\u00ednh c\u1ee7a ANDROS, t\u1eadp \u0111o\u00e0n c\u00f2n m\u1edf r\u1ed9ng s\u1ea3n xu\u1ea5t th\u00eam nhi\u1ec1u s\u1ea3n ph\u1ea9m kh\u00e1c nh\u01b0 b\u00e1nh k\u1eb9o, s\u1ea3n ph\u1ea9m t\u1eeb s\u1eefa v\u00e0 \u0111\u1ed3 tr\u00e1ng mi\u00eang \u0111\u00f4ng l\u1ea1nh.<\/p>\n<p dir=\"auto\">ANDROS Asia l\u00e0 chuy\u00ean gia s\u1ea3n xu\u1ea5t c\u00e1c lo\u1ea1i tr\u00e1i c\u00e2y t\u1eeb ngu\u1ed3n nguy\u00ean li\u00eau \u0111\u1ecba ph\u01b0\u01a1ng. V\u1edbi ni\u1ec1m \u0111am m\u00ea t\u1ea1o ra nh\u1eefng s\u1ea3n ph\u1ea9m tr\u00e1i c\u00e2y ch\u1ea5t l\u01b0\u1ee3ng v\u00e0 kinh nghi\u1ec7m l\u00e0m m\u1ee9t l\u00e2u \u0111\u1eddi, ANDROS \u0111a d\u1ea1ng h\u00f3a s\u1ea3n ph\u1ea9m \u0111\u1ec3 mang t\u1edbi nh\u1eefng d\u00f2ng s\u1ea3n ph\u1ea9m nguy\u00ean li\u1ec7u ch\u1ebf bi\u1ebfn th\u1ee9c u\u1ed1ng v\u00e0 b\u00e1nh ng\u1ecdt. M\u1ecdi s\u1ea3n ph\u1ea9m \u0111\u1ec1u \u0111\u01b0\u1ee3c ch\u1ebf bi\u1ebfn d\u1ef1a tr\u00ean n\u1eefng chuy\u00ean m\u00f4n v\u00e0 b\u00ed quy\u1ebft l\u00e2u \u0111\u1eddi t\u1eeb Ph\u00e1p.<\/p>\n<\/div>\n<\/div>\n<\/div>\n<\/div>\n<\/div>\n<\/div>\n<\/div>\n<\/div>\n<\/div>\n<\/div>\n<\/div>\n<div class=\"j83agx80\">\n<div class=\"dwo3fsh8 g5ia77u1 rt8b4zig n8ej3o3l agehan2d sk4xxmp2 rq0escxv q9uorilb kvgmc6g5 cxmmr5t8 oygrvhab hcukyx3x jb3vyjys rz4wbd8a qt6c0cv9 a8nywdso l9j0dhe7 i1ao9s8h k4urcfbm\">\n<div class=\"j83agx80 cbu4d94t sj5x9vvc cxgpxx05\">\n<div class=\"rq0escxv l9j0dhe7 du4w35lb j83agx80 pfnyh3mw jifvfom9 ll8tlv6m owycx6da btwxx1t3 hv4rvrfc dati1w0a jb3vyjys b5q2rw42 lq239pai mysgfdmx hddg9phg\">\n<div class=\"rq0escxv l9j0dhe7 du4w35lb j83agx80 cbu4d94t d2edcug0 hpfvmrgz rj1gh0hx buofh1pr g5gj957u o8rfisnq p8fzw8mz pcp91wgn iuny7tx3 ipjc6fyt\">\n<div class=\"j83agx80 cbu4d94t ew0dbk1b irj2b8pg\">\n<div class=\"qzhwtbm6 knvmm38d\">\n<div class=\"j83agx80 cbu4d94t ew0dbk1b irj2b8pg\">\n<div class=\"qzhwtbm6 knvmm38d\">\n<div class=\"kvgmc6g5 cxmmr5t8 oygrvhab hcukyx3x c1et5uql\">\n<p dir=\"auto\"><img fetchpriority=\"high\" decoding=\"async\" class=\"wp-image-26462 aligncenter\" src=\"https:\/\/havamall.com\/wp-content\/uploads\/2025\/07\/173779008-300x201.png\" alt=\"\" width=\"713\" height=\"478\" \/><\/p>\n<p dir=\"auto\">Tr\u00e1i Anh \u0110\u00e0o \u0111\u00f4ng l\u1ea1nh Andros l\u00e0 d\u00f2ng s\u1ea3n ph\u1ea9m tr\u00e1i c\u00e2y \u0111\u00f4ng l\u1ea1nh v\u1edbi d\u00e2y chuy\u1ec1n c\u1ea5p \u0111\u00f4ng si\u00eau t\u1ed1c (IQF) 100% l\u00e0m t\u1eeb tr\u00e1i c\u00e2y t\u1ef1 nhi\u00ean v\u00e0 \u0111\u01b0\u1ee3c l\u1ef1a ch\u1ecdn k\u1ef9 l\u01b0\u1ee1ng, \u0111\u01b0\u1ee3c \u0111\u00f3ng g\u00f3i ti\u1ec7n l\u1ee3i \u0111\u1ec3 ph\u1ee5c v\u1ee5 m\u1ecdi nhu c\u1ea7u s\u1eed d\u1ee5ng su\u1ed1t c\u1ea3 n\u0103m.<\/p>\n<div class=\"kvgmc6g5 cxmmr5t8 oygrvhab hcukyx3x c1et5uql ii04i59q\">\n<p dir=\"auto\">Tr\u00e1i c\u00e2y \u0111\u01b0\u1ee3c ch\u1ecdn t\u1eeb nh\u1eefng ngu\u1ed3n v\u00e0 gi\u1ed1ng t\u1ed1t nh\u1ea5t \u0111\u1ea3m b\u1ea3o kh\u00f4ng \u0111\u01b0\u1eddng, kh\u00f4ng ch\u1ea5t t\u1ea1o m\u00f9i, kh\u00f4ng ch\u1ea5t t\u1ea1o m\u00e0u, kh\u00f4ng ch\u1ea5t b\u1ea3o qu\u1ea3n n\u00ean r\u1ea5t an to\u00e0n cho ng\u01b0\u1eddi s\u1eed d\u1ee5ng. S\u1ea3n ph\u1ea9m \u0111\u01b0\u1ee3c l\u00e0m l\u1ea1nh ngay sau khi thu ho\u1ea1ch n\u00ean gi\u1eef \u0111\u01b0\u1ee3c tr\u1ecdn v\u1eb9n h\u01b0\u01a1ng v\u1ecb, \u0111\u1ed9 t\u01b0\u01a1i ngon c\u00f9ng c\u00e1c vitamin, kho\u00e1ng ch\u1ea5t.<\/p>\n<p dir=\"auto\"><img decoding=\"async\" class=\"wp-image-26482 aligncenter\" src=\"https:\/\/havamall.com\/wp-content\/uploads\/2025\/07\/44193222-300x250.png\" alt=\"\" width=\"709\" height=\"591\" \/><\/p>\n<p>Qu\u1ea3 anh \u0111\u00e0o c\u00f3 l\u01b0\u1ee3ng calo th\u1ea5p, ch\u1ee9a \u0111\u1ea7y ch\u1ea5t x\u01a1, vitamin, kho\u00e1ng ch\u1ea5t, ch\u1ea5t dinh d\u01b0\u1ee1ng, ch\u1ea5t ch\u1ed1ng oxy h\u00f3a nh\u01b0 beta-carotene v\u00e0 ch\u1ea5t dinh d\u01b0\u1ee1ng thi\u1ebft y\u1ebfu choline t\u1ed1t cho s\u1ee9c kh\u1ecfe.<\/p>\n<p>Ngo\u00e0i ra, m\u1ed7i tr\u00e1i anh \u0111\u00e0o c\u0169ng c\u0169ng cung c\u1ea5p vitamin C, A, K, kali, magi\u00ea v\u00e0 canxi d\u1ed3i d\u00e0o cho c\u01a1 th\u1ec3.<\/p>\n<h3><strong>\u0110\u1eb7c \u0111i\u1ec3m n\u1ed5i b\u1eadt c\u1ee7a s\u1ea3n ph\u1ea9m:<\/strong><\/h3>\n<p>\u2013 C\u00f4ng ngh\u1ec7 l\u00e0m l\u1ea1nh nhanh gi\u00fap gi\u1eef nguy\u00ean v\u1eb9n m\u00f9i v\u1ecb v\u00e0 ch\u1ea5t dinh d\u01b0\u1ee1ng c\u00f3 trong qu\u1ea3 cherry<\/p>\n<p>\u2013 S\u1ea3n ph\u1ea9m \u0111\u01b0\u1ee3c \u0111\u00f3n g\u00f3i d\u1ea1ng h\u1ed9p gi\u00fap b\u1ea3o qu\u1ea3n d\u1ec5 d\u00e0ng h\u01a1n<\/p>\n<p>\u2013 C\u00f3 th\u1ec3 s\u1eed d\u1ee5ng v\u00e0 b\u1ea3o qu\u1ea3n trong th\u1eddi gian d\u00e0i<\/p>\n<p><img decoding=\"async\" class=\"wp-image-26483 aligncenter\" src=\"https:\/\/havamall.com\/wp-content\/uploads\/2025\/07\/85084417-300x300.png\" alt=\"\" width=\"703\" height=\"703\" \/><\/p>\n<\/div>\n<h3><strong>L\u1ee3i \u00edch s\u1ee9c kh\u1ecfe c\u1ee7a Anh \u0110\u00e0o<\/strong><\/h3>\n<h5><em><strong>\u2013 T\u0103ng c\u01b0\u1eddng mi\u1ec5n d\u1ecbch<\/strong><\/em><\/h5>\n<p>Qu\u1ea3 n\u00e0y c\u00f3 ch\u1ee9a ch\u1ea5t flavonoid, l\u00e0 m\u1ed9t trong nh\u1eefng ch\u1ea5t ch\u1ed1ng \u00f4 xy h\u00f3a \u0111\u01b0\u1ee3c bi\u1ebft \u0111\u1ebfn nhi\u1ec1u nh\u1ea5t gi\u00fap t\u0103ng c\u01b0\u1eddng h\u1ec7 mi\u1ec5n d\u1ecbch v\u00e0 ch\u1ed1ng l\u1ea1i nhi\u1ec5m tr\u00f9ng.<\/p>\n<h5><em><strong>\u2013 Ch\u1ed1ng m\u1ee1 t\u00edch t\u1ee5<\/strong><\/em><\/h5>\n<p>Cherry c\u00f3 ch\u1ee9a anthocyanin \u2013 lo\u1ea1i flavonoid gi\u00fap gi\u1ea3m m\u1ee1 c\u01a1 th\u1ec3 v\u00e0 ng\u0103n ng\u1eeba ch\u1ee9ng b\u00e9o ph\u00ec.<\/p>\n<h5><em><strong>\u2013 Gi\u1ea3m \u0111au do gout<\/strong><\/em><\/h5>\n<p>B\u1ec7nh gout c\u00f3 th\u1ec3 r\u1ea5t \u0111au \u0111\u1edbn v\u00e0 g\u00e2y ra khi ax\u00edt uric t\u00edch t\u1ee5 trong m\u00e1u. C\u00e1c h\u1ee3p ch\u1ea5t ch\u1ee9a trong n\u01b0\u1edbc tr\u00e1i anh \u0111\u00e0o gi\u00fap gi\u1ea3m m\u1ee9c a x\u00edt uric v\u00e0 do \u0111\u00f3 l\u00e0m gi\u1ea3m \u0111au gout.<\/p>\n<p><img loading=\"lazy\" decoding=\"async\" class=\"wp-image-26484 aligncenter\" src=\"https:\/\/havamall.com\/wp-content\/uploads\/2025\/07\/240603668-300x300.png\" alt=\"\" width=\"710\" height=\"710\" \/><\/p>\n<h5><em><strong>\u2013 T\u1ed1t cho tim<\/strong><\/em><\/h5>\n<p>Tr\u00e1i anh \u0111\u00e0o gi\u00e0u ch\u1ea5t ch\u1ed1ng \u00f4 xy h\u00f3a quercetin gi\u00fap ng\u0103n ng\u1eeba c\u00e1c t\u1ed5n th\u01b0\u01a1ng do c\u00e1c g\u1ed1c t\u1ef1 do ho\u1eb7c cholesterol x\u1ea5u g\u00e2y ra. U\u1ed1ng m\u1ed9t ly n\u01b0\u1edbc tr\u00e1i anh \u0111\u00e0o gi\u00fap ng\u0103n ng\u1eeba c\u01a1n \u0111au tim, \u0111\u1ed9t q\u1ee5y v\u00e0 gi\u1eef cho tr\u00e1i tim kh\u1ecfe m\u1ea1nh.<\/p>\n<h5><em><strong>\u2013 Gi\u00fap ki\u1ec3m so\u00e1t \u0111\u01b0\u1eddng huy\u1ebft<\/strong><\/em><\/h5>\n<p>C\u00e1c h\u1ee3p ch\u1ea5t anthocyanin c\u00f3 trong anh \u0111\u00e0o gi\u00fap c\u1ea3i thi\u1ec7n m\u1ee9c \u0111\u1ed9 insulin v\u00e0 l\u01b0\u1ee3ng \u0111\u01b0\u1eddng trong m\u00e1u. Tuy nhi\u00ean, c\u1ea7n l\u01b0u \u00fd h\u00e0m l\u01b0\u1ee3ng \u0111\u01b0\u1eddng c\u00f3 th\u1ec3 \u0111\u01b0\u1ee3c pha ch\u1ebf trong lo\u1ea1i n\u01b0\u1edbc u\u1ed1ng n\u00e0y v\u00e0 n\u1ebfu c\u00f3 \u0111\u01b0\u1eddng th\u00ec m\u1ee9c \u0111\u01b0\u1eddng trong m\u00e1u s\u1ebd t\u0103ng l\u00ean.<\/p>\n<h5><em><strong>\u2013 Kh\u00f4i ph\u1ee5c c\u01a1 nhanh<\/strong><\/em><\/h5>\n<p>B\u1ea1n c\u00f3 th\u1ec3 b\u1ecb \u0111au c\u01a1 nghi\u00eam tr\u1ecdng v\u00e0 \u0111au sau m\u1ed9t b\u00e0i t\u1eadp c\u01b0\u1eddng \u0111\u1ed9 cao. \u0110\u1ed1i v\u1edbi t\u00ecnh tr\u1ea1ng \u0111au c\u01a1 do v\u1eadn \u0111\u1ed9ng, th\u00ec n\u01b0\u1edbc tr\u00e1i anh \u0111\u00e0o c\u00f3 th\u1ec3 r\u1ea5t h\u1eefu \u00edch. Anh \u0111\u00e0o \u0111\u01b0\u1ee3c bi\u1ebft \u0111\u1ebfn v\u1edbi ch\u1ea5t ch\u1ed1ng \u00f4 xy h\u00f3a gi\u00e0u ch\u1ea5t ch\u1ed1ng vi\u00eam. U\u1ed1ng n\u01b0\u1edbc tr\u00e1i c\u00e2y anh \u0111\u00e0o gi\u00fap gi\u1ea3m l\u01b0\u1ee3ng lipid b\u1ecb \u00f4 xy h\u00f3a, gi\u1ea3m vi\u00eam, c\u1ea3i thi\u1ec7n s\u1ee9c m\u1ea1nh, t\u0103ng c\u01b0\u1eddng h\u1ed3i ph\u1ee5c c\u01a1 v\u00e0 h\u1ed3i ph\u1ee5c \u0111au.<\/p>\n<p><img loading=\"lazy\" decoding=\"async\" class=\"wp-image-26485 aligncenter\" src=\"https:\/\/havamall.com\/wp-content\/uploads\/2025\/07\/stone-fruit-300x157.png\" alt=\"\" width=\"709\" height=\"371\" \/><\/p>\n<\/div>\n<\/div>\n<\/div>\n<\/div>\n<\/div>\n<\/div>\n<\/div>\n<\/div>\n<\/div>\n<\/div>","protected":false},"excerpt":{"rendered":"<p>Andros Asia l\u00e0 c\u00f4ng ty c\u1ee7a Ph\u00e1p t\u1ea1i Vi\u1ec7t Nam, l\u00e0 chuy\u00ean gia s\u1ea3n xu\u1ea5t ch\u1ebf bi\u1ebfn c\u00e1c lo\u1ea1i tr\u00e1i<\/p>","protected":false},"featured_media":26486,"comment_status":"open","ping_status":"closed","template":"","meta":[],"product_brand":[],"product_cat":[671,678,36],"product_tag":[],"class_list":{"0":"post-26480","1":"product","2":"type-product","3":"status-publish","4":"has-post-thumbnail","6":"product_cat-nhap-khau-phap","7":"product_cat-trai-cay-dong-lanh","8":"product_cat-thuc-pham-tieu-dung","9":"pa_brand-andros","11":"first","12":"instock","13":"sale","14":"shipping-taxable","15":"purchasable","16":"product-type-simple"},"_links":{"self":[{"href":"https:\/\/havamall.vn\/en\/wp-json\/wp\/v2\/product\/26480"}],"collection":[{"href":"https:\/\/havamall.vn\/en\/wp-json\/wp\/v2\/product"}],"about":[{"href":"https:\/\/havamall.vn\/en\/wp-json\/wp\/v2\/types\/product"}],"replies":[{"embeddable":true,"href":"https:\/\/havamall.vn\/en\/wp-json\/wp\/v2\/comments?post=26480"}],"version-history":[{"count":0,"href":"https:\/\/havamall.vn\/en\/wp-json\/wp\/v2\/product\/26480\/revisions"}],"wp:featuredmedia":[{"embeddable":true,"href":"https:\/\/havamall.vn\/en\/wp-json\/wp\/v2\/media\/26486"}],"wp:attachment":[{"href":"https:\/\/havamall.vn\/en\/wp-json\/wp\/v2\/media?parent=26480"}],"wp:term":[{"taxonomy":"product_brand","embeddable":true,"href":"https:\/\/havamall.vn\/en\/wp-json\/wp\/v2\/product_brand?post=26480"},{"taxonomy":"product_cat","embeddable":true,"href":"https:\/\/havamall.vn\/en\/wp-json\/wp\/v2\/product_cat?post=26480"},{"taxonomy":"product_tag","embeddable":true,"href":"https:\/\/havamall.vn\/en\/wp-json\/wp\/v2\/product_tag?post=26480"}],"curies":[{"name":"wp","href":"https:\/\/api.w.org\/{rel}","templated":true}]}}