{"id":26472,"date":"2022-04-27T15:52:08","date_gmt":"2022-04-27T08:52:08","guid":{"rendered":"https:\/\/havamall.vn\/?post_type=product&#038;p=26472"},"modified":"2025-11-13T15:57:35","modified_gmt":"2025-11-13T08:57:35","slug":"dau-tay-dong-lanh-andros-hop-600g-tang-kem-hop-kem-pho-mai-pauly-28g-frozen-strawberry","status":"publish","type":"product","link":"https:\/\/havamall.vn\/en\/shop\/dau-tay-dong-lanh-andros-hop-600g-tang-kem-hop-kem-pho-mai-pauly-28g-frozen-strawberry\/","title":{"rendered":"D\u00e2u T\u00e2y \u0110\u00f4ng L\u1ea1nh Andros H\u1ed9p 600g &#8211; Frozen Strawberry"},"content":{"rendered":"<div class=\"j83agx80\">\n<div>\n<div class=\"dwo3fsh8 g5ia77u1 rt8b4zig n8ej3o3l agehan2d sk4xxmp2 rq0escxv q9uorilb kvgmc6g5 cxmmr5t8 oygrvhab hcukyx3x jb3vyjys rz4wbd8a qt6c0cv9 a8nywdso l9j0dhe7 i1ao9s8h k4urcfbm\">\n<div class=\"j83agx80 cbu4d94t sj5x9vvc cxgpxx05\">\n<div class=\"rq0escxv l9j0dhe7 du4w35lb j83agx80 pfnyh3mw jifvfom9 ll8tlv6m owycx6da btwxx1t3 hv4rvrfc dati1w0a jb3vyjys b5q2rw42 lq239pai mysgfdmx hddg9phg\">\n<div class=\"rq0escxv l9j0dhe7 du4w35lb j83agx80 cbu4d94t d2edcug0 hpfvmrgz rj1gh0hx buofh1pr g5gj957u o8rfisnq p8fzw8mz pcp91wgn iuny7tx3 ipjc6fyt\">\n<div class=\"j83agx80 cbu4d94t ew0dbk1b irj2b8pg\">\n<div class=\"qzhwtbm6 knvmm38d\">\n<div class=\"j83agx80 cbu4d94t ew0dbk1b irj2b8pg\">\n<div class=\"qzhwtbm6 knvmm38d\">\n<div class=\"kvgmc6g5 cxmmr5t8 oygrvhab hcukyx3x c1et5uql\">\n<div dir=\"auto\">Andros Asia l\u00e0 c\u00f4ng ty c\u1ee7a Ph\u00e1p t\u1ea1i Vi\u1ec7t Nam, l\u00e0 chuy\u00ean gia s\u1ea3n xu\u1ea5t ch\u1ebf bi\u1ebfn c\u00e1c lo\u1ea1i tr\u00e1i c\u00e2y, nguy\u00ean li\u1ec7u chuy\u00ean d\u00f9ng trong l\u0129nh v\u1ef1c th\u1ee9c u\u1ed1ng v\u00e0 b\u00e1nh ng\u1ecdt.<\/div>\n<\/div>\n<\/div>\n<\/div>\n<\/div>\n<\/div>\n<\/div>\n<\/div>\n<\/div>\n<\/div>\n<\/div>\n<\/div>\n<div class=\"j83agx80\">\n<div class=\"dwo3fsh8 g5ia77u1 rt8b4zig n8ej3o3l agehan2d sk4xxmp2 rq0escxv q9uorilb kvgmc6g5 cxmmr5t8 oygrvhab hcukyx3x jb3vyjys rz4wbd8a qt6c0cv9 a8nywdso l9j0dhe7 i1ao9s8h k4urcfbm\">\n<div class=\"j83agx80 cbu4d94t sj5x9vvc cxgpxx05\">\n<div class=\"rq0escxv l9j0dhe7 du4w35lb j83agx80 pfnyh3mw jifvfom9 ll8tlv6m owycx6da btwxx1t3 hv4rvrfc dati1w0a jb3vyjys b5q2rw42 lq239pai mysgfdmx hddg9phg\">\n<div class=\"rq0escxv l9j0dhe7 du4w35lb j83agx80 cbu4d94t pfnyh3mw d2edcug0 hpfvmrgz p8fzw8mz pcp91wgn iuny7tx3 ipjc6fyt\"><\/div>\n<div class=\"rq0escxv l9j0dhe7 du4w35lb j83agx80 cbu4d94t d2edcug0 hpfvmrgz rj1gh0hx buofh1pr g5gj957u o8rfisnq p8fzw8mz pcp91wgn iuny7tx3 ipjc6fyt\">\n<div class=\"j83agx80 cbu4d94t ew0dbk1b irj2b8pg\">\n<div class=\"qzhwtbm6 knvmm38d\">\n<div class=\"j83agx80 cbu4d94t ew0dbk1b irj2b8pg\">\n<div class=\"qzhwtbm6 knvmm38d\">\n<div class=\"kvgmc6g5 cxmmr5t8 oygrvhab hcukyx3x c1et5uql\">\n<div dir=\"auto\">ANDROS l\u00e0 c\u00f4ng ty gia \u0111\u00ecnh \u1edf v\u00f9ng ngo\u1ea1i \u00f4 Ph\u00e1p v\u1edbi nh\u1eefng gi\u00e1 tr\u1ecb \u0111\u00e1ng t\u1ef1 h\u00e0o trong h\u01a1n 100 n\u0103m v\u00e0 mong mu\u1ed1n ph\u00e1t tri\u1ec3n th\u00e0nh m\u1ed9t t\u1eadp \u0111o\u00e0n c\u00f4ng nghi\u00eap \u0111a qu\u1ed1c gia. M\u1eb7c d\u00f9 t\u1eeb x\u01b0a \u0111\u1ebfn nay tr\u00e1i c\u00e2y lu\u00f4n l\u00e0 d\u00f2ng s\u1ea3n ph\u1ea9m ch\u00ednh c\u1ee7a ANDROS, t\u1eadp \u0111o\u00e0n c\u00f2n m\u1edf r\u1ed9ng s\u1ea3n xu\u1ea5t th\u00eam nhi\u1ec1u s\u1ea3n ph\u1ea9m kh\u00e1c nh\u01b0 b\u00e1nh k\u1eb9o, s\u1ea3n ph\u1ea9m t\u1eeb s\u1eefa v\u00e0 \u0111\u1ed3 tr\u00e1ng mi\u00eang \u0111\u00f4ng l\u1ea1nh.<\/div>\n<p dir=\"auto\">ANDROS Asia l\u00e0 chuy\u00ean gia s\u1ea3n xu\u1ea5t c\u00e1c lo\u1ea1i tr\u00e1i c\u00e2y t\u1eeb ngu\u1ed3n nguy\u00ean li\u00eau \u0111\u1ecba ph\u01b0\u01a1ng. V\u1edbi ni\u1ec1m \u0111am m\u00ea t\u1ea1o ra nh\u1eefng s\u1ea3n ph\u1ea9m tr\u00e1i c\u00e2y ch\u1ea5t l\u01b0\u1ee3ng v\u00e0 kinh nghi\u1ec7m l\u00e0m m\u1ee9t l\u00e2u \u0111\u1eddi, ANDROS \u0111a d\u1ea1ng h\u00f3a s\u1ea3n ph\u1ea9m \u0111\u1ec3 mang t\u1edbi nh\u1eefng d\u00f2ng s\u1ea3n ph\u1ea9m nguy\u00ean li\u1ec7u ch\u1ebf bi\u1ebfn th\u1ee9c u\u1ed1ng v\u00e0 b\u00e1nh ng\u1ecdt. M\u1ecdi s\u1ea3n ph\u1ea9m \u0111\u1ec1u \u0111\u01b0\u1ee3c ch\u1ebf bi\u1ebfn d\u1ef1a tr\u00ean n\u1eefng chuy\u00ean m\u00f4n v\u00e0 b\u00ed quy\u1ebft l\u00e2u \u0111\u1eddi t\u1eeb Ph\u00e1p.<\/p>\n<p dir=\"auto\"><img fetchpriority=\"high\" decoding=\"async\" class=\"wp-image-26462 aligncenter\" src=\"https:\/\/havamall.com\/wp-content\/uploads\/2025\/07\/173779008-300x201.png\" alt=\"\" width=\"713\" height=\"478\" \/><\/p>\n<p dir=\"auto\">D\u00e2u t\u00e2y \u0111\u00f4ng l\u1ea1nh Andros l\u00e0 d\u00f2ng s\u1ea3n ph\u1ea9m tr\u00e1i c\u00e2y \u0111\u00f4ng l\u1ea1nh v\u1edbi d\u00e2y chuy\u1ec1n c\u1ea5p \u0111\u00f4ng si\u00eau t\u1ed1c (IQF) 100% l\u00e0m t\u1eeb tr\u00e1i c\u00e2y t\u1ef1 nhi\u00ean v\u00e0 \u0111\u01b0\u1ee3c l\u1ef1a ch\u1ecdn k\u1ef9 l\u01b0\u1ee1ng, \u0111\u01b0\u1ee3c \u0111\u00f3ng g\u00f3i ti\u1ec7n l\u1ee3i \u0111\u1ec3 ph\u1ee5c v\u1ee5 m\u1ecdi nhu c\u1ea7u s\u1eed d\u1ee5ng su\u1ed1t c\u1ea3 n\u0103m.<\/p>\n<div class=\"kvgmc6g5 cxmmr5t8 oygrvhab hcukyx3x c1et5uql ii04i59q\">\n<p dir=\"auto\">Tr\u00e1i c\u00e2y \u0111\u01b0\u1ee3c ch\u1ecdn t\u1eeb nh\u1eefng ngu\u1ed3n v\u00e0 gi\u1ed1ng t\u1ed1t nh\u1ea5t \u0111\u1ea3m b\u1ea3o kh\u00f4ng \u0111\u01b0\u1eddng, kh\u00f4ng ch\u1ea5t t\u1ea1o m\u00f9i, kh\u00f4ng ch\u1ea5t t\u1ea1o m\u00e0u, kh\u00f4ng ch\u1ea5t b\u1ea3o qu\u1ea3n n\u00ean r\u1ea5t an to\u00e0n cho ng\u01b0\u1eddi s\u1eed d\u1ee5ng. S\u1ea3n ph\u1ea9m \u0111\u01b0\u1ee3c l\u00e0m l\u1ea1nh ngay sau khi thu ho\u1ea1ch n\u00ean gi\u1eef \u0111\u01b0\u1ee3c tr\u1ecdn v\u1eb9n h\u01b0\u01a1ng v\u1ecb, \u0111\u1ed9 t\u01b0\u01a1i ngon c\u00f9ng c\u00e1c vitamin, kho\u00e1ng ch\u1ea5t.<\/p>\n<p>D\u00e2u t\u00e2y c\u00f3 \u00edt calo v\u00e0 ch\u1ea5t b\u00e9o nh\u01b0ng l\u1ea1i gi\u00e0u d\u01b0\u1ee1ng ch\u1ea5t, kho\u00e1ng ch\u1ea5t v\u00e0 vitamin. D\u00e2u t\u00e2y c\u00f3 h\u00e0m l\u01b0\u1ee3ng cao anthocyanin v\u00e0 acid ellagic. Nghi\u00ean c\u1ee9u khoa h\u1ecdc cho th\u1ea5y \u0103n nhi\u1ec1u qu\u1ea3 d\u00e2u t\u00e2y c\u00f3 l\u1ee3i cho s\u1ee9c kh\u1ecfe v\u00e0 ch\u1ed1ng l\u1ea1i m\u1ed9t s\u1ed1 b\u1ec7nh nh\u01b0 ung th\u01b0, l\u00e3o h\u00f3a, vi\u00eam v\u00e0 b\u1ec7nh th\u1ea7n kinh.<\/p>\n<p><img decoding=\"async\" class=\"wp-image-26473 aligncenter\" src=\"https:\/\/havamall.com\/wp-content\/uploads\/2025\/07\/242592544-300x267.png\" alt=\"\" width=\"710\" height=\"633\" \/><\/p>\n<p>D\u00e2u t\u00e2y l\u00e0 ngu\u1ed3n cung c\u1ea5p vitamin C, \u0111\u00f3 c\u0169ng l\u00e0 m\u1ed9t ch\u1ea5t ch\u1ed1ng oxy h\u00f3a t\u1ef1 nhi\u00ean m\u1ea1nh m\u1ebd. \u0102n c\u00e1i c\u00e2y gi\u00e0u vitamin C gi\u00fap c\u01a1 th\u1ec3 ph\u00e1t tri\u1ec3n s\u1ee9c \u0111\u1ec1 kh\u00e1ng ch\u1ed1ng l\u1ea1i c\u00e1c t\u00e1c nh\u00e2n truy\u1ec1n nhi\u1ec5m.<\/p>\n<p>Tr\u00e1i d\u00e2u t\u00e2y ch\u1ee9a m\u1ed9t l\u01b0\u1ee3ng cao vitamin B-6, niacin, riboflavin, pantothenic acid v\u00e0 acid folic. C\u00e1c vitamin n\u00e0y l\u00e0 y\u1ebfu t\u1ed1 c\u0103n b\u1ea3n gi\u00fap c\u01a1 th\u1ec3 chuy\u1ec3n h\u00f3a carbohydrate, protein v\u00e0 ch\u1ea5t b\u00e9o.<\/p>\n<p><img decoding=\"async\" class=\"wp-image-26474 aligncenter\" src=\"https:\/\/havamall.com\/wp-content\/uploads\/2025\/07\/74211402_756575614777414_4237429440201621504_n-300x300.png\" alt=\"\" width=\"715\" height=\"715\" \/><\/p>\n<p>D\u00e2u t\u00e2y c\u00f3 ch\u1ee9a vitamin A, vitamin E v\u00e0 th\u00fac \u0111\u1ea9y qu\u00e1 tr\u00ecnh s\u1ea3n sinh c\u00e1c ch\u1ea5t ch\u1ed1ng oxy h\u00f3a phenolic nh\u01b0 lutein, Zea-xanthin v\u00e0 beta-carotene. C\u00e1c h\u1ee3p ch\u1ea5t n\u00e0y gi\u00fap l\u00e0m gi\u1ea3m qu\u00e1 tr\u00ecnh l\u00e3o h\u00f3a v\u00e0 b\u1ec7nh t\u1eadt kh\u00e1c nhau.<\/p>\n<p>D\u00e2u t\u00e2y \u0111\u00f4ng l\u1ea1nh Andros ch\u1ee9a v\u1ecb ng\u1ecdt c\u1ee7a d\u00e2u t\u00e2y ch\u00edn \u0111\u1ecf. Khi n\u00f3 ch\u00edn ngon nh\u1ea5t, b\u1ea1n c\u00f3 th\u1ec3 nhanh ch\u00f3ng s\u1eed d\u1ee5ng ngay khi c\u00f2n \u0111\u00f4ng l\u1ea1nh, \u0111\u1ec3 c\u00f3 th\u1ec3 c\u1ea3m nh\u1eadn \u0111\u01b0\u1ee3c h\u01b0\u01a1ng v\u1ecb v\u00e0 m\u00f9i th\u01a1m c\u1ee7a qu\u1ea3 ng\u1ecdt nh\u01b0 v\u1ed1n c\u00f3.<\/p>\n<p><img loading=\"lazy\" decoding=\"async\" class=\"wp-image-26475 aligncenter\" src=\"https:\/\/havamall.com\/wp-content\/uploads\/2025\/07\/242760063-300x300.png\" alt=\"\" width=\"715\" height=\"715\" \/><\/p>\n<p>\u0110\u00f4ng l\u1ea1nh d\u00e2u t\u00e2y l\u00e0 m\u1ed9t c\u00e1ch tuy\u1ec7t v\u1eddi \u0111\u1ec3 th\u01b0\u1edfng th\u1ee9c h\u01b0\u01a1ng v\u1ecb th\u01a1m ngon c\u1ee7a nh\u1eefng qu\u1ea3 d\u00e2u t\u00e2y t\u01b0\u01a1i k\u1ec3 c\u1ea3 khi \u0111\u00e3 h\u1ebft m\u00f9a. C\u00f3 r\u1ea5t nhi\u1ec1u c\u00e1ch \u0111\u00f4ng l\u1ea1nh d\u00e2u t\u00e2y t\u01b0\u01a1i \u0111\u1ec3 \u0103n ho\u1eb7c s\u1eed d\u1ee5ng sau. B\u1ea1n c\u00f3 th\u1ec3 d\u1ec5 d\u00e0ng \u0111\u00f4ng l\u1ea1nh d\u00e2u t\u00e2y t\u01b0\u01a1i nguy\u00ean qu\u1ea3 ho\u1eb7c c\u1eaft l\u00e1t sao cho kh\u00f4ng b\u1ecb d\u00ednh b\u1eb1ng c\u00e1ch x\u1ebfp ch\u00fang r\u1eddi nhau tr\u00ean khay tr\u01b0\u1edbc khi cho v\u00e0o t\u1ee7 \u0111\u00f4ng. N\u1ebfu b\u1ea1n mu\u1ed1n d\u00e2u t\u00e2y c\u00f3 v\u1ecb ng\u1ecdt h\u01a1n, h\u00e3y th\u00eam \u0111\u01b0\u1eddng ho\u1eb7c n\u01b0\u1edbc \u0111\u01b0\u1eddng v\u00e0o d\u00e2u t\u00e2y v\u00e0 \u0111\u00f4ng l\u1ea1nh \u0111\u1ec3 d\u00f9ng khi l\u00e0m b\u00e1nh, l\u00e0m m\u1ee9t ho\u1eb7c pha cocktail.<\/p>\n<p><img loading=\"lazy\" decoding=\"async\" class=\"wp-image-26476 aligncenter\" src=\"https:\/\/havamall.com\/wp-content\/uploads\/2025\/07\/240390110-300x201.png\" alt=\"\" width=\"714\" height=\"479\" \/><\/p>\n<h3><strong>\u0110\u1eb7c \u0111i\u1ec3m n\u1ed5i b\u1eadt c\u1ee7a s\u1ea3n ph\u1ea9m:<\/strong><\/h3>\n<p>\u2013 C\u00f4ng ngh\u1ec7 l\u00e0m l\u1ea1nh nhanh gi\u00fap gi\u1eef nguy\u00ean v\u1eb9n m\u00f9i v\u1ecb v\u00e0 ch\u1ea5t dinh d\u01b0\u1ee1ng c\u00f3 trong qu\u1ea3 d\u00e2u<\/p>\n<p>\u2013 S\u1ea3n ph\u1ea9m \u0111\u01b0\u1ee3c \u0111\u00f3n g\u00f3i d\u1ea1ng h\u1ed9p gi\u00fap b\u1ea3o qu\u1ea3n d\u1ec5 d\u00e0ng h\u01a1n<\/p>\n<p>\u2013 C\u00f3 th\u1ec3 s\u1eed d\u1ee5ng v\u00e0 b\u1ea3o qu\u1ea3n trong th\u1eddi gian d\u00e0i<\/p>\n<p><img loading=\"lazy\" decoding=\"async\" class=\"wp-image-26477 aligncenter\" src=\"https:\/\/havamall.com\/wp-content\/uploads\/2025\/07\/84706596-300x300.png\" alt=\"\" width=\"705\" height=\"705\" \/><\/p>\n<h3><strong>L\u1ee3i \u00edch s\u1ee9c kh\u1ecfe c\u1ee7a d\u00e2u t\u00e2y:<\/strong><\/h3>\n<p>\u2013 C\u00f3 kh\u1ea3 n\u0103ng b\u1ea3o v\u1ec7 ch\u1ed1ng oxy h\u00f3a m\u1ea1nh \u0111\u01b0\u1ee3c t\u00ecm th\u1ea5y trong Phenol (anthocyanin, anthocyanin 2 v\u00e0 ellagitannin).<\/p>\n<p>\u2013 H\u00e0m l\u01b0\u1ee3ng ellagitannin c\u1ee7a d\u00e2u t\u00e2y th\u1ef1c s\u1ef1 c\u00f3 li\u00ean quan \u0111\u1ebfn vi\u1ec7c gi\u1ea3m t\u1ef7 l\u1ec7 t\u1eed vong do ung th\u01b0.<\/p>\n<p>\u2013 C\u00e1c nh\u00e0 nghi\u00ean c\u1ee9u \u0111\u00e3 ph\u00e1t hi\u1ec7n ra r\u1eb1ng d\u00e2u t\u00e2y gi\u00fap b\u1ea3o v\u1ec7 n\u00e3o kh\u1ecfi c\u0103ng th\u1eb3ng oxy h\u00f3a v\u00e0 c\u00f3 th\u1ec3 l\u00e0m gi\u1ea3m t\u00e1c \u0111\u1ed9ng c\u1ee7a s\u1ef1 suy gi\u1ea3m li\u00ean quan \u0111\u1ebfn tu\u1ed5i t\u00e1c trong ch\u1ee9c n\u0103ng n\u00e3o.<\/p>\n<p>\u2013 C\u00e1c nghi\u00ean c\u1ee9u \u0111\u00e3 ch\u1ec9 ra r\u1eb1ng c\u00e1c lo\u1ea1i th\u1ef1c ph\u1ea9m gi\u00e0u vitamin C, ch\u1eb3ng h\u1ea1n nh\u01b0 D\u00e2u t\u00e2y, cung c\u1ea5p cho con ng\u01b0\u1eddi s\u1ef1 b\u1ea3o v\u1ec7 ch\u1ed1ng l\u1ea1i vi\u00eam \u0111a kh\u1edbp vi\u00eam, m\u1ed9t d\u1ea1ng vi\u00eam kh\u1edbp d\u1ea1ng th\u1ea5p li\u00ean quan \u0111\u1ebfn hai ho\u1eb7c nhi\u1ec1u kh\u1edbp.<\/p>\n<p>S\u1ea3n ph\u1ea9m hi\u1ec7n \u0111\u00e3 c\u00f3 m\u1eb7t t\u1ea1i Havamall.<\/p>\n<p><img loading=\"lazy\" decoding=\"async\" class=\"wp-image-26479 aligncenter\" src=\"https:\/\/havamall.com\/wp-content\/uploads\/2025\/07\/240597910-300x300.png\" alt=\"\" width=\"711\" height=\"711\" \/><\/p>\n<\/div>\n<\/div>\n<\/div>\n<\/div>\n<\/div>\n<\/div>\n<\/div>\n<\/div>\n<\/div>\n<\/div>\n<\/div>","protected":false},"excerpt":{"rendered":"<p>Andros Asia l\u00e0 c\u00f4ng ty c\u1ee7a Ph\u00e1p t\u1ea1i Vi\u1ec7t Nam, l\u00e0 chuy\u00ean gia s\u1ea3n xu\u1ea5t ch\u1ebf bi\u1ebfn c\u00e1c lo\u1ea1i tr\u00e1i<\/p>","protected":false},"featured_media":26478,"comment_status":"open","ping_status":"closed","template":"","meta":[],"product_brand":[],"product_cat":[671,678,36],"product_tag":[],"class_list":{"0":"post-26472","1":"product","2":"type-product","3":"status-publish","4":"has-post-thumbnail","6":"product_cat-nhap-khau-phap","7":"product_cat-trai-cay-dong-lanh","8":"product_cat-thuc-pham-tieu-dung","9":"pa_brand-andros","11":"first","12":"instock","13":"sale","14":"shipping-taxable","15":"purchasable","16":"product-type-simple"},"_links":{"self":[{"href":"https:\/\/havamall.vn\/en\/wp-json\/wp\/v2\/product\/26472"}],"collection":[{"href":"https:\/\/havamall.vn\/en\/wp-json\/wp\/v2\/product"}],"about":[{"href":"https:\/\/havamall.vn\/en\/wp-json\/wp\/v2\/types\/product"}],"replies":[{"embeddable":true,"href":"https:\/\/havamall.vn\/en\/wp-json\/wp\/v2\/comments?post=26472"}],"version-history":[{"count":0,"href":"https:\/\/havamall.vn\/en\/wp-json\/wp\/v2\/product\/26472\/revisions"}],"wp:featuredmedia":[{"embeddable":true,"href":"https:\/\/havamall.vn\/en\/wp-json\/wp\/v2\/media\/26478"}],"wp:attachment":[{"href":"https:\/\/havamall.vn\/en\/wp-json\/wp\/v2\/media?parent=26472"}],"wp:term":[{"taxonomy":"product_brand","embeddable":true,"href":"https:\/\/havamall.vn\/en\/wp-json\/wp\/v2\/product_brand?post=26472"},{"taxonomy":"product_cat","embeddable":true,"href":"https:\/\/havamall.vn\/en\/wp-json\/wp\/v2\/product_cat?post=26472"},{"taxonomy":"product_tag","embeddable":true,"href":"https:\/\/havamall.vn\/en\/wp-json\/wp\/v2\/product_tag?post=26472"}],"curies":[{"name":"wp","href":"https:\/\/api.w.org\/{rel}","templated":true}]}}