{"id":26460,"date":"2022-04-27T15:22:03","date_gmt":"2022-04-27T08:22:03","guid":{"rendered":"https:\/\/havamall.vn\/?post_type=product&#038;p=26460"},"modified":"2025-11-13T15:58:21","modified_gmt":"2025-11-13T08:58:21","slug":"viet-quat-trai-lon-dong-lanh-andros-700g-tang-kem-hu-kem-pho-mai-pauly-28g-frozen-big-blueberry","status":"publish","type":"product","link":"https:\/\/havamall.vn\/en\/shop\/viet-quat-trai-lon-dong-lanh-andros-700g-tang-kem-hu-kem-pho-mai-pauly-28g-frozen-big-blueberry\/","title":{"rendered":"Vi\u1ec7t Qu\u1ea5t Tr\u00e1i L\u1edbn \u0110\u00f4ng L\u1ea1nh Andros 700g &#8211; Frozen Big Blueberry"},"content":{"rendered":"<div class=\"j83agx80\">\n<div>\n<div class=\"dwo3fsh8 g5ia77u1 rt8b4zig n8ej3o3l agehan2d sk4xxmp2 rq0escxv q9uorilb kvgmc6g5 cxmmr5t8 oygrvhab hcukyx3x jb3vyjys rz4wbd8a qt6c0cv9 a8nywdso l9j0dhe7 i1ao9s8h k4urcfbm\">\n<div class=\"j83agx80 cbu4d94t sj5x9vvc cxgpxx05\">\n<div class=\"rq0escxv l9j0dhe7 du4w35lb j83agx80 pfnyh3mw jifvfom9 ll8tlv6m owycx6da btwxx1t3 hv4rvrfc dati1w0a jb3vyjys b5q2rw42 lq239pai mysgfdmx hddg9phg\">\n<div class=\"rq0escxv l9j0dhe7 du4w35lb j83agx80 cbu4d94t d2edcug0 hpfvmrgz rj1gh0hx buofh1pr g5gj957u o8rfisnq p8fzw8mz pcp91wgn iuny7tx3 ipjc6fyt\">\n<div class=\"j83agx80 cbu4d94t ew0dbk1b irj2b8pg\">\n<div class=\"qzhwtbm6 knvmm38d\">\n<div class=\"j83agx80 cbu4d94t ew0dbk1b irj2b8pg\">\n<div class=\"qzhwtbm6 knvmm38d\">\n<div class=\"kvgmc6g5 cxmmr5t8 oygrvhab hcukyx3x c1et5uql\">\n<p dir=\"auto\">Andros Asia l\u00e0 c\u00f4ng ty c\u1ee7a Ph\u00e1p t\u1ea1i Vi\u1ec7t Nam, l\u00e0 chuy\u00ean gia s\u1ea3n xu\u1ea5t ch\u1ebf bi\u1ebfn c\u00e1c lo\u1ea1i tr\u00e1i c\u00e2y, nguy\u00ean li\u1ec7u chuy\u00ean d\u00f9ng trong l\u0129nh v\u1ef1c th\u1ee9c u\u1ed1ng v\u00e0 b\u00e1nh ng\u1ecdt.<\/p>\n<\/div>\n<\/div>\n<\/div>\n<\/div>\n<\/div>\n<\/div>\n<\/div>\n<\/div>\n<\/div>\n<\/div>\n<\/div>\n<div class=\"j83agx80\">\n<div class=\"dwo3fsh8 g5ia77u1 rt8b4zig n8ej3o3l agehan2d sk4xxmp2 rq0escxv q9uorilb kvgmc6g5 cxmmr5t8 oygrvhab hcukyx3x jb3vyjys rz4wbd8a qt6c0cv9 a8nywdso l9j0dhe7 i1ao9s8h k4urcfbm\">\n<div class=\"j83agx80 cbu4d94t sj5x9vvc cxgpxx05\">\n<div class=\"rq0escxv l9j0dhe7 du4w35lb j83agx80 pfnyh3mw jifvfom9 ll8tlv6m owycx6da btwxx1t3 hv4rvrfc dati1w0a jb3vyjys b5q2rw42 lq239pai mysgfdmx hddg9phg\">\n<div class=\"rq0escxv l9j0dhe7 du4w35lb j83agx80 cbu4d94t d2edcug0 hpfvmrgz rj1gh0hx buofh1pr g5gj957u o8rfisnq p8fzw8mz pcp91wgn iuny7tx3 ipjc6fyt\">\n<div class=\"j83agx80 cbu4d94t ew0dbk1b irj2b8pg\">\n<div class=\"qzhwtbm6 knvmm38d\">\n<div class=\"j83agx80 cbu4d94t ew0dbk1b irj2b8pg\">\n<div class=\"qzhwtbm6 knvmm38d\">\n<div class=\"kvgmc6g5 cxmmr5t8 oygrvhab hcukyx3x c1et5uql\">\n<p dir=\"auto\">ANDROS l\u00e0 c\u00f4ng ty gia \u0111\u00ecnh \u1edf v\u00f9ng ngo\u1ea1i \u00f4 Ph\u00e1p v\u1edbi nh\u1eefng gi\u00e1 tr\u1ecb \u0111\u00e1ng t\u1ef1 h\u00e0o trong h\u01a1n 100 n\u0103m v\u00e0 mong mu\u1ed1n ph\u00e1t tri\u1ec3n th\u00e0nh m\u1ed9t t\u1eadp \u0111o\u00e0n c\u00f4ng nghi\u00eap \u0111a qu\u1ed1c gia. M\u1eb7c d\u00f9 t\u1eeb x\u01b0a \u0111\u1ebfn nay tr\u00e1i c\u00e2y lu\u00f4n l\u00e0 d\u00f2ng s\u1ea3n ph\u1ea9m ch\u00ednh c\u1ee7a ANDROS, t\u1eadp \u0111o\u00e0n c\u00f2n m\u1edf r\u1ed9ng s\u1ea3n xu\u1ea5t th\u00eam nhi\u1ec1u s\u1ea3n ph\u1ea9m kh\u00e1c nh\u01b0 b\u00e1nh k\u1eb9o, s\u1ea3n ph\u1ea9m t\u1eeb s\u1eefa v\u00e0 \u0111\u1ed3 tr\u00e1ng mi\u00eang \u0111\u00f4ng l\u1ea1nh.<\/p>\n<p dir=\"auto\">ANDROS Asia l\u00e0 chuy\u00ean gia s\u1ea3n xu\u1ea5t c\u00e1c lo\u1ea1i tr\u00e1i c\u00e2y t\u1eeb ngu\u1ed3n nguy\u00ean li\u00eau \u0111\u1ecba ph\u01b0\u01a1ng. V\u1edbi ni\u1ec1m \u0111am m\u00ea t\u1ea1o ra nh\u1eefng s\u1ea3n ph\u1ea9m tr\u00e1i c\u00e2y ch\u1ea5t l\u01b0\u1ee3ng v\u00e0 kinh nghi\u1ec7m l\u00e0m m\u1ee9t l\u00e2u \u0111\u1eddi, ANDROS \u0111a d\u1ea1ng h\u00f3a s\u1ea3n ph\u1ea9m \u0111\u1ec3 mang t\u1edbi nh\u1eefng d\u00f2ng s\u1ea3n ph\u1ea9m nguy\u00ean li\u1ec7u ch\u1ebf bi\u1ebfn th\u1ee9c u\u1ed1ng v\u00e0 b\u00e1nh ng\u1ecdt. M\u1ecdi s\u1ea3n ph\u1ea9m \u0111\u1ec1u \u0111\u01b0\u1ee3c ch\u1ebf bi\u1ebfn d\u1ef1a tr\u00ean n\u1eefng chuy\u00ean m\u00f4n v\u00e0 b\u00ed quy\u1ebft l\u00e2u \u0111\u1eddi t\u1eeb Ph\u00e1p.<\/p>\n<p dir=\"auto\"><img fetchpriority=\"high\" decoding=\"async\" class=\"wp-image-26462 aligncenter\" src=\"https:\/\/havamall.com\/wp-content\/uploads\/2025\/07\/173779008-300x201.png\" alt=\"\" width=\"713\" height=\"478\" \/><\/p>\n<p dir=\"auto\">Vi\u1ec7t qu\u1ea5t \u0111\u00f4ng l\u1ea1nh Andros l\u00e0 d\u00f2ng s\u1ea3n ph\u1ea9m tr\u00e1i c\u00e2y \u0111\u00f4ng l\u1ea1nh v\u1edbi d\u00e2y chuy\u1ec1n c\u1ea5p \u0111\u00f4ng si\u00eau t\u1ed1c (IQF) 100% l\u00e0m t\u1eeb tr\u00e1i c\u00e2y t\u1ef1 nhi\u00ean v\u00e0 \u0111\u01b0\u1ee3c l\u1ef1a ch\u1ecdn k\u1ef9 l\u01b0\u1ee1ng, \u0111\u01b0\u1ee3c \u0111\u00f3ng g\u00f3i ti\u1ec7n l\u1ee3i \u0111\u1ec3 ph\u1ee5c v\u1ee5 m\u1ecdi nhu c\u1ea7u s\u1eed d\u1ee5ng su\u1ed1t c\u1ea3 n\u0103m.<\/p>\n<div class=\"kvgmc6g5 cxmmr5t8 oygrvhab hcukyx3x c1et5uql ii04i59q\">\n<p dir=\"auto\">Tr\u00e1i c\u00e2y \u0111\u01b0\u1ee3c ch\u1ecdn t\u1eeb nh\u1eefng ngu\u1ed3n v\u00e0 gi\u1ed1ng t\u1ed1t nh\u1ea5t \u0111\u1ea3m b\u1ea3o kh\u00f4ng \u0111\u01b0\u1eddng, kh\u00f4ng ch\u1ea5t t\u1ea1o m\u00f9i, kh\u00f4ng ch\u1ea5t t\u1ea1o m\u00e0u, kh\u00f4ng ch\u1ea5t b\u1ea3o qu\u1ea3n n\u00ean r\u1ea5t an to\u00e0n cho ng\u01b0\u1eddi s\u1eed d\u1ee5ng. S\u1ea3n ph\u1ea9m \u0111\u01b0\u1ee3c l\u00e0m l\u1ea1nh ngay sau khi thu ho\u1ea1ch n\u00ean gi\u1eef \u0111\u01b0\u1ee3c tr\u1ecdn v\u1eb9n h\u01b0\u01a1ng v\u1ecb, \u0111\u1ed9 t\u01b0\u01a1i ngon c\u00f9ng c\u00e1c vitamin, kho\u00e1ng ch\u1ea5t.<\/p>\n<p dir=\"auto\"><img decoding=\"async\" class=\"wp-image-26463 aligncenter\" src=\"https:\/\/havamall.com\/wp-content\/uploads\/2025\/07\/69234017-300x200.png\" alt=\"\" width=\"722\" height=\"481\" \/><\/p>\n<p dir=\"auto\">S\u1ea3n ph\u1ea9m ph\u00f9 h\u1ee3p \u0111\u1ec3 l\u00e0m sinh t\u1ed1, s\u00e1ng t\u1ea1o c\u00e1c lo\u1ea1i th\u1ee9c u\u1ed1ng trong pha ch\u1ebf, c\u00f3 th\u1ec3 s\u1eed d\u1ee5ng \u0111\u1ec3 n\u1ea5u \u0103n v\u00e0 l\u00e0m b\u00e1nh t\u00f9y theo s\u1edf th\u00edch. Vi\u1ec7t qu\u1ea5t l\u00e0 d\u00f2ng tr\u00e1i c\u00e2y c\u00f3 ngu\u1ed3n dinh d\u01b0\u1ee1ng d\u1ed3i d\u00e0o v\u1edbi Vitamin A &amp; C, Kali, S\u1eaft, Ch\u1ea5t x\u01a1, Canxi v\u00e0 K\u1ebdm gi\u00fap t\u0103ng c\u01b0\u1eddng m\u1ea1ch m\u00e1u, t\u0103ng c\u01b0\u1eddng tr\u00ed nh\u1edb v\u00e0 c\u1ea3i thi\u1ec7n th\u1ecb l\u1ef1c.<\/p>\n<p dir=\"auto\"><img decoding=\"async\" class=\"wp-image-26464 aligncenter\" src=\"https:\/\/havamall.com\/wp-content\/uploads\/2025\/07\/23936774-300x300.png\" alt=\"\" width=\"727\" height=\"726\" \/><\/p>\n<p>Theo c\u00e1c nghi\u00ean c\u1ee9u \u0111\u01b0\u1ee3c th\u1ef1c hi\u1ec7n b\u1edfi \u0110\u1ea1i h\u1ecdc John Hopkins, qu\u00e1 tr\u00ecnh \u0111\u00f4ng l\u1ea1nh vi\u1ec7t qu\u1ea5t v\u1eeba thu ho\u1ea1ch gi\u00fap vi\u1ec7t qu\u1ea5t duy tr\u00ec m\u1ee9c dinh d\u01b0\u1ee1ng t\u1ed1i \u01b0u trong nhi\u1ec1u th\u00e1ng. \u0110i\u1ec1u n\u00e0y gi\u00fap b\u1ea1n c\u00f3 th\u1ec3 th\u01b0\u1edfng th\u1ee9c nh\u1eefng tr\u00e1i vi\u1ec7t qu\u1ea5t ngon v\u00e0o b\u1ea5t c\u1ee9 l\u00fac n\u00e0o trong n\u0103m.<\/p>\n<p>Ngo\u00e0i ra, c\u00e1c nghi\u00ean c\u1ee9u \u0111\u01b0\u1ee3c th\u1ef1c hi\u1ec7n t\u1ea1i \u0110\u1ea1i h\u1ecdc Bang Nam Dakota cho th\u1ea5y, vi\u1ec7c \u0111\u00f4ng l\u1ea1nh qu\u1ea3 vi\u1ec7t qu\u1ea5t gi\u00fap c\u01a1 th\u1ec3 con ng\u01b0\u1eddi d\u1ec5 h\u1ea5p thu c\u00e1c ch\u1ea5t ch\u1ed1ng oxy h\u00f3a trong vi\u1ec7t qu\u1ea5t h\u01a1n. \u0110i\u1ec1u n\u00e0y l\u00e0 do ch\u1ea5t anthocyanins, h\u1ee3p ch\u1ea5t ch\u1ed1ng oxy h\u00f3a t\u1ea1o n\u00ean m\u00e0u xanh c\u1ee7a qu\u1ea3 vi\u1ec7t qu\u1ea5t, \u0111\u01b0\u1ee3c t\u00ecm th\u1ea5y trong v\u1ecf c\u1ee7a qu\u1ea3 m\u1ecdng. Vi\u1ec7c \u0111\u00f4ng l\u1ea1nh t\u1ea1o n\u00ean c\u00e1c tinh th\u1ec3 b\u0103ng nh\u1ecf ph\u00e1 v\u1ee1 c\u1ea5u tr\u00fac c\u1ee7a t\u1ebf b\u00e0o, gi\u00fap h\u1ec7 th\u1ed1ng ti\u00eau h\u00f3a c\u1ee7a ch\u00fang ta d\u1ec5 d\u00e0ng h\u1ea5p thu ch\u1ea5t anthocyanins.<\/p>\n<p><img loading=\"lazy\" decoding=\"async\" class=\"wp-image-26465 aligncenter\" src=\"https:\/\/havamall.com\/wp-content\/uploads\/2025\/07\/219401158-300x300.png\" alt=\"\" width=\"729\" height=\"729\" \/><\/p>\n<p>Tr\u00e1i c\u00e2y v\u00e0 rau qu\u1ea3 t\u01b0\u01a1i s\u1edf h\u1eefu h\u1ea1n s\u1eed d\u1ee5ng r\u1ea5t ng\u1eafn ng\u00e0y, v\u00e0 qu\u1ea3 vi\u1ec7t qu\u1ea5t c\u0169ng v\u1eady. Tuy nhi\u00ean, vi\u1ec7t qu\u1ea5t \u0111\u00f4ng l\u1ea1nh c\u00f3 th\u1ec3 \u0111\u1ec3 \u0111\u01b0\u1ee3c nhi\u1ec1u th\u00e1ng m\u00e0 kh\u00f4ng b\u1ecb h\u1ecfng hay nh\u0169n, v\u00e0 gi\u1eef \u0111\u01b0\u1ee3c ch\u1ea5t dinh d\u01b0\u1ee1ng trong nhi\u1ec1u th\u00e1ng khi \u0111\u01b0\u1ee3c b\u1ea3o qu\u1ea3n trong ng\u0103n \u0111\u00e1.<\/p>\n<h3><strong>H\u01b0\u1edbng d\u1eabn s\u1eed d\u1ee5ng:<\/strong><\/h3>\n<p>\u2013 L\u1ea5y l\u01b0\u1ee3ng v\u1eeba \u0111\u1ee7 d\u00f9ng \u0111\u1ec3 ra ngo\u00e0i cho gi\u00e3 \u0111\u00f4ng r\u1ed3i d\u00f9ng ngay. Ho\u1eb7c c\u00f3 th\u1ec3 \u0111\u1ec3 xu\u1ed1ng ng\u0103n m\u00e1t t\u1ee7 l\u1ea1nh (kho\u1ea3ng 1-3 \u0111\u1ed9 C) r\u1ed3i d\u00f9ng d\u1ea7n trong v\u00f2ng 3 ng\u00e0y sau \u0111\u00f3.<\/p>\n<p>\u2013 Vi\u1ec7t qu\u1ea5t \u0111\u00f4ng l\u1ea1nh \u0111\u01b0\u1ee3c d\u00f9ng nh\u01b0 tr\u00e1i c\u00e2y t\u01b0\u01a1i b\u00ecnh th\u01b0\u1eddng: \u0103n k\u00e8m s\u1eefa chua, xay sinh t\u1ed1, l\u00e0m m\u1ee9t, l\u00e0m b\u00e1nh,\u2026ho\u1eb7c d\u00f9ng l\u00e0m n\u01b0\u1edbc s\u1ed1t cho c\u00e1c m\u00f3n \u0103n T\u00e2y \u0111\u1ec1u r\u1ea5t ngon v\u00e0 b\u1ed5 d\u01b0\u1ee1ng.<\/p>\n<p><img loading=\"lazy\" decoding=\"async\" class=\"wp-image-26466 aligncenter\" src=\"https:\/\/havamall.com\/wp-content\/uploads\/2025\/07\/75302669_767745186993790_2873908719656108032_n-300x300.png\" alt=\"\" width=\"722\" height=\"723\" \/><\/p>\n<h3><strong>Nh\u1eefng c\u00f4ng d\u1ee5ng tuy\u1ec7t v\u1eddi c\u1ee7a qu\u1ea3 vi\u1ec7t qu\u1ea5t:<\/strong><\/h3>\n<p>&gt; Tr\u00e1i vi\u1ec7t qu\u1ea5t c\u00f3 t\u00e1c d\u1ee5ng v\u00f4 hi\u1ec7u h\u00f3a c\u00e1c g\u1ed1c t\u1ef1 do<\/p>\n<p>&gt; Tr\u00e1i vi\u1ec7t qu\u1ea5t c\u00f3 t\u00e1c d\u1ee5ng c\u1ea3i thi\u1ec7n tr\u00ed nh\u1edb<\/p>\n<p>&gt; Tr\u00e1i vi\u1ec7t qu\u1ea5t c\u00f3 t\u00e1c d\u1ee5ng duy tr\u00ec th\u1ecb l\u1ef1c t\u1ed1t<\/p>\n<p>&gt; Tr\u00e1i vi\u1ec7t qu\u1ea5t c\u00f3 t\u00e1c d\u1ee5ng h\u1ea1 cholesterol<\/p>\n<p>&gt; Qu\u1ea5t c\u00f3 t\u00e1c d\u1ee5ng ng\u0103n ng\u1eeba b\u1ec7nh tim<\/p>\n<p>&gt; Tr\u00e1i vi\u1ec7t qu\u1ea5t c\u00f3 t\u00e1c d\u1ee5ng ng\u0103n ng\u1eeba nhi\u1ec5m tr\u00f9ng \u0111\u01b0\u1eddng ti\u1ebft ni\u1ec7u (UTIs)<\/p>\n<p>&gt; Tr\u00e1i vi\u1ec7t qu\u1ea5t c\u00f3 t\u00e1c d\u1ee5ng ng\u0103n ng\u1eeba t\u00e1o b\u00f3n<\/p>\n<p><img loading=\"lazy\" decoding=\"async\" class=\"wp-image-26467 aligncenter\" src=\"https:\/\/havamall.com\/wp-content\/uploads\/2025\/07\/17587571-300x300.png\" alt=\"\" width=\"717\" height=\"717\" \/><\/p>\n<p>&gt; Tr\u00e1i vi\u1ec7t qu\u1ea5t c\u00f3 t\u00e1c d\u1ee5ng gi\u1ea3m m\u1ee1 b\u1ee5ng:<\/p>\n<p>&gt; Tr\u00e1i vi\u1ec7t qu\u1ea5t c\u00f3 t\u00e1c d\u1ee5ng l\u00e0m ch\u1eadm qu\u00e1 tr\u00ecnh l\u00e3o h\u00f3a:<\/p>\n<p>&gt; Tr\u00e1i vi\u1ec7t qu\u1ea5t c\u00f3 t\u00e1c d\u1ee5ng t\u0103ng c\u01b0\u1eddng h\u1ec7 th\u1ed1ng mi\u1ec5n d\u1ecbch:<\/p>\n<p>&gt; Gi\u1ea3m vi\u00eam nhi\u1ec5m<\/p>\n<p>&gt; Ng\u0103n ng\u1eeba ung th\u01b0<\/p>\n<p>&gt; T\u1ed1t cho da v\u00e0 t\u00f3c<\/p>\n<p>&gt; C\u1ea3i thi\u1ec7n h\u1ec7 ti\u00eau h\u00f3a<\/p>\n<p>&gt; Gi\u00e0u ch\u1ea5t ch\u1ed1ng oxy h\u00f3a, t\u1ed1t cho ch\u1ecb em<\/p>\n<p>&gt; T\u0103ng c\u01b0\u1eddng s\u1ee9c m\u1ea1nh tr\u00ed n\u00e3o<\/p>\n<p>&gt; T\u1ed1t cho s\u1ee9c kh\u1ecfe b\u00e0 b\u1ea7u<\/p>\n<p>S\u1ea3n ph\u1ea9m hi\u1ec7n \u0111\u00e3 c\u00f3 m\u1eb7t t\u1ea1i Havamall.<\/p>\n<p><img loading=\"lazy\" decoding=\"async\" class=\"wp-image-26468 aligncenter\" src=\"https:\/\/havamall.com\/wp-content\/uploads\/2025\/07\/7538813-300x200.png\" alt=\"\" width=\"728\" height=\"485\" \/><\/p>\n<\/div>\n<\/div>\n<\/div>\n<\/div>\n<\/div>\n<\/div>\n<\/div>\n<\/div>\n<\/div>\n<\/div>\n<\/div>","protected":false},"excerpt":{"rendered":"<p>Andros Asia l\u00e0 c\u00f4ng ty c\u1ee7a Ph\u00e1p t\u1ea1i Vi\u1ec7t Nam, l\u00e0 chuy\u00ean gia s\u1ea3n xu\u1ea5t ch\u1ebf bi\u1ebfn c\u00e1c lo\u1ea1i tr\u00e1i<\/p>","protected":false},"featured_media":26470,"comment_status":"open","ping_status":"closed","template":"","meta":[],"product_brand":[],"product_cat":[275,36],"product_tag":[],"class_list":{"0":"post-26460","1":"product","2":"type-product","3":"status-publish","4":"has-post-thumbnail","6":"product_cat-thuc-pham-dong-lanh","7":"product_cat-thuc-pham-tieu-dung","8":"pa_brand-andros","10":"first","11":"instock","12":"sale","13":"shipping-taxable","14":"purchasable","15":"product-type-simple"},"_links":{"self":[{"href":"https:\/\/havamall.vn\/en\/wp-json\/wp\/v2\/product\/26460"}],"collection":[{"href":"https:\/\/havamall.vn\/en\/wp-json\/wp\/v2\/product"}],"about":[{"href":"https:\/\/havamall.vn\/en\/wp-json\/wp\/v2\/types\/product"}],"replies":[{"embeddable":true,"href":"https:\/\/havamall.vn\/en\/wp-json\/wp\/v2\/comments?post=26460"}],"version-history":[{"count":0,"href":"https:\/\/havamall.vn\/en\/wp-json\/wp\/v2\/product\/26460\/revisions"}],"wp:featuredmedia":[{"embeddable":true,"href":"https:\/\/havamall.vn\/en\/wp-json\/wp\/v2\/media\/26470"}],"wp:attachment":[{"href":"https:\/\/havamall.vn\/en\/wp-json\/wp\/v2\/media?parent=26460"}],"wp:term":[{"taxonomy":"product_brand","embeddable":true,"href":"https:\/\/havamall.vn\/en\/wp-json\/wp\/v2\/product_brand?post=26460"},{"taxonomy":"product_cat","embeddable":true,"href":"https:\/\/havamall.vn\/en\/wp-json\/wp\/v2\/product_cat?post=26460"},{"taxonomy":"product_tag","embeddable":true,"href":"https:\/\/havamall.vn\/en\/wp-json\/wp\/v2\/product_tag?post=26460"}],"curies":[{"name":"wp","href":"https:\/\/api.w.org\/{rel}","templated":true}]}}