{"id":26414,"date":"2022-04-22T16:16:35","date_gmt":"2022-04-22T09:16:35","guid":{"rendered":"https:\/\/havamall.vn\/?post_type=product&#038;p=26414"},"modified":"2022-06-27T15:46:14","modified_gmt":"2022-06-27T08:46:14","slug":"dau-ha-lan-xanh-hap-chin-greenone-450g","status":"publish","type":"product","link":"https:\/\/havamall.vn\/en\/shop\/dau-ha-lan-xanh-hap-chin-greenone-450g\/","title":{"rendered":"\u0110\u1eadu H\u00e0 Lan Xanh H\u1ea5p Ch\u00edn GreenOne T\u00fai 450g &#8211; Frozen Cooked Green Peas"},"content":{"rendered":"<h3><strong>TH\u00d4NG TIN S\u1ea2N PH\u1ea8M<\/strong><\/h3>\n<table width=\"750\">\n<tbody>\n<tr>\n<td>Th\u01b0\u01a1ng hi\u1ec7u<\/td>\n<td>Green One<\/td>\n<\/tr>\n<tr>\n<td>Xu\u1ea5t x\u1ee9<\/td>\n<td>Vi\u1ec7t Nam<\/td>\n<\/tr>\n<tr>\n<td>Th\u00e0nh ph\u1ea7n<\/td>\n<td>100% \u0111\u1eadu h\u00e0 lan<\/td>\n<\/tr>\n<tr>\n<td>H\u1ea1n s\u1eed d\u1ee5ng<\/td>\n<td>12 th\u00e1ng k\u1ec3 t\u1eeb ng\u00e0y s\u1ea3n xu\u1ea5t.<\/td>\n<\/tr>\n<tr>\n<td>B\u1ea3o qu\u1ea3n<\/td>\n<td>B\u1ea3o qu\u1ea3n \u1edf nhi\u1ec7t \u0111\u1ed9 -18 \u0111\u1ed9 C<\/td>\n<\/tr>\n<tr>\n<td>Kh\u1ed1i l\u01b0\u1ee3ng<\/td>\n<td>450gr<\/td>\n<\/tr>\n<\/tbody>\n<\/table>\n<p>\u0110\u1eadu h\u00e0 lan h\u1ea5p ch\u00edn GreenOne \u0111\u01b0\u1ee3c tr\u1ed3ng b\u1eb1ng c\u00f4ng ngh\u1ec7 thu\u1ea7n khi\u1ebft t\u1ef1 nhi\u00ean, sinh h\u1ecdc, kh\u00f4ng bi\u1ebfn \u0111\u1ed5i gien. Kh\u00f4ng s\u1eed d\u1ee5ng thu\u1ed1c b\u1ea3o qu\u1ea3n th\u1ef1c v\u1eadt, kh\u00f4ng s\u1eed d\u1ee5ng ph\u00e2n h\u00f3a h\u1ecdc v\u00e0 k\u00edch th\u00edch sinh tr\u01b0\u1edfng, \u0111\u1ea1t ti\u00eau chu\u1ea9n an to\u00e0n th\u1ef1c ph\u1ea9m.<\/p>\n<h3><img fetchpriority=\"high\" decoding=\"async\" class=\"wp-image-23539 aligncenter\" src=\"https:\/\/havamall.vn\/wp-content\/uploads\/2021\/11\/green-pea-and-300x200.png\" alt=\"\" width=\"776\" height=\"517\" srcset=\"https:\/\/havamall.vn\/wp-content\/uploads\/2021\/11\/green-pea-and-300x200.png 300w, https:\/\/havamall.vn\/wp-content\/uploads\/2021\/11\/green-pea-and-430x286.png 430w, https:\/\/havamall.vn\/wp-content\/uploads\/2021\/11\/green-pea-and-150x100.png 150w, https:\/\/havamall.vn\/wp-content\/uploads\/2021\/11\/green-pea-and-700x466.png 700w, https:\/\/havamall.vn\/wp-content\/uploads\/2021\/11\/green-pea-and-768x511.png 768w, https:\/\/havamall.vn\/wp-content\/uploads\/2021\/11\/green-pea-and-1024x682.png 1024w, https:\/\/havamall.vn\/wp-content\/uploads\/2021\/11\/green-pea-and-1200x799.png 1200w, https:\/\/havamall.vn\/wp-content\/uploads\/2021\/11\/green-pea-and-600x399.png 600w\" sizes=\"(max-width: 776px) 100vw, 776px\" \/><\/h3>\n<h3><strong>C\u00d4NG D\u1ee4NG\u00a0 \u0110\u1eacU H\u00c0 LAN :<\/strong><\/h3>\n<p>&gt; Ng\u0103n ng\u1eeba ung th\u01b0:\u00a0H\u1ea1t \u0111\u1eadu H\u00e0 Lan\u0111\u01b0\u1ee3c bi\u1ebft \u0111\u1ebfn v\u1edbi nhi\u1ec1u ch\u1ea5t dinh d\u01b0\u1ee1ng v\u00e0 trong s\u1ed1 \u0111\u00f3 l\u00e0 polyphenol g\u1ecdi l\u00e0 coumestrol \u2013 g\u1ea7n \u0111\u00e2y \u0111\u00e3 \u0111i \u0111\u1ea7u trong nghi\u00ean c\u1ee9u v\u1ec1 b\u1ea3o v\u1ec7 ch\u1ed1ng ung th\u01b0 d\u1ea1 d\u00e0y.\u00a0\u201cM\u1ed9t nghi\u00ean c\u1ee9u \u1edf Mexico City cho th\u1ea5y ti\u00eau th\u1ee5 \u0111\u1eadu h\u00e0 lan h\u1eb1ng ng\u00e0y c\u00f9ng v\u1edbi c\u00e1c c\u00e2y h\u1ecd \u0111\u1eadu kh\u00e1c l\u00e0m gi\u1ea3m nguy c\u01a1 ung th\u01b0 d\u1ea1 d\u00e0y, \u0111\u1eb7c bi\u1ec7t khi l\u01b0\u1ee3ng coumestrol h\u00e0ng ng\u00e0y t\u1eeb c\u00e1c c\u00e2y \u0111\u1eadu n\u00e0y x\u1ea5p x\u1ec9 2 miligam ho\u1eb7c cao h\u01a1n\u201d.<\/p>\n<p>&gt; Ch\u1ea5t ch\u1ed1ng oxy ho\u00e1 v\u00e0 kh\u00e1ng vi\u00eam:\u00a0\u0110\u1eadu H\u00e0 Lan\u00a0l\u00e0 ngu\u1ed3n c\u00e1c ch\u1ea5t ch\u1ed1ng oxy h\u00f3a , ch\u1ed1ng vi\u00eam v\u00e0 c\u00e1c ch\u1ea5t dinh d\u01b0\u1ee1ng h\u1ed7 tr\u1ee3 s\u1ee9c kho\u1ebb. Trong nh\u00f3m flavonoid, \u0111\u1eadu h\u00e0 lan cung c\u1ea5p cho ch\u00fang ta ch\u1ea5t ch\u1ed1ng oxy ho\u00e1 catechin v\u00e0 epicatechin. C\u00e1c vitamin ch\u1ed1ng oxy h\u00f3a cung c\u1ea5p b\u1edfi\u00a0\u0111\u1eadu H\u00e0 Lan\u00a0bao g\u1ed3m vitamin C v\u00e0 vitamin E, v\u00e0 m\u1ed9t l\u01b0\u1ee3ng ch\u1ea5t ch\u1ed1ng oxy h\u00f3a kho\u00e1ng ch\u1ea5t k\u1ebdm c\u0169ng \u0111\u01b0\u1ee3c t\u00ecm th\u1ea5y trong th\u1ef1c ph\u1ea9m tuy\u1ec7t v\u1eddi n\u00e0y.<\/p>\n<p><img decoding=\"async\" class=\"wp-image-23540 aligncenter\" src=\"https:\/\/havamall.vn\/wp-content\/uploads\/2021\/11\/spring-fattoush-wit-300x200.png\" alt=\"\" width=\"780\" height=\"521\" srcset=\"https:\/\/havamall.vn\/wp-content\/uploads\/2021\/11\/spring-fattoush-wit-300x200.png 300w, https:\/\/havamall.vn\/wp-content\/uploads\/2021\/11\/spring-fattoush-wit-430x287.png 430w, https:\/\/havamall.vn\/wp-content\/uploads\/2021\/11\/spring-fattoush-wit-150x100.png 150w, https:\/\/havamall.vn\/wp-content\/uploads\/2021\/11\/spring-fattoush-wit-700x467.png 700w, https:\/\/havamall.vn\/wp-content\/uploads\/2021\/11\/spring-fattoush-wit-768x512.png 768w, https:\/\/havamall.vn\/wp-content\/uploads\/2021\/11\/spring-fattoush-wit-1024x683.png 1024w, https:\/\/havamall.vn\/wp-content\/uploads\/2021\/11\/spring-fattoush-wit-1200x800.png 1200w, https:\/\/havamall.vn\/wp-content\/uploads\/2021\/11\/spring-fattoush-wit-600x400.png 600w, https:\/\/havamall.vn\/wp-content\/uploads\/2021\/11\/spring-fattoush-wit.png 1500w\" sizes=\"(max-width: 780px) 100vw, 780px\" \/><\/p>\n<p>&gt; Th\u01b0\u1eddng xuy\u00ean ti\u00eau th\u1ee5 c\u00e1c ch\u1ea5t ch\u1ed1ng oxy ho\u00e1 c\u00f3 th\u1ec3 gi\u00fap c\u01a1 th\u1ec3 ch\u00fang ta ng\u0103n ng\u1eeba stress, l\u00e3o h\u00f3a. Trong khi ti\u00eau th\u1ee5 th\u01b0\u1eddng xuy\u00ean c\u00e1c ch\u1ea5t ch\u1ed1ng vi\u00eam c\u00f3 th\u1ec3 gi\u00fap ch\u00fang ta ph\u00f2ng ng\u1eeba vi\u00eam m\u00e3n t\u00ednh kh\u00f4ng mong mu\u1ed1n.<\/p>\n<p>&gt; Ki\u1ec3m so\u00e1t l\u01b0\u1ee3ng \u0111\u01b0\u1eddng:\u00a0\u0110\u1eadu H\u00e0 Lan\u00a0ch\u1ee9a nhi\u1ec1u ch\u1ea5t x\u01a1 v\u00e0 ch\u1ea5t \u0111\u1ea1m tr\u1ef1c ti\u1ebfp \u0111i\u1ec1u ch\u1ec9nh t\u1ed1c \u0111\u1ed9 ti\u00eau h\u00f3a, protein v\u00e0 ch\u1ea5t x\u01a1 c\u0169ng gi\u00fap \u0111i\u1ec1u h\u00f2a s\u1ef1 ph\u00e2n h\u1ee7y c\u00e1c tinh b\u1ed9t th\u00e0nh \u0111\u01b0\u1eddng v\u00e0 s\u1ef1 \u0111i qua c\u00e1c carbs th\u00f4ng qua \u0111\u01b0\u1eddng ti\u00eau h\u00f3a. V\u1edbi vi\u1ec7c \u0111i\u1ec1u ch\u1ec9nh l\u01b0\u1ee3ng carbs t\u1ed1t h\u01a1n, l\u01b0\u1ee3ng \u0111\u01b0\u1eddng trong m\u00e1u c\u1ee7a ch\u00fang ta c\u00f3 th\u1ec3 \u1ed5n \u0111\u1ecbnh h\u01a1n.<\/p>\n<p>&gt; \u0110\u1eb7c bi\u1ec7t,\u00a0\u0111\u1eadu H\u00e0 Lan\u00a0c\u00f2n cung c\u1ea5p s\u1eaft v\u00e0 dinh d\u01b0\u1ee1ng kh\u00e1c r\u1ea5t th\u00edch h\u1ee3p cho b\u00e9 \u0103n d\u1eb7m v\u00e0 c\u00e1c b\u00e0 m\u1eb9 t\u01b0\u01a1ng l\u1ea1i. Gi\u00fap h\u1ec7 th\u1ea7n kinh c\u1ee7a b\u00e9 ph\u00e1t ti\u1ec1n to\u00e0n di\u1ec7n v\u00e0 t\u0103ng c\u01b0\u1eddng s\u1ee9c \u0111\u1ec1 kh\u00e1ng.<\/p>\n<h3><img decoding=\"async\" class=\"wp-image-26415 aligncenter\" src=\"https:\/\/havamall.vn\/wp-content\/uploads\/2022\/04\/maxresdefault-11-300x169.png\" alt=\"\" width=\"793\" height=\"446\" srcset=\"https:\/\/havamall.vn\/wp-content\/uploads\/2022\/04\/maxresdefault-11-300x169.png 300w, https:\/\/havamall.vn\/wp-content\/uploads\/2022\/04\/maxresdefault-11-430x242.png 430w, https:\/\/havamall.vn\/wp-content\/uploads\/2022\/04\/maxresdefault-11-150x84.png 150w, https:\/\/havamall.vn\/wp-content\/uploads\/2022\/04\/maxresdefault-11-700x394.png 700w, https:\/\/havamall.vn\/wp-content\/uploads\/2022\/04\/maxresdefault-11-768x432.png 768w, https:\/\/havamall.vn\/wp-content\/uploads\/2022\/04\/maxresdefault-11-1024x576.png 1024w, https:\/\/havamall.vn\/wp-content\/uploads\/2022\/04\/maxresdefault-11-1200x675.png 1200w, https:\/\/havamall.vn\/wp-content\/uploads\/2022\/04\/maxresdefault-11-600x338.png 600w, https:\/\/havamall.vn\/wp-content\/uploads\/2022\/04\/maxresdefault-11.png 1280w\" sizes=\"(max-width: 793px) 100vw, 793px\" \/><\/h3>\n<h3><strong>\u01afu \u0111i\u1ec3m v\u01b0\u1ee3t tr\u1ed9i:<\/strong><\/h3>\n<p>&gt; L\u00e0 s\u1ea3n ph\u1ea9m \u0111\u1eadu h\u1ea5p ch\u00edn \u0111\u00f4ng l\u1ea1nh \u0111\u1ea7u ti\u00ean c\u00f3 m\u1eb7t t\u1ea1i th\u1ecb tr\u01b0\u1eddng Vi\u1ec7t Nam.<\/p>\n<p>&gt; S\u1eed d\u1ee5ng \u0111\u1eadu kh\u00f4ng bi\u1ebfn \u0111\u1ed5i gen b\u1ea3o \u0111\u1ea3m s\u1ee9c kho\u1ebb cho ng\u01b0\u1eddi ti\u00eau d\u00f9ng.<\/p>\n<p>&gt; Gi\u00e0u \u0111\u1ea1m v\u00e0 ch\u1ea5t x\u01a1 ph\u00f9 h\u1ee3p cho kh\u1ea9u ph\u1ea7n \u0103n dinh d\u01b0\u1ee1ng h\u00e0ng ng\u00e0y.<\/p>\n<p>&gt; Ti\u1ebft ki\u1ec7m th\u1eddi gian v\u00e0 nhi\u00ean li\u1ec7u ch\u1ebf bi\u1ebfn, c\u00f3 th\u1ec3 \u0103n \u0111\u01b0\u1ee3c ngay sau khi r\u00e3 \u0111\u00f4ng ho\u1eb7c n\u1ea5u \u0111\u01b0\u1ee3c ngay kh\u00f4ng c\u1ea7n r\u00e3 \u0111\u00f4ng.<\/p>\n<p>&gt; Thi\u1ebft k\u1ebf t\u00fai si\u00eau ti\u1ec7n l\u1ee3i, b\u1ea3o qu\u1ea3n trong th\u1eddi gian d\u00e0i trong ng\u0103n \u0111\u00f4ng t\u1ee7 l\u1ea1nh.<\/p>\n<h4><img loading=\"lazy\" decoding=\"async\" class=\"wp-image-23537 aligncenter\" src=\"https:\/\/havamall.vn\/wp-content\/uploads\/2021\/11\/i-300x300.png\" alt=\"\" width=\"757\" height=\"757\" srcset=\"https:\/\/havamall.vn\/wp-content\/uploads\/2021\/11\/i-300x300.png 300w, https:\/\/havamall.vn\/wp-content\/uploads\/2021\/11\/i-430x430.png 430w, https:\/\/havamall.vn\/wp-content\/uploads\/2021\/11\/i-150x150.png 150w, https:\/\/havamall.vn\/wp-content\/uploads\/2021\/11\/i-700x700.png 700w, https:\/\/havamall.vn\/wp-content\/uploads\/2021\/11\/i-768x768.png 768w, https:\/\/havamall.vn\/wp-content\/uploads\/2021\/11\/i-1024x1024.png 1024w, https:\/\/havamall.vn\/wp-content\/uploads\/2021\/11\/i-1200x1200.png 1200w, https:\/\/havamall.vn\/wp-content\/uploads\/2021\/11\/i-600x600.png 600w, https:\/\/havamall.vn\/wp-content\/uploads\/2021\/11\/i-100x100.png 100w, https:\/\/havamall.vn\/wp-content\/uploads\/2021\/11\/i.png 1877w\" sizes=\"(max-width: 757px) 100vw, 757px\" \/><\/h4>\n<h3><strong>H\u01b0\u1edbng d\u1eabn s\u1eed d\u1ee5ng:<\/strong><\/h3>\n<p>\u2013 D\u00f9ng tr\u1ef1c ti\u1ebfp khi n\u1ea5u n\u01b0\u1edbc ho\u1eb7c \u0103n tr\u1ef1c ti\u1ebfp sau ki r\u00e3 \u0111\u00f4ng.<\/p>\n<p>\u2013 C\u00f3 th\u1ec3 s\u1eed d\u1ee5ng s\u1ea3n ph\u1ea9m trong c\u00e1c c\u00f4ng th\u1ee9c n\u1ea5u \u0103n c\u00e1c m\u00f3n ch\u00ednh ho\u1eb7c ph\u1ee5 nh\u01b0: n\u1ea5u ch\u00e1o, n\u1ea5u sup, n\u1ea5u ch\u00e8, n\u1ea5u x\u00f4i, n\u1ea5u, d\u00f9ng l\u00e0m salad ho\u1eb7c l\u00e0m b\u00e1nh.<\/p>\n<p>S\u1ea3n ph\u1ea9m hi\u1ec7n \u0111\u00e3 c\u00f3 m\u1eb7t t\u1ea1i Havamall.<\/p>","protected":false},"excerpt":{"rendered":"<p>TH\u00d4NG TIN S\u1ea2N PH\u1ea8M Th\u01b0\u01a1ng hi\u1ec7u Green One Xu\u1ea5t x\u1ee9 Vi\u1ec7t Nam Th\u00e0nh ph\u1ea7n 100% \u0111\u1eadu h\u00e0 lan H\u1ea1n s\u1eed<\/p>","protected":false},"featured_media":26446,"comment_status":"open","ping_status":"closed","template":"","meta":[],"product_brand":[],"product_cat":[275,36],"product_tag":[],"class_list":{"0":"post-26414","1":"product","2":"type-product","3":"status-publish","4":"has-post-thumbnail","6":"product_cat-thuc-pham-dong-lanh","7":"product_cat-thuc-pham-tieu-dung","8":"pa_brand-tmt","10":"first","11":"instock","12":"sale","13":"shipping-taxable","14":"purchasable","15":"product-type-simple"},"_links":{"self":[{"href":"https:\/\/havamall.vn\/en\/wp-json\/wp\/v2\/product\/26414"}],"collection":[{"href":"https:\/\/havamall.vn\/en\/wp-json\/wp\/v2\/product"}],"about":[{"href":"https:\/\/havamall.vn\/en\/wp-json\/wp\/v2\/types\/product"}],"replies":[{"embeddable":true,"href":"https:\/\/havamall.vn\/en\/wp-json\/wp\/v2\/comments?post=26414"}],"version-history":[{"count":0,"href":"https:\/\/havamall.vn\/en\/wp-json\/wp\/v2\/product\/26414\/revisions"}],"wp:featuredmedia":[{"embeddable":true,"href":"https:\/\/havamall.vn\/en\/wp-json\/wp\/v2\/media\/26446"}],"wp:attachment":[{"href":"https:\/\/havamall.vn\/en\/wp-json\/wp\/v2\/media?parent=26414"}],"wp:term":[{"taxonomy":"product_brand","embeddable":true,"href":"https:\/\/havamall.vn\/en\/wp-json\/wp\/v2\/product_brand?post=26414"},{"taxonomy":"product_cat","embeddable":true,"href":"https:\/\/havamall.vn\/en\/wp-json\/wp\/v2\/product_cat?post=26414"},{"taxonomy":"product_tag","embeddable":true,"href":"https:\/\/havamall.vn\/en\/wp-json\/wp\/v2\/product_tag?post=26414"}],"curies":[{"name":"wp","href":"https:\/\/api.w.org\/{rel}","templated":true}]}}