{"id":26405,"date":"2022-04-22T15:17:09","date_gmt":"2022-04-22T08:17:09","guid":{"rendered":"https:\/\/havamall.vn\/?post_type=product&#038;p=26405"},"modified":"2022-12-21T10:10:17","modified_gmt":"2022-12-21T03:10:17","slug":"dau-ga-hap-chin-greenone-450g","status":"publish","type":"product","link":"https:\/\/havamall.vn\/en\/shop\/dau-ga-hap-chin-greenone-450g\/","title":{"rendered":"\u0110\u1eadu G\u00e0 H\u1ea5p Ch\u00edn GreenOne T\u00fai 450g &#8211; Frozen Cooked Chick Peas"},"content":{"rendered":"<h4><strong>TH\u00d4NG TIN S\u1ea2N PH\u1ea8M<\/strong><\/h4>\n<table width=\"750\">\n<tbody>\n<tr>\n<td>Th\u01b0\u01a1ng hi\u1ec7u<\/td>\n<td>Green One<\/td>\n<\/tr>\n<tr>\n<td>Xu\u1ea5t x\u1ee9<\/td>\n<td>Vi\u1ec7t Nam<\/td>\n<\/tr>\n<tr>\n<td>Th\u00e0nh ph\u1ea7n<\/td>\n<td>100% \u0111\u1eadu g\u00e0<\/td>\n<\/tr>\n<tr>\n<td>H\u1ea1n s\u1eed d\u1ee5ng<\/td>\n<td>12 th\u00e1ng k\u1ec3 t\u1eeb ng\u00e0y s\u1ea3n xu\u1ea5t.<\/td>\n<\/tr>\n<tr>\n<td>B\u1ea3o qu\u1ea3n<\/td>\n<td>B\u1ea3o qu\u1ea3n \u1edf nhi\u1ec7t \u0111\u1ed9 -18 \u0111\u1ed9 C<\/td>\n<\/tr>\n<tr>\n<td>Kh\u1ed1i l\u01b0\u1ee3ng<\/td>\n<td>450gr<\/td>\n<\/tr>\n<\/tbody>\n<\/table>\n<p>\u0110\u1eadu g\u00e0 h\u1ea5p ch\u00edn GreenOne \u0111\u01b0\u1ee3c tr\u1ed3ng b\u1eb1ng c\u00f4ng ngh\u1ec7 thu\u1ea7n khi\u1ebft t\u1ef1 nhi\u00ean, sinh h\u1ecdc, kh\u00f4ng bi\u1ebfn \u0111\u1ed5i gien. Kh\u00f4ng s\u1eed d\u1ee5ng thu\u1ed1c b\u1ea3o qu\u1ea3n th\u1ef1c v\u1eadt, kh\u00f4ng s\u1eed d\u1ee5ng ph\u00e2n h\u00f3a h\u1ecdc v\u00e0 k\u00edch th\u00edch sinh tr\u01b0\u1edfng, \u0111\u1ea1t ti\u00eau chu\u1ea9n an to\u00e0n th\u1ef1c ph\u1ea9m.<\/p>\n<p>C\u0169ng gi\u1ed1ng nh\u01b0 c\u00e1c c\u00e2y h\u1ecd \u0111\u1eadu, \u0111\u1eadu g\u00e0 cung c\u1ea5p nhi\u1ec1u l\u1ee3i \u00edch v\u1ec1 s\u1ee9c kho\u1ebb. N\u00f3 gi\u00fap t\u0103ng c\u01b0\u1eddng \u0111\u1ed9 no, t\u0103ng c\u01b0\u1eddng ti\u00eau h\u00f3a, gi\u1eef l\u01b0\u1ee3ng \u0111\u01b0\u1eddng trong m\u00e1u \u1ed5n \u0111\u1ecbnh, t\u0103ng c\u01b0\u1eddng s\u1ef1 b\u1ea3o v\u1ec7 ch\u1ed1ng l\u1ea1i b\u1ec7nh t\u1eadt. \u0110\u1eadu g\u00e0 gi\u00e0u protein, vitamin v\u00e0 kho\u00e1ng ch\u1ea5t, \u0111\u00f3 l\u00e0 l\u00fd do t\u1ea1i sao ch\u00fang th\u01b0\u1eddng \u0111\u01b0\u1ee3c \u0103n trong c\u00e1c th\u1ef1c \u0111\u01a1n ch\u1eefa b\u1ec7nh.<\/p>\n<p><img fetchpriority=\"high\" decoding=\"async\" class=\"wp-image-26406 aligncenter\" src=\"https:\/\/havamall.vn\/wp-content\/uploads\/2022\/04\/152379059-300x200.png\" alt=\"\" width=\"717\" height=\"478\" srcset=\"https:\/\/havamall.vn\/wp-content\/uploads\/2022\/04\/152379059-300x200.png 300w, https:\/\/havamall.vn\/wp-content\/uploads\/2022\/04\/152379059-430x287.png 430w, https:\/\/havamall.vn\/wp-content\/uploads\/2022\/04\/152379059-150x100.png 150w, https:\/\/havamall.vn\/wp-content\/uploads\/2022\/04\/152379059-700x467.png 700w, https:\/\/havamall.vn\/wp-content\/uploads\/2022\/04\/152379059-768x512.png 768w, https:\/\/havamall.vn\/wp-content\/uploads\/2022\/04\/152379059-1024x683.png 1024w, https:\/\/havamall.vn\/wp-content\/uploads\/2022\/04\/152379059-1200x800.png 1200w, https:\/\/havamall.vn\/wp-content\/uploads\/2022\/04\/152379059-600x400.png 600w, https:\/\/havamall.vn\/wp-content\/uploads\/2022\/04\/152379059.png 2048w\" sizes=\"(max-width: 717px) 100vw, 717px\" \/><\/p>\n<h3><strong>C\u00d4NG D\u1ee4NG C\u1ee6A \u0110\u1eacU G\u00c0<\/strong><\/h3>\n<p>\u2013 \u0110\u1eadu g\u00e0 cung c\u1ea5p nhi\u1ec1u vitamin v\u00e0 c\u00e1c kho\u00e1ng ch\u1ea5t nh\u01b0: ch\u1ea5t x\u01a1, protein, acid folic, s\u1eaft, \u0111\u1ed3ng, k\u1ebdm v\u00e0 magi\u00ea.<\/p>\n<p>\u2013 Gi\u1ea3m nguy c\u01a1 m\u1eafc m\u1ed9t s\u1ed1 b\u1ec7nh nh\u01b0 b\u1ec7nh tim, b\u1ec7nh b\u00e9o ph\u00ec , b\u1ec7nh ti\u1ec3u \u0111\u01b0\u1eddng v\u00e0 duy tr\u00ec m\u1ed9t s\u1ee9c kh\u1ecfe l\u00e0nh m\u1ea1nh.<\/p>\n<p>\u2013 L\u00e0 m\u00f3n protein th\u1ef1c v\u1eadt n\u00ean th\u01b0\u1eddng d\u00f9ng trong ch\u1ebf \u0111\u1ed9 \u0103n \u0111\u1ec3 gi\u1ea3m c\u00e2n.<\/p>\n<p>\u2013 \u0110\u1eadu Chickpea c\u00f3 th\u00e0nh ph\u1ea7n dinh d\u01b0\u1ee1ng \u0111\u1eb7c bi\u1ec7t t\u1ed1t cho ph\u1ee5 n\u1eef c\u00f3 thai, \u0111ang cho con b\u00fa. Tr\u1ebb em trong giai \u0111o\u1ea1n ph\u00e1t tri\u1ec3n. Ng\u01b0\u1eddi m\u1eafc b\u1ec7nh ti\u1ec3u \u0111\u01b0\u1eddng, huy\u1ebft \u00e1p cao, m\u1ee1 m\u00e1u c\u1ea7n \u0103n ki\u00eang, ng\u01b0\u1eddi mu\u1ed1n gi\u1ea3m c\u00e2n v\u00e0 m\u1edbi \u1ed1m d\u1eady.<\/p>\n<p><img decoding=\"async\" class=\"wp-image-26407 aligncenter\" src=\"https:\/\/havamall.vn\/wp-content\/uploads\/2022\/04\/131435890-300x195.png\" alt=\"\" width=\"713\" height=\"463\" srcset=\"https:\/\/havamall.vn\/wp-content\/uploads\/2022\/04\/131435890-300x195.png 300w, https:\/\/havamall.vn\/wp-content\/uploads\/2022\/04\/131435890-430x280.png 430w, https:\/\/havamall.vn\/wp-content\/uploads\/2022\/04\/131435890-150x98.png 150w, https:\/\/havamall.vn\/wp-content\/uploads\/2022\/04\/131435890-700x455.png 700w, https:\/\/havamall.vn\/wp-content\/uploads\/2022\/04\/131435890-768x499.png 768w, https:\/\/havamall.vn\/wp-content\/uploads\/2022\/04\/131435890-1024x666.png 1024w, https:\/\/havamall.vn\/wp-content\/uploads\/2022\/04\/131435890-1200x780.png 1200w, https:\/\/havamall.vn\/wp-content\/uploads\/2022\/04\/131435890-600x390.png 600w, https:\/\/havamall.vn\/wp-content\/uploads\/2022\/04\/131435890.png 1880w\" sizes=\"(max-width: 713px) 100vw, 713px\" \/><\/p>\n<h3><strong>\u01afU \u0110I\u1ec2M V\u01af\u1ee2T TR\u1ed8I <\/strong><\/h3>\n<p>&gt; L\u00e0 s\u1ea3n ph\u1ea9m \u0111\u1eadu h\u1ea5p ch\u00edn \u0111\u00f4ng l\u1ea1nh \u0111\u1ea7u ti\u00ean c\u00f3 m\u1eb7t t\u1ea1i th\u1ecb tr\u01b0\u1eddng Vi\u1ec7t Nam.<\/p>\n<p>&gt; S\u1eed d\u1ee5ng \u0111\u1eadu kh\u00f4ng bi\u1ebfn \u0111\u1ed5i gen b\u1ea3o \u0111\u1ea3m s\u1ee9c kho\u1ebb cho ng\u01b0\u1eddi ti\u00eau d\u00f9ng.<\/p>\n<p>&gt; Gi\u00e0u \u0111\u1ea1m v\u00e0 ch\u1ea5t x\u01a1 ph\u00f9 h\u1ee3p cho kh\u1ea9u ph\u1ea7n \u0103n dinh d\u01b0\u1ee1ng h\u00e0ng ng\u00e0y.<\/p>\n<p>&gt; Ti\u1ebft ki\u1ec7m th\u1eddi gian v\u00e0 nhi\u00ean li\u1ec7u ch\u1ebf bi\u1ebfn, c\u00f3 th\u1ec3 \u0103n \u0111\u01b0\u1ee3c ngay sau khi r\u00e3 \u0111\u00f4ng ho\u1eb7c n\u1ea5u \u0111\u01b0\u1ee3c ngay kh\u00f4ng c\u1ea7n r\u00e3 \u0111\u00f4ng.<\/p>\n<p>&gt; Thi\u1ebft k\u1ebf t\u00fai si\u00eau ti\u1ec7n l\u1ee3i, b\u1ea3o qu\u1ea3n trong th\u1eddi gian d\u00e0i trong ng\u0103n \u0111\u00f4ng t\u1ee7 l\u1ea1nh.<\/p>\n<p><img decoding=\"async\" class=\"wp-image-26408 aligncenter\" src=\"https:\/\/havamall.vn\/wp-content\/uploads\/2022\/04\/130703169_113280817276648_6770132603541076657_n-300x300.png\" alt=\"\" width=\"735\" height=\"735\" srcset=\"https:\/\/havamall.vn\/wp-content\/uploads\/2022\/04\/130703169_113280817276648_6770132603541076657_n-300x300.png 300w, https:\/\/havamall.vn\/wp-content\/uploads\/2022\/04\/130703169_113280817276648_6770132603541076657_n-430x430.png 430w, https:\/\/havamall.vn\/wp-content\/uploads\/2022\/04\/130703169_113280817276648_6770132603541076657_n-150x150.png 150w, https:\/\/havamall.vn\/wp-content\/uploads\/2022\/04\/130703169_113280817276648_6770132603541076657_n-700x700.png 700w, https:\/\/havamall.vn\/wp-content\/uploads\/2022\/04\/130703169_113280817276648_6770132603541076657_n-768x768.png 768w, https:\/\/havamall.vn\/wp-content\/uploads\/2022\/04\/130703169_113280817276648_6770132603541076657_n-600x600.png 600w, https:\/\/havamall.vn\/wp-content\/uploads\/2022\/04\/130703169_113280817276648_6770132603541076657_n-100x100.png 100w, https:\/\/havamall.vn\/wp-content\/uploads\/2022\/04\/130703169_113280817276648_6770132603541076657_n.png 900w\" sizes=\"(max-width: 735px) 100vw, 735px\" \/><\/p>\n<h4><strong>H\u01af\u1edaNG D\u1eaaN S\u1eec D\u1ee4NG<\/strong><\/h4>\n<p>\u2013 D\u00f9ng tr\u1ef1c ti\u1ebfp khi n\u1ea5u n\u01b0\u1edbc ho\u1eb7c \u0103n tr\u1ef1c ti\u1ebfp sau ki r\u00e3 \u0111\u00f4ng.<\/p>\n<p>\u2013 C\u00f3 th\u1ec3 s\u1eed d\u1ee5ng s\u1ea3n ph\u1ea9m trong c\u00e1c c\u00f4ng th\u1ee9c n\u1ea5u \u0103n c\u00e1c m\u00f3n ch\u00ednh ho\u1eb7c ph\u1ee5 nh\u01b0: n\u1ea5u ch\u00e1o, n\u1ea5u sup, n\u1ea5u ch\u00e8, n\u1ea5u x\u00f4i, n\u1ea5u, d\u00f9ng l\u00e0m salad ho\u1eb7c l\u00e0m b\u00e1nh.<\/p>","protected":false},"excerpt":{"rendered":"<p>TH\u00d4NG TIN S\u1ea2N PH\u1ea8M Th\u01b0\u01a1ng hi\u1ec7u Green One Xu\u1ea5t x\u1ee9 Vi\u1ec7t Nam Th\u00e0nh ph\u1ea7n 100% \u0111\u1eadu g\u00e0 H\u1ea1n s\u1eed d\u1ee5ng<\/p>","protected":false},"featured_media":26444,"comment_status":"open","ping_status":"closed","template":"","meta":[],"product_brand":[],"product_cat":[275,36],"product_tag":[],"class_list":{"0":"post-26405","1":"product","2":"type-product","3":"status-publish","4":"has-post-thumbnail","6":"product_cat-thuc-pham-dong-lanh","7":"product_cat-thuc-pham-tieu-dung","8":"pa_brand-tmt","10":"first","11":"instock","12":"sale","13":"shipping-taxable","14":"purchasable","15":"product-type-simple"},"_links":{"self":[{"href":"https:\/\/havamall.vn\/en\/wp-json\/wp\/v2\/product\/26405"}],"collection":[{"href":"https:\/\/havamall.vn\/en\/wp-json\/wp\/v2\/product"}],"about":[{"href":"https:\/\/havamall.vn\/en\/wp-json\/wp\/v2\/types\/product"}],"replies":[{"embeddable":true,"href":"https:\/\/havamall.vn\/en\/wp-json\/wp\/v2\/comments?post=26405"}],"version-history":[{"count":0,"href":"https:\/\/havamall.vn\/en\/wp-json\/wp\/v2\/product\/26405\/revisions"}],"wp:featuredmedia":[{"embeddable":true,"href":"https:\/\/havamall.vn\/en\/wp-json\/wp\/v2\/media\/26444"}],"wp:attachment":[{"href":"https:\/\/havamall.vn\/en\/wp-json\/wp\/v2\/media?parent=26405"}],"wp:term":[{"taxonomy":"product_brand","embeddable":true,"href":"https:\/\/havamall.vn\/en\/wp-json\/wp\/v2\/product_brand?post=26405"},{"taxonomy":"product_cat","embeddable":true,"href":"https:\/\/havamall.vn\/en\/wp-json\/wp\/v2\/product_cat?post=26405"},{"taxonomy":"product_tag","embeddable":true,"href":"https:\/\/havamall.vn\/en\/wp-json\/wp\/v2\/product_tag?post=26405"}],"curies":[{"name":"wp","href":"https:\/\/api.w.org\/{rel}","templated":true}]}}