{"id":26385,"date":"2022-04-21T17:14:54","date_gmt":"2022-04-21T10:14:54","guid":{"rendered":"https:\/\/havamall.vn\/?post_type=product&#038;p=26385"},"modified":"2025-10-10T16:31:29","modified_gmt":"2025-10-10T09:31:29","slug":"anh-duong-hang-ngay-em-thoang-coolfresh-20-mieng","status":"publish","type":"product","link":"https:\/\/havamall.vn\/en\/shop\/anh-duong-hang-ngay-em-thoang-coolfresh-20-mieng\/","title":{"rendered":"B\u0103ng V\u1ec7 Sinh \u00c1nh D\u01b0\u01a1ng H\u00e0ng Ng\u00e0y \u00cam Tho\u00e1ng Coolfresh 20 Mi\u1ebfng"},"content":{"rendered":"<div class=\"cxmmr5t8 oygrvhab hcukyx3x c1et5uql o9v6fnle ii04i59q\">\n<p dir=\"auto\">\u00c1nh D\u01b0\u01a1ng l\u00e0 th\u01b0\u01a1ng hi\u1ec7u c\u1ee7a c\u00f4ng ty chuy\u00ean s\u1ea3n xu\u1ea5t c\u00e1c s\u1ea3n ph\u1ea9m t\u1eeb nguy\u00ean li\u1ec7u gi\u1ea5y, b\u1ed9t gi\u1ea5y nh\u01b0 b\u0103ng b\u1ec9m, \u0111\u1eb7c bi\u1ec7t v\u1edbi 3 d\u00f2ng s\u1ea3n ph\u1ea9m b\u0103ng v\u1ec7 sinh: \u00c1nh D\u01b0\u01a1ng, \u00c1nh D\u01b0\u01a1ng Cool Fresh v\u00e0 Boly. Ch\u00ednh nh\u1eefng \u0111i\u1ec1u kh\u00e1c bi\u1ec7t nh\u01b0: Ch\u1ea5t l\u01b0\u1ee3ng cao, k\u1ef9 thu\u1eadt c\u00f4ng ngh\u1ec7 ti\u00ean ti\u1ebfn c\u1ee7a Nh\u1eadt B\u1ea3n \u2013 M\u1ef9 \u2013 \u0110\u00e0i Loan, \u0111\u1ed9i ng\u0169 chuy\u00ean gia t\u01b0 v\u1ea5n gi\u00e0u kinh nghi\u1ec7m,\u2026 \u0111\u00e3 t\u1ea1o ra s\u1ef1 kh\u00e1c bi\u1ec7t c\u1ee7a c\u00e1c s\u1ea3n ph\u1ea9m mang th\u01b0\u01a1ng hi\u1ec7u \u00c1nh D\u01b0\u01a1ng tr\u00ean th\u1ecb tr\u01b0\u1eddng. \u00c1nh D\u01b0\u01a1ng lu\u00f4n c\u1ea3i ti\u1ebfn v\u00e0 s\u00e1ng t\u1ea1o \u0111\u1ec3 mang \u0111\u1ebfn nh\u1eefng s\u1ea3n ph\u1ea9m c\u00f3 ch\u1ea5t l\u01b0\u1ee3ng cao nh\u1ea5t, ph\u00f9 h\u1ee3p v\u1edbi nhu c\u1ea7u c\u1ee7a ng\u01b0\u1eddi ti\u00eau d\u00f9ng.<\/p>\n<p dir=\"auto\"><img fetchpriority=\"high\" decoding=\"async\" class=\"wp-image-26377 aligncenter\" src=\"https:\/\/havamall.com\/wp-content\/uploads\/2025\/10\/bang-giay-anh-duong-banner-003-300x121.png\" alt=\"\" width=\"634\" height=\"256\" \/><\/p>\n<p dir=\"auto\">B\u0103ng v\u1ec7 sinh \u0111\u1ebfn t\u1eeb th\u01b0\u01a1ng hi\u1ec7u \u00c1nh D\u01b0\u01a1ng v\u1edbi s\u1ee9 m\u1ec7nh ch\u0103m s\u00f3c s\u1ee9c kh\u1ecfe c\u1ee7a c\u00e1c ch\u1ecb em ph\u1ee5 n\u1eef \u0111\u1ebfn t\u1eeb nh\u1eefng \u0111i\u1ec1u nh\u1ecf nhoi nh\u1ea5t nh\u01b0ng l\u1ea1i quan tr\u1ecdng nh\u1ea5t.<\/p>\n<\/div>\n<div dir=\"auto\">\u00c1nh D\u01b0\u01a1ng h\u00e0ng ng\u00e0y \u00eam tho\u00e1ng 20 mi\u1ebfng c\u00f3 thi\u1ebft k\u1ebf tinh t\u1ebf, v\u1eeba v\u1eb7n v\u1edbi c\u1ea5u t\u1ea1o c\u01a1 th\u1ec3. B\u1ec1 m\u1eb7t l\u01b0\u1edbi m\u1ecfng m\u1ecbn, m\u1ec1m m\u1ea1i v\u1edbi da, h\u1ea5p thu hi\u1ec7u qu\u1ea3 ch\u1ea5t \u1ea9m v\u00e0 kh\u1eed m\u00f9i h\u00f4i, \u0111em l\u1ea1i c\u1ea3m gi\u00e1c s\u1ea1ch s\u1ebd gi\u00fap b\u1ea1n kh\u00f4 tho\u00e1ng, tho\u1ea3i m\u00e1i v\u00e0 t\u1ef1 tin c\u1ea3 ng\u00e0y, h\u1ea1n ch\u1ebf t\u1ed1i \u0111a nguy c\u01a1 vi\u00eam nhi\u1ec5m. S\u1ea3n ph\u1ea9m ph\u00f9 h\u1ee3p s\u1eed d\u1ee5ng v\u00e0o nh\u1eefng ng\u00e0y \u0111\u1ea7u ho\u1eb7c cu\u1ed1i chu k\u1ef3 kinh nguy\u1ec7t.<\/div>\n<div dir=\"auto\"><img decoding=\"async\" class=\"wp-image-26386 aligncenter\" src=\"https:\/\/havamall.com\/wp-content\/uploads\/2025\/10\/women-s-daily-pad-hand-pink-surface_287452-177-300x200.png\" alt=\"\" width=\"658\" height=\"439\" \/><\/div>\n<div dir=\"auto\"><strong>\u00a0<\/strong><\/div>\n<h3><strong>T\u00ednh n\u0103ng v\u01b0\u1ee3t tr\u1ed9i:<\/strong><\/h3>\n<div class=\"cxmmr5t8 oygrvhab hcukyx3x c1et5uql o9v6fnle ii04i59q\">\n<p dir=\"auto\">&gt; Nguy\u00ean li\u1ec7u b\u00f4ng v\u00e0 keo d\u00e1n nh\u1eadp kh\u1ea9u t\u1eeb M\u1ef9<\/p>\n<p dir=\"auto\">&gt; H\u1ec7 th\u1ed1ng b\u00f4ng k\u00e9p ch\u1ed1ng th\u1ea5m ng\u01b0\u1ee3c, ch\u1ed1ng tr\u00e0n<\/p>\n<p dir=\"auto\">&gt; \u0110\u1ed1i v\u1edbi BVS c\u00f3 c\u00e1nh, thi\u1ebft k\u1ebf c\u00e1nh l\u1ec7ch ph\u00f9 h\u1ee3p v\u1edbi v\u1eadn \u0111\u1ed9ng<\/p>\n<p dir=\"auto\">&gt; 3 l\u1edbp (3 t\u1ea7ng) th\u1ea5m h\u00fat + 2 l\u1edbp d\u1eabn th\u1ea5m \u0111\u1ea3m b\u1ea3o b\u1ec1 m\u1eb7t lu\u00f4n kh\u00f4 tho\u00e1ng<\/p>\n<p dir=\"auto\"><img decoding=\"async\" class=\"wp-image-26387 aligncenter\" src=\"https:\/\/havamall.com\/wp-content\/uploads\/2025\/10\/8ec0e810-0494-11eb-bdbf-3e019694b76b-300x240.png\" alt=\"\" width=\"661\" height=\"528\" \/><\/p>\n<h3><strong>H\u01b0\u1edbng d\u1eabn s\u1eed d\u1ee5ng v\u00e0 b\u1ea3o qu\u1ea3n:<\/strong><\/h3>\n<p dir=\"auto\">\u2013 B\u00f3c l\u1edbp bao ngo\u00e0i kh\u00f4ng d\u00ednh ra v\u00e0 d\u00e1ng b\u0103ng v\u00e0o \u0111\u00e1y qu\u1ea7n l\u00f3t<\/p>\n<p dir=\"auto\">\u2013 N\u00ean v\u1ec7 sinh thay b\u0103ng ngay khi th\u1ee9c d\u1eady \u0111\u1ec3 ng\u0103n ng\u1eeba vi khu\u1ea9n g\u00e2y b\u1ec7nh<\/p>\n<p dir=\"auto\">\u2013 B\u1ea3o qu\u1ea3n \u1edf n\u01a1i kh\u00f4 r\u00e1o, tho\u00e1ng m\u00e1t<\/p>\n<p dir=\"auto\">\u2013 Tr\u00e1nh kh\u00f4ng \u0111\u1ec3 s\u1ea3n ph\u1ea9m ti\u1ebfp x\u00fac tr\u1ef1c ti\u1ebfp v\u1edbi \u00e1nh n\u1eafng m\u1eb7t tr\u1eddi v\u00e0 nhi\u1ec7t \u0111\u1ed9 cao.<\/p>\n<\/div>","protected":false},"excerpt":{"rendered":"<p>\u00c1nh D\u01b0\u01a1ng l\u00e0 th\u01b0\u01a1ng hi\u1ec7u c\u1ee7a c\u00f4ng ty chuy\u00ean s\u1ea3n xu\u1ea5t c\u00e1c s\u1ea3n ph\u1ea9m t\u1eeb nguy\u00ean li\u1ec7u gi\u1ea5y, b\u1ed9t gi\u1ea5y<\/p>","protected":false},"featured_media":26595,"comment_status":"open","ping_status":"closed","template":"","meta":[],"product_brand":[],"product_cat":[397,35,130],"product_tag":[],"class_list":{"0":"post-26385","1":"product","2":"type-product","3":"status-publish","4":"has-post-thumbnail","6":"product_cat-hang-me-be-do-choi","7":"product_cat-nha-cua-doi-song","8":"product_cat-khuyen-mai","10":"first","11":"outofstock","12":"sale","13":"shipping-taxable","14":"purchasable","15":"product-type-simple"},"_links":{"self":[{"href":"https:\/\/havamall.vn\/en\/wp-json\/wp\/v2\/product\/26385"}],"collection":[{"href":"https:\/\/havamall.vn\/en\/wp-json\/wp\/v2\/product"}],"about":[{"href":"https:\/\/havamall.vn\/en\/wp-json\/wp\/v2\/types\/product"}],"replies":[{"embeddable":true,"href":"https:\/\/havamall.vn\/en\/wp-json\/wp\/v2\/comments?post=26385"}],"version-history":[{"count":0,"href":"https:\/\/havamall.vn\/en\/wp-json\/wp\/v2\/product\/26385\/revisions"}],"wp:featuredmedia":[{"embeddable":true,"href":"https:\/\/havamall.vn\/en\/wp-json\/wp\/v2\/media\/26595"}],"wp:attachment":[{"href":"https:\/\/havamall.vn\/en\/wp-json\/wp\/v2\/media?parent=26385"}],"wp:term":[{"taxonomy":"product_brand","embeddable":true,"href":"https:\/\/havamall.vn\/en\/wp-json\/wp\/v2\/product_brand?post=26385"},{"taxonomy":"product_cat","embeddable":true,"href":"https:\/\/havamall.vn\/en\/wp-json\/wp\/v2\/product_cat?post=26385"},{"taxonomy":"product_tag","embeddable":true,"href":"https:\/\/havamall.vn\/en\/wp-json\/wp\/v2\/product_tag?post=26385"}],"curies":[{"name":"wp","href":"https:\/\/api.w.org\/{rel}","templated":true}]}}