{"id":26375,"date":"2022-04-21T16:26:22","date_gmt":"2022-04-21T09:26:22","guid":{"rendered":"https:\/\/havamall.vn\/?post_type=product&#038;p=26375"},"modified":"2022-11-02T11:33:56","modified_gmt":"2022-11-02T04:33:56","slug":"anh-duong-loi-3-lop-sieu-tham-nice-coolfresh-co-cach-24cm-x-8-mieng","status":"publish","type":"product","link":"https:\/\/havamall.vn\/en\/shop\/anh-duong-loi-3-lop-sieu-tham-nice-coolfresh-co-cach-24cm-x-8-mieng\/","title":{"rendered":"B\u0103ng V\u1ec7 Sinh \u00c1nh D\u01b0\u01a1ng L\u00f5i 3 L\u1edbp Si\u00eau Th\u1ea5m Nice Coolfresh C\u00f3 C\u00e1nh 24cm x 8 Mi\u1ebfng"},"content":{"rendered":"<div class=\"cxmmr5t8 oygrvhab hcukyx3x c1et5uql o9v6fnle ii04i59q\">\n<p dir=\"auto\">\u00c1nh D\u01b0\u01a1ng l\u00e0 th\u01b0\u01a1ng hi\u1ec7u c\u1ee7a c\u00f4ng ty chuy\u00ean s\u1ea3n xu\u1ea5t c\u00e1c s\u1ea3n ph\u1ea9m t\u1eeb nguy\u00ean li\u1ec7u gi\u1ea5y, b\u1ed9t gi\u1ea5y nh\u01b0 b\u0103ng b\u1ec9m, \u0111\u1eb7c bi\u1ec7t v\u1edbi 3 d\u00f2ng s\u1ea3n ph\u1ea9m b\u0103ng v\u1ec7 sinh: \u00c1nh D\u01b0\u01a1ng, \u00c1nh D\u01b0\u01a1ng Cool Fresh v\u00e0 Boly. Ch\u00ednh nh\u1eefng \u0111i\u1ec1u kh\u00e1c bi\u1ec7t nh\u01b0: Ch\u1ea5t l\u01b0\u1ee3ng cao, k\u1ef9 thu\u1eadt c\u00f4ng ngh\u1ec7 ti\u00ean ti\u1ebfn c\u1ee7a Nh\u1eadt B\u1ea3n &#8211; M\u1ef9 &#8211; \u0110\u00e0i Loan, \u0111\u1ed9i ng\u0169 chuy\u00ean gia t\u01b0 v\u1ea5n gi\u00e0u kinh nghi\u1ec7m,\u2026 \u0111\u00e3 t\u1ea1o ra s\u1ef1 kh\u00e1c bi\u1ec7t c\u1ee7a c\u00e1c s\u1ea3n ph\u1ea9m mang th\u01b0\u01a1ng hi\u1ec7u \u00c1nh D\u01b0\u01a1ng tr\u00ean th\u1ecb tr\u01b0\u1eddng. \u00c1nh D\u01b0\u01a1ng lu\u00f4n c\u1ea3i ti\u1ebfn v\u00e0 s\u00e1ng t\u1ea1o \u0111\u1ec3 mang \u0111\u1ebfn nh\u1eefng s\u1ea3n ph\u1ea9m c\u00f3 ch\u1ea5t l\u01b0\u1ee3ng cao nh\u1ea5t, ph\u00f9 h\u1ee3p v\u1edbi nhu c\u1ea7u c\u1ee7a ng\u01b0\u1eddi ti\u00eau d\u00f9ng.<\/p>\n<p dir=\"auto\">B\u0103ng v\u1ec7 sinh \u0111\u1ebfn t\u1eeb th\u01b0\u01a1ng hi\u1ec7u \u00c1nh D\u01b0\u01a1ng v\u1edbi s\u1ee9 m\u1ec7nh ch\u0103m s\u00f3c s\u1ee9c kh\u1ecfe c\u1ee7a c\u00e1c ch\u1ecb em ph\u1ee5 n\u1eef \u0111\u1ebfn t\u1eeb nh\u1eefng \u0111i\u1ec1u nh\u1ecf nhoi nh\u1ea5t nh\u01b0ng l\u1ea1i quan tr\u1ecdng nh\u1ea5t.<\/p>\n<p dir=\"auto\"><img fetchpriority=\"high\" decoding=\"async\" class=\"wp-image-26377 aligncenter\" src=\"https:\/\/havamall.vn\/wp-content\/uploads\/2022\/04\/bang-giay-anh-duong-banner-003-300x121.png\" alt=\"\" width=\"625\" height=\"252\" srcset=\"https:\/\/havamall.vn\/wp-content\/uploads\/2022\/04\/bang-giay-anh-duong-banner-003-300x121.png 300w, https:\/\/havamall.vn\/wp-content\/uploads\/2022\/04\/bang-giay-anh-duong-banner-003-430x173.png 430w, https:\/\/havamall.vn\/wp-content\/uploads\/2022\/04\/bang-giay-anh-duong-banner-003-150x60.png 150w, https:\/\/havamall.vn\/wp-content\/uploads\/2022\/04\/bang-giay-anh-duong-banner-003-700x282.png 700w, https:\/\/havamall.vn\/wp-content\/uploads\/2022\/04\/bang-giay-anh-duong-banner-003-768x309.png 768w, https:\/\/havamall.vn\/wp-content\/uploads\/2022\/04\/bang-giay-anh-duong-banner-003-1024x412.png 1024w, https:\/\/havamall.vn\/wp-content\/uploads\/2022\/04\/bang-giay-anh-duong-banner-003-1200x483.png 1200w, https:\/\/havamall.vn\/wp-content\/uploads\/2022\/04\/bang-giay-anh-duong-banner-003-600x242.png 600w, https:\/\/havamall.vn\/wp-content\/uploads\/2022\/04\/bang-giay-anh-duong-banner-003.png 1366w\" sizes=\"(max-width: 625px) 100vw, 625px\" \/><\/p>\n<p dir=\"auto\">B\u0103ng v\u1ec7 sinh \u00c1nh D\u01b0\u01a1ng l\u00f5i 3 l\u1edbp si\u00eau th\u1ea5m Nice Cool Fresh ban ng\u00e0y s\u1eed d\u1ee5ng ch\u1ea5t li\u1ec7u l\u00f5i b\u00f4ng si\u00eau th\u1ea5m v\u00e0 l\u1edbp keo d\u00e1n \u0111\u01b0\u1ee3c nh\u1eadp kh\u1ea9u t\u1eeb M\u1ef9 c\u00f9ng v\u1edbi h\u1ec7 th\u1ed1ng b\u00f4ng k\u00e9p ch\u1ed1ng th\u1ea5m ng\u01b0\u1ee3c, ch\u1ed1ng tr\u00e0n v\u00e0 c\u00f4ng ngh\u1ec7 Ice Cool v\u1edbi tinh ch\u1ea5t b\u1ea1c h\u00e0 t\u1ef1 nhi\u00ean mang \u0111\u1ebfn c\u1ea3m gi\u00e1c m\u00e1t, \u00eam d\u1ecbu v\u00e0 tho\u1ea3i m\u00e1i tuy\u1ec7t v\u1eddi tr\u00ean da, gi\u00fap th\u1ea5m h\u00fat t\u1ee9c th\u00ec c\u1ea3 khi ra nhi\u1ec1u b\u1ea5t ng\u1edd, mang \u0111\u1ebfn c\u1ea3m gi\u00e1c th\u00f4ng tho\u00e1ng c\u1ea3 ng\u00e0y.<\/p>\n<\/div>\n<div class=\"cxmmr5t8 oygrvhab hcukyx3x c1et5uql o9v6fnle ii04i59q\">\n<p dir=\"auto\">S\u1ea3n ph\u1ea9m c\u00f3 c\u00e1nh, thi\u1ebft k\u1ebf c\u00e1nh l\u1ec7ch ph\u00f9 h\u1ee3p cho n\u00e0ng c\u00e1 t\u00ednh tha h\u1ed3 v\u1eadn \u0111\u1ed9ng. \u0110\u1ed3ng th\u1eddi, thi\u1ebft k\u1ebf 3 l\u1edbp (3 t\u1ea7ng) th\u1ea5m h\u00fat + 2 l\u1edbp d\u1eabn th\u1ea5m \u0111\u1ea3m b\u1ea3o b\u1ec1 m\u1eb7t lu\u00f4n kh\u00f4 tho\u00e1ng. C\u00f4ng ngh\u1ec7 kh\u00e1ng khu\u1ea9n kh\u1eed m\u00f9i Nice Cool Fresh ban ng\u00e0y c\u0169ng gi\u00fap ng\u0103n ng\u1eeba s\u1ef1 ph\u00e1t tri\u1ec3n c\u1ee7a n\u1ea5m, vi khu\u1ea9n v\u00e0 m\u00f9i h\u00f4i gi\u00fap \u0111\u1ea3m b\u1ea3o v\u1ec1 s\u1ee9c kh\u1ecfe cho c\u00e1c ch\u1ecb em ph\u1ee5 n\u1eef h\u01a1n trong nh\u1eefng \u201cng\u00e0y \u0111\u00e8n \u0111\u1ecf\u201d.<\/p>\n<p dir=\"auto\"><img decoding=\"async\" class=\"wp-image-26383 aligncenter\" src=\"https:\/\/havamall.vn\/wp-content\/uploads\/2022\/04\/bang-ve-sinh-diana-300x300.png\" alt=\"\" width=\"610\" height=\"610\" srcset=\"https:\/\/havamall.vn\/wp-content\/uploads\/2022\/04\/bang-ve-sinh-diana-300x300.png 300w, https:\/\/havamall.vn\/wp-content\/uploads\/2022\/04\/bang-ve-sinh-diana-430x430.png 430w, https:\/\/havamall.vn\/wp-content\/uploads\/2022\/04\/bang-ve-sinh-diana-150x150.png 150w, https:\/\/havamall.vn\/wp-content\/uploads\/2022\/04\/bang-ve-sinh-diana-700x700.png 700w, https:\/\/havamall.vn\/wp-content\/uploads\/2022\/04\/bang-ve-sinh-diana-768x768.png 768w, https:\/\/havamall.vn\/wp-content\/uploads\/2022\/04\/bang-ve-sinh-diana-600x600.png 600w, https:\/\/havamall.vn\/wp-content\/uploads\/2022\/04\/bang-ve-sinh-diana-100x100.png 100w, https:\/\/havamall.vn\/wp-content\/uploads\/2022\/04\/bang-ve-sinh-diana.png 800w\" sizes=\"(max-width: 610px) 100vw, 610px\" \/><\/p>\n<h3><strong>T\u00ednh n\u0103ng v\u01b0\u1ee3t tr\u1ed9i:<\/strong><\/h3>\n<p dir=\"auto\">&#8211; C\u00f4ng ngh\u1ec7 Cool Fresh tho\u00e1ng m\u00e1t t\u1eeb Singapore<\/p>\n<p dir=\"auto\">&#8211; Nguy\u00ean li\u1ec7u b\u00f4ng v\u00e0 keo d\u00e1n nh\u1eadp kh\u1ea9u t\u1eeb M\u1ef9<\/p>\n<p dir=\"auto\">&#8211; H\u1ec7 th\u1ed1ng b\u00f4ng k\u00e9p ch\u1ed1ng th\u1ea5m ng\u01b0\u1ee3c, ch\u1ed1ng tr\u00e0n<\/p>\n<p dir=\"auto\">&#8211; \u0110\u1ed1i v\u1edbi BVS c\u00f3 c\u00e1nh, thi\u1ebft k\u1ebf c\u00e1nh l\u1ec7ch ph\u00f9 h\u1ee3p v\u1edbi v\u1eadn \u0111\u1ed9ng<\/p>\n<p dir=\"auto\">&#8211; 3 l\u1edbp (3 t\u1ea7ng) th\u1ea5m h\u00fat + 2 l\u1edbp d\u1eabn th\u1ea5m \u0111\u1ea3m b\u1ea3o b\u1ec1 m\u1eb7t lu\u00f4n kh\u00f4 tho\u00e1ng<\/p>\n<p dir=\"auto\"><img decoding=\"async\" class=\"wp-image-26379 aligncenter\" src=\"https:\/\/havamall.vn\/wp-content\/uploads\/2022\/04\/72-pieces-Sanitary-Pads-Mama-Menstrual-Cy-300x216.jpg\" alt=\"\" width=\"630\" height=\"453\" srcset=\"https:\/\/havamall.vn\/wp-content\/uploads\/2022\/04\/72-pieces-Sanitary-Pads-Mama-Menstrual-Cy-300x216.jpg 300w, https:\/\/havamall.vn\/wp-content\/uploads\/2022\/04\/72-pieces-Sanitary-Pads-Mama-Menstrual-Cy-430x310.jpg 430w, https:\/\/havamall.vn\/wp-content\/uploads\/2022\/04\/72-pieces-Sanitary-Pads-Mama-Menstrual-Cy-150x108.jpg 150w, https:\/\/havamall.vn\/wp-content\/uploads\/2022\/04\/72-pieces-Sanitary-Pads-Mama-Menstrual-Cy-700x504.jpg 700w, https:\/\/havamall.vn\/wp-content\/uploads\/2022\/04\/72-pieces-Sanitary-Pads-Mama-Menstrual-Cy-768x553.jpg 768w, https:\/\/havamall.vn\/wp-content\/uploads\/2022\/04\/72-pieces-Sanitary-Pads-Mama-Menstrual-Cy-600x432.jpg 600w, https:\/\/havamall.vn\/wp-content\/uploads\/2022\/04\/72-pieces-Sanitary-Pads-Mama-Menstrual-Cy.jpg 800w\" sizes=\"(max-width: 630px) 100vw, 630px\" \/><\/p>\n<h3><strong>H\u01b0\u1edbng d\u1eabn s\u1eed d\u1ee5ng v\u00e0 b\u1ea3o qu\u1ea3n:<\/strong><\/h3>\n<p dir=\"auto\">&gt; B\u00f3c l\u1edbp bao ngo\u00e0i kh\u00f4ng d\u00ednh ra v\u00e0 d\u00e1ng b\u0103ng v\u00e0o \u0111\u00e1y qu\u1ea7n l\u00f3t<\/p>\n<p dir=\"auto\">&gt; N\u00ean v\u1ec7 sinh thay b\u0103ng ngay khi th\u1ee9c d\u1eady \u0111\u1ec3 ng\u0103n ng\u1eeba vi khu\u1ea9n g\u00e2y b\u1ec7nh<\/p>\n<p dir=\"auto\">&gt; B\u1ea3o qu\u1ea3n \u1edf n\u01a1i kh\u00f4 r\u00e1o, tho\u00e1ng m\u00e1t<\/p>\n<p dir=\"auto\">&gt; Tr\u00e1nh kh\u00f4ng \u0111\u1ec3 s\u1ea3n ph\u1ea9m ti\u1ebfp x\u00fac tr\u1ef1c ti\u1ebfp v\u1edbi \u00e1nh n\u1eafng m\u1eb7t tr\u1eddi v\u00e0 nhi\u1ec7t \u0111\u1ed9 cao.<\/p>\n<\/div>","protected":false},"excerpt":{"rendered":"<p>\u00c1nh D\u01b0\u01a1ng l\u00e0 th\u01b0\u01a1ng hi\u1ec7u c\u1ee7a c\u00f4ng ty chuy\u00ean s\u1ea3n xu\u1ea5t c\u00e1c s\u1ea3n ph\u1ea9m t\u1eeb nguy\u00ean li\u1ec7u gi\u1ea5y, b\u1ed9t gi\u1ea5y<\/p>","protected":false},"featured_media":26594,"comment_status":"open","ping_status":"closed","template":"","meta":[],"product_brand":[],"product_cat":[397,35,130],"product_tag":[],"class_list":{"0":"post-26375","1":"product","2":"type-product","3":"status-publish","4":"has-post-thumbnail","6":"product_cat-hang-me-be-do-choi","7":"product_cat-nha-cua-doi-song","8":"product_cat-khuyen-mai","10":"first","11":"instock","12":"sale","13":"shipping-taxable","14":"purchasable","15":"product-type-simple"},"_links":{"self":[{"href":"https:\/\/havamall.vn\/en\/wp-json\/wp\/v2\/product\/26375"}],"collection":[{"href":"https:\/\/havamall.vn\/en\/wp-json\/wp\/v2\/product"}],"about":[{"href":"https:\/\/havamall.vn\/en\/wp-json\/wp\/v2\/types\/product"}],"replies":[{"embeddable":true,"href":"https:\/\/havamall.vn\/en\/wp-json\/wp\/v2\/comments?post=26375"}],"version-history":[{"count":0,"href":"https:\/\/havamall.vn\/en\/wp-json\/wp\/v2\/product\/26375\/revisions"}],"wp:featuredmedia":[{"embeddable":true,"href":"https:\/\/havamall.vn\/en\/wp-json\/wp\/v2\/media\/26594"}],"wp:attachment":[{"href":"https:\/\/havamall.vn\/en\/wp-json\/wp\/v2\/media?parent=26375"}],"wp:term":[{"taxonomy":"product_brand","embeddable":true,"href":"https:\/\/havamall.vn\/en\/wp-json\/wp\/v2\/product_brand?post=26375"},{"taxonomy":"product_cat","embeddable":true,"href":"https:\/\/havamall.vn\/en\/wp-json\/wp\/v2\/product_cat?post=26375"},{"taxonomy":"product_tag","embeddable":true,"href":"https:\/\/havamall.vn\/en\/wp-json\/wp\/v2\/product_tag?post=26375"}],"curies":[{"name":"wp","href":"https:\/\/api.w.org\/{rel}","templated":true}]}}