{"id":26320,"date":"2022-04-14T15:59:25","date_gmt":"2022-04-14T08:59:25","guid":{"rendered":"https:\/\/havamall.vn\/?post_type=product&#038;p=26320"},"modified":"2025-10-10T15:59:28","modified_gmt":"2025-10-10T08:59:28","slug":"qua-mac-mat-kho-tui-120g-clausena-indica","status":"publish","type":"product","link":"https:\/\/havamall.vn\/en\/shop\/qua-mac-mat-kho-tui-120g-clausena-indica\/","title":{"rendered":"Q\u1ee7a M\u1eafc M\u1eadt Kh\u00f4 T\u00fai 120g &#8211; Clausena Indica"},"content":{"rendered":"<p>Qu\u1ea3 m\u1eafc m\u1eadt kh\u00f4\u00a0(\u00a0qu\u1ea3 m\u00f3c m\u1eadt) l\u00e0 gia v\u1ecb \u0111\u1eb7c tr\u01b0ng c\u1ee7a v\u00f9ng n\u00fai T\u00e2y B\u1eafc &#8211; l\u00e0m n\u00ean c\u00e1c m\u00f3n v\u1ecbt, g\u00e0, heo ..quay hay n\u01b0\u1edbng khi\u1ebfn ai \u0111\u00e3 t\u1eebng \u0103n \u0111\u1ec1u ph\u1ea3i tr\u1ea7m tr\u1ed3. Qu\u1ea3\u00a0m\u1eafc m\u1eadt c\u00f2n \u0111\u01b0\u1ee3c nhi\u1ec1u ng\u01b0\u1eddi ch\u1ecdn l\u00e0m qu\u00e0 bi\u1ebfu m\u1ed7i khi \u0111i du l\u1ecbch T\u00e2y B\u1eafc hay d\u1ecbp l\u1ec5 t\u1ebft.<\/p>\n<p>\u0110a s\u1ed1 du kh\u00e1ch \u0111\u1ebfn v\u1edbi T\u00e2y B\u1eafc \u0111\u1ec1u nh\u1eafc \u0111\u1ebfn h\u1ea1t m\u1eafc kh\u00e9n v\u00e0 h\u1ea1t d\u1ed5i r\u1eebng m\u00e0 kh\u00f4ng bi\u1ebft r\u1eb1ng\u00a0qu\u1ea3 m\u1eafc m\u1eadt\u00a0(\u00a0qu\u1ea3 m\u00f3c m\u1eadt)\u00a0c\u0169ng l\u00e0 m\u1ed9t trong nh\u1eefng gia v\u1ecb v\u00f4 c\u00f9ng n\u1ed5i ti\u1ebfng t\u1ea1i n\u01a1i \u0111\u00e2y. Vi\u1ec7c s\u1eed d\u1ee5ng m\u1eafc m\u1eadt \u0111\u1ec3 ch\u1ebf bi\u1ebfn m\u00f3n \u0103n s\u1ebd mang \u0111\u1ebfn hi\u1ec7u qu\u1ea3 v\u00f4 c\u00f9ng b\u1ea5t ng\u1edd, gi\u00fap m\u00f3n \u0103n th\u00eam \u0111\u1eadm \u0111\u00e0 v\u00e0 ngon h\u01a1n r\u1ea5t nhi\u1ec1u.<\/p>\n<p><img fetchpriority=\"high\" decoding=\"async\" class=\"wp-image-26326 aligncenter\" src=\"https:\/\/havamall.com\/wp-content\/uploads\/2025\/10\/hat-doi-1-1603181421327525767571-1-300x200.jpg\" alt=\"\" width=\"641\" height=\"428\" \/><\/p>\n<p>M\u1eafc m\u1eadt hay c\u00f2n c\u00f3 t\u00ean g\u1ecdi kh\u00e1c \u0111\u00f3 l\u00e0\u00a0h\u1ed3ng b\u00ec n\u00fai. \u0110\u00e2y l\u00e0 lo\u1ea1i c\u00e2y h\u1ecd C\u1eedu L\u00fd H\u01b0\u01a1ng. Trong ti\u1ebfng d\u00e2n t\u1ed9c T\u00e0y &#8211; N\u00f9ng th\u00ec m\u1eafc m\u1eadt c\u00f2n \u0111\u01b0\u1ee3c d\u1ecbch th\u00e0nh qu\u1ea3 ng\u1ecdt, mang \u0111\u1ebfn s\u1ef1 th\u01a1m ngon \u0111\u1eb7c tr\u01b0ng c\u1ee7a v\u00f9ng n\u00fai T\u00e2y B\u1eafc.<\/p>\n<p>L\u00e0 lo\u1ea1i c\u00e2y th\u00e2n g\u1ed7 th\u01b0\u1eddng \u0111\u01b0\u1ee3c ph\u00e2n c\u00e0nh th\u1ea5p, ng\u01b0\u1eddi ta s\u1eed d\u1ee5ng l\u00e1 v\u00e0 qu\u1ea3 \u0111\u1ec3 l\u00e0m gia v\u1ecb ch\u1ebf bi\u1ebfn m\u00f3n \u0103n.\u00a0Qu\u1ea3 m\u1eafc m\u1eadt nh\u1ecf v\u00e0 m\u1ecbn, khi ch\u00edn qu\u1ea3 c\u00f3 m\u00e0u tr\u1eafng nh\u1edd \u0111\u1ebfn tr\u1eafng trong, c\u00f3 ch\u1ee9a 1-2 h\u1ea1t b\u00ean trong.<\/p>\n<p><img decoding=\"async\" class=\"wp-image-26322 aligncenter\" src=\"https:\/\/havamall.com\/wp-content\/uploads\/2025\/10\/NATURAL_Gia_Vi_Uop_Thit_Mac_Mat-300x117.png\" alt=\"\" width=\"657\" height=\"256\" \/><\/p>\n<p>M\u1eafc m\u1eadt\u00a0th\u01b0\u1eddng ra qu\u1ea3 theo m\u00f9a. C\u00e2y ra hoa t\u1eeb th\u00e1ng 3 \u0111\u1ebfn th\u00e1ng 6 v\u00e0 \u0111\u1eadu qu\u1ea3 t\u1eeb th\u00e1ng 7 \u0111\u1ebfn th\u00e1ng 9 h\u00e0ng n\u0103m.<\/p>\n<p>V\u00e0o m\u00f9a thu ho\u1ea1ch qu\u1ea3, ng\u01b0\u1eddi ta h\u00e1i v\u1ec1 sau \u0111\u00f3\u00a0ph\u01a1i kh\u00f4 v\u00e0 \u0111\u00f3ng g\u00f3i \u0111\u1ec3 b\u1ea3o qu\u1ea3n nh\u1eb1m gi\u1eef \u0111\u01b0\u1ee3c m\u00f9i v\u1ecb v\u00e0 \u0111\u1ed9 th\u01a1m c\u1ee7a qu\u1ea3.<br \/>\nQu\u1ea3 m\u1eafc m\u1eadt vi\u0323 h\u01a1i chua ngo\u0323t, r\u1ea5t gi\u00e0u vitamin C. Qu\u1ea3 th\u01b0\u1eddng \u0111\u01b0\u1ee3c s\u1eed d\u1ee5ng \u0103n t\u01b0\u01a1i ho\u1eb7c \u0111\u1ec3\u00a0n\u1ea5u, kho trong m\u1ed9t s\u1ed1 m\u00f3n \u0103n. Trong qu\u1ea3 m\u1eafc m\u1eadt c\u00f3 ch\u1ee9a l\u01b0\u1ee3ng tinh d\u1ea7u nguy\u00ean ch\u1ea5t gi\u00fap gi\u1ea3m \u0111au, b\u1ea3o v\u1ec7 gan. V\u00ec v\u1eady kh\u00f4ng ch\u1ec9 \u0111\u01b0\u1ee3c s\u1eed d\u1ee5ng l\u00e0m gia v\u1ecb trong c\u00e1c m\u00f3n \u0103n m\u00e0 qu\u1ea3 m\u1eafc m\u1eadt c\u00f2n l\u00e0 nguy\u00ean li\u1ec7u l\u00e0m nhi\u1ec1u lo\u1ea1i thu\u1ed1c.<\/p>\n<p><img decoding=\"async\" class=\"wp-image-26323 aligncenter\" src=\"https:\/\/havamall.com\/wp-content\/uploads\/2025\/10\/thumbnail20-442-300x300.png\" alt=\"\" width=\"670\" height=\"670\" \/><\/p>\n<h3><strong>H\u01b0\u1edbng d\u1eabn s\u1eed d\u1ee5ng:<\/strong><\/h3>\n<p>&#8211; Qu\u1ea3 m\u1eafc m\u1eadt l\u00e0m c\u00e1c m\u00f3n n\u01b0\u1edbng nh\u01b0: v\u1ecbt quay m\u1eafc m\u1eadt, th\u1ecbt l\u1ee3n n\u01b0\u1edbng, g\u00e0 n\u01b0\u1edbng<\/p>\n<p>&#8211; Qu\u1ea3 m\u1eafc m\u1eadt l\u00e0m c\u00e1c m\u00f3n kho nh\u01b0: v\u1ecbt om m\u1eafc m\u1eadt, th\u1ecbt kho m\u1eafc m\u1eadt, c\u00e1 kho m\u1eafc m\u1eadt<\/p>\n<p>&#8211; Qu\u1ea3 m\u1eafc m\u1eadt d\u00f9ng \u0111\u1ec3 ng\u00e2m nh\u01b0: b\u1ed9t m\u1eafc m\u1eadt, m\u1eafc m\u1eadt ng\u00e2m m\u0103ng \u1edbt, m\u1eafc m\u1eadt ng\u00e2m d\u1ea5m \u1edbt<\/p>","protected":false},"excerpt":{"rendered":"<p>Qu\u1ea3 m\u1eafc m\u1eadt kh\u00f4\u00a0(\u00a0qu\u1ea3 m\u00f3c m\u1eadt) l\u00e0 gia v\u1ecb \u0111\u1eb7c tr\u01b0ng c\u1ee7a v\u00f9ng n\u00fai T\u00e2y B\u1eafc &#8211; l\u00e0m n\u00ean c\u00e1c<\/p>","protected":false},"featured_media":26324,"comment_status":"open","ping_status":"closed","template":"","meta":[],"product_brand":[],"product_cat":[595,36,134],"product_tag":[],"class_list":{"0":"post-26320","1":"product","2":"type-product","3":"status-publish","4":"has-post-thumbnail","6":"product_cat-gia-vi-va-che-bien","7":"product_cat-thuc-pham-tieu-dung","8":"product_cat-thucpham-saykho","9":"pa_brand-skx","11":"first","12":"outofstock","13":"sale","14":"shipping-taxable","15":"purchasable","16":"product-type-simple"},"_links":{"self":[{"href":"https:\/\/havamall.vn\/en\/wp-json\/wp\/v2\/product\/26320"}],"collection":[{"href":"https:\/\/havamall.vn\/en\/wp-json\/wp\/v2\/product"}],"about":[{"href":"https:\/\/havamall.vn\/en\/wp-json\/wp\/v2\/types\/product"}],"replies":[{"embeddable":true,"href":"https:\/\/havamall.vn\/en\/wp-json\/wp\/v2\/comments?post=26320"}],"version-history":[{"count":0,"href":"https:\/\/havamall.vn\/en\/wp-json\/wp\/v2\/product\/26320\/revisions"}],"wp:featuredmedia":[{"embeddable":true,"href":"https:\/\/havamall.vn\/en\/wp-json\/wp\/v2\/media\/26324"}],"wp:attachment":[{"href":"https:\/\/havamall.vn\/en\/wp-json\/wp\/v2\/media?parent=26320"}],"wp:term":[{"taxonomy":"product_brand","embeddable":true,"href":"https:\/\/havamall.vn\/en\/wp-json\/wp\/v2\/product_brand?post=26320"},{"taxonomy":"product_cat","embeddable":true,"href":"https:\/\/havamall.vn\/en\/wp-json\/wp\/v2\/product_cat?post=26320"},{"taxonomy":"product_tag","embeddable":true,"href":"https:\/\/havamall.vn\/en\/wp-json\/wp\/v2\/product_tag?post=26320"}],"curies":[{"name":"wp","href":"https:\/\/api.w.org\/{rel}","templated":true}]}}