{"id":26299,"date":"2022-04-14T11:38:01","date_gmt":"2022-04-14T04:38:01","guid":{"rendered":"https:\/\/havamall.vn\/?post_type=product&#038;p=26299"},"modified":"2025-06-20T14:56:22","modified_gmt":"2025-06-20T07:56:22","slug":"thao-qua-havafood-tui-100g-black-cardamom","status":"publish","type":"product","link":"https:\/\/havamall.vn\/en\/shop\/thao-qua-havafood-tui-100g-black-cardamom\/","title":{"rendered":"Th\u1ea3o Qu\u1ea3 Havafood T\u00fai 100g &#8211; Black Cardamom"},"content":{"rendered":"<p>Th\u1ea3o qu\u1ea3 kh\u00f4 l\u00e0 v\u1ecb thu\u1ed1c v\u00e0 c\u0169ng l\u00e0 lo\u1ea1i gia v\u1ecb \u0111\u1eb7c bi\u1ec7t \u0111\u01b0\u1ee3c \u01b0a chu\u1ed9ng, Th\u1ea3o qu\u1ea3 t\u00ean khoa h\u1ecdc l\u00e0 Amomum aromaticum roxb v\u00e0 c\u00f3 07 gi\u1ed1ng kh\u00e1c nhau. Th\u1ea3o qu\u1ea3 t\u01b0\u01a1i th\u01b0\u1eddng \u0111\u01b0\u1ee3c s\u1ea5y kh\u00f4 \u0111\u1ea1t t\u1edbi \u1ea9m \u0111\u1ed9 10-20% th\u00ec c\u00f3 th\u1ec3 b\u1ea3o qu\u1ea3n trong \u0111i\u1ec1u ki\u1ec7n th\u00f4ng th\u01b0\u1eddng.<\/p>\n<p>Th\u1ea3o qu\u1ea3 c\u00f3 th\u1ec3 cao t\u1edbi 2-3m, \u0111\u01b0\u1eddng k\u00ednh th\u00e2n c\u00f3 th\u1ec3 t\u1edbi 4cm. Qu\u1ea3 c\u1ee7a n\u00f3 m\u1ecdc ra \u1edf g\u1ed1c th\u00e0nh t\u1eebng ch\u00f9m m\u00e0u \u0111\u1ecf m\u1eadn ch\u00edn. Ng\u01b0\u1eddi ta ch\u1ee7 y\u1ebfu thu h\u1ea1t c\u1ee7a th\u1ea3o qu\u1ea3. M\u1ed7i qu\u1ea3 c\u00f3 tr\u00ean 20 h\u1ea1t. H\u1ea1t c\u00f3 m\u00f9i th\u01a1m \u0111\u1eb7c tr\u01b0ng nh\u1edd n\u00f3 ch\u1ee9a t\u1edbi 1,5% tinh d\u1ea7u c\u00f3 v\u1ecb n\u00f3ng, cay d\u1ec5 ch\u1ecbu.<\/p>\n<p><img fetchpriority=\"high\" decoding=\"async\" class=\"wp-image-26303 aligncenter\" src=\"https:\/\/havamall.com\/wp-content\/uploads\/2025\/06\/thao-300x186.png\" alt=\"\" width=\"597\" height=\"370\" \/><\/p>\n<p>Th\u1ea3o qu\u1ea3 \u0111\u01b0\u1ee3c s\u1ea3n xu\u1ea5t t\u1eeb 100% nguy\u00ean li\u1ec7u ho\u00e0n to\u00e0n t\u1ef1 nhi\u00ean\u00a0v\u1edbi quy tr\u00ecnh ch\u1ebf bi\u1ebfn v\u00e0 b\u1ea3o qu\u1ea3n t\u00e2n ti\u1ebfn,\u00a0hi\u1ec7n \u0111\u1ea1i v\u00e0 kh\u00e9p k\u00edn.<\/p>\n<p>Th\u1ea3o qu\u1ea3 d\u00f9ng l\u00e0m thu\u1ed1c trong\u00a0Trung y\u00a0v\u00e0\u00a0\u1ea9m th\u1ef1c Trung Hoa\u00a0c\u0169ng nh\u01b0\u00a0\u1ea9m th\u1ef1c Vi\u1ec7t Nam, \u0111\u01b0\u1ee3c ghi \u0111\u1ea7u ti\u00ean trong s\u00e1ch\u00a0\u1ea8m thi\u1ec7n ch\u00ednh y\u1ebfu, l\u00e0 qu\u1ea3 ch\u00edn ph\u01a1i hay s\u1ea5y kh\u00f4 c\u1ee7a c\u00e2y th\u1ea3o qu\u1ea3.<\/p>\n<p><img decoding=\"async\" class=\"wp-image-26304 aligncenter\" src=\"https:\/\/havamall.com\/wp-content\/uploads\/2025\/06\/kashmiri_biryani-300x169.png\" alt=\"\" width=\"607\" height=\"342\" \/><\/p>\n<p>Th\u1ea3o qu\u1ea3 c\u00f2n \u0111\u01b0\u1ee3c xem l\u00e0 \u201cn\u1eef ho\u00e0ng\u201d c\u1ee7a c\u00e1c lo\u1ea1i gia v\u1ecb, v\u00ec \u0111\u1eb7c t\u00ednh v\u1eeba th\u01a1m, v\u1eeba ng\u1ecdt l\u1ea1i c\u00f3 ch\u00fat cay n\u1ed3ng. Th\u1ea3o qu\u1ea3 \u0111\u01b0\u1ee3c s\u1eed d\u1ee5ng \u0111\u1ec3 ch\u01b0ng c\u1ea5t th\u00e0nh tinh d\u1ea7u \u0111\u1ec3 l\u00e0m h\u01b0\u01a1ng li\u1ec7u v\u00e0 l\u00e0m gia v\u1ecb trong c\u00e1c m\u00f3n \u0103n v\u00e0 b\u00e1nh k\u1eb9o. Ngo\u00e0i ra, lo\u1ea1i h\u1ea1t n\u00e0y c\u00f2n \u0111\u01b0\u1ee3c s\u1eed d\u1ee5ng l\u00e0m ph\u1ee5 gia trong \u0111\u1ed3 u\u1ed1ng nh\u01b0 tr\u00e0 v\u00e0 c\u00e0 ph\u00ea.<\/p>\n<p>Th\u1ea3o qu\u1ea3 c\u00f3 th\u00e0nh ph\u1ea7n ho\u00e1 h\u1ecdc ch\u00ednh l\u00e0 tinh d\u1ea7u. Khi n\u00f3i \u0111\u1ebfn c\u00e1c ch\u1ea5t dinh d\u01b0\u1ee1ng c\u1ee7a th\u1ea3o qu\u1ea3, c\u00e1c chuy\u00ean gia h\u00e0ng \u0111\u1ea7u \u0111\u1ec1u nh\u00ecn nh\u1eadn th\u1ea3o qu\u1ea3 l\u00e0 m\u1ed9t lo\u1ea1i th\u1ea3o d\u01b0\u1ee3c c\u00f3 h\u00e0m l\u01b0\u1ee3ng c\u00e1c ch\u1ea5t dinh d\u01b0\u1ee1ng phong ph\u00fa, nh\u01b0: Carbohydrate; riboflavin v\u00e0 thiamin; protein; c\u00e1c vitamin nh\u01b0 vitamin C, niacin, pyridoxine, kho\u00e1ng ch\u1ea5t nh\u01b0 ph\u1ed1t pho, canxi, \u0111\u1ed3ng, mangan, s\u1eaft, magi\u00ea v\u00e0 k\u1ebdm; ch\u1ea5t x\u01a1; tinh d\u1ea7u\u2026<\/p>\n<p><img decoding=\"async\" class=\"wp-image-26305 aligncenter\" src=\"https:\/\/havamall.com\/wp-content\/uploads\/2025\/06\/black-cardamom-300x192.png\" alt=\"\" width=\"616\" height=\"394\" \/><\/p>\n<h3><strong>C\u00f4ng d\u1ee5ng c\u1ee7a th\u1ea3o qu\u1ea3:<\/strong><\/h3>\n<p>\u2013 Trong y h\u1ecdc, th\u1ea3o qu\u1ea3 c\u00f3 v\u1ecb cay, m\u00f9i th\u01a1m, t\u00ednh \u1ea5m. H\u1ea1t th\u1ea3o qu\u1ea3 \u0111\u01b0\u1ee3c d\u00f9ng l\u00e0m thu\u1ed1c c\u00f3 t\u00e1c d\u1ee5ng ti\u00eau t\u00edch, tr\u1ecb s\u1ed1t, \u1ea5m b\u1ee5ng v\u00e0 gi\u00fap \u0103n ngon mi\u1ec7ng.<\/p>\n<p>\u2013 Qu\u1ea3 th\u1ea3o qu\u00e1 ch\u00edn ph\u01a1i s\u1ea5y kh\u00f4 th\u01b0\u1eddng d\u00f9ng trong \u1ea9m th\u1ef1c, \u0111\u01b0\u1ee3c s\u1eed d\u1ee5ng r\u1ed9ng r\u00e3i nh\u1eb1m t\u1ea1o h\u01b0\u01a1ng v\u1ecb th\u01a1m ngon cho nhi\u1ec1u m\u00f3n \u0103n.<\/p>\n<p>\u2013 Th\u1ea3o qu\u1ea3 c\u00f3 t\u00e1c d\u1ee5ng gi\u00fap gi\u1ea3m l\u01b0\u1ee3ng caffeine trong c\u01a1 th\u1ec3.<\/p>\n<p>\u2013 L\u00e0m gi\u1ea3m s\u1ef1 co th\u1eaft d\u1ea1 d\u00e0y v\u00e0 l\u00e0m m\u00e1t cho c\u01a1 th\u1ec3<\/p>\n<p>\u2013 Trong d\u00e2n gian, th\u1ea3o qu\u1ea3 \u0111\u01b0\u1ee3c d\u00f9ng \u0111\u1ec3 gi\u1ea3m b\u1edbt \u0111au b\u1ee5ng \u1edf tr\u1ebb em, l\u00e0m gi\u1ea3m c\u00e1c c\u01a1n \u0111au h\u1ecdng, gi\u1ea3m \u0111au d\u00e2y th\u1ea7n kinh, \u0111i\u1ec1u tr\u1ecb nhi\u1ec5m tr\u00f9ng \u0111\u01b0\u1eddng h\u00f4 h\u1ea5p do d\u1ecb \u1ee9ng nh\u01b0 ho, c\u1ea3m l\u1ea1nh, vi\u00eam ph\u1ebf qu\u1ea3n v\u00e0 hen suy\u1ec5n.<\/p>","protected":false},"excerpt":{"rendered":"<p>Th\u1ea3o qu\u1ea3 kh\u00f4 l\u00e0 v\u1ecb thu\u1ed1c v\u00e0 c\u0169ng l\u00e0 lo\u1ea1i gia v\u1ecb \u0111\u1eb7c bi\u1ec7t \u0111\u01b0\u1ee3c \u01b0a chu\u1ed9ng, Th\u1ea3o qu\u1ea3 t\u00ean<\/p>","protected":false},"featured_media":39786,"comment_status":"open","ping_status":"closed","template":"","meta":[],"product_brand":[],"product_cat":[595,36,134],"product_tag":[],"class_list":{"0":"post-26299","1":"product","2":"type-product","3":"status-publish","4":"has-post-thumbnail","6":"product_cat-gia-vi-va-che-bien","7":"product_cat-thuc-pham-tieu-dung","8":"product_cat-thucpham-saykho","9":"pa_brand-skx","11":"first","12":"instock","13":"sale","14":"shipping-taxable","15":"purchasable","16":"product-type-simple"},"_links":{"self":[{"href":"https:\/\/havamall.vn\/en\/wp-json\/wp\/v2\/product\/26299"}],"collection":[{"href":"https:\/\/havamall.vn\/en\/wp-json\/wp\/v2\/product"}],"about":[{"href":"https:\/\/havamall.vn\/en\/wp-json\/wp\/v2\/types\/product"}],"replies":[{"embeddable":true,"href":"https:\/\/havamall.vn\/en\/wp-json\/wp\/v2\/comments?post=26299"}],"version-history":[{"count":0,"href":"https:\/\/havamall.vn\/en\/wp-json\/wp\/v2\/product\/26299\/revisions"}],"wp:featuredmedia":[{"embeddable":true,"href":"https:\/\/havamall.vn\/en\/wp-json\/wp\/v2\/media\/39786"}],"wp:attachment":[{"href":"https:\/\/havamall.vn\/en\/wp-json\/wp\/v2\/media?parent=26299"}],"wp:term":[{"taxonomy":"product_brand","embeddable":true,"href":"https:\/\/havamall.vn\/en\/wp-json\/wp\/v2\/product_brand?post=26299"},{"taxonomy":"product_cat","embeddable":true,"href":"https:\/\/havamall.vn\/en\/wp-json\/wp\/v2\/product_cat?post=26299"},{"taxonomy":"product_tag","embeddable":true,"href":"https:\/\/havamall.vn\/en\/wp-json\/wp\/v2\/product_tag?post=26299"}],"curies":[{"name":"wp","href":"https:\/\/api.w.org\/{rel}","templated":true}]}}