{"id":26291,"date":"2022-04-14T10:30:29","date_gmt":"2022-04-14T03:30:29","guid":{"rendered":"https:\/\/havamall.vn\/?post_type=product&#038;p=26291"},"modified":"2025-06-06T10:23:03","modified_gmt":"2025-06-06T03:23:03","slug":"hat-dieu-mau-havafood-tui-100g-annatto-seed","status":"publish","type":"product","link":"https:\/\/havamall.vn\/en\/shop\/hat-dieu-mau-havafood-tui-100g-annatto-seed\/","title":{"rendered":"H\u1ea1t \u0110i\u1ec1u M\u00e0u Havafood T\u00fai 100g &#8211; Annatto Seed"},"content":{"rendered":"<p>Trong gian b\u1ebfp c\u1ee7a c\u00e1c b\u00e0 n\u1ed9i tr\u1ee3 hi\u1ec7n nay th\u00ec h\u1ea1t \u0111i\u1ec1u m\u00e0u xu\u1ea5t hi\u1ec7n kh\u00e1 ph\u1ed5 bi\u1ebfn. \u0110i\u1ec1u n\u00e0y cho th\u1ea5y \u0111\u01b0\u1ee3c s\u1ea3n ph\u1ea9m c\u00f3 vai tr\u00f2 r\u1ea5t quan tr\u1ecdng trong ch\u1ebf bi\u1ebfn th\u1ee9c \u0103n c\u0169ng nh\u01b0 cu\u1ed9c s\u1ed1ng c\u1ee7a ch\u00fang ta. B\u1ea1n n\u00ean d\u00f9ng\u00a0h\u1ea1t \u0111i\u1ec1u m\u00e0u\u00a0\u0111\u1ec3 ch\u1ebf bi\u1ebfn th\u1ee9c \u0103n v\u00ec n\u00f3 c\u00f3 c\u00f4ng d\u1ee5ng kh\u00e1 t\u1ed1t. Th\u1eadm ch\u00ed nhi\u1ec1u ng\u01b0\u1eddi \u0111\u00e3 t\u1ecf ra kh\u00e1 ng\u1ea1c nhi\u00ean khi bi\u1ebft \u0111\u01b0\u1ee3c nh\u1eefng \u0111i\u1ec1u tuy\u1ec7t v\u1eddi m\u00e0 nguy\u00ean li\u1ec7u n\u00e0y c\u00f3 th\u1ec3 mang l\u1ea1i. Th\u1eadm ch\u00ed v\u01b0\u1ee3t ra ngo\u00e0i s\u1ef1 mong \u0111\u1ee3i c\u1ee7a nhi\u1ec1u ng\u01b0\u1eddi v\u1ec1 gia v\u1ecb n\u00e0y.<\/p>\n<p><img fetchpriority=\"high\" decoding=\"async\" class=\"wp-image-26292 aligncenter\" src=\"https:\/\/havamall.com\/wp-content\/uploads\/2022\/04\/cach-lam-mau-dau-dieu-do-don-gian-300x188.png\" alt=\"\" width=\"657\" height=\"412\" srcset=\"https:\/\/havamall.vn\/wp-content\/uploads\/2022\/04\/cach-lam-mau-dau-dieu-do-don-gian-300x188.png 300w, https:\/\/havamall.vn\/wp-content\/uploads\/2022\/04\/cach-lam-mau-dau-dieu-do-don-gian-430x269.png 430w, https:\/\/havamall.vn\/wp-content\/uploads\/2022\/04\/cach-lam-mau-dau-dieu-do-don-gian-150x94.png 150w, https:\/\/havamall.vn\/wp-content\/uploads\/2022\/04\/cach-lam-mau-dau-dieu-do-don-gian-700x438.png 700w, https:\/\/havamall.vn\/wp-content\/uploads\/2022\/04\/cach-lam-mau-dau-dieu-do-don-gian-768x480.png 768w, https:\/\/havamall.vn\/wp-content\/uploads\/2022\/04\/cach-lam-mau-dau-dieu-do-don-gian-600x375.png 600w, https:\/\/havamall.vn\/wp-content\/uploads\/2022\/04\/cach-lam-mau-dau-dieu-do-don-gian.png 800w\" sizes=\"(max-width: 657px) 100vw, 657px\" \/><\/p>\n<p>M\u00e0u \u0111i\u1ec1u nhu\u1ed9m th\u01b0\u1eddng \u0111\u01b0\u1ee3c s\u1eed d\u1ee5ng trong \u1ea9m th\u1ef1c ch\u00e2u M\u1ef9 La Tinh v\u00e0\u00a0v\u00f9ng Caribe\u00a0\u0111\u1ec3 l\u00e0m ch\u1ea5t t\u1ea1o m\u00e0u v\u00e0 h\u01b0\u01a1ng v\u1ecb. Ng\u01b0\u1eddi d\u00e2n b\u1ea3n \u0111\u1ecba Trung v\u00e0 Nam M\u1ef9 s\u1eed d\u1ee5ng h\u1ea1t gi\u1ed1ng trong\u00a0ngh\u1ec7 thu\u1eadt v\u1ebd l\u00ean th\u00e2n th\u1ec3\u00a0v\u00e0 l\u00e0m\u00a0son m\u00f4i. V\u00ec l\u00fd do n\u00e0y, c\u00e2y \u0111i\u1ec1u nhu\u1ed9m \u0111\u00f4i khi c\u0169ng \u0111\u01b0\u1ee3c g\u1ecdi l\u00e0 \u201cc\u00e2y son m\u00f4i\u201d. C\u00e2y \u0111i\u1ec1u nhu\u1ed9m c\u00f3 ngu\u1ed3n g\u1ed1c \u1edf\u00a0Nam M\u1ef9\u00a0v\u00e0 \u0111\u00e3 lan r\u1ed9ng \u0111\u1ebfn nhi\u1ec1u v\u00f9ng \u1edf\u00a0Ch\u00e2u \u00c1, n\u00f3 c\u0169ng ph\u00e1t tri\u1ec3n \u1edf c\u00e1c v\u00f9ng nhi\u1ec7t \u0111\u1edbi v\u00e0 c\u1eadn nhi\u1ec7t \u0111\u1edbi tr\u00ean th\u1ebf gi\u1edbi, bao g\u1ed3m\u00a0Trung M\u1ef9,\u00a0Ch\u00e2u Phi\u00a0v\u00e0\u00a0Ch\u00e2u \u00c1.<\/p>\n<p>H\u1ea1t \u0111i\u1ec1u m\u00e0u d\u00f9ng \u0111\u1ec3 th\u1eafng v\u1edbi d\u1ea7u \u0103n ho\u1eb7c m\u1ee1. \u0110\u1ec3 l\u1eeda riu riu th\u1eafng trong v\u00f2ng 5 ph\u00fat th\u00ec cho ra m\u00e0u \u0111\u1ecf nh\u01b0 m\u00e0u g\u1ea1ch t\u00f4m d\u00f9ng \u0111\u1ec3 n\u1ea5u c\u00e1c m\u00f3n c\u00e0 ri, b\u00f2 kho, b\u00fan b\u00f2 hu\u1ebf, b\u00fan ri\u00eau cua, b\u00fan l\u1ea1c x\u00e1 hay quay c\u00e1c lo\u1ea1i th\u1ecbt cho m\u00e0u \u0111\u1ecf th\u1eadt \u0111\u1eb9p v\u00e0 th\u01a1m ngon.<\/p>\n<p><img decoding=\"async\" class=\"wp-image-26293 aligncenter\" src=\"https:\/\/havamall.com\/wp-content\/uploads\/2022\/04\/deb34be5bc60-300x273.png\" alt=\"\" width=\"673\" height=\"613\" srcset=\"https:\/\/havamall.vn\/wp-content\/uploads\/2022\/04\/deb34be5bc60-300x273.png 300w, https:\/\/havamall.vn\/wp-content\/uploads\/2022\/04\/deb34be5bc60-430x391.png 430w, https:\/\/havamall.vn\/wp-content\/uploads\/2022\/04\/deb34be5bc60-150x136.png 150w, https:\/\/havamall.vn\/wp-content\/uploads\/2022\/04\/deb34be5bc60-768x698.png 768w, https:\/\/havamall.vn\/wp-content\/uploads\/2022\/04\/deb34be5bc60.png 1024w, https:\/\/havamall.vn\/wp-content\/uploads\/2022\/04\/deb34be5bc60-600x546.png 600w\" sizes=\"(max-width: 673px) 100vw, 673px\" \/><\/p>\n<h3><strong>C\u00f4ng d\u1ee5ng c\u1ee7a h\u1ea1t m\u00e0u \u0111i\u1ec1u:<\/strong><\/h3>\n<h5><em><strong>1. Gia v\u1ecb th\u1ee9c \u0103n<\/strong><\/em><\/h5>\n<p>H\u1ea1t c\u00e2y Roucou (H\u1ea1t \u0111i\u1ec1u \u0111\u1ecf) c\u00f3 v\u1ecb c\u1ee7a gi\u1ed1ng nh\u01b0 c\u00e1c lo\u1ea1i h\u1ea1t kh\u00e1c, nh\u01b0ng l\u1ea1i h\u01a1i ng\u1ecdt v\u00e0 c\u00f3 m\u00f9i cay nh\u1eb9, ch\u00ednh v\u00ec v\u1eady m\u00e0 nhi\u1ec1u \u0111\u1ea7u b\u1ebfp s\u00e0nh s\u1ecfi \u0111\u00e3 \u0111\u01b0a lo\u1ea1i h\u1ea1t n\u00e0y v\u00e0o nh\u1eefng m\u00f3n \u0103n c\u1ee7a m\u00ecnh \u0111\u1ec3 t\u1ea1o s\u1ef1 kh\u00e1c bi\u1ec7t, \u0111\u1eb7c bi\u1ec7t l\u00e0 c\u00e1c m\u00f3n c\u1ea7n \u0111\u1ea1t \u0111\u1ebfn \u0111\u1ed9 tuy\u1ec7t h\u1ea3o v\u1ec1 m\u00e0u s\u1eafc l\u1eabn m\u00f9i v\u1ecb nh\u01b0 c\u00e0-ri.<\/p>\n<h5><em><strong>2. D\u1ea7u d\u01b0\u1ee1ng da<\/strong><\/em><\/h5>\n<p>D\u1ea7u Roucou c\u00f3 l\u01b0\u1ee3ng Beta-caroten g\u1ea5p 100 l\u1ea7n\u00a0 trong c\u00e0 r\u1ed1t, \u0111\u00e2y l\u00e0 ch\u1ea5t c\u00f3 t\u00e1c d\u1ee5ng ch\u1ed1ng oxy h\u00f3a m\u1ea1nh, l\u00e0m h\u1ebft s\u1ea1ch nh\u1eefng g\u1ed1c t\u1ef1 do tr\u00ean da (nh\u1eefng t\u1ebf b\u00e0o d\u01b0 th\u1eeba c\u00f3 h\u1ea1i cho da). \u0110\u00e2y l\u00e0 nh\u1eefng nguy\u00ean t\u1eed \u0111\u01b0\u1ee3c h\u00ecnh th\u00e0nh \u1edf da khi da b\u1ecb ph\u00e1 hu\u1ef7 b\u1edfi tia c\u1ef1c t\u00edm ho\u1eb7c c\u00e1c t\u00e1c nh\u00e2n trong m\u00f4i tr\u01b0\u1eddng. N\u00f3 l\u00e0m da b\u1ecb l\u00e3o h\u00f3a, th\u00f4 r\u00e1p, c\u1ee9ng v\u00e0 kh\u00f4ng kho\u1ebb m\u1ea1nh. Beta caroten l\u00e0m h\u1ebft nh\u1eefng t\u00e1c h\u1ea1i n\u00e0y do n\u00f3 l\u00e0m h\u1ebft nh\u1eefng g\u1ed1c t\u1ef1 do, b\u00f4i m\u1ed9t l\u01b0\u1ee3ng d\u1ea7u nh\u1ecf l\u00ean da v\u00e0o m\u1ed7i s\u00e1ng tr\u01b0\u1edbc khi ra \u0111\u01b0\u1eddng gi\u00fap da b\u1ea1n \u0111\u01b0\u1ee3c b\u1ea3o v\u1ec7 hi\u1ec7u qu\u1ea3.<\/p>\n<p><img decoding=\"async\" class=\"wp-image-26296 aligncenter\" src=\"https:\/\/havamall.com\/wp-content\/uploads\/2022\/04\/how-to-make-annatto-oil-from-scratch-22-1400x2100-229x300.png\" alt=\"\" width=\"678\" height=\"888\" srcset=\"https:\/\/havamall.vn\/wp-content\/uploads\/2022\/04\/how-to-make-annatto-oil-from-scratch-22-1400x2100-229x300.png 229w, https:\/\/havamall.vn\/wp-content\/uploads\/2022\/04\/how-to-make-annatto-oil-from-scratch-22-1400x2100-430x564.png 430w, https:\/\/havamall.vn\/wp-content\/uploads\/2022\/04\/how-to-make-annatto-oil-from-scratch-22-1400x2100-150x197.png 150w, https:\/\/havamall.vn\/wp-content\/uploads\/2022\/04\/how-to-make-annatto-oil-from-scratch-22-1400x2100-700x918.png 700w, https:\/\/havamall.vn\/wp-content\/uploads\/2022\/04\/how-to-make-annatto-oil-from-scratch-22-1400x2100-768x1007.png 768w, https:\/\/havamall.vn\/wp-content\/uploads\/2022\/04\/how-to-make-annatto-oil-from-scratch-22-1400x2100-781x1024.png 781w, https:\/\/havamall.vn\/wp-content\/uploads\/2022\/04\/how-to-make-annatto-oil-from-scratch-22-1400x2100-1200x1574.png 1200w, https:\/\/havamall.vn\/wp-content\/uploads\/2022\/04\/how-to-make-annatto-oil-from-scratch-22-1400x2100-600x787.png 600w, https:\/\/havamall.vn\/wp-content\/uploads\/2022\/04\/how-to-make-annatto-oil-from-scratch-22-1400x2100.png 1400w\" sizes=\"(max-width: 678px) 100vw, 678px\" \/><\/p>\n<h5><em><strong>3. Th\u1ea3o d\u01b0\u1ee3c ch\u1eefa b\u1ec7nh<\/strong><\/em><\/h5>\n<p>Nh\u1eefng ng\u01b0\u1eddi b\u1ea3n \u0111\u1ecba Nam M\u1ef9 qu\u00ea h\u01b0\u01a1ng c\u1ee7a lo\u1ea1i d\u1ea7u Roucou n\u00e0y c\u00f2n t\u1eadn d\u1ee5ng lo\u1ea1i h\u1ea1t qu\u00fd gi\u00e1 n\u00e0y trong r\u1ea5t nhi\u1ec1u lo\u1ea1i thu\u1ed1c. M\u1ed9t s\u1ed1 n\u01a1i d\u00f9ng l\u00e1 ch\u1eefa l\u1ecb, s\u1ed1t, s\u1ed1t r\u00e9t. C\u00e1c b\u1ed9 ph\u1eadn c\u1ee7a c\u00e2y c\u00f3 th\u1ec3 s\u1eed d\u1ee5ng \u0111\u1ec3 l\u00e0m thu\u1ed1c ch\u1ed1ng say n\u1eafng, vi\u00eam ami\u0111an, vi\u00eam m\u00e0ng ph\u1ed5i, ng\u1eebng th\u1edf, c\u00e1c r\u1ed1i lo\u1ea1n tr\u1ef1c tr\u00e0ng v\u00e0 \u0111au \u0111\u1ea7u. D\u1ea7u c\u00e2y b\u00f4i tr\u1ef1c ti\u1ebfp l\u00ean da s\u1ebd l\u00e0m d\u1ecbu v\u1ebft b\u1ecfng hay c\u00f4n tr\u00f9ng \u0111\u1ed1t. H\u1ea1t c\u00e2y c\u00f2n c\u00f3 th\u1ec3 d\u00f9ng \u0111\u1ec3 t\u1ea9y giun.<\/p>\n<p><em><strong>4. M\u00e0u nhu\u1ed9m th\u1ef1c ph\u1ea9m<\/strong><\/em><\/p>\n<p>D\u1ea7u Roucou nguy\u00ean ch\u1ea5t cho m\u00e0u \u0111\u1ecf v\u00e0ng t\u01b0\u01a1i v\u00e0 \u0111\u00e3 \u0111\u01b0\u1ee3c th\u1ed5 d\u00e2n ch\u00e2u M\u1ef9 s\u1eed d\u1ee5ng t\u1eeb r\u1ea5t l\u00e2u \u0111\u1ec3 l\u00e0m thu\u1ed1c m\u00e0u v\u1ebd l\u00ean c\u01a1 th\u1ec3, \u0111\u1eb7c bi\u1ec7t l\u00e0 m\u00f4i, v\u00ec th\u1ebf m\u00e0 \u0111\u00f4i khi n\u00f3 c\u00f2n \u0111\u01b0\u1ee3c g\u1ecdi t\u1ea1i khu v\u1ef1c n\u00e0y nh\u01b0 l\u00e0 \u201cc\u00e2y son m\u00f4i\u201d. \u0110i\u1ec1u \u0111\u1ecf c\u00f2n \u0111\u01b0\u1ee3c d\u00f9ng l\u00e0m ch\u1ea5t nhu\u1ed9m m\u00e0u th\u1ef1c ph\u1ea9m r\u1ea5t an to\u00e0n, \u0111\u1eb7c bi\u1ec7t cho c\u00e1c th\u1ef1c ph\u1ea9m t\u1eeb s\u1eefa nh\u01b0 ph\u00f4 mai, b\u01a1, c\u00e1c lo\u1ea1i th\u1ef1c ph\u1ea9m kh\u00f4 nh\u01b0 khoai t\u00e2y chi\u00ean, ng\u0169 c\u1ed1c \u0103n s\u00e1ng, c\u00e1 hun kh\u00f3i v\u00e0 \u0111\u1eb7c bi\u1ec7t l\u00e0 \u0111\u01b0\u1ee3c s\u1eed d\u1ee5ng trong l\u00e0m b\u00e1nh \u0111\u1ec3 t\u1ea1o m\u00e0u an to\u00e0n.<\/p>\n<p><img loading=\"lazy\" decoding=\"async\" class=\"wp-image-26295 aligncenter\" src=\"https:\/\/havamall.com\/wp-content\/uploads\/2022\/04\/f8fd8d2e40c1d13e7cdaaf7980963187-300x224.png\" alt=\"\" width=\"680\" height=\"508\" srcset=\"https:\/\/havamall.vn\/wp-content\/uploads\/2022\/04\/f8fd8d2e40c1d13e7cdaaf7980963187-300x224.png 300w, https:\/\/havamall.vn\/wp-content\/uploads\/2022\/04\/f8fd8d2e40c1d13e7cdaaf7980963187-430x320.png 430w, https:\/\/havamall.vn\/wp-content\/uploads\/2022\/04\/f8fd8d2e40c1d13e7cdaaf7980963187-150x112.png 150w, https:\/\/havamall.vn\/wp-content\/uploads\/2022\/04\/f8fd8d2e40c1d13e7cdaaf7980963187-700x522.png 700w, https:\/\/havamall.vn\/wp-content\/uploads\/2022\/04\/f8fd8d2e40c1d13e7cdaaf7980963187.png 1024w, https:\/\/havamall.vn\/wp-content\/uploads\/2022\/04\/f8fd8d2e40c1d13e7cdaaf7980963187-600x447.png 600w\" sizes=\"(max-width: 680px) 100vw, 680px\" \/><\/p>","protected":false},"excerpt":{"rendered":"<p>Trong gian b\u1ebfp c\u1ee7a c\u00e1c b\u00e0 n\u1ed9i tr\u1ee3 hi\u1ec7n nay th\u00ec h\u1ea1t \u0111i\u1ec1u m\u00e0u xu\u1ea5t hi\u1ec7n kh\u00e1 ph\u1ed5 bi\u1ebfn. \u0110i\u1ec1u<\/p>","protected":false},"featured_media":39041,"comment_status":"open","ping_status":"closed","template":"","meta":[],"product_brand":[],"product_cat":[595,36,134],"product_tag":[],"class_list":{"0":"post-26291","1":"product","2":"type-product","3":"status-publish","4":"has-post-thumbnail","6":"product_cat-gia-vi-va-che-bien","7":"product_cat-thuc-pham-tieu-dung","8":"product_cat-thucpham-saykho","9":"pa_brand-skx","11":"first","12":"instock","13":"sale","14":"shipping-taxable","15":"purchasable","16":"product-type-simple"},"_links":{"self":[{"href":"https:\/\/havamall.vn\/en\/wp-json\/wp\/v2\/product\/26291"}],"collection":[{"href":"https:\/\/havamall.vn\/en\/wp-json\/wp\/v2\/product"}],"about":[{"href":"https:\/\/havamall.vn\/en\/wp-json\/wp\/v2\/types\/product"}],"replies":[{"embeddable":true,"href":"https:\/\/havamall.vn\/en\/wp-json\/wp\/v2\/comments?post=26291"}],"version-history":[{"count":0,"href":"https:\/\/havamall.vn\/en\/wp-json\/wp\/v2\/product\/26291\/revisions"}],"wp:featuredmedia":[{"embeddable":true,"href":"https:\/\/havamall.vn\/en\/wp-json\/wp\/v2\/media\/39041"}],"wp:attachment":[{"href":"https:\/\/havamall.vn\/en\/wp-json\/wp\/v2\/media?parent=26291"}],"wp:term":[{"taxonomy":"product_brand","embeddable":true,"href":"https:\/\/havamall.vn\/en\/wp-json\/wp\/v2\/product_brand?post=26291"},{"taxonomy":"product_cat","embeddable":true,"href":"https:\/\/havamall.vn\/en\/wp-json\/wp\/v2\/product_cat?post=26291"},{"taxonomy":"product_tag","embeddable":true,"href":"https:\/\/havamall.vn\/en\/wp-json\/wp\/v2\/product_tag?post=26291"}],"curies":[{"name":"wp","href":"https:\/\/api.w.org\/{rel}","templated":true}]}}