{"id":26281,"date":"2022-04-13T15:17:54","date_gmt":"2022-04-13T08:17:54","guid":{"rendered":"https:\/\/havamall.vn\/?post_type=product&#038;p=26281"},"modified":"2022-04-15T16:44:00","modified_gmt":"2022-04-15T09:44:00","slug":"tieu-den-hat-co-coi-xay-ong-cha-va-hu-40gr","status":"publish","type":"product","link":"https:\/\/havamall.vn\/en\/shop\/tieu-den-hat-co-coi-xay-ong-cha-va-hu-40gr\/","title":{"rendered":"Ti\u00eau \u0110en H\u1ea1t C\u00f3 C\u1ed1i Xay \u00d4ng Ch\u00e0 V\u00e0 H\u1ee7 40gr"},"content":{"rendered":"<h3><strong>TH\u00d4NG TIN S\u1ea2N PH\u1ea8M<\/strong><\/h3>\n<table>\n<tbody>\n<tr>\n<td>Th\u01b0\u01a1ng hi\u1ec7u<\/td>\n<td>\u00d4ng Ch\u00e0 V\u00e0<\/td>\n<\/tr>\n<tr>\n<td>Xu\u1ea5t x\u1ee9<\/td>\n<td>Vi\u1ec7t Nam<\/td>\n<\/tr>\n<tr>\n<td>Th\u00e0nh ph\u1ea7n<\/td>\n<td>100% h\u1ea1t ti\u00eau \u0111en<\/td>\n<\/tr>\n<tr>\n<td>H\u1ea1n s\u1eed d\u1ee5ng<\/td>\n<td>12 th\u00e1ng k\u1ec3 t\u1eeb ng\u00e0y s\u1ea3n xu\u1ea5t.<\/td>\n<\/tr>\n<tr>\n<td>B\u1ea3o qu\u1ea3n<\/td>\n<td>B\u1ea3o qu\u1ea3n n\u01a1i kh\u00f4 r\u00e1o, tho\u00e1ng m\u00e1t, tr\u00e1nh \u00e1nh n\u1eafng m\u1eb7t tr\u1eddi. Tr\u00e1nh xa c\u00f4n tr\u00f9ng.<\/td>\n<\/tr>\n<tr>\n<td>Kh\u1ed1i l\u01b0\u1ee3ng t\u1ecbnh<\/td>\n<td>40gr<\/td>\n<\/tr>\n<\/tbody>\n<\/table>\n<p><img fetchpriority=\"high\" decoding=\"async\" class=\"wp-image-26288 aligncenter\" src=\"https:\/\/havamall.vn\/wp-content\/uploads\/2022\/04\/111-1024x844.png\" alt=\"\" width=\"1005\" height=\"828\" srcset=\"https:\/\/havamall.vn\/wp-content\/uploads\/2022\/04\/111-1024x844.png 1024w, https:\/\/havamall.vn\/wp-content\/uploads\/2022\/04\/111-430x354.png 430w, https:\/\/havamall.vn\/wp-content\/uploads\/2022\/04\/111-150x124.png 150w, https:\/\/havamall.vn\/wp-content\/uploads\/2022\/04\/111-700x577.png 700w, https:\/\/havamall.vn\/wp-content\/uploads\/2022\/04\/111-300x247.png 300w, https:\/\/havamall.vn\/wp-content\/uploads\/2022\/04\/111-768x633.png 768w, https:\/\/havamall.vn\/wp-content\/uploads\/2022\/04\/111-1200x989.png 1200w, https:\/\/havamall.vn\/wp-content\/uploads\/2022\/04\/111-600x494.png 600w, https:\/\/havamall.vn\/wp-content\/uploads\/2022\/04\/111.png 1920w\" sizes=\"(max-width: 1005px) 100vw, 1005px\" \/><\/p>\n<p>Th\u01b0\u01a1ng hi\u1ec7u \u00d4ng Ch\u00e0 V\u00e0 \u0111\u00e3 c\u00f3 r\u1ea5t l\u00e2u t\u1eeb nh\u1eefng n\u0103m 1939 trong gi\u1edbi \u0111\u1ea7u b\u1ebfp t\u1ea1i S\u00e0i G\u00f2n v\u00e0 tr\u1edf n\u00ean ch\u00ednh th\u1ed1ng b\u1edfi Nosafood. \u00d4ng Ch\u00e0 V\u00e0 l\u00e0 m\u1ed9t trong nh\u1eefng nh\u00e1nh kinh doanh ch\u00ednh c\u1ee7a Nosafood, chuy\u00ean v\u1ec1 c\u00e1c lo\u1ea1i gia v\u1ecb th\u1ef1c ph\u1ea9m nh\u01b0: Gia v\u1ecb vi\u00ean, b\u1ed9t gia v\u1ecb, t\u01b0\u01a1ng \u1edbt,\u2026 V\u1edbi \u1ea9m th\u1ef1c Vi\u1ec7t Nam, gia v\u1ecb \u00d4ng Ch\u00e0 V\u00e0 l\u00e0 y\u1ebfu t\u1ed1 kh\u00f4ng th\u1ec3 thi\u1ebfu cho c\u00e1c \u0111\u1ea7u b\u1ebfp chuy\u00ean nghi\u1ec7p khi ch\u1ebf bi\u1ebfn c\u00e1c m\u00f3n \u0103n ngon. Theo th\u1eddi gian h\u00ecnh th\u00e0nh &amp; ph\u00e1t tri\u1ec3n,\u00a0\u00d4ng Ch\u00e0 V\u00e0 kh\u00f4ng ng\u1eebng tuy\u1ec3n ch\u1ecdn nguy\u00ean li\u1ec7u, t\u1ed1i \u01b0u ch\u1ea5t l\u01b0\u1ee3ng s\u1ea3n ph\u1ea9m \u0111\u1ec3 x\u1ee9ng danh\u00a0\u201cB\u00ed quy\u1ebft c\u1ee7a \u0111\u1ea7u b\u1ebfp\u201d.<\/p>\n<p>Theo th\u1eddi gian h\u00ecnh th\u00e0nh v\u00e0 ph\u00e1t tri\u1ec3n, \u00d4ng Ch\u00e0 V\u00e0 lu\u00f4n s\u1eed d\u1ee5ng ngu\u1ed3n nguy\u00ean li\u1ec7u t\u1ed1t nh\u1ea5t \u0111\u1ec3 t\u1ed1i \u01b0u ch\u1ea5t l\u01b0\u1ee3ng v\u00e0 kh\u00f4ng ng\u1eebng \u0111a d\u1ea1ng s\u1ea3n ph\u1ea9m.<\/p>\n<p><img decoding=\"async\" class=\"wp-image-26282 aligncenter\" src=\"https:\/\/havamall.vn\/wp-content\/uploads\/2022\/04\/TI\u00caU-5-1024x768.jpg\" alt=\"\" width=\"1000\" height=\"737\" \/><\/p>\n<p>Ti\u00eau \u0111en\u00a0l\u00e0 m\u1ed9t trong nh\u1eefng lo\u1ea1i gia v\u1ecb kh\u00f4ng th\u1ec3 thi\u1ebfu, \u0111\u01b0\u1ee3c ng\u01b0\u1eddi Vi\u1ec7t Nam s\u1eed d\u1ee5ng h\u1eb1ng ng\u00e0y \u0111\u1ec3 t\u0103ng th\u00eam ph\u1ea7n h\u01b0\u01a1ng v\u1ecb \u0111\u1eadm \u0111\u00e0 v\u00e0 h\u1ea5p d\u1eabn cho m\u00f3n \u0103n. \u0110\u00e2y d\u01b0\u1eddng nh\u01b0 \u0111\u00e3 tr\u1edf th\u00e0nh th\u00f3i quen chung c\u1ee7a t\u1ea5t c\u1ea3 m\u1ecdi ng\u01b0\u1eddi m\u1ecdi nh\u00e0.\u00a0Tuy c\u00f3 nhi\u1ec1u lo\u1ea1i ti\u00eau nh\u01b0 v\u1eady nh\u01b0ng ti\u00eau \u0111en v\u1eabn l\u00e0 lo\u1ea1i quen thu\u1ed9c v\u00e0 \u0111\u01b0\u1ee3c s\u1eed d\u1ee5ng ph\u1ed5 bi\u1ebfn nh\u1ea5t trong c\u00e1c m\u00f3n \u0103n \u1ea9m th\u1ef1c Vi\u1ec7t Nam. Hi\u1ec7n nay, thay v\u00ec s\u1eed d\u1ee5ng ti\u00eau b\u1ed9t xay s\u1eb5n kh\u00f4ng \u0111\u1ea3m b\u1ea3o \u0111\u01b0\u1ee3c ch\u1ea5t l\u01b0\u1ee3ng v\u00e0 th\u00e0nh ph\u1ea7n. Ng\u01b0\u1eddi ti\u00eau d\u00f9ng chuy\u1ec3n d\u1ea7n sang \u01b0u chu\u1ed9ng ti\u00eau nguy\u00ean h\u1ea1t ch\u1ea5t l\u01b0\u1ee3ng v\u1edbi \u01b0u \u0111i\u1ec3m d\u1ec5 b\u1ea3o qu\u1ea3n, h\u01b0\u01a1ng v\u1ecb c\u0169ng \u0111\u01b0\u1ee3c gi\u1eef trong th\u1eddi gian l\u00e2u h\u01a1n.<\/p>\n<p><img decoding=\"async\" class=\"wp-image-26283 aligncenter\" src=\"https:\/\/havamall.vn\/wp-content\/uploads\/2022\/04\/TI\u00caU-6.jpg\" alt=\"\" width=\"999\" height=\"1190\" srcset=\"https:\/\/havamall.vn\/wp-content\/uploads\/2022\/04\/TI\u00caU-6.jpg 2000w, https:\/\/havamall.vn\/wp-content\/uploads\/2022\/04\/TI\u00caU-6-430x512.jpg 430w, https:\/\/havamall.vn\/wp-content\/uploads\/2022\/04\/TI\u00caU-6-150x179.jpg 150w, https:\/\/havamall.vn\/wp-content\/uploads\/2022\/04\/TI\u00caU-6-700x833.jpg 700w, https:\/\/havamall.vn\/wp-content\/uploads\/2022\/04\/TI\u00caU-6-252x300.jpg 252w, https:\/\/havamall.vn\/wp-content\/uploads\/2022\/04\/TI\u00caU-6-768x914.jpg 768w, https:\/\/havamall.vn\/wp-content\/uploads\/2022\/04\/TI\u00caU-6-860x1024.jpg 860w, https:\/\/havamall.vn\/wp-content\/uploads\/2022\/04\/TI\u00caU-6-1200x1429.jpg 1200w, https:\/\/havamall.vn\/wp-content\/uploads\/2022\/04\/TI\u00caU-6-600x714.jpg 600w\" sizes=\"(max-width: 999px) 100vw, 999px\" \/><\/p>\n<p>Ch\u00ednh v\u00ec ti\u00eau \u0111en th\u1ef1c s\u1ef1 quan tr\u1ecdng v\u00e0 \u0111\u01b0\u1ee3c s\u1eed d\u1ee5ng m\u1ed7i ng\u00e0y. V\u1eady n\u00ean hi\u1ec7n nay ch\u1ea5t l\u01b0\u1ee3ng ti\u00eau \u0111en c\u0169ng \u0111\u01b0\u1ee3c quan t\u00e2m h\u01a1n \u0111\u1ec3 \u0111\u1ea3m b\u1ea3o s\u1ee9c kh\u1ecfe cho ng\u01b0\u1eddi s\u1eed d\u1ee5ng. Ti\u00eau \u0111en \u00d4ng Ch\u00e0 V\u00e0 v\u1edbi th\u00e0nh ph\u1ea7n 100% ti\u00eau \u0111en h\u1ea1t,\u00a0\u0111\u01b0\u1ee3c thu ho\u1ea1ch, r\u1eeda s\u1ea1ch, s\u1ea5y kh\u00f4 v\u00e0 \u0111\u00f3ng g\u00f3i, kh\u00f4ng pha tr\u1ed9n b\u1ea5t c\u1ee9 t\u1ea1p ch\u1ea5t n\u00e0o s\u1ebd l\u00e0 s\u1ef1 l\u1ef1a ch\u1ecdn cho gia \u0111\u00ecnh b\u1ea1n.<\/p>\n<p>H\u1ea1t ti\u00eau \u0111en kh\u00f4ng ch\u1ec9 l\u00e0 gia v\u1ecb h\u1eefu \u00edch cho c\u00e1c m\u00f3n \u0103n, m\u00e0 c\u00f2n \u0111\u01b0\u1ee3c bi\u1ebft \u0111\u1ebfn nh\u01b0 m\u1ed9t v\u1ecb thu\u1ed1c c\u00f3 t\u00e1c d\u1ee5ng ng\u1eeba ung th\u01b0, ch\u1eefa c\u1ea3m l\u1ea1nh, tr\u1ea7m c\u1ea3m v\u00e0 gi\u1ea3m c\u00e2n hi\u1ec7u qu\u1ea3\u2026\u00a0H\u1ea1t ti\u00eau \u0111en l\u00e0 m\u1ed9t trong nh\u1eefng lo\u1ea1i gia v\u1ecb c\u00f3 h\u01b0\u01a1ng v\u1ecb m\u1ea1nh v\u00e0 th\u01a1m. Ng\u01b0\u1eddi ta th\u01b0\u1eddng th\u00eam ti\u00eau \u0111en xay ho\u1eb7c h\u1ea1t ti\u00eau th\u00f4 v\u00e0o c\u00e1c m\u00f3n \u0103n \u0111\u1ec3 t\u0103ng th\u00eam h\u01b0\u01a1ng v\u1ecb. T\u1eeb m\u00f3n tr\u1ee9ng tr\u00e1ng \u0111\u1ebfn c\u00e1c m\u00f3n ch\u00e8, h\u1ea1t ti\u00eau \u0111en \u0111\u01b0\u1ee3c s\u1eed d\u1ee5ng cho nhi\u1ec1u m\u1ee5c \u0111\u00edch. \u0110\u00f4i khi ti\u00eau \u0111en \u0111\u01b0\u1ee3c s\u1eed d\u1ee5ng nh\u01b0 m\u1ed9t bi\u1ec7n ph\u00e1p \u0111\u1ec3 \u0111i\u1ec1u tr\u1ecb c\u00e1c v\u1ea5n \u0111\u1ec1 s\u1ee9c kh\u1ecfe nh\u01b0 ho, \u0111au h\u1ecdng hay c\u1ea3m l\u1ea1nh.<\/p>\n<p><strong>H\u01b0\u1edbng d\u1eabn xay ti\u00eau:<\/strong><\/p>\n<ul>\n<li>Gi\u1eef c\u1ed1 \u0111\u1ecbnh n\u1eafp (ph\u1ea7n m\u00e0u xanh), d\u1ed1c ng\u01b0\u1ee3c h\u1ee7, xoay th\u00e2n h\u1ee7 theo chi\u1ec1u kim \u0111\u1ed3ng h\u1ed3<\/li>\n<li>\u0110i\u1ec1u ch\u1ec9nh k\u00edch th\u01b0\u1edbc xay ti\u00eau b\u1eb1ng c\u00e1ch v\u1eb7n n\u00fat m\u00e0u \u0111en trong n\u1eafp<\/li>\n<\/ul>\n<p><img loading=\"lazy\" decoding=\"async\" class=\"size-full wp-image-26284 aligncenter\" src=\"https:\/\/havamall.vn\/wp-content\/uploads\/2022\/04\/TI\u00caU-1.jpeg\" alt=\"\" width=\"960\" height=\"1000\" srcset=\"https:\/\/havamall.vn\/wp-content\/uploads\/2022\/04\/TI\u00caU-1.jpeg 960w, https:\/\/havamall.vn\/wp-content\/uploads\/2022\/04\/TI\u00caU-1-430x448.jpeg 430w, https:\/\/havamall.vn\/wp-content\/uploads\/2022\/04\/TI\u00caU-1-150x156.jpeg 150w, https:\/\/havamall.vn\/wp-content\/uploads\/2022\/04\/TI\u00caU-1-700x729.jpeg 700w, https:\/\/havamall.vn\/wp-content\/uploads\/2022\/04\/TI\u00caU-1-288x300.jpeg 288w, https:\/\/havamall.vn\/wp-content\/uploads\/2022\/04\/TI\u00caU-1-768x800.jpeg 768w, https:\/\/havamall.vn\/wp-content\/uploads\/2022\/04\/TI\u00caU-1-600x625.jpeg 600w\" sizes=\"(max-width: 960px) 100vw, 960px\" \/><\/p>","protected":false},"excerpt":{"rendered":"<p>TH\u00d4NG TIN S\u1ea2N PH\u1ea8M Th\u01b0\u01a1ng hi\u1ec7u \u00d4ng Ch\u00e0 V\u00e0 Xu\u1ea5t x\u1ee9 Vi\u1ec7t Nam Th\u00e0nh ph\u1ea7n 100% h\u1ea1t ti\u00eau \u0111en H\u1ea1n<\/p>","protected":false},"featured_media":26285,"comment_status":"open","ping_status":"closed","template":"","meta":[],"product_brand":[],"product_cat":[36],"product_tag":[],"class_list":{"0":"post-26281","1":"product","2":"type-product","3":"status-publish","4":"has-post-thumbnail","6":"product_cat-thuc-pham-tieu-dung","7":"pa_brand-ong-cha-va","9":"first","10":"instock","11":"sale","12":"shipping-taxable","13":"purchasable","14":"product-type-simple"},"_links":{"self":[{"href":"https:\/\/havamall.vn\/en\/wp-json\/wp\/v2\/product\/26281"}],"collection":[{"href":"https:\/\/havamall.vn\/en\/wp-json\/wp\/v2\/product"}],"about":[{"href":"https:\/\/havamall.vn\/en\/wp-json\/wp\/v2\/types\/product"}],"replies":[{"embeddable":true,"href":"https:\/\/havamall.vn\/en\/wp-json\/wp\/v2\/comments?post=26281"}],"version-history":[{"count":0,"href":"https:\/\/havamall.vn\/en\/wp-json\/wp\/v2\/product\/26281\/revisions"}],"wp:featuredmedia":[{"embeddable":true,"href":"https:\/\/havamall.vn\/en\/wp-json\/wp\/v2\/media\/26285"}],"wp:attachment":[{"href":"https:\/\/havamall.vn\/en\/wp-json\/wp\/v2\/media?parent=26281"}],"wp:term":[{"taxonomy":"product_brand","embeddable":true,"href":"https:\/\/havamall.vn\/en\/wp-json\/wp\/v2\/product_brand?post=26281"},{"taxonomy":"product_cat","embeddable":true,"href":"https:\/\/havamall.vn\/en\/wp-json\/wp\/v2\/product_cat?post=26281"},{"taxonomy":"product_tag","embeddable":true,"href":"https:\/\/havamall.vn\/en\/wp-json\/wp\/v2\/product_tag?post=26281"}],"curies":[{"name":"wp","href":"https:\/\/api.w.org\/{rel}","templated":true}]}}