{"id":26271,"date":"2022-04-13T11:59:49","date_gmt":"2022-04-13T04:59:49","guid":{"rendered":"https:\/\/havamall.vn\/?post_type=product&#038;p=26271"},"modified":"2022-04-13T15:23:06","modified_gmt":"2022-04-13T08:23:06","slug":"vien-gia-vi-thit-kho-tau-ong-cha-va-6-vien-126gr-2","status":"publish","type":"product","link":"https:\/\/havamall.vn\/en\/shop\/vien-gia-vi-thit-kho-tau-ong-cha-va-6-vien-126gr-2\/","title":{"rendered":"Vi\u00ean Gia V\u1ecb Th\u1ecbt Kho T\u00e0u \u00d4ng Ch\u00e0 V\u00e0 (6 Vi\u00ean) 126gr"},"content":{"rendered":"<h3><strong>TH\u00d4NG TIN S\u1ea2N PH\u1ea8M<\/strong><\/h3>\n<table>\n<tbody>\n<tr>\n<td>Th\u01b0\u01a1ng hi\u1ec7u<\/td>\n<td>\u00d4ng Ch\u00e0 V\u00e0<\/td>\n<\/tr>\n<tr>\n<td>Xu\u1ea5t x\u1ee9<\/td>\n<td>Vi\u1ec7t Nam<\/td>\n<\/tr>\n<tr>\n<td>Th\u00e0nh ph\u1ea7n<\/td>\n<td>Mu\u1ed1i, mu\u1ed1i h\u1ed3ng Himalaya, \u0111\u01b0\u1eddng, h\u00e0nh t\u00e2y, m\u1ea1ch nha, h\u00e0nh t\u00edm, t\u1ecfi, h\u1ea1t \u0111i\u1ec1u m\u00e0u, ti\u00eau, \u1edbt,&#8230;<\/td>\n<\/tr>\n<tr>\n<td>H\u1ea1n s\u1eed d\u1ee5ng<\/td>\n<td>12 th\u00e1ng k\u1ec3 t\u1eeb ng\u00e0y s\u1ea3n xu\u1ea5t.<\/td>\n<\/tr>\n<tr>\n<td>B\u1ea3o qu\u1ea3n<\/td>\n<td>B\u1ea3o qu\u1ea3n n\u01a1i kh\u00f4 r\u00e1o, tho\u00e1ng m\u00e1t, tr\u00e1nh \u00e1nh n\u1eafng m\u1eb7t tr\u1eddi. Tr\u00e1nh xa c\u00f4n tr\u00f9ng.<\/td>\n<\/tr>\n<tr>\n<td>Kh\u1ed1i l\u01b0\u1ee3ng t\u1ecbnh<\/td>\n<td>126gr<\/td>\n<\/tr>\n<\/tbody>\n<\/table>\n<p>Th\u01b0\u01a1ng hi\u1ec7u \u00d4ng Ch\u00e0 V\u00e0 \u0111\u00e3 c\u00f3 r\u1ea5t l\u00e2u t\u1eeb nh\u1eefng n\u0103m 1939 trong gi\u1edbi \u0111\u1ea7u b\u1ebfp t\u1ea1i S\u00e0i G\u00f2n v\u00e0 tr\u1edf n\u00ean ch\u00ednh th\u1ed1ng b\u1edfi Nosafood. \u00d4ng Ch\u00e0 V\u00e0 l\u00e0 m\u1ed9t trong nh\u1eefng nh\u00e1nh kinh doanh ch\u00ednh c\u1ee7a Nosafood, chuy\u00ean v\u1ec1 c\u00e1c lo\u1ea1i gia v\u1ecb th\u1ef1c ph\u1ea9m nh\u01b0: Gia v\u1ecb vi\u00ean, b\u1ed9t gia v\u1ecb, t\u01b0\u01a1ng \u1edbt,\u2026 V\u1edbi \u1ea9m th\u1ef1c Vi\u1ec7t Nam, gia v\u1ecb \u00d4ng Ch\u00e0 V\u00e0 l\u00e0 y\u1ebfu t\u1ed1 kh\u00f4ng th\u1ec3 thi\u1ebfu cho c\u00e1c \u0111\u1ea7u b\u1ebfp chuy\u00ean nghi\u1ec7p khi ch\u1ebf bi\u1ebfn c\u00e1c m\u00f3n \u0103n ngon. Theo th\u1eddi gian h\u00ecnh th\u00e0nh &amp; ph\u00e1t tri\u1ec3n,\u00a0\u00d4ng Ch\u00e0 V\u00e0 kh\u00f4ng ng\u1eebng tuy\u1ec3n ch\u1ecdn nguy\u00ean li\u1ec7u, t\u1ed1i \u01b0u ch\u1ea5t l\u01b0\u1ee3ng s\u1ea3n ph\u1ea9m \u0111\u1ec3 x\u1ee9ng danh\u00a0\u201cB\u00ed quy\u1ebft c\u1ee7a \u0111\u1ea7u b\u1ebfp\u201d.<\/p>\n<p>Theo th\u1eddi gian h\u00ecnh th\u00e0nh v\u00e0 ph\u00e1t tri\u1ec3n, \u00d4ng Ch\u00e0 V\u00e0 lu\u00f4n s\u1eed d\u1ee5ng ngu\u1ed3n nguy\u00ean li\u1ec7u t\u1ed1t nh\u1ea5t \u0111\u1ec3 t\u1ed1i \u01b0u ch\u1ea5t l\u01b0\u1ee3ng v\u00e0 kh\u00f4ng ng\u1eebng \u0111a d\u1ea1ng s\u1ea3n ph\u1ea9m.<\/p>\n<p><img fetchpriority=\"high\" decoding=\"async\" class=\"wp-image-26260 aligncenter\" src=\"https:\/\/havamall.vn\/wp-content\/uploads\/2022\/04\/ocv1-1024x601.jpg\" alt=\"\" width=\"694\" height=\"407\" srcset=\"https:\/\/havamall.vn\/wp-content\/uploads\/2022\/04\/ocv1-1024x601.jpg 1024w, https:\/\/havamall.vn\/wp-content\/uploads\/2022\/04\/ocv1-430x253.jpg 430w, https:\/\/havamall.vn\/wp-content\/uploads\/2022\/04\/ocv1-150x88.jpg 150w, https:\/\/havamall.vn\/wp-content\/uploads\/2022\/04\/ocv1-700x411.jpg 700w, https:\/\/havamall.vn\/wp-content\/uploads\/2022\/04\/ocv1-300x176.jpg 300w, https:\/\/havamall.vn\/wp-content\/uploads\/2022\/04\/ocv1-768x451.jpg 768w, https:\/\/havamall.vn\/wp-content\/uploads\/2022\/04\/ocv1-1200x705.jpg 1200w, https:\/\/havamall.vn\/wp-content\/uploads\/2022\/04\/ocv1-600x352.jpg 600w, https:\/\/havamall.vn\/wp-content\/uploads\/2022\/04\/ocv1.jpg 1541w\" sizes=\"(max-width: 694px) 100vw, 694px\" \/><\/p>\n<p>Ng\u00e0y nay, do t\u00ednh ch\u1ea5t c\u00f4ng vi\u1ec7c b\u1eadn r\u1ed9n m\u00e0 nhi\u1ec1u ng\u01b0\u1eddi kh\u00f4ng c\u00f3 \u0111\u1ee7 th\u1eddi gian \u0111\u1ec3 n\u1ea5u cho m\u00ecnh nh\u1eefng b\u1eefa \u0103n ngon. Hi\u1ec3u \u0111\u01b0\u1ee3c l\u00fd do \u0111\u00f3, th\u01b0\u01a1ng hi\u1ec7u\u00a0\u00d4ng Ch\u00e0 V\u00e0\u00a0\u0111\u00e3 cho ra \u0111\u1eddi d\u00f2ng s\u1ea3n ph\u1ea9m\u00a0gia v\u1ecb n\u00eam s\u1eb5n\u00a0gi\u00fap b\u1ea1n c\u00f3 th\u1ec3 d\u1ec5 d\u00e0ng ch\u1ebf bi\u1ebfn nh\u1eefng m\u00f3n \u0103n ngon.<\/p>\n<p>T\u1eeb l\u00e2u, th\u1ecbt kho n\u01b0\u1edbc d\u1eeba h\u1ed9t v\u1ecbt hay c\u00f2n g\u1ecdi l\u00e0 th\u1ecbt kho T\u00e0u l\u00e0 m\u00f3n \u0103n\u00a0r\u1ea5t \u0111\u01b0\u1ee3c \u01b0a chu\u1ed9ng kh\u00f4ng ch\u1ec9 trong nh\u1eefng ng\u00e0y l\u1ec5 t\u1ebft\u00a0m\u00e0 c\u00f2n trong c\u00e1c b\u1eefa c\u01a1m h\u00e0ng ng\u00e0y. Vi\u00ean gia v\u1ecb th\u1ecbt kho t\u00e0u \u00d4ng Ch\u00e0 V\u00e0 l\u00e0 m\u1ed9t trong nh\u1eefng s\u1ea3n ph\u1ea9m \u0111\u01b0\u1ee3c kh\u00e1 nhi\u1ec1u ng\u01b0\u1eddi \u01b0a d\u00f9ng. S\u1ea3n ph\u1ea9m \u0111\u01b0\u1ee3c \u0111\u00f3ng g\u00f3i trong h\u1ed9p gi\u1ea5y ti\u1ec7n l\u1ee3i v\u00e0 sang tr\u1ecdng. Gi\u00fap b\u1ea1n d\u1ec5 d\u00e0ng n\u1ea5u \u0111\u01b0\u1ee3c m\u00f3n b\u00fan m\u1eafm ngon chu\u1ea9n v\u1ecb m\u00e0 kh\u00f4ng m\u1ea5t nhi\u1ec1u th\u1eddi gian.<\/p>\n<p>L\u00e0 s\u1ea3n ph\u1ea9m gia v\u1ecb mang t\u00ednh ti\u1ec7n d\u1ee5ng \u0111\u1ebfn t\u1eeb th\u01b0\u01a1ng hi\u1ec7u\u00a0\u00d4ng Ch\u00e0 V\u00e0.\u00a0Vi\u00ean gia v\u1ecb th\u1ecbt kho t\u00e0u \u00d4ng Ch\u00e0 V\u00e0 l\u00e0 lo\u1ea1i\u00a0gia v\u1ecb ho\u00e0n ch\u1ec9nh\u00a0d\u1ea1ng vi\u00ean c\u00f4 \u0111\u1eb7c t\u1eeb nh\u1eefng lo\u1ea1i nguy\u00ean li\u1ec7u t\u1ef1 nhi\u00ean, qua qu\u00e1 tr\u00ecnh \u0111un n\u1ea5u v\u00e0 \u0111\u00f3ng g\u00f3i c\u1ea9n th\u1eadn, mang \u0111\u1ebfn cho ng\u01b0\u1eddi d\u00f9ng h\u01b0\u01a1ng v\u1ecb th\u1ecbt kho t\u00e0u th\u01a1m ngon, \u0111\u1eadm v\u1ecb.<\/p>\n<p><img decoding=\"async\" class=\"wp-image-26266 aligncenter\" src=\"https:\/\/havamall.vn\/wp-content\/uploads\/2022\/04\/TH\u1eca-KHO-4.png\" alt=\"\" width=\"616\" height=\"616\" srcset=\"https:\/\/havamall.vn\/wp-content\/uploads\/2022\/04\/TH\u1eca-KHO-4.png 500w, https:\/\/havamall.vn\/wp-content\/uploads\/2022\/04\/TH\u1eca-KHO-4-430x430.png 430w, https:\/\/havamall.vn\/wp-content\/uploads\/2022\/04\/TH\u1eca-KHO-4-150x150.png 150w, https:\/\/havamall.vn\/wp-content\/uploads\/2022\/04\/TH\u1eca-KHO-4-300x300.png 300w, https:\/\/havamall.vn\/wp-content\/uploads\/2022\/04\/TH\u1eca-KHO-4-100x100.png 100w\" sizes=\"(max-width: 616px) 100vw, 616px\" \/><\/p>\n<h3><strong>\u0110\u1eb6C \u0110I\u1ec2M N\u1ed4I B\u1eacT C\u1ee6A S\u1ea2N PH\u1ea8M<\/strong><\/h3>\n<p>\u2013 Vi\u00ean gia v\u1ecb th\u1ecbt kho t\u00e0u \u00d4ng Ch\u00e0 V\u00e0 mang h\u01b0\u01a1ng v\u1ecb th\u01a1m ngon, t\u1ea1o n\u00ean s\u1ef1 h\u1ea5p d\u1eabn \u0111\u1eb7c tr\u01b0ng cho m\u00f3n th\u1ecbt kho t\u00e0u chu\u1ea9n v\u1ecb.<\/p>\n<p>\u2013 Ngo\u00e0i ra, s\u1ea3n ph\u1ea9m b\u1ed5 sung vitamin v\u00e0 c\u00e1c nguy\u00ean t\u1ed1 vi l\u01b0\u1ee3ng c\u00f3 l\u1ee3i cho s\u1ee9c kh\u1ecfe ng\u01b0\u1eddi ti\u00eau d\u00f9ng.<\/p>\n<p>\u2013 Vi\u00ean gia v\u1ecb \u00d4ng Ch\u00e0 V\u00e0 \u0111\u01b0\u1ee3c s\u1ea3n xu\u1ea5t theo c\u00f4ng ngh\u1ec7 hi\u1ec7n \u0111\u1ea1i k\u1ebft h\u1ee3p v\u1edbi c\u00f4ng th\u1ee9c gia truy\u1ec1n mang \u0111\u1ebfn h\u01b0\u01a1ng v\u1ecb th\u01a1m ngon cho m\u00f3n \u0103n khi ch\u1ebf bi\u1ebfn.<\/p>\n<p>\u2013 S\u1ea3n ph\u1ea9m kh\u00f4ng ch\u1ee9a c\u00e1c ch\u1ea5t b\u1ea3o qu\u1ea3n \u0111\u1ed9c h\u1ea1i, \u0111\u1ea3m b\u1ea3o an to\u00e0n s\u1ee9c kh\u1ecfe cho ng\u01b0\u1eddi d\u00f9ng.<\/p>\n<p><img decoding=\"async\" class=\"wp-image-26267 aligncenter\" src=\"https:\/\/havamall.vn\/wp-content\/uploads\/2022\/04\/TH\u1ecaT-KHO-3.png\" alt=\"\" width=\"578\" height=\"578\" srcset=\"https:\/\/havamall.vn\/wp-content\/uploads\/2022\/04\/TH\u1ecaT-KHO-3.png 525w, https:\/\/havamall.vn\/wp-content\/uploads\/2022\/04\/TH\u1ecaT-KHO-3-430x430.png 430w, https:\/\/havamall.vn\/wp-content\/uploads\/2022\/04\/TH\u1ecaT-KHO-3-150x150.png 150w, https:\/\/havamall.vn\/wp-content\/uploads\/2022\/04\/TH\u1ecaT-KHO-3-300x300.png 300w, https:\/\/havamall.vn\/wp-content\/uploads\/2022\/04\/TH\u1ecaT-KHO-3-100x100.png 100w\" sizes=\"(max-width: 578px) 100vw, 578px\" \/><\/p>\n<h3><strong>H\u01af\u1edaNG D\u1eaaN S\u1eec D\u1ee4NG<\/strong><\/h3>\n<p>\u2013 H\u00f2a tan 2 vi\u00ean gia v\u1ecb v\u1edbi 3 mu\u1ed7ng n\u01b0\u1edbc \u1ea5m, \u01b0\u1edbp v\u1edbi 150gr th\u1ecbt trong kho\u1ea3ng 30 ph\u00fat<\/p>\n<p>\u2013 \u0110\u1ec3 r\u00e1o th\u1ecbt v\u00e0 chi\u00ean v\u00e0ng \u0111\u1ec1u, th\u00eam n\u01b0\u1edbc v\u1eeba x\u00e2m x\u1ea5p th\u1ecbt, \u0111un l\u1eeda nh\u1ecf \u0111\u1ebfn khi th\u1ecbt m\u1ec1m.<\/p>\n<p>\u2013 C\u00f3 th\u1ec3 cho th\u00eam ti\u00eau xay khi t\u1eaft b\u1ebfp \u0111\u1ec3 d\u1eady l\u00ean h\u01b0\u01a1ng v\u1ecb.<\/p>\n<p>Th\u00f4ng tin c\u1ea3nh b\u00e1o: Kh\u00f4ng d\u00f9ng cho ng\u01b0\u1eddi d\u1ecb \u1ee9ng v\u1edbi c\u00e1c th\u00e0nh ph\u1ea7n c\u1ee7a s\u1ea3n ph\u1ea9m. D\u00f9ng tr\u01b0\u1edbc h\u1ea1n s\u1eed d\u1ee5ng.<\/p>\n<p><img loading=\"lazy\" decoding=\"async\" class=\"alignnone wp-image-26268 aligncenter\" src=\"https:\/\/havamall.vn\/wp-content\/uploads\/2022\/04\/TH\u1ecaT-KHO-2.jpg\" alt=\"\" width=\"610\" height=\"406\" srcset=\"https:\/\/havamall.vn\/wp-content\/uploads\/2022\/04\/TH\u1ecaT-KHO-2.jpg 958w, https:\/\/havamall.vn\/wp-content\/uploads\/2022\/04\/TH\u1ecaT-KHO-2-430x286.jpg 430w, https:\/\/havamall.vn\/wp-content\/uploads\/2022\/04\/TH\u1ecaT-KHO-2-150x100.jpg 150w, https:\/\/havamall.vn\/wp-content\/uploads\/2022\/04\/TH\u1ecaT-KHO-2-700x465.jpg 700w, https:\/\/havamall.vn\/wp-content\/uploads\/2022\/04\/TH\u1ecaT-KHO-2-300x199.jpg 300w, https:\/\/havamall.vn\/wp-content\/uploads\/2022\/04\/TH\u1ecaT-KHO-2-768x511.jpg 768w, https:\/\/havamall.vn\/wp-content\/uploads\/2022\/04\/TH\u1ecaT-KHO-2-600x399.jpg 600w\" sizes=\"(max-width: 610px) 100vw, 610px\" \/><\/p>\n<p>&nbsp;<\/p>\n<div class=\"woodmart-tab-wrapper\">\n<div id=\"tab-description\" class=\"woocommerce-Tabs-panel woocommerce-Tabs-panel--description panel entry-content wc-tab\">\n<div class=\"wc-tab-inner\">\n<div class=\"\">\n<p>&nbsp;<\/p>\n<\/div>\n<\/div>\n<\/div>\n<\/div>\n<p>&nbsp;<\/p>\n<p>&nbsp;<\/p>\n<div class=\"site-content col-sm-12 content-with-products\" role=\"main\">\n<div id=\"product-26259\" class=\"single-product-page single-product-content product-design-default tabs-location-standard tabs-type-tabs meta-location-add_to_cart reviews-location-tabs product-no-bg post-26259 product type-product status-publish has-post-thumbnail product_cat-thuc-pham-tieu-dung first instock shipping-taxable product-type-simple\">\n<div class=\"product-tabs-wrapper\">\n<div class=\"container\">\n<div class=\"row\">\n<div class=\"col-sm-12 poduct-tabs-inner\">\n<div class=\"woocommerce-tabs wc-tabs-wrapper tabs-layout-tabs\">\n<div class=\"woodmart-tab-wrapper\">\n<div id=\"tab-description\" class=\"woocommerce-Tabs-panel woocommerce-Tabs-panel--description panel entry-content wc-tab\">\n<div class=\"wc-tab-inner\">\n<div class=\"\">\n<h3><\/h3>\n<\/div>\n<\/div>\n<\/div>\n<\/div>\n<div class=\"woodmart-tab-wrapper\"><\/div>\n<\/div>\n<\/div>\n<\/div>\n<\/div>\n<\/div>\n<\/div>\n<\/div>","protected":false},"excerpt":{"rendered":"<p>TH\u00d4NG TIN S\u1ea2N PH\u1ea8M Th\u01b0\u01a1ng hi\u1ec7u \u00d4ng Ch\u00e0 V\u00e0 Xu\u1ea5t x\u1ee9 Vi\u1ec7t Nam Th\u00e0nh ph\u1ea7n Mu\u1ed1i, mu\u1ed1i h\u1ed3ng Himalaya, \u0111\u01b0\u1eddng,<\/p>","protected":false},"featured_media":26269,"comment_status":"open","ping_status":"closed","template":"","meta":[],"product_brand":[],"product_cat":[36],"product_tag":[],"class_list":{"0":"post-26271","1":"product","2":"type-product","3":"status-publish","4":"has-post-thumbnail","6":"product_cat-thuc-pham-tieu-dung","7":"pa_brand-ong-cha-va","9":"first","10":"instock","11":"sale","12":"shipping-taxable","13":"purchasable","14":"product-type-simple"},"_links":{"self":[{"href":"https:\/\/havamall.vn\/en\/wp-json\/wp\/v2\/product\/26271"}],"collection":[{"href":"https:\/\/havamall.vn\/en\/wp-json\/wp\/v2\/product"}],"about":[{"href":"https:\/\/havamall.vn\/en\/wp-json\/wp\/v2\/types\/product"}],"replies":[{"embeddable":true,"href":"https:\/\/havamall.vn\/en\/wp-json\/wp\/v2\/comments?post=26271"}],"version-history":[{"count":0,"href":"https:\/\/havamall.vn\/en\/wp-json\/wp\/v2\/product\/26271\/revisions"}],"wp:featuredmedia":[{"embeddable":true,"href":"https:\/\/havamall.vn\/en\/wp-json\/wp\/v2\/media\/26269"}],"wp:attachment":[{"href":"https:\/\/havamall.vn\/en\/wp-json\/wp\/v2\/media?parent=26271"}],"wp:term":[{"taxonomy":"product_brand","embeddable":true,"href":"https:\/\/havamall.vn\/en\/wp-json\/wp\/v2\/product_brand?post=26271"},{"taxonomy":"product_cat","embeddable":true,"href":"https:\/\/havamall.vn\/en\/wp-json\/wp\/v2\/product_cat?post=26271"},{"taxonomy":"product_tag","embeddable":true,"href":"https:\/\/havamall.vn\/en\/wp-json\/wp\/v2\/product_tag?post=26271"}],"curies":[{"name":"wp","href":"https:\/\/api.w.org\/{rel}","templated":true}]}}