{"id":26247,"date":"2022-04-08T17:17:26","date_gmt":"2022-04-08T10:17:26","guid":{"rendered":"https:\/\/havamall.vn\/?post_type=product&#038;p=26247"},"modified":"2022-04-13T15:22:39","modified_gmt":"2022-04-13T08:22:39","slug":"muoi-ham-rung-sac-can-gio-ong-cha-va-200g","status":"publish","type":"product","link":"https:\/\/havamall.vn\/en\/shop\/muoi-ham-rung-sac-can-gio-ong-cha-va-200g\/","title":{"rendered":"Mu\u1ed1i H\u1ea7m R\u1eebng S\u00e1c C\u1ea7n Gi\u1edd \u00d4ng Ch\u00e0 V\u00e0 200g"},"content":{"rendered":"<p>Mu\u1ed1i H\u1ea7m R\u1eebng S\u00e1c C\u1ea7n Gi\u1edd \u00d4ng Ch\u00e0 V\u00e0\u00a0c\u00f3 th\u00e0nh ph\u1ea7n 100% mu\u1ed1i C\u1ea7n Gi\u1edd, ph\u01a1i \u1ee7 tr\u00ean 1 n\u0103m \u0111\u1ec3 gi\u1ea3m v\u1ecb \u0111\u1eafng ch\u00e1t, \u0111\u00e3 qua gia nhi\u1ec7t l\u00e0m gi\u1ea3m h\u00e0m l\u01b0\u1ee3ng kim lo\u1ea1i n\u1eb7ng c\u00f3 h\u1ea1i nh\u01b0 magie, natri.<\/p>\n<p>Mu\u1ed1i H\u1ea7m R\u1eebng S\u00e1c C\u1ea7n Gi\u1edd \u00d4ng Ch\u00e0 V\u00e0 kh\u00f4ng g\u00e2y k\u00edch th\u00edch h\u1ec7 th\u1ea7n kinh tim m\u1ea1ch nh\u01b0 mu\u1ed1i tinh ch\u1ebf (gia v\u1ecb) v\u00e0 mu\u1ed1i s\u1ed1ng, v\u00e0 khi \u0111\u01b0\u1ee3c th\u1ea9m th\u1ea5u qua m\u1ea1ch m\u00e1u n\u00f3 c\u0169ng kh\u00f4ng g\u00e2y k\u00edch th\u00edch th\u1eadn. Th\u00e0nh ph\u1ea7n h\u1eefu c\u01a1 t\u00e1ch ra kh\u1ecfi mu\u1ed1i v\u00e0 ti\u1ebfp nh\u1eadn ion, gi\u1eef v\u1eefng ki\u1ec1m t\u00ednh c\u1ee7a ch\u1ea5t d\u1ecbch trong t\u1ebf b\u00e0o.<\/p>\n<p><img fetchpriority=\"high\" decoding=\"async\" class=\"wp-image-26249 aligncenter\" src=\"https:\/\/havamall.vn\/wp-content\/uploads\/2022\/04\/024e93d99df5-300x300.png\" alt=\"\" width=\"586\" height=\"587\" srcset=\"https:\/\/havamall.vn\/wp-content\/uploads\/2022\/04\/024e93d99df5-300x300.png 300w, https:\/\/havamall.vn\/wp-content\/uploads\/2022\/04\/024e93d99df5-430x430.png 430w, https:\/\/havamall.vn\/wp-content\/uploads\/2022\/04\/024e93d99df5-150x150.png 150w, https:\/\/havamall.vn\/wp-content\/uploads\/2022\/04\/024e93d99df5-700x700.png 700w, https:\/\/havamall.vn\/wp-content\/uploads\/2022\/04\/024e93d99df5-600x600.png 600w, https:\/\/havamall.vn\/wp-content\/uploads\/2022\/04\/024e93d99df5-100x100.png 100w, https:\/\/havamall.vn\/wp-content\/uploads\/2022\/04\/024e93d99df5.png 720w\" sizes=\"(max-width: 586px) 100vw, 586px\" \/><\/p>\n<p>Mu\u1ed1i \u00d4ng Ch\u00e0 V\u00e0\u00a0c\u00f3 th\u1ec3 s\u1eed d\u1ee5ng nh\u01b0\u00a0mu\u1ed1i \u0103n\u00a0b\u00ecnh th\u01b0\u1eddng, n\u00eam n\u1ebfm m\u00f3n \u0103n, t\u1ea9m \u01b0\u1edbp, pha ch\u1ebf \u0111\u1ed3 ch\u1ea5m.\u00a0Mu\u1ed1i h\u1ea7m r\u1eebng S\u00e1c C\u1ea7n Gi\u1edd \u00d4ng Ch\u00e0 V\u00e0 h\u0169 200g\u00a0c\u00f3 th\u00e0nh ph\u1ea7n 100% mu\u1ed1i C\u1ea7n Gi\u1edd, ph\u01a1i \u1ee7 tr\u00ean 1 n\u0103m \u0111\u1ec3 gi\u1ea3m v\u1ecb \u0111\u1eafng ch\u00e1t H\u1eadu v\u1ecb m\u1eb7n, kh\u00f4ng ch\u00e1t g\u1eaft.<\/p>\n<p>Trong \u0110\u00f4ng y,\u00a0mu\u1ed1i h\u1ea7m\u00a0c\u0169ng nh\u01b0 c\u00e1c lo\u1ea1i mu\u1ed1i kh\u00e1c \u0111\u01b0\u1ee3c \u0111\u00e1nh gi\u00e1 l\u00e0\u00a0c\u00f3 v\u1ecb m\u1eb7n, t\u00ednh h\u00e0n v\u00e0 kh\u00f4ng c\u00f3 \u0111\u1ed9c.\u00a0Ch\u00fang c\u00f3\u00a0t\u00e1c d\u1ee5ng thanh t\u00e2m, t\u1ea3 h\u1ecfa, nhu\u1eadn t\u00e1o, gi\u1ea3i \u0111\u1ed9c, l\u01b0\u01a1ng huy\u1ebft\u00a0v\u00e0 d\u1eabn c\u00e1c lo\u1ea1i thu\u1ed1c kh\u00e1c v\u00e0o kinh l\u1ea1c.<\/p>\n<p>Theo th\u00f4ng tin s\u1ee9c kh\u1ecfe t\u1eeb b\u1ec7nh vi\u1ec7n qu\u1ed1c t\u1ebf Vinmec, mu\u1ed1i n\u00f3i chung v\u00e0 mu\u1ed1i h\u1ea7m n\u00f3i ri\u00eang \u0111\u1ec1u gi\u1eef vai tr\u00f2 thi\u1ebft y\u1ebfu trong vi\u1ec7c\u00a0c\u00e2n b\u1eb1ng l\u01b0\u1ee3ng n\u01b0\u1edbc trong \u2013 ngo\u00e0i t\u1ebf b\u00e0o, trong l\u00f2ng m\u1ea1ch m\u00e1u, gi\u00fap duy tr\u00ec \u00e1p l\u1ef1c th\u1ea9m th\u1ea5u, duy tr\u00ec \u0111i\u1ec7n th\u1ebf t\u1ebf b\u00e0o v\u00e0 d\u1eabn truy\u1ec1n xung \u0111\u1ed9ng th\u1ea7n kinh.<\/p>\n<p><img decoding=\"async\" class=\"wp-image-26250 aligncenter\" src=\"https:\/\/havamall.vn\/wp-content\/uploads\/2022\/04\/aeb45d63418b6b-300x239.png\" alt=\"\" width=\"578\" height=\"460\" srcset=\"https:\/\/havamall.vn\/wp-content\/uploads\/2022\/04\/aeb45d63418b6b-300x239.png 300w, https:\/\/havamall.vn\/wp-content\/uploads\/2022\/04\/aeb45d63418b6b-430x343.png 430w, https:\/\/havamall.vn\/wp-content\/uploads\/2022\/04\/aeb45d63418b6b-150x120.png 150w, https:\/\/havamall.vn\/wp-content\/uploads\/2022\/04\/aeb45d63418b6b-700x558.png 700w, https:\/\/havamall.vn\/wp-content\/uploads\/2022\/04\/aeb45d63418b6b-768x613.png 768w, https:\/\/havamall.vn\/wp-content\/uploads\/2022\/04\/aeb45d63418b6b.png 1024w, https:\/\/havamall.vn\/wp-content\/uploads\/2022\/04\/aeb45d63418b6b-600x479.png 600w\" sizes=\"(max-width: 578px) 100vw, 578px\" \/><\/p>\n<h3><strong>\u0110\u1eb7c \u0111i\u1ec3m n\u1ed5i<\/strong> <strong>b\u1eadt c\u1ee7a s\u1ea3n ph\u1ea9m:<\/strong><\/h3>\n<p>&#8211;\u00a0\u0110\u01b0\u1ee3c \u1ee7 tr\u00ean 1 n\u0103m, lo\u1ea1i b\u1ecf c\u00e1c kim lo\u1ea1i n\u1eb7ng kh\u00f4ng t\u1ed1t.Gi\u1ea3m v\u1ecb \u0111\u1eafng ch\u00e1t.<\/p>\n<p>&#8211; H\u1eadu v\u1ecb m\u1eb7n, kh\u00f4ng ch\u00e1t g\u1eaft, kh\u00f4ng b\u1ed5 sung th\u00eam th\u00e0nh ph\u1ea7n kh\u00e1c.<\/p>\n<p>&#8211; S\u1eed d\u1ee5ng nh\u01b0 mu\u1ed1i \u0103n b\u00ecnh th\u01b0\u1eddng, n\u00eam n\u1ebfm m\u00f3n \u0103n, t\u1ea9m \u01b0\u1edbp, pha ch\u1ebf \u0111\u1ed3 ch\u1ea5<\/p>\n<p>&#8211; Thi\u1ebft k\u1ebf h\u0169 PET ch\u1eafc ch\u1eafn, n\u1eafp chia l\u1ed7 &#8211; xoay ti\u1ec7n l\u1ee3i khi s\u1eed d\u1ee5ng.<\/p>\n<p><img decoding=\"async\" class=\"wp-image-26251 aligncenter\" src=\"https:\/\/havamall.vn\/wp-content\/uploads\/2022\/04\/05c570b0c-261x300.png\" alt=\"\" width=\"576\" height=\"662\" srcset=\"https:\/\/havamall.vn\/wp-content\/uploads\/2022\/04\/05c570b0c-261x300.png 261w, https:\/\/havamall.vn\/wp-content\/uploads\/2022\/04\/05c570b0c-430x494.png 430w, https:\/\/havamall.vn\/wp-content\/uploads\/2022\/04\/05c570b0c-150x172.png 150w, https:\/\/havamall.vn\/wp-content\/uploads\/2022\/04\/05c570b0c-600x690.png 600w, https:\/\/havamall.vn\/wp-content\/uploads\/2022\/04\/05c570b0c.png 642w\" sizes=\"(max-width: 576px) 100vw, 576px\" \/><\/p>\n<h3><strong>L\u1ee3i \u00edch s\u1ee9c kh\u1ecfe c\u1ee7a mu\u1ed1i h\u1ea7m:<\/strong><\/h3>\n<p>&gt; T\u1ed1t cho n\u00e3o b\u1ed9<\/p>\n<p>&gt; \u0110\u00e0o th\u1ea3i axit ra kh\u1ecfi c\u01a1 th\u1ec3<\/p>\n<p>&gt; Th\u00edch h\u1ee3p cho ng\u01b0\u1eddi th\u1eeba I-\u1ed1t<\/p>\n<p>&gt; Duy tr\u00ec huy\u1ebft \u00e1p \u1ed5n \u0111\u1ecbnh<\/p>","protected":false},"excerpt":{"rendered":"<p>Mu\u1ed1i H\u1ea7m R\u1eebng S\u00e1c C\u1ea7n Gi\u1edd \u00d4ng Ch\u00e0 V\u00e0\u00a0c\u00f3 th\u00e0nh ph\u1ea7n 100% mu\u1ed1i C\u1ea7n Gi\u1edd, ph\u01a1i \u1ee7 tr\u00ean 1 n\u0103m<\/p>","protected":false},"featured_media":26252,"comment_status":"open","ping_status":"closed","template":"","meta":[],"product_brand":[],"product_cat":[36],"product_tag":[],"class_list":{"0":"post-26247","1":"product","2":"type-product","3":"status-publish","4":"has-post-thumbnail","6":"product_cat-thuc-pham-tieu-dung","7":"pa_brand-ong-cha-va","9":"first","10":"instock","11":"sale","12":"shipping-taxable","13":"purchasable","14":"product-type-simple"},"_links":{"self":[{"href":"https:\/\/havamall.vn\/en\/wp-json\/wp\/v2\/product\/26247"}],"collection":[{"href":"https:\/\/havamall.vn\/en\/wp-json\/wp\/v2\/product"}],"about":[{"href":"https:\/\/havamall.vn\/en\/wp-json\/wp\/v2\/types\/product"}],"replies":[{"embeddable":true,"href":"https:\/\/havamall.vn\/en\/wp-json\/wp\/v2\/comments?post=26247"}],"version-history":[{"count":0,"href":"https:\/\/havamall.vn\/en\/wp-json\/wp\/v2\/product\/26247\/revisions"}],"wp:featuredmedia":[{"embeddable":true,"href":"https:\/\/havamall.vn\/en\/wp-json\/wp\/v2\/media\/26252"}],"wp:attachment":[{"href":"https:\/\/havamall.vn\/en\/wp-json\/wp\/v2\/media?parent=26247"}],"wp:term":[{"taxonomy":"product_brand","embeddable":true,"href":"https:\/\/havamall.vn\/en\/wp-json\/wp\/v2\/product_brand?post=26247"},{"taxonomy":"product_cat","embeddable":true,"href":"https:\/\/havamall.vn\/en\/wp-json\/wp\/v2\/product_cat?post=26247"},{"taxonomy":"product_tag","embeddable":true,"href":"https:\/\/havamall.vn\/en\/wp-json\/wp\/v2\/product_tag?post=26247"}],"curies":[{"name":"wp","href":"https:\/\/api.w.org\/{rel}","templated":true}]}}