{"id":26240,"date":"2022-04-08T16:56:52","date_gmt":"2022-04-08T09:56:52","guid":{"rendered":"https:\/\/havamall.vn\/?post_type=product&#038;p=26240"},"modified":"2025-10-10T15:57:10","modified_gmt":"2025-10-10T08:57:10","slug":"bot-ca-ri-ong-cha-va-70g","status":"publish","type":"product","link":"https:\/\/havamall.vn\/en\/shop\/bot-ca-ri-ong-cha-va-70g\/","title":{"rendered":"B\u1ed9t C\u00e0 Ri \u00d4ng Ch\u00e0 V\u00e0 70g"},"content":{"rendered":"<div>C\u00e0 ri l\u00e0 m\u1ed9t m\u00f3n \u0103n qu\u00e1 \u0111\u1ed7i quen thu\u1ed9c v\u1edbi ng\u01b0\u1eddi Vi\u1ec7t. S\u1ef1 k\u1ebft h\u1ee3p ho\u00e0n h\u1ea3o gi\u1eefa c\u00e1c gia v\u1ecb \u0111\u1eb7c tr\u01b0ng nh\u01b0: ngh\u1ec7, h\u1ed3i, qu\u1ebf, l\u00e1 th\u01a1m,.. quy\u1ec7n v\u1edbi s\u1ef1 th\u01a1m b\u00e9o c\u1ee7a n\u01b0\u1edbc c\u1ed1t d\u1eeba (c\u00f3 th\u1ec3 thay th\u1ebf b\u1eb1ng s\u1eefa t\u01b0\u01a1i) \u0111\u00e3 t\u1ea1o n\u00ean m\u1ed9t m\u00f3n \u0103n h\u1ea5p d\u1eabn, ngon tuy\u1ec7t.<\/div>\n<p>\u00d4ng Ch\u00e0 V\u00e0\u00a0l\u00e0 th\u01b0\u01a1ng hi\u1ec7u quen thu\u1ed9c \u0111\u1ed1i v\u1edbi ng\u01b0\u1eddi ti\u00eau d\u00f9ng Vi\u1ec7t Nam v\u1edbi c\u00e1c lo\u1ea1i gia v\u1ecb truy\u1ec1n th\u1ed1ng, \u0111\u1eadm m\u00f9i nh\u01b0\u00a0gia v\u1ecb c\u00e0 ri, b\u00f2 kho.\u00a0B\u1ed9t c\u00e0 ri \u00d4ng Ch\u00e0 V\u00e0 h\u0169 70g\u00a0l\u00e0 lo\u1ea1i gia v\u1ecb d\u1ea1ng b\u1ed9t, gi\u00fap m\u00f3n c\u00e0 ri ch\u1ebf bi\u1ebfn nhanh ch\u00f3ng h\u01a1n, mang \u0111\u1ebfn h\u01b0\u01a1ng v\u1ecb \u0111\u1eadm \u0111\u00e0 h\u01a1n.<\/p>\n<p><img fetchpriority=\"high\" decoding=\"async\" class=\"wp-image-26242 aligncenter\" src=\"https:\/\/havamall.com\/wp-content\/uploads\/2025\/10\/2b7d7f10080e-300x300.png\" alt=\"\" width=\"734\" height=\"734\" \/><\/p>\n<p>B\u1ed9t Cari \u00d4ng Ch\u00e0 V\u00e0 l\u00e0 gia v\u1ecb t\u1ea9m \u01b0\u1edbp th\u01b0\u1eddng xuy\u00ean \u0111\u01b0\u1ee3c s\u1eed d\u1ee5ng trong c\u00e1c m\u00f3n x\u00e0o, chi\u00ean, kho,\u2026.gi\u00fap t\u0103ng h\u01b0\u01a1ng v\u1ecb v\u00e0 d\u1eady l\u00ean s\u1ef1 h\u1ea5p d\u1eabn c\u1ee7a m\u00f3n \u0103n.\u00a0 S\u1ea3n ph\u1ea9m c\u00f3 d\u1ea1ng b\u1ed9t m\u1ecbn, m\u00f9i th\u01a1m \u0111\u1eb7c tr\u01b0ng, \u0111\u1ea3m b\u1ea3o an to\u00e0n v\u00ec kh\u00f4ng ch\u1ee9a th\u00e0nh ph\u1ea7n b\u1ea3o qu\u1ea3n. B\u1ed9t cari \u0111\u01b0\u1ee3c \u0111\u00f3ng trong h\u0169 nh\u1ef1a r\u1ea5t ti\u1ec7n l\u1ee3i trong vi\u1ec7c b\u1ea3o qu\u1ea3n v\u00e0 s\u1eed d\u1ee5ng s\u1ea3n ph\u1ea9m.<\/p>\n<p><img decoding=\"async\" class=\"wp-image-26243 aligncenter\" src=\"https:\/\/havamall.com\/wp-content\/uploads\/2025\/10\/2fd6ef23-c77c-300x225.png\" alt=\"\" width=\"723\" height=\"541\" \/><\/p>\n<h3 class=\"short-description\"><strong>Th\u00f4ng tin s\u1ea3n ph\u1ea9m:<\/strong><\/h3>\n<p>&#8211; Lo\u1ea1i s\u1ea3n ph\u1ea9m: B\u1ed9t c\u00e0 ri<\/p>\n<p>&#8211; Kh\u1ed1i l\u01b0\u1ee3ng: 70g<\/p>\n<p>&#8211; Th\u00e0nh ph\u1ea9n: B\u1ed9t ngh\u1ec7 40%, h\u1ea1t \u0111i\u1ec1u m\u00e0u, \u1edbt 10%, b\u1ed9t nui, mu\u1ed1i, th\u00ec l\u00e0, siron, ti\u1ec3u h\u1ed3i, \u0111\u1ea1i h\u1ed3i, x\u01a1 protein \u0111\u1eadu n\u00e0nh, qu\u1ebf, l\u00e1 c\u00e0 ri, b\u1ed9t ng\u00f2, \u0111inh h\u01b0\u01a1ng, t\u1ecfi, th\u1ea3o qu\u1ea3, ti\u00eau.<\/p>\n<p>&#8211; C\u00e1ch d\u00f9ng: D\u00f9ng \u0111\u1ec3 \u01b0\u1edbp c\u00e1c lo\u1ea1i th\u1ecbt nh\u01b0 b\u00f2, d\u00ea, g\u00e0, \u1ebfch,&#8230; v\u00e0 ch\u1ebf bi\u1ebfn c\u00e1c m\u00f3n c\u00e0 ri x\u00e0o l\u0103n, mu\u1ed1i s\u1ea3 \u1edbt, t\u1ea9m \u01b0\u1edbp l\u1eafc x\u1ea3, g\u00e0 kho g\u1eebng,&#8230;<\/p>\n<p><img decoding=\"async\" class=\"wp-image-26244 aligncenter\" src=\"https:\/\/havamall.com\/wp-content\/uploads\/2025\/10\/0a6d84f8c6c418a4229d162ec907e06b-300x169.jpg\" alt=\"\" width=\"723\" height=\"407\" \/><\/p>\n<h3><strong>H\u01b0\u1edbng d\u1eabn s\u1eed d\u1ee5ng:<\/strong><\/h3>\n<p>&gt; B\u1ea1n c\u00f3 th\u1ec3 ch\u1ebf b\u1ed9t m\u00e0u hay n\u01b0\u1edbc m\u00e0u cho m\u00f3n \u0103n b\u1eb1ng c\u00e1ch d\u00f9ng c\u00e0 ri c\u00f9ng c\u00e1c gia v\u1ecb kh\u00e1c nh\u01b0 t\u1ecfi, \u1edbt, g\u1eebng hay s\u1ea3. D\u00f9ng b\u1ed9t c\u00e0 ri \u0111\u1ec3 \u01b0\u1edbp tr\u1ef1c ti\u1ebfp \u0111\u1ec3 \u01b0\u1edbp th\u1ecbt c\u00f9ng v\u1edbi c\u00e1c lo\u1ea1i gia v\u1ecb kh\u00e1c. Sau \u0111\u00f3 \u0111\u1ec3 ch\u1eebng n\u1eeda ti\u1ebfng cho gia v\u1ecb ng\u1ea5m, c\u00e0ng \u0111\u1ec3 l\u00e2u th\u00ec khi ch\u1ebf bi\u1ebfn c\u00e0ng ngon. T\u00f9y v\u00e0o kh\u1ea9u v\u1ecb m\u00e0 c\u00f3 th\u1ec3 th\u00eam b\u1edbt b\u1ed9t c\u00e0 ri hay th\u00eam n\u01b0\u1edbc c\u1ed1t d\u1eeba.<\/p>\n<p>&gt; \u01af\u1edbp g\u00f3i b\u1ed9t C\u00e0 ri v\u1edbi c\u00e1c m\u00f3n th\u1ecbt g\u00e0, v\u1ecbt, b\u00f2, c\u1eebu, c\u00e1, h\u1ea3i s\u1ea3n, l\u01b0\u01a1n, \u1ebfch, trong v\u00f2ng 15 ph\u00fat, \u0111\u1ec3 n\u1ea5u m\u00f3n c\u00e0ry, b\u00fan l\u1eafc x\u00e0, x\u00e0o l\u0103n ho\u1eb7c mu\u1ed1i s\u1ea3 \u1edbt s\u1ebd c\u00f3 m\u00e0u s\u1eafc vang v\u00e0 m\u00f9i th\u01a1m c\u1ee7a C\u00e0 ri.<\/p>\n<p><img loading=\"lazy\" decoding=\"async\" class=\"wp-image-26245 aligncenter\" src=\"https:\/\/havamall.com\/wp-content\/uploads\/2025\/10\/Tri-viet-phat-foods-300x200.png\" alt=\"\" width=\"727\" height=\"484\" \/><\/p>","protected":false},"excerpt":{"rendered":"<p>C\u00e0 ri l\u00e0 m\u1ed9t m\u00f3n \u0103n qu\u00e1 \u0111\u1ed7i quen thu\u1ed9c v\u1edbi ng\u01b0\u1eddi Vi\u1ec7t. S\u1ef1 k\u1ebft h\u1ee3p ho\u00e0n h\u1ea3o gi\u1eefa c\u00e1c<\/p>","protected":false},"featured_media":26246,"comment_status":"open","ping_status":"closed","template":"","meta":[],"product_brand":[],"product_cat":[36],"product_tag":[],"class_list":{"0":"post-26240","1":"product","2":"type-product","3":"status-publish","4":"has-post-thumbnail","6":"product_cat-thuc-pham-tieu-dung","7":"pa_brand-ong-cha-va","9":"first","10":"outofstock","11":"sale","12":"shipping-taxable","13":"purchasable","14":"product-type-simple"},"_links":{"self":[{"href":"https:\/\/havamall.vn\/en\/wp-json\/wp\/v2\/product\/26240"}],"collection":[{"href":"https:\/\/havamall.vn\/en\/wp-json\/wp\/v2\/product"}],"about":[{"href":"https:\/\/havamall.vn\/en\/wp-json\/wp\/v2\/types\/product"}],"replies":[{"embeddable":true,"href":"https:\/\/havamall.vn\/en\/wp-json\/wp\/v2\/comments?post=26240"}],"version-history":[{"count":0,"href":"https:\/\/havamall.vn\/en\/wp-json\/wp\/v2\/product\/26240\/revisions"}],"wp:featuredmedia":[{"embeddable":true,"href":"https:\/\/havamall.vn\/en\/wp-json\/wp\/v2\/media\/26246"}],"wp:attachment":[{"href":"https:\/\/havamall.vn\/en\/wp-json\/wp\/v2\/media?parent=26240"}],"wp:term":[{"taxonomy":"product_brand","embeddable":true,"href":"https:\/\/havamall.vn\/en\/wp-json\/wp\/v2\/product_brand?post=26240"},{"taxonomy":"product_cat","embeddable":true,"href":"https:\/\/havamall.vn\/en\/wp-json\/wp\/v2\/product_cat?post=26240"},{"taxonomy":"product_tag","embeddable":true,"href":"https:\/\/havamall.vn\/en\/wp-json\/wp\/v2\/product_tag?post=26240"}],"curies":[{"name":"wp","href":"https:\/\/api.w.org\/{rel}","templated":true}]}}