{"id":26223,"date":"2022-04-08T15:18:32","date_gmt":"2022-04-08T08:18:32","guid":{"rendered":"https:\/\/havamall.vn\/?post_type=product&#038;p=26223"},"modified":"2022-04-13T15:24:06","modified_gmt":"2022-04-13T08:24:06","slug":"muoi-ot-tom-ong-cha-va-75g","status":"publish","type":"product","link":"https:\/\/havamall.vn\/en\/shop\/muoi-ot-tom-ong-cha-va-75g\/","title":{"rendered":"Mu\u1ed1i \u1edat T\u00f4m \u00d4ng Ch\u00e0 V\u00e0 60g"},"content":{"rendered":"<p>Mu\u1ed1i \u00d4ng Ch\u00e0 V\u00e0\u00a0l\u00e0 \u0111\u01b0\u1ee3c xem l\u00e0 th\u1ee9c ch\u1ea5m tuy\u1ec7t v\u1eddi cho c\u00e1c m\u00f3n tr\u00e1i c\u00e2y, rau c\u1ee7 lu\u1ed9c, h\u1ea5p&#8230; trong m\u1ed7i gia \u0111\u00ecnh.\u00a0Mu\u1ed1i \u1edbt t\u00f4m \u00d4ng Ch\u00e0 V\u00e0 h\u0169 40g\u00a0l\u00e0 mu\u1ed1i ch\u1ea5m kh\u00f4ng th\u1ec3 thi\u1ebfu cho c\u00e1c m\u00f3n tr\u00e1i c\u00e2y mi\u1ec1n nhi\u1ec7t \u0111\u1edbi, h\u1ea1t\u00a0mu\u1ed1i\u00a0to \u0111\u1eb7c tr\u01b0ng gi\u00fap s\u1ea3n ph\u1ea9m n\u1ed5i b\u1eadt so v\u1edbi c\u00e1c lo\u1ea1i mu\u1ed1i tinh th\u00f4ng th\u01b0\u1eddng.<\/p>\n<p>\u0110\u01b0\u1ee3c ch\u00ea\u0301 bi\u00ea\u0301n &amp; ch\u1ecdn l\u1ecdc t\u1eeb nh\u1eefng nguy\u00ean li\u00ea\u0323u ngon nh\u00e2\u0301t k\u00ea\u0301t h\u1ee3p v\u1edbi c\u00f4ng ngh\u00ea\u0323 ch\u00ea\u0301 bi\u00ea\u0301n b\u1eb1ng m\u00f4\u0323t b\u00ed quy\u00ea\u0301t ri\u00eang \u0111\u00e3 t\u1ea1o ra m\u00f4\u0323t s\u1ea3n ph\u00e2\u0309m mu\u00f4\u0301i t\u00f4m \u0111\u1eb7c bi\u00ea\u0323t c\u00f3 m\u00f9i th\u01a1m l\u00e2u t\u1ef1 nhi\u00ean, v\u1ecb \u0111\u00e2\u0323m \u0111\u00e0, \u0111\u00f4\u0323c \u0111\u00e1o v\u1edbi mong mu\u00f4\u0301n m\u00f4\u0303i b\u1eefa \u0103n gia \u0111\u00ecnh lu\u00f4n \u0111\u00e2\u0323m \u0111\u00e0 h\u01b0\u01a1ng v\u1ecb thu\u00e2\u0300n qu\u00ea h\u01b0\u01a1ng.<\/p>\n<p><img fetchpriority=\"high\" decoding=\"async\" class=\"wp-image-26227 aligncenter\" src=\"https:\/\/havamall.vn\/wp-content\/uploads\/2022\/04\/dfc697857ed3d-1-300x200.png\" alt=\"\" width=\"764\" height=\"510\" srcset=\"https:\/\/havamall.vn\/wp-content\/uploads\/2022\/04\/dfc697857ed3d-1-300x200.png 300w, https:\/\/havamall.vn\/wp-content\/uploads\/2022\/04\/dfc697857ed3d-1-430x287.png 430w, https:\/\/havamall.vn\/wp-content\/uploads\/2022\/04\/dfc697857ed3d-1-150x100.png 150w, https:\/\/havamall.vn\/wp-content\/uploads\/2022\/04\/dfc697857ed3d-1-700x467.png 700w, https:\/\/havamall.vn\/wp-content\/uploads\/2022\/04\/dfc697857ed3d-1-768x512.png 768w, https:\/\/havamall.vn\/wp-content\/uploads\/2022\/04\/dfc697857ed3d-1-1024x683.png 1024w, https:\/\/havamall.vn\/wp-content\/uploads\/2022\/04\/dfc697857ed3d-1-1200x800.png 1200w, https:\/\/havamall.vn\/wp-content\/uploads\/2022\/04\/dfc697857ed3d-1-600x400.png 600w\" sizes=\"(max-width: 764px) 100vw, 764px\" \/><\/p>\n<p>&nbsp;<\/p>\n<h3><strong>\u0110\u1eb7c \u0111i\u1ec3m n\u1ed5i b\u1eadt c\u1ee7a s\u1ea3n ph\u1ea9m:<\/strong><\/h3>\n<p>&#8211; Mu\u1ed1i \u1edat T\u00f4m \u00d4ng Ch\u00e0 V\u00e0 (60g) \u0111\u01b0\u1ee3c l\u00e0m t\u1eeb nh\u1eefng nguy\u00ean li\u1ec7u ho\u00e0n to\u00e0n t\u1ef1 nhi\u00ean.<\/p>\n<p>&#8211; Theo quy tr\u00ecnh ch\u1ebf bi\u1ebfn hi\u1ec7n \u0111\u1ea1i v\u00e0 kh\u00e9p k\u00edn.<\/p>\n<p>&#8211; C\u00e1c nguy\u00ean li\u1ec7u \u0111\u01b0\u1ee3c tr\u1ed3ng theo ph\u01b0\u01a1ng ph\u00e1p h\u1eefu c\u01a1 mang \u0111\u1ebfn s\u1ef1 an to\u00e0n cho ng\u01b0\u1eddi s\u1eed d\u1ee5ng.<\/p>\n<p>&#8211; Quy tr\u00ecnh s\u1ea3n xu\u1ea5t hi\u1ec7n \u0111\u1ea1i t\u1ea1o ra c\u00e1c s\u1ea3n ph\u1ea9m ch\u1ea5t l\u01b0\u1ee3ng, uy t\u00edn v\u00e0 nh\u1eadn \u0111\u01b0\u1ee3c l\u00f2ng tin t\u1eeb ng\u01b0\u1eddi ti\u00eau d\u00f9ng v\u1edbi ch\u1ea5t l\u01b0\u1ee3ng v\u01b0\u1ee3t b\u1eadc.<\/p>\n<p>&#8211; \u0110\u1ea1t ti\u00eau chu\u1ea9n an to\u00e0n v\u1ec7 sinh th\u1ef1c ph\u1ea9m.<\/p>\n<p>&#8211; S\u1ea3n ph\u1ea9m \u0111\u1ea3m b\u1ea3o l\u01b0\u1ee3ng protein.<\/p>\n<p>&#8211; Nhanh ch\u00f3ng, ti\u1ec7n l\u1ee3i v\u00e0 \u0111\u00fang v\u1ecb.<\/p>\n<p><img decoding=\"async\" class=\"wp-image-26234 aligncenter\" src=\"https:\/\/havamall.vn\/wp-content\/uploads\/2022\/04\/maxresdefault-5-300x169.png\" alt=\"\" width=\"788\" height=\"444\" srcset=\"https:\/\/havamall.vn\/wp-content\/uploads\/2022\/04\/maxresdefault-5-300x169.png 300w, https:\/\/havamall.vn\/wp-content\/uploads\/2022\/04\/maxresdefault-5-430x242.png 430w, https:\/\/havamall.vn\/wp-content\/uploads\/2022\/04\/maxresdefault-5-150x84.png 150w, https:\/\/havamall.vn\/wp-content\/uploads\/2022\/04\/maxresdefault-5-700x394.png 700w, https:\/\/havamall.vn\/wp-content\/uploads\/2022\/04\/maxresdefault-5-768x432.png 768w, https:\/\/havamall.vn\/wp-content\/uploads\/2022\/04\/maxresdefault-5-1024x576.png 1024w, https:\/\/havamall.vn\/wp-content\/uploads\/2022\/04\/maxresdefault-5-1200x675.png 1200w, https:\/\/havamall.vn\/wp-content\/uploads\/2022\/04\/maxresdefault-5-600x338.png 600w, https:\/\/havamall.vn\/wp-content\/uploads\/2022\/04\/maxresdefault-5.png 1280w\" sizes=\"(max-width: 788px) 100vw, 788px\" \/><\/p>\n<h3><strong>H\u01b0\u1edbng d\u1eabn s\u1eed d\u1ee5ng:<\/strong><\/h3>\n<p>&gt; Ngo\u00e0i vi\u1ec7c l\u00e0m gia v\u1ecb ch\u1ea5m, mu\u1ed1i \u1edbt t\u00f4m c\u00f2n c\u00f3 th\u1ec3 s\u1eed d\u1ee5ng cho vi\u1ec7c \u01b0\u1edbp n\u01b0\u1edbng nh\u01b0: h\u1ea3i s\u1ea3n, th\u1ecbt b\u00f2, th\u1ecbt d\u00ea, c\u00e1,..<\/p>\n<p>&gt; \u01af\u1edbp l\u01b0\u1ee3ng mu\u1ed1i \u1edbt t\u00f4m\u00a0v\u1eeba \u0111\u1ee7 tr\u1ef1c ti\u1ebfp v\u00e0o nguy\u00ean li\u1ec7u (th\u1ecbt, c\u00e1,..) b\u1ea1n \u0111\u00e3 chu\u1ea9n b\u1ecb, tr\u1ed9n \u0111\u1ec1u, b\u1ea3o qu\u1ea3n trong ng\u0103n m\u00e1t kho\u1ea3ng 30 &#8211; 45 ph\u00fat.<\/p>\n<h3><img decoding=\"async\" class=\"aligncenter\" src=\"https:\/\/havamall.vn\/wp-content\/uploads\/2022\/04\/519man-ha-noi.jpg\" alt=\"Nu\u1ed1t d\u1ecb v\u1eadt c\u00f3 sao kh\u00f4ng?\" width=\"774\" height=\"484\" \/><\/h3>\n<h3><strong>G\u1ee3i \u00fd m\u1ed9t s\u1ed1 m\u00f3n ngon t\u1eeb mu\u1ed1i \u1edbt t\u00f4m:<\/strong><\/h3>\n<ul>\n<li>\n<h5><strong><em>Mu\u1ed1i ch\u1ea5m hoa qu\u1ea3 tuy\u1ec7t v\u1eddi<\/em><\/strong><\/h5>\n<\/li>\n<\/ul>\n<p>H\u00e3y th\u1eed v\u1edbi c\u00e1c lo\u1ea1i tr\u00e1i c\u00e2y t\u01b0\u01a1i nh\u01b0 xo\u00e0i, c\u00f3c, \u1ed5i, d\u1ee9a (th\u01a1m), b\u01b0\u1edfi, m\u1eadn, d\u01b0a h\u1ea5u\u2026 Mu\u1ed1i t\u00f4m gi\u00fap l\u00e0m t\u0103ng th\u00eam v\u1ecb ngon ng\u1ecdt c\u1ee7a c\u00e1c lo\u1ea1i tr\u00e1i c\u00e2y.<\/p>\n<ul>\n<li>\n<h5><strong><em>Mu\u1ed1i ch\u1ea5m rau c\u1ee7 t\u01b0\u01a1i c\u1ef1c b\u1eaft<\/em><\/strong><\/h5>\n<\/li>\n<\/ul>\n<p>H\u00e3y th\u1eed v\u1edbi c\u00e1c lo\u1ea1i rau c\u1ee7 nh\u01b0 d\u01b0a leo (d\u01b0a chu\u1ed9t), c\u00e0 r\u1ed1t, c\u1ee7 \u0111\u1eadu (c\u1ee7 s\u1eafn)\u2026<\/p>\n<ul>\n<li>\n<h5><strong><em>C\u00f9ng l\u00e0m salad v\u1edbi mu\u1ed1i \u1edbt t\u00f4m:<\/em><\/strong><\/h5>\n<\/li>\n<\/ul>\n<p>C\u00e1c m\u00f3n Xo\u00e0i l\u1eafc mu\u1ed1i \u1edbt t\u00f4m, m\u1eadn l\u1eafc mu\u1ed1i \u1edbt t\u00f4m ch\u1eafc ch\u1eafn l\u00e0 c\u00e1c\u00a0m\u00f3n \u0103n nhanhkhi\u1ebfn cho c\u00e1c c\u00f4 g\u00e1i kh\u00f4ng th\u1ec3 ch\u1ed1i t\u1eeb.<\/p>\n<ul>\n<li>\n<h5><strong><em>L\u00e0m m\u00f3n b\u00e1nh tr\u00e1ng tr\u1ed9n \u0111\u01a1n gi\u1ea3n t\u1ea1i nh\u00e0<\/em><\/strong><\/h5>\n<\/li>\n<\/ul>\n<p>Cho b\u00e1nh tr\u00e1ng c\u1eaft s\u1ee3i v\u00e0o m\u1ed9t t\u00f4 l\u1edbn c\u00f9ng v\u1edbi \u0111\u1eadu ph\u1ed9ng, xo\u00e0i b\u00e0o (th\u00e1i s\u1ee3i), b\u00f2 kh\u00f4, m\u1ef1c kh\u00f4, rau r\u0103m, \u00edt sate, d\u1ea7u \u0103n ho\u1eb7c n\u01b0\u1edbc c\u1ee7a sate, \u00edt x\u00ec d\u1ea7u, 1 mu\u1ed7ng mu\u1ed1i \u1edbt t\u00f4m \u00d4ng Ch\u00e0 V\u00e0, 2 mu\u1ed7ng m\u1ee1 h\u00e0nh, 2 mu\u1ed7ng h\u00e0nh phi v\u00e0 n\u01b0\u1edbc c\u1ed1t t\u1eafc.<\/p>\n<p><img loading=\"lazy\" decoding=\"async\" class=\"wp-image-26229 aligncenter\" src=\"https:\/\/havamall.vn\/wp-content\/uploads\/2022\/04\/muoi-tom-tay-ninh-dh-foods-60g-48-4-org-300x225.jpg\" alt=\"\" width=\"732\" height=\"549\" srcset=\"https:\/\/havamall.vn\/wp-content\/uploads\/2022\/04\/muoi-tom-tay-ninh-dh-foods-60g-48-4-org-300x225.jpg 300w, https:\/\/havamall.vn\/wp-content\/uploads\/2022\/04\/muoi-tom-tay-ninh-dh-foods-60g-48-4-org-430x323.jpg 430w, https:\/\/havamall.vn\/wp-content\/uploads\/2022\/04\/muoi-tom-tay-ninh-dh-foods-60g-48-4-org-150x113.jpg 150w, https:\/\/havamall.vn\/wp-content\/uploads\/2022\/04\/muoi-tom-tay-ninh-dh-foods-60g-48-4-org-700x525.jpg 700w, https:\/\/havamall.vn\/wp-content\/uploads\/2022\/04\/muoi-tom-tay-ninh-dh-foods-60g-48-4-org-768x576.jpg 768w, https:\/\/havamall.vn\/wp-content\/uploads\/2022\/04\/muoi-tom-tay-ninh-dh-foods-60g-48-4-org.jpg 1024w, https:\/\/havamall.vn\/wp-content\/uploads\/2022\/04\/muoi-tom-tay-ninh-dh-foods-60g-48-4-org-600x450.jpg 600w\" sizes=\"(max-width: 732px) 100vw, 732px\" \/><\/p>","protected":false},"excerpt":{"rendered":"<p>Mu\u1ed1i \u00d4ng Ch\u00e0 V\u00e0\u00a0l\u00e0 \u0111\u01b0\u1ee3c xem l\u00e0 th\u1ee9c ch\u1ea5m tuy\u1ec7t v\u1eddi cho c\u00e1c m\u00f3n tr\u00e1i c\u00e2y, rau c\u1ee7 lu\u1ed9c, h\u1ea5p&#8230;<\/p>","protected":false},"featured_media":26230,"comment_status":"open","ping_status":"closed","template":"","meta":[],"product_brand":[],"product_cat":[36],"product_tag":[],"class_list":{"0":"post-26223","1":"product","2":"type-product","3":"status-publish","4":"has-post-thumbnail","6":"product_cat-thuc-pham-tieu-dung","7":"pa_brand-ong-cha-va","9":"first","10":"instock","11":"sale","12":"shipping-taxable","13":"purchasable","14":"product-type-simple"},"_links":{"self":[{"href":"https:\/\/havamall.vn\/en\/wp-json\/wp\/v2\/product\/26223"}],"collection":[{"href":"https:\/\/havamall.vn\/en\/wp-json\/wp\/v2\/product"}],"about":[{"href":"https:\/\/havamall.vn\/en\/wp-json\/wp\/v2\/types\/product"}],"replies":[{"embeddable":true,"href":"https:\/\/havamall.vn\/en\/wp-json\/wp\/v2\/comments?post=26223"}],"version-history":[{"count":0,"href":"https:\/\/havamall.vn\/en\/wp-json\/wp\/v2\/product\/26223\/revisions"}],"wp:featuredmedia":[{"embeddable":true,"href":"https:\/\/havamall.vn\/en\/wp-json\/wp\/v2\/media\/26230"}],"wp:attachment":[{"href":"https:\/\/havamall.vn\/en\/wp-json\/wp\/v2\/media?parent=26223"}],"wp:term":[{"taxonomy":"product_brand","embeddable":true,"href":"https:\/\/havamall.vn\/en\/wp-json\/wp\/v2\/product_brand?post=26223"},{"taxonomy":"product_cat","embeddable":true,"href":"https:\/\/havamall.vn\/en\/wp-json\/wp\/v2\/product_cat?post=26223"},{"taxonomy":"product_tag","embeddable":true,"href":"https:\/\/havamall.vn\/en\/wp-json\/wp\/v2\/product_tag?post=26223"}],"curies":[{"name":"wp","href":"https:\/\/api.w.org\/{rel}","templated":true}]}}