{"id":26104,"date":"2022-03-29T10:41:54","date_gmt":"2022-03-29T03:41:54","guid":{"rendered":"https:\/\/havamall.vn\/?post_type=product&#038;p=26104"},"modified":"2022-03-29T13:37:59","modified_gmt":"2022-03-29T06:37:59","slug":"mu-tat-my-golden-farm-250g-american-mustard","status":"publish","type":"product","link":"https:\/\/havamall.vn\/en\/shop\/mu-tat-my-golden-farm-250g-american-mustard\/","title":{"rendered":"M\u00f9 T\u1ea1t M\u1ef9 Golden Farm 250g &#8211; American Mustard"},"content":{"rendered":"<h3><strong>TH\u00d4NG TIN S\u1ea2N PH\u1ea8M<\/strong><\/h3>\n<table>\n<tbody>\n<tr>\n<td>Th\u01b0\u01a1ng hi\u1ec7u<\/td>\n<td>Golden Farm<\/td>\n<\/tr>\n<tr>\n<td>Xu\u1ea5t x\u1ee9<\/td>\n<td>Vi\u1ec7t Nam<\/td>\n<\/tr>\n<tr>\n<td>Th\u00e0nh ph\u1ea7n<\/td>\n<td>M\u00f9 t\u1ea1t v\u00e0nh, n\u01b0\u1edbc, mu\u1ed1i, gi\u1ea5m, \u0111\u01b0\u1eddng m\u00eda, ngh\u1ec7, \u1edbt, l\u00e1 nguy\u1ec7t qu\u1ebf,&#8230;<\/td>\n<\/tr>\n<tr>\n<td>H\u1ea1n s\u1eed d\u1ee5ng<\/td>\n<td>24 th\u00e1ng k\u1ec3 t\u1eeb ng\u00e0y s\u1ea3n xu\u1ea5t.<\/td>\n<\/tr>\n<tr>\n<td>B\u1ea3o qu\u1ea3n<\/td>\n<td>\u0110\u1ec3 n\u01a1i kh\u00f4 r\u00e1o, tho\u00e1ng m\u00e1t, tr\u00e1nh \u00e1nh n\u1eafng tr\u1ef1c ti\u1ebfp<\/td>\n<\/tr>\n<tr>\n<td>Kh\u1ed1i l\u01b0\u1ee3ng t\u1ecbnh<\/td>\n<td>250g<\/td>\n<\/tr>\n<\/tbody>\n<\/table>\n<p>S\u1ed1t\u00a0M\u00f9 T\u1ea1t M\u1ef9 Golden Farm\u00a0\u0111\u1eb7c tr\u01b0ng v\u1edbi h\u01b0\u01a1ng th\u01a1m t\u1ef1 nhi\u00ean, t\u1eebng g\u1ecdt x\u1ed1t \u0111\u1eadm \u0111\u00e0 v\u1edbi v\u1ecb cay nh\u1eb9, kh\u00f4ng ch\u1ec9 kh\u1eed m\u00f9i tanh c\u1ee7a th\u1ecbt c\u00e1 m\u00e0 c\u00f2n k\u00edch th\u00edch \u0111\u01b0\u1ee3c v\u1ecb gi\u00e1c, gi\u00fap cho m\u00f3n \u0103n c\u1ee7a b\u1ea1n th\u00eam th\u01a1m ngon kh\u00f3 c\u01b0\u1ee1ng.<\/p>\n<p><strong><img fetchpriority=\"high\" decoding=\"async\" class=\"wp-image-26105 aligncenter\" src=\"https:\/\/havamall.vn\/wp-content\/uploads\/2022\/03\/imag1-300x300.jpg\" alt=\"\" width=\"771\" height=\"771\" srcset=\"https:\/\/havamall.vn\/wp-content\/uploads\/2022\/03\/imag1-300x300.jpg 300w, https:\/\/havamall.vn\/wp-content\/uploads\/2022\/03\/imag1-430x430.jpg 430w, https:\/\/havamall.vn\/wp-content\/uploads\/2022\/03\/imag1-150x150.jpg 150w, https:\/\/havamall.vn\/wp-content\/uploads\/2022\/03\/imag1-700x700.jpg 700w, https:\/\/havamall.vn\/wp-content\/uploads\/2022\/03\/imag1-768x768.jpg 768w, https:\/\/havamall.vn\/wp-content\/uploads\/2022\/03\/imag1-1024x1024.jpg 1024w, https:\/\/havamall.vn\/wp-content\/uploads\/2022\/03\/imag1.jpg 1200w, https:\/\/havamall.vn\/wp-content\/uploads\/2022\/03\/imag1-600x600.jpg 600w, https:\/\/havamall.vn\/wp-content\/uploads\/2022\/03\/imag1-100x100.jpg 100w\" sizes=\"(max-width: 771px) 100vw, 771px\" \/><\/strong><\/p>\n<p>S\u1ed1t M\u00f9 T\u1ea1t M\u1ef9 Golden Farm\u00a0v\u1edbi chi\u1ebft xu\u1ea5t t\u1eeb m\u00f9 t\u1ea1t v\u00e0ng, k\u1ebft h\u1ee3p h\u00e0i h\u00f2a c\u00f9ng c\u00e1c lo\u1ea1i gia v\u1ecb t\u1ef1 nhi\u00ean, \u0111\u01b0\u1ee3c c\u00e2n ch\u1ec9nh ho\u00e0n h\u1ea3o v\u1ec1 m\u00f9i v\u1ecb, l\u00e0 nguy\u00ean li\u1ec7u l\u00fd t\u01b0\u1edfng \u0111\u1ec3 ch\u1ebf bi\u1ebfn nhi\u1ec1u m\u00f3n \u0103n ngon v\u00e0 l\u00e0m x\u1ed1t ch\u1ea5m.<\/p>\n<p>M\u00f9 t\u1ea1t M\u1ef9 Golden Farm c\u00f3 th\u1ec3 gi\u00fap t\u0103ng h\u01b0\u01a1ng v\u1ecb trong b\u1eefa \u0103n c\u1ee7a b\u1ea1n. B\u1ea1n c\u00f3 th\u1ec3 ch\u1ec9 c\u1ea7n th\u00eam m\u1ed9t th\u00eca trong khi n\u1ea5u th\u1ecbt v\u00e0 rau c\u1ee7a m\u00ecnh b\u1eb1ng c\u00e1ch \u01b0\u1edbp ho\u1eb7c tr\u00e1ng men, v\u00e0 b\u1ea1n th\u1eadm ch\u00ed c\u00f3 th\u1ec3 s\u1eed d\u1ee5ng Mustard Dijon trong c\u00e1c m\u00f3n tr\u00e1ng mi\u1ec7ng.<\/p>\n<p><img decoding=\"async\" class=\"wp-image-26106 aligncenter\" src=\"https:\/\/havamall.vn\/wp-content\/uploads\/2022\/03\/wholesomeyum-dijon--300x300.jpg\" alt=\"\" width=\"767\" height=\"768\" srcset=\"https:\/\/havamall.vn\/wp-content\/uploads\/2022\/03\/wholesomeyum-dijon--300x300.jpg 300w, https:\/\/havamall.vn\/wp-content\/uploads\/2022\/03\/wholesomeyum-dijon--430x430.jpg 430w, https:\/\/havamall.vn\/wp-content\/uploads\/2022\/03\/wholesomeyum-dijon--150x150.jpg 150w, https:\/\/havamall.vn\/wp-content\/uploads\/2022\/03\/wholesomeyum-dijon--700x700.jpg 700w, https:\/\/havamall.vn\/wp-content\/uploads\/2022\/03\/wholesomeyum-dijon--768x768.jpg 768w, https:\/\/havamall.vn\/wp-content\/uploads\/2022\/03\/wholesomeyum-dijon--1024x1024.jpg 1024w, https:\/\/havamall.vn\/wp-content\/uploads\/2022\/03\/wholesomeyum-dijon-.jpg 1200w, https:\/\/havamall.vn\/wp-content\/uploads\/2022\/03\/wholesomeyum-dijon--600x600.jpg 600w, https:\/\/havamall.vn\/wp-content\/uploads\/2022\/03\/wholesomeyum-dijon--100x100.jpg 100w\" sizes=\"(max-width: 767px) 100vw, 767px\" \/><\/p>\n<p>M\u00f9 t\u1ea1t r\u1ea5t gi\u00e0u glucosinolate v\u00e0 ch\u1ea5t ch\u1ed1ng oxy h\u00f3a m\u1ea1nh m\u1ebd, c\u1ea3 hai \u0111\u1ec1u gi\u00fap t\u0103ng c\u01b0\u1eddng s\u1ee9c kh\u1ecfe v\u00e0 c\u00f3 th\u1ec3 b\u1ea3o v\u1ec7 ch\u1ed1ng l\u1ea1i c\u00e1c b\u1ec7nh kh\u00e1c nhau.Th\u00f3i quen \u0103n u\u1ed1ng \u0111a d\u1ea1ng c\u00f3 xu h\u01b0\u1edbng gi\u00fap tr\u1ebb kh\u1ecfe m\u1ea1nh h\u01a1n, tr\u1ebb nh\u1ecf l\u00e0m quen v\u1edbi h\u01b0\u01a1ng v\u1ecb m\u1edbi c\u00f3 th\u1ec3 gi\u00fap ph\u00e1t tri\u1ec3n kh\u1ea9u v\u1ecb c\u1ee7a tr\u1ebb. Dijon Mustard pha v\u1edbi m\u1ed9t ch\u00fat m\u1eadt ong c\u00f3 th\u1ec3 l\u00e0m cho rau ngon h\u01a1n v\u00e0 gi\u00fap tr\u1ebb nh\u1ecf \u0103n rau d\u1ec5 d\u00e0ng h\u01a1n.<\/p>\n<p>S\u1ea3n ph\u1ea9m \u0111\u01b0\u1ee3c s\u1ea3n xu\u1ea5t tr\u00ean d\u00e2y chuy\u1ec1n kh\u00e9p k\u00edn v\u1edbi c\u00f4ng ngh\u1ec7 hi\u1ec7n \u0111\u1ea1i t\u1eeb Ch\u00e2u \u00c2u, nh\u00e0 m\u00e1y \u0111\u1ea1t ch\u1ee9ng nh\u1eadn Qu\u1ed1c T\u1ebf ISO 22000:2018, \u0111\u1ea3m b\u1ea3o mang \u0111\u1ebfn cho ng\u01b0\u1eddi ti\u00eau d\u00f9ng s\u1ea3n ph\u1ea9m ch\u1ea5t l\u01b0\u1ee3ng t\u1ed1t nh\u1ea5t.<\/p>\n<p><img decoding=\"async\" class=\"wp-image-26107 aligncenter\" src=\"https:\/\/havamall.vn\/wp-content\/uploads\/2022\/03\/Seitan--257x300.png\" alt=\"\" width=\"760\" height=\"887\" srcset=\"https:\/\/havamall.vn\/wp-content\/uploads\/2022\/03\/Seitan--257x300.png 257w, https:\/\/havamall.vn\/wp-content\/uploads\/2022\/03\/Seitan--430x501.png 430w, https:\/\/havamall.vn\/wp-content\/uploads\/2022\/03\/Seitan--150x175.png 150w, https:\/\/havamall.vn\/wp-content\/uploads\/2022\/03\/Seitan--700x816.png 700w, https:\/\/havamall.vn\/wp-content\/uploads\/2022\/03\/Seitan--768x895.png 768w, https:\/\/havamall.vn\/wp-content\/uploads\/2022\/03\/Seitan--878x1024.png 878w, https:\/\/havamall.vn\/wp-content\/uploads\/2022\/03\/Seitan-.png 1200w, https:\/\/havamall.vn\/wp-content\/uploads\/2022\/03\/Seitan--600x700.png 600w\" sizes=\"(max-width: 760px) 100vw, 760px\" \/><\/p>\n<h3><strong>C\u00f4ng d\u1ee5ng c\u1ee7a m\u00f9 t\u1ea1t:<\/strong><\/h3>\n<p>\u2013 Mustard v\u1edbi c\u00e1c l\u1ee3i \u00edch s\u1ee9c kh\u1ecfe, t\u1eeb gi\u1ea3m l\u01b0\u1ee3ng \u0111\u01b0\u1eddng trong m\u00e1u \u0111\u1ebfn t\u0103ng c\u01b0\u1eddng b\u1ea3o v\u1ec7 kh\u1ecfi nhi\u1ec5m tr\u00f9ng v\u00e0 b\u1ec7nh t\u1eadt.<\/p>\n<p>\u2013 Lo\u1ea1i gia v\u1ecb \u00edt calo n\u00e0y l\u00e0 m\u1ed9t c\u00e1ch \u0111\u01a1n gi\u1ea3n \u0111\u1ec3 b\u1ed5 sung m\u1ed9t l\u01b0\u1ee3ng s\u1eaft, canxi, selen v\u00e0 ph\u1ed1t pho v\u00e0o b\u1eefa \u0103n c\u1ee7a b\u1ea1n<\/p>\n<p>\u2013 Mustard c\u00f3 th\u1ec3 b\u1ea3o v\u1ec7 ch\u1ed1ng l\u1ea1i vi khu\u1ea9n, n\u1ea5m v\u00e0 c\u00e1c t\u1ebf b\u00e0o ung th\u01b0, c\u0169ng nh\u01b0 gi\u1ea3m vi\u00eam v\u00e0 l\u01b0\u1ee3ng \u0111\u01b0\u1eddng trong m\u00e1u.<\/p>\n<p>\u2013 Khi t\u1ea1o ra d\u1ea7u gi\u1ea5m, Dijon Mustard ho\u1ea1t \u0111\u1ed9ng nh\u01b0 m\u1ed9t ch\u1ea5t k\u1ebft d\u00ednh gi\u1eefa d\u1ea7u \u00f4 liu v\u00e0 gi\u1ea5m, t\u1ea1o cho n\u00f3 m\u1ed9t k\u1ebft c\u1ea5u th\u01a1m ngon, m\u1ecbn m\u00e0ng.<\/p>\n<p><img loading=\"lazy\" decoding=\"async\" class=\"wp-image-21019 aligncenter\" src=\"https:\/\/havamall.vn\/wp-content\/uploads\/2021\/07\/gf-1-300x169.png\" alt=\"\" width=\"751\" height=\"422\" srcset=\"https:\/\/havamall.vn\/wp-content\/uploads\/2021\/07\/gf-1-300x169.png 300w, https:\/\/havamall.vn\/wp-content\/uploads\/2021\/07\/gf-1-430x242.png 430w, https:\/\/havamall.vn\/wp-content\/uploads\/2021\/07\/gf-1-150x84.png 150w, https:\/\/havamall.vn\/wp-content\/uploads\/2021\/07\/gf-1-700x394.png 700w, https:\/\/havamall.vn\/wp-content\/uploads\/2021\/07\/gf-1-768x432.png 768w, https:\/\/havamall.vn\/wp-content\/uploads\/2021\/07\/gf-1-1024x576.png 1024w, https:\/\/havamall.vn\/wp-content\/uploads\/2021\/07\/gf-1-1200x675.png 1200w, https:\/\/havamall.vn\/wp-content\/uploads\/2021\/07\/gf-1-600x338.png 600w, https:\/\/havamall.vn\/wp-content\/uploads\/2021\/07\/gf-1.png 2000w\" sizes=\"(max-width: 751px) 100vw, 751px\" \/><\/p>\n<h3><strong>H\u01b0\u1edbng d\u1eabn s\u1eed d\u1ee5ng:<\/strong><\/h3>\n<p>\u2013 S\u1ea3n ph\u1ea9m \u0111\u01b0\u1ee3c d\u00f9ng tr\u1ef1c ti\u1ebfp ho\u1eb7c pha c\u00f9ng v\u1edbi chanh, d\u1ea5m t\u1ea1o n\u00ean h\u01b0\u01a1ng v\u1ecb \u0111\u1eb7c bi\u1ec7t c\u1ee7a n\u01b0\u1edbc ch\u1ea5m cho c\u00e1c m\u00f3n x\u00fac x\u00edch, th\u1ecbt n\u01b0\u1edbng, g\u1ecfi c\u00e1, t\u00f4m, h\u1ea3i s\u1ea3n\u2026<\/p>\n<p>\u2013 L\u00fd t\u01b0\u1edfng khi \u0103n v\u1edbi c\u00e1c m\u00f3n x\u00fac x\u00edch, b\u00edt t\u1ebft, th\u1ecbt n\u01b0\u1edbng, tr\u1ed9n salad, b\u00e1nh m\u1ef3. Kh\u00f4ng n\u00ean tr\u1ed9n m\u00f9 t\u1ea1t v\u1edbi n\u01b0\u1edbc n\u00f3ng v\u00ec th\u00e0nh ph\u1ea7n enzyme t\u1ea1o m\u00f9i trong \u0111\u00f3 s\u1ebd b\u1ecb ph\u00e2n h\u1ee7y \u1edf nhi\u1ec7t \u0111\u1ed9 cao. N\u00ean tr\u1ed9n v\u1edbi chanh ho\u1eb7c gi\u1ea5m, v\u1ecb m\u00f9 t\u1ea1t s\u1ebd ngon h\u01a1n<\/p>\n<p>\u2013 N\u01b0\u1edbc s\u1ed1t m\u00f9 t\u1ea1t v\u00e0ng Probios c\u00f2n \u0111\u01b0\u1ee3c s\u1eed d\u1ee5ng \u0111\u1ec3 ch\u1ea5m b\u00e1nh m\u00ec sandwich,\u00a0b\u00e1nh quy v\u00e0 b\u00e1nh hamburger.<\/p>","protected":false},"excerpt":{"rendered":"<p>TH\u00d4NG TIN S\u1ea2N PH\u1ea8M Th\u01b0\u01a1ng hi\u1ec7u Golden Farm Xu\u1ea5t x\u1ee9 Vi\u1ec7t Nam Th\u00e0nh ph\u1ea7n M\u00f9 t\u1ea1t v\u00e0nh, n\u01b0\u1edbc, mu\u1ed1i, gi\u1ea5m,<\/p>","protected":false},"featured_media":26108,"comment_status":"open","ping_status":"closed","template":"","meta":[],"product_brand":[],"product_cat":[36],"product_tag":[],"class_list":{"0":"post-26104","1":"product","2":"type-product","3":"status-publish","4":"has-post-thumbnail","6":"product_cat-thuc-pham-tieu-dung","7":"pa_brand-golden-farm","9":"first","10":"instock","11":"sale","12":"shipping-taxable","13":"purchasable","14":"product-type-simple"},"_links":{"self":[{"href":"https:\/\/havamall.vn\/en\/wp-json\/wp\/v2\/product\/26104"}],"collection":[{"href":"https:\/\/havamall.vn\/en\/wp-json\/wp\/v2\/product"}],"about":[{"href":"https:\/\/havamall.vn\/en\/wp-json\/wp\/v2\/types\/product"}],"replies":[{"embeddable":true,"href":"https:\/\/havamall.vn\/en\/wp-json\/wp\/v2\/comments?post=26104"}],"version-history":[{"count":0,"href":"https:\/\/havamall.vn\/en\/wp-json\/wp\/v2\/product\/26104\/revisions"}],"wp:featuredmedia":[{"embeddable":true,"href":"https:\/\/havamall.vn\/en\/wp-json\/wp\/v2\/media\/26108"}],"wp:attachment":[{"href":"https:\/\/havamall.vn\/en\/wp-json\/wp\/v2\/media?parent=26104"}],"wp:term":[{"taxonomy":"product_brand","embeddable":true,"href":"https:\/\/havamall.vn\/en\/wp-json\/wp\/v2\/product_brand?post=26104"},{"taxonomy":"product_cat","embeddable":true,"href":"https:\/\/havamall.vn\/en\/wp-json\/wp\/v2\/product_cat?post=26104"},{"taxonomy":"product_tag","embeddable":true,"href":"https:\/\/havamall.vn\/en\/wp-json\/wp\/v2\/product_tag?post=26104"}],"curies":[{"name":"wp","href":"https:\/\/api.w.org\/{rel}","templated":true}]}}