{"id":26098,"date":"2022-03-29T09:41:49","date_gmt":"2022-03-29T02:41:49","guid":{"rendered":"https:\/\/havamall.vn\/?post_type=product&#038;p=26098"},"modified":"2022-03-29T13:39:09","modified_gmt":"2022-03-29T06:39:09","slug":"sot-bbq-texas-nuong-cham-300g-goldn-farm-bbq-steak-sauce","status":"publish","type":"product","link":"https:\/\/havamall.vn\/en\/shop\/sot-bbq-texas-nuong-cham-300g-goldn-farm-bbq-steak-sauce\/","title":{"rendered":"S\u1ed1t BBQ Texas N\u01b0\u1edbng &amp; Ch\u1ea5m 300g Goldn Farm &#8211; BBQ &amp; Steak Sauce"},"content":{"rendered":"<h3><strong>TH\u00d4NG TIN S\u1ea2N PH\u1ea8M<\/strong><\/h3>\n<table>\n<tbody>\n<tr>\n<td>Th\u01b0\u01a1ng hi\u1ec7u<\/td>\n<td>Golden Farm<\/td>\n<\/tr>\n<tr>\n<td>Xu\u1ea5t x\u1ee9<\/td>\n<td>Vi\u1ec7t Nam<\/td>\n<\/tr>\n<tr>\n<td>Th\u00e0nh ph\u1ea7n<\/td>\n<td>Tr\u00e1i me, c\u1ee7 h\u00e0nh t\u00e2y, c\u00e0 chua, tr\u00e1i th\u01a1m, \u0111\u01b0\u1eddng m\u00eda, mu\u1ed1i, ti\u00eau, tr\u00e1i \u1edbt, l\u00e1 kinh gi\u1edbi, gi\u1ea5m l\u00ean men,&#8230;<\/td>\n<\/tr>\n<tr>\n<td>H\u1ea1n s\u1eed d\u1ee5ng<\/td>\n<td>24 th\u00e1ng k\u1ec3 t\u1eeb ng\u00e0y s\u1ea3n xu\u1ea5t.<\/td>\n<\/tr>\n<tr>\n<td>B\u1ea3o qu\u1ea3n<\/td>\n<td>\u0110\u1ec3 n\u01a1i kh\u00f4 r\u00e1o, tho\u00e1ng m\u00e1t, tr\u00e1nh \u00e1nh n\u1eafng tr\u1ef1c ti\u1ebfp<\/td>\n<\/tr>\n<tr>\n<td>Kh\u1ed1i l\u01b0\u1ee3ng t\u1ecbnh<\/td>\n<td>300g<\/td>\n<\/tr>\n<\/tbody>\n<\/table>\n<p>Golden Farm l\u00e0 th\u01b0\u01a1ng hi\u1ec7u n\u1ed5i ti\u1ebfng trong n\u01b0\u1edbc v\u1ec1 s\u1ea3n xu\u1ea5t siro, n\u01b0\u1edbc tr\u00e1i c\u00e2y. V\u1edbi ti\u00eau ch\u00ed an to\u00e0n, b\u1ed5 d\u01b0\u1ee1ng, ti\u1ec7n l\u1ee3i, ch\u1ea5t l\u01b0\u1ee3ng theo ti\u00eau chu\u1ea9n qu\u1ed1c t\u1ebf, m\u1eabu m\u00e3 bao b\u00ec h\u1ea5p d\u1eabn c\u0169ng nh\u01b0 gi\u00e1 c\u1ea3 ph\u00f9 h\u1ee3p n\u00ean \u0111\u01b0\u1ee3c c\u00e1c ch\u1ee7 qu\u00e1n tin d\u00f9ng. C\u00f4ng ty Golden Farm chuy\u00ean s\u1ea3n xu\u1ea5t c\u00e1c th\u1ef1c ph\u1ea9m qu\u1ed1c t\u1ebf nh\u01b0: m\u1ee9t tr\u00e1i c\u00e2y, b\u01a1 \u0111\u1eadu ph\u1ed9ng, x\u1ed1t salat, t\u01b0\u01a1ng c\u00e0, th\u1ef1c ph\u1ea9m dinh d\u01b0\u1ee1ng, siro,\u1edbt l\u00ean men, s\u1ed1t th\u1ecbt n\u01b0\u1edbng BBQ\u2026 ch\u1ea5t l\u01b0\u1ee3ng theo ti\u00eau chu\u1ea9n qu\u1ed1c t\u1ebf, m\u1eabu m\u00e3 bao b\u00ec h\u1ea5p d\u1eabn v\u00e0 gi\u00e1 c\u1ea3 ph\u00f9 h\u1ee3p.<\/p>\n<p><img fetchpriority=\"high\" decoding=\"async\" class=\"wp-image-26100 aligncenter\" src=\"https:\/\/havamall.vn\/wp-content\/uploads\/2022\/03\/Untitle-300x158.png\" alt=\"\" width=\"728\" height=\"384\" srcset=\"https:\/\/havamall.vn\/wp-content\/uploads\/2022\/03\/Untitle-300x158.png 300w, https:\/\/havamall.vn\/wp-content\/uploads\/2022\/03\/Untitle-430x226.png 430w, https:\/\/havamall.vn\/wp-content\/uploads\/2022\/03\/Untitle-150x79.png 150w, https:\/\/havamall.vn\/wp-content\/uploads\/2022\/03\/Untitle-700x368.png 700w, https:\/\/havamall.vn\/wp-content\/uploads\/2022\/03\/Untitle-600x315.png 600w\" sizes=\"(max-width: 728px) 100vw, 728px\" \/><\/p>\n<p>X\u00f4\u0301t \u01af\u01a1\u0301p Va\u0300 Ch\u00e2\u0301m Thi\u0323t N\u01b0\u01a1\u0301ng Golden Farm n\u00f4\u0309i b\u00e2\u0323t v\u01a1\u0301i h\u01b0\u01a1ng kho\u0301i Hickory t\u01b0\u0323 nhi\u00ean, \u0111\u1eb7c tr\u01b0ng phong c\u00e1ch \u1ea9m th\u1ef1c Texas, t\u1eebng gi\u1ecdt x\u1ed1t s\u00e1nh quy\u1ec7n, gi\u00fap cho m\u00f3n th\u1ecbt n\u01b0\u1edbng m\u1ec1m th\u01a1m th\u1ea5m v\u1ecb.<\/p>\n<p>X\u1ed1t BBQ \u01af\u1edbp V\u00e0 Ch\u1ea5m Th\u1ecbt N\u01b0\u1edbng Golden Farm \u0111\u01b0\u1ee3c l\u00e0m t\u1eeb n\u01b0\u1edbc c\u1ed1t me, c\u00e0 chua, th\u01a1m h\u00f2a quy\u1ec7n c\u00f9ng c\u00e1c lo\u1ea1i gia v\u1ecb t\u1ef1 nhi\u00ean nh\u01b0 l\u00e1 kinh gi\u1edbi, h\u00e0nh T\u00e2y, \u1edbt t\u01b0\u01a1i,\u2026an to\u00e0n cho s\u1ee9c kh\u1ecfe. X\u1ed1t BBQ \u01af\u1edbp V\u00e0 Ch\u1ea5m Th\u1ecbt N\u01b0\u1edbng Golden Farm mang \u0111\u1ebfn s\u1ef1 ti\u1ec7n g\u1ecdn, \u0111\u01a1n gi\u1ea3n, gi\u00fap b\u1ea1n d\u1ec5 d\u00e0ng ch\u1ebf bi\u1ebfn m\u00f3n BBQ chu\u1ea9n v\u1ecb ngay t\u1ea1i nh\u00e0.<\/p>\n<p><img decoding=\"async\" class=\"wp-image-26101 aligncenter\" src=\"https:\/\/havamall.vn\/wp-content\/uploads\/2022\/03\/2020_05_24_easy_no_fail_bbq_ribs_2-296x300.png\" alt=\"\" width=\"729\" height=\"739\" srcset=\"https:\/\/havamall.vn\/wp-content\/uploads\/2022\/03\/2020_05_24_easy_no_fail_bbq_ribs_2-296x300.png 296w, https:\/\/havamall.vn\/wp-content\/uploads\/2022\/03\/2020_05_24_easy_no_fail_bbq_ribs_2-430x435.png 430w, https:\/\/havamall.vn\/wp-content\/uploads\/2022\/03\/2020_05_24_easy_no_fail_bbq_ribs_2-150x152.png 150w, https:\/\/havamall.vn\/wp-content\/uploads\/2022\/03\/2020_05_24_easy_no_fail_bbq_ribs_2-700x709.png 700w, https:\/\/havamall.vn\/wp-content\/uploads\/2022\/03\/2020_05_24_easy_no_fail_bbq_ribs_2-768x777.png 768w, https:\/\/havamall.vn\/wp-content\/uploads\/2022\/03\/2020_05_24_easy_no_fail_bbq_ribs_2-1012x1024.png 1012w, https:\/\/havamall.vn\/wp-content\/uploads\/2022\/03\/2020_05_24_easy_no_fail_bbq_ribs_2-600x607.png 600w, https:\/\/havamall.vn\/wp-content\/uploads\/2022\/03\/2020_05_24_easy_no_fail_bbq_ribs_2-100x100.png 100w, https:\/\/havamall.vn\/wp-content\/uploads\/2022\/03\/2020_05_24_easy_no_fail_bbq_ribs_2.png 1067w\" sizes=\"(max-width: 729px) 100vw, 729px\" \/><\/p>\n<p>S\u1ea3n ph\u1ea9m \u0111\u01b0\u1ee3c s\u1ea3n xu\u1ea5t tr\u00ean d\u00e2y chuy\u1ec1n kh\u00e9p k\u00edn v\u1edbi c\u00f4ng ngh\u1ec7 hi\u1ec7n \u0111\u1ea1i t\u1eeb Ch\u00e2u \u00c2u, nh\u00e0 m\u00e1y \u0111\u1ea1t ch\u1ee9ng nh\u1eadn Qu\u1ed1c T\u1ebf ISO 22000:2018, \u0111\u1ea3m b\u1ea3o mang \u0111\u1ebfn cho ng\u01b0\u1eddi ti\u00eau d\u00f9ng s\u1ea3n ph\u1ea9m ch\u1ea5t l\u01b0\u1ee3ng t\u1ed1t nh\u1ea5t.<\/p>\n<h3><strong>\u0110\u1eb7c \u0111i\u1ec3m n\u1ed5i b\u1eadt c\u1ee7a s\u1ea3n ph\u1ea9m:<\/strong><\/h3>\n<p>&gt; H\u01b0\u01a1ng v\u1ecb \u0111\u1eadm \u0111\u00e0, h\u01b0\u01a1ng kh\u00f3i Hickory t\u1ef1 nhi\u00ean \u0111\u1eb7c tr\u01b0ng phong c\u00e1ch \u1ea9m th\u1ef1c Texas l\u1eebng danh.<\/p>\n<p>&gt; Bi\u1ebfn t\u1ea5u d\u1ec5 d\u00e0ng, v\u1eeba c\u00f3 th\u1ec3 \u01b0\u1edbp, ph\u1ebft th\u1ecbt n\u01b0\u1edbng v\u1eeba c\u00f3 th\u1ec3 l\u00e0m x\u1ed1t ch\u1ea5m.<\/p>\n<p>&gt; Cho b\u1ea1n th\u01b0\u1edfng th\u1ee9c m\u00f3n th\u1ecbt n\u01b0\u1edbng ho\u00e0n h\u1ea3o ngay t\u1ea1i nh\u00e0 m\u00e0 v\u1ecb ngon kh\u00f4ng h\u1ec1 k\u00e9m so v\u1edbi nh\u00e0 h\u00e0ng.<\/p>\n<h3><img decoding=\"async\" class=\"wp-image-26102 aligncenter\" src=\"https:\/\/havamall.vn\/wp-content\/uploads\/2022\/03\/244642002_2959054307668258_538286087255037606_n-300x300.png\" alt=\"\" width=\"743\" height=\"743\" srcset=\"https:\/\/havamall.vn\/wp-content\/uploads\/2022\/03\/244642002_2959054307668258_538286087255037606_n-300x300.png 300w, https:\/\/havamall.vn\/wp-content\/uploads\/2022\/03\/244642002_2959054307668258_538286087255037606_n-430x430.png 430w, https:\/\/havamall.vn\/wp-content\/uploads\/2022\/03\/244642002_2959054307668258_538286087255037606_n-150x150.png 150w, https:\/\/havamall.vn\/wp-content\/uploads\/2022\/03\/244642002_2959054307668258_538286087255037606_n-700x700.png 700w, https:\/\/havamall.vn\/wp-content\/uploads\/2022\/03\/244642002_2959054307668258_538286087255037606_n-768x768.png 768w, https:\/\/havamall.vn\/wp-content\/uploads\/2022\/03\/244642002_2959054307668258_538286087255037606_n-1024x1024.png 1024w, https:\/\/havamall.vn\/wp-content\/uploads\/2022\/03\/244642002_2959054307668258_538286087255037606_n-1200x1199.png 1200w, https:\/\/havamall.vn\/wp-content\/uploads\/2022\/03\/244642002_2959054307668258_538286087255037606_n-600x600.png 600w, https:\/\/havamall.vn\/wp-content\/uploads\/2022\/03\/244642002_2959054307668258_538286087255037606_n-100x100.png 100w, https:\/\/havamall.vn\/wp-content\/uploads\/2022\/03\/244642002_2959054307668258_538286087255037606_n.png 2048w\" sizes=\"(max-width: 743px) 100vw, 743px\" \/><\/h3>\n<h3><strong>H\u01b0\u1edbng d\u1eabn s\u1eed d\u1ee5ng:<\/strong><\/h3>\n<p>&#8211; Cho 2 mu\u1ed7ng canh x\u1ed1t, 100g th\u1ecbt b\u00f2, heo ho\u1eb7c c\u1eebu c\u1eaft mi\u1ebfng v\u1eeba \u0103n, \u0111em \u01b0\u1edbp 1 ti\u1ebfng, n\u01b0\u1edbng v\u00e0ng 2 m\u1eb7t, ph\u1ebft th\u00eam 1 l\u1edbp x\u1ed1t khi th\u1ecbt v\u1eeba ch\u00edn t\u1edbi v\u00e0 th\u01b0\u1edfng th\u1ee9c.<\/p>\n<p>&#8211; D\u00f9ng l\u00e0m x\u1ed1t ch\u1ea5m c\u00f9ng c\u00e1c th\u1ecbt ho\u1eb7c h\u1ea3i s\u1ea3n n\u01b0\u1edbng.<\/p>\n<p>S\u1ea3n ph\u1ea9m hi\u1ec7n \u0111\u00e3 c\u00f3 m\u1eb7t t\u1ea1i Havamall.<\/p>","protected":false},"excerpt":{"rendered":"<p>TH\u00d4NG TIN S\u1ea2N PH\u1ea8M Th\u01b0\u01a1ng hi\u1ec7u Golden Farm Xu\u1ea5t x\u1ee9 Vi\u1ec7t Nam Th\u00e0nh ph\u1ea7n Tr\u00e1i me, c\u1ee7 h\u00e0nh t\u00e2y, c\u00e0<\/p>","protected":false},"featured_media":26103,"comment_status":"open","ping_status":"closed","template":"","meta":[],"product_brand":[],"product_cat":[36],"product_tag":[],"class_list":{"0":"post-26098","1":"product","2":"type-product","3":"status-publish","4":"has-post-thumbnail","6":"product_cat-thuc-pham-tieu-dung","7":"pa_brand-golden-farm","9":"first","10":"instock","11":"sale","12":"shipping-taxable","13":"purchasable","14":"product-type-simple"},"_links":{"self":[{"href":"https:\/\/havamall.vn\/en\/wp-json\/wp\/v2\/product\/26098"}],"collection":[{"href":"https:\/\/havamall.vn\/en\/wp-json\/wp\/v2\/product"}],"about":[{"href":"https:\/\/havamall.vn\/en\/wp-json\/wp\/v2\/types\/product"}],"replies":[{"embeddable":true,"href":"https:\/\/havamall.vn\/en\/wp-json\/wp\/v2\/comments?post=26098"}],"version-history":[{"count":0,"href":"https:\/\/havamall.vn\/en\/wp-json\/wp\/v2\/product\/26098\/revisions"}],"wp:featuredmedia":[{"embeddable":true,"href":"https:\/\/havamall.vn\/en\/wp-json\/wp\/v2\/media\/26103"}],"wp:attachment":[{"href":"https:\/\/havamall.vn\/en\/wp-json\/wp\/v2\/media?parent=26098"}],"wp:term":[{"taxonomy":"product_brand","embeddable":true,"href":"https:\/\/havamall.vn\/en\/wp-json\/wp\/v2\/product_brand?post=26098"},{"taxonomy":"product_cat","embeddable":true,"href":"https:\/\/havamall.vn\/en\/wp-json\/wp\/v2\/product_cat?post=26098"},{"taxonomy":"product_tag","embeddable":true,"href":"https:\/\/havamall.vn\/en\/wp-json\/wp\/v2\/product_tag?post=26098"}],"curies":[{"name":"wp","href":"https:\/\/api.w.org\/{rel}","templated":true}]}}