{"id":26029,"date":"2022-03-25T15:37:57","date_gmt":"2022-03-25T08:37:57","guid":{"rendered":"https:\/\/havamall.vn\/?post_type=product&#038;p=26029"},"modified":"2025-03-19T10:38:11","modified_gmt":"2025-03-19T03:38:11","slug":"pho-mai-soi-emmental-paysan-breton-70g-emmental-cheese","status":"publish","type":"product","link":"https:\/\/havamall.vn\/en\/shop\/pho-mai-soi-emmental-paysan-breton-70g-emmental-cheese\/","title":{"rendered":"Ph\u00f4 Mai B\u00e0o S\u1ee3i Emmental Paysan Breton 70g &#8211; Emmental Cheese"},"content":{"rendered":"<h3><strong>TH\u00d4NG TIN S\u1ea2N PH\u1ea8M<\/strong><\/h3>\n<table>\n<tbody>\n<tr>\n<td>Th\u01b0\u01a1ng hi\u1ec7u<\/td>\n<td>Paysan Breton<\/td>\n<\/tr>\n<tr>\n<td>Xu\u1ea5t x\u1ee9<\/td>\n<td>Ph\u00e1p<\/td>\n<\/tr>\n<tr>\n<td>Th\u00e0nh ph\u1ea7n<\/td>\n<td>S\u1eefa b\u00f2 thanh tr\u00f9ng, mu\u1ed1i, men lactic<\/td>\n<\/tr>\n<tr>\n<td>H\u1ea1n s\u1eed d\u1ee5ng<\/td>\n<td>12 th\u00e1ng k\u1ec3 t\u1eeb ng\u00e0y s\u1ea3n xu\u1ea5t.<\/td>\n<\/tr>\n<tr>\n<td>B\u1ea3o qu\u1ea3n<\/td>\n<td>B\u1ea3o qu\u1ea3n \u1edf nhi\u1ec7t \u0111\u1ed9 4 \u2013 8 \u0111\u1ed9 C<\/td>\n<\/tr>\n<tr>\n<td>Kh\u1ed1i l\u01b0\u1ee3ng t\u1ecbnh<\/td>\n<td>70g<\/td>\n<\/tr>\n<\/tbody>\n<\/table>\n<p>Paysan Breton \u2013 L\u00e0 th\u01b0\u01a1ng hi\u1ec7u n\u1ed5i ti\u1ebfng l\u00e2u \u0111\u1eddi c\u1ee7a v\u00f9ng Brittany n\u01b0\u1edbc Ph\u00e1p v\u1edbi s\u1ea3n ph\u1ea9m \u0111a d\u1ea1ng. T\u1ef1 h\u00e0o v\u1ec1 ngu\u1ed3n g\u1ed1c v\u00e0 di s\u1ea3n k\u1ebf th\u1eeba, th\u01b0\u01a1ng hi\u1ec7u cung c\u1ea5p nh\u1eefng s\u1ea3n ph\u1ea9m t\u1eeb s\u1eefa v\u1edbi ch\u1ea5t l\u01b0\u1ee3ng tuy\u1ec7t h\u1ea3o. Gi\u00e1 tr\u1ecb s\u1ea3n ph\u1ea9m c\u00f3 \u0111\u01b0\u1ee3c t\u1eeb nguy\u00ean li\u1ec7u s\u1eefa thu t\u1eeb c\u00e1c n\u00f4ng tr\u1ea1i trong h\u1ec7 th\u1ed1ng. K\u1ebf \u0111\u1ebfn l\u00e0 c\u00f4ng th\u1ee9c ch\u1ebf bi\u1ebfn v\u00e0 s\u1ef1 tu\u00e2n th\u1ee7 ch\u1eb7t ch\u1ebd quy tr\u00ecnh s\u1ea3n xu\u1ea5t. S\u1ea3n ph\u1ea9m c\u1ee7a Paysan Breton l\u00e0 s\u1ef1 k\u1ebft h\u1ee3p gi\u1eefa s\u1ef1 m\u1ed9c m\u1ea1c v\u00e0 h\u01b0\u01a1ng v\u1ecb thu\u1ea7n khi\u1ebft c\u1ee7a v\u00f9ng Brittany; bao g\u1ed3m s\u1eefa t\u01b0\u01a1i, b\u01a1, c\u00e1c lo\u1ea1i ph\u00f4 mai v\u00e0 b\u00e1nh crepe. V\u1edbi h\u01b0\u01a1ng v\u1ecb th\u01a1m ngon, \u0111\u1ed9 \u0111\u1ea1m cao v\u00e0 b\u1ed5 sung ch\u1ea5t x\u01a1, s\u1eefa t\u01b0\u01a1i Paysan Breton l\u00e0 s\u1ea3n ph\u1ea9m b\u00e1n ch\u1ea1y v\u00e0 \u0111\u01b0\u1ee3c nhi\u1ec1u ng\u01b0\u1eddi ti\u00eau d\u00f9ng t\u00ecm mua.<\/p>\n<p><img fetchpriority=\"high\" decoding=\"async\" class=\"wp-image-26040 aligncenter\" src=\"https:\/\/havamall.vn\/wp-content\/uploads\/2025\/03\/Brunch-Paysan-Breton_Credits-Photo-Virginie-Fouquet_Droits-LAITA_PAYSAN-BRETON_BD_2019_nouveauxpacks_1240x780-300x151.png\" alt=\"\" width=\"762\" height=\"384\" \/><\/p>\n<p>Ph\u00f4 mai L&#8217; Emmental Paysan Breton ch\u1ee9a men vi sinh, r\u1ea5t c\u00f3 l\u1ee3i cho \u0111\u01b0\u1eddng ti\u00eau h\u00f3a, gi\u00fap b\u00e9 h\u1ea5p thu th\u1ee9c \u0103n t\u1ed1t h\u01a1n v\u00e0 c\u1ea3i thi\u1ec7n s\u1ee9c kh\u1ecfe. S\u1ea3n ph\u1ea9m Ph\u00f4 mai L&#8217; Emmental Paysan Breton \u0111\u01b0\u1ee3c s\u1ea3n xu\u1ea5t theo c\u00f4ng th\u1ee9c \u0111\u1eb7c bi\u1ec7t mang l\u1ea1i h\u01b0\u01a1ng v\u1ecb \u0111\u1eb7c tr\u01b0ng th\u01a1m ngon c\u1ee7a s\u1eefa. Nh\u1eefng s\u1ea3n ph\u1ea9m t\u1eeb s\u1eefa n\u00f3i chung v\u00e0 ph\u00f4 mai n\u00f3i ri\u00eang cung c\u1ea5p vitamin A v\u00e0 D phong ph\u00fa. Vitamin A gi\u00fap duy tr\u00ec s\u1ee9c kh\u1ecfe, t\u0103ng c\u01b0\u1eddng h\u1ec7 th\u1ed1ng mi\u1ec5n d\u1ecbch, s\u1ea3n xu\u1ea5t t\u1ebf b\u00e0o m\u00e1u \u0111\u1ecf.<\/p>\n<p><img decoding=\"async\" class=\"wp-image-26041 aligncenter\" src=\"https:\/\/havamall.vn\/wp-content\/uploads\/2025\/03\/98376749387292-f7991886-48b7-4a0c-a139-cf907a2fb3d0-Baguette-farcie-flammekueche-emmental-bio-pack-Cre-dit-photo-Virginie-Fouquet-Droit-Laita-Paysan-Breton-2021-carre-300x300.png\" alt=\"\" width=\"757\" height=\"757\" \/><\/p>\n<p>Canxi v\u00e0 ph\u1ed1t pho trong ph\u00f4 mai gi\u00fap h\u1ed7 tr\u1ee3 t\u0103ng tr\u01b0\u1edfng, x\u00e2y d\u1ef1ng h\u1ec7 r\u0103ng v\u00e0 x\u01b0\u01a1ng ph\u00e1t tri\u1ec3n, l\u00e0m gi\u1ea3m nguy c\u01a1 m\u1eafc b\u1ec7nh lo\u00e3ng x\u01b0\u01a1ng. Protein l\u00e0 th\u00e0nh ph\u1ea7n ch\u00ednh c\u1ee7a t\u1ebf b\u00e0o c\u01a1 th\u1ec3 gi\u00fap x\u00e2y d\u1ef1ng t\u1ebf b\u00e0o kh\u1ecfe m\u1ea1nh, r\u1ea5t t\u1ed1t cho s\u1ee9c kh\u1ecfe c\u1ee7a tr\u1ebb em. B\u1ea1n c\u00f3 th\u1ec3 d\u00f9ng ph\u00f4 mai tr\u1ef1c ti\u1ebfp ho\u1eb7c ch\u1ebf bi\u1ebfn th\u00e0nh c\u00e1c m\u00f3n \u0103n t\u00f9y \u00fd theo kh\u1ea9u v\u1ecb c\u1ee7a tr\u1ebb.<\/p>\n<p>V\u1edbi s\u1ee3i ph\u00f4 mai \u0111\u00e3 \u0111\u01b0\u1ee3c b\u00e0o m\u1ecbn, ph\u00f4 mai Emmental \u0111\u01b0\u1ee3c s\u1eed d\u1ee5ng \u0111\u1ec3 r\u1eafc l\u00ean c\u00e1c m\u00f3n nh\u01b0 pizza, m\u00ec \u1ed1ng ho\u1eb7c k\u1ebft h\u1ee3p nh\u01b0 1 nguy\u00ean li\u1ec7u v\u1edbi b\u00e1nh m\u00ec, tr\u1ee9ng tr\u00e1ng, n\u01b0\u1edbc s\u1ed1t. V\u1edbi h\u01b0\u01a1ng v\u1ecb ngon ng\u1ecdt, ph\u00f4 mai s\u1ee3i Emmental c\u1ee7a Paysan Breton s\u1ebd mang \u0111\u1ebfn cho b\u1ea1n nh\u1eefng m\u00f3n \u0103n th\u01a1m ngon \u0111\u1eb7c bi\u1ec7t.<\/p>\n<p><img decoding=\"async\" class=\"wp-image-26042 aligncenter\" src=\"https:\/\/havamall.vn\/wp-content\/uploads\/2025\/03\/Gratedemmental_3_1200x-300x300.png\" alt=\"\" width=\"764\" height=\"764\" \/><\/p>\n<h3><strong>H\u01b0\u1edbng d\u1eabn s\u1eed d\u1ee5ng:<\/strong><\/h3>\n<p>\u2013 ph\u00f4 mai Emmental b\u00e0o s\u1ee3i l\u00e0 l\u1ef1a ch\u1ecdn l\u00fd t\u01b0\u1edfng \u0111\u1ec3 l\u00e0m c\u00e1c m\u00f3n \u0111\u00fat l\u00f2, ho\u1eb7c c\u00e1c m\u00f3n ki\u1ec3u \u00dd, c\u0169ng c\u00f3 th\u1ec3 d\u00f9ng k\u00e8m v\u1edbi c\u00e1c lo\u1ea1i s\u1ed1t \u0103n v\u1edbi b\u00e1nh m\u00ec n\u01b0\u1edbng, \u0111\u1ed3 \u0103n nh\u1eb9, sandwiches, b\u00e1nh quy,\u2026t\u1ea1o n\u00ean h\u01b0\u01a1ng v\u1ecb ng\u1ecdt ng\u00e0o v\u00e0 b\u00e9o ng\u1eady cho c\u00e1c m\u00f3n b\u00e1nh ng\u1ecdt v\u00e0 kem.<\/p>\n<p>\u2013 L\u00e0 th\u00e0nh ph\u1ea7n kh\u00f4ng th\u1ec3 thi\u1ebfu trong c\u00e1c m\u00f3n pizza. Sau khi n\u01b0\u1edbng ph\u00f4 mai s\u1ebd ch\u1ea3y ra v\u00e0 t\u1ea1o th\u00e0nh nh\u1eefng s\u1ee3i ph\u00f4 mai dai v\u00e0 k\u1ebft d\u00ednh.<\/p>\n<p>\u2013 \u0110\u01b0\u1ee3c s\u1eed d\u1ee5ng \u0111\u1ec3 r\u1eafc l\u00ean c\u00e1c m\u00f3n nh\u01b0 m\u00ec \u1ed1ng ho\u1eb7c k\u1ebft h\u1ee3p nh\u01b0 1 nguy\u00ean li\u1ec7u v\u1edbi b\u00e1nh m\u00ec, tr\u1ee9ng tr\u00e1ng, n\u01b0\u1edbc s\u1ed1t, \u2026<\/p>\n<p><img loading=\"lazy\" decoding=\"async\" class=\"wp-image-26043 aligncenter\" src=\"https:\/\/havamall.vn\/wp-content\/uploads\/2025\/03\/nhung-net-dac-sac-cua-banh-pizza-am-thuc-nuoc-y-1569905483472_2201092-1170x779-300x200.png\" alt=\"\" width=\"773\" height=\"516\" \/><\/p>","protected":false},"excerpt":{"rendered":"<p>TH\u00d4NG TIN S\u1ea2N PH\u1ea8M Th\u01b0\u01a1ng hi\u1ec7u Paysan Breton Xu\u1ea5t x\u1ee9 Ph\u00e1p Th\u00e0nh ph\u1ea7n S\u1eefa b\u00f2 thanh tr\u00f9ng, mu\u1ed1i, men lactic<\/p>","protected":false},"featured_media":26044,"comment_status":"open","ping_status":"closed","template":"","meta":[],"product_brand":[],"product_cat":[255,671,275,36],"product_tag":[],"class_list":{"0":"post-26029","1":"product","2":"type-product","3":"status-publish","4":"has-post-thumbnail","6":"product_cat-nguyen-lieu-lam-banh","7":"product_cat-nhap-khau-phap","8":"product_cat-thuc-pham-dong-lanh","9":"product_cat-thuc-pham-tieu-dung","11":"first","12":"instock","13":"sale","14":"shipping-taxable","15":"purchasable","16":"product-type-simple"},"_links":{"self":[{"href":"https:\/\/havamall.vn\/en\/wp-json\/wp\/v2\/product\/26029"}],"collection":[{"href":"https:\/\/havamall.vn\/en\/wp-json\/wp\/v2\/product"}],"about":[{"href":"https:\/\/havamall.vn\/en\/wp-json\/wp\/v2\/types\/product"}],"replies":[{"embeddable":true,"href":"https:\/\/havamall.vn\/en\/wp-json\/wp\/v2\/comments?post=26029"}],"version-history":[{"count":0,"href":"https:\/\/havamall.vn\/en\/wp-json\/wp\/v2\/product\/26029\/revisions"}],"wp:featuredmedia":[{"embeddable":true,"href":"https:\/\/havamall.vn\/en\/wp-json\/wp\/v2\/media\/26044"}],"wp:attachment":[{"href":"https:\/\/havamall.vn\/en\/wp-json\/wp\/v2\/media?parent=26029"}],"wp:term":[{"taxonomy":"product_brand","embeddable":true,"href":"https:\/\/havamall.vn\/en\/wp-json\/wp\/v2\/product_brand?post=26029"},{"taxonomy":"product_cat","embeddable":true,"href":"https:\/\/havamall.vn\/en\/wp-json\/wp\/v2\/product_cat?post=26029"},{"taxonomy":"product_tag","embeddable":true,"href":"https:\/\/havamall.vn\/en\/wp-json\/wp\/v2\/product_tag?post=26029"}],"curies":[{"name":"wp","href":"https:\/\/api.w.org\/{rel}","templated":true}]}}